{"id":31551,"date":"2025-02-14T11:33:42","date_gmt":"2025-02-14T10:33:42","guid":{"rendered":"https:\/\/inti.hr\/product\/kupaonski-stup-koji-stedi-prostor-20x20x180cm\/"},"modified":"2025-02-14T11:33:42","modified_gmt":"2025-02-14T10:33:42","slug":"kupaonski-stup-koji-stedi-prostor-20x20x180cm","status":"publish","type":"product","link":"https:\/\/inti.hr\/bs\/proizvod\/kupaonski-stup-koji-stedi-prostor-20x20x180cm\/","title":{"rendered":"Kupaonski stup koji \u0161tedi prostor 20x20x180cm"},"content":{"rendered":"<p>Pojedinosti o proizvodu:<br \/>\nMaterijal: MDF, akrilni lak<br \/>\nVeli\u010dina proizvoda: L20*D20*H180cm (vidi sliku).<br \/>\nTe\u017eina: 14,1 kg. Nosivost do 25 kg.<br \/>\nVeli\u010dina i te\u017eina paketa: 110.00*26.50*16.00cm , 13.9kg<br \/>\nS uputama za monta\u017eu i vijcima, jednostavna monta\u017ea<br \/>\nOvaj proizvod je razvijen i ispitan za ku\u0107nu upotrebu.<\/p>\n","protected":false},"excerpt":{"rendered":"<p>Ormar koji \u0161tedi prostor, idealan za kuhinju ili kupaonicu. Lako se &#8230; <\/p>\n","protected":false},"featured_media":31552,"template":"","meta":[],"product_cat":[2392],"product_tag":[2994,3010],"yoast_head":"<!-- This site is optimized with the Yoast SEO plugin v23.7 - https:\/\/yoast.com\/wordpress\/plugins\/seo\/ -->\n<title>Kupaonski stup koji \u0161tedi prostor 20x20x180cm - Inti<\/title>\n<meta name=\"description\" content=\"Ormar koji \u0161tedi prostor, idealan za kuhinju ili kupaonicu. Lako se postavlja izme\u0111u dva komada namje\u0161taja, to\u010dno tamo gdje imate neiskori\u0161ten prostor.Sa svojih 20 cm \u0161irine mo\u017ee se koristiti bilo gdje.Idealno rje\u0161enje za iskori\u0161tavanje neiskori\u0161tenog prostora izme\u0111u dva komada namje\u0161taja ili izme\u0111u komada namje\u0161taja i zida kupaonice.S visokim i jednostavnim ormari\u0107em kona\u010dno \u0107ete imati dovoljno prostora za odlaganje stvari u kupaonici i odr\u017eavanje urednog izgleda.Unutra, ovaj ormari\u0107 nudi dovoljno prostora za pohranjivanje deterd\u017eenta, proizvoda za \u010di\u0161\u0107enje, pribora i ostalih kupaonskih potrep\u0161tina.Ovaj kupaonski stup ne samo da stvara dovoljno prostora za pohranjivanje stvari koje su vam potrebne za svakodnevnu njegu, ve\u0107 i svojim atraktivnim dizajnom prenosi doma\u0107u atmosferu u va\u0161u kupaonicu.\" \/>\n<meta name=\"robots\" content=\"index, follow, max-snippet:-1, max-image-preview:large, max-video-preview:-1\" \/>\n<link rel=\"canonical\" href=\"https:\/\/inti.hr\/bs\/proizvod\/kupaonski-stup-koji-stedi-prostor-20x20x180cm\/\" \/>\n<meta property=\"og:locale\" content=\"bs_BA\" \/>\n<meta property=\"og:type\" content=\"article\" \/>\n<meta property=\"og:title\" content=\"Kupaonski stup koji \u0161tedi prostor 20x20x180cm - Inti\" \/>\n<meta property=\"og:description\" content=\"Ormar koji \u0161tedi prostor, idealan za kuhinju ili kupaonicu. Lako se postavlja izme\u0111u dva komada namje\u0161taja, to\u010dno tamo gdje imate neiskori\u0161ten prostor.Sa svojih 20 cm \u0161irine mo\u017ee se koristiti bilo gdje.Idealno rje\u0161enje za iskori\u0161tavanje neiskori\u0161tenog prostora izme\u0111u dva komada namje\u0161taja ili izme\u0111u komada namje\u0161taja i zida kupaonice.S visokim i jednostavnim ormari\u0107em kona\u010dno \u0107ete imati dovoljno prostora za odlaganje stvari u kupaonici i odr\u017eavanje urednog izgleda.Unutra, ovaj ormari\u0107 nudi dovoljno prostora za pohranjivanje deterd\u017eenta, proizvoda za \u010di\u0161\u0107enje, pribora i ostalih kupaonskih potrep\u0161tina.Ovaj kupaonski stup ne samo da stvara dovoljno prostora za pohranjivanje stvari koje su vam potrebne za svakodnevnu njegu, ve\u0107 i svojim atraktivnim dizajnom prenosi doma\u0107u atmosferu u va\u0161u kupaonicu.\" \/>\n<meta property=\"og:url\" content=\"https:\/\/inti.hr\/bs\/proizvod\/kupaonski-stup-koji-stedi-prostor-20x20x180cm\/\" \/>\n<meta property=\"og:site_name\" content=\"Inti\" \/>\n<meta property=\"og:image\" content=\"https:\/\/i0.wp.com\/inti.hr\/wp-content\/uploads\/2025\/02\/BZR34-SH-S002_1800x1800.webp?fit=1600%2C1600&ssl=1\" \/>\n\t<meta property=\"og:image:width\" content=\"1600\" \/>\n\t<meta property=\"og:image:height\" content=\"1600\" \/>\n\t<meta property=\"og:image:type\" content=\"image\/webp\" \/>\n<meta name=\"twitter:card\" content=\"summary_large_image\" \/>\n<meta name=\"twitter:label1\" content=\"Est. reading time\" \/>\n\t<meta name=\"twitter:data1\" content=\"1 minuta\" \/>\n<script type=\"application\/ld+json\" class=\"yoast-schema-graph\">{\"@context\":\"https:\/\/schema.org\",\"@graph\":[{\"@type\":\"WebPage\",\"@id\":\"https:\/\/inti.hr\/bs\/proizvod\/kupaonski-stup-koji-stedi-prostor-20x20x180cm\/\",\"url\":\"https:\/\/inti.hr\/bs\/proizvod\/kupaonski-stup-koji-stedi-prostor-20x20x180cm\/\",\"name\":\"Kupaonski stup koji \u0161tedi prostor 20x20x180cm - Inti\",\"isPartOf\":{\"@id\":\"https:\/\/inti.hr\/bs\/#website\"},\"primaryImageOfPage\":{\"@id\":\"https:\/\/inti.hr\/bs\/proizvod\/kupaonski-stup-koji-stedi-prostor-20x20x180cm\/#primaryimage\"},\"image\":{\"@id\":\"https:\/\/inti.hr\/bs\/proizvod\/kupaonski-stup-koji-stedi-prostor-20x20x180cm\/#primaryimage\"},\"thumbnailUrl\":\"https:\/\/i0.wp.com\/inti.hr\/wp-content\/uploads\/2025\/02\/BZR34-SH-S002_1800x1800.webp?fit=1600%2C1600&ssl=1\",\"datePublished\":\"2025-02-14T10:33:42+00:00\",\"dateModified\":\"2025-02-14T10:33:42+00:00\",\"description\":\"Ormar koji \u0161tedi prostor, idealan za kuhinju ili kupaonicu. Lako se postavlja izme\u0111u dva komada namje\u0161taja, to\u010dno tamo gdje imate neiskori\u0161ten prostor.Sa svojih 20 cm \u0161irine mo\u017ee se koristiti bilo gdje.Idealno rje\u0161enje za iskori\u0161tavanje neiskori\u0161tenog prostora izme\u0111u dva komada namje\u0161taja ili izme\u0111u komada namje\u0161taja i zida kupaonice.S visokim i jednostavnim ormari\u0107em kona\u010dno \u0107ete imati dovoljno prostora za odlaganje stvari u kupaonici i odr\u017eavanje urednog izgleda.Unutra, ovaj ormari\u0107 nudi dovoljno prostora za pohranjivanje deterd\u017eenta, proizvoda za \u010di\u0161\u0107enje, pribora i ostalih kupaonskih potrep\u0161tina.Ovaj kupaonski stup ne samo da stvara dovoljno prostora za pohranjivanje stvari koje su vam potrebne za svakodnevnu njegu, ve\u0107 i svojim atraktivnim dizajnom prenosi doma\u0107u atmosferu u va\u0161u kupaonicu.\",\"breadcrumb\":{\"@id\":\"https:\/\/inti.hr\/bs\/proizvod\/kupaonski-stup-koji-stedi-prostor-20x20x180cm\/#breadcrumb\"},\"inLanguage\":\"bs-BA\",\"potentialAction\":[{\"@type\":\"ReadAction\",\"target\":[\"https:\/\/inti.hr\/bs\/proizvod\/kupaonski-stup-koji-stedi-prostor-20x20x180cm\/\"]}]},{\"@type\":\"ImageObject\",\"inLanguage\":\"bs-BA\",\"@id\":\"https:\/\/inti.hr\/bs\/proizvod\/kupaonski-stup-koji-stedi-prostor-20x20x180cm\/#primaryimage\",\"url\":\"https:\/\/i0.wp.com\/inti.hr\/wp-content\/uploads\/2025\/02\/BZR34-SH-S002_1800x1800.webp?fit=1600%2C1600&ssl=1\",\"contentUrl\":\"https:\/\/i0.wp.com\/inti.hr\/wp-content\/uploads\/2025\/02\/BZR34-SH-S002_1800x1800.webp?fit=1600%2C1600&ssl=1\",\"width\":1600,\"height\":1600,\"caption\":\"SoBuy Kupaonski stup koji \u0161tedi prostor 20x20x180cm BZR34-SH\"},{\"@type\":\"BreadcrumbList\",\"@id\":\"https:\/\/inti.hr\/bs\/proizvod\/kupaonski-stup-koji-stedi-prostor-20x20x180cm\/#breadcrumb\",\"itemListElement\":[{\"@type\":\"ListItem\",\"position\":1,\"name\":\"Po\u010detna stranica\",\"item\":\"https:\/\/inti.hr\/bs\/\"},{\"@type\":\"ListItem\",\"position\":2,\"name\":\"Trgovina\",\"item\":\"https:\/\/inti.hr\/bs\/trgovina\/\"},{\"@type\":\"ListItem\",\"position\":3,\"name\":\"Kupaonski stup koji \u0161tedi prostor 20x20x180cm\"}]},{\"@type\":\"WebSite\",\"@id\":\"https:\/\/inti.hr\/bs\/#website\",\"url\":\"https:\/\/inti.hr\/bs\/\",\"name\":\"Inti\",\"description\":\"trgovina\",\"potentialAction\":[{\"@type\":\"SearchAction\",\"target\":{\"@type\":\"EntryPoint\",\"urlTemplate\":\"https:\/\/inti.hr\/bs\/?s={search_term_string}\"},\"query-input\":{\"@type\":\"PropertyValueSpecification\",\"valueRequired\":true,\"valueName\":\"search_term_string\"}}],\"inLanguage\":\"bs-BA\"}]}<\/script>\n<!-- \/ Yoast SEO plugin. -->","yoast_head_json":{"title":"Kupaonski stup koji \u0161tedi prostor 20x20x180cm - Inti","description":"Ormar koji \u0161tedi prostor, idealan za kuhinju ili kupaonicu. Lako se postavlja izme\u0111u dva komada namje\u0161taja, to\u010dno tamo gdje imate neiskori\u0161ten prostor.Sa svojih 20 cm \u0161irine mo\u017ee se koristiti bilo gdje.Idealno rje\u0161enje za iskori\u0161tavanje neiskori\u0161tenog prostora izme\u0111u dva komada namje\u0161taja ili izme\u0111u komada namje\u0161taja i zida kupaonice.S visokim i jednostavnim ormari\u0107em kona\u010dno \u0107ete imati dovoljno prostora za odlaganje stvari u kupaonici i odr\u017eavanje urednog izgleda.Unutra, ovaj ormari\u0107 nudi dovoljno prostora za pohranjivanje deterd\u017eenta, proizvoda za \u010di\u0161\u0107enje, pribora i ostalih kupaonskih potrep\u0161tina.Ovaj kupaonski stup ne samo da stvara dovoljno prostora za pohranjivanje stvari koje su vam potrebne za svakodnevnu njegu, ve\u0107 i svojim atraktivnim dizajnom prenosi doma\u0107u atmosferu u va\u0161u kupaonicu.","robots":{"index":"index","follow":"follow","max-snippet":"max-snippet:-1","max-image-preview":"max-image-preview:large","max-video-preview":"max-video-preview:-1"},"canonical":"https:\/\/inti.hr\/bs\/proizvod\/kupaonski-stup-koji-stedi-prostor-20x20x180cm\/","og_locale":"bs_BA","og_type":"article","og_title":"Kupaonski stup koji \u0161tedi prostor 20x20x180cm - Inti","og_description":"Ormar koji \u0161tedi prostor, idealan za kuhinju ili kupaonicu. Lako se postavlja izme\u0111u dva komada namje\u0161taja, to\u010dno tamo gdje imate neiskori\u0161ten prostor.Sa svojih 20 cm \u0161irine mo\u017ee se koristiti bilo gdje.Idealno rje\u0161enje za iskori\u0161tavanje neiskori\u0161tenog prostora izme\u0111u dva komada namje\u0161taja ili izme\u0111u komada namje\u0161taja i zida kupaonice.S visokim i jednostavnim ormari\u0107em kona\u010dno \u0107ete imati dovoljno prostora za odlaganje stvari u kupaonici i odr\u017eavanje urednog izgleda.Unutra, ovaj ormari\u0107 nudi dovoljno prostora za pohranjivanje deterd\u017eenta, proizvoda za \u010di\u0161\u0107enje, pribora i ostalih kupaonskih potrep\u0161tina.Ovaj kupaonski stup ne samo da stvara dovoljno prostora za pohranjivanje stvari koje su vam potrebne za svakodnevnu njegu, ve\u0107 i svojim atraktivnim dizajnom prenosi doma\u0107u atmosferu u va\u0161u kupaonicu.","og_url":"https:\/\/inti.hr\/bs\/proizvod\/kupaonski-stup-koji-stedi-prostor-20x20x180cm\/","og_site_name":"Inti","og_image":[{"width":1600,"height":1600,"url":"https:\/\/i0.wp.com\/inti.hr\/wp-content\/uploads\/2025\/02\/BZR34-SH-S002_1800x1800.webp?fit=1600%2C1600&ssl=1","type":"image\/webp"}],"twitter_card":"summary_large_image","twitter_misc":{"Est. reading time":"1 minuta"},"schema":{"@context":"https:\/\/schema.org","@graph":[{"@type":"WebPage","@id":"https:\/\/inti.hr\/bs\/proizvod\/kupaonski-stup-koji-stedi-prostor-20x20x180cm\/","url":"https:\/\/inti.hr\/bs\/proizvod\/kupaonski-stup-koji-stedi-prostor-20x20x180cm\/","name":"Kupaonski stup koji \u0161tedi prostor 20x20x180cm - Inti","isPartOf":{"@id":"https:\/\/inti.hr\/bs\/#website"},"primaryImageOfPage":{"@id":"https:\/\/inti.hr\/bs\/proizvod\/kupaonski-stup-koji-stedi-prostor-20x20x180cm\/#primaryimage"},"image":{"@id":"https:\/\/inti.hr\/bs\/proizvod\/kupaonski-stup-koji-stedi-prostor-20x20x180cm\/#primaryimage"},"thumbnailUrl":"https:\/\/i0.wp.com\/inti.hr\/wp-content\/uploads\/2025\/02\/BZR34-SH-S002_1800x1800.webp?fit=1600%2C1600&ssl=1","datePublished":"2025-02-14T10:33:42+00:00","dateModified":"2025-02-14T10:33:42+00:00","description":"Ormar koji \u0161tedi prostor, idealan za kuhinju ili kupaonicu. Lako se postavlja izme\u0111u dva komada namje\u0161taja, to\u010dno tamo gdje imate neiskori\u0161ten prostor.Sa svojih 20 cm \u0161irine mo\u017ee se koristiti bilo gdje.Idealno rje\u0161enje za iskori\u0161tavanje neiskori\u0161tenog prostora izme\u0111u dva komada namje\u0161taja ili izme\u0111u komada namje\u0161taja i zida kupaonice.S visokim i jednostavnim ormari\u0107em kona\u010dno \u0107ete imati dovoljno prostora za odlaganje stvari u kupaonici i odr\u017eavanje urednog izgleda.Unutra, ovaj ormari\u0107 nudi dovoljno prostora za pohranjivanje deterd\u017eenta, proizvoda za \u010di\u0161\u0107enje, pribora i ostalih kupaonskih potrep\u0161tina.Ovaj kupaonski stup ne samo da stvara dovoljno prostora za pohranjivanje stvari koje su vam potrebne za svakodnevnu njegu, ve\u0107 i svojim atraktivnim dizajnom prenosi doma\u0107u atmosferu u va\u0161u kupaonicu.","breadcrumb":{"@id":"https:\/\/inti.hr\/bs\/proizvod\/kupaonski-stup-koji-stedi-prostor-20x20x180cm\/#breadcrumb"},"inLanguage":"bs-BA","potentialAction":[{"@type":"ReadAction","target":["https:\/\/inti.hr\/bs\/proizvod\/kupaonski-stup-koji-stedi-prostor-20x20x180cm\/"]}]},{"@type":"ImageObject","inLanguage":"bs-BA","@id":"https:\/\/inti.hr\/bs\/proizvod\/kupaonski-stup-koji-stedi-prostor-20x20x180cm\/#primaryimage","url":"https:\/\/i0.wp.com\/inti.hr\/wp-content\/uploads\/2025\/02\/BZR34-SH-S002_1800x1800.webp?fit=1600%2C1600&ssl=1","contentUrl":"https:\/\/i0.wp.com\/inti.hr\/wp-content\/uploads\/2025\/02\/BZR34-SH-S002_1800x1800.webp?fit=1600%2C1600&ssl=1","width":1600,"height":1600,"caption":"SoBuy Kupaonski stup koji \u0161tedi prostor 20x20x180cm BZR34-SH"},{"@type":"BreadcrumbList","@id":"https:\/\/inti.hr\/bs\/proizvod\/kupaonski-stup-koji-stedi-prostor-20x20x180cm\/#breadcrumb","itemListElement":[{"@type":"ListItem","position":1,"name":"Po\u010detna stranica","item":"https:\/\/inti.hr\/bs\/"},{"@type":"ListItem","position":2,"name":"Trgovina","item":"https:\/\/inti.hr\/bs\/trgovina\/"},{"@type":"ListItem","position":3,"name":"Kupaonski stup koji \u0161tedi prostor 20x20x180cm"}]},{"@type":"WebSite","@id":"https:\/\/inti.hr\/bs\/#website","url":"https:\/\/inti.hr\/bs\/","name":"Inti","description":"trgovina","potentialAction":[{"@type":"SearchAction","target":{"@type":"EntryPoint","urlTemplate":"https:\/\/inti.hr\/bs\/?s={search_term_string}"},"query-input":{"@type":"PropertyValueSpecification","valueRequired":true,"valueName":"search_term_string"}}],"inLanguage":"bs-BA"}]}},"jetpack_sharing_enabled":true,"jetpack-related-posts":[],"_links":{"self":[{"href":"https:\/\/inti.hr\/bs\/wp-json\/wp\/v2\/product\/31551"}],"collection":[{"href":"https:\/\/inti.hr\/bs\/wp-json\/wp\/v2\/product"}],"about":[{"href":"https:\/\/inti.hr\/bs\/wp-json\/wp\/v2\/types\/product"}],"wp:featuredmedia":[{"embeddable":true,"href":"https:\/\/inti.hr\/bs\/wp-json\/wp\/v2\/media\/31552"}],"wp:attachment":[{"href":"https:\/\/inti.hr\/bs\/wp-json\/wp\/v2\/media?parent=31551"}],"wp:term":[{"taxonomy":"product_cat","embeddable":true,"href":"https:\/\/inti.hr\/bs\/wp-json\/wp\/v2\/product_cat?post=31551"},{"taxonomy":"product_tag","embeddable":true,"href":"https:\/\/inti.hr\/bs\/wp-json\/wp\/v2\/product_tag?post=31551"}],"curies":[{"name":"wp","href":"https:\/\/api.w.org\/{rel}","templated":true}]}}