{"id":31597,"date":"2025-01-15T17:04:58","date_gmt":"2025-01-15T16:04:58","guid":{"rendered":"https:\/\/inti.hr\/product\/tv-komoda-duzine-160-cm-sa-2-vrata-snjezno-bijela\/"},"modified":"2025-01-15T17:04:58","modified_gmt":"2025-01-15T16:04:58","slug":"tv-komoda-duzine-160-cm-sa-2-vrata-snjezno-bijela","status":"publish","type":"product","link":"https:\/\/inti.hr\/bs\/proizvod\/tv-komoda-duzine-160-cm-sa-2-vrata-snjezno-bijela\/","title":{"rendered":"TV komoda du\u017eine 160 cm sa 2 vrata snje\u017eno bijela"},"content":{"rendered":"<p>Detalji proizvoda:<br \/>\nBoja: snje\u017eno bijela<br \/>\nMaterijal: iverica<br \/>\nVeli\u010dina: 160 x 40 x 50 cm (D x \u0160 x V)<br \/>\nTe\u017eina: 29,4 kg<br \/>\nMaksimalna stati\u010dka nosivost plo\u010de stola: 35 kg<br \/>\nMaksimalna stati\u010dka nosivost: 75 kg<\/p>\n","protected":false},"excerpt":{"rendered":"<p>Ovaj bijeli TV ormari\u0107 unosi novi \u0161arm u va\u0161u dnevnu sobu. &#8230; <\/p>\n","protected":false},"featured_media":31598,"template":"","meta":[],"product_cat":[2418],"product_tag":[2444,3024],"yoast_head":"<!-- This site is optimized with the Yoast SEO plugin v23.7 - https:\/\/yoast.com\/wordpress\/plugins\/seo\/ -->\n<title>TV komoda du\u017eine 160 cm sa 2 vrata snje\u017eno bijela - Inti<\/title>\n<meta name=\"description\" content=\"Ovaj bijeli TV ormari\u0107 unosi novi \u0161arm u va\u0161u dnevnu sobu. Uz njega vi\u0161e ne\u0107ete zavidjeti onima koji su svoje domove pretvorili u ukrasne izlo\u017ebe. Ho\u0107e li va\u0161 omiljeni film uskoro biti na TV-u? Postavite igra\u0107e konzole i prijemnike u 2 otvorena pretinca i spremite DVD iza vrata. Film je u tijeku, a na vama je samo da se udobno smjestite i u\u017eivate! Ovaj moderni TV ormari\u0107 bit \u0107e va\u0161 idealan suputnik nedjeljom nave\u010der. Zgrabite \u010dips skriven iza vrata koja se otvaraju pritiskom i u\u017eivajte u filmskoj ve\u010deri s obitelji ili prijateljima! TV do 65 in\u010da mogu se smjestiti na TV ormari\u0107. Za manje televizore jednostavno postavite biljke s obje strane. Zahvaljuju\u0107i jasnim uputama i dobro ozna\u010denim dijelovima, sastavljanje je jednostavno. Nakon posla ima jo\u0161 dovoljno vremena za pripremu prije nego va\u0161 omiljeni film.\u00a0\" \/>\n<meta name=\"robots\" content=\"index, follow, max-snippet:-1, max-image-preview:large, max-video-preview:-1\" \/>\n<link rel=\"canonical\" href=\"https:\/\/inti.hr\/bs\/proizvod\/tv-komoda-duzine-160-cm-sa-2-vrata-snjezno-bijela\/\" \/>\n<meta property=\"og:locale\" content=\"bs_BA\" \/>\n<meta property=\"og:type\" content=\"article\" \/>\n<meta property=\"og:title\" content=\"TV komoda du\u017eine 160 cm sa 2 vrata snje\u017eno bijela - Inti\" \/>\n<meta property=\"og:description\" content=\"Ovaj bijeli TV ormari\u0107 unosi novi \u0161arm u va\u0161u dnevnu sobu. Uz njega vi\u0161e ne\u0107ete zavidjeti onima koji su svoje domove pretvorili u ukrasne izlo\u017ebe. Ho\u0107e li va\u0161 omiljeni film uskoro biti na TV-u? Postavite igra\u0107e konzole i prijemnike u 2 otvorena pretinca i spremite DVD iza vrata. Film je u tijeku, a na vama je samo da se udobno smjestite i u\u017eivate! Ovaj moderni TV ormari\u0107 bit \u0107e va\u0161 idealan suputnik nedjeljom nave\u010der. Zgrabite \u010dips skriven iza vrata koja se otvaraju pritiskom i u\u017eivajte u filmskoj ve\u010deri s obitelji ili prijateljima! TV do 65 in\u010da mogu se smjestiti na TV ormari\u0107. Za manje televizore jednostavno postavite biljke s obje strane. Zahvaljuju\u0107i jasnim uputama i dobro ozna\u010denim dijelovima, sastavljanje je jednostavno. Nakon posla ima jo\u0161 dovoljno vremena za pripremu prije nego va\u0161 omiljeni film.\u00a0\" \/>\n<meta property=\"og:url\" content=\"https:\/\/inti.hr\/bs\/proizvod\/tv-komoda-duzine-160-cm-sa-2-vrata-snjezno-bijela\/\" \/>\n<meta property=\"og:site_name\" content=\"Inti\" \/>\n<meta property=\"og:image\" content=\"https:\/\/i0.wp.com\/inti.hr\/wp-content\/uploads\/2025\/01\/LTV030W01-1.jpg?fit=1000%2C1000&ssl=1\" \/>\n\t<meta property=\"og:image:width\" content=\"1000\" \/>\n\t<meta property=\"og:image:height\" content=\"1000\" \/>\n\t<meta property=\"og:image:type\" content=\"image\/jpeg\" \/>\n<meta name=\"twitter:card\" content=\"summary_large_image\" \/>\n<script type=\"application\/ld+json\" class=\"yoast-schema-graph\">{\"@context\":\"https:\/\/schema.org\",\"@graph\":[{\"@type\":\"WebPage\",\"@id\":\"https:\/\/inti.hr\/bs\/proizvod\/tv-komoda-duzine-160-cm-sa-2-vrata-snjezno-bijela\/\",\"url\":\"https:\/\/inti.hr\/bs\/proizvod\/tv-komoda-duzine-160-cm-sa-2-vrata-snjezno-bijela\/\",\"name\":\"TV komoda du\u017eine 160 cm sa 2 vrata snje\u017eno bijela - Inti\",\"isPartOf\":{\"@id\":\"https:\/\/inti.hr\/bs\/#website\"},\"primaryImageOfPage\":{\"@id\":\"https:\/\/inti.hr\/bs\/proizvod\/tv-komoda-duzine-160-cm-sa-2-vrata-snjezno-bijela\/#primaryimage\"},\"image\":{\"@id\":\"https:\/\/inti.hr\/bs\/proizvod\/tv-komoda-duzine-160-cm-sa-2-vrata-snjezno-bijela\/#primaryimage\"},\"thumbnailUrl\":\"https:\/\/i0.wp.com\/inti.hr\/wp-content\/uploads\/2025\/01\/LTV030W01-1.jpg?fit=1000%2C1000&ssl=1\",\"datePublished\":\"2025-01-15T16:04:58+00:00\",\"dateModified\":\"2025-01-15T16:04:58+00:00\",\"description\":\"Ovaj bijeli TV ormari\u0107 unosi novi \u0161arm u va\u0161u dnevnu sobu. Uz njega vi\u0161e ne\u0107ete zavidjeti onima koji su svoje domove pretvorili u ukrasne izlo\u017ebe. Ho\u0107e li va\u0161 omiljeni film uskoro biti na TV-u? Postavite igra\u0107e konzole i prijemnike u 2 otvorena pretinca i spremite DVD iza vrata. Film je u tijeku, a na vama je samo da se udobno smjestite i u\u017eivate! Ovaj moderni TV ormari\u0107 bit \u0107e va\u0161 idealan suputnik nedjeljom nave\u010der. Zgrabite \u010dips skriven iza vrata koja se otvaraju pritiskom i u\u017eivajte u filmskoj ve\u010deri s obitelji ili prijateljima! TV do 65 in\u010da mogu se smjestiti na TV ormari\u0107. Za manje televizore jednostavno postavite biljke s obje strane. Zahvaljuju\u0107i jasnim uputama i dobro ozna\u010denim dijelovima, sastavljanje je jednostavno. Nakon posla ima jo\u0161 dovoljno vremena za pripremu prije nego va\u0161 omiljeni film.\u00a0\",\"breadcrumb\":{\"@id\":\"https:\/\/inti.hr\/bs\/proizvod\/tv-komoda-duzine-160-cm-sa-2-vrata-snjezno-bijela\/#breadcrumb\"},\"inLanguage\":\"bs-BA\",\"potentialAction\":[{\"@type\":\"ReadAction\",\"target\":[\"https:\/\/inti.hr\/bs\/proizvod\/tv-komoda-duzine-160-cm-sa-2-vrata-snjezno-bijela\/\"]}]},{\"@type\":\"ImageObject\",\"inLanguage\":\"bs-BA\",\"@id\":\"https:\/\/inti.hr\/bs\/proizvod\/tv-komoda-duzine-160-cm-sa-2-vrata-snjezno-bijela\/#primaryimage\",\"url\":\"https:\/\/i0.wp.com\/inti.hr\/wp-content\/uploads\/2025\/01\/LTV030W01-1.jpg?fit=1000%2C1000&ssl=1\",\"contentUrl\":\"https:\/\/i0.wp.com\/inti.hr\/wp-content\/uploads\/2025\/01\/LTV030W01-1.jpg?fit=1000%2C1000&ssl=1\",\"width\":1000,\"height\":1000,\"caption\":\"VASAGLE TV komoda du\u017eine 160 cm sa 2 vrata snje\u017eno bijela\"},{\"@type\":\"BreadcrumbList\",\"@id\":\"https:\/\/inti.hr\/bs\/proizvod\/tv-komoda-duzine-160-cm-sa-2-vrata-snjezno-bijela\/#breadcrumb\",\"itemListElement\":[{\"@type\":\"ListItem\",\"position\":1,\"name\":\"Po\u010detna stranica\",\"item\":\"https:\/\/inti.hr\/bs\/\"},{\"@type\":\"ListItem\",\"position\":2,\"name\":\"Trgovina\",\"item\":\"https:\/\/inti.hr\/bs\/trgovina\/\"},{\"@type\":\"ListItem\",\"position\":3,\"name\":\"TV komoda du\u017eine 160 cm sa 2 vrata snje\u017eno bijela\"}]},{\"@type\":\"WebSite\",\"@id\":\"https:\/\/inti.hr\/bs\/#website\",\"url\":\"https:\/\/inti.hr\/bs\/\",\"name\":\"Inti\",\"description\":\"trgovina\",\"potentialAction\":[{\"@type\":\"SearchAction\",\"target\":{\"@type\":\"EntryPoint\",\"urlTemplate\":\"https:\/\/inti.hr\/bs\/?s={search_term_string}\"},\"query-input\":{\"@type\":\"PropertyValueSpecification\",\"valueRequired\":true,\"valueName\":\"search_term_string\"}}],\"inLanguage\":\"bs-BA\"}]}<\/script>\n<!-- \/ Yoast SEO plugin. -->","yoast_head_json":{"title":"TV komoda du\u017eine 160 cm sa 2 vrata snje\u017eno bijela - Inti","description":"Ovaj bijeli TV ormari\u0107 unosi novi \u0161arm u va\u0161u dnevnu sobu. Uz njega vi\u0161e ne\u0107ete zavidjeti onima koji su svoje domove pretvorili u ukrasne izlo\u017ebe. Ho\u0107e li va\u0161 omiljeni film uskoro biti na TV-u? Postavite igra\u0107e konzole i prijemnike u 2 otvorena pretinca i spremite DVD iza vrata. Film je u tijeku, a na vama je samo da se udobno smjestite i u\u017eivate! Ovaj moderni TV ormari\u0107 bit \u0107e va\u0161 idealan suputnik nedjeljom nave\u010der. Zgrabite \u010dips skriven iza vrata koja se otvaraju pritiskom i u\u017eivajte u filmskoj ve\u010deri s obitelji ili prijateljima! TV do 65 in\u010da mogu se smjestiti na TV ormari\u0107. Za manje televizore jednostavno postavite biljke s obje strane. Zahvaljuju\u0107i jasnim uputama i dobro ozna\u010denim dijelovima, sastavljanje je jednostavno. Nakon posla ima jo\u0161 dovoljno vremena za pripremu prije nego va\u0161 omiljeni film.\u00a0","robots":{"index":"index","follow":"follow","max-snippet":"max-snippet:-1","max-image-preview":"max-image-preview:large","max-video-preview":"max-video-preview:-1"},"canonical":"https:\/\/inti.hr\/bs\/proizvod\/tv-komoda-duzine-160-cm-sa-2-vrata-snjezno-bijela\/","og_locale":"bs_BA","og_type":"article","og_title":"TV komoda du\u017eine 160 cm sa 2 vrata snje\u017eno bijela - Inti","og_description":"Ovaj bijeli TV ormari\u0107 unosi novi \u0161arm u va\u0161u dnevnu sobu. Uz njega vi\u0161e ne\u0107ete zavidjeti onima koji su svoje domove pretvorili u ukrasne izlo\u017ebe. Ho\u0107e li va\u0161 omiljeni film uskoro biti na TV-u? Postavite igra\u0107e konzole i prijemnike u 2 otvorena pretinca i spremite DVD iza vrata. Film je u tijeku, a na vama je samo da se udobno smjestite i u\u017eivate! Ovaj moderni TV ormari\u0107 bit \u0107e va\u0161 idealan suputnik nedjeljom nave\u010der. Zgrabite \u010dips skriven iza vrata koja se otvaraju pritiskom i u\u017eivajte u filmskoj ve\u010deri s obitelji ili prijateljima! TV do 65 in\u010da mogu se smjestiti na TV ormari\u0107. Za manje televizore jednostavno postavite biljke s obje strane. Zahvaljuju\u0107i jasnim uputama i dobro ozna\u010denim dijelovima, sastavljanje je jednostavno. Nakon posla ima jo\u0161 dovoljno vremena za pripremu prije nego va\u0161 omiljeni film.\u00a0","og_url":"https:\/\/inti.hr\/bs\/proizvod\/tv-komoda-duzine-160-cm-sa-2-vrata-snjezno-bijela\/","og_site_name":"Inti","og_image":[{"width":1000,"height":1000,"url":"https:\/\/i0.wp.com\/inti.hr\/wp-content\/uploads\/2025\/01\/LTV030W01-1.jpg?fit=1000%2C1000&ssl=1","type":"image\/jpeg"}],"twitter_card":"summary_large_image","schema":{"@context":"https:\/\/schema.org","@graph":[{"@type":"WebPage","@id":"https:\/\/inti.hr\/bs\/proizvod\/tv-komoda-duzine-160-cm-sa-2-vrata-snjezno-bijela\/","url":"https:\/\/inti.hr\/bs\/proizvod\/tv-komoda-duzine-160-cm-sa-2-vrata-snjezno-bijela\/","name":"TV komoda du\u017eine 160 cm sa 2 vrata snje\u017eno bijela - Inti","isPartOf":{"@id":"https:\/\/inti.hr\/bs\/#website"},"primaryImageOfPage":{"@id":"https:\/\/inti.hr\/bs\/proizvod\/tv-komoda-duzine-160-cm-sa-2-vrata-snjezno-bijela\/#primaryimage"},"image":{"@id":"https:\/\/inti.hr\/bs\/proizvod\/tv-komoda-duzine-160-cm-sa-2-vrata-snjezno-bijela\/#primaryimage"},"thumbnailUrl":"https:\/\/i0.wp.com\/inti.hr\/wp-content\/uploads\/2025\/01\/LTV030W01-1.jpg?fit=1000%2C1000&ssl=1","datePublished":"2025-01-15T16:04:58+00:00","dateModified":"2025-01-15T16:04:58+00:00","description":"Ovaj bijeli TV ormari\u0107 unosi novi \u0161arm u va\u0161u dnevnu sobu. Uz njega vi\u0161e ne\u0107ete zavidjeti onima koji su svoje domove pretvorili u ukrasne izlo\u017ebe. Ho\u0107e li va\u0161 omiljeni film uskoro biti na TV-u? Postavite igra\u0107e konzole i prijemnike u 2 otvorena pretinca i spremite DVD iza vrata. Film je u tijeku, a na vama je samo da se udobno smjestite i u\u017eivate! Ovaj moderni TV ormari\u0107 bit \u0107e va\u0161 idealan suputnik nedjeljom nave\u010der. Zgrabite \u010dips skriven iza vrata koja se otvaraju pritiskom i u\u017eivajte u filmskoj ve\u010deri s obitelji ili prijateljima! TV do 65 in\u010da mogu se smjestiti na TV ormari\u0107. Za manje televizore jednostavno postavite biljke s obje strane. Zahvaljuju\u0107i jasnim uputama i dobro ozna\u010denim dijelovima, sastavljanje je jednostavno. Nakon posla ima jo\u0161 dovoljno vremena za pripremu prije nego va\u0161 omiljeni film.\u00a0","breadcrumb":{"@id":"https:\/\/inti.hr\/bs\/proizvod\/tv-komoda-duzine-160-cm-sa-2-vrata-snjezno-bijela\/#breadcrumb"},"inLanguage":"bs-BA","potentialAction":[{"@type":"ReadAction","target":["https:\/\/inti.hr\/bs\/proizvod\/tv-komoda-duzine-160-cm-sa-2-vrata-snjezno-bijela\/"]}]},{"@type":"ImageObject","inLanguage":"bs-BA","@id":"https:\/\/inti.hr\/bs\/proizvod\/tv-komoda-duzine-160-cm-sa-2-vrata-snjezno-bijela\/#primaryimage","url":"https:\/\/i0.wp.com\/inti.hr\/wp-content\/uploads\/2025\/01\/LTV030W01-1.jpg?fit=1000%2C1000&ssl=1","contentUrl":"https:\/\/i0.wp.com\/inti.hr\/wp-content\/uploads\/2025\/01\/LTV030W01-1.jpg?fit=1000%2C1000&ssl=1","width":1000,"height":1000,"caption":"VASAGLE TV komoda du\u017eine 160 cm sa 2 vrata snje\u017eno bijela"},{"@type":"BreadcrumbList","@id":"https:\/\/inti.hr\/bs\/proizvod\/tv-komoda-duzine-160-cm-sa-2-vrata-snjezno-bijela\/#breadcrumb","itemListElement":[{"@type":"ListItem","position":1,"name":"Po\u010detna stranica","item":"https:\/\/inti.hr\/bs\/"},{"@type":"ListItem","position":2,"name":"Trgovina","item":"https:\/\/inti.hr\/bs\/trgovina\/"},{"@type":"ListItem","position":3,"name":"TV komoda du\u017eine 160 cm sa 2 vrata snje\u017eno bijela"}]},{"@type":"WebSite","@id":"https:\/\/inti.hr\/bs\/#website","url":"https:\/\/inti.hr\/bs\/","name":"Inti","description":"trgovina","potentialAction":[{"@type":"SearchAction","target":{"@type":"EntryPoint","urlTemplate":"https:\/\/inti.hr\/bs\/?s={search_term_string}"},"query-input":{"@type":"PropertyValueSpecification","valueRequired":true,"valueName":"search_term_string"}}],"inLanguage":"bs-BA"}]}},"jetpack_sharing_enabled":true,"jetpack-related-posts":[],"_links":{"self":[{"href":"https:\/\/inti.hr\/bs\/wp-json\/wp\/v2\/product\/31597"}],"collection":[{"href":"https:\/\/inti.hr\/bs\/wp-json\/wp\/v2\/product"}],"about":[{"href":"https:\/\/inti.hr\/bs\/wp-json\/wp\/v2\/types\/product"}],"wp:featuredmedia":[{"embeddable":true,"href":"https:\/\/inti.hr\/bs\/wp-json\/wp\/v2\/media\/31598"}],"wp:attachment":[{"href":"https:\/\/inti.hr\/bs\/wp-json\/wp\/v2\/media?parent=31597"}],"wp:term":[{"taxonomy":"product_cat","embeddable":true,"href":"https:\/\/inti.hr\/bs\/wp-json\/wp\/v2\/product_cat?post=31597"},{"taxonomy":"product_tag","embeddable":true,"href":"https:\/\/inti.hr\/bs\/wp-json\/wp\/v2\/product_tag?post=31597"}],"curies":[{"name":"wp","href":"https:\/\/api.w.org\/{rel}","templated":true}]}}