{"id":31657,"date":"2025-01-09T13:42:33","date_gmt":"2025-01-09T12:42:33","guid":{"rendered":"https:\/\/inti.hr\/product\/bambusova-ladica-za-drzac-kapsule\/"},"modified":"2025-01-09T13:42:33","modified_gmt":"2025-01-09T12:42:33","slug":"bambusova-ladica-za-drzac-kapsule","status":"publish","type":"product","link":"https:\/\/inti.hr\/bs\/proizvod\/bambusova-ladica-za-drzac-kapsule\/","title":{"rendered":"Bambusova ladica za dr\u017ea\u010d kapsule"},"content":{"rendered":"<p>Pojedinosti o proizvodu:<\/p>\n<p>Te\u017eina: oko 2,4 kg.<br \/>\nTestirano za: 20 kg.<br \/>\nMaterijal: MDF, bambus.<br \/>\nDimenzije proizvoda: pribli\u017eno 30x9x31 cm (vidi sliku)<br \/>\nDimenzije paketa: 39x36x15 cm.<br \/>\nS uputama za monta\u017eu i vijcima, jednostavna monta\u017ea<\/p>\n","protected":false},"excerpt":{"rendered":"<p><span>Ova kutija je idealna za spremanje svih standardnih kapsula za kavu &#8230; <\/p>\n","protected":false},"featured_media":31658,"template":"","meta":[],"product_cat":[2536],"product_tag":[3044,2537],"yoast_head":"<!-- This site is optimized with the Yoast SEO plugin v23.7 - https:\/\/yoast.com\/wordpress\/plugins\/seo\/ -->\n<title>Bambusova ladica za dr\u017ea\u010d kapsule - Inti<\/title>\n<meta name=\"description\" content=\"Ova kutija je idealna za spremanje svih standardnih kapsula za kavu ili vre\u0107ica \u010daja. Tako\u0111er nudi prakti\u010dan prostor za spremanje aparata za kavu, \u010dajnika ili \u0161alica. S ovom kutijom mo\u017eete stvoriti red i tako\u0111er u\u0161tedjeti prostor.Idealan je i za ured. Mo\u017eete ga koristiti kao stolni organizator. Organizator je prikladan za spremanje olovaka, \u0161kara, reza\u010da papira i ostalog stolnog pribora.Ladica se mo\u017ee koristiti u razli\u010ditim verzijama. Kao ladica s 4 reda ili je mo\u017eete podijeliti do 4 puta.Klizne ladice s rupama za ru\u010dke za jednostavno uklanjanje. Neklizaju\u0107e gumene no\u017eice pogodne za namje\u0161taj osiguravaju siguran stalak\" \/>\n<meta name=\"robots\" content=\"index, follow, max-snippet:-1, max-image-preview:large, max-video-preview:-1\" \/>\n<link rel=\"canonical\" href=\"https:\/\/inti.hr\/bs\/proizvod\/bambusova-ladica-za-drzac-kapsule\/\" \/>\n<meta property=\"og:locale\" content=\"bs_BA\" \/>\n<meta property=\"og:type\" content=\"article\" \/>\n<meta property=\"og:title\" content=\"Bambusova ladica za dr\u017ea\u010d kapsule - Inti\" \/>\n<meta property=\"og:description\" content=\"Ova kutija je idealna za spremanje svih standardnih kapsula za kavu ili vre\u0107ica \u010daja. Tako\u0111er nudi prakti\u010dan prostor za spremanje aparata za kavu, \u010dajnika ili \u0161alica. S ovom kutijom mo\u017eete stvoriti red i tako\u0111er u\u0161tedjeti prostor.Idealan je i za ured. Mo\u017eete ga koristiti kao stolni organizator. Organizator je prikladan za spremanje olovaka, \u0161kara, reza\u010da papira i ostalog stolnog pribora.Ladica se mo\u017ee koristiti u razli\u010ditim verzijama. Kao ladica s 4 reda ili je mo\u017eete podijeliti do 4 puta.Klizne ladice s rupama za ru\u010dke za jednostavno uklanjanje. Neklizaju\u0107e gumene no\u017eice pogodne za namje\u0161taj osiguravaju siguran stalak\" \/>\n<meta property=\"og:url\" content=\"https:\/\/inti.hr\/bs\/proizvod\/bambusova-ladica-za-drzac-kapsule\/\" \/>\n<meta property=\"og:site_name\" content=\"Inti\" \/>\n<meta property=\"og:image\" content=\"https:\/\/i0.wp.com\/inti.hr\/wp-content\/uploads\/2025\/01\/FRG179-R-S003_1800x1800.webp?fit=1600%2C1600&ssl=1\" \/>\n\t<meta property=\"og:image:width\" content=\"1600\" \/>\n\t<meta property=\"og:image:height\" content=\"1600\" \/>\n\t<meta property=\"og:image:type\" content=\"image\/webp\" \/>\n<meta name=\"twitter:card\" content=\"summary_large_image\" \/>\n<script type=\"application\/ld+json\" class=\"yoast-schema-graph\">{\"@context\":\"https:\/\/schema.org\",\"@graph\":[{\"@type\":\"WebPage\",\"@id\":\"https:\/\/inti.hr\/bs\/proizvod\/bambusova-ladica-za-drzac-kapsule\/\",\"url\":\"https:\/\/inti.hr\/bs\/proizvod\/bambusova-ladica-za-drzac-kapsule\/\",\"name\":\"Bambusova ladica za dr\u017ea\u010d kapsule - Inti\",\"isPartOf\":{\"@id\":\"https:\/\/inti.hr\/bs\/#website\"},\"primaryImageOfPage\":{\"@id\":\"https:\/\/inti.hr\/bs\/proizvod\/bambusova-ladica-za-drzac-kapsule\/#primaryimage\"},\"image\":{\"@id\":\"https:\/\/inti.hr\/bs\/proizvod\/bambusova-ladica-za-drzac-kapsule\/#primaryimage\"},\"thumbnailUrl\":\"https:\/\/i0.wp.com\/inti.hr\/wp-content\/uploads\/2025\/01\/FRG179-R-S003_1800x1800.webp?fit=1600%2C1600&ssl=1\",\"datePublished\":\"2025-01-09T12:42:33+00:00\",\"dateModified\":\"2025-01-09T12:42:33+00:00\",\"description\":\"Ova kutija je idealna za spremanje svih standardnih kapsula za kavu ili vre\u0107ica \u010daja. Tako\u0111er nudi prakti\u010dan prostor za spremanje aparata za kavu, \u010dajnika ili \u0161alica. S ovom kutijom mo\u017eete stvoriti red i tako\u0111er u\u0161tedjeti prostor.Idealan je i za ured. Mo\u017eete ga koristiti kao stolni organizator. Organizator je prikladan za spremanje olovaka, \u0161kara, reza\u010da papira i ostalog stolnog pribora.Ladica se mo\u017ee koristiti u razli\u010ditim verzijama. Kao ladica s 4 reda ili je mo\u017eete podijeliti do 4 puta.Klizne ladice s rupama za ru\u010dke za jednostavno uklanjanje. Neklizaju\u0107e gumene no\u017eice pogodne za namje\u0161taj osiguravaju siguran stalak\",\"breadcrumb\":{\"@id\":\"https:\/\/inti.hr\/bs\/proizvod\/bambusova-ladica-za-drzac-kapsule\/#breadcrumb\"},\"inLanguage\":\"bs-BA\",\"potentialAction\":[{\"@type\":\"ReadAction\",\"target\":[\"https:\/\/inti.hr\/bs\/proizvod\/bambusova-ladica-za-drzac-kapsule\/\"]}]},{\"@type\":\"ImageObject\",\"inLanguage\":\"bs-BA\",\"@id\":\"https:\/\/inti.hr\/bs\/proizvod\/bambusova-ladica-za-drzac-kapsule\/#primaryimage\",\"url\":\"https:\/\/i0.wp.com\/inti.hr\/wp-content\/uploads\/2025\/01\/FRG179-R-S003_1800x1800.webp?fit=1600%2C1600&ssl=1\",\"contentUrl\":\"https:\/\/i0.wp.com\/inti.hr\/wp-content\/uploads\/2025\/01\/FRG179-R-S003_1800x1800.webp?fit=1600%2C1600&ssl=1\",\"width\":1600,\"height\":1600},{\"@type\":\"BreadcrumbList\",\"@id\":\"https:\/\/inti.hr\/bs\/proizvod\/bambusova-ladica-za-drzac-kapsule\/#breadcrumb\",\"itemListElement\":[{\"@type\":\"ListItem\",\"position\":1,\"name\":\"Po\u010detna stranica\",\"item\":\"https:\/\/inti.hr\/bs\/\"},{\"@type\":\"ListItem\",\"position\":2,\"name\":\"Trgovina\",\"item\":\"https:\/\/inti.hr\/bs\/trgovina\/\"},{\"@type\":\"ListItem\",\"position\":3,\"name\":\"Bambusova ladica za dr\u017ea\u010d kapsule\"}]},{\"@type\":\"WebSite\",\"@id\":\"https:\/\/inti.hr\/bs\/#website\",\"url\":\"https:\/\/inti.hr\/bs\/\",\"name\":\"Inti\",\"description\":\"trgovina\",\"potentialAction\":[{\"@type\":\"SearchAction\",\"target\":{\"@type\":\"EntryPoint\",\"urlTemplate\":\"https:\/\/inti.hr\/bs\/?s={search_term_string}\"},\"query-input\":{\"@type\":\"PropertyValueSpecification\",\"valueRequired\":true,\"valueName\":\"search_term_string\"}}],\"inLanguage\":\"bs-BA\"}]}<\/script>\n<!-- \/ Yoast SEO plugin. -->","yoast_head_json":{"title":"Bambusova ladica za dr\u017ea\u010d kapsule - Inti","description":"Ova kutija je idealna za spremanje svih standardnih kapsula za kavu ili vre\u0107ica \u010daja. Tako\u0111er nudi prakti\u010dan prostor za spremanje aparata za kavu, \u010dajnika ili \u0161alica. S ovom kutijom mo\u017eete stvoriti red i tako\u0111er u\u0161tedjeti prostor.Idealan je i za ured. Mo\u017eete ga koristiti kao stolni organizator. Organizator je prikladan za spremanje olovaka, \u0161kara, reza\u010da papira i ostalog stolnog pribora.Ladica se mo\u017ee koristiti u razli\u010ditim verzijama. Kao ladica s 4 reda ili je mo\u017eete podijeliti do 4 puta.Klizne ladice s rupama za ru\u010dke za jednostavno uklanjanje. Neklizaju\u0107e gumene no\u017eice pogodne za namje\u0161taj osiguravaju siguran stalak","robots":{"index":"index","follow":"follow","max-snippet":"max-snippet:-1","max-image-preview":"max-image-preview:large","max-video-preview":"max-video-preview:-1"},"canonical":"https:\/\/inti.hr\/bs\/proizvod\/bambusova-ladica-za-drzac-kapsule\/","og_locale":"bs_BA","og_type":"article","og_title":"Bambusova ladica za dr\u017ea\u010d kapsule - Inti","og_description":"Ova kutija je idealna za spremanje svih standardnih kapsula za kavu ili vre\u0107ica \u010daja. Tako\u0111er nudi prakti\u010dan prostor za spremanje aparata za kavu, \u010dajnika ili \u0161alica. S ovom kutijom mo\u017eete stvoriti red i tako\u0111er u\u0161tedjeti prostor.Idealan je i za ured. Mo\u017eete ga koristiti kao stolni organizator. Organizator je prikladan za spremanje olovaka, \u0161kara, reza\u010da papira i ostalog stolnog pribora.Ladica se mo\u017ee koristiti u razli\u010ditim verzijama. Kao ladica s 4 reda ili je mo\u017eete podijeliti do 4 puta.Klizne ladice s rupama za ru\u010dke za jednostavno uklanjanje. Neklizaju\u0107e gumene no\u017eice pogodne za namje\u0161taj osiguravaju siguran stalak","og_url":"https:\/\/inti.hr\/bs\/proizvod\/bambusova-ladica-za-drzac-kapsule\/","og_site_name":"Inti","og_image":[{"width":1600,"height":1600,"url":"https:\/\/i0.wp.com\/inti.hr\/wp-content\/uploads\/2025\/01\/FRG179-R-S003_1800x1800.webp?fit=1600%2C1600&ssl=1","type":"image\/webp"}],"twitter_card":"summary_large_image","schema":{"@context":"https:\/\/schema.org","@graph":[{"@type":"WebPage","@id":"https:\/\/inti.hr\/bs\/proizvod\/bambusova-ladica-za-drzac-kapsule\/","url":"https:\/\/inti.hr\/bs\/proizvod\/bambusova-ladica-za-drzac-kapsule\/","name":"Bambusova ladica za dr\u017ea\u010d kapsule - Inti","isPartOf":{"@id":"https:\/\/inti.hr\/bs\/#website"},"primaryImageOfPage":{"@id":"https:\/\/inti.hr\/bs\/proizvod\/bambusova-ladica-za-drzac-kapsule\/#primaryimage"},"image":{"@id":"https:\/\/inti.hr\/bs\/proizvod\/bambusova-ladica-za-drzac-kapsule\/#primaryimage"},"thumbnailUrl":"https:\/\/i0.wp.com\/inti.hr\/wp-content\/uploads\/2025\/01\/FRG179-R-S003_1800x1800.webp?fit=1600%2C1600&ssl=1","datePublished":"2025-01-09T12:42:33+00:00","dateModified":"2025-01-09T12:42:33+00:00","description":"Ova kutija je idealna za spremanje svih standardnih kapsula za kavu ili vre\u0107ica \u010daja. Tako\u0111er nudi prakti\u010dan prostor za spremanje aparata za kavu, \u010dajnika ili \u0161alica. S ovom kutijom mo\u017eete stvoriti red i tako\u0111er u\u0161tedjeti prostor.Idealan je i za ured. Mo\u017eete ga koristiti kao stolni organizator. Organizator je prikladan za spremanje olovaka, \u0161kara, reza\u010da papira i ostalog stolnog pribora.Ladica se mo\u017ee koristiti u razli\u010ditim verzijama. Kao ladica s 4 reda ili je mo\u017eete podijeliti do 4 puta.Klizne ladice s rupama za ru\u010dke za jednostavno uklanjanje. Neklizaju\u0107e gumene no\u017eice pogodne za namje\u0161taj osiguravaju siguran stalak","breadcrumb":{"@id":"https:\/\/inti.hr\/bs\/proizvod\/bambusova-ladica-za-drzac-kapsule\/#breadcrumb"},"inLanguage":"bs-BA","potentialAction":[{"@type":"ReadAction","target":["https:\/\/inti.hr\/bs\/proizvod\/bambusova-ladica-za-drzac-kapsule\/"]}]},{"@type":"ImageObject","inLanguage":"bs-BA","@id":"https:\/\/inti.hr\/bs\/proizvod\/bambusova-ladica-za-drzac-kapsule\/#primaryimage","url":"https:\/\/i0.wp.com\/inti.hr\/wp-content\/uploads\/2025\/01\/FRG179-R-S003_1800x1800.webp?fit=1600%2C1600&ssl=1","contentUrl":"https:\/\/i0.wp.com\/inti.hr\/wp-content\/uploads\/2025\/01\/FRG179-R-S003_1800x1800.webp?fit=1600%2C1600&ssl=1","width":1600,"height":1600},{"@type":"BreadcrumbList","@id":"https:\/\/inti.hr\/bs\/proizvod\/bambusova-ladica-za-drzac-kapsule\/#breadcrumb","itemListElement":[{"@type":"ListItem","position":1,"name":"Po\u010detna stranica","item":"https:\/\/inti.hr\/bs\/"},{"@type":"ListItem","position":2,"name":"Trgovina","item":"https:\/\/inti.hr\/bs\/trgovina\/"},{"@type":"ListItem","position":3,"name":"Bambusova ladica za dr\u017ea\u010d kapsule"}]},{"@type":"WebSite","@id":"https:\/\/inti.hr\/bs\/#website","url":"https:\/\/inti.hr\/bs\/","name":"Inti","description":"trgovina","potentialAction":[{"@type":"SearchAction","target":{"@type":"EntryPoint","urlTemplate":"https:\/\/inti.hr\/bs\/?s={search_term_string}"},"query-input":{"@type":"PropertyValueSpecification","valueRequired":true,"valueName":"search_term_string"}}],"inLanguage":"bs-BA"}]}},"jetpack_sharing_enabled":true,"jetpack-related-posts":[],"_links":{"self":[{"href":"https:\/\/inti.hr\/bs\/wp-json\/wp\/v2\/product\/31657"}],"collection":[{"href":"https:\/\/inti.hr\/bs\/wp-json\/wp\/v2\/product"}],"about":[{"href":"https:\/\/inti.hr\/bs\/wp-json\/wp\/v2\/types\/product"}],"wp:featuredmedia":[{"embeddable":true,"href":"https:\/\/inti.hr\/bs\/wp-json\/wp\/v2\/media\/31658"}],"wp:attachment":[{"href":"https:\/\/inti.hr\/bs\/wp-json\/wp\/v2\/media?parent=31657"}],"wp:term":[{"taxonomy":"product_cat","embeddable":true,"href":"https:\/\/inti.hr\/bs\/wp-json\/wp\/v2\/product_cat?post=31657"},{"taxonomy":"product_tag","embeddable":true,"href":"https:\/\/inti.hr\/bs\/wp-json\/wp\/v2\/product_tag?post=31657"}],"curies":[{"name":"wp","href":"https:\/\/api.w.org\/{rel}","templated":true}]}}