{"id":31661,"date":"2025-01-09T13:36:23","date_gmt":"2025-01-09T12:36:23","guid":{"rendered":"https:\/\/inti.hr\/product\/nocni-ormaric-40x40x48-cm\/"},"modified":"2025-01-09T13:36:23","modified_gmt":"2025-01-09T12:36:23","slug":"nocni-ormaric-40x40x48-cm","status":"publish","type":"product","link":"https:\/\/inti.hr\/bs\/proizvod\/nocni-ormaric-40x40x48-cm\/","title":{"rendered":"No\u0107ni ormari\u0107 40x40x48 cm"},"content":{"rendered":"<p><b><span>Pojedinosti o proizvodu:<\/span><br \/>\n<\/b><\/p>\n<ul>\n<li><span>Te\u017eina: pribli\u017eno 12,6 kg.\u00a0<\/span><\/li>\n<li><span>Testirano za: 20 kg.<\/span><\/li>\n<li><span>Materijal: PB(E1), MDF(E1).<\/span><\/li>\n<li><span>Mjere proizvoda: 40x40x48 cm (vidi sliku).\u00a0<\/span><\/li>\n<li><span>Dimenzije paketa: 44x44x15 cm.<\/span><\/li>\n<li><span>S uputama za sastavljanje i vijcima. Jednostavna instalacija.<\/span><\/li>\n<\/ul>\n","protected":false},"excerpt":{"rendered":"<p>Ovaj komad namje\u0161taja savr\u0161en je kao no\u0107ni ormari\u0107 u spava\u0107oj sobi, &#8230; <\/p>\n","protected":false},"featured_media":31662,"template":"","meta":[],"product_cat":[2414],"product_tag":[2672,2673],"yoast_head":"<!-- This site is optimized with the Yoast SEO plugin v23.7 - https:\/\/yoast.com\/wordpress\/plugins\/seo\/ -->\n<title>No\u0107ni ormari\u0107 40x40x48 cm - Inti<\/title>\n<meta name=\"description\" content=\"Ovaj komad namje\u0161taja savr\u0161en je kao no\u0107ni ormari\u0107 u spava\u0107oj sobi, pored sofe u dnevnoj sobi ili kao pomo\u0107ni stoli\u0107 u sobi za primanje. Ako volite malo \u010ditati prije spavanja ili provjeravati telefon, ovaj moderni no\u0107ni ormari\u0107 je ba\u0161 za vas.Osim \u0161to je estetski lijep, no\u0107ni ormari\u0107 je i vrlo prakti\u010dan za kori\u0161tenje zahvaljuju\u0107i ladici s vodilicom koja je dizajnirana da svaki predmet mo\u017eete pa\u017eljivo pospremiti.Zahvaljuju\u0107i maloj povr\u0161ini, no\u0107ni ormari\u0107 \u0161tedi prostor i pristaje \u010dak iu uskim kutovima i ni\u0161ama. Idealan je i kao pomo\u0107ni ormari\u0107 u dnevnoj sobi ili kao telefonski ormari\u0107 u hodniku.Noge od filca ispod nogu stola smanjuju buku i \u0161tite pod.Ovaj proizvod dolazi u pakiranju sa\u0107a koje se mo\u017ee 100% reciklirati, \u0161to ga \u010dini sigurnim i pouzdanim za kori\u0161tenje.\" \/>\n<meta name=\"robots\" content=\"index, follow, max-snippet:-1, max-image-preview:large, max-video-preview:-1\" \/>\n<link rel=\"canonical\" href=\"https:\/\/inti.hr\/bs\/proizvod\/nocni-ormaric-40x40x48-cm\/\" \/>\n<meta property=\"og:locale\" content=\"bs_BA\" \/>\n<meta property=\"og:type\" content=\"article\" \/>\n<meta property=\"og:title\" content=\"No\u0107ni ormari\u0107 40x40x48 cm - Inti\" \/>\n<meta property=\"og:description\" content=\"Ovaj komad namje\u0161taja savr\u0161en je kao no\u0107ni ormari\u0107 u spava\u0107oj sobi, pored sofe u dnevnoj sobi ili kao pomo\u0107ni stoli\u0107 u sobi za primanje. Ako volite malo \u010ditati prije spavanja ili provjeravati telefon, ovaj moderni no\u0107ni ormari\u0107 je ba\u0161 za vas.Osim \u0161to je estetski lijep, no\u0107ni ormari\u0107 je i vrlo prakti\u010dan za kori\u0161tenje zahvaljuju\u0107i ladici s vodilicom koja je dizajnirana da svaki predmet mo\u017eete pa\u017eljivo pospremiti.Zahvaljuju\u0107i maloj povr\u0161ini, no\u0107ni ormari\u0107 \u0161tedi prostor i pristaje \u010dak iu uskim kutovima i ni\u0161ama. Idealan je i kao pomo\u0107ni ormari\u0107 u dnevnoj sobi ili kao telefonski ormari\u0107 u hodniku.Noge od filca ispod nogu stola smanjuju buku i \u0161tite pod.Ovaj proizvod dolazi u pakiranju sa\u0107a koje se mo\u017ee 100% reciklirati, \u0161to ga \u010dini sigurnim i pouzdanim za kori\u0161tenje.\" \/>\n<meta property=\"og:url\" content=\"https:\/\/inti.hr\/bs\/proizvod\/nocni-ormaric-40x40x48-cm\/\" \/>\n<meta property=\"og:site_name\" content=\"Inti\" \/>\n<meta property=\"og:image\" content=\"https:\/\/i0.wp.com\/inti.hr\/wp-content\/uploads\/2025\/01\/FBT157-W-S001_1800x1800.webp?fit=1600%2C1600&ssl=1\" \/>\n\t<meta property=\"og:image:width\" content=\"1600\" \/>\n\t<meta property=\"og:image:height\" content=\"1600\" \/>\n\t<meta property=\"og:image:type\" content=\"image\/webp\" \/>\n<meta name=\"twitter:card\" content=\"summary_large_image\" \/>\n<script type=\"application\/ld+json\" class=\"yoast-schema-graph\">{\"@context\":\"https:\/\/schema.org\",\"@graph\":[{\"@type\":\"WebPage\",\"@id\":\"https:\/\/inti.hr\/bs\/proizvod\/nocni-ormaric-40x40x48-cm\/\",\"url\":\"https:\/\/inti.hr\/bs\/proizvod\/nocni-ormaric-40x40x48-cm\/\",\"name\":\"No\u0107ni ormari\u0107 40x40x48 cm - Inti\",\"isPartOf\":{\"@id\":\"https:\/\/inti.hr\/bs\/#website\"},\"primaryImageOfPage\":{\"@id\":\"https:\/\/inti.hr\/bs\/proizvod\/nocni-ormaric-40x40x48-cm\/#primaryimage\"},\"image\":{\"@id\":\"https:\/\/inti.hr\/bs\/proizvod\/nocni-ormaric-40x40x48-cm\/#primaryimage\"},\"thumbnailUrl\":\"https:\/\/i0.wp.com\/inti.hr\/wp-content\/uploads\/2025\/01\/FBT157-W-S001_1800x1800.webp?fit=1600%2C1600&ssl=1\",\"datePublished\":\"2025-01-09T12:36:23+00:00\",\"dateModified\":\"2025-01-09T12:36:23+00:00\",\"description\":\"Ovaj komad namje\u0161taja savr\u0161en je kao no\u0107ni ormari\u0107 u spava\u0107oj sobi, pored sofe u dnevnoj sobi ili kao pomo\u0107ni stoli\u0107 u sobi za primanje. Ako volite malo \u010ditati prije spavanja ili provjeravati telefon, ovaj moderni no\u0107ni ormari\u0107 je ba\u0161 za vas.Osim \u0161to je estetski lijep, no\u0107ni ormari\u0107 je i vrlo prakti\u010dan za kori\u0161tenje zahvaljuju\u0107i ladici s vodilicom koja je dizajnirana da svaki predmet mo\u017eete pa\u017eljivo pospremiti.Zahvaljuju\u0107i maloj povr\u0161ini, no\u0107ni ormari\u0107 \u0161tedi prostor i pristaje \u010dak iu uskim kutovima i ni\u0161ama. Idealan je i kao pomo\u0107ni ormari\u0107 u dnevnoj sobi ili kao telefonski ormari\u0107 u hodniku.Noge od filca ispod nogu stola smanjuju buku i \u0161tite pod.Ovaj proizvod dolazi u pakiranju sa\u0107a koje se mo\u017ee 100% reciklirati, \u0161to ga \u010dini sigurnim i pouzdanim za kori\u0161tenje.\",\"breadcrumb\":{\"@id\":\"https:\/\/inti.hr\/bs\/proizvod\/nocni-ormaric-40x40x48-cm\/#breadcrumb\"},\"inLanguage\":\"bs-BA\",\"potentialAction\":[{\"@type\":\"ReadAction\",\"target\":[\"https:\/\/inti.hr\/bs\/proizvod\/nocni-ormaric-40x40x48-cm\/\"]}]},{\"@type\":\"ImageObject\",\"inLanguage\":\"bs-BA\",\"@id\":\"https:\/\/inti.hr\/bs\/proizvod\/nocni-ormaric-40x40x48-cm\/#primaryimage\",\"url\":\"https:\/\/i0.wp.com\/inti.hr\/wp-content\/uploads\/2025\/01\/FBT157-W-S001_1800x1800.webp?fit=1600%2C1600&ssl=1\",\"contentUrl\":\"https:\/\/i0.wp.com\/inti.hr\/wp-content\/uploads\/2025\/01\/FBT157-W-S001_1800x1800.webp?fit=1600%2C1600&ssl=1\",\"width\":1600,\"height\":1600,\"caption\":\"SoBuy No\u0107ni ormari\u0107 40x40x48 cm FBT157-W\"},{\"@type\":\"BreadcrumbList\",\"@id\":\"https:\/\/inti.hr\/bs\/proizvod\/nocni-ormaric-40x40x48-cm\/#breadcrumb\",\"itemListElement\":[{\"@type\":\"ListItem\",\"position\":1,\"name\":\"Po\u010detna stranica\",\"item\":\"https:\/\/inti.hr\/bs\/\"},{\"@type\":\"ListItem\",\"position\":2,\"name\":\"Trgovina\",\"item\":\"https:\/\/inti.hr\/bs\/trgovina\/\"},{\"@type\":\"ListItem\",\"position\":3,\"name\":\"No\u0107ni ormari\u0107 40x40x48 cm\"}]},{\"@type\":\"WebSite\",\"@id\":\"https:\/\/inti.hr\/bs\/#website\",\"url\":\"https:\/\/inti.hr\/bs\/\",\"name\":\"Inti\",\"description\":\"trgovina\",\"potentialAction\":[{\"@type\":\"SearchAction\",\"target\":{\"@type\":\"EntryPoint\",\"urlTemplate\":\"https:\/\/inti.hr\/bs\/?s={search_term_string}\"},\"query-input\":{\"@type\":\"PropertyValueSpecification\",\"valueRequired\":true,\"valueName\":\"search_term_string\"}}],\"inLanguage\":\"bs-BA\"}]}<\/script>\n<!-- \/ Yoast SEO plugin. -->","yoast_head_json":{"title":"No\u0107ni ormari\u0107 40x40x48 cm - Inti","description":"Ovaj komad namje\u0161taja savr\u0161en je kao no\u0107ni ormari\u0107 u spava\u0107oj sobi, pored sofe u dnevnoj sobi ili kao pomo\u0107ni stoli\u0107 u sobi za primanje. Ako volite malo \u010ditati prije spavanja ili provjeravati telefon, ovaj moderni no\u0107ni ormari\u0107 je ba\u0161 za vas.Osim \u0161to je estetski lijep, no\u0107ni ormari\u0107 je i vrlo prakti\u010dan za kori\u0161tenje zahvaljuju\u0107i ladici s vodilicom koja je dizajnirana da svaki predmet mo\u017eete pa\u017eljivo pospremiti.Zahvaljuju\u0107i maloj povr\u0161ini, no\u0107ni ormari\u0107 \u0161tedi prostor i pristaje \u010dak iu uskim kutovima i ni\u0161ama. Idealan je i kao pomo\u0107ni ormari\u0107 u dnevnoj sobi ili kao telefonski ormari\u0107 u hodniku.Noge od filca ispod nogu stola smanjuju buku i \u0161tite pod.Ovaj proizvod dolazi u pakiranju sa\u0107a koje se mo\u017ee 100% reciklirati, \u0161to ga \u010dini sigurnim i pouzdanim za kori\u0161tenje.","robots":{"index":"index","follow":"follow","max-snippet":"max-snippet:-1","max-image-preview":"max-image-preview:large","max-video-preview":"max-video-preview:-1"},"canonical":"https:\/\/inti.hr\/bs\/proizvod\/nocni-ormaric-40x40x48-cm\/","og_locale":"bs_BA","og_type":"article","og_title":"No\u0107ni ormari\u0107 40x40x48 cm - Inti","og_description":"Ovaj komad namje\u0161taja savr\u0161en je kao no\u0107ni ormari\u0107 u spava\u0107oj sobi, pored sofe u dnevnoj sobi ili kao pomo\u0107ni stoli\u0107 u sobi za primanje. Ako volite malo \u010ditati prije spavanja ili provjeravati telefon, ovaj moderni no\u0107ni ormari\u0107 je ba\u0161 za vas.Osim \u0161to je estetski lijep, no\u0107ni ormari\u0107 je i vrlo prakti\u010dan za kori\u0161tenje zahvaljuju\u0107i ladici s vodilicom koja je dizajnirana da svaki predmet mo\u017eete pa\u017eljivo pospremiti.Zahvaljuju\u0107i maloj povr\u0161ini, no\u0107ni ormari\u0107 \u0161tedi prostor i pristaje \u010dak iu uskim kutovima i ni\u0161ama. Idealan je i kao pomo\u0107ni ormari\u0107 u dnevnoj sobi ili kao telefonski ormari\u0107 u hodniku.Noge od filca ispod nogu stola smanjuju buku i \u0161tite pod.Ovaj proizvod dolazi u pakiranju sa\u0107a koje se mo\u017ee 100% reciklirati, \u0161to ga \u010dini sigurnim i pouzdanim za kori\u0161tenje.","og_url":"https:\/\/inti.hr\/bs\/proizvod\/nocni-ormaric-40x40x48-cm\/","og_site_name":"Inti","og_image":[{"width":1600,"height":1600,"url":"https:\/\/i0.wp.com\/inti.hr\/wp-content\/uploads\/2025\/01\/FBT157-W-S001_1800x1800.webp?fit=1600%2C1600&ssl=1","type":"image\/webp"}],"twitter_card":"summary_large_image","schema":{"@context":"https:\/\/schema.org","@graph":[{"@type":"WebPage","@id":"https:\/\/inti.hr\/bs\/proizvod\/nocni-ormaric-40x40x48-cm\/","url":"https:\/\/inti.hr\/bs\/proizvod\/nocni-ormaric-40x40x48-cm\/","name":"No\u0107ni ormari\u0107 40x40x48 cm - Inti","isPartOf":{"@id":"https:\/\/inti.hr\/bs\/#website"},"primaryImageOfPage":{"@id":"https:\/\/inti.hr\/bs\/proizvod\/nocni-ormaric-40x40x48-cm\/#primaryimage"},"image":{"@id":"https:\/\/inti.hr\/bs\/proizvod\/nocni-ormaric-40x40x48-cm\/#primaryimage"},"thumbnailUrl":"https:\/\/i0.wp.com\/inti.hr\/wp-content\/uploads\/2025\/01\/FBT157-W-S001_1800x1800.webp?fit=1600%2C1600&ssl=1","datePublished":"2025-01-09T12:36:23+00:00","dateModified":"2025-01-09T12:36:23+00:00","description":"Ovaj komad namje\u0161taja savr\u0161en je kao no\u0107ni ormari\u0107 u spava\u0107oj sobi, pored sofe u dnevnoj sobi ili kao pomo\u0107ni stoli\u0107 u sobi za primanje. Ako volite malo \u010ditati prije spavanja ili provjeravati telefon, ovaj moderni no\u0107ni ormari\u0107 je ba\u0161 za vas.Osim \u0161to je estetski lijep, no\u0107ni ormari\u0107 je i vrlo prakti\u010dan za kori\u0161tenje zahvaljuju\u0107i ladici s vodilicom koja je dizajnirana da svaki predmet mo\u017eete pa\u017eljivo pospremiti.Zahvaljuju\u0107i maloj povr\u0161ini, no\u0107ni ormari\u0107 \u0161tedi prostor i pristaje \u010dak iu uskim kutovima i ni\u0161ama. Idealan je i kao pomo\u0107ni ormari\u0107 u dnevnoj sobi ili kao telefonski ormari\u0107 u hodniku.Noge od filca ispod nogu stola smanjuju buku i \u0161tite pod.Ovaj proizvod dolazi u pakiranju sa\u0107a koje se mo\u017ee 100% reciklirati, \u0161to ga \u010dini sigurnim i pouzdanim za kori\u0161tenje.","breadcrumb":{"@id":"https:\/\/inti.hr\/bs\/proizvod\/nocni-ormaric-40x40x48-cm\/#breadcrumb"},"inLanguage":"bs-BA","potentialAction":[{"@type":"ReadAction","target":["https:\/\/inti.hr\/bs\/proizvod\/nocni-ormaric-40x40x48-cm\/"]}]},{"@type":"ImageObject","inLanguage":"bs-BA","@id":"https:\/\/inti.hr\/bs\/proizvod\/nocni-ormaric-40x40x48-cm\/#primaryimage","url":"https:\/\/i0.wp.com\/inti.hr\/wp-content\/uploads\/2025\/01\/FBT157-W-S001_1800x1800.webp?fit=1600%2C1600&ssl=1","contentUrl":"https:\/\/i0.wp.com\/inti.hr\/wp-content\/uploads\/2025\/01\/FBT157-W-S001_1800x1800.webp?fit=1600%2C1600&ssl=1","width":1600,"height":1600,"caption":"SoBuy No\u0107ni ormari\u0107 40x40x48 cm FBT157-W"},{"@type":"BreadcrumbList","@id":"https:\/\/inti.hr\/bs\/proizvod\/nocni-ormaric-40x40x48-cm\/#breadcrumb","itemListElement":[{"@type":"ListItem","position":1,"name":"Po\u010detna stranica","item":"https:\/\/inti.hr\/bs\/"},{"@type":"ListItem","position":2,"name":"Trgovina","item":"https:\/\/inti.hr\/bs\/trgovina\/"},{"@type":"ListItem","position":3,"name":"No\u0107ni ormari\u0107 40x40x48 cm"}]},{"@type":"WebSite","@id":"https:\/\/inti.hr\/bs\/#website","url":"https:\/\/inti.hr\/bs\/","name":"Inti","description":"trgovina","potentialAction":[{"@type":"SearchAction","target":{"@type":"EntryPoint","urlTemplate":"https:\/\/inti.hr\/bs\/?s={search_term_string}"},"query-input":{"@type":"PropertyValueSpecification","valueRequired":true,"valueName":"search_term_string"}}],"inLanguage":"bs-BA"}]}},"jetpack_sharing_enabled":true,"jetpack-related-posts":[],"_links":{"self":[{"href":"https:\/\/inti.hr\/bs\/wp-json\/wp\/v2\/product\/31661"}],"collection":[{"href":"https:\/\/inti.hr\/bs\/wp-json\/wp\/v2\/product"}],"about":[{"href":"https:\/\/inti.hr\/bs\/wp-json\/wp\/v2\/types\/product"}],"wp:featuredmedia":[{"embeddable":true,"href":"https:\/\/inti.hr\/bs\/wp-json\/wp\/v2\/media\/31662"}],"wp:attachment":[{"href":"https:\/\/inti.hr\/bs\/wp-json\/wp\/v2\/media?parent=31661"}],"wp:term":[{"taxonomy":"product_cat","embeddable":true,"href":"https:\/\/inti.hr\/bs\/wp-json\/wp\/v2\/product_cat?post=31661"},{"taxonomy":"product_tag","embeddable":true,"href":"https:\/\/inti.hr\/bs\/wp-json\/wp\/v2\/product_tag?post=31661"}],"curies":[{"name":"wp","href":"https:\/\/api.w.org\/{rel}","templated":true}]}}