{"id":31675,"date":"2025-01-08T19:12:37","date_gmt":"2025-01-08T18:12:37","guid":{"rendered":"https:\/\/inti.hr\/product\/toaletni-stol-u-obliku-slova-l\/"},"modified":"2025-01-08T19:12:37","modified_gmt":"2025-01-08T18:12:37","slug":"toaletni-stol-u-obliku-slova-l","status":"publish","type":"product","link":"https:\/\/inti.hr\/bs\/proizvod\/toaletni-stol-u-obliku-slova-l\/","title":{"rendered":"Toaletni stol u obliku slova L"},"content":{"rendered":"<p>Detalji proizvoda:<br \/>\nBoja: snje\u017eno bijela<br \/>\nMaterijal: iverica<br \/>\nVeli\u010dina komode: 39 x 120 x 72 cm (D x \u0160 x V)<br \/>\nVeli\u010dina stolnog dijela s policom: 39 x 90 x 74 cm (D x \u0160 x V)<br \/>\nUkupna te\u017eina: 49,4 kg<br \/>\nMaksimalna stati\u010dka nosivost: 120 kg<br \/>\nMaksimalna stati\u010dka nosivost gornje plo\u010de komode: 75 kg<br \/>\nMaksimalna stati\u010dka nosivost svake ladice: 8 kg<\/p>\n","protected":false},"excerpt":{"rendered":"<p>Sa 6 prostranih ladica, komoda nudi obilje prostora da svoje stvari &#8230; <\/p>\n","protected":false},"featured_media":31676,"template":"","meta":[],"product_cat":[2414],"product_tag":[2673,3046],"yoast_head":"<!-- This site is optimized with the Yoast SEO plugin v23.7 - https:\/\/yoast.com\/wordpress\/plugins\/seo\/ -->\n<title>Toaletni stol u obliku slova L - Inti<\/title>\n<meta name=\"description\" content=\"Sa 6 prostranih ladica, komoda nudi obilje prostora da svoje stvari dr\u017eite razvrstanim i izvan vidokruga te da stvari budu uredne. Zahvaljuju\u0107i 2 povr\u0161ine i 2 otvorena pretinca svoje najva\u017enije stvari mo\u017eete dr\u017eati pri ruci. Jasne linije, kombinacija zatvorenog i otvorenog prostora - ovaj bijeli stol s prostorom za odlaganje karakterizira moderan izgled u kombinaciji s funkcionalno\u0161\u0107u i pristaje razli\u010ditim \u017eivotnim stilovima. Stol i komoda mogu se fleksibilno kombinirati, u obliku slova L ili jedan pored drugog, komoda s lijeve ili desne strane - ovisno o situaciji u prostoriji. Bilo kao toaletni stol, radni stol ili ormari\u0107, sve je u redu! Izra\u0111en od visokokvalitetnog iverala, set je robustan i otporan (gornja plo\u010da komode do 75 kg, svaka ladica do 8 kg). Za dodatnu sigurnost, mo\u017eete ga pri\u010dvrstiti na zid pomo\u0107u prilo\u017eenog ure\u0111aja protiv prevrtanja.\" \/>\n<meta name=\"robots\" content=\"index, follow, max-snippet:-1, max-image-preview:large, max-video-preview:-1\" \/>\n<link rel=\"canonical\" href=\"https:\/\/inti.hr\/bs\/proizvod\/toaletni-stol-u-obliku-slova-l\/\" \/>\n<meta property=\"og:locale\" content=\"bs_BA\" \/>\n<meta property=\"og:type\" content=\"article\" \/>\n<meta property=\"og:title\" content=\"Toaletni stol u obliku slova L - Inti\" \/>\n<meta property=\"og:description\" content=\"Sa 6 prostranih ladica, komoda nudi obilje prostora da svoje stvari dr\u017eite razvrstanim i izvan vidokruga te da stvari budu uredne. Zahvaljuju\u0107i 2 povr\u0161ine i 2 otvorena pretinca svoje najva\u017enije stvari mo\u017eete dr\u017eati pri ruci. Jasne linije, kombinacija zatvorenog i otvorenog prostora - ovaj bijeli stol s prostorom za odlaganje karakterizira moderan izgled u kombinaciji s funkcionalno\u0161\u0107u i pristaje razli\u010ditim \u017eivotnim stilovima. Stol i komoda mogu se fleksibilno kombinirati, u obliku slova L ili jedan pored drugog, komoda s lijeve ili desne strane - ovisno o situaciji u prostoriji. Bilo kao toaletni stol, radni stol ili ormari\u0107, sve je u redu! Izra\u0111en od visokokvalitetnog iverala, set je robustan i otporan (gornja plo\u010da komode do 75 kg, svaka ladica do 8 kg). Za dodatnu sigurnost, mo\u017eete ga pri\u010dvrstiti na zid pomo\u0107u prilo\u017eenog ure\u0111aja protiv prevrtanja.\" \/>\n<meta property=\"og:url\" content=\"https:\/\/inti.hr\/bs\/proizvod\/toaletni-stol-u-obliku-slova-l\/\" \/>\n<meta property=\"og:site_name\" content=\"Inti\" \/>\n<meta property=\"og:image\" content=\"https:\/\/i0.wp.com\/inti.hr\/wp-content\/uploads\/2025\/01\/LTS656W01-2-4.jpg?fit=800%2C1000&ssl=1\" \/>\n\t<meta property=\"og:image:width\" content=\"800\" \/>\n\t<meta property=\"og:image:height\" content=\"1000\" \/>\n\t<meta property=\"og:image:type\" content=\"image\/jpeg\" \/>\n<meta name=\"twitter:card\" content=\"summary_large_image\" \/>\n<script type=\"application\/ld+json\" class=\"yoast-schema-graph\">{\"@context\":\"https:\/\/schema.org\",\"@graph\":[{\"@type\":\"WebPage\",\"@id\":\"https:\/\/inti.hr\/bs\/proizvod\/toaletni-stol-u-obliku-slova-l\/\",\"url\":\"https:\/\/inti.hr\/bs\/proizvod\/toaletni-stol-u-obliku-slova-l\/\",\"name\":\"Toaletni stol u obliku slova L - Inti\",\"isPartOf\":{\"@id\":\"https:\/\/inti.hr\/bs\/#website\"},\"primaryImageOfPage\":{\"@id\":\"https:\/\/inti.hr\/bs\/proizvod\/toaletni-stol-u-obliku-slova-l\/#primaryimage\"},\"image\":{\"@id\":\"https:\/\/inti.hr\/bs\/proizvod\/toaletni-stol-u-obliku-slova-l\/#primaryimage\"},\"thumbnailUrl\":\"https:\/\/i0.wp.com\/inti.hr\/wp-content\/uploads\/2025\/01\/LTS656W01-2-4.jpg?fit=800%2C1000&ssl=1\",\"datePublished\":\"2025-01-08T18:12:37+00:00\",\"dateModified\":\"2025-01-08T18:12:37+00:00\",\"description\":\"Sa 6 prostranih ladica, komoda nudi obilje prostora da svoje stvari dr\u017eite razvrstanim i izvan vidokruga te da stvari budu uredne. Zahvaljuju\u0107i 2 povr\u0161ine i 2 otvorena pretinca svoje najva\u017enije stvari mo\u017eete dr\u017eati pri ruci. Jasne linije, kombinacija zatvorenog i otvorenog prostora - ovaj bijeli stol s prostorom za odlaganje karakterizira moderan izgled u kombinaciji s funkcionalno\u0161\u0107u i pristaje razli\u010ditim \u017eivotnim stilovima. Stol i komoda mogu se fleksibilno kombinirati, u obliku slova L ili jedan pored drugog, komoda s lijeve ili desne strane - ovisno o situaciji u prostoriji. Bilo kao toaletni stol, radni stol ili ormari\u0107, sve je u redu! Izra\u0111en od visokokvalitetnog iverala, set je robustan i otporan (gornja plo\u010da komode do 75 kg, svaka ladica do 8 kg). Za dodatnu sigurnost, mo\u017eete ga pri\u010dvrstiti na zid pomo\u0107u prilo\u017eenog ure\u0111aja protiv prevrtanja.\",\"breadcrumb\":{\"@id\":\"https:\/\/inti.hr\/bs\/proizvod\/toaletni-stol-u-obliku-slova-l\/#breadcrumb\"},\"inLanguage\":\"bs-BA\",\"potentialAction\":[{\"@type\":\"ReadAction\",\"target\":[\"https:\/\/inti.hr\/bs\/proizvod\/toaletni-stol-u-obliku-slova-l\/\"]}]},{\"@type\":\"ImageObject\",\"inLanguage\":\"bs-BA\",\"@id\":\"https:\/\/inti.hr\/bs\/proizvod\/toaletni-stol-u-obliku-slova-l\/#primaryimage\",\"url\":\"https:\/\/i0.wp.com\/inti.hr\/wp-content\/uploads\/2025\/01\/LTS656W01-2-4.jpg?fit=800%2C1000&ssl=1\",\"contentUrl\":\"https:\/\/i0.wp.com\/inti.hr\/wp-content\/uploads\/2025\/01\/LTS656W01-2-4.jpg?fit=800%2C1000&ssl=1\",\"width\":800,\"height\":1000,\"caption\":\"SONGMICS toaletni stol s policama jedna do druge ili snje\u017eno bijeli u obliku slova L\"},{\"@type\":\"BreadcrumbList\",\"@id\":\"https:\/\/inti.hr\/bs\/proizvod\/toaletni-stol-u-obliku-slova-l\/#breadcrumb\",\"itemListElement\":[{\"@type\":\"ListItem\",\"position\":1,\"name\":\"Po\u010detna stranica\",\"item\":\"https:\/\/inti.hr\/bs\/\"},{\"@type\":\"ListItem\",\"position\":2,\"name\":\"Trgovina\",\"item\":\"https:\/\/inti.hr\/bs\/trgovina\/\"},{\"@type\":\"ListItem\",\"position\":3,\"name\":\"Toaletni stol u obliku slova L\"}]},{\"@type\":\"WebSite\",\"@id\":\"https:\/\/inti.hr\/bs\/#website\",\"url\":\"https:\/\/inti.hr\/bs\/\",\"name\":\"Inti\",\"description\":\"trgovina\",\"potentialAction\":[{\"@type\":\"SearchAction\",\"target\":{\"@type\":\"EntryPoint\",\"urlTemplate\":\"https:\/\/inti.hr\/bs\/?s={search_term_string}\"},\"query-input\":{\"@type\":\"PropertyValueSpecification\",\"valueRequired\":true,\"valueName\":\"search_term_string\"}}],\"inLanguage\":\"bs-BA\"}]}<\/script>\n<!-- \/ Yoast SEO plugin. -->","yoast_head_json":{"title":"Toaletni stol u obliku slova L - Inti","description":"Sa 6 prostranih ladica, komoda nudi obilje prostora da svoje stvari dr\u017eite razvrstanim i izvan vidokruga te da stvari budu uredne. Zahvaljuju\u0107i 2 povr\u0161ine i 2 otvorena pretinca svoje najva\u017enije stvari mo\u017eete dr\u017eati pri ruci. Jasne linije, kombinacija zatvorenog i otvorenog prostora - ovaj bijeli stol s prostorom za odlaganje karakterizira moderan izgled u kombinaciji s funkcionalno\u0161\u0107u i pristaje razli\u010ditim \u017eivotnim stilovima. Stol i komoda mogu se fleksibilno kombinirati, u obliku slova L ili jedan pored drugog, komoda s lijeve ili desne strane - ovisno o situaciji u prostoriji. Bilo kao toaletni stol, radni stol ili ormari\u0107, sve je u redu! Izra\u0111en od visokokvalitetnog iverala, set je robustan i otporan (gornja plo\u010da komode do 75 kg, svaka ladica do 8 kg). Za dodatnu sigurnost, mo\u017eete ga pri\u010dvrstiti na zid pomo\u0107u prilo\u017eenog ure\u0111aja protiv prevrtanja.","robots":{"index":"index","follow":"follow","max-snippet":"max-snippet:-1","max-image-preview":"max-image-preview:large","max-video-preview":"max-video-preview:-1"},"canonical":"https:\/\/inti.hr\/bs\/proizvod\/toaletni-stol-u-obliku-slova-l\/","og_locale":"bs_BA","og_type":"article","og_title":"Toaletni stol u obliku slova L - Inti","og_description":"Sa 6 prostranih ladica, komoda nudi obilje prostora da svoje stvari dr\u017eite razvrstanim i izvan vidokruga te da stvari budu uredne. Zahvaljuju\u0107i 2 povr\u0161ine i 2 otvorena pretinca svoje najva\u017enije stvari mo\u017eete dr\u017eati pri ruci. Jasne linije, kombinacija zatvorenog i otvorenog prostora - ovaj bijeli stol s prostorom za odlaganje karakterizira moderan izgled u kombinaciji s funkcionalno\u0161\u0107u i pristaje razli\u010ditim \u017eivotnim stilovima. Stol i komoda mogu se fleksibilno kombinirati, u obliku slova L ili jedan pored drugog, komoda s lijeve ili desne strane - ovisno o situaciji u prostoriji. Bilo kao toaletni stol, radni stol ili ormari\u0107, sve je u redu! Izra\u0111en od visokokvalitetnog iverala, set je robustan i otporan (gornja plo\u010da komode do 75 kg, svaka ladica do 8 kg). Za dodatnu sigurnost, mo\u017eete ga pri\u010dvrstiti na zid pomo\u0107u prilo\u017eenog ure\u0111aja protiv prevrtanja.","og_url":"https:\/\/inti.hr\/bs\/proizvod\/toaletni-stol-u-obliku-slova-l\/","og_site_name":"Inti","og_image":[{"width":800,"height":1000,"url":"https:\/\/i0.wp.com\/inti.hr\/wp-content\/uploads\/2025\/01\/LTS656W01-2-4.jpg?fit=800%2C1000&ssl=1","type":"image\/jpeg"}],"twitter_card":"summary_large_image","schema":{"@context":"https:\/\/schema.org","@graph":[{"@type":"WebPage","@id":"https:\/\/inti.hr\/bs\/proizvod\/toaletni-stol-u-obliku-slova-l\/","url":"https:\/\/inti.hr\/bs\/proizvod\/toaletni-stol-u-obliku-slova-l\/","name":"Toaletni stol u obliku slova L - Inti","isPartOf":{"@id":"https:\/\/inti.hr\/bs\/#website"},"primaryImageOfPage":{"@id":"https:\/\/inti.hr\/bs\/proizvod\/toaletni-stol-u-obliku-slova-l\/#primaryimage"},"image":{"@id":"https:\/\/inti.hr\/bs\/proizvod\/toaletni-stol-u-obliku-slova-l\/#primaryimage"},"thumbnailUrl":"https:\/\/i0.wp.com\/inti.hr\/wp-content\/uploads\/2025\/01\/LTS656W01-2-4.jpg?fit=800%2C1000&ssl=1","datePublished":"2025-01-08T18:12:37+00:00","dateModified":"2025-01-08T18:12:37+00:00","description":"Sa 6 prostranih ladica, komoda nudi obilje prostora da svoje stvari dr\u017eite razvrstanim i izvan vidokruga te da stvari budu uredne. Zahvaljuju\u0107i 2 povr\u0161ine i 2 otvorena pretinca svoje najva\u017enije stvari mo\u017eete dr\u017eati pri ruci. Jasne linije, kombinacija zatvorenog i otvorenog prostora - ovaj bijeli stol s prostorom za odlaganje karakterizira moderan izgled u kombinaciji s funkcionalno\u0161\u0107u i pristaje razli\u010ditim \u017eivotnim stilovima. Stol i komoda mogu se fleksibilno kombinirati, u obliku slova L ili jedan pored drugog, komoda s lijeve ili desne strane - ovisno o situaciji u prostoriji. Bilo kao toaletni stol, radni stol ili ormari\u0107, sve je u redu! Izra\u0111en od visokokvalitetnog iverala, set je robustan i otporan (gornja plo\u010da komode do 75 kg, svaka ladica do 8 kg). Za dodatnu sigurnost, mo\u017eete ga pri\u010dvrstiti na zid pomo\u0107u prilo\u017eenog ure\u0111aja protiv prevrtanja.","breadcrumb":{"@id":"https:\/\/inti.hr\/bs\/proizvod\/toaletni-stol-u-obliku-slova-l\/#breadcrumb"},"inLanguage":"bs-BA","potentialAction":[{"@type":"ReadAction","target":["https:\/\/inti.hr\/bs\/proizvod\/toaletni-stol-u-obliku-slova-l\/"]}]},{"@type":"ImageObject","inLanguage":"bs-BA","@id":"https:\/\/inti.hr\/bs\/proizvod\/toaletni-stol-u-obliku-slova-l\/#primaryimage","url":"https:\/\/i0.wp.com\/inti.hr\/wp-content\/uploads\/2025\/01\/LTS656W01-2-4.jpg?fit=800%2C1000&ssl=1","contentUrl":"https:\/\/i0.wp.com\/inti.hr\/wp-content\/uploads\/2025\/01\/LTS656W01-2-4.jpg?fit=800%2C1000&ssl=1","width":800,"height":1000,"caption":"SONGMICS toaletni stol s policama jedna do druge ili snje\u017eno bijeli u obliku slova L"},{"@type":"BreadcrumbList","@id":"https:\/\/inti.hr\/bs\/proizvod\/toaletni-stol-u-obliku-slova-l\/#breadcrumb","itemListElement":[{"@type":"ListItem","position":1,"name":"Po\u010detna stranica","item":"https:\/\/inti.hr\/bs\/"},{"@type":"ListItem","position":2,"name":"Trgovina","item":"https:\/\/inti.hr\/bs\/trgovina\/"},{"@type":"ListItem","position":3,"name":"Toaletni stol u obliku slova L"}]},{"@type":"WebSite","@id":"https:\/\/inti.hr\/bs\/#website","url":"https:\/\/inti.hr\/bs\/","name":"Inti","description":"trgovina","potentialAction":[{"@type":"SearchAction","target":{"@type":"EntryPoint","urlTemplate":"https:\/\/inti.hr\/bs\/?s={search_term_string}"},"query-input":{"@type":"PropertyValueSpecification","valueRequired":true,"valueName":"search_term_string"}}],"inLanguage":"bs-BA"}]}},"jetpack_sharing_enabled":true,"jetpack-related-posts":[],"_links":{"self":[{"href":"https:\/\/inti.hr\/bs\/wp-json\/wp\/v2\/product\/31675"}],"collection":[{"href":"https:\/\/inti.hr\/bs\/wp-json\/wp\/v2\/product"}],"about":[{"href":"https:\/\/inti.hr\/bs\/wp-json\/wp\/v2\/types\/product"}],"wp:featuredmedia":[{"embeddable":true,"href":"https:\/\/inti.hr\/bs\/wp-json\/wp\/v2\/media\/31676"}],"wp:attachment":[{"href":"https:\/\/inti.hr\/bs\/wp-json\/wp\/v2\/media?parent=31675"}],"wp:term":[{"taxonomy":"product_cat","embeddable":true,"href":"https:\/\/inti.hr\/bs\/wp-json\/wp\/v2\/product_cat?post=31675"},{"taxonomy":"product_tag","embeddable":true,"href":"https:\/\/inti.hr\/bs\/wp-json\/wp\/v2\/product_tag?post=31675"}],"curies":[{"name":"wp","href":"https:\/\/api.w.org\/{rel}","templated":true}]}}