{"id":31709,"date":"2025-01-06T19:58:10","date_gmt":"2025-01-06T18:58:10","guid":{"rendered":"https:\/\/inti.hr\/product\/toaletni-stolic-s-led-rasvjetom-i-cloud-white-ogledalom\/"},"modified":"2025-01-06T19:58:10","modified_gmt":"2025-01-06T18:58:10","slug":"toaletni-stolic-s-led-rasvjetom-i-cloud-white-ogledalom","status":"publish","type":"product","link":"https:\/\/inti.hr\/bs\/proizvod\/toaletni-stolic-s-led-rasvjetom-i-cloud-white-ogledalom\/","title":{"rendered":"Toaletni stoli\u0107 s LED rasvjetom i cloud white ogledalom"},"content":{"rendered":"<p>Detalji proizvoda:<br \/>\nBoja: oblak bijela<br \/>\nMaterijal: iveral, ogledalo, bar\u0161un<br \/>\nVeli\u010dina: 40 x 125 x 140 cm (D x \u0160 x V)<br \/>\nTe\u017eina: 46,5 kg<br \/>\nMaksimalna stati\u010dka nosivost plo\u010de stola: 75 kg<br \/>\nMaksimalna stati\u010dka nosivost svake ladice: 5 kg<\/p>\n","protected":false},"excerpt":{"rendered":"<p>Velika plo\u010da stola, gornja polica, bo\u010dna polica za odlaganje na dva &#8230; <\/p>\n","protected":false},"featured_media":31710,"template":"","meta":[],"product_cat":[2414],"product_tag":[2673,3060],"yoast_head":"<!-- This site is optimized with the Yoast SEO plugin v23.7 - https:\/\/yoast.com\/wordpress\/plugins\/seo\/ -->\n<title>Toaletni stoli\u0107 s LED rasvjetom i cloud white ogledalom - Inti<\/title>\n<meta name=\"description\" content=\"Velika plo\u010da stola, gornja polica, bo\u010dna polica za odlaganje na dva nivoa, 2 velike ladice, ormari\u0107 za nakit i komoda s 3 ladice - sve va\u0161e dragocjenosti ovdje \u0107e prona\u0107i svoje mjesto. S 2 AC uti\u010dnice i 2 USB priklju\u010dka, mo\u017eete koristiti su\u0161ila za kosu i pegle izravno za kozmeti\u010dkim stolom; Adapter nudi dodatnu vezu za svjetlo ogledala. Sa svojim \u010distim linijama, bijelim tonovima i jednostavnim izgledom, ovaj toaletni stoli\u0107 odi\u0161e elegantnom notom i daje va\u0161oj sobi jedinstveni \u0161arm. Veliko ogledalo je opremljeno sa 10 podesivih \u017earulja. S kontrolama na dodir mo\u017eete promijeniti boju i svjetlinu svjetla za besprijekornu \u0161minku. Ovaj funkcionalni toaletni stoli\u0107 omogu\u0107uje pohranjivanje va\u0161e kozmetike i nakita na jednom mjestu. Sve \u0161to vam je potrebno za va\u0161u beauty rutinu je pri ruci.\u00a0\" \/>\n<meta name=\"robots\" content=\"index, follow, max-snippet:-1, max-image-preview:large, max-video-preview:-1\" \/>\n<link rel=\"canonical\" href=\"https:\/\/inti.hr\/bs\/proizvod\/toaletni-stolic-s-led-rasvjetom-i-cloud-white-ogledalom\/\" \/>\n<meta property=\"og:locale\" content=\"bs_BA\" \/>\n<meta property=\"og:type\" content=\"article\" \/>\n<meta property=\"og:title\" content=\"Toaletni stoli\u0107 s LED rasvjetom i cloud white ogledalom - Inti\" \/>\n<meta property=\"og:description\" content=\"Velika plo\u010da stola, gornja polica, bo\u010dna polica za odlaganje na dva nivoa, 2 velike ladice, ormari\u0107 za nakit i komoda s 3 ladice - sve va\u0161e dragocjenosti ovdje \u0107e prona\u0107i svoje mjesto. S 2 AC uti\u010dnice i 2 USB priklju\u010dka, mo\u017eete koristiti su\u0161ila za kosu i pegle izravno za kozmeti\u010dkim stolom; Adapter nudi dodatnu vezu za svjetlo ogledala. Sa svojim \u010distim linijama, bijelim tonovima i jednostavnim izgledom, ovaj toaletni stoli\u0107 odi\u0161e elegantnom notom i daje va\u0161oj sobi jedinstveni \u0161arm. Veliko ogledalo je opremljeno sa 10 podesivih \u017earulja. S kontrolama na dodir mo\u017eete promijeniti boju i svjetlinu svjetla za besprijekornu \u0161minku. Ovaj funkcionalni toaletni stoli\u0107 omogu\u0107uje pohranjivanje va\u0161e kozmetike i nakita na jednom mjestu. Sve \u0161to vam je potrebno za va\u0161u beauty rutinu je pri ruci.\u00a0\" \/>\n<meta property=\"og:url\" content=\"https:\/\/inti.hr\/bs\/proizvod\/toaletni-stolic-s-led-rasvjetom-i-cloud-white-ogledalom\/\" \/>\n<meta property=\"og:site_name\" content=\"Inti\" \/>\n<meta property=\"og:image\" content=\"https:\/\/i0.wp.com\/inti.hr\/wp-content\/uploads\/2025\/01\/RDT127W01-1.jpg?fit=1000%2C1000&ssl=1\" \/>\n\t<meta property=\"og:image:width\" content=\"1000\" \/>\n\t<meta property=\"og:image:height\" content=\"1000\" \/>\n\t<meta property=\"og:image:type\" content=\"image\/jpeg\" \/>\n<meta name=\"twitter:card\" content=\"summary_large_image\" \/>\n<script type=\"application\/ld+json\" class=\"yoast-schema-graph\">{\"@context\":\"https:\/\/schema.org\",\"@graph\":[{\"@type\":\"WebPage\",\"@id\":\"https:\/\/inti.hr\/bs\/proizvod\/toaletni-stolic-s-led-rasvjetom-i-cloud-white-ogledalom\/\",\"url\":\"https:\/\/inti.hr\/bs\/proizvod\/toaletni-stolic-s-led-rasvjetom-i-cloud-white-ogledalom\/\",\"name\":\"Toaletni stoli\u0107 s LED rasvjetom i cloud white ogledalom - Inti\",\"isPartOf\":{\"@id\":\"https:\/\/inti.hr\/bs\/#website\"},\"primaryImageOfPage\":{\"@id\":\"https:\/\/inti.hr\/bs\/proizvod\/toaletni-stolic-s-led-rasvjetom-i-cloud-white-ogledalom\/#primaryimage\"},\"image\":{\"@id\":\"https:\/\/inti.hr\/bs\/proizvod\/toaletni-stolic-s-led-rasvjetom-i-cloud-white-ogledalom\/#primaryimage\"},\"thumbnailUrl\":\"https:\/\/i0.wp.com\/inti.hr\/wp-content\/uploads\/2025\/01\/RDT127W01-1.jpg?fit=1000%2C1000&ssl=1\",\"datePublished\":\"2025-01-06T18:58:10+00:00\",\"dateModified\":\"2025-01-06T18:58:10+00:00\",\"description\":\"Velika plo\u010da stola, gornja polica, bo\u010dna polica za odlaganje na dva nivoa, 2 velike ladice, ormari\u0107 za nakit i komoda s 3 ladice - sve va\u0161e dragocjenosti ovdje \u0107e prona\u0107i svoje mjesto. S 2 AC uti\u010dnice i 2 USB priklju\u010dka, mo\u017eete koristiti su\u0161ila za kosu i pegle izravno za kozmeti\u010dkim stolom; Adapter nudi dodatnu vezu za svjetlo ogledala. Sa svojim \u010distim linijama, bijelim tonovima i jednostavnim izgledom, ovaj toaletni stoli\u0107 odi\u0161e elegantnom notom i daje va\u0161oj sobi jedinstveni \u0161arm. Veliko ogledalo je opremljeno sa 10 podesivih \u017earulja. S kontrolama na dodir mo\u017eete promijeniti boju i svjetlinu svjetla za besprijekornu \u0161minku. Ovaj funkcionalni toaletni stoli\u0107 omogu\u0107uje pohranjivanje va\u0161e kozmetike i nakita na jednom mjestu. Sve \u0161to vam je potrebno za va\u0161u beauty rutinu je pri ruci.\u00a0\",\"breadcrumb\":{\"@id\":\"https:\/\/inti.hr\/bs\/proizvod\/toaletni-stolic-s-led-rasvjetom-i-cloud-white-ogledalom\/#breadcrumb\"},\"inLanguage\":\"bs-BA\",\"potentialAction\":[{\"@type\":\"ReadAction\",\"target\":[\"https:\/\/inti.hr\/bs\/proizvod\/toaletni-stolic-s-led-rasvjetom-i-cloud-white-ogledalom\/\"]}]},{\"@type\":\"ImageObject\",\"inLanguage\":\"bs-BA\",\"@id\":\"https:\/\/inti.hr\/bs\/proizvod\/toaletni-stolic-s-led-rasvjetom-i-cloud-white-ogledalom\/#primaryimage\",\"url\":\"https:\/\/i0.wp.com\/inti.hr\/wp-content\/uploads\/2025\/01\/RDT127W01-1.jpg?fit=1000%2C1000&ssl=1\",\"contentUrl\":\"https:\/\/i0.wp.com\/inti.hr\/wp-content\/uploads\/2025\/01\/RDT127W01-1.jpg?fit=1000%2C1000&ssl=1\",\"width\":1000,\"height\":1000,\"caption\":\"VASAGLE toaletni stoli\u0107 s LED rasvjetom i cloud white ogledalom\"},{\"@type\":\"BreadcrumbList\",\"@id\":\"https:\/\/inti.hr\/bs\/proizvod\/toaletni-stolic-s-led-rasvjetom-i-cloud-white-ogledalom\/#breadcrumb\",\"itemListElement\":[{\"@type\":\"ListItem\",\"position\":1,\"name\":\"Po\u010detna stranica\",\"item\":\"https:\/\/inti.hr\/bs\/\"},{\"@type\":\"ListItem\",\"position\":2,\"name\":\"Trgovina\",\"item\":\"https:\/\/inti.hr\/bs\/trgovina\/\"},{\"@type\":\"ListItem\",\"position\":3,\"name\":\"Toaletni stoli\u0107 s LED rasvjetom i cloud white ogledalom\"}]},{\"@type\":\"WebSite\",\"@id\":\"https:\/\/inti.hr\/bs\/#website\",\"url\":\"https:\/\/inti.hr\/bs\/\",\"name\":\"Inti\",\"description\":\"trgovina\",\"potentialAction\":[{\"@type\":\"SearchAction\",\"target\":{\"@type\":\"EntryPoint\",\"urlTemplate\":\"https:\/\/inti.hr\/bs\/?s={search_term_string}\"},\"query-input\":{\"@type\":\"PropertyValueSpecification\",\"valueRequired\":true,\"valueName\":\"search_term_string\"}}],\"inLanguage\":\"bs-BA\"}]}<\/script>\n<!-- \/ Yoast SEO plugin. -->","yoast_head_json":{"title":"Toaletni stoli\u0107 s LED rasvjetom i cloud white ogledalom - Inti","description":"Velika plo\u010da stola, gornja polica, bo\u010dna polica za odlaganje na dva nivoa, 2 velike ladice, ormari\u0107 za nakit i komoda s 3 ladice - sve va\u0161e dragocjenosti ovdje \u0107e prona\u0107i svoje mjesto. S 2 AC uti\u010dnice i 2 USB priklju\u010dka, mo\u017eete koristiti su\u0161ila za kosu i pegle izravno za kozmeti\u010dkim stolom; Adapter nudi dodatnu vezu za svjetlo ogledala. Sa svojim \u010distim linijama, bijelim tonovima i jednostavnim izgledom, ovaj toaletni stoli\u0107 odi\u0161e elegantnom notom i daje va\u0161oj sobi jedinstveni \u0161arm. Veliko ogledalo je opremljeno sa 10 podesivih \u017earulja. S kontrolama na dodir mo\u017eete promijeniti boju i svjetlinu svjetla za besprijekornu \u0161minku. Ovaj funkcionalni toaletni stoli\u0107 omogu\u0107uje pohranjivanje va\u0161e kozmetike i nakita na jednom mjestu. Sve \u0161to vam je potrebno za va\u0161u beauty rutinu je pri ruci.\u00a0","robots":{"index":"index","follow":"follow","max-snippet":"max-snippet:-1","max-image-preview":"max-image-preview:large","max-video-preview":"max-video-preview:-1"},"canonical":"https:\/\/inti.hr\/bs\/proizvod\/toaletni-stolic-s-led-rasvjetom-i-cloud-white-ogledalom\/","og_locale":"bs_BA","og_type":"article","og_title":"Toaletni stoli\u0107 s LED rasvjetom i cloud white ogledalom - Inti","og_description":"Velika plo\u010da stola, gornja polica, bo\u010dna polica za odlaganje na dva nivoa, 2 velike ladice, ormari\u0107 za nakit i komoda s 3 ladice - sve va\u0161e dragocjenosti ovdje \u0107e prona\u0107i svoje mjesto. S 2 AC uti\u010dnice i 2 USB priklju\u010dka, mo\u017eete koristiti su\u0161ila za kosu i pegle izravno za kozmeti\u010dkim stolom; Adapter nudi dodatnu vezu za svjetlo ogledala. Sa svojim \u010distim linijama, bijelim tonovima i jednostavnim izgledom, ovaj toaletni stoli\u0107 odi\u0161e elegantnom notom i daje va\u0161oj sobi jedinstveni \u0161arm. Veliko ogledalo je opremljeno sa 10 podesivih \u017earulja. S kontrolama na dodir mo\u017eete promijeniti boju i svjetlinu svjetla za besprijekornu \u0161minku. Ovaj funkcionalni toaletni stoli\u0107 omogu\u0107uje pohranjivanje va\u0161e kozmetike i nakita na jednom mjestu. Sve \u0161to vam je potrebno za va\u0161u beauty rutinu je pri ruci.\u00a0","og_url":"https:\/\/inti.hr\/bs\/proizvod\/toaletni-stolic-s-led-rasvjetom-i-cloud-white-ogledalom\/","og_site_name":"Inti","og_image":[{"width":1000,"height":1000,"url":"https:\/\/i0.wp.com\/inti.hr\/wp-content\/uploads\/2025\/01\/RDT127W01-1.jpg?fit=1000%2C1000&ssl=1","type":"image\/jpeg"}],"twitter_card":"summary_large_image","schema":{"@context":"https:\/\/schema.org","@graph":[{"@type":"WebPage","@id":"https:\/\/inti.hr\/bs\/proizvod\/toaletni-stolic-s-led-rasvjetom-i-cloud-white-ogledalom\/","url":"https:\/\/inti.hr\/bs\/proizvod\/toaletni-stolic-s-led-rasvjetom-i-cloud-white-ogledalom\/","name":"Toaletni stoli\u0107 s LED rasvjetom i cloud white ogledalom - Inti","isPartOf":{"@id":"https:\/\/inti.hr\/bs\/#website"},"primaryImageOfPage":{"@id":"https:\/\/inti.hr\/bs\/proizvod\/toaletni-stolic-s-led-rasvjetom-i-cloud-white-ogledalom\/#primaryimage"},"image":{"@id":"https:\/\/inti.hr\/bs\/proizvod\/toaletni-stolic-s-led-rasvjetom-i-cloud-white-ogledalom\/#primaryimage"},"thumbnailUrl":"https:\/\/i0.wp.com\/inti.hr\/wp-content\/uploads\/2025\/01\/RDT127W01-1.jpg?fit=1000%2C1000&ssl=1","datePublished":"2025-01-06T18:58:10+00:00","dateModified":"2025-01-06T18:58:10+00:00","description":"Velika plo\u010da stola, gornja polica, bo\u010dna polica za odlaganje na dva nivoa, 2 velike ladice, ormari\u0107 za nakit i komoda s 3 ladice - sve va\u0161e dragocjenosti ovdje \u0107e prona\u0107i svoje mjesto. S 2 AC uti\u010dnice i 2 USB priklju\u010dka, mo\u017eete koristiti su\u0161ila za kosu i pegle izravno za kozmeti\u010dkim stolom; Adapter nudi dodatnu vezu za svjetlo ogledala. Sa svojim \u010distim linijama, bijelim tonovima i jednostavnim izgledom, ovaj toaletni stoli\u0107 odi\u0161e elegantnom notom i daje va\u0161oj sobi jedinstveni \u0161arm. Veliko ogledalo je opremljeno sa 10 podesivih \u017earulja. S kontrolama na dodir mo\u017eete promijeniti boju i svjetlinu svjetla za besprijekornu \u0161minku. Ovaj funkcionalni toaletni stoli\u0107 omogu\u0107uje pohranjivanje va\u0161e kozmetike i nakita na jednom mjestu. Sve \u0161to vam je potrebno za va\u0161u beauty rutinu je pri ruci.\u00a0","breadcrumb":{"@id":"https:\/\/inti.hr\/bs\/proizvod\/toaletni-stolic-s-led-rasvjetom-i-cloud-white-ogledalom\/#breadcrumb"},"inLanguage":"bs-BA","potentialAction":[{"@type":"ReadAction","target":["https:\/\/inti.hr\/bs\/proizvod\/toaletni-stolic-s-led-rasvjetom-i-cloud-white-ogledalom\/"]}]},{"@type":"ImageObject","inLanguage":"bs-BA","@id":"https:\/\/inti.hr\/bs\/proizvod\/toaletni-stolic-s-led-rasvjetom-i-cloud-white-ogledalom\/#primaryimage","url":"https:\/\/i0.wp.com\/inti.hr\/wp-content\/uploads\/2025\/01\/RDT127W01-1.jpg?fit=1000%2C1000&ssl=1","contentUrl":"https:\/\/i0.wp.com\/inti.hr\/wp-content\/uploads\/2025\/01\/RDT127W01-1.jpg?fit=1000%2C1000&ssl=1","width":1000,"height":1000,"caption":"VASAGLE toaletni stoli\u0107 s LED rasvjetom i cloud white ogledalom"},{"@type":"BreadcrumbList","@id":"https:\/\/inti.hr\/bs\/proizvod\/toaletni-stolic-s-led-rasvjetom-i-cloud-white-ogledalom\/#breadcrumb","itemListElement":[{"@type":"ListItem","position":1,"name":"Po\u010detna stranica","item":"https:\/\/inti.hr\/bs\/"},{"@type":"ListItem","position":2,"name":"Trgovina","item":"https:\/\/inti.hr\/bs\/trgovina\/"},{"@type":"ListItem","position":3,"name":"Toaletni stoli\u0107 s LED rasvjetom i cloud white ogledalom"}]},{"@type":"WebSite","@id":"https:\/\/inti.hr\/bs\/#website","url":"https:\/\/inti.hr\/bs\/","name":"Inti","description":"trgovina","potentialAction":[{"@type":"SearchAction","target":{"@type":"EntryPoint","urlTemplate":"https:\/\/inti.hr\/bs\/?s={search_term_string}"},"query-input":{"@type":"PropertyValueSpecification","valueRequired":true,"valueName":"search_term_string"}}],"inLanguage":"bs-BA"}]}},"jetpack_sharing_enabled":true,"jetpack-related-posts":[],"_links":{"self":[{"href":"https:\/\/inti.hr\/bs\/wp-json\/wp\/v2\/product\/31709"}],"collection":[{"href":"https:\/\/inti.hr\/bs\/wp-json\/wp\/v2\/product"}],"about":[{"href":"https:\/\/inti.hr\/bs\/wp-json\/wp\/v2\/types\/product"}],"wp:featuredmedia":[{"embeddable":true,"href":"https:\/\/inti.hr\/bs\/wp-json\/wp\/v2\/media\/31710"}],"wp:attachment":[{"href":"https:\/\/inti.hr\/bs\/wp-json\/wp\/v2\/media?parent=31709"}],"wp:term":[{"taxonomy":"product_cat","embeddable":true,"href":"https:\/\/inti.hr\/bs\/wp-json\/wp\/v2\/product_cat?post=31709"},{"taxonomy":"product_tag","embeddable":true,"href":"https:\/\/inti.hr\/bs\/wp-json\/wp\/v2\/product_tag?post=31709"}],"curies":[{"name":"wp","href":"https:\/\/api.w.org\/{rel}","templated":true}]}}