{"id":31713,"date":"2024-12-09T15:46:32","date_gmt":"2024-12-09T14:46:32","guid":{"rendered":"https:\/\/inti.hr\/product\/komoda-s-kliznim-vratima-120x40x70cm\/"},"modified":"2024-12-09T15:46:32","modified_gmt":"2024-12-09T14:46:32","slug":"komoda-s-kliznim-vratima-120x40x70cm","status":"publish","type":"product","link":"https:\/\/inti.hr\/bs\/proizvod\/komoda-s-kliznim-vratima-120x40x70cm\/","title":{"rendered":"Komoda s kliznim vratima 120x40x70cm"},"content":{"rendered":"<p>Pojedinosti o proizvodu:<br \/>\nMaterijal: iverica, papirna folija<br \/>\nTe\u017eina: 27 kg. Nosivost do 50kg.<br \/>\nDimenzije i te\u017eina paketa: 132,00*48,50*15,00cm, 29kg.<br \/>\nDimenzije proizvoda: L120*D40*H70cm (vidi sliku).<br \/>\nS uputama za monta\u017eu i vijcima, jednostavna monta\u017ea<br \/>\nSigurnost i sukladnost: Ovaj je proizvod razvijen i ispitan za ku\u0107nu upotrebu.<\/p>\n","protected":false},"excerpt":{"rendered":"<p><span>Sa svojim ravnim linijama i elegantnim dizajnom, ovaj komad namje\u0161taja mo\u017ee &#8230; <\/p>\n","protected":false},"featured_media":31714,"template":"","meta":[],"product_cat":[2418],"product_tag":[3062,3063],"yoast_head":"<!-- This site is optimized with the Yoast SEO plugin v23.7 - https:\/\/yoast.com\/wordpress\/plugins\/seo\/ -->\n<title>Komoda s kliznim vratima 120x40x70cm - Inti<\/title>\n<meta name=\"description\" content=\"Sa svojim ravnim linijama i elegantnim dizajnom, ovaj komad namje\u0161taja mo\u017ee se savr\u0161eno integrirati u gotovo svaki postoje\u0107i dekor. Mo\u017eete ga koristiti kao stalak za cipele u predsoblju, kao komodu za dnevni boravak ili kao kuhinjski element.Obnovite svoj dom ovim \u0161armantnim stalkom za cipele. Zahvaljuju\u0107i svojim kompaktnim dimenzijama, ovaj komad namje\u0161taja savr\u0161eno se uklapa u raznolika okru\u017eenja u kojima je prostor za cipele ograni\u010den.Ovaj stalak za cipele unijet \u0107e da\u0161ak svje\u017eeg zraka u va\u0161 dom. Dvobojna zavr\u0161na obrada i klizna vrata koja se pomi\u010du bez napora dodaju poseban \u0161tih. Bit \u0107e jedinstven ukrasni dodatak va\u0161em hodniku ili kuhinji.\" \/>\n<meta name=\"robots\" content=\"index, follow, max-snippet:-1, max-image-preview:large, max-video-preview:-1\" \/>\n<link rel=\"canonical\" href=\"https:\/\/inti.hr\/bs\/proizvod\/komoda-s-kliznim-vratima-120x40x70cm\/\" \/>\n<meta property=\"og:locale\" content=\"bs_BA\" \/>\n<meta property=\"og:type\" content=\"article\" \/>\n<meta property=\"og:title\" content=\"Komoda s kliznim vratima 120x40x70cm - Inti\" \/>\n<meta property=\"og:description\" content=\"Sa svojim ravnim linijama i elegantnim dizajnom, ovaj komad namje\u0161taja mo\u017ee se savr\u0161eno integrirati u gotovo svaki postoje\u0107i dekor. Mo\u017eete ga koristiti kao stalak za cipele u predsoblju, kao komodu za dnevni boravak ili kao kuhinjski element.Obnovite svoj dom ovim \u0161armantnim stalkom za cipele. Zahvaljuju\u0107i svojim kompaktnim dimenzijama, ovaj komad namje\u0161taja savr\u0161eno se uklapa u raznolika okru\u017eenja u kojima je prostor za cipele ograni\u010den.Ovaj stalak za cipele unijet \u0107e da\u0161ak svje\u017eeg zraka u va\u0161 dom. Dvobojna zavr\u0161na obrada i klizna vrata koja se pomi\u010du bez napora dodaju poseban \u0161tih. Bit \u0107e jedinstven ukrasni dodatak va\u0161em hodniku ili kuhinji.\" \/>\n<meta property=\"og:url\" content=\"https:\/\/inti.hr\/bs\/proizvod\/komoda-s-kliznim-vratima-120x40x70cm\/\" \/>\n<meta property=\"og:site_name\" content=\"Inti\" \/>\n<meta property=\"og:image\" content=\"https:\/\/i0.wp.com\/inti.hr\/wp-content\/uploads\/2024\/12\/FSB60-E-Y001_860x.webp?fit=860%2C860&ssl=1\" \/>\n\t<meta property=\"og:image:width\" content=\"860\" \/>\n\t<meta property=\"og:image:height\" content=\"860\" \/>\n\t<meta property=\"og:image:type\" content=\"image\/webp\" \/>\n<meta name=\"twitter:card\" content=\"summary_large_image\" \/>\n<meta name=\"twitter:label1\" content=\"Est. reading time\" \/>\n\t<meta name=\"twitter:data1\" content=\"1 minuta\" \/>\n<script type=\"application\/ld+json\" class=\"yoast-schema-graph\">{\"@context\":\"https:\/\/schema.org\",\"@graph\":[{\"@type\":\"WebPage\",\"@id\":\"https:\/\/inti.hr\/bs\/proizvod\/komoda-s-kliznim-vratima-120x40x70cm\/\",\"url\":\"https:\/\/inti.hr\/bs\/proizvod\/komoda-s-kliznim-vratima-120x40x70cm\/\",\"name\":\"Komoda s kliznim vratima 120x40x70cm - Inti\",\"isPartOf\":{\"@id\":\"https:\/\/inti.hr\/bs\/#website\"},\"primaryImageOfPage\":{\"@id\":\"https:\/\/inti.hr\/bs\/proizvod\/komoda-s-kliznim-vratima-120x40x70cm\/#primaryimage\"},\"image\":{\"@id\":\"https:\/\/inti.hr\/bs\/proizvod\/komoda-s-kliznim-vratima-120x40x70cm\/#primaryimage\"},\"thumbnailUrl\":\"https:\/\/i0.wp.com\/inti.hr\/wp-content\/uploads\/2024\/12\/FSB60-E-Y001_860x.webp?fit=860%2C860&ssl=1\",\"datePublished\":\"2024-12-09T14:46:32+00:00\",\"dateModified\":\"2024-12-09T14:46:32+00:00\",\"description\":\"Sa svojim ravnim linijama i elegantnim dizajnom, ovaj komad namje\u0161taja mo\u017ee se savr\u0161eno integrirati u gotovo svaki postoje\u0107i dekor. Mo\u017eete ga koristiti kao stalak za cipele u predsoblju, kao komodu za dnevni boravak ili kao kuhinjski element.Obnovite svoj dom ovim \u0161armantnim stalkom za cipele. Zahvaljuju\u0107i svojim kompaktnim dimenzijama, ovaj komad namje\u0161taja savr\u0161eno se uklapa u raznolika okru\u017eenja u kojima je prostor za cipele ograni\u010den.Ovaj stalak za cipele unijet \u0107e da\u0161ak svje\u017eeg zraka u va\u0161 dom. Dvobojna zavr\u0161na obrada i klizna vrata koja se pomi\u010du bez napora dodaju poseban \u0161tih. Bit \u0107e jedinstven ukrasni dodatak va\u0161em hodniku ili kuhinji.\",\"breadcrumb\":{\"@id\":\"https:\/\/inti.hr\/bs\/proizvod\/komoda-s-kliznim-vratima-120x40x70cm\/#breadcrumb\"},\"inLanguage\":\"bs-BA\",\"potentialAction\":[{\"@type\":\"ReadAction\",\"target\":[\"https:\/\/inti.hr\/bs\/proizvod\/komoda-s-kliznim-vratima-120x40x70cm\/\"]}]},{\"@type\":\"ImageObject\",\"inLanguage\":\"bs-BA\",\"@id\":\"https:\/\/inti.hr\/bs\/proizvod\/komoda-s-kliznim-vratima-120x40x70cm\/#primaryimage\",\"url\":\"https:\/\/i0.wp.com\/inti.hr\/wp-content\/uploads\/2024\/12\/FSB60-E-Y001_860x.webp?fit=860%2C860&ssl=1\",\"contentUrl\":\"https:\/\/i0.wp.com\/inti.hr\/wp-content\/uploads\/2024\/12\/FSB60-E-Y001_860x.webp?fit=860%2C860&ssl=1\",\"width\":860,\"height\":860,\"caption\":\"SoBuy Komoda s kliznim vratima 120x40x70cm FSB60-E\"},{\"@type\":\"BreadcrumbList\",\"@id\":\"https:\/\/inti.hr\/bs\/proizvod\/komoda-s-kliznim-vratima-120x40x70cm\/#breadcrumb\",\"itemListElement\":[{\"@type\":\"ListItem\",\"position\":1,\"name\":\"Po\u010detna stranica\",\"item\":\"https:\/\/inti.hr\/bs\/\"},{\"@type\":\"ListItem\",\"position\":2,\"name\":\"Trgovina\",\"item\":\"https:\/\/inti.hr\/bs\/trgovina\/\"},{\"@type\":\"ListItem\",\"position\":3,\"name\":\"Komoda s kliznim vratima 120x40x70cm\"}]},{\"@type\":\"WebSite\",\"@id\":\"https:\/\/inti.hr\/bs\/#website\",\"url\":\"https:\/\/inti.hr\/bs\/\",\"name\":\"Inti\",\"description\":\"trgovina\",\"potentialAction\":[{\"@type\":\"SearchAction\",\"target\":{\"@type\":\"EntryPoint\",\"urlTemplate\":\"https:\/\/inti.hr\/bs\/?s={search_term_string}\"},\"query-input\":{\"@type\":\"PropertyValueSpecification\",\"valueRequired\":true,\"valueName\":\"search_term_string\"}}],\"inLanguage\":\"bs-BA\"}]}<\/script>\n<!-- \/ Yoast SEO plugin. -->","yoast_head_json":{"title":"Komoda s kliznim vratima 120x40x70cm - Inti","description":"Sa svojim ravnim linijama i elegantnim dizajnom, ovaj komad namje\u0161taja mo\u017ee se savr\u0161eno integrirati u gotovo svaki postoje\u0107i dekor. Mo\u017eete ga koristiti kao stalak za cipele u predsoblju, kao komodu za dnevni boravak ili kao kuhinjski element.Obnovite svoj dom ovim \u0161armantnim stalkom za cipele. Zahvaljuju\u0107i svojim kompaktnim dimenzijama, ovaj komad namje\u0161taja savr\u0161eno se uklapa u raznolika okru\u017eenja u kojima je prostor za cipele ograni\u010den.Ovaj stalak za cipele unijet \u0107e da\u0161ak svje\u017eeg zraka u va\u0161 dom. Dvobojna zavr\u0161na obrada i klizna vrata koja se pomi\u010du bez napora dodaju poseban \u0161tih. Bit \u0107e jedinstven ukrasni dodatak va\u0161em hodniku ili kuhinji.","robots":{"index":"index","follow":"follow","max-snippet":"max-snippet:-1","max-image-preview":"max-image-preview:large","max-video-preview":"max-video-preview:-1"},"canonical":"https:\/\/inti.hr\/bs\/proizvod\/komoda-s-kliznim-vratima-120x40x70cm\/","og_locale":"bs_BA","og_type":"article","og_title":"Komoda s kliznim vratima 120x40x70cm - Inti","og_description":"Sa svojim ravnim linijama i elegantnim dizajnom, ovaj komad namje\u0161taja mo\u017ee se savr\u0161eno integrirati u gotovo svaki postoje\u0107i dekor. Mo\u017eete ga koristiti kao stalak za cipele u predsoblju, kao komodu za dnevni boravak ili kao kuhinjski element.Obnovite svoj dom ovim \u0161armantnim stalkom za cipele. Zahvaljuju\u0107i svojim kompaktnim dimenzijama, ovaj komad namje\u0161taja savr\u0161eno se uklapa u raznolika okru\u017eenja u kojima je prostor za cipele ograni\u010den.Ovaj stalak za cipele unijet \u0107e da\u0161ak svje\u017eeg zraka u va\u0161 dom. Dvobojna zavr\u0161na obrada i klizna vrata koja se pomi\u010du bez napora dodaju poseban \u0161tih. Bit \u0107e jedinstven ukrasni dodatak va\u0161em hodniku ili kuhinji.","og_url":"https:\/\/inti.hr\/bs\/proizvod\/komoda-s-kliznim-vratima-120x40x70cm\/","og_site_name":"Inti","og_image":[{"width":860,"height":860,"url":"https:\/\/i0.wp.com\/inti.hr\/wp-content\/uploads\/2024\/12\/FSB60-E-Y001_860x.webp?fit=860%2C860&ssl=1","type":"image\/webp"}],"twitter_card":"summary_large_image","twitter_misc":{"Est. reading time":"1 minuta"},"schema":{"@context":"https:\/\/schema.org","@graph":[{"@type":"WebPage","@id":"https:\/\/inti.hr\/bs\/proizvod\/komoda-s-kliznim-vratima-120x40x70cm\/","url":"https:\/\/inti.hr\/bs\/proizvod\/komoda-s-kliznim-vratima-120x40x70cm\/","name":"Komoda s kliznim vratima 120x40x70cm - Inti","isPartOf":{"@id":"https:\/\/inti.hr\/bs\/#website"},"primaryImageOfPage":{"@id":"https:\/\/inti.hr\/bs\/proizvod\/komoda-s-kliznim-vratima-120x40x70cm\/#primaryimage"},"image":{"@id":"https:\/\/inti.hr\/bs\/proizvod\/komoda-s-kliznim-vratima-120x40x70cm\/#primaryimage"},"thumbnailUrl":"https:\/\/i0.wp.com\/inti.hr\/wp-content\/uploads\/2024\/12\/FSB60-E-Y001_860x.webp?fit=860%2C860&ssl=1","datePublished":"2024-12-09T14:46:32+00:00","dateModified":"2024-12-09T14:46:32+00:00","description":"Sa svojim ravnim linijama i elegantnim dizajnom, ovaj komad namje\u0161taja mo\u017ee se savr\u0161eno integrirati u gotovo svaki postoje\u0107i dekor. Mo\u017eete ga koristiti kao stalak za cipele u predsoblju, kao komodu za dnevni boravak ili kao kuhinjski element.Obnovite svoj dom ovim \u0161armantnim stalkom za cipele. Zahvaljuju\u0107i svojim kompaktnim dimenzijama, ovaj komad namje\u0161taja savr\u0161eno se uklapa u raznolika okru\u017eenja u kojima je prostor za cipele ograni\u010den.Ovaj stalak za cipele unijet \u0107e da\u0161ak svje\u017eeg zraka u va\u0161 dom. Dvobojna zavr\u0161na obrada i klizna vrata koja se pomi\u010du bez napora dodaju poseban \u0161tih. Bit \u0107e jedinstven ukrasni dodatak va\u0161em hodniku ili kuhinji.","breadcrumb":{"@id":"https:\/\/inti.hr\/bs\/proizvod\/komoda-s-kliznim-vratima-120x40x70cm\/#breadcrumb"},"inLanguage":"bs-BA","potentialAction":[{"@type":"ReadAction","target":["https:\/\/inti.hr\/bs\/proizvod\/komoda-s-kliznim-vratima-120x40x70cm\/"]}]},{"@type":"ImageObject","inLanguage":"bs-BA","@id":"https:\/\/inti.hr\/bs\/proizvod\/komoda-s-kliznim-vratima-120x40x70cm\/#primaryimage","url":"https:\/\/i0.wp.com\/inti.hr\/wp-content\/uploads\/2024\/12\/FSB60-E-Y001_860x.webp?fit=860%2C860&ssl=1","contentUrl":"https:\/\/i0.wp.com\/inti.hr\/wp-content\/uploads\/2024\/12\/FSB60-E-Y001_860x.webp?fit=860%2C860&ssl=1","width":860,"height":860,"caption":"SoBuy Komoda s kliznim vratima 120x40x70cm FSB60-E"},{"@type":"BreadcrumbList","@id":"https:\/\/inti.hr\/bs\/proizvod\/komoda-s-kliznim-vratima-120x40x70cm\/#breadcrumb","itemListElement":[{"@type":"ListItem","position":1,"name":"Po\u010detna stranica","item":"https:\/\/inti.hr\/bs\/"},{"@type":"ListItem","position":2,"name":"Trgovina","item":"https:\/\/inti.hr\/bs\/trgovina\/"},{"@type":"ListItem","position":3,"name":"Komoda s kliznim vratima 120x40x70cm"}]},{"@type":"WebSite","@id":"https:\/\/inti.hr\/bs\/#website","url":"https:\/\/inti.hr\/bs\/","name":"Inti","description":"trgovina","potentialAction":[{"@type":"SearchAction","target":{"@type":"EntryPoint","urlTemplate":"https:\/\/inti.hr\/bs\/?s={search_term_string}"},"query-input":{"@type":"PropertyValueSpecification","valueRequired":true,"valueName":"search_term_string"}}],"inLanguage":"bs-BA"}]}},"jetpack_sharing_enabled":true,"jetpack-related-posts":[],"_links":{"self":[{"href":"https:\/\/inti.hr\/bs\/wp-json\/wp\/v2\/product\/31713"}],"collection":[{"href":"https:\/\/inti.hr\/bs\/wp-json\/wp\/v2\/product"}],"about":[{"href":"https:\/\/inti.hr\/bs\/wp-json\/wp\/v2\/types\/product"}],"wp:featuredmedia":[{"embeddable":true,"href":"https:\/\/inti.hr\/bs\/wp-json\/wp\/v2\/media\/31714"}],"wp:attachment":[{"href":"https:\/\/inti.hr\/bs\/wp-json\/wp\/v2\/media?parent=31713"}],"wp:term":[{"taxonomy":"product_cat","embeddable":true,"href":"https:\/\/inti.hr\/bs\/wp-json\/wp\/v2\/product_cat?post=31713"},{"taxonomy":"product_tag","embeddable":true,"href":"https:\/\/inti.hr\/bs\/wp-json\/wp\/v2\/product_tag?post=31713"}],"curies":[{"name":"wp","href":"https:\/\/api.w.org\/{rel}","templated":true}]}}