{"id":31759,"date":"2024-11-26T11:32:17","date_gmt":"2024-11-26T10:32:17","guid":{"rendered":"https:\/\/inti.hr\/product\/ormar-za-spise\/"},"modified":"2024-11-26T11:32:17","modified_gmt":"2024-11-26T10:32:17","slug":"ormar-za-spise","status":"publish","type":"product","link":"https:\/\/inti.hr\/bs\/proizvod\/ormar-za-spise\/","title":{"rendered":"Ormar za spise"},"content":{"rendered":"<p>Pojedinosti o proizvodu:<\/p>\n<p>Te\u017eina: pribli\u017eno 36,15 kg.<br \/>\nTestirano za: 93 kg.<br \/>\nMaterijal: MDF (E0).<br \/>\nMjere proizvoda: 90x45x75 cm (vidi sliku).<br \/>\nDostava: u 2 paketa.<br \/>\nDimenzije paketa A: 77x61x13cm.<br \/>\nMjere paketa B: 102,5x53x11cm<br \/>\nS uputama za sastavljanje i vijcima. Jednostavna instalacija.<\/p>\n","protected":false},"excerpt":{"rendered":"<p><span>Ovaj ormari\u0107 za spise kombinira funkcionalnost i moderan dizajn kako bi &#8230; <\/p>\n","protected":false},"featured_media":31760,"template":"","meta":[],"product_cat":[2436],"product_tag":[2654,3092],"yoast_head":"<!-- This site is optimized with the Yoast SEO plugin v23.7 - https:\/\/yoast.com\/wordpress\/plugins\/seo\/ -->\n<title>Ormar za spise - Inti<\/title>\n<meta name=\"description\" content=\"Ovaj ormari\u0107 za spise kombinira funkcionalnost i moderan dizajn kako bi ponudio cjelovito rje\u0161enje za va\u0161 radni prostor. Lijeva strana posve\u0107ena je pisa\u010du, sa zatvorenim prostorom koji ne samo da skriva ure\u0111aj kako bi okoli\u0161 bio uredan, ve\u0107 uklju\u010duje i kliznu policu koja olak\u0161ava pristup tijekom kori\u0161tenja. Stra\u017enji otvor za kabele osigurava \u010disto upravljanje bez nereda.Na desnoj strani dizajn nudi kombinaciju otvorenog i zatvorenog prostora: otvorena polica idealna je za svakodnevne predmete, poput hrpe papira ili uredskog pribora, dok vam tri ladice omogu\u0107uju u\u010dinkovito organiziranje dokumenata, olovaka i raznih materijala.Noge visoke 6 cm ne samo da namje\u0161taju daju elegantan, moderan izgled, ve\u0107 ga dr\u017ee podignutim od poda, sprje\u010davaju\u0107i nakupljanje vlage i olak\u0161avaju\u0107i \u010di\u0161\u0107enje. Namje\u0161taj je izra\u0111en od visokokvalitetnih materijala koji osiguravaju dug \u017eivot i estetiku koja se lako prilago\u0111ava svakom okru\u017eenju, bilo ku\u0107nom ili poslovnom.\" \/>\n<meta name=\"robots\" content=\"index, follow, max-snippet:-1, max-image-preview:large, max-video-preview:-1\" \/>\n<link rel=\"canonical\" href=\"https:\/\/inti.hr\/bs\/proizvod\/ormar-za-spise\/\" \/>\n<meta property=\"og:locale\" content=\"bs_BA\" \/>\n<meta property=\"og:type\" content=\"article\" \/>\n<meta property=\"og:title\" content=\"Ormar za spise - Inti\" \/>\n<meta property=\"og:description\" content=\"Ovaj ormari\u0107 za spise kombinira funkcionalnost i moderan dizajn kako bi ponudio cjelovito rje\u0161enje za va\u0161 radni prostor. Lijeva strana posve\u0107ena je pisa\u010du, sa zatvorenim prostorom koji ne samo da skriva ure\u0111aj kako bi okoli\u0161 bio uredan, ve\u0107 uklju\u010duje i kliznu policu koja olak\u0161ava pristup tijekom kori\u0161tenja. Stra\u017enji otvor za kabele osigurava \u010disto upravljanje bez nereda.Na desnoj strani dizajn nudi kombinaciju otvorenog i zatvorenog prostora: otvorena polica idealna je za svakodnevne predmete, poput hrpe papira ili uredskog pribora, dok vam tri ladice omogu\u0107uju u\u010dinkovito organiziranje dokumenata, olovaka i raznih materijala.Noge visoke 6 cm ne samo da namje\u0161taju daju elegantan, moderan izgled, ve\u0107 ga dr\u017ee podignutim od poda, sprje\u010davaju\u0107i nakupljanje vlage i olak\u0161avaju\u0107i \u010di\u0161\u0107enje. Namje\u0161taj je izra\u0111en od visokokvalitetnih materijala koji osiguravaju dug \u017eivot i estetiku koja se lako prilago\u0111ava svakom okru\u017eenju, bilo ku\u0107nom ili poslovnom.\" \/>\n<meta property=\"og:url\" content=\"https:\/\/inti.hr\/bs\/proizvod\/ormar-za-spise\/\" \/>\n<meta property=\"og:site_name\" content=\"Inti\" \/>\n<meta property=\"og:image\" content=\"https:\/\/i0.wp.com\/inti.hr\/wp-content\/uploads\/2024\/11\/ASK07-WN-A-S001-1.webp?fit=1600%2C1600&ssl=1\" \/>\n\t<meta property=\"og:image:width\" content=\"1600\" \/>\n\t<meta property=\"og:image:height\" content=\"1600\" \/>\n\t<meta property=\"og:image:type\" content=\"image\/webp\" \/>\n<meta name=\"twitter:card\" content=\"summary_large_image\" \/>\n<script type=\"application\/ld+json\" class=\"yoast-schema-graph\">{\"@context\":\"https:\/\/schema.org\",\"@graph\":[{\"@type\":\"WebPage\",\"@id\":\"https:\/\/inti.hr\/bs\/proizvod\/ormar-za-spise\/\",\"url\":\"https:\/\/inti.hr\/bs\/proizvod\/ormar-za-spise\/\",\"name\":\"Ormar za spise - Inti\",\"isPartOf\":{\"@id\":\"https:\/\/inti.hr\/bs\/#website\"},\"primaryImageOfPage\":{\"@id\":\"https:\/\/inti.hr\/bs\/proizvod\/ormar-za-spise\/#primaryimage\"},\"image\":{\"@id\":\"https:\/\/inti.hr\/bs\/proizvod\/ormar-za-spise\/#primaryimage\"},\"thumbnailUrl\":\"https:\/\/i0.wp.com\/inti.hr\/wp-content\/uploads\/2024\/11\/ASK07-WN-A-S001-1.webp?fit=1600%2C1600&ssl=1\",\"datePublished\":\"2024-11-26T10:32:17+00:00\",\"dateModified\":\"2024-11-26T10:32:17+00:00\",\"description\":\"Ovaj ormari\u0107 za spise kombinira funkcionalnost i moderan dizajn kako bi ponudio cjelovito rje\u0161enje za va\u0161 radni prostor. Lijeva strana posve\u0107ena je pisa\u010du, sa zatvorenim prostorom koji ne samo da skriva ure\u0111aj kako bi okoli\u0161 bio uredan, ve\u0107 uklju\u010duje i kliznu policu koja olak\u0161ava pristup tijekom kori\u0161tenja. Stra\u017enji otvor za kabele osigurava \u010disto upravljanje bez nereda.Na desnoj strani dizajn nudi kombinaciju otvorenog i zatvorenog prostora: otvorena polica idealna je za svakodnevne predmete, poput hrpe papira ili uredskog pribora, dok vam tri ladice omogu\u0107uju u\u010dinkovito organiziranje dokumenata, olovaka i raznih materijala.Noge visoke 6 cm ne samo da namje\u0161taju daju elegantan, moderan izgled, ve\u0107 ga dr\u017ee podignutim od poda, sprje\u010davaju\u0107i nakupljanje vlage i olak\u0161avaju\u0107i \u010di\u0161\u0107enje. Namje\u0161taj je izra\u0111en od visokokvalitetnih materijala koji osiguravaju dug \u017eivot i estetiku koja se lako prilago\u0111ava svakom okru\u017eenju, bilo ku\u0107nom ili poslovnom.\",\"breadcrumb\":{\"@id\":\"https:\/\/inti.hr\/bs\/proizvod\/ormar-za-spise\/#breadcrumb\"},\"inLanguage\":\"bs-BA\",\"potentialAction\":[{\"@type\":\"ReadAction\",\"target\":[\"https:\/\/inti.hr\/bs\/proizvod\/ormar-za-spise\/\"]}]},{\"@type\":\"ImageObject\",\"inLanguage\":\"bs-BA\",\"@id\":\"https:\/\/inti.hr\/bs\/proizvod\/ormar-za-spise\/#primaryimage\",\"url\":\"https:\/\/i0.wp.com\/inti.hr\/wp-content\/uploads\/2024\/11\/ASK07-WN-A-S001-1.webp?fit=1600%2C1600&ssl=1\",\"contentUrl\":\"https:\/\/i0.wp.com\/inti.hr\/wp-content\/uploads\/2024\/11\/ASK07-WN-A-S001-1.webp?fit=1600%2C1600&ssl=1\",\"width\":1600,\"height\":1600,\"caption\":\"SoBuy podr\u0161ka za pisa\u010d 90x45x75cm ASK07-WN\"},{\"@type\":\"BreadcrumbList\",\"@id\":\"https:\/\/inti.hr\/bs\/proizvod\/ormar-za-spise\/#breadcrumb\",\"itemListElement\":[{\"@type\":\"ListItem\",\"position\":1,\"name\":\"Po\u010detna stranica\",\"item\":\"https:\/\/inti.hr\/bs\/\"},{\"@type\":\"ListItem\",\"position\":2,\"name\":\"Trgovina\",\"item\":\"https:\/\/inti.hr\/bs\/trgovina\/\"},{\"@type\":\"ListItem\",\"position\":3,\"name\":\"Ormar za spise\"}]},{\"@type\":\"WebSite\",\"@id\":\"https:\/\/inti.hr\/bs\/#website\",\"url\":\"https:\/\/inti.hr\/bs\/\",\"name\":\"Inti\",\"description\":\"trgovina\",\"potentialAction\":[{\"@type\":\"SearchAction\",\"target\":{\"@type\":\"EntryPoint\",\"urlTemplate\":\"https:\/\/inti.hr\/bs\/?s={search_term_string}\"},\"query-input\":{\"@type\":\"PropertyValueSpecification\",\"valueRequired\":true,\"valueName\":\"search_term_string\"}}],\"inLanguage\":\"bs-BA\"}]}<\/script>\n<!-- \/ Yoast SEO plugin. -->","yoast_head_json":{"title":"Ormar za spise - Inti","description":"Ovaj ormari\u0107 za spise kombinira funkcionalnost i moderan dizajn kako bi ponudio cjelovito rje\u0161enje za va\u0161 radni prostor. Lijeva strana posve\u0107ena je pisa\u010du, sa zatvorenim prostorom koji ne samo da skriva ure\u0111aj kako bi okoli\u0161 bio uredan, ve\u0107 uklju\u010duje i kliznu policu koja olak\u0161ava pristup tijekom kori\u0161tenja. Stra\u017enji otvor za kabele osigurava \u010disto upravljanje bez nereda.Na desnoj strani dizajn nudi kombinaciju otvorenog i zatvorenog prostora: otvorena polica idealna je za svakodnevne predmete, poput hrpe papira ili uredskog pribora, dok vam tri ladice omogu\u0107uju u\u010dinkovito organiziranje dokumenata, olovaka i raznih materijala.Noge visoke 6 cm ne samo da namje\u0161taju daju elegantan, moderan izgled, ve\u0107 ga dr\u017ee podignutim od poda, sprje\u010davaju\u0107i nakupljanje vlage i olak\u0161avaju\u0107i \u010di\u0161\u0107enje. Namje\u0161taj je izra\u0111en od visokokvalitetnih materijala koji osiguravaju dug \u017eivot i estetiku koja se lako prilago\u0111ava svakom okru\u017eenju, bilo ku\u0107nom ili poslovnom.","robots":{"index":"index","follow":"follow","max-snippet":"max-snippet:-1","max-image-preview":"max-image-preview:large","max-video-preview":"max-video-preview:-1"},"canonical":"https:\/\/inti.hr\/bs\/proizvod\/ormar-za-spise\/","og_locale":"bs_BA","og_type":"article","og_title":"Ormar za spise - Inti","og_description":"Ovaj ormari\u0107 za spise kombinira funkcionalnost i moderan dizajn kako bi ponudio cjelovito rje\u0161enje za va\u0161 radni prostor. Lijeva strana posve\u0107ena je pisa\u010du, sa zatvorenim prostorom koji ne samo da skriva ure\u0111aj kako bi okoli\u0161 bio uredan, ve\u0107 uklju\u010duje i kliznu policu koja olak\u0161ava pristup tijekom kori\u0161tenja. Stra\u017enji otvor za kabele osigurava \u010disto upravljanje bez nereda.Na desnoj strani dizajn nudi kombinaciju otvorenog i zatvorenog prostora: otvorena polica idealna je za svakodnevne predmete, poput hrpe papira ili uredskog pribora, dok vam tri ladice omogu\u0107uju u\u010dinkovito organiziranje dokumenata, olovaka i raznih materijala.Noge visoke 6 cm ne samo da namje\u0161taju daju elegantan, moderan izgled, ve\u0107 ga dr\u017ee podignutim od poda, sprje\u010davaju\u0107i nakupljanje vlage i olak\u0161avaju\u0107i \u010di\u0161\u0107enje. Namje\u0161taj je izra\u0111en od visokokvalitetnih materijala koji osiguravaju dug \u017eivot i estetiku koja se lako prilago\u0111ava svakom okru\u017eenju, bilo ku\u0107nom ili poslovnom.","og_url":"https:\/\/inti.hr\/bs\/proizvod\/ormar-za-spise\/","og_site_name":"Inti","og_image":[{"width":1600,"height":1600,"url":"https:\/\/i0.wp.com\/inti.hr\/wp-content\/uploads\/2024\/11\/ASK07-WN-A-S001-1.webp?fit=1600%2C1600&ssl=1","type":"image\/webp"}],"twitter_card":"summary_large_image","schema":{"@context":"https:\/\/schema.org","@graph":[{"@type":"WebPage","@id":"https:\/\/inti.hr\/bs\/proizvod\/ormar-za-spise\/","url":"https:\/\/inti.hr\/bs\/proizvod\/ormar-za-spise\/","name":"Ormar za spise - Inti","isPartOf":{"@id":"https:\/\/inti.hr\/bs\/#website"},"primaryImageOfPage":{"@id":"https:\/\/inti.hr\/bs\/proizvod\/ormar-za-spise\/#primaryimage"},"image":{"@id":"https:\/\/inti.hr\/bs\/proizvod\/ormar-za-spise\/#primaryimage"},"thumbnailUrl":"https:\/\/i0.wp.com\/inti.hr\/wp-content\/uploads\/2024\/11\/ASK07-WN-A-S001-1.webp?fit=1600%2C1600&ssl=1","datePublished":"2024-11-26T10:32:17+00:00","dateModified":"2024-11-26T10:32:17+00:00","description":"Ovaj ormari\u0107 za spise kombinira funkcionalnost i moderan dizajn kako bi ponudio cjelovito rje\u0161enje za va\u0161 radni prostor. Lijeva strana posve\u0107ena je pisa\u010du, sa zatvorenim prostorom koji ne samo da skriva ure\u0111aj kako bi okoli\u0161 bio uredan, ve\u0107 uklju\u010duje i kliznu policu koja olak\u0161ava pristup tijekom kori\u0161tenja. Stra\u017enji otvor za kabele osigurava \u010disto upravljanje bez nereda.Na desnoj strani dizajn nudi kombinaciju otvorenog i zatvorenog prostora: otvorena polica idealna je za svakodnevne predmete, poput hrpe papira ili uredskog pribora, dok vam tri ladice omogu\u0107uju u\u010dinkovito organiziranje dokumenata, olovaka i raznih materijala.Noge visoke 6 cm ne samo da namje\u0161taju daju elegantan, moderan izgled, ve\u0107 ga dr\u017ee podignutim od poda, sprje\u010davaju\u0107i nakupljanje vlage i olak\u0161avaju\u0107i \u010di\u0161\u0107enje. Namje\u0161taj je izra\u0111en od visokokvalitetnih materijala koji osiguravaju dug \u017eivot i estetiku koja se lako prilago\u0111ava svakom okru\u017eenju, bilo ku\u0107nom ili poslovnom.","breadcrumb":{"@id":"https:\/\/inti.hr\/bs\/proizvod\/ormar-za-spise\/#breadcrumb"},"inLanguage":"bs-BA","potentialAction":[{"@type":"ReadAction","target":["https:\/\/inti.hr\/bs\/proizvod\/ormar-za-spise\/"]}]},{"@type":"ImageObject","inLanguage":"bs-BA","@id":"https:\/\/inti.hr\/bs\/proizvod\/ormar-za-spise\/#primaryimage","url":"https:\/\/i0.wp.com\/inti.hr\/wp-content\/uploads\/2024\/11\/ASK07-WN-A-S001-1.webp?fit=1600%2C1600&ssl=1","contentUrl":"https:\/\/i0.wp.com\/inti.hr\/wp-content\/uploads\/2024\/11\/ASK07-WN-A-S001-1.webp?fit=1600%2C1600&ssl=1","width":1600,"height":1600,"caption":"SoBuy podr\u0161ka za pisa\u010d 90x45x75cm ASK07-WN"},{"@type":"BreadcrumbList","@id":"https:\/\/inti.hr\/bs\/proizvod\/ormar-za-spise\/#breadcrumb","itemListElement":[{"@type":"ListItem","position":1,"name":"Po\u010detna stranica","item":"https:\/\/inti.hr\/bs\/"},{"@type":"ListItem","position":2,"name":"Trgovina","item":"https:\/\/inti.hr\/bs\/trgovina\/"},{"@type":"ListItem","position":3,"name":"Ormar za spise"}]},{"@type":"WebSite","@id":"https:\/\/inti.hr\/bs\/#website","url":"https:\/\/inti.hr\/bs\/","name":"Inti","description":"trgovina","potentialAction":[{"@type":"SearchAction","target":{"@type":"EntryPoint","urlTemplate":"https:\/\/inti.hr\/bs\/?s={search_term_string}"},"query-input":{"@type":"PropertyValueSpecification","valueRequired":true,"valueName":"search_term_string"}}],"inLanguage":"bs-BA"}]}},"jetpack_sharing_enabled":true,"jetpack-related-posts":[],"_links":{"self":[{"href":"https:\/\/inti.hr\/bs\/wp-json\/wp\/v2\/product\/31759"}],"collection":[{"href":"https:\/\/inti.hr\/bs\/wp-json\/wp\/v2\/product"}],"about":[{"href":"https:\/\/inti.hr\/bs\/wp-json\/wp\/v2\/types\/product"}],"wp:featuredmedia":[{"embeddable":true,"href":"https:\/\/inti.hr\/bs\/wp-json\/wp\/v2\/media\/31760"}],"wp:attachment":[{"href":"https:\/\/inti.hr\/bs\/wp-json\/wp\/v2\/media?parent=31759"}],"wp:term":[{"taxonomy":"product_cat","embeddable":true,"href":"https:\/\/inti.hr\/bs\/wp-json\/wp\/v2\/product_cat?post=31759"},{"taxonomy":"product_tag","embeddable":true,"href":"https:\/\/inti.hr\/bs\/wp-json\/wp\/v2\/product_tag?post=31759"}],"curies":[{"name":"wp","href":"https:\/\/api.w.org\/{rel}","templated":true}]}}