{"id":31763,"date":"2024-11-26T11:27:42","date_gmt":"2024-11-26T10:27:42","guid":{"rendered":"https:\/\/inti.hr\/product\/ormar-za-dokumente-45x45x59cm\/"},"modified":"2024-11-26T11:27:42","modified_gmt":"2024-11-26T10:27:42","slug":"ormar-za-dokumente-45x45x59cm","status":"publish","type":"product","link":"https:\/\/inti.hr\/bs\/proizvod\/ormar-za-dokumente-45x45x59cm\/","title":{"rendered":"Ormar za dokumente 45x45x59cm"},"content":{"rendered":"<p>Pojedinosti o proizvodu:<\/p>\n<p>Te\u017eina: pribli\u017eno 16,85 kg.<br \/>\nTestirano za: 25 kg.<br \/>\nMaterijal: MDF (E0).<br \/>\nMjere proizvoda: 45x45x59 cm (vidi sliku).<br \/>\nDimenzije pakiranja: 65,5x52x16 cm.<br \/>\nS uputama za sastavljanje i vijcima. Jednostavna instalacija.<\/p>\n","protected":false},"excerpt":{"rendered":"<p>Ovaj ormar za dokumente savr\u0161eno je rje\u0161enje za organiziranje dokumenata i &#8230; <\/p>\n","protected":false},"featured_media":31764,"template":"","meta":[],"product_cat":[2436],"product_tag":[2654,3094],"yoast_head":"<!-- This site is optimized with the Yoast SEO plugin v23.7 - https:\/\/yoast.com\/wordpress\/plugins\/seo\/ -->\n<title>Ormar za dokumente 45x45x59cm - Inti<\/title>\n<meta name=\"description\" content=\"Ovaj ormar za dokumente savr\u0161eno je rje\u0161enje za organiziranje dokumenata i pribora u uredu ili kod ku\u0107e. Sa svojom kompaktnom veli\u010dinom, lako se uklapa u male prostore, a istovremeno nudi dovoljno prostora za pohranu. Gornja polica je \u010dvrsta i prostrana, idealna za dr\u017eanje pisa\u010da ili drugih ure\u0111aja.Funkcionalni dizajn uklju\u010duje dvije ladice: gornja ladica savr\u0161ena je za dr\u017eanje malih predmeta, dok donja ladica nudi fleksibilno rje\u0161enje za pohranu dokumenata. Zahvaljuju\u0107i 35 unaprijed postavljenih rupa, mo\u017eete prilagoditi polo\u017eaje za postavljanje vise\u0107ih turpija ili drugih radnih materijala prema va\u0161im potrebama.\u010cetiri kota\u010da u podno\u017eju namje\u0161taja jam\u010de maksimalnu mobilnost, omogu\u0107uju\u0107i jednostavno premje\u0161tanje iz jedne prostorije u drugu. Kombinacija ekolo\u0161ki prihvatljivog MDF-a i gumenog drva ne samo da \u010dini namje\u0161taj izdr\u017eljivim i stabilnim, ve\u0107 dodaje i moderan \u0161tih va\u0161em radnom prostoru.\" \/>\n<meta name=\"robots\" content=\"index, follow, max-snippet:-1, max-image-preview:large, max-video-preview:-1\" \/>\n<link rel=\"canonical\" href=\"https:\/\/inti.hr\/bs\/proizvod\/ormar-za-dokumente-45x45x59cm\/\" \/>\n<meta property=\"og:locale\" content=\"bs_BA\" \/>\n<meta property=\"og:type\" content=\"article\" \/>\n<meta property=\"og:title\" content=\"Ormar za dokumente 45x45x59cm - Inti\" \/>\n<meta property=\"og:description\" content=\"Ovaj ormar za dokumente savr\u0161eno je rje\u0161enje za organiziranje dokumenata i pribora u uredu ili kod ku\u0107e. Sa svojom kompaktnom veli\u010dinom, lako se uklapa u male prostore, a istovremeno nudi dovoljno prostora za pohranu. Gornja polica je \u010dvrsta i prostrana, idealna za dr\u017eanje pisa\u010da ili drugih ure\u0111aja.Funkcionalni dizajn uklju\u010duje dvije ladice: gornja ladica savr\u0161ena je za dr\u017eanje malih predmeta, dok donja ladica nudi fleksibilno rje\u0161enje za pohranu dokumenata. Zahvaljuju\u0107i 35 unaprijed postavljenih rupa, mo\u017eete prilagoditi polo\u017eaje za postavljanje vise\u0107ih turpija ili drugih radnih materijala prema va\u0161im potrebama.\u010cetiri kota\u010da u podno\u017eju namje\u0161taja jam\u010de maksimalnu mobilnost, omogu\u0107uju\u0107i jednostavno premje\u0161tanje iz jedne prostorije u drugu. Kombinacija ekolo\u0161ki prihvatljivog MDF-a i gumenog drva ne samo da \u010dini namje\u0161taj izdr\u017eljivim i stabilnim, ve\u0107 dodaje i moderan \u0161tih va\u0161em radnom prostoru.\" \/>\n<meta property=\"og:url\" content=\"https:\/\/inti.hr\/bs\/proizvod\/ormar-za-dokumente-45x45x59cm\/\" \/>\n<meta property=\"og:site_name\" content=\"Inti\" \/>\n<meta property=\"og:image\" content=\"https:\/\/i0.wp.com\/inti.hr\/wp-content\/uploads\/2024\/11\/ASK06-WN-S002_1800x1800.webp?fit=1600%2C1600&ssl=1\" \/>\n\t<meta property=\"og:image:width\" content=\"1600\" \/>\n\t<meta property=\"og:image:height\" content=\"1600\" \/>\n\t<meta property=\"og:image:type\" content=\"image\/webp\" \/>\n<meta name=\"twitter:card\" content=\"summary_large_image\" \/>\n<script type=\"application\/ld+json\" class=\"yoast-schema-graph\">{\"@context\":\"https:\/\/schema.org\",\"@graph\":[{\"@type\":\"WebPage\",\"@id\":\"https:\/\/inti.hr\/bs\/proizvod\/ormar-za-dokumente-45x45x59cm\/\",\"url\":\"https:\/\/inti.hr\/bs\/proizvod\/ormar-za-dokumente-45x45x59cm\/\",\"name\":\"Ormar za dokumente 45x45x59cm - Inti\",\"isPartOf\":{\"@id\":\"https:\/\/inti.hr\/bs\/#website\"},\"primaryImageOfPage\":{\"@id\":\"https:\/\/inti.hr\/bs\/proizvod\/ormar-za-dokumente-45x45x59cm\/#primaryimage\"},\"image\":{\"@id\":\"https:\/\/inti.hr\/bs\/proizvod\/ormar-za-dokumente-45x45x59cm\/#primaryimage\"},\"thumbnailUrl\":\"https:\/\/i0.wp.com\/inti.hr\/wp-content\/uploads\/2024\/11\/ASK06-WN-S002_1800x1800.webp?fit=1600%2C1600&ssl=1\",\"datePublished\":\"2024-11-26T10:27:42+00:00\",\"dateModified\":\"2024-11-26T10:27:42+00:00\",\"description\":\"Ovaj ormar za dokumente savr\u0161eno je rje\u0161enje za organiziranje dokumenata i pribora u uredu ili kod ku\u0107e. Sa svojom kompaktnom veli\u010dinom, lako se uklapa u male prostore, a istovremeno nudi dovoljno prostora za pohranu. Gornja polica je \u010dvrsta i prostrana, idealna za dr\u017eanje pisa\u010da ili drugih ure\u0111aja.Funkcionalni dizajn uklju\u010duje dvije ladice: gornja ladica savr\u0161ena je za dr\u017eanje malih predmeta, dok donja ladica nudi fleksibilno rje\u0161enje za pohranu dokumenata. Zahvaljuju\u0107i 35 unaprijed postavljenih rupa, mo\u017eete prilagoditi polo\u017eaje za postavljanje vise\u0107ih turpija ili drugih radnih materijala prema va\u0161im potrebama.\u010cetiri kota\u010da u podno\u017eju namje\u0161taja jam\u010de maksimalnu mobilnost, omogu\u0107uju\u0107i jednostavno premje\u0161tanje iz jedne prostorije u drugu. Kombinacija ekolo\u0161ki prihvatljivog MDF-a i gumenog drva ne samo da \u010dini namje\u0161taj izdr\u017eljivim i stabilnim, ve\u0107 dodaje i moderan \u0161tih va\u0161em radnom prostoru.\",\"breadcrumb\":{\"@id\":\"https:\/\/inti.hr\/bs\/proizvod\/ormar-za-dokumente-45x45x59cm\/#breadcrumb\"},\"inLanguage\":\"bs-BA\",\"potentialAction\":[{\"@type\":\"ReadAction\",\"target\":[\"https:\/\/inti.hr\/bs\/proizvod\/ormar-za-dokumente-45x45x59cm\/\"]}]},{\"@type\":\"ImageObject\",\"inLanguage\":\"bs-BA\",\"@id\":\"https:\/\/inti.hr\/bs\/proizvod\/ormar-za-dokumente-45x45x59cm\/#primaryimage\",\"url\":\"https:\/\/i0.wp.com\/inti.hr\/wp-content\/uploads\/2024\/11\/ASK06-WN-S002_1800x1800.webp?fit=1600%2C1600&ssl=1\",\"contentUrl\":\"https:\/\/i0.wp.com\/inti.hr\/wp-content\/uploads\/2024\/11\/ASK06-WN-S002_1800x1800.webp?fit=1600%2C1600&ssl=1\",\"width\":1600,\"height\":1600,\"caption\":\"SoBuy podr\u0161ka za pisa\u010d 45x45x59cm ASK06-WN\"},{\"@type\":\"BreadcrumbList\",\"@id\":\"https:\/\/inti.hr\/bs\/proizvod\/ormar-za-dokumente-45x45x59cm\/#breadcrumb\",\"itemListElement\":[{\"@type\":\"ListItem\",\"position\":1,\"name\":\"Po\u010detna stranica\",\"item\":\"https:\/\/inti.hr\/bs\/\"},{\"@type\":\"ListItem\",\"position\":2,\"name\":\"Trgovina\",\"item\":\"https:\/\/inti.hr\/bs\/trgovina\/\"},{\"@type\":\"ListItem\",\"position\":3,\"name\":\"Ormar za dokumente 45x45x59cm\"}]},{\"@type\":\"WebSite\",\"@id\":\"https:\/\/inti.hr\/bs\/#website\",\"url\":\"https:\/\/inti.hr\/bs\/\",\"name\":\"Inti\",\"description\":\"trgovina\",\"potentialAction\":[{\"@type\":\"SearchAction\",\"target\":{\"@type\":\"EntryPoint\",\"urlTemplate\":\"https:\/\/inti.hr\/bs\/?s={search_term_string}\"},\"query-input\":{\"@type\":\"PropertyValueSpecification\",\"valueRequired\":true,\"valueName\":\"search_term_string\"}}],\"inLanguage\":\"bs-BA\"}]}<\/script>\n<!-- \/ Yoast SEO plugin. -->","yoast_head_json":{"title":"Ormar za dokumente 45x45x59cm - Inti","description":"Ovaj ormar za dokumente savr\u0161eno je rje\u0161enje za organiziranje dokumenata i pribora u uredu ili kod ku\u0107e. Sa svojom kompaktnom veli\u010dinom, lako se uklapa u male prostore, a istovremeno nudi dovoljno prostora za pohranu. Gornja polica je \u010dvrsta i prostrana, idealna za dr\u017eanje pisa\u010da ili drugih ure\u0111aja.Funkcionalni dizajn uklju\u010duje dvije ladice: gornja ladica savr\u0161ena je za dr\u017eanje malih predmeta, dok donja ladica nudi fleksibilno rje\u0161enje za pohranu dokumenata. Zahvaljuju\u0107i 35 unaprijed postavljenih rupa, mo\u017eete prilagoditi polo\u017eaje za postavljanje vise\u0107ih turpija ili drugih radnih materijala prema va\u0161im potrebama.\u010cetiri kota\u010da u podno\u017eju namje\u0161taja jam\u010de maksimalnu mobilnost, omogu\u0107uju\u0107i jednostavno premje\u0161tanje iz jedne prostorije u drugu. Kombinacija ekolo\u0161ki prihvatljivog MDF-a i gumenog drva ne samo da \u010dini namje\u0161taj izdr\u017eljivim i stabilnim, ve\u0107 dodaje i moderan \u0161tih va\u0161em radnom prostoru.","robots":{"index":"index","follow":"follow","max-snippet":"max-snippet:-1","max-image-preview":"max-image-preview:large","max-video-preview":"max-video-preview:-1"},"canonical":"https:\/\/inti.hr\/bs\/proizvod\/ormar-za-dokumente-45x45x59cm\/","og_locale":"bs_BA","og_type":"article","og_title":"Ormar za dokumente 45x45x59cm - Inti","og_description":"Ovaj ormar za dokumente savr\u0161eno je rje\u0161enje za organiziranje dokumenata i pribora u uredu ili kod ku\u0107e. Sa svojom kompaktnom veli\u010dinom, lako se uklapa u male prostore, a istovremeno nudi dovoljno prostora za pohranu. Gornja polica je \u010dvrsta i prostrana, idealna za dr\u017eanje pisa\u010da ili drugih ure\u0111aja.Funkcionalni dizajn uklju\u010duje dvije ladice: gornja ladica savr\u0161ena je za dr\u017eanje malih predmeta, dok donja ladica nudi fleksibilno rje\u0161enje za pohranu dokumenata. Zahvaljuju\u0107i 35 unaprijed postavljenih rupa, mo\u017eete prilagoditi polo\u017eaje za postavljanje vise\u0107ih turpija ili drugih radnih materijala prema va\u0161im potrebama.\u010cetiri kota\u010da u podno\u017eju namje\u0161taja jam\u010de maksimalnu mobilnost, omogu\u0107uju\u0107i jednostavno premje\u0161tanje iz jedne prostorije u drugu. Kombinacija ekolo\u0161ki prihvatljivog MDF-a i gumenog drva ne samo da \u010dini namje\u0161taj izdr\u017eljivim i stabilnim, ve\u0107 dodaje i moderan \u0161tih va\u0161em radnom prostoru.","og_url":"https:\/\/inti.hr\/bs\/proizvod\/ormar-za-dokumente-45x45x59cm\/","og_site_name":"Inti","og_image":[{"width":1600,"height":1600,"url":"https:\/\/i0.wp.com\/inti.hr\/wp-content\/uploads\/2024\/11\/ASK06-WN-S002_1800x1800.webp?fit=1600%2C1600&ssl=1","type":"image\/webp"}],"twitter_card":"summary_large_image","schema":{"@context":"https:\/\/schema.org","@graph":[{"@type":"WebPage","@id":"https:\/\/inti.hr\/bs\/proizvod\/ormar-za-dokumente-45x45x59cm\/","url":"https:\/\/inti.hr\/bs\/proizvod\/ormar-za-dokumente-45x45x59cm\/","name":"Ormar za dokumente 45x45x59cm - Inti","isPartOf":{"@id":"https:\/\/inti.hr\/bs\/#website"},"primaryImageOfPage":{"@id":"https:\/\/inti.hr\/bs\/proizvod\/ormar-za-dokumente-45x45x59cm\/#primaryimage"},"image":{"@id":"https:\/\/inti.hr\/bs\/proizvod\/ormar-za-dokumente-45x45x59cm\/#primaryimage"},"thumbnailUrl":"https:\/\/i0.wp.com\/inti.hr\/wp-content\/uploads\/2024\/11\/ASK06-WN-S002_1800x1800.webp?fit=1600%2C1600&ssl=1","datePublished":"2024-11-26T10:27:42+00:00","dateModified":"2024-11-26T10:27:42+00:00","description":"Ovaj ormar za dokumente savr\u0161eno je rje\u0161enje za organiziranje dokumenata i pribora u uredu ili kod ku\u0107e. Sa svojom kompaktnom veli\u010dinom, lako se uklapa u male prostore, a istovremeno nudi dovoljno prostora za pohranu. Gornja polica je \u010dvrsta i prostrana, idealna za dr\u017eanje pisa\u010da ili drugih ure\u0111aja.Funkcionalni dizajn uklju\u010duje dvije ladice: gornja ladica savr\u0161ena je za dr\u017eanje malih predmeta, dok donja ladica nudi fleksibilno rje\u0161enje za pohranu dokumenata. Zahvaljuju\u0107i 35 unaprijed postavljenih rupa, mo\u017eete prilagoditi polo\u017eaje za postavljanje vise\u0107ih turpija ili drugih radnih materijala prema va\u0161im potrebama.\u010cetiri kota\u010da u podno\u017eju namje\u0161taja jam\u010de maksimalnu mobilnost, omogu\u0107uju\u0107i jednostavno premje\u0161tanje iz jedne prostorije u drugu. Kombinacija ekolo\u0161ki prihvatljivog MDF-a i gumenog drva ne samo da \u010dini namje\u0161taj izdr\u017eljivim i stabilnim, ve\u0107 dodaje i moderan \u0161tih va\u0161em radnom prostoru.","breadcrumb":{"@id":"https:\/\/inti.hr\/bs\/proizvod\/ormar-za-dokumente-45x45x59cm\/#breadcrumb"},"inLanguage":"bs-BA","potentialAction":[{"@type":"ReadAction","target":["https:\/\/inti.hr\/bs\/proizvod\/ormar-za-dokumente-45x45x59cm\/"]}]},{"@type":"ImageObject","inLanguage":"bs-BA","@id":"https:\/\/inti.hr\/bs\/proizvod\/ormar-za-dokumente-45x45x59cm\/#primaryimage","url":"https:\/\/i0.wp.com\/inti.hr\/wp-content\/uploads\/2024\/11\/ASK06-WN-S002_1800x1800.webp?fit=1600%2C1600&ssl=1","contentUrl":"https:\/\/i0.wp.com\/inti.hr\/wp-content\/uploads\/2024\/11\/ASK06-WN-S002_1800x1800.webp?fit=1600%2C1600&ssl=1","width":1600,"height":1600,"caption":"SoBuy podr\u0161ka za pisa\u010d 45x45x59cm ASK06-WN"},{"@type":"BreadcrumbList","@id":"https:\/\/inti.hr\/bs\/proizvod\/ormar-za-dokumente-45x45x59cm\/#breadcrumb","itemListElement":[{"@type":"ListItem","position":1,"name":"Po\u010detna stranica","item":"https:\/\/inti.hr\/bs\/"},{"@type":"ListItem","position":2,"name":"Trgovina","item":"https:\/\/inti.hr\/bs\/trgovina\/"},{"@type":"ListItem","position":3,"name":"Ormar za dokumente 45x45x59cm"}]},{"@type":"WebSite","@id":"https:\/\/inti.hr\/bs\/#website","url":"https:\/\/inti.hr\/bs\/","name":"Inti","description":"trgovina","potentialAction":[{"@type":"SearchAction","target":{"@type":"EntryPoint","urlTemplate":"https:\/\/inti.hr\/bs\/?s={search_term_string}"},"query-input":{"@type":"PropertyValueSpecification","valueRequired":true,"valueName":"search_term_string"}}],"inLanguage":"bs-BA"}]}},"jetpack_sharing_enabled":true,"jetpack-related-posts":[],"_links":{"self":[{"href":"https:\/\/inti.hr\/bs\/wp-json\/wp\/v2\/product\/31763"}],"collection":[{"href":"https:\/\/inti.hr\/bs\/wp-json\/wp\/v2\/product"}],"about":[{"href":"https:\/\/inti.hr\/bs\/wp-json\/wp\/v2\/types\/product"}],"wp:featuredmedia":[{"embeddable":true,"href":"https:\/\/inti.hr\/bs\/wp-json\/wp\/v2\/media\/31764"}],"wp:attachment":[{"href":"https:\/\/inti.hr\/bs\/wp-json\/wp\/v2\/media?parent=31763"}],"wp:term":[{"taxonomy":"product_cat","embeddable":true,"href":"https:\/\/inti.hr\/bs\/wp-json\/wp\/v2\/product_cat?post=31763"},{"taxonomy":"product_tag","embeddable":true,"href":"https:\/\/inti.hr\/bs\/wp-json\/wp\/v2\/product_tag?post=31763"}],"curies":[{"name":"wp","href":"https:\/\/api.w.org\/{rel}","templated":true}]}}