{"id":31771,"date":"2024-11-26T11:19:36","date_gmt":"2024-11-26T10:19:36","guid":{"rendered":"https:\/\/inti.hr\/product\/bijeli-stolic-za-kavu-60x25x50-cm\/"},"modified":"2024-11-26T11:19:36","modified_gmt":"2024-11-26T10:19:36","slug":"bijeli-stolic-za-kavu-60x25x50-cm","status":"publish","type":"product","link":"https:\/\/inti.hr\/bs\/proizvod\/bijeli-stolic-za-kavu-60x25x50-cm\/","title":{"rendered":"Bijeli stoli\u0107 za kavu 60x25x50 cm"},"content":{"rendered":"<p>Pojedinosti o proizvodu:<\/p>\n<p>Te\u017eina: pribli\u017eno 6,14 kg.<br \/>\nTestirano za: 18 kg.<br \/>\nMaterijal: MDF.<br \/>\nMjere proizvoda: 60x25x50 cm (vidi sliku).<br \/>\nDimenzije pakiranja: 60&#215;35,5&#215;13 cm.<br \/>\nS uputama za sastavljanje i vijcima. Jednostavna instalacija<\/p>\n","protected":false},"excerpt":{"rendered":"<p>Volite li malo \u010ditati prije spavanja ili provjeravati telefon, moderan no\u0107ni &#8230; <\/p>\n","protected":false},"featured_media":31772,"template":"","meta":[],"product_cat":[2418],"product_tag":[3100,2444],"yoast_head":"<!-- This site is optimized with the Yoast SEO plugin v23.7 - https:\/\/yoast.com\/wordpress\/plugins\/seo\/ -->\n<title>Bijeli stoli\u0107 za kavu 60x25x50 cm - Inti<\/title>\n<meta name=\"description\" content=\"Volite li malo \u010ditati prije spavanja ili provjeravati telefon, moderan no\u0107ni ormari\u0107 s policama i pretincima za stvari je prava stvar za vas. Uz njega \u0107ete uvijek imati svoj pametni telefon, nao\u010dale itd. na dohvat ruke pored kreveta.Savr\u0161en kao no\u0107ni ormari\u0107 ili komoda, ovaj komad namje\u0161taja pristaje u spava\u0107u sobu s obje strane kreveta ili kao ormar za dnevnu sobu.Osim \u0161to je estetski lijep, no\u0107ni ormari\u0107 je i vrlo prakti\u010dan za kori\u0161tenje zahvaljuju\u0107i ormari\u0107u s vratima za pa\u017eljivo odlaganje svakog predmeta. Polica pru\u017ea prostor za no\u0107no svjetlo, daljinske upravlja\u010de za TV, foto albume, budilicu ili druge sitne ukrasne predmete.\" \/>\n<meta name=\"robots\" content=\"index, follow, max-snippet:-1, max-image-preview:large, max-video-preview:-1\" \/>\n<link rel=\"canonical\" href=\"https:\/\/inti.hr\/bs\/proizvod\/bijeli-stolic-za-kavu-60x25x50-cm\/\" \/>\n<meta property=\"og:locale\" content=\"bs_BA\" \/>\n<meta property=\"og:type\" content=\"article\" \/>\n<meta property=\"og:title\" content=\"Bijeli stoli\u0107 za kavu 60x25x50 cm - Inti\" \/>\n<meta property=\"og:description\" content=\"Volite li malo \u010ditati prije spavanja ili provjeravati telefon, moderan no\u0107ni ormari\u0107 s policama i pretincima za stvari je prava stvar za vas. Uz njega \u0107ete uvijek imati svoj pametni telefon, nao\u010dale itd. na dohvat ruke pored kreveta.Savr\u0161en kao no\u0107ni ormari\u0107 ili komoda, ovaj komad namje\u0161taja pristaje u spava\u0107u sobu s obje strane kreveta ili kao ormar za dnevnu sobu.Osim \u0161to je estetski lijep, no\u0107ni ormari\u0107 je i vrlo prakti\u010dan za kori\u0161tenje zahvaljuju\u0107i ormari\u0107u s vratima za pa\u017eljivo odlaganje svakog predmeta. Polica pru\u017ea prostor za no\u0107no svjetlo, daljinske upravlja\u010de za TV, foto albume, budilicu ili druge sitne ukrasne predmete.\" \/>\n<meta property=\"og:url\" content=\"https:\/\/inti.hr\/bs\/proizvod\/bijeli-stolic-za-kavu-60x25x50-cm\/\" \/>\n<meta property=\"og:site_name\" content=\"Inti\" \/>\n<meta property=\"og:image\" content=\"https:\/\/i0.wp.com\/inti.hr\/wp-content\/uploads\/2024\/11\/FBT147-W-Y006_860x.webp?fit=860%2C860&ssl=1\" \/>\n\t<meta property=\"og:image:width\" content=\"860\" \/>\n\t<meta property=\"og:image:height\" content=\"860\" \/>\n\t<meta property=\"og:image:type\" content=\"image\/webp\" \/>\n<meta name=\"twitter:card\" content=\"summary_large_image\" \/>\n<script type=\"application\/ld+json\" class=\"yoast-schema-graph\">{\"@context\":\"https:\/\/schema.org\",\"@graph\":[{\"@type\":\"WebPage\",\"@id\":\"https:\/\/inti.hr\/bs\/proizvod\/bijeli-stolic-za-kavu-60x25x50-cm\/\",\"url\":\"https:\/\/inti.hr\/bs\/proizvod\/bijeli-stolic-za-kavu-60x25x50-cm\/\",\"name\":\"Bijeli stoli\u0107 za kavu 60x25x50 cm - Inti\",\"isPartOf\":{\"@id\":\"https:\/\/inti.hr\/bs\/#website\"},\"primaryImageOfPage\":{\"@id\":\"https:\/\/inti.hr\/bs\/proizvod\/bijeli-stolic-za-kavu-60x25x50-cm\/#primaryimage\"},\"image\":{\"@id\":\"https:\/\/inti.hr\/bs\/proizvod\/bijeli-stolic-za-kavu-60x25x50-cm\/#primaryimage\"},\"thumbnailUrl\":\"https:\/\/i0.wp.com\/inti.hr\/wp-content\/uploads\/2024\/11\/FBT147-W-Y006_860x.webp?fit=860%2C860&ssl=1\",\"datePublished\":\"2024-11-26T10:19:36+00:00\",\"dateModified\":\"2024-11-26T10:19:36+00:00\",\"description\":\"Volite li malo \u010ditati prije spavanja ili provjeravati telefon, moderan no\u0107ni ormari\u0107 s policama i pretincima za stvari je prava stvar za vas. Uz njega \u0107ete uvijek imati svoj pametni telefon, nao\u010dale itd. na dohvat ruke pored kreveta.Savr\u0161en kao no\u0107ni ormari\u0107 ili komoda, ovaj komad namje\u0161taja pristaje u spava\u0107u sobu s obje strane kreveta ili kao ormar za dnevnu sobu.Osim \u0161to je estetski lijep, no\u0107ni ormari\u0107 je i vrlo prakti\u010dan za kori\u0161tenje zahvaljuju\u0107i ormari\u0107u s vratima za pa\u017eljivo odlaganje svakog predmeta. Polica pru\u017ea prostor za no\u0107no svjetlo, daljinske upravlja\u010de za TV, foto albume, budilicu ili druge sitne ukrasne predmete.\",\"breadcrumb\":{\"@id\":\"https:\/\/inti.hr\/bs\/proizvod\/bijeli-stolic-za-kavu-60x25x50-cm\/#breadcrumb\"},\"inLanguage\":\"bs-BA\",\"potentialAction\":[{\"@type\":\"ReadAction\",\"target\":[\"https:\/\/inti.hr\/bs\/proizvod\/bijeli-stolic-za-kavu-60x25x50-cm\/\"]}]},{\"@type\":\"ImageObject\",\"inLanguage\":\"bs-BA\",\"@id\":\"https:\/\/inti.hr\/bs\/proizvod\/bijeli-stolic-za-kavu-60x25x50-cm\/#primaryimage\",\"url\":\"https:\/\/i0.wp.com\/inti.hr\/wp-content\/uploads\/2024\/11\/FBT147-W-Y006_860x.webp?fit=860%2C860&ssl=1\",\"contentUrl\":\"https:\/\/i0.wp.com\/inti.hr\/wp-content\/uploads\/2024\/11\/FBT147-W-Y006_860x.webp?fit=860%2C860&ssl=1\",\"width\":860,\"height\":860,\"caption\":\"SoBuy bijeli stoli\u0107 za kavu 60x25x50 cm FBT147-W\"},{\"@type\":\"BreadcrumbList\",\"@id\":\"https:\/\/inti.hr\/bs\/proizvod\/bijeli-stolic-za-kavu-60x25x50-cm\/#breadcrumb\",\"itemListElement\":[{\"@type\":\"ListItem\",\"position\":1,\"name\":\"Po\u010detna stranica\",\"item\":\"https:\/\/inti.hr\/bs\/\"},{\"@type\":\"ListItem\",\"position\":2,\"name\":\"Trgovina\",\"item\":\"https:\/\/inti.hr\/bs\/trgovina\/\"},{\"@type\":\"ListItem\",\"position\":3,\"name\":\"Bijeli stoli\u0107 za kavu 60x25x50 cm\"}]},{\"@type\":\"WebSite\",\"@id\":\"https:\/\/inti.hr\/bs\/#website\",\"url\":\"https:\/\/inti.hr\/bs\/\",\"name\":\"Inti\",\"description\":\"trgovina\",\"potentialAction\":[{\"@type\":\"SearchAction\",\"target\":{\"@type\":\"EntryPoint\",\"urlTemplate\":\"https:\/\/inti.hr\/bs\/?s={search_term_string}\"},\"query-input\":{\"@type\":\"PropertyValueSpecification\",\"valueRequired\":true,\"valueName\":\"search_term_string\"}}],\"inLanguage\":\"bs-BA\"}]}<\/script>\n<!-- \/ Yoast SEO plugin. -->","yoast_head_json":{"title":"Bijeli stoli\u0107 za kavu 60x25x50 cm - Inti","description":"Volite li malo \u010ditati prije spavanja ili provjeravati telefon, moderan no\u0107ni ormari\u0107 s policama i pretincima za stvari je prava stvar za vas. Uz njega \u0107ete uvijek imati svoj pametni telefon, nao\u010dale itd. na dohvat ruke pored kreveta.Savr\u0161en kao no\u0107ni ormari\u0107 ili komoda, ovaj komad namje\u0161taja pristaje u spava\u0107u sobu s obje strane kreveta ili kao ormar za dnevnu sobu.Osim \u0161to je estetski lijep, no\u0107ni ormari\u0107 je i vrlo prakti\u010dan za kori\u0161tenje zahvaljuju\u0107i ormari\u0107u s vratima za pa\u017eljivo odlaganje svakog predmeta. Polica pru\u017ea prostor za no\u0107no svjetlo, daljinske upravlja\u010de za TV, foto albume, budilicu ili druge sitne ukrasne predmete.","robots":{"index":"index","follow":"follow","max-snippet":"max-snippet:-1","max-image-preview":"max-image-preview:large","max-video-preview":"max-video-preview:-1"},"canonical":"https:\/\/inti.hr\/bs\/proizvod\/bijeli-stolic-za-kavu-60x25x50-cm\/","og_locale":"bs_BA","og_type":"article","og_title":"Bijeli stoli\u0107 za kavu 60x25x50 cm - Inti","og_description":"Volite li malo \u010ditati prije spavanja ili provjeravati telefon, moderan no\u0107ni ormari\u0107 s policama i pretincima za stvari je prava stvar za vas. Uz njega \u0107ete uvijek imati svoj pametni telefon, nao\u010dale itd. na dohvat ruke pored kreveta.Savr\u0161en kao no\u0107ni ormari\u0107 ili komoda, ovaj komad namje\u0161taja pristaje u spava\u0107u sobu s obje strane kreveta ili kao ormar za dnevnu sobu.Osim \u0161to je estetski lijep, no\u0107ni ormari\u0107 je i vrlo prakti\u010dan za kori\u0161tenje zahvaljuju\u0107i ormari\u0107u s vratima za pa\u017eljivo odlaganje svakog predmeta. Polica pru\u017ea prostor za no\u0107no svjetlo, daljinske upravlja\u010de za TV, foto albume, budilicu ili druge sitne ukrasne predmete.","og_url":"https:\/\/inti.hr\/bs\/proizvod\/bijeli-stolic-za-kavu-60x25x50-cm\/","og_site_name":"Inti","og_image":[{"width":860,"height":860,"url":"https:\/\/i0.wp.com\/inti.hr\/wp-content\/uploads\/2024\/11\/FBT147-W-Y006_860x.webp?fit=860%2C860&ssl=1","type":"image\/webp"}],"twitter_card":"summary_large_image","schema":{"@context":"https:\/\/schema.org","@graph":[{"@type":"WebPage","@id":"https:\/\/inti.hr\/bs\/proizvod\/bijeli-stolic-za-kavu-60x25x50-cm\/","url":"https:\/\/inti.hr\/bs\/proizvod\/bijeli-stolic-za-kavu-60x25x50-cm\/","name":"Bijeli stoli\u0107 za kavu 60x25x50 cm - Inti","isPartOf":{"@id":"https:\/\/inti.hr\/bs\/#website"},"primaryImageOfPage":{"@id":"https:\/\/inti.hr\/bs\/proizvod\/bijeli-stolic-za-kavu-60x25x50-cm\/#primaryimage"},"image":{"@id":"https:\/\/inti.hr\/bs\/proizvod\/bijeli-stolic-za-kavu-60x25x50-cm\/#primaryimage"},"thumbnailUrl":"https:\/\/i0.wp.com\/inti.hr\/wp-content\/uploads\/2024\/11\/FBT147-W-Y006_860x.webp?fit=860%2C860&ssl=1","datePublished":"2024-11-26T10:19:36+00:00","dateModified":"2024-11-26T10:19:36+00:00","description":"Volite li malo \u010ditati prije spavanja ili provjeravati telefon, moderan no\u0107ni ormari\u0107 s policama i pretincima za stvari je prava stvar za vas. Uz njega \u0107ete uvijek imati svoj pametni telefon, nao\u010dale itd. na dohvat ruke pored kreveta.Savr\u0161en kao no\u0107ni ormari\u0107 ili komoda, ovaj komad namje\u0161taja pristaje u spava\u0107u sobu s obje strane kreveta ili kao ormar za dnevnu sobu.Osim \u0161to je estetski lijep, no\u0107ni ormari\u0107 je i vrlo prakti\u010dan za kori\u0161tenje zahvaljuju\u0107i ormari\u0107u s vratima za pa\u017eljivo odlaganje svakog predmeta. Polica pru\u017ea prostor za no\u0107no svjetlo, daljinske upravlja\u010de za TV, foto albume, budilicu ili druge sitne ukrasne predmete.","breadcrumb":{"@id":"https:\/\/inti.hr\/bs\/proizvod\/bijeli-stolic-za-kavu-60x25x50-cm\/#breadcrumb"},"inLanguage":"bs-BA","potentialAction":[{"@type":"ReadAction","target":["https:\/\/inti.hr\/bs\/proizvod\/bijeli-stolic-za-kavu-60x25x50-cm\/"]}]},{"@type":"ImageObject","inLanguage":"bs-BA","@id":"https:\/\/inti.hr\/bs\/proizvod\/bijeli-stolic-za-kavu-60x25x50-cm\/#primaryimage","url":"https:\/\/i0.wp.com\/inti.hr\/wp-content\/uploads\/2024\/11\/FBT147-W-Y006_860x.webp?fit=860%2C860&ssl=1","contentUrl":"https:\/\/i0.wp.com\/inti.hr\/wp-content\/uploads\/2024\/11\/FBT147-W-Y006_860x.webp?fit=860%2C860&ssl=1","width":860,"height":860,"caption":"SoBuy bijeli stoli\u0107 za kavu 60x25x50 cm FBT147-W"},{"@type":"BreadcrumbList","@id":"https:\/\/inti.hr\/bs\/proizvod\/bijeli-stolic-za-kavu-60x25x50-cm\/#breadcrumb","itemListElement":[{"@type":"ListItem","position":1,"name":"Po\u010detna stranica","item":"https:\/\/inti.hr\/bs\/"},{"@type":"ListItem","position":2,"name":"Trgovina","item":"https:\/\/inti.hr\/bs\/trgovina\/"},{"@type":"ListItem","position":3,"name":"Bijeli stoli\u0107 za kavu 60x25x50 cm"}]},{"@type":"WebSite","@id":"https:\/\/inti.hr\/bs\/#website","url":"https:\/\/inti.hr\/bs\/","name":"Inti","description":"trgovina","potentialAction":[{"@type":"SearchAction","target":{"@type":"EntryPoint","urlTemplate":"https:\/\/inti.hr\/bs\/?s={search_term_string}"},"query-input":{"@type":"PropertyValueSpecification","valueRequired":true,"valueName":"search_term_string"}}],"inLanguage":"bs-BA"}]}},"jetpack_sharing_enabled":true,"jetpack-related-posts":[],"_links":{"self":[{"href":"https:\/\/inti.hr\/bs\/wp-json\/wp\/v2\/product\/31771"}],"collection":[{"href":"https:\/\/inti.hr\/bs\/wp-json\/wp\/v2\/product"}],"about":[{"href":"https:\/\/inti.hr\/bs\/wp-json\/wp\/v2\/types\/product"}],"wp:featuredmedia":[{"embeddable":true,"href":"https:\/\/inti.hr\/bs\/wp-json\/wp\/v2\/media\/31772"}],"wp:attachment":[{"href":"https:\/\/inti.hr\/bs\/wp-json\/wp\/v2\/media?parent=31771"}],"wp:term":[{"taxonomy":"product_cat","embeddable":true,"href":"https:\/\/inti.hr\/bs\/wp-json\/wp\/v2\/product_cat?post=31771"},{"taxonomy":"product_tag","embeddable":true,"href":"https:\/\/inti.hr\/bs\/wp-json\/wp\/v2\/product_tag?post=31771"}],"curies":[{"name":"wp","href":"https:\/\/api.w.org\/{rel}","templated":true}]}}