{"id":31841,"date":"2024-10-29T14:30:03","date_gmt":"2024-10-29T13:30:03","guid":{"rendered":"https:\/\/inti.hr\/product\/kuhinjska-kanta-za-smece-40-litara\/"},"modified":"2024-10-29T14:30:03","modified_gmt":"2024-10-29T13:30:03","slug":"kuhinjska-kanta-za-smece-40-litara","status":"publish","type":"product","link":"https:\/\/inti.hr\/bs\/proizvod\/kuhinjska-kanta-za-smece-40-litara\/","title":{"rendered":"Kuhinjska kanta za sme\u0107e 40 litara"},"content":{"rendered":"<ul>\n<li><b><span>Detalji proizvoda:<\/span><\/b><\/li>\n<li><span>Boja: Crna<\/span><\/li>\n<li><span>Materijal: \u010delik<\/span><\/li>\n<li><span>Veli\u010dina: 34,8 x 32,1 x 55,7 cm (D x \u0160 x V)<\/span><\/li>\n<li><span>Ukupna visina (s otvorenim poklopcem): 83,3 cm<\/span><\/li>\n<li><span>Kapacitet: 40 litara<\/span><\/li>\n<li><span>Te\u017eina: 3,3 kg<\/span><\/li>\n<\/ul>\n","protected":false},"excerpt":{"rendered":"<p>Poklopac kante za sme\u0107e zatvara se polako, tiho i nje\u017eno. Nema &#8230; <\/p>\n","protected":false},"featured_media":31842,"template":"","meta":[],"product_cat":[2536],"product_tag":[2756],"yoast_head":"<!-- This site is optimized with the Yoast SEO plugin v23.7 - https:\/\/yoast.com\/wordpress\/plugins\/seo\/ -->\n<title>Kuhinjska kanta za sme\u0107e 40 litara - Inti<\/title>\n<meta name=\"description\" content=\"Poklopac kante za sme\u0107e zatvara se polako, tiho i nje\u017eno. Nema naglog zatvaranja tijekom uporabe! Ova kanta za otpatke prakti\u010dan je pomo\u0107nik za zbrinjavanje otpada. Poklopac kuhinjske kante za sme\u0107e mo\u017ee se dr\u017eati otvorenim tijekom kuhinjskih aktivnosti tako da se potpuno otvori rukom. Kako biste zatvorili poklopac, jednostavno ga preklopite rukom. Uklju\u010dujemo 15 prilago\u0111enih vre\u0107a za sme\u0107e (\u0161ifra 050A) tvrtke SONGMICS koje su savr\u0161ene za ovu kantu za sme\u0107e tako da je spremna za trenutnu upotrebu. Izra\u0111ena od visokokvalitetnog \u010delika, kuhinjska kanta za sme\u0107e od 40 litara otporna je na hr\u0111u. Mo\u017ee se lako obrisati radi \u010di\u0161\u0107enja. Kanta za otpad je opremljena steznim prstenom. To zna\u010di da vre\u0107ica za sme\u0107e ostaje \u010dvrsto na mjestu i nije vidljiva izvana. Osim toga, kanta s pedalom nema unutarnju kantu i stoga nudi 20% dodatnog unutarnjeg prostora za otpad.\" \/>\n<meta name=\"robots\" content=\"index, follow, max-snippet:-1, max-image-preview:large, max-video-preview:-1\" \/>\n<link rel=\"canonical\" href=\"https:\/\/inti.hr\/bs\/proizvod\/kuhinjska-kanta-za-smece-40-litara\/\" \/>\n<meta property=\"og:locale\" content=\"bs_BA\" \/>\n<meta property=\"og:type\" content=\"article\" \/>\n<meta property=\"og:title\" content=\"Kuhinjska kanta za sme\u0107e 40 litara - Inti\" \/>\n<meta property=\"og:description\" content=\"Poklopac kante za sme\u0107e zatvara se polako, tiho i nje\u017eno. Nema naglog zatvaranja tijekom uporabe! Ova kanta za otpatke prakti\u010dan je pomo\u0107nik za zbrinjavanje otpada. Poklopac kuhinjske kante za sme\u0107e mo\u017ee se dr\u017eati otvorenim tijekom kuhinjskih aktivnosti tako da se potpuno otvori rukom. Kako biste zatvorili poklopac, jednostavno ga preklopite rukom. Uklju\u010dujemo 15 prilago\u0111enih vre\u0107a za sme\u0107e (\u0161ifra 050A) tvrtke SONGMICS koje su savr\u0161ene za ovu kantu za sme\u0107e tako da je spremna za trenutnu upotrebu. Izra\u0111ena od visokokvalitetnog \u010delika, kuhinjska kanta za sme\u0107e od 40 litara otporna je na hr\u0111u. Mo\u017ee se lako obrisati radi \u010di\u0161\u0107enja. Kanta za otpad je opremljena steznim prstenom. To zna\u010di da vre\u0107ica za sme\u0107e ostaje \u010dvrsto na mjestu i nije vidljiva izvana. Osim toga, kanta s pedalom nema unutarnju kantu i stoga nudi 20% dodatnog unutarnjeg prostora za otpad.\" \/>\n<meta property=\"og:url\" content=\"https:\/\/inti.hr\/bs\/proizvod\/kuhinjska-kanta-za-smece-40-litara\/\" \/>\n<meta property=\"og:site_name\" content=\"Inti\" \/>\n<meta property=\"og:image\" content=\"https:\/\/i0.wp.com\/inti.hr\/wp-content\/uploads\/2024\/10\/LTB540B4002-1-1.jpg?fit=1000%2C1000&ssl=1\" \/>\n\t<meta property=\"og:image:width\" content=\"1000\" \/>\n\t<meta property=\"og:image:height\" content=\"1000\" \/>\n\t<meta property=\"og:image:type\" content=\"image\/jpeg\" \/>\n<meta name=\"twitter:card\" content=\"summary_large_image\" \/>\n<meta name=\"twitter:label1\" content=\"Est. reading time\" \/>\n\t<meta name=\"twitter:data1\" content=\"1 minuta\" \/>\n<script type=\"application\/ld+json\" class=\"yoast-schema-graph\">{\"@context\":\"https:\/\/schema.org\",\"@graph\":[{\"@type\":\"WebPage\",\"@id\":\"https:\/\/inti.hr\/bs\/proizvod\/kuhinjska-kanta-za-smece-40-litara\/\",\"url\":\"https:\/\/inti.hr\/bs\/proizvod\/kuhinjska-kanta-za-smece-40-litara\/\",\"name\":\"Kuhinjska kanta za sme\u0107e 40 litara - Inti\",\"isPartOf\":{\"@id\":\"https:\/\/inti.hr\/bs\/#website\"},\"primaryImageOfPage\":{\"@id\":\"https:\/\/inti.hr\/bs\/proizvod\/kuhinjska-kanta-za-smece-40-litara\/#primaryimage\"},\"image\":{\"@id\":\"https:\/\/inti.hr\/bs\/proizvod\/kuhinjska-kanta-za-smece-40-litara\/#primaryimage\"},\"thumbnailUrl\":\"https:\/\/i0.wp.com\/inti.hr\/wp-content\/uploads\/2024\/10\/LTB540B4002-1-1.jpg?fit=1000%2C1000&ssl=1\",\"datePublished\":\"2024-10-29T13:30:03+00:00\",\"dateModified\":\"2024-10-29T13:30:03+00:00\",\"description\":\"Poklopac kante za sme\u0107e zatvara se polako, tiho i nje\u017eno. Nema naglog zatvaranja tijekom uporabe! Ova kanta za otpatke prakti\u010dan je pomo\u0107nik za zbrinjavanje otpada. Poklopac kuhinjske kante za sme\u0107e mo\u017ee se dr\u017eati otvorenim tijekom kuhinjskih aktivnosti tako da se potpuno otvori rukom. Kako biste zatvorili poklopac, jednostavno ga preklopite rukom. Uklju\u010dujemo 15 prilago\u0111enih vre\u0107a za sme\u0107e (\u0161ifra 050A) tvrtke SONGMICS koje su savr\u0161ene za ovu kantu za sme\u0107e tako da je spremna za trenutnu upotrebu. Izra\u0111ena od visokokvalitetnog \u010delika, kuhinjska kanta za sme\u0107e od 40 litara otporna je na hr\u0111u. Mo\u017ee se lako obrisati radi \u010di\u0161\u0107enja. Kanta za otpad je opremljena steznim prstenom. To zna\u010di da vre\u0107ica za sme\u0107e ostaje \u010dvrsto na mjestu i nije vidljiva izvana. Osim toga, kanta s pedalom nema unutarnju kantu i stoga nudi 20% dodatnog unutarnjeg prostora za otpad.\",\"breadcrumb\":{\"@id\":\"https:\/\/inti.hr\/bs\/proizvod\/kuhinjska-kanta-za-smece-40-litara\/#breadcrumb\"},\"inLanguage\":\"bs-BA\",\"potentialAction\":[{\"@type\":\"ReadAction\",\"target\":[\"https:\/\/inti.hr\/bs\/proizvod\/kuhinjska-kanta-za-smece-40-litara\/\"]}]},{\"@type\":\"ImageObject\",\"inLanguage\":\"bs-BA\",\"@id\":\"https:\/\/inti.hr\/bs\/proizvod\/kuhinjska-kanta-za-smece-40-litara\/#primaryimage\",\"url\":\"https:\/\/i0.wp.com\/inti.hr\/wp-content\/uploads\/2024\/10\/LTB540B4002-1-1.jpg?fit=1000%2C1000&ssl=1\",\"contentUrl\":\"https:\/\/i0.wp.com\/inti.hr\/wp-content\/uploads\/2024\/10\/LTB540B4002-1-1.jpg?fit=1000%2C1000&ssl=1\",\"width\":1000,\"height\":1000,\"caption\":\"SONGMICS kuhinjska kanta za sme\u0107e 40 litara kanta za sme\u0107e na pedale crna\"},{\"@type\":\"BreadcrumbList\",\"@id\":\"https:\/\/inti.hr\/bs\/proizvod\/kuhinjska-kanta-za-smece-40-litara\/#breadcrumb\",\"itemListElement\":[{\"@type\":\"ListItem\",\"position\":1,\"name\":\"Po\u010detna stranica\",\"item\":\"https:\/\/inti.hr\/bs\/\"},{\"@type\":\"ListItem\",\"position\":2,\"name\":\"Trgovina\",\"item\":\"https:\/\/inti.hr\/bs\/trgovina\/\"},{\"@type\":\"ListItem\",\"position\":3,\"name\":\"Kuhinjska kanta za sme\u0107e 40 litara\"}]},{\"@type\":\"WebSite\",\"@id\":\"https:\/\/inti.hr\/bs\/#website\",\"url\":\"https:\/\/inti.hr\/bs\/\",\"name\":\"Inti\",\"description\":\"trgovina\",\"potentialAction\":[{\"@type\":\"SearchAction\",\"target\":{\"@type\":\"EntryPoint\",\"urlTemplate\":\"https:\/\/inti.hr\/bs\/?s={search_term_string}\"},\"query-input\":{\"@type\":\"PropertyValueSpecification\",\"valueRequired\":true,\"valueName\":\"search_term_string\"}}],\"inLanguage\":\"bs-BA\"}]}<\/script>\n<!-- \/ Yoast SEO plugin. -->","yoast_head_json":{"title":"Kuhinjska kanta za sme\u0107e 40 litara - Inti","description":"Poklopac kante za sme\u0107e zatvara se polako, tiho i nje\u017eno. Nema naglog zatvaranja tijekom uporabe! Ova kanta za otpatke prakti\u010dan je pomo\u0107nik za zbrinjavanje otpada. Poklopac kuhinjske kante za sme\u0107e mo\u017ee se dr\u017eati otvorenim tijekom kuhinjskih aktivnosti tako da se potpuno otvori rukom. Kako biste zatvorili poklopac, jednostavno ga preklopite rukom. Uklju\u010dujemo 15 prilago\u0111enih vre\u0107a za sme\u0107e (\u0161ifra 050A) tvrtke SONGMICS koje su savr\u0161ene za ovu kantu za sme\u0107e tako da je spremna za trenutnu upotrebu. Izra\u0111ena od visokokvalitetnog \u010delika, kuhinjska kanta za sme\u0107e od 40 litara otporna je na hr\u0111u. Mo\u017ee se lako obrisati radi \u010di\u0161\u0107enja. Kanta za otpad je opremljena steznim prstenom. To zna\u010di da vre\u0107ica za sme\u0107e ostaje \u010dvrsto na mjestu i nije vidljiva izvana. Osim toga, kanta s pedalom nema unutarnju kantu i stoga nudi 20% dodatnog unutarnjeg prostora za otpad.","robots":{"index":"index","follow":"follow","max-snippet":"max-snippet:-1","max-image-preview":"max-image-preview:large","max-video-preview":"max-video-preview:-1"},"canonical":"https:\/\/inti.hr\/bs\/proizvod\/kuhinjska-kanta-za-smece-40-litara\/","og_locale":"bs_BA","og_type":"article","og_title":"Kuhinjska kanta za sme\u0107e 40 litara - Inti","og_description":"Poklopac kante za sme\u0107e zatvara se polako, tiho i nje\u017eno. Nema naglog zatvaranja tijekom uporabe! Ova kanta za otpatke prakti\u010dan je pomo\u0107nik za zbrinjavanje otpada. Poklopac kuhinjske kante za sme\u0107e mo\u017ee se dr\u017eati otvorenim tijekom kuhinjskih aktivnosti tako da se potpuno otvori rukom. Kako biste zatvorili poklopac, jednostavno ga preklopite rukom. Uklju\u010dujemo 15 prilago\u0111enih vre\u0107a za sme\u0107e (\u0161ifra 050A) tvrtke SONGMICS koje su savr\u0161ene za ovu kantu za sme\u0107e tako da je spremna za trenutnu upotrebu. Izra\u0111ena od visokokvalitetnog \u010delika, kuhinjska kanta za sme\u0107e od 40 litara otporna je na hr\u0111u. Mo\u017ee se lako obrisati radi \u010di\u0161\u0107enja. Kanta za otpad je opremljena steznim prstenom. To zna\u010di da vre\u0107ica za sme\u0107e ostaje \u010dvrsto na mjestu i nije vidljiva izvana. Osim toga, kanta s pedalom nema unutarnju kantu i stoga nudi 20% dodatnog unutarnjeg prostora za otpad.","og_url":"https:\/\/inti.hr\/bs\/proizvod\/kuhinjska-kanta-za-smece-40-litara\/","og_site_name":"Inti","og_image":[{"width":1000,"height":1000,"url":"https:\/\/i0.wp.com\/inti.hr\/wp-content\/uploads\/2024\/10\/LTB540B4002-1-1.jpg?fit=1000%2C1000&ssl=1","type":"image\/jpeg"}],"twitter_card":"summary_large_image","twitter_misc":{"Est. reading time":"1 minuta"},"schema":{"@context":"https:\/\/schema.org","@graph":[{"@type":"WebPage","@id":"https:\/\/inti.hr\/bs\/proizvod\/kuhinjska-kanta-za-smece-40-litara\/","url":"https:\/\/inti.hr\/bs\/proizvod\/kuhinjska-kanta-za-smece-40-litara\/","name":"Kuhinjska kanta za sme\u0107e 40 litara - Inti","isPartOf":{"@id":"https:\/\/inti.hr\/bs\/#website"},"primaryImageOfPage":{"@id":"https:\/\/inti.hr\/bs\/proizvod\/kuhinjska-kanta-za-smece-40-litara\/#primaryimage"},"image":{"@id":"https:\/\/inti.hr\/bs\/proizvod\/kuhinjska-kanta-za-smece-40-litara\/#primaryimage"},"thumbnailUrl":"https:\/\/i0.wp.com\/inti.hr\/wp-content\/uploads\/2024\/10\/LTB540B4002-1-1.jpg?fit=1000%2C1000&ssl=1","datePublished":"2024-10-29T13:30:03+00:00","dateModified":"2024-10-29T13:30:03+00:00","description":"Poklopac kante za sme\u0107e zatvara se polako, tiho i nje\u017eno. Nema naglog zatvaranja tijekom uporabe! Ova kanta za otpatke prakti\u010dan je pomo\u0107nik za zbrinjavanje otpada. Poklopac kuhinjske kante za sme\u0107e mo\u017ee se dr\u017eati otvorenim tijekom kuhinjskih aktivnosti tako da se potpuno otvori rukom. Kako biste zatvorili poklopac, jednostavno ga preklopite rukom. Uklju\u010dujemo 15 prilago\u0111enih vre\u0107a za sme\u0107e (\u0161ifra 050A) tvrtke SONGMICS koje su savr\u0161ene za ovu kantu za sme\u0107e tako da je spremna za trenutnu upotrebu. Izra\u0111ena od visokokvalitetnog \u010delika, kuhinjska kanta za sme\u0107e od 40 litara otporna je na hr\u0111u. Mo\u017ee se lako obrisati radi \u010di\u0161\u0107enja. Kanta za otpad je opremljena steznim prstenom. To zna\u010di da vre\u0107ica za sme\u0107e ostaje \u010dvrsto na mjestu i nije vidljiva izvana. Osim toga, kanta s pedalom nema unutarnju kantu i stoga nudi 20% dodatnog unutarnjeg prostora za otpad.","breadcrumb":{"@id":"https:\/\/inti.hr\/bs\/proizvod\/kuhinjska-kanta-za-smece-40-litara\/#breadcrumb"},"inLanguage":"bs-BA","potentialAction":[{"@type":"ReadAction","target":["https:\/\/inti.hr\/bs\/proizvod\/kuhinjska-kanta-za-smece-40-litara\/"]}]},{"@type":"ImageObject","inLanguage":"bs-BA","@id":"https:\/\/inti.hr\/bs\/proizvod\/kuhinjska-kanta-za-smece-40-litara\/#primaryimage","url":"https:\/\/i0.wp.com\/inti.hr\/wp-content\/uploads\/2024\/10\/LTB540B4002-1-1.jpg?fit=1000%2C1000&ssl=1","contentUrl":"https:\/\/i0.wp.com\/inti.hr\/wp-content\/uploads\/2024\/10\/LTB540B4002-1-1.jpg?fit=1000%2C1000&ssl=1","width":1000,"height":1000,"caption":"SONGMICS kuhinjska kanta za sme\u0107e 40 litara kanta za sme\u0107e na pedale crna"},{"@type":"BreadcrumbList","@id":"https:\/\/inti.hr\/bs\/proizvod\/kuhinjska-kanta-za-smece-40-litara\/#breadcrumb","itemListElement":[{"@type":"ListItem","position":1,"name":"Po\u010detna stranica","item":"https:\/\/inti.hr\/bs\/"},{"@type":"ListItem","position":2,"name":"Trgovina","item":"https:\/\/inti.hr\/bs\/trgovina\/"},{"@type":"ListItem","position":3,"name":"Kuhinjska kanta za sme\u0107e 40 litara"}]},{"@type":"WebSite","@id":"https:\/\/inti.hr\/bs\/#website","url":"https:\/\/inti.hr\/bs\/","name":"Inti","description":"trgovina","potentialAction":[{"@type":"SearchAction","target":{"@type":"EntryPoint","urlTemplate":"https:\/\/inti.hr\/bs\/?s={search_term_string}"},"query-input":{"@type":"PropertyValueSpecification","valueRequired":true,"valueName":"search_term_string"}}],"inLanguage":"bs-BA"}]}},"jetpack_sharing_enabled":true,"jetpack-related-posts":[],"_links":{"self":[{"href":"https:\/\/inti.hr\/bs\/wp-json\/wp\/v2\/product\/31841"}],"collection":[{"href":"https:\/\/inti.hr\/bs\/wp-json\/wp\/v2\/product"}],"about":[{"href":"https:\/\/inti.hr\/bs\/wp-json\/wp\/v2\/types\/product"}],"wp:featuredmedia":[{"embeddable":true,"href":"https:\/\/inti.hr\/bs\/wp-json\/wp\/v2\/media\/31842"}],"wp:attachment":[{"href":"https:\/\/inti.hr\/bs\/wp-json\/wp\/v2\/media?parent=31841"}],"wp:term":[{"taxonomy":"product_cat","embeddable":true,"href":"https:\/\/inti.hr\/bs\/wp-json\/wp\/v2\/product_cat?post=31841"},{"taxonomy":"product_tag","embeddable":true,"href":"https:\/\/inti.hr\/bs\/wp-json\/wp\/v2\/product_tag?post=31841"}],"curies":[{"name":"wp","href":"https:\/\/api.w.org\/{rel}","templated":true}]}}