{"id":31857,"date":"2024-10-28T10:55:36","date_gmt":"2024-10-28T09:55:36","guid":{"rendered":"https:\/\/inti.hr\/product\/pomocni-stol-s-3-police-30-x-34-x-58-cm-snjezno-bijela\/"},"modified":"2024-10-28T10:55:36","modified_gmt":"2024-10-28T09:55:36","slug":"pomocni-stol-s-3-police-30-x-34-x-58-cm-snjezno-bijela","status":"publish","type":"product","link":"https:\/\/inti.hr\/bs\/proizvod\/pomocni-stol-s-3-police-30-x-34-x-58-cm-snjezno-bijela\/","title":{"rendered":"Pomo\u0107ni stol s 3 police 30 x 34 x 58 cm snje\u017eno bijela"},"content":{"rendered":"<ul>\n<li><b><span>Detalji proizvoda:<\/span><\/b><\/li>\n<li><span>Boja: snje\u017eno bijela<\/span><\/li>\n<li><span>Materijal: iverica, \u010delik, Oxford tkanina<\/span><\/li>\n<li><span>Veli\u010dina: 30 x 34 x 58 cm (D x \u0160 x V)<\/span><\/li>\n<li><span>Veli\u010dina platnene ko\u0161are: 22 x 26 x 16 cm (D x \u0160 x V)<\/span><\/li>\n<li><span>Te\u017eina: 3,7 kg<\/span><\/li>\n<li><span>Maksimalna stati\u010dka nosivost po polici u donjem dijelu: 10 kg<\/span><\/li>\n<li><span>Maksimalna stati\u010dka nosivost plo\u010de stola: 20 kg<\/span><\/li>\n<\/ul>\n","protected":false},"excerpt":{"rendered":"<p>Zahvaljuju\u0107i jasnim uputama i ozna\u010denim pojedina\u010dnim dijelovima, sastavljanje je brzo i &#8230; <\/p>\n","protected":false},"featured_media":31858,"template":"","meta":[],"product_cat":[2570,2418],"product_tag":[3134,3135],"yoast_head":"<!-- This site is optimized with the Yoast SEO plugin v23.7 - https:\/\/yoast.com\/wordpress\/plugins\/seo\/ -->\n<title>Pomo\u0107ni stol s 3 police 30 x 34 x 58 cm snje\u017eno bijela - Inti<\/title>\n<meta name=\"description\" content=\"Zahvaljuju\u0107i jasnim uputama i ozna\u010denim pojedina\u010dnim dijelovima, sastavljanje je brzo i jednostavno, nije potreban alat. S kompaktnom veli\u010dinom od 30 x 34 x 58 cm, ovaj stol zauzima malo prostora. Tako da ga tako\u0111er mo\u017eete koristiti u malim kutovima u dnevnoj sobi, spava\u0107oj sobi za svoje vaze, stolne lampe, \u0161alice, knjige i jo\u0161 mnogo toga. \u010ciste linije, elegantne pravokutne police i jednostavan dizajn - sve to daje bijelom pomo\u0107nom stoli\u0107u moderan \u0161tih i uklapa se u razli\u010dite stilove interijera. S tri police i dodatnom ko\u0161arom od tkanine, ovaj pomo\u0107ni stol nudi mnogo prostora za pohranu. Optimalno rje\u0161enje za pohranu va\u0161ih sitnica! Izra\u0111en od visokokvalitetnog iverala i 19mm d. \u010celi\u010dne cijevi, ovaj no\u0107ni ormari\u0107 je robustan i pratit \u0107e vas dugi niz godina.\" \/>\n<meta name=\"robots\" content=\"index, follow, max-snippet:-1, max-image-preview:large, max-video-preview:-1\" \/>\n<link rel=\"canonical\" href=\"https:\/\/inti.hr\/bs\/proizvod\/pomocni-stol-s-3-police-30-x-34-x-58-cm-snjezno-bijela\/\" \/>\n<meta property=\"og:locale\" content=\"bs_BA\" \/>\n<meta property=\"og:type\" content=\"article\" \/>\n<meta property=\"og:title\" content=\"Pomo\u0107ni stol s 3 police 30 x 34 x 58 cm snje\u017eno bijela - Inti\" \/>\n<meta property=\"og:description\" content=\"Zahvaljuju\u0107i jasnim uputama i ozna\u010denim pojedina\u010dnim dijelovima, sastavljanje je brzo i jednostavno, nije potreban alat. S kompaktnom veli\u010dinom od 30 x 34 x 58 cm, ovaj stol zauzima malo prostora. Tako da ga tako\u0111er mo\u017eete koristiti u malim kutovima u dnevnoj sobi, spava\u0107oj sobi za svoje vaze, stolne lampe, \u0161alice, knjige i jo\u0161 mnogo toga. \u010ciste linije, elegantne pravokutne police i jednostavan dizajn - sve to daje bijelom pomo\u0107nom stoli\u0107u moderan \u0161tih i uklapa se u razli\u010dite stilove interijera. S tri police i dodatnom ko\u0161arom od tkanine, ovaj pomo\u0107ni stol nudi mnogo prostora za pohranu. Optimalno rje\u0161enje za pohranu va\u0161ih sitnica! Izra\u0111en od visokokvalitetnog iverala i 19mm d. \u010celi\u010dne cijevi, ovaj no\u0107ni ormari\u0107 je robustan i pratit \u0107e vas dugi niz godina.\" \/>\n<meta property=\"og:url\" content=\"https:\/\/inti.hr\/bs\/proizvod\/pomocni-stol-s-3-police-30-x-34-x-58-cm-snjezno-bijela\/\" \/>\n<meta property=\"og:site_name\" content=\"Inti\" \/>\n<meta property=\"og:image\" content=\"https:\/\/i0.wp.com\/inti.hr\/wp-content\/uploads\/2024\/10\/LET286W01-2.jpg?fit=800%2C1000&ssl=1\" \/>\n\t<meta property=\"og:image:width\" content=\"800\" \/>\n\t<meta property=\"og:image:height\" content=\"1000\" \/>\n\t<meta property=\"og:image:type\" content=\"image\/jpeg\" \/>\n<meta name=\"twitter:card\" content=\"summary_large_image\" \/>\n<script type=\"application\/ld+json\" class=\"yoast-schema-graph\">{\"@context\":\"https:\/\/schema.org\",\"@graph\":[{\"@type\":\"WebPage\",\"@id\":\"https:\/\/inti.hr\/bs\/proizvod\/pomocni-stol-s-3-police-30-x-34-x-58-cm-snjezno-bijela\/\",\"url\":\"https:\/\/inti.hr\/bs\/proizvod\/pomocni-stol-s-3-police-30-x-34-x-58-cm-snjezno-bijela\/\",\"name\":\"Pomo\u0107ni stol s 3 police 30 x 34 x 58 cm snje\u017eno bijela - Inti\",\"isPartOf\":{\"@id\":\"https:\/\/inti.hr\/bs\/#website\"},\"primaryImageOfPage\":{\"@id\":\"https:\/\/inti.hr\/bs\/proizvod\/pomocni-stol-s-3-police-30-x-34-x-58-cm-snjezno-bijela\/#primaryimage\"},\"image\":{\"@id\":\"https:\/\/inti.hr\/bs\/proizvod\/pomocni-stol-s-3-police-30-x-34-x-58-cm-snjezno-bijela\/#primaryimage\"},\"thumbnailUrl\":\"https:\/\/i0.wp.com\/inti.hr\/wp-content\/uploads\/2024\/10\/LET286W01-2.jpg?fit=800%2C1000&ssl=1\",\"datePublished\":\"2024-10-28T09:55:36+00:00\",\"dateModified\":\"2024-10-28T09:55:36+00:00\",\"description\":\"Zahvaljuju\u0107i jasnim uputama i ozna\u010denim pojedina\u010dnim dijelovima, sastavljanje je brzo i jednostavno, nije potreban alat. S kompaktnom veli\u010dinom od 30 x 34 x 58 cm, ovaj stol zauzima malo prostora. Tako da ga tako\u0111er mo\u017eete koristiti u malim kutovima u dnevnoj sobi, spava\u0107oj sobi za svoje vaze, stolne lampe, \u0161alice, knjige i jo\u0161 mnogo toga. \u010ciste linije, elegantne pravokutne police i jednostavan dizajn - sve to daje bijelom pomo\u0107nom stoli\u0107u moderan \u0161tih i uklapa se u razli\u010dite stilove interijera. S tri police i dodatnom ko\u0161arom od tkanine, ovaj pomo\u0107ni stol nudi mnogo prostora za pohranu. Optimalno rje\u0161enje za pohranu va\u0161ih sitnica! Izra\u0111en od visokokvalitetnog iverala i 19mm d. \u010celi\u010dne cijevi, ovaj no\u0107ni ormari\u0107 je robustan i pratit \u0107e vas dugi niz godina.\",\"breadcrumb\":{\"@id\":\"https:\/\/inti.hr\/bs\/proizvod\/pomocni-stol-s-3-police-30-x-34-x-58-cm-snjezno-bijela\/#breadcrumb\"},\"inLanguage\":\"bs-BA\",\"potentialAction\":[{\"@type\":\"ReadAction\",\"target\":[\"https:\/\/inti.hr\/bs\/proizvod\/pomocni-stol-s-3-police-30-x-34-x-58-cm-snjezno-bijela\/\"]}]},{\"@type\":\"ImageObject\",\"inLanguage\":\"bs-BA\",\"@id\":\"https:\/\/inti.hr\/bs\/proizvod\/pomocni-stol-s-3-police-30-x-34-x-58-cm-snjezno-bijela\/#primaryimage\",\"url\":\"https:\/\/i0.wp.com\/inti.hr\/wp-content\/uploads\/2024\/10\/LET286W01-2.jpg?fit=800%2C1000&ssl=1\",\"contentUrl\":\"https:\/\/i0.wp.com\/inti.hr\/wp-content\/uploads\/2024\/10\/LET286W01-2.jpg?fit=800%2C1000&ssl=1\",\"width\":800,\"height\":1000,\"caption\":\"SONGMICS pomo\u0107ni stol s 3 police 30 x 34 x 58 cm snje\u017eno bijela\"},{\"@type\":\"BreadcrumbList\",\"@id\":\"https:\/\/inti.hr\/bs\/proizvod\/pomocni-stol-s-3-police-30-x-34-x-58-cm-snjezno-bijela\/#breadcrumb\",\"itemListElement\":[{\"@type\":\"ListItem\",\"position\":1,\"name\":\"Po\u010detna stranica\",\"item\":\"https:\/\/inti.hr\/bs\/\"},{\"@type\":\"ListItem\",\"position\":2,\"name\":\"Trgovina\",\"item\":\"https:\/\/inti.hr\/bs\/trgovina\/\"},{\"@type\":\"ListItem\",\"position\":3,\"name\":\"Pomo\u0107ni stol s 3 police 30 x 34 x 58 cm snje\u017eno bijela\"}]},{\"@type\":\"WebSite\",\"@id\":\"https:\/\/inti.hr\/bs\/#website\",\"url\":\"https:\/\/inti.hr\/bs\/\",\"name\":\"Inti\",\"description\":\"trgovina\",\"potentialAction\":[{\"@type\":\"SearchAction\",\"target\":{\"@type\":\"EntryPoint\",\"urlTemplate\":\"https:\/\/inti.hr\/bs\/?s={search_term_string}\"},\"query-input\":{\"@type\":\"PropertyValueSpecification\",\"valueRequired\":true,\"valueName\":\"search_term_string\"}}],\"inLanguage\":\"bs-BA\"}]}<\/script>\n<!-- \/ Yoast SEO plugin. -->","yoast_head_json":{"title":"Pomo\u0107ni stol s 3 police 30 x 34 x 58 cm snje\u017eno bijela - Inti","description":"Zahvaljuju\u0107i jasnim uputama i ozna\u010denim pojedina\u010dnim dijelovima, sastavljanje je brzo i jednostavno, nije potreban alat. S kompaktnom veli\u010dinom od 30 x 34 x 58 cm, ovaj stol zauzima malo prostora. Tako da ga tako\u0111er mo\u017eete koristiti u malim kutovima u dnevnoj sobi, spava\u0107oj sobi za svoje vaze, stolne lampe, \u0161alice, knjige i jo\u0161 mnogo toga. \u010ciste linije, elegantne pravokutne police i jednostavan dizajn - sve to daje bijelom pomo\u0107nom stoli\u0107u moderan \u0161tih i uklapa se u razli\u010dite stilove interijera. S tri police i dodatnom ko\u0161arom od tkanine, ovaj pomo\u0107ni stol nudi mnogo prostora za pohranu. Optimalno rje\u0161enje za pohranu va\u0161ih sitnica! Izra\u0111en od visokokvalitetnog iverala i 19mm d. \u010celi\u010dne cijevi, ovaj no\u0107ni ormari\u0107 je robustan i pratit \u0107e vas dugi niz godina.","robots":{"index":"index","follow":"follow","max-snippet":"max-snippet:-1","max-image-preview":"max-image-preview:large","max-video-preview":"max-video-preview:-1"},"canonical":"https:\/\/inti.hr\/bs\/proizvod\/pomocni-stol-s-3-police-30-x-34-x-58-cm-snjezno-bijela\/","og_locale":"bs_BA","og_type":"article","og_title":"Pomo\u0107ni stol s 3 police 30 x 34 x 58 cm snje\u017eno bijela - Inti","og_description":"Zahvaljuju\u0107i jasnim uputama i ozna\u010denim pojedina\u010dnim dijelovima, sastavljanje je brzo i jednostavno, nije potreban alat. S kompaktnom veli\u010dinom od 30 x 34 x 58 cm, ovaj stol zauzima malo prostora. Tako da ga tako\u0111er mo\u017eete koristiti u malim kutovima u dnevnoj sobi, spava\u0107oj sobi za svoje vaze, stolne lampe, \u0161alice, knjige i jo\u0161 mnogo toga. \u010ciste linije, elegantne pravokutne police i jednostavan dizajn - sve to daje bijelom pomo\u0107nom stoli\u0107u moderan \u0161tih i uklapa se u razli\u010dite stilove interijera. S tri police i dodatnom ko\u0161arom od tkanine, ovaj pomo\u0107ni stol nudi mnogo prostora za pohranu. Optimalno rje\u0161enje za pohranu va\u0161ih sitnica! Izra\u0111en od visokokvalitetnog iverala i 19mm d. \u010celi\u010dne cijevi, ovaj no\u0107ni ormari\u0107 je robustan i pratit \u0107e vas dugi niz godina.","og_url":"https:\/\/inti.hr\/bs\/proizvod\/pomocni-stol-s-3-police-30-x-34-x-58-cm-snjezno-bijela\/","og_site_name":"Inti","og_image":[{"width":800,"height":1000,"url":"https:\/\/i0.wp.com\/inti.hr\/wp-content\/uploads\/2024\/10\/LET286W01-2.jpg?fit=800%2C1000&ssl=1","type":"image\/jpeg"}],"twitter_card":"summary_large_image","schema":{"@context":"https:\/\/schema.org","@graph":[{"@type":"WebPage","@id":"https:\/\/inti.hr\/bs\/proizvod\/pomocni-stol-s-3-police-30-x-34-x-58-cm-snjezno-bijela\/","url":"https:\/\/inti.hr\/bs\/proizvod\/pomocni-stol-s-3-police-30-x-34-x-58-cm-snjezno-bijela\/","name":"Pomo\u0107ni stol s 3 police 30 x 34 x 58 cm snje\u017eno bijela - Inti","isPartOf":{"@id":"https:\/\/inti.hr\/bs\/#website"},"primaryImageOfPage":{"@id":"https:\/\/inti.hr\/bs\/proizvod\/pomocni-stol-s-3-police-30-x-34-x-58-cm-snjezno-bijela\/#primaryimage"},"image":{"@id":"https:\/\/inti.hr\/bs\/proizvod\/pomocni-stol-s-3-police-30-x-34-x-58-cm-snjezno-bijela\/#primaryimage"},"thumbnailUrl":"https:\/\/i0.wp.com\/inti.hr\/wp-content\/uploads\/2024\/10\/LET286W01-2.jpg?fit=800%2C1000&ssl=1","datePublished":"2024-10-28T09:55:36+00:00","dateModified":"2024-10-28T09:55:36+00:00","description":"Zahvaljuju\u0107i jasnim uputama i ozna\u010denim pojedina\u010dnim dijelovima, sastavljanje je brzo i jednostavno, nije potreban alat. S kompaktnom veli\u010dinom od 30 x 34 x 58 cm, ovaj stol zauzima malo prostora. Tako da ga tako\u0111er mo\u017eete koristiti u malim kutovima u dnevnoj sobi, spava\u0107oj sobi za svoje vaze, stolne lampe, \u0161alice, knjige i jo\u0161 mnogo toga. \u010ciste linije, elegantne pravokutne police i jednostavan dizajn - sve to daje bijelom pomo\u0107nom stoli\u0107u moderan \u0161tih i uklapa se u razli\u010dite stilove interijera. S tri police i dodatnom ko\u0161arom od tkanine, ovaj pomo\u0107ni stol nudi mnogo prostora za pohranu. Optimalno rje\u0161enje za pohranu va\u0161ih sitnica! Izra\u0111en od visokokvalitetnog iverala i 19mm d. \u010celi\u010dne cijevi, ovaj no\u0107ni ormari\u0107 je robustan i pratit \u0107e vas dugi niz godina.","breadcrumb":{"@id":"https:\/\/inti.hr\/bs\/proizvod\/pomocni-stol-s-3-police-30-x-34-x-58-cm-snjezno-bijela\/#breadcrumb"},"inLanguage":"bs-BA","potentialAction":[{"@type":"ReadAction","target":["https:\/\/inti.hr\/bs\/proizvod\/pomocni-stol-s-3-police-30-x-34-x-58-cm-snjezno-bijela\/"]}]},{"@type":"ImageObject","inLanguage":"bs-BA","@id":"https:\/\/inti.hr\/bs\/proizvod\/pomocni-stol-s-3-police-30-x-34-x-58-cm-snjezno-bijela\/#primaryimage","url":"https:\/\/i0.wp.com\/inti.hr\/wp-content\/uploads\/2024\/10\/LET286W01-2.jpg?fit=800%2C1000&ssl=1","contentUrl":"https:\/\/i0.wp.com\/inti.hr\/wp-content\/uploads\/2024\/10\/LET286W01-2.jpg?fit=800%2C1000&ssl=1","width":800,"height":1000,"caption":"SONGMICS pomo\u0107ni stol s 3 police 30 x 34 x 58 cm snje\u017eno bijela"},{"@type":"BreadcrumbList","@id":"https:\/\/inti.hr\/bs\/proizvod\/pomocni-stol-s-3-police-30-x-34-x-58-cm-snjezno-bijela\/#breadcrumb","itemListElement":[{"@type":"ListItem","position":1,"name":"Po\u010detna stranica","item":"https:\/\/inti.hr\/bs\/"},{"@type":"ListItem","position":2,"name":"Trgovina","item":"https:\/\/inti.hr\/bs\/trgovina\/"},{"@type":"ListItem","position":3,"name":"Pomo\u0107ni stol s 3 police 30 x 34 x 58 cm snje\u017eno bijela"}]},{"@type":"WebSite","@id":"https:\/\/inti.hr\/bs\/#website","url":"https:\/\/inti.hr\/bs\/","name":"Inti","description":"trgovina","potentialAction":[{"@type":"SearchAction","target":{"@type":"EntryPoint","urlTemplate":"https:\/\/inti.hr\/bs\/?s={search_term_string}"},"query-input":{"@type":"PropertyValueSpecification","valueRequired":true,"valueName":"search_term_string"}}],"inLanguage":"bs-BA"}]}},"jetpack_sharing_enabled":true,"jetpack-related-posts":[],"_links":{"self":[{"href":"https:\/\/inti.hr\/bs\/wp-json\/wp\/v2\/product\/31857"}],"collection":[{"href":"https:\/\/inti.hr\/bs\/wp-json\/wp\/v2\/product"}],"about":[{"href":"https:\/\/inti.hr\/bs\/wp-json\/wp\/v2\/types\/product"}],"wp:featuredmedia":[{"embeddable":true,"href":"https:\/\/inti.hr\/bs\/wp-json\/wp\/v2\/media\/31858"}],"wp:attachment":[{"href":"https:\/\/inti.hr\/bs\/wp-json\/wp\/v2\/media?parent=31857"}],"wp:term":[{"taxonomy":"product_cat","embeddable":true,"href":"https:\/\/inti.hr\/bs\/wp-json\/wp\/v2\/product_cat?post=31857"},{"taxonomy":"product_tag","embeddable":true,"href":"https:\/\/inti.hr\/bs\/wp-json\/wp\/v2\/product_tag?post=31857"}],"curies":[{"name":"wp","href":"https:\/\/api.w.org\/{rel}","templated":true}]}}