{"id":31903,"date":"2024-10-21T09:33:48","date_gmt":"2024-10-21T08:33:48","guid":{"rendered":"https:\/\/inti.hr\/product\/stropna-svjetiljka-22-903-24\/"},"modified":"2024-10-21T09:33:48","modified_gmt":"2024-10-21T08:33:48","slug":"stropna-svjetiljka-22-903-24","status":"publish","type":"product","link":"https:\/\/inti.hr\/bs\/proizvod\/stropna-svjetiljka-22-903-24\/","title":{"rendered":"Stropna svjetiljka 22-903\/24"},"content":{"rendered":"<p>Tehni\u010dki podaci:<br \/>\nBroj izvora 1xE27+2xGU10<br \/>\nDodatno Materijal: Metal+staklo<br \/>\nGrlo E27;GU10<br \/>\nIP stupanj za\u0161tite IP 20<br \/>\n\u0160irina 680mm<br \/>\nVisina 170mm<\/p>\n","protected":false},"excerpt":{"rendered":"<p>Minimalisti\u010dka stropna svjetiljka sastoji se od horizontalne crne baze koja se &#8230; <\/p>\n","protected":false},"featured_media":31904,"template":"","meta":[],"product_cat":[3162],"product_tag":[3163,3164],"yoast_head":"<!-- This site is optimized with the Yoast SEO plugin v23.7 - https:\/\/yoast.com\/wordpress\/plugins\/seo\/ -->\n<title>Stropna svjetiljka 22-903\/24 - Inti<\/title>\n<meta name=\"description\" content=\"Minimalisti\u010dka stropna svjetiljka sastoji se od horizontalne crne baze koja se montira na strop. Na jednom kraju nalazi se bijela staklena kugla, dok se na drugom kraju nalaze dva crna podesiva reflektora. Dizajn je elegantan i suvremen. Stropna svjetiljka pru\u017ea usmjereno i ambijentalno osvjetljenje pogodno za razli\u010dite interijere. Moderna svjetiljka za spava\u0107e sobe, dnevni boravak, kuhinju ili hodnik.\" \/>\n<meta name=\"robots\" content=\"index, follow, max-snippet:-1, max-image-preview:large, max-video-preview:-1\" \/>\n<link rel=\"canonical\" href=\"https:\/\/inti.hr\/bs\/proizvod\/stropna-svjetiljka-22-903-24\/\" \/>\n<meta property=\"og:locale\" content=\"bs_BA\" \/>\n<meta property=\"og:type\" content=\"article\" \/>\n<meta property=\"og:title\" content=\"Stropna svjetiljka 22-903\/24 - Inti\" \/>\n<meta property=\"og:description\" content=\"Minimalisti\u010dka stropna svjetiljka sastoji se od horizontalne crne baze koja se montira na strop. Na jednom kraju nalazi se bijela staklena kugla, dok se na drugom kraju nalaze dva crna podesiva reflektora. Dizajn je elegantan i suvremen. Stropna svjetiljka pru\u017ea usmjereno i ambijentalno osvjetljenje pogodno za razli\u010dite interijere. Moderna svjetiljka za spava\u0107e sobe, dnevni boravak, kuhinju ili hodnik.\" \/>\n<meta property=\"og:url\" content=\"https:\/\/inti.hr\/bs\/proizvod\/stropna-svjetiljka-22-903-24\/\" \/>\n<meta property=\"og:site_name\" content=\"Inti\" \/>\n<meta property=\"og:image\" content=\"https:\/\/i0.wp.com\/inti.hr\/wp-content\/uploads\/2024\/10\/22903-1.webp?fit=1000%2C1000&ssl=1\" \/>\n\t<meta property=\"og:image:width\" content=\"1000\" \/>\n\t<meta property=\"og:image:height\" content=\"1000\" \/>\n\t<meta property=\"og:image:type\" content=\"image\/webp\" \/>\n<meta name=\"twitter:card\" content=\"summary_large_image\" \/>\n<script type=\"application\/ld+json\" class=\"yoast-schema-graph\">{\"@context\":\"https:\/\/schema.org\",\"@graph\":[{\"@type\":\"WebPage\",\"@id\":\"https:\/\/inti.hr\/bs\/proizvod\/stropna-svjetiljka-22-903-24\/\",\"url\":\"https:\/\/inti.hr\/bs\/proizvod\/stropna-svjetiljka-22-903-24\/\",\"name\":\"Stropna svjetiljka 22-903\/24 - Inti\",\"isPartOf\":{\"@id\":\"https:\/\/inti.hr\/bs\/#website\"},\"primaryImageOfPage\":{\"@id\":\"https:\/\/inti.hr\/bs\/proizvod\/stropna-svjetiljka-22-903-24\/#primaryimage\"},\"image\":{\"@id\":\"https:\/\/inti.hr\/bs\/proizvod\/stropna-svjetiljka-22-903-24\/#primaryimage\"},\"thumbnailUrl\":\"https:\/\/i0.wp.com\/inti.hr\/wp-content\/uploads\/2024\/10\/22903-1.webp?fit=1000%2C1000&ssl=1\",\"datePublished\":\"2024-10-21T08:33:48+00:00\",\"dateModified\":\"2024-10-21T08:33:48+00:00\",\"description\":\"Minimalisti\u010dka stropna svjetiljka sastoji se od horizontalne crne baze koja se montira na strop. Na jednom kraju nalazi se bijela staklena kugla, dok se na drugom kraju nalaze dva crna podesiva reflektora. Dizajn je elegantan i suvremen. Stropna svjetiljka pru\u017ea usmjereno i ambijentalno osvjetljenje pogodno za razli\u010dite interijere. Moderna svjetiljka za spava\u0107e sobe, dnevni boravak, kuhinju ili hodnik.\",\"breadcrumb\":{\"@id\":\"https:\/\/inti.hr\/bs\/proizvod\/stropna-svjetiljka-22-903-24\/#breadcrumb\"},\"inLanguage\":\"bs-BA\",\"potentialAction\":[{\"@type\":\"ReadAction\",\"target\":[\"https:\/\/inti.hr\/bs\/proizvod\/stropna-svjetiljka-22-903-24\/\"]}]},{\"@type\":\"ImageObject\",\"inLanguage\":\"bs-BA\",\"@id\":\"https:\/\/inti.hr\/bs\/proizvod\/stropna-svjetiljka-22-903-24\/#primaryimage\",\"url\":\"https:\/\/i0.wp.com\/inti.hr\/wp-content\/uploads\/2024\/10\/22903-1.webp?fit=1000%2C1000&ssl=1\",\"contentUrl\":\"https:\/\/i0.wp.com\/inti.hr\/wp-content\/uploads\/2024\/10\/22903-1.webp?fit=1000%2C1000&ssl=1\",\"width\":1000,\"height\":1000,\"caption\":\"22903 STROPNA SVJETILJKA 1xE27+2xGU10 CRNA SA ZLATNIM\"},{\"@type\":\"BreadcrumbList\",\"@id\":\"https:\/\/inti.hr\/bs\/proizvod\/stropna-svjetiljka-22-903-24\/#breadcrumb\",\"itemListElement\":[{\"@type\":\"ListItem\",\"position\":1,\"name\":\"Po\u010detna stranica\",\"item\":\"https:\/\/inti.hr\/bs\/\"},{\"@type\":\"ListItem\",\"position\":2,\"name\":\"Trgovina\",\"item\":\"https:\/\/inti.hr\/bs\/trgovina\/\"},{\"@type\":\"ListItem\",\"position\":3,\"name\":\"Stropna svjetiljka 22-903\/24\"}]},{\"@type\":\"WebSite\",\"@id\":\"https:\/\/inti.hr\/bs\/#website\",\"url\":\"https:\/\/inti.hr\/bs\/\",\"name\":\"Inti\",\"description\":\"trgovina\",\"potentialAction\":[{\"@type\":\"SearchAction\",\"target\":{\"@type\":\"EntryPoint\",\"urlTemplate\":\"https:\/\/inti.hr\/bs\/?s={search_term_string}\"},\"query-input\":{\"@type\":\"PropertyValueSpecification\",\"valueRequired\":true,\"valueName\":\"search_term_string\"}}],\"inLanguage\":\"bs-BA\"}]}<\/script>\n<!-- \/ Yoast SEO plugin. -->","yoast_head_json":{"title":"Stropna svjetiljka 22-903\/24 - Inti","description":"Minimalisti\u010dka stropna svjetiljka sastoji se od horizontalne crne baze koja se montira na strop. Na jednom kraju nalazi se bijela staklena kugla, dok se na drugom kraju nalaze dva crna podesiva reflektora. Dizajn je elegantan i suvremen. Stropna svjetiljka pru\u017ea usmjereno i ambijentalno osvjetljenje pogodno za razli\u010dite interijere. Moderna svjetiljka za spava\u0107e sobe, dnevni boravak, kuhinju ili hodnik.","robots":{"index":"index","follow":"follow","max-snippet":"max-snippet:-1","max-image-preview":"max-image-preview:large","max-video-preview":"max-video-preview:-1"},"canonical":"https:\/\/inti.hr\/bs\/proizvod\/stropna-svjetiljka-22-903-24\/","og_locale":"bs_BA","og_type":"article","og_title":"Stropna svjetiljka 22-903\/24 - Inti","og_description":"Minimalisti\u010dka stropna svjetiljka sastoji se od horizontalne crne baze koja se montira na strop. Na jednom kraju nalazi se bijela staklena kugla, dok se na drugom kraju nalaze dva crna podesiva reflektora. Dizajn je elegantan i suvremen. Stropna svjetiljka pru\u017ea usmjereno i ambijentalno osvjetljenje pogodno za razli\u010dite interijere. Moderna svjetiljka za spava\u0107e sobe, dnevni boravak, kuhinju ili hodnik.","og_url":"https:\/\/inti.hr\/bs\/proizvod\/stropna-svjetiljka-22-903-24\/","og_site_name":"Inti","og_image":[{"width":1000,"height":1000,"url":"https:\/\/i0.wp.com\/inti.hr\/wp-content\/uploads\/2024\/10\/22903-1.webp?fit=1000%2C1000&ssl=1","type":"image\/webp"}],"twitter_card":"summary_large_image","schema":{"@context":"https:\/\/schema.org","@graph":[{"@type":"WebPage","@id":"https:\/\/inti.hr\/bs\/proizvod\/stropna-svjetiljka-22-903-24\/","url":"https:\/\/inti.hr\/bs\/proizvod\/stropna-svjetiljka-22-903-24\/","name":"Stropna svjetiljka 22-903\/24 - Inti","isPartOf":{"@id":"https:\/\/inti.hr\/bs\/#website"},"primaryImageOfPage":{"@id":"https:\/\/inti.hr\/bs\/proizvod\/stropna-svjetiljka-22-903-24\/#primaryimage"},"image":{"@id":"https:\/\/inti.hr\/bs\/proizvod\/stropna-svjetiljka-22-903-24\/#primaryimage"},"thumbnailUrl":"https:\/\/i0.wp.com\/inti.hr\/wp-content\/uploads\/2024\/10\/22903-1.webp?fit=1000%2C1000&ssl=1","datePublished":"2024-10-21T08:33:48+00:00","dateModified":"2024-10-21T08:33:48+00:00","description":"Minimalisti\u010dka stropna svjetiljka sastoji se od horizontalne crne baze koja se montira na strop. Na jednom kraju nalazi se bijela staklena kugla, dok se na drugom kraju nalaze dva crna podesiva reflektora. Dizajn je elegantan i suvremen. Stropna svjetiljka pru\u017ea usmjereno i ambijentalno osvjetljenje pogodno za razli\u010dite interijere. Moderna svjetiljka za spava\u0107e sobe, dnevni boravak, kuhinju ili hodnik.","breadcrumb":{"@id":"https:\/\/inti.hr\/bs\/proizvod\/stropna-svjetiljka-22-903-24\/#breadcrumb"},"inLanguage":"bs-BA","potentialAction":[{"@type":"ReadAction","target":["https:\/\/inti.hr\/bs\/proizvod\/stropna-svjetiljka-22-903-24\/"]}]},{"@type":"ImageObject","inLanguage":"bs-BA","@id":"https:\/\/inti.hr\/bs\/proizvod\/stropna-svjetiljka-22-903-24\/#primaryimage","url":"https:\/\/i0.wp.com\/inti.hr\/wp-content\/uploads\/2024\/10\/22903-1.webp?fit=1000%2C1000&ssl=1","contentUrl":"https:\/\/i0.wp.com\/inti.hr\/wp-content\/uploads\/2024\/10\/22903-1.webp?fit=1000%2C1000&ssl=1","width":1000,"height":1000,"caption":"22903 STROPNA SVJETILJKA 1xE27+2xGU10 CRNA SA ZLATNIM"},{"@type":"BreadcrumbList","@id":"https:\/\/inti.hr\/bs\/proizvod\/stropna-svjetiljka-22-903-24\/#breadcrumb","itemListElement":[{"@type":"ListItem","position":1,"name":"Po\u010detna stranica","item":"https:\/\/inti.hr\/bs\/"},{"@type":"ListItem","position":2,"name":"Trgovina","item":"https:\/\/inti.hr\/bs\/trgovina\/"},{"@type":"ListItem","position":3,"name":"Stropna svjetiljka 22-903\/24"}]},{"@type":"WebSite","@id":"https:\/\/inti.hr\/bs\/#website","url":"https:\/\/inti.hr\/bs\/","name":"Inti","description":"trgovina","potentialAction":[{"@type":"SearchAction","target":{"@type":"EntryPoint","urlTemplate":"https:\/\/inti.hr\/bs\/?s={search_term_string}"},"query-input":{"@type":"PropertyValueSpecification","valueRequired":true,"valueName":"search_term_string"}}],"inLanguage":"bs-BA"}]}},"jetpack_sharing_enabled":true,"jetpack-related-posts":[],"_links":{"self":[{"href":"https:\/\/inti.hr\/bs\/wp-json\/wp\/v2\/product\/31903"}],"collection":[{"href":"https:\/\/inti.hr\/bs\/wp-json\/wp\/v2\/product"}],"about":[{"href":"https:\/\/inti.hr\/bs\/wp-json\/wp\/v2\/types\/product"}],"wp:featuredmedia":[{"embeddable":true,"href":"https:\/\/inti.hr\/bs\/wp-json\/wp\/v2\/media\/31904"}],"wp:attachment":[{"href":"https:\/\/inti.hr\/bs\/wp-json\/wp\/v2\/media?parent=31903"}],"wp:term":[{"taxonomy":"product_cat","embeddable":true,"href":"https:\/\/inti.hr\/bs\/wp-json\/wp\/v2\/product_cat?post=31903"},{"taxonomy":"product_tag","embeddable":true,"href":"https:\/\/inti.hr\/bs\/wp-json\/wp\/v2\/product_tag?post=31903"}],"curies":[{"name":"wp","href":"https:\/\/api.w.org\/{rel}","templated":true}]}}