{"id":31955,"date":"2024-10-03T09:51:59","date_gmt":"2024-10-03T08:51:59","guid":{"rendered":"https:\/\/inti.hr\/product\/nocni-ormaric-s-ladicom-39x39x65cm\/"},"modified":"2024-10-03T09:51:59","modified_gmt":"2024-10-03T08:51:59","slug":"nocni-ormaric-s-ladicom-39x39x65cm","status":"publish","type":"product","link":"https:\/\/inti.hr\/bs\/proizvod\/nocni-ormaric-s-ladicom-39x39x65cm\/","title":{"rendered":"No\u0107ni ormari\u0107 s ladicom 39x39x65cm"},"content":{"rendered":"<p>Pojedinosti o proizvodu:<br \/>\nMaterijal: iverica, papirna folija<br \/>\nDimenzije proizvoda: \u016039*D39*V65 cm (vidi sliku).<br \/>\nTe\u017eina: 14,3 kg. Nosivost do 60 kg.<br \/>\nDimenzije i te\u017eina paketa: 73,00*46,00*13,00cm, 13,5 kg<br \/>\nS uputama za monta\u017eu i vijcima, jednostavna monta\u017ea<br \/>\nOvaj proizvod je razvijen i ispitan za ku\u0107nu upotrebu.<\/p>\n","protected":false},"excerpt":{"rendered":"<p>Sve osobne stvari koje bi trebale ostati skrivene od znati\u017eeljnih pogleda &#8230; <\/p>\n","protected":false},"featured_media":31956,"template":"","meta":[],"product_cat":[2414],"product_tag":[3184,2673],"yoast_head":"<!-- This site is optimized with the Yoast SEO plugin v23.7 - https:\/\/yoast.com\/wordpress\/plugins\/seo\/ -->\n<title>No\u0107ni ormari\u0107 s ladicom 39x39x65cm - Inti<\/title>\n<meta name=\"description\" content=\"Sve osobne stvari koje bi trebale ostati skrivene od znati\u017eeljnih pogleda mo\u017eete pospremiti iza vrata no\u0107nog ormari\u0107a.Zahvaljuju\u0107i maloj povr\u0161ini, no\u0107ni ormari\u0107 \u0161tedi prostor i pristaje \u010dak iu uskim kutovima i ni\u0161ama.Idealan je i kao pomo\u0107ni ormari\u0107 u dnevnoj sobi ili kao telefonski ormari\u0107 u hodniku.Savr\u0161en je komad namje\u0161taja kao no\u0107ni ormari\u0107 u spava\u0107oj sobi, uz kau\u010d u dnevnoj sobi ili kao stoli\u0107 za kavu. Idealan kao elegantan no\u0107ni ormari\u0107 za spava\u0107u sobu, niski stoli\u0107 za dnevnu sobu ili stoli\u0107 za kavu ili niski kupaonski ormari\u0107. Nadalje, proizvod je opremljen ladicom i 2 prakti\u010dne police koje se mogu koristiti za odlaganje \u010dasopisa, knjiga ili raznih predmeta. Gornja polica pru\u017ea prostor za no\u0107no svjetlo, daljinske upravlja\u010de za TV, foto albume, budilicu ili druge male ukrasne predmete\" \/>\n<meta name=\"robots\" content=\"index, follow, max-snippet:-1, max-image-preview:large, max-video-preview:-1\" \/>\n<link rel=\"canonical\" href=\"https:\/\/inti.hr\/bs\/proizvod\/nocni-ormaric-s-ladicom-39x39x65cm\/\" \/>\n<meta property=\"og:locale\" content=\"bs_BA\" \/>\n<meta property=\"og:type\" content=\"article\" \/>\n<meta property=\"og:title\" content=\"No\u0107ni ormari\u0107 s ladicom 39x39x65cm - Inti\" \/>\n<meta property=\"og:description\" content=\"Sve osobne stvari koje bi trebale ostati skrivene od znati\u017eeljnih pogleda mo\u017eete pospremiti iza vrata no\u0107nog ormari\u0107a.Zahvaljuju\u0107i maloj povr\u0161ini, no\u0107ni ormari\u0107 \u0161tedi prostor i pristaje \u010dak iu uskim kutovima i ni\u0161ama.Idealan je i kao pomo\u0107ni ormari\u0107 u dnevnoj sobi ili kao telefonski ormari\u0107 u hodniku.Savr\u0161en je komad namje\u0161taja kao no\u0107ni ormari\u0107 u spava\u0107oj sobi, uz kau\u010d u dnevnoj sobi ili kao stoli\u0107 za kavu. Idealan kao elegantan no\u0107ni ormari\u0107 za spava\u0107u sobu, niski stoli\u0107 za dnevnu sobu ili stoli\u0107 za kavu ili niski kupaonski ormari\u0107. Nadalje, proizvod je opremljen ladicom i 2 prakti\u010dne police koje se mogu koristiti za odlaganje \u010dasopisa, knjiga ili raznih predmeta. Gornja polica pru\u017ea prostor za no\u0107no svjetlo, daljinske upravlja\u010de za TV, foto albume, budilicu ili druge male ukrasne predmete\" \/>\n<meta property=\"og:url\" content=\"https:\/\/inti.hr\/bs\/proizvod\/nocni-ormaric-s-ladicom-39x39x65cm\/\" \/>\n<meta property=\"og:site_name\" content=\"Inti\" \/>\n<meta property=\"og:image\" content=\"https:\/\/i0.wp.com\/inti.hr\/wp-content\/uploads\/2024\/10\/FBT49-N-Y004_1800x1800.webp?fit=1600%2C1600&ssl=1\" \/>\n\t<meta property=\"og:image:width\" content=\"1600\" \/>\n\t<meta property=\"og:image:height\" content=\"1600\" \/>\n\t<meta property=\"og:image:type\" content=\"image\/webp\" \/>\n<meta name=\"twitter:card\" content=\"summary_large_image\" \/>\n<meta name=\"twitter:label1\" content=\"Est. reading time\" \/>\n\t<meta name=\"twitter:data1\" content=\"1 minuta\" \/>\n<script type=\"application\/ld+json\" class=\"yoast-schema-graph\">{\"@context\":\"https:\/\/schema.org\",\"@graph\":[{\"@type\":\"WebPage\",\"@id\":\"https:\/\/inti.hr\/bs\/proizvod\/nocni-ormaric-s-ladicom-39x39x65cm\/\",\"url\":\"https:\/\/inti.hr\/bs\/proizvod\/nocni-ormaric-s-ladicom-39x39x65cm\/\",\"name\":\"No\u0107ni ormari\u0107 s ladicom 39x39x65cm - Inti\",\"isPartOf\":{\"@id\":\"https:\/\/inti.hr\/bs\/#website\"},\"primaryImageOfPage\":{\"@id\":\"https:\/\/inti.hr\/bs\/proizvod\/nocni-ormaric-s-ladicom-39x39x65cm\/#primaryimage\"},\"image\":{\"@id\":\"https:\/\/inti.hr\/bs\/proizvod\/nocni-ormaric-s-ladicom-39x39x65cm\/#primaryimage\"},\"thumbnailUrl\":\"https:\/\/i0.wp.com\/inti.hr\/wp-content\/uploads\/2024\/10\/FBT49-N-Y004_1800x1800.webp?fit=1600%2C1600&ssl=1\",\"datePublished\":\"2024-10-03T08:51:59+00:00\",\"dateModified\":\"2024-10-03T08:51:59+00:00\",\"description\":\"Sve osobne stvari koje bi trebale ostati skrivene od znati\u017eeljnih pogleda mo\u017eete pospremiti iza vrata no\u0107nog ormari\u0107a.Zahvaljuju\u0107i maloj povr\u0161ini, no\u0107ni ormari\u0107 \u0161tedi prostor i pristaje \u010dak iu uskim kutovima i ni\u0161ama.Idealan je i kao pomo\u0107ni ormari\u0107 u dnevnoj sobi ili kao telefonski ormari\u0107 u hodniku.Savr\u0161en je komad namje\u0161taja kao no\u0107ni ormari\u0107 u spava\u0107oj sobi, uz kau\u010d u dnevnoj sobi ili kao stoli\u0107 za kavu. Idealan kao elegantan no\u0107ni ormari\u0107 za spava\u0107u sobu, niski stoli\u0107 za dnevnu sobu ili stoli\u0107 za kavu ili niski kupaonski ormari\u0107. Nadalje, proizvod je opremljen ladicom i 2 prakti\u010dne police koje se mogu koristiti za odlaganje \u010dasopisa, knjiga ili raznih predmeta. Gornja polica pru\u017ea prostor za no\u0107no svjetlo, daljinske upravlja\u010de za TV, foto albume, budilicu ili druge male ukrasne predmete\",\"breadcrumb\":{\"@id\":\"https:\/\/inti.hr\/bs\/proizvod\/nocni-ormaric-s-ladicom-39x39x65cm\/#breadcrumb\"},\"inLanguage\":\"bs-BA\",\"potentialAction\":[{\"@type\":\"ReadAction\",\"target\":[\"https:\/\/inti.hr\/bs\/proizvod\/nocni-ormaric-s-ladicom-39x39x65cm\/\"]}]},{\"@type\":\"ImageObject\",\"inLanguage\":\"bs-BA\",\"@id\":\"https:\/\/inti.hr\/bs\/proizvod\/nocni-ormaric-s-ladicom-39x39x65cm\/#primaryimage\",\"url\":\"https:\/\/i0.wp.com\/inti.hr\/wp-content\/uploads\/2024\/10\/FBT49-N-Y004_1800x1800.webp?fit=1600%2C1600&ssl=1\",\"contentUrl\":\"https:\/\/i0.wp.com\/inti.hr\/wp-content\/uploads\/2024\/10\/FBT49-N-Y004_1800x1800.webp?fit=1600%2C1600&ssl=1\",\"width\":1600,\"height\":1600,\"caption\":\"SoBuy No\u0107ni ormari\u0107 s ladicom 39x39x65cm FBT49-N\"},{\"@type\":\"BreadcrumbList\",\"@id\":\"https:\/\/inti.hr\/bs\/proizvod\/nocni-ormaric-s-ladicom-39x39x65cm\/#breadcrumb\",\"itemListElement\":[{\"@type\":\"ListItem\",\"position\":1,\"name\":\"Po\u010detna stranica\",\"item\":\"https:\/\/inti.hr\/bs\/\"},{\"@type\":\"ListItem\",\"position\":2,\"name\":\"Trgovina\",\"item\":\"https:\/\/inti.hr\/bs\/trgovina\/\"},{\"@type\":\"ListItem\",\"position\":3,\"name\":\"No\u0107ni ormari\u0107 s ladicom 39x39x65cm\"}]},{\"@type\":\"WebSite\",\"@id\":\"https:\/\/inti.hr\/bs\/#website\",\"url\":\"https:\/\/inti.hr\/bs\/\",\"name\":\"Inti\",\"description\":\"trgovina\",\"potentialAction\":[{\"@type\":\"SearchAction\",\"target\":{\"@type\":\"EntryPoint\",\"urlTemplate\":\"https:\/\/inti.hr\/bs\/?s={search_term_string}\"},\"query-input\":{\"@type\":\"PropertyValueSpecification\",\"valueRequired\":true,\"valueName\":\"search_term_string\"}}],\"inLanguage\":\"bs-BA\"}]}<\/script>\n<!-- \/ Yoast SEO plugin. -->","yoast_head_json":{"title":"No\u0107ni ormari\u0107 s ladicom 39x39x65cm - Inti","description":"Sve osobne stvari koje bi trebale ostati skrivene od znati\u017eeljnih pogleda mo\u017eete pospremiti iza vrata no\u0107nog ormari\u0107a.Zahvaljuju\u0107i maloj povr\u0161ini, no\u0107ni ormari\u0107 \u0161tedi prostor i pristaje \u010dak iu uskim kutovima i ni\u0161ama.Idealan je i kao pomo\u0107ni ormari\u0107 u dnevnoj sobi ili kao telefonski ormari\u0107 u hodniku.Savr\u0161en je komad namje\u0161taja kao no\u0107ni ormari\u0107 u spava\u0107oj sobi, uz kau\u010d u dnevnoj sobi ili kao stoli\u0107 za kavu. Idealan kao elegantan no\u0107ni ormari\u0107 za spava\u0107u sobu, niski stoli\u0107 za dnevnu sobu ili stoli\u0107 za kavu ili niski kupaonski ormari\u0107. Nadalje, proizvod je opremljen ladicom i 2 prakti\u010dne police koje se mogu koristiti za odlaganje \u010dasopisa, knjiga ili raznih predmeta. Gornja polica pru\u017ea prostor za no\u0107no svjetlo, daljinske upravlja\u010de za TV, foto albume, budilicu ili druge male ukrasne predmete","robots":{"index":"index","follow":"follow","max-snippet":"max-snippet:-1","max-image-preview":"max-image-preview:large","max-video-preview":"max-video-preview:-1"},"canonical":"https:\/\/inti.hr\/bs\/proizvod\/nocni-ormaric-s-ladicom-39x39x65cm\/","og_locale":"bs_BA","og_type":"article","og_title":"No\u0107ni ormari\u0107 s ladicom 39x39x65cm - Inti","og_description":"Sve osobne stvari koje bi trebale ostati skrivene od znati\u017eeljnih pogleda mo\u017eete pospremiti iza vrata no\u0107nog ormari\u0107a.Zahvaljuju\u0107i maloj povr\u0161ini, no\u0107ni ormari\u0107 \u0161tedi prostor i pristaje \u010dak iu uskim kutovima i ni\u0161ama.Idealan je i kao pomo\u0107ni ormari\u0107 u dnevnoj sobi ili kao telefonski ormari\u0107 u hodniku.Savr\u0161en je komad namje\u0161taja kao no\u0107ni ormari\u0107 u spava\u0107oj sobi, uz kau\u010d u dnevnoj sobi ili kao stoli\u0107 za kavu. Idealan kao elegantan no\u0107ni ormari\u0107 za spava\u0107u sobu, niski stoli\u0107 za dnevnu sobu ili stoli\u0107 za kavu ili niski kupaonski ormari\u0107. Nadalje, proizvod je opremljen ladicom i 2 prakti\u010dne police koje se mogu koristiti za odlaganje \u010dasopisa, knjiga ili raznih predmeta. Gornja polica pru\u017ea prostor za no\u0107no svjetlo, daljinske upravlja\u010de za TV, foto albume, budilicu ili druge male ukrasne predmete","og_url":"https:\/\/inti.hr\/bs\/proizvod\/nocni-ormaric-s-ladicom-39x39x65cm\/","og_site_name":"Inti","og_image":[{"width":1600,"height":1600,"url":"https:\/\/i0.wp.com\/inti.hr\/wp-content\/uploads\/2024\/10\/FBT49-N-Y004_1800x1800.webp?fit=1600%2C1600&ssl=1","type":"image\/webp"}],"twitter_card":"summary_large_image","twitter_misc":{"Est. reading time":"1 minuta"},"schema":{"@context":"https:\/\/schema.org","@graph":[{"@type":"WebPage","@id":"https:\/\/inti.hr\/bs\/proizvod\/nocni-ormaric-s-ladicom-39x39x65cm\/","url":"https:\/\/inti.hr\/bs\/proizvod\/nocni-ormaric-s-ladicom-39x39x65cm\/","name":"No\u0107ni ormari\u0107 s ladicom 39x39x65cm - Inti","isPartOf":{"@id":"https:\/\/inti.hr\/bs\/#website"},"primaryImageOfPage":{"@id":"https:\/\/inti.hr\/bs\/proizvod\/nocni-ormaric-s-ladicom-39x39x65cm\/#primaryimage"},"image":{"@id":"https:\/\/inti.hr\/bs\/proizvod\/nocni-ormaric-s-ladicom-39x39x65cm\/#primaryimage"},"thumbnailUrl":"https:\/\/i0.wp.com\/inti.hr\/wp-content\/uploads\/2024\/10\/FBT49-N-Y004_1800x1800.webp?fit=1600%2C1600&ssl=1","datePublished":"2024-10-03T08:51:59+00:00","dateModified":"2024-10-03T08:51:59+00:00","description":"Sve osobne stvari koje bi trebale ostati skrivene od znati\u017eeljnih pogleda mo\u017eete pospremiti iza vrata no\u0107nog ormari\u0107a.Zahvaljuju\u0107i maloj povr\u0161ini, no\u0107ni ormari\u0107 \u0161tedi prostor i pristaje \u010dak iu uskim kutovima i ni\u0161ama.Idealan je i kao pomo\u0107ni ormari\u0107 u dnevnoj sobi ili kao telefonski ormari\u0107 u hodniku.Savr\u0161en je komad namje\u0161taja kao no\u0107ni ormari\u0107 u spava\u0107oj sobi, uz kau\u010d u dnevnoj sobi ili kao stoli\u0107 za kavu. Idealan kao elegantan no\u0107ni ormari\u0107 za spava\u0107u sobu, niski stoli\u0107 za dnevnu sobu ili stoli\u0107 za kavu ili niski kupaonski ormari\u0107. Nadalje, proizvod je opremljen ladicom i 2 prakti\u010dne police koje se mogu koristiti za odlaganje \u010dasopisa, knjiga ili raznih predmeta. Gornja polica pru\u017ea prostor za no\u0107no svjetlo, daljinske upravlja\u010de za TV, foto albume, budilicu ili druge male ukrasne predmete","breadcrumb":{"@id":"https:\/\/inti.hr\/bs\/proizvod\/nocni-ormaric-s-ladicom-39x39x65cm\/#breadcrumb"},"inLanguage":"bs-BA","potentialAction":[{"@type":"ReadAction","target":["https:\/\/inti.hr\/bs\/proizvod\/nocni-ormaric-s-ladicom-39x39x65cm\/"]}]},{"@type":"ImageObject","inLanguage":"bs-BA","@id":"https:\/\/inti.hr\/bs\/proizvod\/nocni-ormaric-s-ladicom-39x39x65cm\/#primaryimage","url":"https:\/\/i0.wp.com\/inti.hr\/wp-content\/uploads\/2024\/10\/FBT49-N-Y004_1800x1800.webp?fit=1600%2C1600&ssl=1","contentUrl":"https:\/\/i0.wp.com\/inti.hr\/wp-content\/uploads\/2024\/10\/FBT49-N-Y004_1800x1800.webp?fit=1600%2C1600&ssl=1","width":1600,"height":1600,"caption":"SoBuy No\u0107ni ormari\u0107 s ladicom 39x39x65cm FBT49-N"},{"@type":"BreadcrumbList","@id":"https:\/\/inti.hr\/bs\/proizvod\/nocni-ormaric-s-ladicom-39x39x65cm\/#breadcrumb","itemListElement":[{"@type":"ListItem","position":1,"name":"Po\u010detna stranica","item":"https:\/\/inti.hr\/bs\/"},{"@type":"ListItem","position":2,"name":"Trgovina","item":"https:\/\/inti.hr\/bs\/trgovina\/"},{"@type":"ListItem","position":3,"name":"No\u0107ni ormari\u0107 s ladicom 39x39x65cm"}]},{"@type":"WebSite","@id":"https:\/\/inti.hr\/bs\/#website","url":"https:\/\/inti.hr\/bs\/","name":"Inti","description":"trgovina","potentialAction":[{"@type":"SearchAction","target":{"@type":"EntryPoint","urlTemplate":"https:\/\/inti.hr\/bs\/?s={search_term_string}"},"query-input":{"@type":"PropertyValueSpecification","valueRequired":true,"valueName":"search_term_string"}}],"inLanguage":"bs-BA"}]}},"jetpack_sharing_enabled":true,"jetpack-related-posts":[],"_links":{"self":[{"href":"https:\/\/inti.hr\/bs\/wp-json\/wp\/v2\/product\/31955"}],"collection":[{"href":"https:\/\/inti.hr\/bs\/wp-json\/wp\/v2\/product"}],"about":[{"href":"https:\/\/inti.hr\/bs\/wp-json\/wp\/v2\/types\/product"}],"wp:featuredmedia":[{"embeddable":true,"href":"https:\/\/inti.hr\/bs\/wp-json\/wp\/v2\/media\/31956"}],"wp:attachment":[{"href":"https:\/\/inti.hr\/bs\/wp-json\/wp\/v2\/media?parent=31955"}],"wp:term":[{"taxonomy":"product_cat","embeddable":true,"href":"https:\/\/inti.hr\/bs\/wp-json\/wp\/v2\/product_cat?post=31955"},{"taxonomy":"product_tag","embeddable":true,"href":"https:\/\/inti.hr\/bs\/wp-json\/wp\/v2\/product_tag?post=31955"}],"curies":[{"name":"wp","href":"https:\/\/api.w.org\/{rel}","templated":true}]}}