{"id":31985,"date":"2024-09-23T15:41:53","date_gmt":"2024-09-23T14:41:53","guid":{"rendered":"https:\/\/inti.hr\/product\/okrugli-stolic-za-kavu-set-od-2\/"},"modified":"2024-09-23T15:41:53","modified_gmt":"2024-09-23T14:41:53","slug":"okrugli-stolic-za-kavu-set-od-2","status":"publish","type":"product","link":"https:\/\/inti.hr\/bs\/proizvod\/okrugli-stolic-za-kavu-set-od-2\/","title":{"rendered":"Okrugli stoli\u0107 za kavu set od 2"},"content":{"rendered":"<p>Detalji proizvoda:<\/p>\n<p>Materijal: MDF (plo\u010da vlaknatica srednje gusto\u0107e), iverica, \u010delik<br \/>\nVeli\u010dina velikog stola: 60 x 60 x 45 cm (D x \u0160 x V)<br \/>\nVeli\u010dina stoli\u0107a: 44 x 44 x 42 cm (D x \u0160 x V)<br \/>\nUkupna te\u017eina: 10,7 kg<br \/>\nMaksimalna stati\u010dka nosivost velikog stola: 20 kg<br \/>\nMaksimalna stati\u010dka nosivost malog stola: 30 kg<\/p>\n","protected":false},"excerpt":{"rendered":"<p>Ove dvije tablice mogu se ugnije\u017editi zajedno kada se ne koriste &#8230; <\/p>\n","protected":false},"featured_media":31986,"template":"","meta":[],"product_cat":[2418],"product_tag":[2444,3192],"yoast_head":"<!-- This site is optimized with the Yoast SEO plugin v23.7 - https:\/\/yoast.com\/wordpress\/plugins\/seo\/ -->\n<title>Okrugli stoli\u0107 za kavu set od 2 - Inti<\/title>\n<meta name=\"description\" content=\"Ove dvije tablice mogu se ugnije\u017editi zajedno kada se ne koriste radi u\u0161tede prostora. Mogu se koristiti zajedno ili odvojeno prema potrebi. Pretinac ispod stola malog stoli\u0107a za kavu savr\u0161en je za spremanje sitnica. 2 prostrane plo\u010de stola dr\u017ee daljinski upravlja\u010d, knjige i druge svakodnevne predmete nadohvat ruke. Glatka povr\u0161ina stolova za dnevni boravak mo\u017ee se lako o\u010distiti vla\u017enom krpom. Zahvaljuju\u0107i jasnim uputama i ozna\u010denim dijelovima, mo\u017eete ga sastaviti u tren oka i u\u017eivati \u200b\u200bu novim stolovima. Izra\u0111eni od MDF plo\u010da, iverala i \u010deli\u010dnog okvira, ovi okrugli pomo\u0107ni stoli\u0107i su robusni i izdr\u017eljivi. Podesive no\u017eice tako\u0111er osiguravaju ve\u0107u stabilnost na blago neravnim podovima - nema vi\u0161e njihanja. S jednostavnim i elegantnim dizajnom, moderni stol za gnije\u017e\u0111enje pristaje svugdje. Bilo u blagovaonici kao blagovaonski stol, u uredu kao pomo\u0107ni stol ili u recepciji kao pomo\u0107ni stol, ovaj svestrani stol savr\u0161en je izbor za vas.\u00a0\" \/>\n<meta name=\"robots\" content=\"index, follow, max-snippet:-1, max-image-preview:large, max-video-preview:-1\" \/>\n<link rel=\"canonical\" href=\"https:\/\/inti.hr\/bs\/proizvod\/okrugli-stolic-za-kavu-set-od-2\/\" \/>\n<meta property=\"og:locale\" content=\"bs_BA\" \/>\n<meta property=\"og:type\" content=\"article\" \/>\n<meta property=\"og:title\" content=\"Okrugli stoli\u0107 za kavu set od 2 - Inti\" \/>\n<meta property=\"og:description\" content=\"Ove dvije tablice mogu se ugnije\u017editi zajedno kada se ne koriste radi u\u0161tede prostora. Mogu se koristiti zajedno ili odvojeno prema potrebi. Pretinac ispod stola malog stoli\u0107a za kavu savr\u0161en je za spremanje sitnica. 2 prostrane plo\u010de stola dr\u017ee daljinski upravlja\u010d, knjige i druge svakodnevne predmete nadohvat ruke. Glatka povr\u0161ina stolova za dnevni boravak mo\u017ee se lako o\u010distiti vla\u017enom krpom. Zahvaljuju\u0107i jasnim uputama i ozna\u010denim dijelovima, mo\u017eete ga sastaviti u tren oka i u\u017eivati \u200b\u200bu novim stolovima. Izra\u0111eni od MDF plo\u010da, iverala i \u010deli\u010dnog okvira, ovi okrugli pomo\u0107ni stoli\u0107i su robusni i izdr\u017eljivi. Podesive no\u017eice tako\u0111er osiguravaju ve\u0107u stabilnost na blago neravnim podovima - nema vi\u0161e njihanja. S jednostavnim i elegantnim dizajnom, moderni stol za gnije\u017e\u0111enje pristaje svugdje. Bilo u blagovaonici kao blagovaonski stol, u uredu kao pomo\u0107ni stol ili u recepciji kao pomo\u0107ni stol, ovaj svestrani stol savr\u0161en je izbor za vas.\u00a0\" \/>\n<meta property=\"og:url\" content=\"https:\/\/inti.hr\/bs\/proizvod\/okrugli-stolic-za-kavu-set-od-2\/\" \/>\n<meta property=\"og:site_name\" content=\"Inti\" \/>\n<meta property=\"og:image\" content=\"https:\/\/i0.wp.com\/inti.hr\/wp-content\/uploads\/2024\/09\/LCT044K43-2.jpg?fit=800%2C1000&ssl=1\" \/>\n\t<meta property=\"og:image:width\" content=\"800\" \/>\n\t<meta property=\"og:image:height\" content=\"1000\" \/>\n\t<meta property=\"og:image:type\" content=\"image\/jpeg\" \/>\n<meta name=\"twitter:card\" content=\"summary_large_image\" \/>\n<script type=\"application\/ld+json\" class=\"yoast-schema-graph\">{\"@context\":\"https:\/\/schema.org\",\"@graph\":[{\"@type\":\"WebPage\",\"@id\":\"https:\/\/inti.hr\/bs\/proizvod\/okrugli-stolic-za-kavu-set-od-2\/\",\"url\":\"https:\/\/inti.hr\/bs\/proizvod\/okrugli-stolic-za-kavu-set-od-2\/\",\"name\":\"Okrugli stoli\u0107 za kavu set od 2 - Inti\",\"isPartOf\":{\"@id\":\"https:\/\/inti.hr\/bs\/#website\"},\"primaryImageOfPage\":{\"@id\":\"https:\/\/inti.hr\/bs\/proizvod\/okrugli-stolic-za-kavu-set-od-2\/#primaryimage\"},\"image\":{\"@id\":\"https:\/\/inti.hr\/bs\/proizvod\/okrugli-stolic-za-kavu-set-od-2\/#primaryimage\"},\"thumbnailUrl\":\"https:\/\/i0.wp.com\/inti.hr\/wp-content\/uploads\/2024\/09\/LCT044K43-2.jpg?fit=800%2C1000&ssl=1\",\"datePublished\":\"2024-09-23T14:41:53+00:00\",\"dateModified\":\"2024-09-23T14:41:53+00:00\",\"description\":\"Ove dvije tablice mogu se ugnije\u017editi zajedno kada se ne koriste radi u\u0161tede prostora. Mogu se koristiti zajedno ili odvojeno prema potrebi. Pretinac ispod stola malog stoli\u0107a za kavu savr\u0161en je za spremanje sitnica. 2 prostrane plo\u010de stola dr\u017ee daljinski upravlja\u010d, knjige i druge svakodnevne predmete nadohvat ruke. Glatka povr\u0161ina stolova za dnevni boravak mo\u017ee se lako o\u010distiti vla\u017enom krpom. Zahvaljuju\u0107i jasnim uputama i ozna\u010denim dijelovima, mo\u017eete ga sastaviti u tren oka i u\u017eivati \u200b\u200bu novim stolovima. Izra\u0111eni od MDF plo\u010da, iverala i \u010deli\u010dnog okvira, ovi okrugli pomo\u0107ni stoli\u0107i su robusni i izdr\u017eljivi. Podesive no\u017eice tako\u0111er osiguravaju ve\u0107u stabilnost na blago neravnim podovima - nema vi\u0161e njihanja. S jednostavnim i elegantnim dizajnom, moderni stol za gnije\u017e\u0111enje pristaje svugdje. Bilo u blagovaonici kao blagovaonski stol, u uredu kao pomo\u0107ni stol ili u recepciji kao pomo\u0107ni stol, ovaj svestrani stol savr\u0161en je izbor za vas.\u00a0\",\"breadcrumb\":{\"@id\":\"https:\/\/inti.hr\/bs\/proizvod\/okrugli-stolic-za-kavu-set-od-2\/#breadcrumb\"},\"inLanguage\":\"bs-BA\",\"potentialAction\":[{\"@type\":\"ReadAction\",\"target\":[\"https:\/\/inti.hr\/bs\/proizvod\/okrugli-stolic-za-kavu-set-od-2\/\"]}]},{\"@type\":\"ImageObject\",\"inLanguage\":\"bs-BA\",\"@id\":\"https:\/\/inti.hr\/bs\/proizvod\/okrugli-stolic-za-kavu-set-od-2\/#primaryimage\",\"url\":\"https:\/\/i0.wp.com\/inti.hr\/wp-content\/uploads\/2024\/09\/LCT044K43-2.jpg?fit=800%2C1000&ssl=1\",\"contentUrl\":\"https:\/\/i0.wp.com\/inti.hr\/wp-content\/uploads\/2024\/09\/LCT044K43-2.jpg?fit=800%2C1000&ssl=1\",\"width\":800,\"height\":1000,\"caption\":\"VASAGLE okrugli stoli\u0107 set od 2 prirodne boje oraha-crna tinta\"},{\"@type\":\"BreadcrumbList\",\"@id\":\"https:\/\/inti.hr\/bs\/proizvod\/okrugli-stolic-za-kavu-set-od-2\/#breadcrumb\",\"itemListElement\":[{\"@type\":\"ListItem\",\"position\":1,\"name\":\"Po\u010detna stranica\",\"item\":\"https:\/\/inti.hr\/bs\/\"},{\"@type\":\"ListItem\",\"position\":2,\"name\":\"Trgovina\",\"item\":\"https:\/\/inti.hr\/bs\/trgovina\/\"},{\"@type\":\"ListItem\",\"position\":3,\"name\":\"Okrugli stoli\u0107 za kavu set od 2\"}]},{\"@type\":\"WebSite\",\"@id\":\"https:\/\/inti.hr\/bs\/#website\",\"url\":\"https:\/\/inti.hr\/bs\/\",\"name\":\"Inti\",\"description\":\"trgovina\",\"potentialAction\":[{\"@type\":\"SearchAction\",\"target\":{\"@type\":\"EntryPoint\",\"urlTemplate\":\"https:\/\/inti.hr\/bs\/?s={search_term_string}\"},\"query-input\":{\"@type\":\"PropertyValueSpecification\",\"valueRequired\":true,\"valueName\":\"search_term_string\"}}],\"inLanguage\":\"bs-BA\"}]}<\/script>\n<!-- \/ Yoast SEO plugin. -->","yoast_head_json":{"title":"Okrugli stoli\u0107 za kavu set od 2 - Inti","description":"Ove dvije tablice mogu se ugnije\u017editi zajedno kada se ne koriste radi u\u0161tede prostora. Mogu se koristiti zajedno ili odvojeno prema potrebi. Pretinac ispod stola malog stoli\u0107a za kavu savr\u0161en je za spremanje sitnica. 2 prostrane plo\u010de stola dr\u017ee daljinski upravlja\u010d, knjige i druge svakodnevne predmete nadohvat ruke. Glatka povr\u0161ina stolova za dnevni boravak mo\u017ee se lako o\u010distiti vla\u017enom krpom. Zahvaljuju\u0107i jasnim uputama i ozna\u010denim dijelovima, mo\u017eete ga sastaviti u tren oka i u\u017eivati \u200b\u200bu novim stolovima. Izra\u0111eni od MDF plo\u010da, iverala i \u010deli\u010dnog okvira, ovi okrugli pomo\u0107ni stoli\u0107i su robusni i izdr\u017eljivi. Podesive no\u017eice tako\u0111er osiguravaju ve\u0107u stabilnost na blago neravnim podovima - nema vi\u0161e njihanja. S jednostavnim i elegantnim dizajnom, moderni stol za gnije\u017e\u0111enje pristaje svugdje. Bilo u blagovaonici kao blagovaonski stol, u uredu kao pomo\u0107ni stol ili u recepciji kao pomo\u0107ni stol, ovaj svestrani stol savr\u0161en je izbor za vas.\u00a0","robots":{"index":"index","follow":"follow","max-snippet":"max-snippet:-1","max-image-preview":"max-image-preview:large","max-video-preview":"max-video-preview:-1"},"canonical":"https:\/\/inti.hr\/bs\/proizvod\/okrugli-stolic-za-kavu-set-od-2\/","og_locale":"bs_BA","og_type":"article","og_title":"Okrugli stoli\u0107 za kavu set od 2 - Inti","og_description":"Ove dvije tablice mogu se ugnije\u017editi zajedno kada se ne koriste radi u\u0161tede prostora. Mogu se koristiti zajedno ili odvojeno prema potrebi. Pretinac ispod stola malog stoli\u0107a za kavu savr\u0161en je za spremanje sitnica. 2 prostrane plo\u010de stola dr\u017ee daljinski upravlja\u010d, knjige i druge svakodnevne predmete nadohvat ruke. Glatka povr\u0161ina stolova za dnevni boravak mo\u017ee se lako o\u010distiti vla\u017enom krpom. Zahvaljuju\u0107i jasnim uputama i ozna\u010denim dijelovima, mo\u017eete ga sastaviti u tren oka i u\u017eivati \u200b\u200bu novim stolovima. Izra\u0111eni od MDF plo\u010da, iverala i \u010deli\u010dnog okvira, ovi okrugli pomo\u0107ni stoli\u0107i su robusni i izdr\u017eljivi. Podesive no\u017eice tako\u0111er osiguravaju ve\u0107u stabilnost na blago neravnim podovima - nema vi\u0161e njihanja. S jednostavnim i elegantnim dizajnom, moderni stol za gnije\u017e\u0111enje pristaje svugdje. Bilo u blagovaonici kao blagovaonski stol, u uredu kao pomo\u0107ni stol ili u recepciji kao pomo\u0107ni stol, ovaj svestrani stol savr\u0161en je izbor za vas.\u00a0","og_url":"https:\/\/inti.hr\/bs\/proizvod\/okrugli-stolic-za-kavu-set-od-2\/","og_site_name":"Inti","og_image":[{"width":800,"height":1000,"url":"https:\/\/i0.wp.com\/inti.hr\/wp-content\/uploads\/2024\/09\/LCT044K43-2.jpg?fit=800%2C1000&ssl=1","type":"image\/jpeg"}],"twitter_card":"summary_large_image","schema":{"@context":"https:\/\/schema.org","@graph":[{"@type":"WebPage","@id":"https:\/\/inti.hr\/bs\/proizvod\/okrugli-stolic-za-kavu-set-od-2\/","url":"https:\/\/inti.hr\/bs\/proizvod\/okrugli-stolic-za-kavu-set-od-2\/","name":"Okrugli stoli\u0107 za kavu set od 2 - Inti","isPartOf":{"@id":"https:\/\/inti.hr\/bs\/#website"},"primaryImageOfPage":{"@id":"https:\/\/inti.hr\/bs\/proizvod\/okrugli-stolic-za-kavu-set-od-2\/#primaryimage"},"image":{"@id":"https:\/\/inti.hr\/bs\/proizvod\/okrugli-stolic-za-kavu-set-od-2\/#primaryimage"},"thumbnailUrl":"https:\/\/i0.wp.com\/inti.hr\/wp-content\/uploads\/2024\/09\/LCT044K43-2.jpg?fit=800%2C1000&ssl=1","datePublished":"2024-09-23T14:41:53+00:00","dateModified":"2024-09-23T14:41:53+00:00","description":"Ove dvije tablice mogu se ugnije\u017editi zajedno kada se ne koriste radi u\u0161tede prostora. Mogu se koristiti zajedno ili odvojeno prema potrebi. Pretinac ispod stola malog stoli\u0107a za kavu savr\u0161en je za spremanje sitnica. 2 prostrane plo\u010de stola dr\u017ee daljinski upravlja\u010d, knjige i druge svakodnevne predmete nadohvat ruke. Glatka povr\u0161ina stolova za dnevni boravak mo\u017ee se lako o\u010distiti vla\u017enom krpom. Zahvaljuju\u0107i jasnim uputama i ozna\u010denim dijelovima, mo\u017eete ga sastaviti u tren oka i u\u017eivati \u200b\u200bu novim stolovima. Izra\u0111eni od MDF plo\u010da, iverala i \u010deli\u010dnog okvira, ovi okrugli pomo\u0107ni stoli\u0107i su robusni i izdr\u017eljivi. Podesive no\u017eice tako\u0111er osiguravaju ve\u0107u stabilnost na blago neravnim podovima - nema vi\u0161e njihanja. S jednostavnim i elegantnim dizajnom, moderni stol za gnije\u017e\u0111enje pristaje svugdje. Bilo u blagovaonici kao blagovaonski stol, u uredu kao pomo\u0107ni stol ili u recepciji kao pomo\u0107ni stol, ovaj svestrani stol savr\u0161en je izbor za vas.\u00a0","breadcrumb":{"@id":"https:\/\/inti.hr\/bs\/proizvod\/okrugli-stolic-za-kavu-set-od-2\/#breadcrumb"},"inLanguage":"bs-BA","potentialAction":[{"@type":"ReadAction","target":["https:\/\/inti.hr\/bs\/proizvod\/okrugli-stolic-za-kavu-set-od-2\/"]}]},{"@type":"ImageObject","inLanguage":"bs-BA","@id":"https:\/\/inti.hr\/bs\/proizvod\/okrugli-stolic-za-kavu-set-od-2\/#primaryimage","url":"https:\/\/i0.wp.com\/inti.hr\/wp-content\/uploads\/2024\/09\/LCT044K43-2.jpg?fit=800%2C1000&ssl=1","contentUrl":"https:\/\/i0.wp.com\/inti.hr\/wp-content\/uploads\/2024\/09\/LCT044K43-2.jpg?fit=800%2C1000&ssl=1","width":800,"height":1000,"caption":"VASAGLE okrugli stoli\u0107 set od 2 prirodne boje oraha-crna tinta"},{"@type":"BreadcrumbList","@id":"https:\/\/inti.hr\/bs\/proizvod\/okrugli-stolic-za-kavu-set-od-2\/#breadcrumb","itemListElement":[{"@type":"ListItem","position":1,"name":"Po\u010detna stranica","item":"https:\/\/inti.hr\/bs\/"},{"@type":"ListItem","position":2,"name":"Trgovina","item":"https:\/\/inti.hr\/bs\/trgovina\/"},{"@type":"ListItem","position":3,"name":"Okrugli stoli\u0107 za kavu set od 2"}]},{"@type":"WebSite","@id":"https:\/\/inti.hr\/bs\/#website","url":"https:\/\/inti.hr\/bs\/","name":"Inti","description":"trgovina","potentialAction":[{"@type":"SearchAction","target":{"@type":"EntryPoint","urlTemplate":"https:\/\/inti.hr\/bs\/?s={search_term_string}"},"query-input":{"@type":"PropertyValueSpecification","valueRequired":true,"valueName":"search_term_string"}}],"inLanguage":"bs-BA"}]}},"jetpack_sharing_enabled":true,"jetpack-related-posts":[],"_links":{"self":[{"href":"https:\/\/inti.hr\/bs\/wp-json\/wp\/v2\/product\/31985"}],"collection":[{"href":"https:\/\/inti.hr\/bs\/wp-json\/wp\/v2\/product"}],"about":[{"href":"https:\/\/inti.hr\/bs\/wp-json\/wp\/v2\/types\/product"}],"wp:featuredmedia":[{"embeddable":true,"href":"https:\/\/inti.hr\/bs\/wp-json\/wp\/v2\/media\/31986"}],"wp:attachment":[{"href":"https:\/\/inti.hr\/bs\/wp-json\/wp\/v2\/media?parent=31985"}],"wp:term":[{"taxonomy":"product_cat","embeddable":true,"href":"https:\/\/inti.hr\/bs\/wp-json\/wp\/v2\/product_cat?post=31985"},{"taxonomy":"product_tag","embeddable":true,"href":"https:\/\/inti.hr\/bs\/wp-json\/wp\/v2\/product_tag?post=31985"}],"curies":[{"name":"wp","href":"https:\/\/api.w.org\/{rel}","templated":true}]}}