{"id":32053,"date":"2024-09-07T15:57:45","date_gmt":"2024-09-07T14:57:45","guid":{"rendered":"https:\/\/inti.hr\/product\/3-metalne-resetkaste-police\/"},"modified":"2024-09-07T15:57:45","modified_gmt":"2024-09-07T14:57:45","slug":"3-metalne-resetkaste-police","status":"publish","type":"product","link":"https:\/\/inti.hr\/bs\/proizvod\/3-metalne-resetkaste-police\/","title":{"rendered":"3 metalne re\u0161etkaste police"},"content":{"rendered":"<p>Detalji proizvoda:<br \/>\nBoja: oblak bijela, crna<br \/>\nMaterijal: \u010delik<br \/>\nVeli\u010dina: 30,6 x 44,3 x 74,2 cm (D x \u0160 x V)<br \/>\nTe\u017eina: 3,8 kg<br \/>\nMaksimalna stati\u010dka nosivost po polici: 10 kg<br \/>\nMaksimalna stati\u010dka nosivost: 30 kg<\/p>\n","protected":false},"excerpt":{"rendered":"<p>Izra\u0111ena od visokokvalitetnog \u010delika i MDF-a, ova kolica mogu izdr\u017eati ukupno &#8230; <\/p>\n","protected":false},"featured_media":32054,"template":"","meta":[],"product_cat":[2536],"product_tag":[3212,2410,2537],"yoast_head":"<!-- This site is optimized with the Yoast SEO plugin v23.7 - https:\/\/yoast.com\/wordpress\/plugins\/seo\/ -->\n<title>3 metalne re\u0161etkaste police - Inti<\/title>\n<meta name=\"description\" content=\"Izra\u0111ena od visokokvalitetnog \u010delika i MDF-a, ova kolica mogu izdr\u017eati ukupno do 30 kg. Sa \u010dvrstim metalnim okvirom, ova polica \u0107e vam trajati mnogo godina i zadovoljiti va\u0161e razli\u010dite potrebe. Ova bijela kolica za poslu\u017eivanje s 2 vise\u0107e posude i 2 bo\u010dna organizatora poma\u017eu vam da male predmete dr\u017eite organiziranima i nadohvat ruke, unose\u0107i vi\u0161e reda u va\u0161 dom. Zahvaljuju\u0107i jasnim uputama, ozna\u010denim dijelovima i prilo\u017eenim alatima, mo\u017eete jednostavno sastaviti ova kolica. S 4 rotiraju\u0107a kota\u010da, od kojih 2 imaju ko\u010dnice, mo\u017ee se glatko pomicati i blokirati ako je potrebno. Ova gornja plo\u010da slu\u017ei kao poklopac i \u0161titi va\u0161e predmete ispod od pra\u0161ine i prljav\u0161tine. Mo\u017ee se koristiti i kao pladanj, idealan za manje predmete - prakti\u010dan svakodnevni pomo\u0107nik. Koristite ovu policu u razli\u010ditim sobama kao ukrasna kolica, kolica za kupaonicu, kuhinjska kolica, kolica za rukotvorine, kolica za poslu\u017eivanje, stalak za pohranu ili kolica za alat, prema va\u0161im potrebama!\" \/>\n<meta name=\"robots\" content=\"index, follow, max-snippet:-1, max-image-preview:large, max-video-preview:-1\" \/>\n<link rel=\"canonical\" href=\"https:\/\/inti.hr\/bs\/proizvod\/3-metalne-resetkaste-police\/\" \/>\n<meta property=\"og:locale\" content=\"bs_BA\" \/>\n<meta property=\"og:type\" content=\"article\" \/>\n<meta property=\"og:title\" content=\"3 metalne re\u0161etkaste police - Inti\" \/>\n<meta property=\"og:description\" content=\"Izra\u0111ena od visokokvalitetnog \u010delika i MDF-a, ova kolica mogu izdr\u017eati ukupno do 30 kg. Sa \u010dvrstim metalnim okvirom, ova polica \u0107e vam trajati mnogo godina i zadovoljiti va\u0161e razli\u010dite potrebe. Ova bijela kolica za poslu\u017eivanje s 2 vise\u0107e posude i 2 bo\u010dna organizatora poma\u017eu vam da male predmete dr\u017eite organiziranima i nadohvat ruke, unose\u0107i vi\u0161e reda u va\u0161 dom. Zahvaljuju\u0107i jasnim uputama, ozna\u010denim dijelovima i prilo\u017eenim alatima, mo\u017eete jednostavno sastaviti ova kolica. S 4 rotiraju\u0107a kota\u010da, od kojih 2 imaju ko\u010dnice, mo\u017ee se glatko pomicati i blokirati ako je potrebno. Ova gornja plo\u010da slu\u017ei kao poklopac i \u0161titi va\u0161e predmete ispod od pra\u0161ine i prljav\u0161tine. Mo\u017ee se koristiti i kao pladanj, idealan za manje predmete - prakti\u010dan svakodnevni pomo\u0107nik. Koristite ovu policu u razli\u010ditim sobama kao ukrasna kolica, kolica za kupaonicu, kuhinjska kolica, kolica za rukotvorine, kolica za poslu\u017eivanje, stalak za pohranu ili kolica za alat, prema va\u0161im potrebama!\" \/>\n<meta property=\"og:url\" content=\"https:\/\/inti.hr\/bs\/proizvod\/3-metalne-resetkaste-police\/\" \/>\n<meta property=\"og:site_name\" content=\"Inti\" \/>\n<meta property=\"og:image\" content=\"https:\/\/i0.wp.com\/inti.hr\/wp-content\/uploads\/2024\/09\/LRC036W01-6.jpg?fit=800%2C1000&ssl=1\" \/>\n\t<meta property=\"og:image:width\" content=\"800\" \/>\n\t<meta property=\"og:image:height\" content=\"1000\" \/>\n\t<meta property=\"og:image:type\" content=\"image\/jpeg\" \/>\n<meta name=\"twitter:card\" content=\"summary_large_image\" \/>\n<script type=\"application\/ld+json\" class=\"yoast-schema-graph\">{\"@context\":\"https:\/\/schema.org\",\"@graph\":[{\"@type\":\"WebPage\",\"@id\":\"https:\/\/inti.hr\/bs\/proizvod\/3-metalne-resetkaste-police\/\",\"url\":\"https:\/\/inti.hr\/bs\/proizvod\/3-metalne-resetkaste-police\/\",\"name\":\"3 metalne re\u0161etkaste police - Inti\",\"isPartOf\":{\"@id\":\"https:\/\/inti.hr\/bs\/#website\"},\"primaryImageOfPage\":{\"@id\":\"https:\/\/inti.hr\/bs\/proizvod\/3-metalne-resetkaste-police\/#primaryimage\"},\"image\":{\"@id\":\"https:\/\/inti.hr\/bs\/proizvod\/3-metalne-resetkaste-police\/#primaryimage\"},\"thumbnailUrl\":\"https:\/\/i0.wp.com\/inti.hr\/wp-content\/uploads\/2024\/09\/LRC036W01-6.jpg?fit=800%2C1000&ssl=1\",\"datePublished\":\"2024-09-07T14:57:45+00:00\",\"dateModified\":\"2024-09-07T14:57:45+00:00\",\"description\":\"Izra\u0111ena od visokokvalitetnog \u010delika i MDF-a, ova kolica mogu izdr\u017eati ukupno do 30 kg. Sa \u010dvrstim metalnim okvirom, ova polica \u0107e vam trajati mnogo godina i zadovoljiti va\u0161e razli\u010dite potrebe. Ova bijela kolica za poslu\u017eivanje s 2 vise\u0107e posude i 2 bo\u010dna organizatora poma\u017eu vam da male predmete dr\u017eite organiziranima i nadohvat ruke, unose\u0107i vi\u0161e reda u va\u0161 dom. Zahvaljuju\u0107i jasnim uputama, ozna\u010denim dijelovima i prilo\u017eenim alatima, mo\u017eete jednostavno sastaviti ova kolica. S 4 rotiraju\u0107a kota\u010da, od kojih 2 imaju ko\u010dnice, mo\u017ee se glatko pomicati i blokirati ako je potrebno. Ova gornja plo\u010da slu\u017ei kao poklopac i \u0161titi va\u0161e predmete ispod od pra\u0161ine i prljav\u0161tine. Mo\u017ee se koristiti i kao pladanj, idealan za manje predmete - prakti\u010dan svakodnevni pomo\u0107nik. Koristite ovu policu u razli\u010ditim sobama kao ukrasna kolica, kolica za kupaonicu, kuhinjska kolica, kolica za rukotvorine, kolica za poslu\u017eivanje, stalak za pohranu ili kolica za alat, prema va\u0161im potrebama!\",\"breadcrumb\":{\"@id\":\"https:\/\/inti.hr\/bs\/proizvod\/3-metalne-resetkaste-police\/#breadcrumb\"},\"inLanguage\":\"bs-BA\",\"potentialAction\":[{\"@type\":\"ReadAction\",\"target\":[\"https:\/\/inti.hr\/bs\/proizvod\/3-metalne-resetkaste-police\/\"]}]},{\"@type\":\"ImageObject\",\"inLanguage\":\"bs-BA\",\"@id\":\"https:\/\/inti.hr\/bs\/proizvod\/3-metalne-resetkaste-police\/#primaryimage\",\"url\":\"https:\/\/i0.wp.com\/inti.hr\/wp-content\/uploads\/2024\/09\/LRC036W01-6.jpg?fit=800%2C1000&ssl=1\",\"contentUrl\":\"https:\/\/i0.wp.com\/inti.hr\/wp-content\/uploads\/2024\/09\/LRC036W01-6.jpg?fit=800%2C1000&ssl=1\",\"width\":800,\"height\":1000,\"caption\":\"SONGMICS 3 metalne re\u0161etkaste police u bijeloj boji\"},{\"@type\":\"BreadcrumbList\",\"@id\":\"https:\/\/inti.hr\/bs\/proizvod\/3-metalne-resetkaste-police\/#breadcrumb\",\"itemListElement\":[{\"@type\":\"ListItem\",\"position\":1,\"name\":\"Po\u010detna stranica\",\"item\":\"https:\/\/inti.hr\/bs\/\"},{\"@type\":\"ListItem\",\"position\":2,\"name\":\"Trgovina\",\"item\":\"https:\/\/inti.hr\/bs\/trgovina\/\"},{\"@type\":\"ListItem\",\"position\":3,\"name\":\"3 metalne re\u0161etkaste police\"}]},{\"@type\":\"WebSite\",\"@id\":\"https:\/\/inti.hr\/bs\/#website\",\"url\":\"https:\/\/inti.hr\/bs\/\",\"name\":\"Inti\",\"description\":\"trgovina\",\"potentialAction\":[{\"@type\":\"SearchAction\",\"target\":{\"@type\":\"EntryPoint\",\"urlTemplate\":\"https:\/\/inti.hr\/bs\/?s={search_term_string}\"},\"query-input\":{\"@type\":\"PropertyValueSpecification\",\"valueRequired\":true,\"valueName\":\"search_term_string\"}}],\"inLanguage\":\"bs-BA\"}]}<\/script>\n<!-- \/ Yoast SEO plugin. -->","yoast_head_json":{"title":"3 metalne re\u0161etkaste police - Inti","description":"Izra\u0111ena od visokokvalitetnog \u010delika i MDF-a, ova kolica mogu izdr\u017eati ukupno do 30 kg. Sa \u010dvrstim metalnim okvirom, ova polica \u0107e vam trajati mnogo godina i zadovoljiti va\u0161e razli\u010dite potrebe. Ova bijela kolica za poslu\u017eivanje s 2 vise\u0107e posude i 2 bo\u010dna organizatora poma\u017eu vam da male predmete dr\u017eite organiziranima i nadohvat ruke, unose\u0107i vi\u0161e reda u va\u0161 dom. Zahvaljuju\u0107i jasnim uputama, ozna\u010denim dijelovima i prilo\u017eenim alatima, mo\u017eete jednostavno sastaviti ova kolica. S 4 rotiraju\u0107a kota\u010da, od kojih 2 imaju ko\u010dnice, mo\u017ee se glatko pomicati i blokirati ako je potrebno. Ova gornja plo\u010da slu\u017ei kao poklopac i \u0161titi va\u0161e predmete ispod od pra\u0161ine i prljav\u0161tine. Mo\u017ee se koristiti i kao pladanj, idealan za manje predmete - prakti\u010dan svakodnevni pomo\u0107nik. Koristite ovu policu u razli\u010ditim sobama kao ukrasna kolica, kolica za kupaonicu, kuhinjska kolica, kolica za rukotvorine, kolica za poslu\u017eivanje, stalak za pohranu ili kolica za alat, prema va\u0161im potrebama!","robots":{"index":"index","follow":"follow","max-snippet":"max-snippet:-1","max-image-preview":"max-image-preview:large","max-video-preview":"max-video-preview:-1"},"canonical":"https:\/\/inti.hr\/bs\/proizvod\/3-metalne-resetkaste-police\/","og_locale":"bs_BA","og_type":"article","og_title":"3 metalne re\u0161etkaste police - Inti","og_description":"Izra\u0111ena od visokokvalitetnog \u010delika i MDF-a, ova kolica mogu izdr\u017eati ukupno do 30 kg. Sa \u010dvrstim metalnim okvirom, ova polica \u0107e vam trajati mnogo godina i zadovoljiti va\u0161e razli\u010dite potrebe. Ova bijela kolica za poslu\u017eivanje s 2 vise\u0107e posude i 2 bo\u010dna organizatora poma\u017eu vam da male predmete dr\u017eite organiziranima i nadohvat ruke, unose\u0107i vi\u0161e reda u va\u0161 dom. Zahvaljuju\u0107i jasnim uputama, ozna\u010denim dijelovima i prilo\u017eenim alatima, mo\u017eete jednostavno sastaviti ova kolica. S 4 rotiraju\u0107a kota\u010da, od kojih 2 imaju ko\u010dnice, mo\u017ee se glatko pomicati i blokirati ako je potrebno. Ova gornja plo\u010da slu\u017ei kao poklopac i \u0161titi va\u0161e predmete ispod od pra\u0161ine i prljav\u0161tine. Mo\u017ee se koristiti i kao pladanj, idealan za manje predmete - prakti\u010dan svakodnevni pomo\u0107nik. Koristite ovu policu u razli\u010ditim sobama kao ukrasna kolica, kolica za kupaonicu, kuhinjska kolica, kolica za rukotvorine, kolica za poslu\u017eivanje, stalak za pohranu ili kolica za alat, prema va\u0161im potrebama!","og_url":"https:\/\/inti.hr\/bs\/proizvod\/3-metalne-resetkaste-police\/","og_site_name":"Inti","og_image":[{"width":800,"height":1000,"url":"https:\/\/i0.wp.com\/inti.hr\/wp-content\/uploads\/2024\/09\/LRC036W01-6.jpg?fit=800%2C1000&ssl=1","type":"image\/jpeg"}],"twitter_card":"summary_large_image","schema":{"@context":"https:\/\/schema.org","@graph":[{"@type":"WebPage","@id":"https:\/\/inti.hr\/bs\/proizvod\/3-metalne-resetkaste-police\/","url":"https:\/\/inti.hr\/bs\/proizvod\/3-metalne-resetkaste-police\/","name":"3 metalne re\u0161etkaste police - Inti","isPartOf":{"@id":"https:\/\/inti.hr\/bs\/#website"},"primaryImageOfPage":{"@id":"https:\/\/inti.hr\/bs\/proizvod\/3-metalne-resetkaste-police\/#primaryimage"},"image":{"@id":"https:\/\/inti.hr\/bs\/proizvod\/3-metalne-resetkaste-police\/#primaryimage"},"thumbnailUrl":"https:\/\/i0.wp.com\/inti.hr\/wp-content\/uploads\/2024\/09\/LRC036W01-6.jpg?fit=800%2C1000&ssl=1","datePublished":"2024-09-07T14:57:45+00:00","dateModified":"2024-09-07T14:57:45+00:00","description":"Izra\u0111ena od visokokvalitetnog \u010delika i MDF-a, ova kolica mogu izdr\u017eati ukupno do 30 kg. Sa \u010dvrstim metalnim okvirom, ova polica \u0107e vam trajati mnogo godina i zadovoljiti va\u0161e razli\u010dite potrebe. Ova bijela kolica za poslu\u017eivanje s 2 vise\u0107e posude i 2 bo\u010dna organizatora poma\u017eu vam da male predmete dr\u017eite organiziranima i nadohvat ruke, unose\u0107i vi\u0161e reda u va\u0161 dom. Zahvaljuju\u0107i jasnim uputama, ozna\u010denim dijelovima i prilo\u017eenim alatima, mo\u017eete jednostavno sastaviti ova kolica. S 4 rotiraju\u0107a kota\u010da, od kojih 2 imaju ko\u010dnice, mo\u017ee se glatko pomicati i blokirati ako je potrebno. Ova gornja plo\u010da slu\u017ei kao poklopac i \u0161titi va\u0161e predmete ispod od pra\u0161ine i prljav\u0161tine. Mo\u017ee se koristiti i kao pladanj, idealan za manje predmete - prakti\u010dan svakodnevni pomo\u0107nik. Koristite ovu policu u razli\u010ditim sobama kao ukrasna kolica, kolica za kupaonicu, kuhinjska kolica, kolica za rukotvorine, kolica za poslu\u017eivanje, stalak za pohranu ili kolica za alat, prema va\u0161im potrebama!","breadcrumb":{"@id":"https:\/\/inti.hr\/bs\/proizvod\/3-metalne-resetkaste-police\/#breadcrumb"},"inLanguage":"bs-BA","potentialAction":[{"@type":"ReadAction","target":["https:\/\/inti.hr\/bs\/proizvod\/3-metalne-resetkaste-police\/"]}]},{"@type":"ImageObject","inLanguage":"bs-BA","@id":"https:\/\/inti.hr\/bs\/proizvod\/3-metalne-resetkaste-police\/#primaryimage","url":"https:\/\/i0.wp.com\/inti.hr\/wp-content\/uploads\/2024\/09\/LRC036W01-6.jpg?fit=800%2C1000&ssl=1","contentUrl":"https:\/\/i0.wp.com\/inti.hr\/wp-content\/uploads\/2024\/09\/LRC036W01-6.jpg?fit=800%2C1000&ssl=1","width":800,"height":1000,"caption":"SONGMICS 3 metalne re\u0161etkaste police u bijeloj boji"},{"@type":"BreadcrumbList","@id":"https:\/\/inti.hr\/bs\/proizvod\/3-metalne-resetkaste-police\/#breadcrumb","itemListElement":[{"@type":"ListItem","position":1,"name":"Po\u010detna stranica","item":"https:\/\/inti.hr\/bs\/"},{"@type":"ListItem","position":2,"name":"Trgovina","item":"https:\/\/inti.hr\/bs\/trgovina\/"},{"@type":"ListItem","position":3,"name":"3 metalne re\u0161etkaste police"}]},{"@type":"WebSite","@id":"https:\/\/inti.hr\/bs\/#website","url":"https:\/\/inti.hr\/bs\/","name":"Inti","description":"trgovina","potentialAction":[{"@type":"SearchAction","target":{"@type":"EntryPoint","urlTemplate":"https:\/\/inti.hr\/bs\/?s={search_term_string}"},"query-input":{"@type":"PropertyValueSpecification","valueRequired":true,"valueName":"search_term_string"}}],"inLanguage":"bs-BA"}]}},"jetpack_sharing_enabled":true,"jetpack-related-posts":[],"_links":{"self":[{"href":"https:\/\/inti.hr\/bs\/wp-json\/wp\/v2\/product\/32053"}],"collection":[{"href":"https:\/\/inti.hr\/bs\/wp-json\/wp\/v2\/product"}],"about":[{"href":"https:\/\/inti.hr\/bs\/wp-json\/wp\/v2\/types\/product"}],"wp:featuredmedia":[{"embeddable":true,"href":"https:\/\/inti.hr\/bs\/wp-json\/wp\/v2\/media\/32054"}],"wp:attachment":[{"href":"https:\/\/inti.hr\/bs\/wp-json\/wp\/v2\/media?parent=32053"}],"wp:term":[{"taxonomy":"product_cat","embeddable":true,"href":"https:\/\/inti.hr\/bs\/wp-json\/wp\/v2\/product_cat?post=32053"},{"taxonomy":"product_tag","embeddable":true,"href":"https:\/\/inti.hr\/bs\/wp-json\/wp\/v2\/product_tag?post=32053"}],"curies":[{"name":"wp","href":"https:\/\/api.w.org\/{rel}","templated":true}]}}