{"id":32077,"date":"2024-09-07T15:32:53","date_gmt":"2024-09-07T14:32:53","guid":{"rendered":"https:\/\/inti.hr\/product\/tabure-za-noge-s-prostorom-za-odlaganje-tamno-siva\/"},"modified":"2024-09-07T15:32:53","modified_gmt":"2024-09-07T14:32:53","slug":"tabure-za-noge-s-prostorom-za-odlaganje-tamno-siva","status":"publish","type":"product","link":"https:\/\/inti.hr\/bs\/proizvod\/tabure-za-noge-s-prostorom-za-odlaganje-tamno-siva\/","title":{"rendered":"Tabure za noge s prostorom za odlaganje tamno siva"},"content":{"rendered":"<p>Detalji proizvoda:<br \/>\nBoja: Tamno siva<br \/>\nMaterijal: MDF (vlaknasta plo\u010da srednje gusto\u0107e), imitacija lana, 25D pjena visoke otpornosti<br \/>\nVeli\u010dina: 45 x 45 x 44,5 cm (D x \u0160 x V)<br \/>\nTe\u017eina: 6 kg<br \/>\nMaksimalna stati\u010dka nosivost: 150 kg<br \/>\nKapacitet: 22 litre<\/p>\n","protected":false},"excerpt":{"rendered":"<p>Taburet ima \u0161ik povr\u0161inu od imitacije lana s pro\u0161ivenim dizajnom i &#8230; <\/p>\n","protected":false},"featured_media":32078,"template":"","meta":[],"product_cat":[2418],"product_tag":[2419,3218],"yoast_head":"<!-- This site is optimized with the Yoast SEO plugin v23.7 - https:\/\/yoast.com\/wordpress\/plugins\/seo\/ -->\n<title>Tabure za noge s prostorom za odlaganje tamno siva - Inti<\/title>\n<meta name=\"robots\" content=\"index, follow, max-snippet:-1, max-image-preview:large, max-video-preview:-1\" \/>\n<link rel=\"canonical\" href=\"https:\/\/inti.hr\/bs\/proizvod\/tabure-za-noge-s-prostorom-za-odlaganje-tamno-siva\/\" \/>\n<meta property=\"og:locale\" content=\"bs_BA\" \/>\n<meta property=\"og:type\" content=\"article\" \/>\n<meta property=\"og:title\" content=\"Tabure za noge s prostorom za odlaganje tamno siva - Inti\" \/>\n<meta property=\"og:description\" content=\"Taburet ima \u0161ik povr\u0161inu od imitacije lana s pro\u0161ivenim dizajnom i ...\" \/>\n<meta property=\"og:url\" content=\"https:\/\/inti.hr\/bs\/proizvod\/tabure-za-noge-s-prostorom-za-odlaganje-tamno-siva\/\" \/>\n<meta property=\"og:site_name\" content=\"Inti\" \/>\n<meta property=\"og:image\" content=\"https:\/\/i0.wp.com\/inti.hr\/wp-content\/uploads\/2024\/09\/LOM011G01V1-1.jpg?fit=1000%2C1000&ssl=1\" \/>\n\t<meta property=\"og:image:width\" content=\"1000\" \/>\n\t<meta property=\"og:image:height\" content=\"1000\" \/>\n\t<meta property=\"og:image:type\" content=\"image\/jpeg\" \/>\n<meta name=\"twitter:card\" content=\"summary_large_image\" \/>\n<script type=\"application\/ld+json\" class=\"yoast-schema-graph\">{\"@context\":\"https:\/\/schema.org\",\"@graph\":[{\"@type\":\"WebPage\",\"@id\":\"https:\/\/inti.hr\/bs\/proizvod\/tabure-za-noge-s-prostorom-za-odlaganje-tamno-siva\/\",\"url\":\"https:\/\/inti.hr\/bs\/proizvod\/tabure-za-noge-s-prostorom-za-odlaganje-tamno-siva\/\",\"name\":\"Tabure za noge s prostorom za odlaganje tamno siva - Inti\",\"isPartOf\":{\"@id\":\"https:\/\/inti.hr\/bs\/#website\"},\"primaryImageOfPage\":{\"@id\":\"https:\/\/inti.hr\/bs\/proizvod\/tabure-za-noge-s-prostorom-za-odlaganje-tamno-siva\/#primaryimage\"},\"image\":{\"@id\":\"https:\/\/inti.hr\/bs\/proizvod\/tabure-za-noge-s-prostorom-za-odlaganje-tamno-siva\/#primaryimage\"},\"thumbnailUrl\":\"https:\/\/i0.wp.com\/inti.hr\/wp-content\/uploads\/2024\/09\/LOM011G01V1-1.jpg?fit=1000%2C1000&ssl=1\",\"datePublished\":\"2024-09-07T14:32:53+00:00\",\"dateModified\":\"2024-09-07T14:32:53+00:00\",\"breadcrumb\":{\"@id\":\"https:\/\/inti.hr\/bs\/proizvod\/tabure-za-noge-s-prostorom-za-odlaganje-tamno-siva\/#breadcrumb\"},\"inLanguage\":\"bs-BA\",\"potentialAction\":[{\"@type\":\"ReadAction\",\"target\":[\"https:\/\/inti.hr\/bs\/proizvod\/tabure-za-noge-s-prostorom-za-odlaganje-tamno-siva\/\"]}]},{\"@type\":\"ImageObject\",\"inLanguage\":\"bs-BA\",\"@id\":\"https:\/\/inti.hr\/bs\/proizvod\/tabure-za-noge-s-prostorom-za-odlaganje-tamno-siva\/#primaryimage\",\"url\":\"https:\/\/i0.wp.com\/inti.hr\/wp-content\/uploads\/2024\/09\/LOM011G01V1-1.jpg?fit=1000%2C1000&ssl=1\",\"contentUrl\":\"https:\/\/i0.wp.com\/inti.hr\/wp-content\/uploads\/2024\/09\/LOM011G01V1-1.jpg?fit=1000%2C1000&ssl=1\",\"width\":1000,\"height\":1000,\"caption\":\"SONGMICS tabure za noge s prostorom za odlaganje tamno siva\"},{\"@type\":\"BreadcrumbList\",\"@id\":\"https:\/\/inti.hr\/bs\/proizvod\/tabure-za-noge-s-prostorom-za-odlaganje-tamno-siva\/#breadcrumb\",\"itemListElement\":[{\"@type\":\"ListItem\",\"position\":1,\"name\":\"Po\u010detna stranica\",\"item\":\"https:\/\/inti.hr\/bs\/\"},{\"@type\":\"ListItem\",\"position\":2,\"name\":\"Trgovina\",\"item\":\"https:\/\/inti.hr\/bs\/trgovina\/\"},{\"@type\":\"ListItem\",\"position\":3,\"name\":\"Tabure za noge s prostorom za odlaganje tamno siva\"}]},{\"@type\":\"WebSite\",\"@id\":\"https:\/\/inti.hr\/bs\/#website\",\"url\":\"https:\/\/inti.hr\/bs\/\",\"name\":\"Inti\",\"description\":\"trgovina\",\"potentialAction\":[{\"@type\":\"SearchAction\",\"target\":{\"@type\":\"EntryPoint\",\"urlTemplate\":\"https:\/\/inti.hr\/bs\/?s={search_term_string}\"},\"query-input\":{\"@type\":\"PropertyValueSpecification\",\"valueRequired\":true,\"valueName\":\"search_term_string\"}}],\"inLanguage\":\"bs-BA\"}]}<\/script>\n<!-- \/ Yoast SEO plugin. -->","yoast_head_json":{"title":"Tabure za noge s prostorom za odlaganje tamno siva - Inti","robots":{"index":"index","follow":"follow","max-snippet":"max-snippet:-1","max-image-preview":"max-image-preview:large","max-video-preview":"max-video-preview:-1"},"canonical":"https:\/\/inti.hr\/bs\/proizvod\/tabure-za-noge-s-prostorom-za-odlaganje-tamno-siva\/","og_locale":"bs_BA","og_type":"article","og_title":"Tabure za noge s prostorom za odlaganje tamno siva - Inti","og_description":"Taburet ima \u0161ik povr\u0161inu od imitacije lana s pro\u0161ivenim dizajnom i ...","og_url":"https:\/\/inti.hr\/bs\/proizvod\/tabure-za-noge-s-prostorom-za-odlaganje-tamno-siva\/","og_site_name":"Inti","og_image":[{"width":1000,"height":1000,"url":"https:\/\/i0.wp.com\/inti.hr\/wp-content\/uploads\/2024\/09\/LOM011G01V1-1.jpg?fit=1000%2C1000&ssl=1","type":"image\/jpeg"}],"twitter_card":"summary_large_image","schema":{"@context":"https:\/\/schema.org","@graph":[{"@type":"WebPage","@id":"https:\/\/inti.hr\/bs\/proizvod\/tabure-za-noge-s-prostorom-za-odlaganje-tamno-siva\/","url":"https:\/\/inti.hr\/bs\/proizvod\/tabure-za-noge-s-prostorom-za-odlaganje-tamno-siva\/","name":"Tabure za noge s prostorom za odlaganje tamno siva - Inti","isPartOf":{"@id":"https:\/\/inti.hr\/bs\/#website"},"primaryImageOfPage":{"@id":"https:\/\/inti.hr\/bs\/proizvod\/tabure-za-noge-s-prostorom-za-odlaganje-tamno-siva\/#primaryimage"},"image":{"@id":"https:\/\/inti.hr\/bs\/proizvod\/tabure-za-noge-s-prostorom-za-odlaganje-tamno-siva\/#primaryimage"},"thumbnailUrl":"https:\/\/i0.wp.com\/inti.hr\/wp-content\/uploads\/2024\/09\/LOM011G01V1-1.jpg?fit=1000%2C1000&ssl=1","datePublished":"2024-09-07T14:32:53+00:00","dateModified":"2024-09-07T14:32:53+00:00","breadcrumb":{"@id":"https:\/\/inti.hr\/bs\/proizvod\/tabure-za-noge-s-prostorom-za-odlaganje-tamno-siva\/#breadcrumb"},"inLanguage":"bs-BA","potentialAction":[{"@type":"ReadAction","target":["https:\/\/inti.hr\/bs\/proizvod\/tabure-za-noge-s-prostorom-za-odlaganje-tamno-siva\/"]}]},{"@type":"ImageObject","inLanguage":"bs-BA","@id":"https:\/\/inti.hr\/bs\/proizvod\/tabure-za-noge-s-prostorom-za-odlaganje-tamno-siva\/#primaryimage","url":"https:\/\/i0.wp.com\/inti.hr\/wp-content\/uploads\/2024\/09\/LOM011G01V1-1.jpg?fit=1000%2C1000&ssl=1","contentUrl":"https:\/\/i0.wp.com\/inti.hr\/wp-content\/uploads\/2024\/09\/LOM011G01V1-1.jpg?fit=1000%2C1000&ssl=1","width":1000,"height":1000,"caption":"SONGMICS tabure za noge s prostorom za odlaganje tamno siva"},{"@type":"BreadcrumbList","@id":"https:\/\/inti.hr\/bs\/proizvod\/tabure-za-noge-s-prostorom-za-odlaganje-tamno-siva\/#breadcrumb","itemListElement":[{"@type":"ListItem","position":1,"name":"Po\u010detna stranica","item":"https:\/\/inti.hr\/bs\/"},{"@type":"ListItem","position":2,"name":"Trgovina","item":"https:\/\/inti.hr\/bs\/trgovina\/"},{"@type":"ListItem","position":3,"name":"Tabure za noge s prostorom za odlaganje tamno siva"}]},{"@type":"WebSite","@id":"https:\/\/inti.hr\/bs\/#website","url":"https:\/\/inti.hr\/bs\/","name":"Inti","description":"trgovina","potentialAction":[{"@type":"SearchAction","target":{"@type":"EntryPoint","urlTemplate":"https:\/\/inti.hr\/bs\/?s={search_term_string}"},"query-input":{"@type":"PropertyValueSpecification","valueRequired":true,"valueName":"search_term_string"}}],"inLanguage":"bs-BA"}]}},"jetpack_sharing_enabled":true,"jetpack-related-posts":[],"_links":{"self":[{"href":"https:\/\/inti.hr\/bs\/wp-json\/wp\/v2\/product\/32077"}],"collection":[{"href":"https:\/\/inti.hr\/bs\/wp-json\/wp\/v2\/product"}],"about":[{"href":"https:\/\/inti.hr\/bs\/wp-json\/wp\/v2\/types\/product"}],"wp:featuredmedia":[{"embeddable":true,"href":"https:\/\/inti.hr\/bs\/wp-json\/wp\/v2\/media\/32078"}],"wp:attachment":[{"href":"https:\/\/inti.hr\/bs\/wp-json\/wp\/v2\/media?parent=32077"}],"wp:term":[{"taxonomy":"product_cat","embeddable":true,"href":"https:\/\/inti.hr\/bs\/wp-json\/wp\/v2\/product_cat?post=32077"},{"taxonomy":"product_tag","embeddable":true,"href":"https:\/\/inti.hr\/bs\/wp-json\/wp\/v2\/product_tag?post=32077"}],"curies":[{"name":"wp","href":"https:\/\/api.w.org\/{rel}","templated":true}]}}