{"id":32081,"date":"2024-09-07T15:24:51","date_gmt":"2024-09-07T14:24:51","guid":{"rendered":"https:\/\/inti.hr\/product\/uska-konzola-sa-dvije-police\/"},"modified":"2024-09-07T15:24:51","modified_gmt":"2024-09-07T14:24:51","slug":"uska-konzola-sa-dvije-police","status":"publish","type":"product","link":"https:\/\/inti.hr\/bs\/proizvod\/uska-konzola-sa-dvije-police\/","title":{"rendered":"Uska konzola sa dvije police"},"content":{"rendered":"<p>Detalji proizvoda:<br \/>\nBoja: antracit siva-crna tinta<br \/>\nMaterijal: iverica, \u010delik<br \/>\nVeli\u010dina: 20 x 80 x 80 cm (D x \u0160 x V), \u00a020 x 100 x 80 cm (D x \u0160 x V)<br \/>\nTe\u017eina: 6,4 kg, 7,6 kg<br \/>\nMaksimalna stati\u010dka nosivost plo\u010de stola: 30 kg<br \/>\nMaksimalna stati\u010dka nosivost donje police: 20 kg<\/p>\n","protected":false},"excerpt":{"rendered":"<p>Ovaj uski stoli\u0107 na razvla\u010denje savr\u0161en je za male prostore. Njegove &#8230; <\/p>\n","protected":false},"featured_media":32082,"template":"","meta":[],"product_cat":[2570,2418],"product_tag":[2746,3220],"yoast_head":"<!-- This site is optimized with the Yoast SEO plugin v23.7 - https:\/\/yoast.com\/wordpress\/plugins\/seo\/ -->\n<title>Uska konzola sa dvije police - Inti<\/title>\n<meta name=\"description\" content=\"Ovaj uski stoli\u0107 na razvla\u010denje savr\u0161en je za male prostore. Njegove 2 prakti\u010dne police nude obilje prostora za uredno organiziranje va\u0161ih knjiga, lon\u010danica i svakodnevnih stvari. Izra\u0111en od \u010dvrste iverice i \u010deli\u010dnog okvira, ovaj stol za hodnik mo\u017ee izdr\u017eati do 30 kg na gornjoj polici i 20 kg na donjoj polici. Prilagodljive no\u017eice pru\u017eaju stabilnost i sprje\u010davaju ne\u017eeljeno njihanje. Ovaj tanki konzolni stol lako se sastavlja uz jasne upute i ozna\u010dene dijelove. Mo\u0107i \u0107ete sastaviti ovaj stoli\u0107 na razvla\u010denje u tren oka i uljep\u0161ati svoj \u017eivotni prostor. Sa svojim elegantnim crnim \u010deli\u010dnim okvirom i crno-sivim policama od iverala, ovaj konzolni stol dodaje da\u0161ak suvremene elegancije svakoj prostoriji i bez problema se uklapa u moderan dekor. Ovaj dvoslojni stoli\u0107 savr\u0161en je za va\u0161e predsoblje za pohranu klju\u010deva i \u010dasopisa, pored prozora za va\u0161e omiljene biljke ili u dnevnoj sobi kao elegantan stoli\u0107 na kau\u010du.\" \/>\n<meta name=\"robots\" content=\"index, follow, max-snippet:-1, max-image-preview:large, max-video-preview:-1\" \/>\n<link rel=\"canonical\" href=\"https:\/\/inti.hr\/bs\/proizvod\/uska-konzola-sa-dvije-police\/\" \/>\n<meta property=\"og:locale\" content=\"bs_BA\" \/>\n<meta property=\"og:type\" content=\"article\" \/>\n<meta property=\"og:title\" content=\"Uska konzola sa dvije police - Inti\" \/>\n<meta property=\"og:description\" content=\"Ovaj uski stoli\u0107 na razvla\u010denje savr\u0161en je za male prostore. Njegove 2 prakti\u010dne police nude obilje prostora za uredno organiziranje va\u0161ih knjiga, lon\u010danica i svakodnevnih stvari. Izra\u0111en od \u010dvrste iverice i \u010deli\u010dnog okvira, ovaj stol za hodnik mo\u017ee izdr\u017eati do 30 kg na gornjoj polici i 20 kg na donjoj polici. Prilagodljive no\u017eice pru\u017eaju stabilnost i sprje\u010davaju ne\u017eeljeno njihanje. Ovaj tanki konzolni stol lako se sastavlja uz jasne upute i ozna\u010dene dijelove. Mo\u0107i \u0107ete sastaviti ovaj stoli\u0107 na razvla\u010denje u tren oka i uljep\u0161ati svoj \u017eivotni prostor. Sa svojim elegantnim crnim \u010deli\u010dnim okvirom i crno-sivim policama od iverala, ovaj konzolni stol dodaje da\u0161ak suvremene elegancije svakoj prostoriji i bez problema se uklapa u moderan dekor. Ovaj dvoslojni stoli\u0107 savr\u0161en je za va\u0161e predsoblje za pohranu klju\u010deva i \u010dasopisa, pored prozora za va\u0161e omiljene biljke ili u dnevnoj sobi kao elegantan stoli\u0107 na kau\u010du.\" \/>\n<meta property=\"og:url\" content=\"https:\/\/inti.hr\/bs\/proizvod\/uska-konzola-sa-dvije-police\/\" \/>\n<meta property=\"og:site_name\" content=\"Inti\" \/>\n<meta property=\"og:image\" content=\"https:\/\/i0.wp.com\/inti.hr\/wp-content\/uploads\/2024\/09\/LNT131W59-2.jpg?fit=800%2C1000&ssl=1\" \/>\n\t<meta property=\"og:image:width\" content=\"800\" \/>\n\t<meta property=\"og:image:height\" content=\"1000\" \/>\n\t<meta property=\"og:image:type\" content=\"image\/jpeg\" \/>\n<meta name=\"twitter:card\" content=\"summary_large_image\" \/>\n<meta name=\"twitter:label1\" content=\"Est. reading time\" \/>\n\t<meta name=\"twitter:data1\" content=\"1 minuta\" \/>\n<script type=\"application\/ld+json\" class=\"yoast-schema-graph\">{\"@context\":\"https:\/\/schema.org\",\"@graph\":[{\"@type\":\"WebPage\",\"@id\":\"https:\/\/inti.hr\/bs\/proizvod\/uska-konzola-sa-dvije-police\/\",\"url\":\"https:\/\/inti.hr\/bs\/proizvod\/uska-konzola-sa-dvije-police\/\",\"name\":\"Uska konzola sa dvije police - Inti\",\"isPartOf\":{\"@id\":\"https:\/\/inti.hr\/bs\/#website\"},\"primaryImageOfPage\":{\"@id\":\"https:\/\/inti.hr\/bs\/proizvod\/uska-konzola-sa-dvije-police\/#primaryimage\"},\"image\":{\"@id\":\"https:\/\/inti.hr\/bs\/proizvod\/uska-konzola-sa-dvije-police\/#primaryimage\"},\"thumbnailUrl\":\"https:\/\/i0.wp.com\/inti.hr\/wp-content\/uploads\/2024\/09\/LNT131W59-2.jpg?fit=800%2C1000&ssl=1\",\"datePublished\":\"2024-09-07T14:24:51+00:00\",\"dateModified\":\"2024-09-07T14:24:51+00:00\",\"description\":\"Ovaj uski stoli\u0107 na razvla\u010denje savr\u0161en je za male prostore. Njegove 2 prakti\u010dne police nude obilje prostora za uredno organiziranje va\u0161ih knjiga, lon\u010danica i svakodnevnih stvari. Izra\u0111en od \u010dvrste iverice i \u010deli\u010dnog okvira, ovaj stol za hodnik mo\u017ee izdr\u017eati do 30 kg na gornjoj polici i 20 kg na donjoj polici. Prilagodljive no\u017eice pru\u017eaju stabilnost i sprje\u010davaju ne\u017eeljeno njihanje. Ovaj tanki konzolni stol lako se sastavlja uz jasne upute i ozna\u010dene dijelove. Mo\u0107i \u0107ete sastaviti ovaj stoli\u0107 na razvla\u010denje u tren oka i uljep\u0161ati svoj \u017eivotni prostor. Sa svojim elegantnim crnim \u010deli\u010dnim okvirom i crno-sivim policama od iverala, ovaj konzolni stol dodaje da\u0161ak suvremene elegancije svakoj prostoriji i bez problema se uklapa u moderan dekor. Ovaj dvoslojni stoli\u0107 savr\u0161en je za va\u0161e predsoblje za pohranu klju\u010deva i \u010dasopisa, pored prozora za va\u0161e omiljene biljke ili u dnevnoj sobi kao elegantan stoli\u0107 na kau\u010du.\",\"breadcrumb\":{\"@id\":\"https:\/\/inti.hr\/bs\/proizvod\/uska-konzola-sa-dvije-police\/#breadcrumb\"},\"inLanguage\":\"bs-BA\",\"potentialAction\":[{\"@type\":\"ReadAction\",\"target\":[\"https:\/\/inti.hr\/bs\/proizvod\/uska-konzola-sa-dvije-police\/\"]}]},{\"@type\":\"ImageObject\",\"inLanguage\":\"bs-BA\",\"@id\":\"https:\/\/inti.hr\/bs\/proizvod\/uska-konzola-sa-dvije-police\/#primaryimage\",\"url\":\"https:\/\/i0.wp.com\/inti.hr\/wp-content\/uploads\/2024\/09\/LNT131W59-2.jpg?fit=800%2C1000&ssl=1\",\"contentUrl\":\"https:\/\/i0.wp.com\/inti.hr\/wp-content\/uploads\/2024\/09\/LNT131W59-2.jpg?fit=800%2C1000&ssl=1\",\"width\":800,\"height\":1000,\"caption\":\"VASAGLE uski kau\u010d stol s 2 police antracit sivo-crna\"},{\"@type\":\"BreadcrumbList\",\"@id\":\"https:\/\/inti.hr\/bs\/proizvod\/uska-konzola-sa-dvije-police\/#breadcrumb\",\"itemListElement\":[{\"@type\":\"ListItem\",\"position\":1,\"name\":\"Po\u010detna stranica\",\"item\":\"https:\/\/inti.hr\/bs\/\"},{\"@type\":\"ListItem\",\"position\":2,\"name\":\"Trgovina\",\"item\":\"https:\/\/inti.hr\/bs\/trgovina\/\"},{\"@type\":\"ListItem\",\"position\":3,\"name\":\"Uska konzola sa dvije police\"}]},{\"@type\":\"WebSite\",\"@id\":\"https:\/\/inti.hr\/bs\/#website\",\"url\":\"https:\/\/inti.hr\/bs\/\",\"name\":\"Inti\",\"description\":\"trgovina\",\"potentialAction\":[{\"@type\":\"SearchAction\",\"target\":{\"@type\":\"EntryPoint\",\"urlTemplate\":\"https:\/\/inti.hr\/bs\/?s={search_term_string}\"},\"query-input\":{\"@type\":\"PropertyValueSpecification\",\"valueRequired\":true,\"valueName\":\"search_term_string\"}}],\"inLanguage\":\"bs-BA\"}]}<\/script>\n<!-- \/ Yoast SEO plugin. -->","yoast_head_json":{"title":"Uska konzola sa dvije police - Inti","description":"Ovaj uski stoli\u0107 na razvla\u010denje savr\u0161en je za male prostore. Njegove 2 prakti\u010dne police nude obilje prostora za uredno organiziranje va\u0161ih knjiga, lon\u010danica i svakodnevnih stvari. Izra\u0111en od \u010dvrste iverice i \u010deli\u010dnog okvira, ovaj stol za hodnik mo\u017ee izdr\u017eati do 30 kg na gornjoj polici i 20 kg na donjoj polici. Prilagodljive no\u017eice pru\u017eaju stabilnost i sprje\u010davaju ne\u017eeljeno njihanje. Ovaj tanki konzolni stol lako se sastavlja uz jasne upute i ozna\u010dene dijelove. Mo\u0107i \u0107ete sastaviti ovaj stoli\u0107 na razvla\u010denje u tren oka i uljep\u0161ati svoj \u017eivotni prostor. Sa svojim elegantnim crnim \u010deli\u010dnim okvirom i crno-sivim policama od iverala, ovaj konzolni stol dodaje da\u0161ak suvremene elegancije svakoj prostoriji i bez problema se uklapa u moderan dekor. Ovaj dvoslojni stoli\u0107 savr\u0161en je za va\u0161e predsoblje za pohranu klju\u010deva i \u010dasopisa, pored prozora za va\u0161e omiljene biljke ili u dnevnoj sobi kao elegantan stoli\u0107 na kau\u010du.","robots":{"index":"index","follow":"follow","max-snippet":"max-snippet:-1","max-image-preview":"max-image-preview:large","max-video-preview":"max-video-preview:-1"},"canonical":"https:\/\/inti.hr\/bs\/proizvod\/uska-konzola-sa-dvije-police\/","og_locale":"bs_BA","og_type":"article","og_title":"Uska konzola sa dvije police - Inti","og_description":"Ovaj uski stoli\u0107 na razvla\u010denje savr\u0161en je za male prostore. Njegove 2 prakti\u010dne police nude obilje prostora za uredno organiziranje va\u0161ih knjiga, lon\u010danica i svakodnevnih stvari. Izra\u0111en od \u010dvrste iverice i \u010deli\u010dnog okvira, ovaj stol za hodnik mo\u017ee izdr\u017eati do 30 kg na gornjoj polici i 20 kg na donjoj polici. Prilagodljive no\u017eice pru\u017eaju stabilnost i sprje\u010davaju ne\u017eeljeno njihanje. Ovaj tanki konzolni stol lako se sastavlja uz jasne upute i ozna\u010dene dijelove. Mo\u0107i \u0107ete sastaviti ovaj stoli\u0107 na razvla\u010denje u tren oka i uljep\u0161ati svoj \u017eivotni prostor. Sa svojim elegantnim crnim \u010deli\u010dnim okvirom i crno-sivim policama od iverala, ovaj konzolni stol dodaje da\u0161ak suvremene elegancije svakoj prostoriji i bez problema se uklapa u moderan dekor. Ovaj dvoslojni stoli\u0107 savr\u0161en je za va\u0161e predsoblje za pohranu klju\u010deva i \u010dasopisa, pored prozora za va\u0161e omiljene biljke ili u dnevnoj sobi kao elegantan stoli\u0107 na kau\u010du.","og_url":"https:\/\/inti.hr\/bs\/proizvod\/uska-konzola-sa-dvije-police\/","og_site_name":"Inti","og_image":[{"width":800,"height":1000,"url":"https:\/\/i0.wp.com\/inti.hr\/wp-content\/uploads\/2024\/09\/LNT131W59-2.jpg?fit=800%2C1000&ssl=1","type":"image\/jpeg"}],"twitter_card":"summary_large_image","twitter_misc":{"Est. reading time":"1 minuta"},"schema":{"@context":"https:\/\/schema.org","@graph":[{"@type":"WebPage","@id":"https:\/\/inti.hr\/bs\/proizvod\/uska-konzola-sa-dvije-police\/","url":"https:\/\/inti.hr\/bs\/proizvod\/uska-konzola-sa-dvije-police\/","name":"Uska konzola sa dvije police - Inti","isPartOf":{"@id":"https:\/\/inti.hr\/bs\/#website"},"primaryImageOfPage":{"@id":"https:\/\/inti.hr\/bs\/proizvod\/uska-konzola-sa-dvije-police\/#primaryimage"},"image":{"@id":"https:\/\/inti.hr\/bs\/proizvod\/uska-konzola-sa-dvije-police\/#primaryimage"},"thumbnailUrl":"https:\/\/i0.wp.com\/inti.hr\/wp-content\/uploads\/2024\/09\/LNT131W59-2.jpg?fit=800%2C1000&ssl=1","datePublished":"2024-09-07T14:24:51+00:00","dateModified":"2024-09-07T14:24:51+00:00","description":"Ovaj uski stoli\u0107 na razvla\u010denje savr\u0161en je za male prostore. Njegove 2 prakti\u010dne police nude obilje prostora za uredno organiziranje va\u0161ih knjiga, lon\u010danica i svakodnevnih stvari. Izra\u0111en od \u010dvrste iverice i \u010deli\u010dnog okvira, ovaj stol za hodnik mo\u017ee izdr\u017eati do 30 kg na gornjoj polici i 20 kg na donjoj polici. Prilagodljive no\u017eice pru\u017eaju stabilnost i sprje\u010davaju ne\u017eeljeno njihanje. Ovaj tanki konzolni stol lako se sastavlja uz jasne upute i ozna\u010dene dijelove. Mo\u0107i \u0107ete sastaviti ovaj stoli\u0107 na razvla\u010denje u tren oka i uljep\u0161ati svoj \u017eivotni prostor. Sa svojim elegantnim crnim \u010deli\u010dnim okvirom i crno-sivim policama od iverala, ovaj konzolni stol dodaje da\u0161ak suvremene elegancije svakoj prostoriji i bez problema se uklapa u moderan dekor. Ovaj dvoslojni stoli\u0107 savr\u0161en je za va\u0161e predsoblje za pohranu klju\u010deva i \u010dasopisa, pored prozora za va\u0161e omiljene biljke ili u dnevnoj sobi kao elegantan stoli\u0107 na kau\u010du.","breadcrumb":{"@id":"https:\/\/inti.hr\/bs\/proizvod\/uska-konzola-sa-dvije-police\/#breadcrumb"},"inLanguage":"bs-BA","potentialAction":[{"@type":"ReadAction","target":["https:\/\/inti.hr\/bs\/proizvod\/uska-konzola-sa-dvije-police\/"]}]},{"@type":"ImageObject","inLanguage":"bs-BA","@id":"https:\/\/inti.hr\/bs\/proizvod\/uska-konzola-sa-dvije-police\/#primaryimage","url":"https:\/\/i0.wp.com\/inti.hr\/wp-content\/uploads\/2024\/09\/LNT131W59-2.jpg?fit=800%2C1000&ssl=1","contentUrl":"https:\/\/i0.wp.com\/inti.hr\/wp-content\/uploads\/2024\/09\/LNT131W59-2.jpg?fit=800%2C1000&ssl=1","width":800,"height":1000,"caption":"VASAGLE uski kau\u010d stol s 2 police antracit sivo-crna"},{"@type":"BreadcrumbList","@id":"https:\/\/inti.hr\/bs\/proizvod\/uska-konzola-sa-dvije-police\/#breadcrumb","itemListElement":[{"@type":"ListItem","position":1,"name":"Po\u010detna stranica","item":"https:\/\/inti.hr\/bs\/"},{"@type":"ListItem","position":2,"name":"Trgovina","item":"https:\/\/inti.hr\/bs\/trgovina\/"},{"@type":"ListItem","position":3,"name":"Uska konzola sa dvije police"}]},{"@type":"WebSite","@id":"https:\/\/inti.hr\/bs\/#website","url":"https:\/\/inti.hr\/bs\/","name":"Inti","description":"trgovina","potentialAction":[{"@type":"SearchAction","target":{"@type":"EntryPoint","urlTemplate":"https:\/\/inti.hr\/bs\/?s={search_term_string}"},"query-input":{"@type":"PropertyValueSpecification","valueRequired":true,"valueName":"search_term_string"}}],"inLanguage":"bs-BA"}]}},"jetpack_sharing_enabled":true,"jetpack-related-posts":[],"_links":{"self":[{"href":"https:\/\/inti.hr\/bs\/wp-json\/wp\/v2\/product\/32081"}],"collection":[{"href":"https:\/\/inti.hr\/bs\/wp-json\/wp\/v2\/product"}],"about":[{"href":"https:\/\/inti.hr\/bs\/wp-json\/wp\/v2\/types\/product"}],"wp:featuredmedia":[{"embeddable":true,"href":"https:\/\/inti.hr\/bs\/wp-json\/wp\/v2\/media\/32082"}],"wp:attachment":[{"href":"https:\/\/inti.hr\/bs\/wp-json\/wp\/v2\/media?parent=32081"}],"wp:term":[{"taxonomy":"product_cat","embeddable":true,"href":"https:\/\/inti.hr\/bs\/wp-json\/wp\/v2\/product_cat?post=32081"},{"taxonomy":"product_tag","embeddable":true,"href":"https:\/\/inti.hr\/bs\/wp-json\/wp\/v2\/product_tag?post=32081"}],"curies":[{"name":"wp","href":"https:\/\/api.w.org\/{rel}","templated":true}]}}