{"id":32137,"date":"2024-08-09T16:22:23","date_gmt":"2024-08-09T15:22:23","guid":{"rendered":"https:\/\/inti.hr\/product\/barska-stolica-set-od-2-okretna-ekho\/"},"modified":"2024-08-09T16:22:23","modified_gmt":"2024-08-09T15:22:23","slug":"barska-stolica-set-od-2-okretna-ekho","status":"publish","type":"product","link":"https:\/\/inti.hr\/bs\/proizvod\/barska-stolica-set-od-2-okretna-ekho\/","title":{"rendered":"Barska stolica set od 2 okretna EKHO"},"content":{"rendered":"<p>Detalji proizvoda:<br \/>\nBoja: crna tinta<br \/>\nMaterijal: \u010delik, visoko elasti\u010dna 28D pjena, PU sinteti\u010dka ko\u017ea (poliuretan), \u0161perplo\u010da<br \/>\nVeli\u010dina po stolcu: 42 x 49 x (94-115) cm (D x \u0160 x V\uff09<br \/>\nTe\u017eina: 16,8 kg<br \/>\nMaksimalna stati\u010dka nosivost po stolici: 120 kg<\/p>\n","protected":false},"excerpt":{"rendered":"<p>Ovaj barski stolac iz kolekcije VASAGLE EKHO ima bogatu teksturu umjetne &#8230; <\/p>\n","protected":false},"featured_media":32139,"template":"","meta":[],"product_cat":[2570],"product_tag":[2918,2571],"yoast_head":"<!-- This site is optimized with the Yoast SEO plugin v23.7 - https:\/\/yoast.com\/wordpress\/plugins\/seo\/ -->\n<title>Barska stolica set od 2 okretna EKHO - Inti<\/title>\n<meta name=\"description\" content=\"Ovaj barski stolac iz kolekcije VASAGLE EKHO ima bogatu teksturu umjetne ko\u017ee i fine \u0161avove koji demonstriraju vje\u0161tinu izrade, stvaraju\u0107i dom koji mnogo govori o va\u0161em stilu. Ovdje se ni\u0161ta ne koleba! Na\u0161 barski stolac s naslonom ima \u010deli\u010dni okvir oblo\u017een crnim prahom (45 cm d), koji osigurava stabilnost kao kamen \u010dak i pri kori\u0161tenju funkcije zakretanja. Zahvaljuju\u0107i glatkoj presvlaci od umjetne ko\u017ee, ovaj set barskih stolica lako se \u010disti. Osim toga, okvir stolca premazan prahom otporan je na hr\u0111u i prljav\u0161tinu, pa dulje zadr\u017eava njihov netaknut izgled. Okretna barska stolica opremljena je visoko elasti\u010dnom pjenom i \u0161irokim osloncem za noge. Zajedno s ergonomskim naslonom za le\u0111a i podstavom pru\u017ea izvrsnu potporu i u\u010dinkovito ubla\u017eava umor. Udobno u rasponu visine od 62 do 84 cm i funkcijom rotacije od 360\u00b0. Zahvaljuju\u0107i ovoj fleksibilnosti i modernom dizajnu, mo\u017eete ga koristiti u ku\u0107nim barovima, kuhinjama, dnevnim sobama, pa \u010dak i ku\u0107nim uredima.\u00a0\" \/>\n<meta name=\"robots\" content=\"index, follow, max-snippet:-1, max-image-preview:large, max-video-preview:-1\" \/>\n<link rel=\"canonical\" href=\"https:\/\/inti.hr\/bs\/proizvod\/barska-stolica-set-od-2-okretna-ekho\/\" \/>\n<meta property=\"og:locale\" content=\"bs_BA\" \/>\n<meta property=\"og:type\" content=\"article\" \/>\n<meta property=\"og:title\" content=\"Barska stolica set od 2 okretna EKHO - Inti\" \/>\n<meta property=\"og:description\" content=\"Ovaj barski stolac iz kolekcije VASAGLE EKHO ima bogatu teksturu umjetne ko\u017ee i fine \u0161avove koji demonstriraju vje\u0161tinu izrade, stvaraju\u0107i dom koji mnogo govori o va\u0161em stilu. Ovdje se ni\u0161ta ne koleba! Na\u0161 barski stolac s naslonom ima \u010deli\u010dni okvir oblo\u017een crnim prahom (45 cm d), koji osigurava stabilnost kao kamen \u010dak i pri kori\u0161tenju funkcije zakretanja. Zahvaljuju\u0107i glatkoj presvlaci od umjetne ko\u017ee, ovaj set barskih stolica lako se \u010disti. Osim toga, okvir stolca premazan prahom otporan je na hr\u0111u i prljav\u0161tinu, pa dulje zadr\u017eava njihov netaknut izgled. Okretna barska stolica opremljena je visoko elasti\u010dnom pjenom i \u0161irokim osloncem za noge. Zajedno s ergonomskim naslonom za le\u0111a i podstavom pru\u017ea izvrsnu potporu i u\u010dinkovito ubla\u017eava umor. Udobno u rasponu visine od 62 do 84 cm i funkcijom rotacije od 360\u00b0. Zahvaljuju\u0107i ovoj fleksibilnosti i modernom dizajnu, mo\u017eete ga koristiti u ku\u0107nim barovima, kuhinjama, dnevnim sobama, pa \u010dak i ku\u0107nim uredima.\u00a0\" \/>\n<meta property=\"og:url\" content=\"https:\/\/inti.hr\/bs\/proizvod\/barska-stolica-set-od-2-okretna-ekho\/\" \/>\n<meta property=\"og:site_name\" content=\"Inti\" \/>\n<meta property=\"og:image\" content=\"https:\/\/i0.wp.com\/inti.hr\/wp-content\/uploads\/2024\/08\/LJB097K01-1.jpg?fit=1000%2C1000&ssl=1\" \/>\n\t<meta property=\"og:image:width\" content=\"1000\" \/>\n\t<meta property=\"og:image:height\" content=\"1000\" \/>\n\t<meta property=\"og:image:type\" content=\"image\/jpeg\" \/>\n<meta name=\"twitter:card\" content=\"summary_large_image\" \/>\n<script type=\"application\/ld+json\" class=\"yoast-schema-graph\">{\"@context\":\"https:\/\/schema.org\",\"@graph\":[{\"@type\":\"WebPage\",\"@id\":\"https:\/\/inti.hr\/bs\/proizvod\/barska-stolica-set-od-2-okretna-ekho\/\",\"url\":\"https:\/\/inti.hr\/bs\/proizvod\/barska-stolica-set-od-2-okretna-ekho\/\",\"name\":\"Barska stolica set od 2 okretna EKHO - Inti\",\"isPartOf\":{\"@id\":\"https:\/\/inti.hr\/bs\/#website\"},\"primaryImageOfPage\":{\"@id\":\"https:\/\/inti.hr\/bs\/proizvod\/barska-stolica-set-od-2-okretna-ekho\/#primaryimage\"},\"image\":{\"@id\":\"https:\/\/inti.hr\/bs\/proizvod\/barska-stolica-set-od-2-okretna-ekho\/#primaryimage\"},\"thumbnailUrl\":\"https:\/\/i0.wp.com\/inti.hr\/wp-content\/uploads\/2024\/08\/LJB097K01-1.jpg?fit=1000%2C1000&ssl=1\",\"datePublished\":\"2024-08-09T15:22:23+00:00\",\"dateModified\":\"2024-08-09T15:22:23+00:00\",\"description\":\"Ovaj barski stolac iz kolekcije VASAGLE EKHO ima bogatu teksturu umjetne ko\u017ee i fine \u0161avove koji demonstriraju vje\u0161tinu izrade, stvaraju\u0107i dom koji mnogo govori o va\u0161em stilu. Ovdje se ni\u0161ta ne koleba! Na\u0161 barski stolac s naslonom ima \u010deli\u010dni okvir oblo\u017een crnim prahom (45 cm d), koji osigurava stabilnost kao kamen \u010dak i pri kori\u0161tenju funkcije zakretanja. Zahvaljuju\u0107i glatkoj presvlaci od umjetne ko\u017ee, ovaj set barskih stolica lako se \u010disti. Osim toga, okvir stolca premazan prahom otporan je na hr\u0111u i prljav\u0161tinu, pa dulje zadr\u017eava njihov netaknut izgled. Okretna barska stolica opremljena je visoko elasti\u010dnom pjenom i \u0161irokim osloncem za noge. Zajedno s ergonomskim naslonom za le\u0111a i podstavom pru\u017ea izvrsnu potporu i u\u010dinkovito ubla\u017eava umor. Udobno u rasponu visine od 62 do 84 cm i funkcijom rotacije od 360\u00b0. Zahvaljuju\u0107i ovoj fleksibilnosti i modernom dizajnu, mo\u017eete ga koristiti u ku\u0107nim barovima, kuhinjama, dnevnim sobama, pa \u010dak i ku\u0107nim uredima.\u00a0\",\"breadcrumb\":{\"@id\":\"https:\/\/inti.hr\/bs\/proizvod\/barska-stolica-set-od-2-okretna-ekho\/#breadcrumb\"},\"inLanguage\":\"bs-BA\",\"potentialAction\":[{\"@type\":\"ReadAction\",\"target\":[\"https:\/\/inti.hr\/bs\/proizvod\/barska-stolica-set-od-2-okretna-ekho\/\"]}]},{\"@type\":\"ImageObject\",\"inLanguage\":\"bs-BA\",\"@id\":\"https:\/\/inti.hr\/bs\/proizvod\/barska-stolica-set-od-2-okretna-ekho\/#primaryimage\",\"url\":\"https:\/\/i0.wp.com\/inti.hr\/wp-content\/uploads\/2024\/08\/LJB097K01-1.jpg?fit=1000%2C1000&ssl=1\",\"contentUrl\":\"https:\/\/i0.wp.com\/inti.hr\/wp-content\/uploads\/2024\/08\/LJB097K01-1.jpg?fit=1000%2C1000&ssl=1\",\"width\":1000,\"height\":1000,\"caption\":\"barska stolica set od 2 okretna s naslonom crna boja\"},{\"@type\":\"BreadcrumbList\",\"@id\":\"https:\/\/inti.hr\/bs\/proizvod\/barska-stolica-set-od-2-okretna-ekho\/#breadcrumb\",\"itemListElement\":[{\"@type\":\"ListItem\",\"position\":1,\"name\":\"Po\u010detna stranica\",\"item\":\"https:\/\/inti.hr\/bs\/\"},{\"@type\":\"ListItem\",\"position\":2,\"name\":\"Trgovina\",\"item\":\"https:\/\/inti.hr\/bs\/trgovina\/\"},{\"@type\":\"ListItem\",\"position\":3,\"name\":\"Barska stolica set od 2 okretna EKHO\"}]},{\"@type\":\"WebSite\",\"@id\":\"https:\/\/inti.hr\/bs\/#website\",\"url\":\"https:\/\/inti.hr\/bs\/\",\"name\":\"Inti\",\"description\":\"trgovina\",\"potentialAction\":[{\"@type\":\"SearchAction\",\"target\":{\"@type\":\"EntryPoint\",\"urlTemplate\":\"https:\/\/inti.hr\/bs\/?s={search_term_string}\"},\"query-input\":{\"@type\":\"PropertyValueSpecification\",\"valueRequired\":true,\"valueName\":\"search_term_string\"}}],\"inLanguage\":\"bs-BA\"}]}<\/script>\n<!-- \/ Yoast SEO plugin. -->","yoast_head_json":{"title":"Barska stolica set od 2 okretna EKHO - Inti","description":"Ovaj barski stolac iz kolekcije VASAGLE EKHO ima bogatu teksturu umjetne ko\u017ee i fine \u0161avove koji demonstriraju vje\u0161tinu izrade, stvaraju\u0107i dom koji mnogo govori o va\u0161em stilu. Ovdje se ni\u0161ta ne koleba! Na\u0161 barski stolac s naslonom ima \u010deli\u010dni okvir oblo\u017een crnim prahom (45 cm d), koji osigurava stabilnost kao kamen \u010dak i pri kori\u0161tenju funkcije zakretanja. Zahvaljuju\u0107i glatkoj presvlaci od umjetne ko\u017ee, ovaj set barskih stolica lako se \u010disti. Osim toga, okvir stolca premazan prahom otporan je na hr\u0111u i prljav\u0161tinu, pa dulje zadr\u017eava njihov netaknut izgled. Okretna barska stolica opremljena je visoko elasti\u010dnom pjenom i \u0161irokim osloncem za noge. Zajedno s ergonomskim naslonom za le\u0111a i podstavom pru\u017ea izvrsnu potporu i u\u010dinkovito ubla\u017eava umor. Udobno u rasponu visine od 62 do 84 cm i funkcijom rotacije od 360\u00b0. Zahvaljuju\u0107i ovoj fleksibilnosti i modernom dizajnu, mo\u017eete ga koristiti u ku\u0107nim barovima, kuhinjama, dnevnim sobama, pa \u010dak i ku\u0107nim uredima.\u00a0","robots":{"index":"index","follow":"follow","max-snippet":"max-snippet:-1","max-image-preview":"max-image-preview:large","max-video-preview":"max-video-preview:-1"},"canonical":"https:\/\/inti.hr\/bs\/proizvod\/barska-stolica-set-od-2-okretna-ekho\/","og_locale":"bs_BA","og_type":"article","og_title":"Barska stolica set od 2 okretna EKHO - Inti","og_description":"Ovaj barski stolac iz kolekcije VASAGLE EKHO ima bogatu teksturu umjetne ko\u017ee i fine \u0161avove koji demonstriraju vje\u0161tinu izrade, stvaraju\u0107i dom koji mnogo govori o va\u0161em stilu. Ovdje se ni\u0161ta ne koleba! Na\u0161 barski stolac s naslonom ima \u010deli\u010dni okvir oblo\u017een crnim prahom (45 cm d), koji osigurava stabilnost kao kamen \u010dak i pri kori\u0161tenju funkcije zakretanja. Zahvaljuju\u0107i glatkoj presvlaci od umjetne ko\u017ee, ovaj set barskih stolica lako se \u010disti. Osim toga, okvir stolca premazan prahom otporan je na hr\u0111u i prljav\u0161tinu, pa dulje zadr\u017eava njihov netaknut izgled. Okretna barska stolica opremljena je visoko elasti\u010dnom pjenom i \u0161irokim osloncem za noge. Zajedno s ergonomskim naslonom za le\u0111a i podstavom pru\u017ea izvrsnu potporu i u\u010dinkovito ubla\u017eava umor. Udobno u rasponu visine od 62 do 84 cm i funkcijom rotacije od 360\u00b0. Zahvaljuju\u0107i ovoj fleksibilnosti i modernom dizajnu, mo\u017eete ga koristiti u ku\u0107nim barovima, kuhinjama, dnevnim sobama, pa \u010dak i ku\u0107nim uredima.\u00a0","og_url":"https:\/\/inti.hr\/bs\/proizvod\/barska-stolica-set-od-2-okretna-ekho\/","og_site_name":"Inti","og_image":[{"width":1000,"height":1000,"url":"https:\/\/i0.wp.com\/inti.hr\/wp-content\/uploads\/2024\/08\/LJB097K01-1.jpg?fit=1000%2C1000&ssl=1","type":"image\/jpeg"}],"twitter_card":"summary_large_image","schema":{"@context":"https:\/\/schema.org","@graph":[{"@type":"WebPage","@id":"https:\/\/inti.hr\/bs\/proizvod\/barska-stolica-set-od-2-okretna-ekho\/","url":"https:\/\/inti.hr\/bs\/proizvod\/barska-stolica-set-od-2-okretna-ekho\/","name":"Barska stolica set od 2 okretna EKHO - Inti","isPartOf":{"@id":"https:\/\/inti.hr\/bs\/#website"},"primaryImageOfPage":{"@id":"https:\/\/inti.hr\/bs\/proizvod\/barska-stolica-set-od-2-okretna-ekho\/#primaryimage"},"image":{"@id":"https:\/\/inti.hr\/bs\/proizvod\/barska-stolica-set-od-2-okretna-ekho\/#primaryimage"},"thumbnailUrl":"https:\/\/i0.wp.com\/inti.hr\/wp-content\/uploads\/2024\/08\/LJB097K01-1.jpg?fit=1000%2C1000&ssl=1","datePublished":"2024-08-09T15:22:23+00:00","dateModified":"2024-08-09T15:22:23+00:00","description":"Ovaj barski stolac iz kolekcije VASAGLE EKHO ima bogatu teksturu umjetne ko\u017ee i fine \u0161avove koji demonstriraju vje\u0161tinu izrade, stvaraju\u0107i dom koji mnogo govori o va\u0161em stilu. Ovdje se ni\u0161ta ne koleba! Na\u0161 barski stolac s naslonom ima \u010deli\u010dni okvir oblo\u017een crnim prahom (45 cm d), koji osigurava stabilnost kao kamen \u010dak i pri kori\u0161tenju funkcije zakretanja. Zahvaljuju\u0107i glatkoj presvlaci od umjetne ko\u017ee, ovaj set barskih stolica lako se \u010disti. Osim toga, okvir stolca premazan prahom otporan je na hr\u0111u i prljav\u0161tinu, pa dulje zadr\u017eava njihov netaknut izgled. Okretna barska stolica opremljena je visoko elasti\u010dnom pjenom i \u0161irokim osloncem za noge. Zajedno s ergonomskim naslonom za le\u0111a i podstavom pru\u017ea izvrsnu potporu i u\u010dinkovito ubla\u017eava umor. Udobno u rasponu visine od 62 do 84 cm i funkcijom rotacije od 360\u00b0. Zahvaljuju\u0107i ovoj fleksibilnosti i modernom dizajnu, mo\u017eete ga koristiti u ku\u0107nim barovima, kuhinjama, dnevnim sobama, pa \u010dak i ku\u0107nim uredima.\u00a0","breadcrumb":{"@id":"https:\/\/inti.hr\/bs\/proizvod\/barska-stolica-set-od-2-okretna-ekho\/#breadcrumb"},"inLanguage":"bs-BA","potentialAction":[{"@type":"ReadAction","target":["https:\/\/inti.hr\/bs\/proizvod\/barska-stolica-set-od-2-okretna-ekho\/"]}]},{"@type":"ImageObject","inLanguage":"bs-BA","@id":"https:\/\/inti.hr\/bs\/proizvod\/barska-stolica-set-od-2-okretna-ekho\/#primaryimage","url":"https:\/\/i0.wp.com\/inti.hr\/wp-content\/uploads\/2024\/08\/LJB097K01-1.jpg?fit=1000%2C1000&ssl=1","contentUrl":"https:\/\/i0.wp.com\/inti.hr\/wp-content\/uploads\/2024\/08\/LJB097K01-1.jpg?fit=1000%2C1000&ssl=1","width":1000,"height":1000,"caption":"barska stolica set od 2 okretna s naslonom crna boja"},{"@type":"BreadcrumbList","@id":"https:\/\/inti.hr\/bs\/proizvod\/barska-stolica-set-od-2-okretna-ekho\/#breadcrumb","itemListElement":[{"@type":"ListItem","position":1,"name":"Po\u010detna stranica","item":"https:\/\/inti.hr\/bs\/"},{"@type":"ListItem","position":2,"name":"Trgovina","item":"https:\/\/inti.hr\/bs\/trgovina\/"},{"@type":"ListItem","position":3,"name":"Barska stolica set od 2 okretna EKHO"}]},{"@type":"WebSite","@id":"https:\/\/inti.hr\/bs\/#website","url":"https:\/\/inti.hr\/bs\/","name":"Inti","description":"trgovina","potentialAction":[{"@type":"SearchAction","target":{"@type":"EntryPoint","urlTemplate":"https:\/\/inti.hr\/bs\/?s={search_term_string}"},"query-input":{"@type":"PropertyValueSpecification","valueRequired":true,"valueName":"search_term_string"}}],"inLanguage":"bs-BA"}]}},"jetpack_sharing_enabled":true,"jetpack-related-posts":[],"_links":{"self":[{"href":"https:\/\/inti.hr\/bs\/wp-json\/wp\/v2\/product\/32137"}],"collection":[{"href":"https:\/\/inti.hr\/bs\/wp-json\/wp\/v2\/product"}],"about":[{"href":"https:\/\/inti.hr\/bs\/wp-json\/wp\/v2\/types\/product"}],"wp:featuredmedia":[{"embeddable":true,"href":"https:\/\/inti.hr\/bs\/wp-json\/wp\/v2\/media\/32139"}],"wp:attachment":[{"href":"https:\/\/inti.hr\/bs\/wp-json\/wp\/v2\/media?parent=32137"}],"wp:term":[{"taxonomy":"product_cat","embeddable":true,"href":"https:\/\/inti.hr\/bs\/wp-json\/wp\/v2\/product_cat?post=32137"},{"taxonomy":"product_tag","embeddable":true,"href":"https:\/\/inti.hr\/bs\/wp-json\/wp\/v2\/product_tag?post=32137"}],"curies":[{"name":"wp","href":"https:\/\/api.w.org\/{rel}","templated":true}]}}