{"id":32147,"date":"2024-08-09T16:01:52","date_gmt":"2024-08-09T15:01:52","guid":{"rendered":"https:\/\/inti.hr\/product\/stalak-za-odjecu-s-2-ladice-crna\/"},"modified":"2024-08-09T16:01:52","modified_gmt":"2024-08-09T15:01:52","slug":"stalak-za-odjecu-s-2-ladice-crna","status":"publish","type":"product","link":"https:\/\/inti.hr\/bs\/proizvod\/stalak-za-odjecu-s-2-ladice-crna\/","title":{"rendered":"Stalak za odje\u0107u s 2 ladice crna"},"content":{"rendered":"<p>Detalji proizvoda:<br \/>\nBoja: crna tinta<br \/>\nMaterijal: \u010delik<br \/>\nVeli\u010dina: 40 x 90 x 180 cm (D x \u0160 x V)<br \/>\nTe\u017eina: 7,5 kg<br \/>\nMaksimalna stati\u010dka nosivost \u0161ipke za odje\u0107u: 25 kg<br \/>\nMaksimalna stati\u010dka nosivost gornje police: 15 kg<br \/>\nMaksimalna stati\u010dka nosivost police ispod: 25 kg<br \/>\nMaksimalna stati\u010dka nosivost po ladici: 8,5 kg<br \/>\nMaksimalna stati\u010dka nosivost po kuki: 1 kg<br \/>\nMaksimalna stati\u010dka nosivost: 90 kg<\/p>\n","protected":false},"excerpt":{"rendered":"<p>S 1 \u0161ipkom za odje\u0107u, 2 police, 2 velike ladice i &#8230; <\/p>\n","protected":false},"featured_media":32148,"template":"","meta":[],"product_cat":[2414],"product_tag":[2673,3238,2735],"yoast_head":"<!-- This site is optimized with the Yoast SEO plugin v23.7 - https:\/\/yoast.com\/wordpress\/plugins\/seo\/ -->\n<title>Stalak za odje\u0107u s 2 ladice crna - Inti<\/title>\n<meta name=\"description\" content=\"S 1 \u0161ipkom za odje\u0107u, 2 police, 2 velike ladice i 8 kuka, ovaj kompaktni ormar nudi mnogo prostora za pohranu va\u0161e odje\u0107e i dodataka. Iskoristite svoj prostor maksimalno! Police i \u0161ipka mogu se podesiti gore ili dolje u koracima od 2,5 cm kako bi zadovoljili va\u0161e razli\u010dite potrebe za skladi\u0161tenjem. Zbog svoje kromirane povr\u0161ine stalak za odje\u0107u je otporan na vodu i hr\u0111u. Lako ga je odr\u017eavati \u010distim i sjajnim kao novim! Izra\u0111en od oja\u010danog \u010delika, prijenosni stalak za odje\u0107u je izdr\u017eljiv. Uz podesive no\u017eice, stoji stabilno \u010dak i na blago neravnim podovima. Uklju\u010dena za\u0161tita vrha pru\u017ea dodatnu sigurnost. Bez vijaka, bez alata, bez gnjava\u017ee! Zahvaljuju\u0107i pametnom dizajnu s kop\u010dama, ozna\u010denim dijelovima i jasnim uputama, stalak za kapute mo\u017eete postaviti u tren oka!\" \/>\n<meta name=\"robots\" content=\"index, follow, max-snippet:-1, max-image-preview:large, max-video-preview:-1\" \/>\n<link rel=\"canonical\" href=\"https:\/\/inti.hr\/bs\/proizvod\/stalak-za-odjecu-s-2-ladice-crna\/\" \/>\n<meta property=\"og:locale\" content=\"bs_BA\" \/>\n<meta property=\"og:type\" content=\"article\" \/>\n<meta property=\"og:title\" content=\"Stalak za odje\u0107u s 2 ladice crna - Inti\" \/>\n<meta property=\"og:description\" content=\"S 1 \u0161ipkom za odje\u0107u, 2 police, 2 velike ladice i 8 kuka, ovaj kompaktni ormar nudi mnogo prostora za pohranu va\u0161e odje\u0107e i dodataka. Iskoristite svoj prostor maksimalno! Police i \u0161ipka mogu se podesiti gore ili dolje u koracima od 2,5 cm kako bi zadovoljili va\u0161e razli\u010dite potrebe za skladi\u0161tenjem. Zbog svoje kromirane povr\u0161ine stalak za odje\u0107u je otporan na vodu i hr\u0111u. Lako ga je odr\u017eavati \u010distim i sjajnim kao novim! Izra\u0111en od oja\u010danog \u010delika, prijenosni stalak za odje\u0107u je izdr\u017eljiv. Uz podesive no\u017eice, stoji stabilno \u010dak i na blago neravnim podovima. Uklju\u010dena za\u0161tita vrha pru\u017ea dodatnu sigurnost. Bez vijaka, bez alata, bez gnjava\u017ee! Zahvaljuju\u0107i pametnom dizajnu s kop\u010dama, ozna\u010denim dijelovima i jasnim uputama, stalak za kapute mo\u017eete postaviti u tren oka!\" \/>\n<meta property=\"og:url\" content=\"https:\/\/inti.hr\/bs\/proizvod\/stalak-za-odjecu-s-2-ladice-crna\/\" \/>\n<meta property=\"og:site_name\" content=\"Inti\" \/>\n<meta property=\"og:image\" content=\"https:\/\/i0.wp.com\/inti.hr\/wp-content\/uploads\/2024\/08\/LGR411B02-2.jpg?fit=800%2C1000&ssl=1\" \/>\n\t<meta property=\"og:image:width\" content=\"800\" \/>\n\t<meta property=\"og:image:height\" content=\"1000\" \/>\n\t<meta property=\"og:image:type\" content=\"image\/jpeg\" \/>\n<meta name=\"twitter:card\" content=\"summary_large_image\" \/>\n<script type=\"application\/ld+json\" class=\"yoast-schema-graph\">{\"@context\":\"https:\/\/schema.org\",\"@graph\":[{\"@type\":\"WebPage\",\"@id\":\"https:\/\/inti.hr\/bs\/proizvod\/stalak-za-odjecu-s-2-ladice-crna\/\",\"url\":\"https:\/\/inti.hr\/bs\/proizvod\/stalak-za-odjecu-s-2-ladice-crna\/\",\"name\":\"Stalak za odje\u0107u s 2 ladice crna - Inti\",\"isPartOf\":{\"@id\":\"https:\/\/inti.hr\/bs\/#website\"},\"primaryImageOfPage\":{\"@id\":\"https:\/\/inti.hr\/bs\/proizvod\/stalak-za-odjecu-s-2-ladice-crna\/#primaryimage\"},\"image\":{\"@id\":\"https:\/\/inti.hr\/bs\/proizvod\/stalak-za-odjecu-s-2-ladice-crna\/#primaryimage\"},\"thumbnailUrl\":\"https:\/\/i0.wp.com\/inti.hr\/wp-content\/uploads\/2024\/08\/LGR411B02-2.jpg?fit=800%2C1000&ssl=1\",\"datePublished\":\"2024-08-09T15:01:52+00:00\",\"dateModified\":\"2024-08-09T15:01:52+00:00\",\"description\":\"S 1 \u0161ipkom za odje\u0107u, 2 police, 2 velike ladice i 8 kuka, ovaj kompaktni ormar nudi mnogo prostora za pohranu va\u0161e odje\u0107e i dodataka. Iskoristite svoj prostor maksimalno! Police i \u0161ipka mogu se podesiti gore ili dolje u koracima od 2,5 cm kako bi zadovoljili va\u0161e razli\u010dite potrebe za skladi\u0161tenjem. Zbog svoje kromirane povr\u0161ine stalak za odje\u0107u je otporan na vodu i hr\u0111u. Lako ga je odr\u017eavati \u010distim i sjajnim kao novim! Izra\u0111en od oja\u010danog \u010delika, prijenosni stalak za odje\u0107u je izdr\u017eljiv. Uz podesive no\u017eice, stoji stabilno \u010dak i na blago neravnim podovima. Uklju\u010dena za\u0161tita vrha pru\u017ea dodatnu sigurnost. Bez vijaka, bez alata, bez gnjava\u017ee! Zahvaljuju\u0107i pametnom dizajnu s kop\u010dama, ozna\u010denim dijelovima i jasnim uputama, stalak za kapute mo\u017eete postaviti u tren oka!\",\"breadcrumb\":{\"@id\":\"https:\/\/inti.hr\/bs\/proizvod\/stalak-za-odjecu-s-2-ladice-crna\/#breadcrumb\"},\"inLanguage\":\"bs-BA\",\"potentialAction\":[{\"@type\":\"ReadAction\",\"target\":[\"https:\/\/inti.hr\/bs\/proizvod\/stalak-za-odjecu-s-2-ladice-crna\/\"]}]},{\"@type\":\"ImageObject\",\"inLanguage\":\"bs-BA\",\"@id\":\"https:\/\/inti.hr\/bs\/proizvod\/stalak-za-odjecu-s-2-ladice-crna\/#primaryimage\",\"url\":\"https:\/\/i0.wp.com\/inti.hr\/wp-content\/uploads\/2024\/08\/LGR411B02-2.jpg?fit=800%2C1000&ssl=1\",\"contentUrl\":\"https:\/\/i0.wp.com\/inti.hr\/wp-content\/uploads\/2024\/08\/LGR411B02-2.jpg?fit=800%2C1000&ssl=1\",\"width\":800,\"height\":1000,\"caption\":\"SONGMICS stalak za odje\u0107u s 2 ladice ink crna\"},{\"@type\":\"BreadcrumbList\",\"@id\":\"https:\/\/inti.hr\/bs\/proizvod\/stalak-za-odjecu-s-2-ladice-crna\/#breadcrumb\",\"itemListElement\":[{\"@type\":\"ListItem\",\"position\":1,\"name\":\"Po\u010detna stranica\",\"item\":\"https:\/\/inti.hr\/bs\/\"},{\"@type\":\"ListItem\",\"position\":2,\"name\":\"Trgovina\",\"item\":\"https:\/\/inti.hr\/bs\/trgovina\/\"},{\"@type\":\"ListItem\",\"position\":3,\"name\":\"Stalak za odje\u0107u s 2 ladice crna\"}]},{\"@type\":\"WebSite\",\"@id\":\"https:\/\/inti.hr\/bs\/#website\",\"url\":\"https:\/\/inti.hr\/bs\/\",\"name\":\"Inti\",\"description\":\"trgovina\",\"potentialAction\":[{\"@type\":\"SearchAction\",\"target\":{\"@type\":\"EntryPoint\",\"urlTemplate\":\"https:\/\/inti.hr\/bs\/?s={search_term_string}\"},\"query-input\":{\"@type\":\"PropertyValueSpecification\",\"valueRequired\":true,\"valueName\":\"search_term_string\"}}],\"inLanguage\":\"bs-BA\"}]}<\/script>\n<!-- \/ Yoast SEO plugin. -->","yoast_head_json":{"title":"Stalak za odje\u0107u s 2 ladice crna - Inti","description":"S 1 \u0161ipkom za odje\u0107u, 2 police, 2 velike ladice i 8 kuka, ovaj kompaktni ormar nudi mnogo prostora za pohranu va\u0161e odje\u0107e i dodataka. Iskoristite svoj prostor maksimalno! Police i \u0161ipka mogu se podesiti gore ili dolje u koracima od 2,5 cm kako bi zadovoljili va\u0161e razli\u010dite potrebe za skladi\u0161tenjem. Zbog svoje kromirane povr\u0161ine stalak za odje\u0107u je otporan na vodu i hr\u0111u. Lako ga je odr\u017eavati \u010distim i sjajnim kao novim! Izra\u0111en od oja\u010danog \u010delika, prijenosni stalak za odje\u0107u je izdr\u017eljiv. Uz podesive no\u017eice, stoji stabilno \u010dak i na blago neravnim podovima. Uklju\u010dena za\u0161tita vrha pru\u017ea dodatnu sigurnost. Bez vijaka, bez alata, bez gnjava\u017ee! Zahvaljuju\u0107i pametnom dizajnu s kop\u010dama, ozna\u010denim dijelovima i jasnim uputama, stalak za kapute mo\u017eete postaviti u tren oka!","robots":{"index":"index","follow":"follow","max-snippet":"max-snippet:-1","max-image-preview":"max-image-preview:large","max-video-preview":"max-video-preview:-1"},"canonical":"https:\/\/inti.hr\/bs\/proizvod\/stalak-za-odjecu-s-2-ladice-crna\/","og_locale":"bs_BA","og_type":"article","og_title":"Stalak za odje\u0107u s 2 ladice crna - Inti","og_description":"S 1 \u0161ipkom za odje\u0107u, 2 police, 2 velike ladice i 8 kuka, ovaj kompaktni ormar nudi mnogo prostora za pohranu va\u0161e odje\u0107e i dodataka. Iskoristite svoj prostor maksimalno! Police i \u0161ipka mogu se podesiti gore ili dolje u koracima od 2,5 cm kako bi zadovoljili va\u0161e razli\u010dite potrebe za skladi\u0161tenjem. Zbog svoje kromirane povr\u0161ine stalak za odje\u0107u je otporan na vodu i hr\u0111u. Lako ga je odr\u017eavati \u010distim i sjajnim kao novim! Izra\u0111en od oja\u010danog \u010delika, prijenosni stalak za odje\u0107u je izdr\u017eljiv. Uz podesive no\u017eice, stoji stabilno \u010dak i na blago neravnim podovima. Uklju\u010dena za\u0161tita vrha pru\u017ea dodatnu sigurnost. Bez vijaka, bez alata, bez gnjava\u017ee! Zahvaljuju\u0107i pametnom dizajnu s kop\u010dama, ozna\u010denim dijelovima i jasnim uputama, stalak za kapute mo\u017eete postaviti u tren oka!","og_url":"https:\/\/inti.hr\/bs\/proizvod\/stalak-za-odjecu-s-2-ladice-crna\/","og_site_name":"Inti","og_image":[{"width":800,"height":1000,"url":"https:\/\/i0.wp.com\/inti.hr\/wp-content\/uploads\/2024\/08\/LGR411B02-2.jpg?fit=800%2C1000&ssl=1","type":"image\/jpeg"}],"twitter_card":"summary_large_image","schema":{"@context":"https:\/\/schema.org","@graph":[{"@type":"WebPage","@id":"https:\/\/inti.hr\/bs\/proizvod\/stalak-za-odjecu-s-2-ladice-crna\/","url":"https:\/\/inti.hr\/bs\/proizvod\/stalak-za-odjecu-s-2-ladice-crna\/","name":"Stalak za odje\u0107u s 2 ladice crna - Inti","isPartOf":{"@id":"https:\/\/inti.hr\/bs\/#website"},"primaryImageOfPage":{"@id":"https:\/\/inti.hr\/bs\/proizvod\/stalak-za-odjecu-s-2-ladice-crna\/#primaryimage"},"image":{"@id":"https:\/\/inti.hr\/bs\/proizvod\/stalak-za-odjecu-s-2-ladice-crna\/#primaryimage"},"thumbnailUrl":"https:\/\/i0.wp.com\/inti.hr\/wp-content\/uploads\/2024\/08\/LGR411B02-2.jpg?fit=800%2C1000&ssl=1","datePublished":"2024-08-09T15:01:52+00:00","dateModified":"2024-08-09T15:01:52+00:00","description":"S 1 \u0161ipkom za odje\u0107u, 2 police, 2 velike ladice i 8 kuka, ovaj kompaktni ormar nudi mnogo prostora za pohranu va\u0161e odje\u0107e i dodataka. Iskoristite svoj prostor maksimalno! Police i \u0161ipka mogu se podesiti gore ili dolje u koracima od 2,5 cm kako bi zadovoljili va\u0161e razli\u010dite potrebe za skladi\u0161tenjem. Zbog svoje kromirane povr\u0161ine stalak za odje\u0107u je otporan na vodu i hr\u0111u. Lako ga je odr\u017eavati \u010distim i sjajnim kao novim! Izra\u0111en od oja\u010danog \u010delika, prijenosni stalak za odje\u0107u je izdr\u017eljiv. Uz podesive no\u017eice, stoji stabilno \u010dak i na blago neravnim podovima. Uklju\u010dena za\u0161tita vrha pru\u017ea dodatnu sigurnost. Bez vijaka, bez alata, bez gnjava\u017ee! Zahvaljuju\u0107i pametnom dizajnu s kop\u010dama, ozna\u010denim dijelovima i jasnim uputama, stalak za kapute mo\u017eete postaviti u tren oka!","breadcrumb":{"@id":"https:\/\/inti.hr\/bs\/proizvod\/stalak-za-odjecu-s-2-ladice-crna\/#breadcrumb"},"inLanguage":"bs-BA","potentialAction":[{"@type":"ReadAction","target":["https:\/\/inti.hr\/bs\/proizvod\/stalak-za-odjecu-s-2-ladice-crna\/"]}]},{"@type":"ImageObject","inLanguage":"bs-BA","@id":"https:\/\/inti.hr\/bs\/proizvod\/stalak-za-odjecu-s-2-ladice-crna\/#primaryimage","url":"https:\/\/i0.wp.com\/inti.hr\/wp-content\/uploads\/2024\/08\/LGR411B02-2.jpg?fit=800%2C1000&ssl=1","contentUrl":"https:\/\/i0.wp.com\/inti.hr\/wp-content\/uploads\/2024\/08\/LGR411B02-2.jpg?fit=800%2C1000&ssl=1","width":800,"height":1000,"caption":"SONGMICS stalak za odje\u0107u s 2 ladice ink crna"},{"@type":"BreadcrumbList","@id":"https:\/\/inti.hr\/bs\/proizvod\/stalak-za-odjecu-s-2-ladice-crna\/#breadcrumb","itemListElement":[{"@type":"ListItem","position":1,"name":"Po\u010detna stranica","item":"https:\/\/inti.hr\/bs\/"},{"@type":"ListItem","position":2,"name":"Trgovina","item":"https:\/\/inti.hr\/bs\/trgovina\/"},{"@type":"ListItem","position":3,"name":"Stalak za odje\u0107u s 2 ladice crna"}]},{"@type":"WebSite","@id":"https:\/\/inti.hr\/bs\/#website","url":"https:\/\/inti.hr\/bs\/","name":"Inti","description":"trgovina","potentialAction":[{"@type":"SearchAction","target":{"@type":"EntryPoint","urlTemplate":"https:\/\/inti.hr\/bs\/?s={search_term_string}"},"query-input":{"@type":"PropertyValueSpecification","valueRequired":true,"valueName":"search_term_string"}}],"inLanguage":"bs-BA"}]}},"jetpack_sharing_enabled":true,"jetpack-related-posts":[],"_links":{"self":[{"href":"https:\/\/inti.hr\/bs\/wp-json\/wp\/v2\/product\/32147"}],"collection":[{"href":"https:\/\/inti.hr\/bs\/wp-json\/wp\/v2\/product"}],"about":[{"href":"https:\/\/inti.hr\/bs\/wp-json\/wp\/v2\/types\/product"}],"wp:featuredmedia":[{"embeddable":true,"href":"https:\/\/inti.hr\/bs\/wp-json\/wp\/v2\/media\/32148"}],"wp:attachment":[{"href":"https:\/\/inti.hr\/bs\/wp-json\/wp\/v2\/media?parent=32147"}],"wp:term":[{"taxonomy":"product_cat","embeddable":true,"href":"https:\/\/inti.hr\/bs\/wp-json\/wp\/v2\/product_cat?post=32147"},{"taxonomy":"product_tag","embeddable":true,"href":"https:\/\/inti.hr\/bs\/wp-json\/wp\/v2\/product_tag?post=32147"}],"curies":[{"name":"wp","href":"https:\/\/api.w.org\/{rel}","templated":true}]}}