{"id":32155,"date":"2024-08-09T15:53:38","date_gmt":"2024-08-09T14:53:38","guid":{"rendered":"https:\/\/inti.hr\/product\/nocni-ormaric-set-2-s-ladicom-i-policom\/"},"modified":"2024-08-09T15:53:38","modified_gmt":"2024-08-09T14:53:38","slug":"nocni-ormaric-set-2-s-ladicom-i-policom","status":"publish","type":"product","link":"https:\/\/inti.hr\/bs\/proizvod\/nocni-ormaric-set-2-s-ladicom-i-policom\/","title":{"rendered":"No\u0107ni ormari\u0107 set 2 s ladicom i policom"},"content":{"rendered":"<p>Detalji proizvoda:<br \/>\nBoja: snje\u017eno bijela<br \/>\nMaterijal: iverica, MDF (vlaknatica srednje gusto\u0107e), puno drvo<br \/>\nVeli\u010dina: 28 x 39 x 55 cm (D x \u0160 x V)<br \/>\nTe\u017eina 2 pomo\u0107na stoli\u0107a: 10,8 kg<br \/>\nMaksimalna stati\u010dka nosivost plo\u010de stola: 45,4 kg<br \/>\nMaksimalna stati\u010dka nosivost ladice: 4,5 kg<br \/>\nMaksimalna stati\u010dka nosivost otvorene police: 9,1 kg<br \/>\nMaksimalna stati\u010dka nosivost po bo\u010dnom stolu: 59 kg<\/p>\n","protected":false},"excerpt":{"rendered":"<p>Ovaj no\u0107ni ormari\u0107 sa svojim \u010distim linijama, klasi\u010dnom bijelom bojom i &#8230; <\/p>\n","protected":false},"featured_media":32156,"template":"","meta":[],"product_cat":[2414],"product_tag":[2672,2673],"yoast_head":"<!-- This site is optimized with the Yoast SEO plugin v23.7 - https:\/\/yoast.com\/wordpress\/plugins\/seo\/ -->\n<title>No\u0107ni ormari\u0107 set 2 s ladicom i policom - Inti<\/title>\n<meta name=\"description\" content=\"Ovaj no\u0107ni ormari\u0107 sa svojim \u010distim linijama, klasi\u010dnom bijelom bojom i kosim nogama odi\u0161e bezvremenskim \u0161armom koji se lako uklapa u svaki stil interijera. Ovaj stoli\u0107 za kavu ima kompaktnu strukturu koja \u0161tedi prostor, dimenzija 28 x 39 x 55 cm, ali je jo\u0161 uvijek \u010dvrst. Stol mo\u017ee izdr\u017eati velika optere\u0107enja zahvaljuju\u0107i \u010dvrstoj kombinaciji MDF-a, iverala i punog drva. Ovaj mali stoli\u0107 nije samo prikladan kao no\u0107ni ormari\u0107, ve\u0107 se mo\u017ee postaviti iu dnevnu sobu pored sofe kako bi sve va\u017eno bilo pri ruci ili na mjestima gdje vam je potreban prostor za pohranu. Pomo\u0107ni stoli\u0107 nudi veliku plo\u010du stola za lampe ili ukrase, zatvorenu ladicu za osobne stvari i otvorenu policu na dnu za knjige ili \u010dasopise - zadovoljava sve va\u0161e potrebe za skladi\u0161tenjem! Opremljena visokokvalitetnim kliznim vodilicama, ladica ovog stoli\u0107a na kau\u010du lako se otvara i zatvara, \u0161to vam omogu\u0107uje jednostavno va\u0111enje ili stavljanje predmeta.\" \/>\n<meta name=\"robots\" content=\"index, follow, max-snippet:-1, max-image-preview:large, max-video-preview:-1\" \/>\n<link rel=\"canonical\" href=\"https:\/\/inti.hr\/bs\/proizvod\/nocni-ormaric-set-2-s-ladicom-i-policom\/\" \/>\n<meta property=\"og:locale\" content=\"bs_BA\" \/>\n<meta property=\"og:type\" content=\"article\" \/>\n<meta property=\"og:title\" content=\"No\u0107ni ormari\u0107 set 2 s ladicom i policom - Inti\" \/>\n<meta property=\"og:description\" content=\"Ovaj no\u0107ni ormari\u0107 sa svojim \u010distim linijama, klasi\u010dnom bijelom bojom i kosim nogama odi\u0161e bezvremenskim \u0161armom koji se lako uklapa u svaki stil interijera. Ovaj stoli\u0107 za kavu ima kompaktnu strukturu koja \u0161tedi prostor, dimenzija 28 x 39 x 55 cm, ali je jo\u0161 uvijek \u010dvrst. Stol mo\u017ee izdr\u017eati velika optere\u0107enja zahvaljuju\u0107i \u010dvrstoj kombinaciji MDF-a, iverala i punog drva. Ovaj mali stoli\u0107 nije samo prikladan kao no\u0107ni ormari\u0107, ve\u0107 se mo\u017ee postaviti iu dnevnu sobu pored sofe kako bi sve va\u017eno bilo pri ruci ili na mjestima gdje vam je potreban prostor za pohranu. Pomo\u0107ni stoli\u0107 nudi veliku plo\u010du stola za lampe ili ukrase, zatvorenu ladicu za osobne stvari i otvorenu policu na dnu za knjige ili \u010dasopise - zadovoljava sve va\u0161e potrebe za skladi\u0161tenjem! Opremljena visokokvalitetnim kliznim vodilicama, ladica ovog stoli\u0107a na kau\u010du lako se otvara i zatvara, \u0161to vam omogu\u0107uje jednostavno va\u0111enje ili stavljanje predmeta.\" \/>\n<meta property=\"og:url\" content=\"https:\/\/inti.hr\/bs\/proizvod\/nocni-ormaric-set-2-s-ladicom-i-policom\/\" \/>\n<meta property=\"og:site_name\" content=\"Inti\" \/>\n<meta property=\"og:image\" content=\"https:\/\/i0.wp.com\/inti.hr\/wp-content\/uploads\/2024\/08\/LET855W01-1.jpg?fit=1000%2C1000&ssl=1\" \/>\n\t<meta property=\"og:image:width\" content=\"1000\" \/>\n\t<meta property=\"og:image:height\" content=\"1000\" \/>\n\t<meta property=\"og:image:type\" content=\"image\/jpeg\" \/>\n<meta name=\"twitter:card\" content=\"summary_large_image\" \/>\n<script type=\"application\/ld+json\" class=\"yoast-schema-graph\">{\"@context\":\"https:\/\/schema.org\",\"@graph\":[{\"@type\":\"WebPage\",\"@id\":\"https:\/\/inti.hr\/bs\/proizvod\/nocni-ormaric-set-2-s-ladicom-i-policom\/\",\"url\":\"https:\/\/inti.hr\/bs\/proizvod\/nocni-ormaric-set-2-s-ladicom-i-policom\/\",\"name\":\"No\u0107ni ormari\u0107 set 2 s ladicom i policom - Inti\",\"isPartOf\":{\"@id\":\"https:\/\/inti.hr\/bs\/#website\"},\"primaryImageOfPage\":{\"@id\":\"https:\/\/inti.hr\/bs\/proizvod\/nocni-ormaric-set-2-s-ladicom-i-policom\/#primaryimage\"},\"image\":{\"@id\":\"https:\/\/inti.hr\/bs\/proizvod\/nocni-ormaric-set-2-s-ladicom-i-policom\/#primaryimage\"},\"thumbnailUrl\":\"https:\/\/i0.wp.com\/inti.hr\/wp-content\/uploads\/2024\/08\/LET855W01-1.jpg?fit=1000%2C1000&ssl=1\",\"datePublished\":\"2024-08-09T14:53:38+00:00\",\"dateModified\":\"2024-08-09T14:53:38+00:00\",\"description\":\"Ovaj no\u0107ni ormari\u0107 sa svojim \u010distim linijama, klasi\u010dnom bijelom bojom i kosim nogama odi\u0161e bezvremenskim \u0161armom koji se lako uklapa u svaki stil interijera. Ovaj stoli\u0107 za kavu ima kompaktnu strukturu koja \u0161tedi prostor, dimenzija 28 x 39 x 55 cm, ali je jo\u0161 uvijek \u010dvrst. Stol mo\u017ee izdr\u017eati velika optere\u0107enja zahvaljuju\u0107i \u010dvrstoj kombinaciji MDF-a, iverala i punog drva. Ovaj mali stoli\u0107 nije samo prikladan kao no\u0107ni ormari\u0107, ve\u0107 se mo\u017ee postaviti iu dnevnu sobu pored sofe kako bi sve va\u017eno bilo pri ruci ili na mjestima gdje vam je potreban prostor za pohranu. Pomo\u0107ni stoli\u0107 nudi veliku plo\u010du stola za lampe ili ukrase, zatvorenu ladicu za osobne stvari i otvorenu policu na dnu za knjige ili \u010dasopise - zadovoljava sve va\u0161e potrebe za skladi\u0161tenjem! Opremljena visokokvalitetnim kliznim vodilicama, ladica ovog stoli\u0107a na kau\u010du lako se otvara i zatvara, \u0161to vam omogu\u0107uje jednostavno va\u0111enje ili stavljanje predmeta.\",\"breadcrumb\":{\"@id\":\"https:\/\/inti.hr\/bs\/proizvod\/nocni-ormaric-set-2-s-ladicom-i-policom\/#breadcrumb\"},\"inLanguage\":\"bs-BA\",\"potentialAction\":[{\"@type\":\"ReadAction\",\"target\":[\"https:\/\/inti.hr\/bs\/proizvod\/nocni-ormaric-set-2-s-ladicom-i-policom\/\"]}]},{\"@type\":\"ImageObject\",\"inLanguage\":\"bs-BA\",\"@id\":\"https:\/\/inti.hr\/bs\/proizvod\/nocni-ormaric-set-2-s-ladicom-i-policom\/#primaryimage\",\"url\":\"https:\/\/i0.wp.com\/inti.hr\/wp-content\/uploads\/2024\/08\/LET855W01-1.jpg?fit=1000%2C1000&ssl=1\",\"contentUrl\":\"https:\/\/i0.wp.com\/inti.hr\/wp-content\/uploads\/2024\/08\/LET855W01-1.jpg?fit=1000%2C1000&ssl=1\",\"width\":1000,\"height\":1000,\"caption\":\"VASAGLE no\u0107ni ormari\u0107 set 2 s ladicom i policom\"},{\"@type\":\"BreadcrumbList\",\"@id\":\"https:\/\/inti.hr\/bs\/proizvod\/nocni-ormaric-set-2-s-ladicom-i-policom\/#breadcrumb\",\"itemListElement\":[{\"@type\":\"ListItem\",\"position\":1,\"name\":\"Po\u010detna stranica\",\"item\":\"https:\/\/inti.hr\/bs\/\"},{\"@type\":\"ListItem\",\"position\":2,\"name\":\"Trgovina\",\"item\":\"https:\/\/inti.hr\/bs\/trgovina\/\"},{\"@type\":\"ListItem\",\"position\":3,\"name\":\"No\u0107ni ormari\u0107 set 2 s ladicom i policom\"}]},{\"@type\":\"WebSite\",\"@id\":\"https:\/\/inti.hr\/bs\/#website\",\"url\":\"https:\/\/inti.hr\/bs\/\",\"name\":\"Inti\",\"description\":\"trgovina\",\"potentialAction\":[{\"@type\":\"SearchAction\",\"target\":{\"@type\":\"EntryPoint\",\"urlTemplate\":\"https:\/\/inti.hr\/bs\/?s={search_term_string}\"},\"query-input\":{\"@type\":\"PropertyValueSpecification\",\"valueRequired\":true,\"valueName\":\"search_term_string\"}}],\"inLanguage\":\"bs-BA\"}]}<\/script>\n<!-- \/ Yoast SEO plugin. -->","yoast_head_json":{"title":"No\u0107ni ormari\u0107 set 2 s ladicom i policom - Inti","description":"Ovaj no\u0107ni ormari\u0107 sa svojim \u010distim linijama, klasi\u010dnom bijelom bojom i kosim nogama odi\u0161e bezvremenskim \u0161armom koji se lako uklapa u svaki stil interijera. Ovaj stoli\u0107 za kavu ima kompaktnu strukturu koja \u0161tedi prostor, dimenzija 28 x 39 x 55 cm, ali je jo\u0161 uvijek \u010dvrst. Stol mo\u017ee izdr\u017eati velika optere\u0107enja zahvaljuju\u0107i \u010dvrstoj kombinaciji MDF-a, iverala i punog drva. Ovaj mali stoli\u0107 nije samo prikladan kao no\u0107ni ormari\u0107, ve\u0107 se mo\u017ee postaviti iu dnevnu sobu pored sofe kako bi sve va\u017eno bilo pri ruci ili na mjestima gdje vam je potreban prostor za pohranu. Pomo\u0107ni stoli\u0107 nudi veliku plo\u010du stola za lampe ili ukrase, zatvorenu ladicu za osobne stvari i otvorenu policu na dnu za knjige ili \u010dasopise - zadovoljava sve va\u0161e potrebe za skladi\u0161tenjem! Opremljena visokokvalitetnim kliznim vodilicama, ladica ovog stoli\u0107a na kau\u010du lako se otvara i zatvara, \u0161to vam omogu\u0107uje jednostavno va\u0111enje ili stavljanje predmeta.","robots":{"index":"index","follow":"follow","max-snippet":"max-snippet:-1","max-image-preview":"max-image-preview:large","max-video-preview":"max-video-preview:-1"},"canonical":"https:\/\/inti.hr\/bs\/proizvod\/nocni-ormaric-set-2-s-ladicom-i-policom\/","og_locale":"bs_BA","og_type":"article","og_title":"No\u0107ni ormari\u0107 set 2 s ladicom i policom - Inti","og_description":"Ovaj no\u0107ni ormari\u0107 sa svojim \u010distim linijama, klasi\u010dnom bijelom bojom i kosim nogama odi\u0161e bezvremenskim \u0161armom koji se lako uklapa u svaki stil interijera. Ovaj stoli\u0107 za kavu ima kompaktnu strukturu koja \u0161tedi prostor, dimenzija 28 x 39 x 55 cm, ali je jo\u0161 uvijek \u010dvrst. Stol mo\u017ee izdr\u017eati velika optere\u0107enja zahvaljuju\u0107i \u010dvrstoj kombinaciji MDF-a, iverala i punog drva. Ovaj mali stoli\u0107 nije samo prikladan kao no\u0107ni ormari\u0107, ve\u0107 se mo\u017ee postaviti iu dnevnu sobu pored sofe kako bi sve va\u017eno bilo pri ruci ili na mjestima gdje vam je potreban prostor za pohranu. Pomo\u0107ni stoli\u0107 nudi veliku plo\u010du stola za lampe ili ukrase, zatvorenu ladicu za osobne stvari i otvorenu policu na dnu za knjige ili \u010dasopise - zadovoljava sve va\u0161e potrebe za skladi\u0161tenjem! Opremljena visokokvalitetnim kliznim vodilicama, ladica ovog stoli\u0107a na kau\u010du lako se otvara i zatvara, \u0161to vam omogu\u0107uje jednostavno va\u0111enje ili stavljanje predmeta.","og_url":"https:\/\/inti.hr\/bs\/proizvod\/nocni-ormaric-set-2-s-ladicom-i-policom\/","og_site_name":"Inti","og_image":[{"width":1000,"height":1000,"url":"https:\/\/i0.wp.com\/inti.hr\/wp-content\/uploads\/2024\/08\/LET855W01-1.jpg?fit=1000%2C1000&ssl=1","type":"image\/jpeg"}],"twitter_card":"summary_large_image","schema":{"@context":"https:\/\/schema.org","@graph":[{"@type":"WebPage","@id":"https:\/\/inti.hr\/bs\/proizvod\/nocni-ormaric-set-2-s-ladicom-i-policom\/","url":"https:\/\/inti.hr\/bs\/proizvod\/nocni-ormaric-set-2-s-ladicom-i-policom\/","name":"No\u0107ni ormari\u0107 set 2 s ladicom i policom - Inti","isPartOf":{"@id":"https:\/\/inti.hr\/bs\/#website"},"primaryImageOfPage":{"@id":"https:\/\/inti.hr\/bs\/proizvod\/nocni-ormaric-set-2-s-ladicom-i-policom\/#primaryimage"},"image":{"@id":"https:\/\/inti.hr\/bs\/proizvod\/nocni-ormaric-set-2-s-ladicom-i-policom\/#primaryimage"},"thumbnailUrl":"https:\/\/i0.wp.com\/inti.hr\/wp-content\/uploads\/2024\/08\/LET855W01-1.jpg?fit=1000%2C1000&ssl=1","datePublished":"2024-08-09T14:53:38+00:00","dateModified":"2024-08-09T14:53:38+00:00","description":"Ovaj no\u0107ni ormari\u0107 sa svojim \u010distim linijama, klasi\u010dnom bijelom bojom i kosim nogama odi\u0161e bezvremenskim \u0161armom koji se lako uklapa u svaki stil interijera. Ovaj stoli\u0107 za kavu ima kompaktnu strukturu koja \u0161tedi prostor, dimenzija 28 x 39 x 55 cm, ali je jo\u0161 uvijek \u010dvrst. Stol mo\u017ee izdr\u017eati velika optere\u0107enja zahvaljuju\u0107i \u010dvrstoj kombinaciji MDF-a, iverala i punog drva. Ovaj mali stoli\u0107 nije samo prikladan kao no\u0107ni ormari\u0107, ve\u0107 se mo\u017ee postaviti iu dnevnu sobu pored sofe kako bi sve va\u017eno bilo pri ruci ili na mjestima gdje vam je potreban prostor za pohranu. Pomo\u0107ni stoli\u0107 nudi veliku plo\u010du stola za lampe ili ukrase, zatvorenu ladicu za osobne stvari i otvorenu policu na dnu za knjige ili \u010dasopise - zadovoljava sve va\u0161e potrebe za skladi\u0161tenjem! Opremljena visokokvalitetnim kliznim vodilicama, ladica ovog stoli\u0107a na kau\u010du lako se otvara i zatvara, \u0161to vam omogu\u0107uje jednostavno va\u0111enje ili stavljanje predmeta.","breadcrumb":{"@id":"https:\/\/inti.hr\/bs\/proizvod\/nocni-ormaric-set-2-s-ladicom-i-policom\/#breadcrumb"},"inLanguage":"bs-BA","potentialAction":[{"@type":"ReadAction","target":["https:\/\/inti.hr\/bs\/proizvod\/nocni-ormaric-set-2-s-ladicom-i-policom\/"]}]},{"@type":"ImageObject","inLanguage":"bs-BA","@id":"https:\/\/inti.hr\/bs\/proizvod\/nocni-ormaric-set-2-s-ladicom-i-policom\/#primaryimage","url":"https:\/\/i0.wp.com\/inti.hr\/wp-content\/uploads\/2024\/08\/LET855W01-1.jpg?fit=1000%2C1000&ssl=1","contentUrl":"https:\/\/i0.wp.com\/inti.hr\/wp-content\/uploads\/2024\/08\/LET855W01-1.jpg?fit=1000%2C1000&ssl=1","width":1000,"height":1000,"caption":"VASAGLE no\u0107ni ormari\u0107 set 2 s ladicom i policom"},{"@type":"BreadcrumbList","@id":"https:\/\/inti.hr\/bs\/proizvod\/nocni-ormaric-set-2-s-ladicom-i-policom\/#breadcrumb","itemListElement":[{"@type":"ListItem","position":1,"name":"Po\u010detna stranica","item":"https:\/\/inti.hr\/bs\/"},{"@type":"ListItem","position":2,"name":"Trgovina","item":"https:\/\/inti.hr\/bs\/trgovina\/"},{"@type":"ListItem","position":3,"name":"No\u0107ni ormari\u0107 set 2 s ladicom i policom"}]},{"@type":"WebSite","@id":"https:\/\/inti.hr\/bs\/#website","url":"https:\/\/inti.hr\/bs\/","name":"Inti","description":"trgovina","potentialAction":[{"@type":"SearchAction","target":{"@type":"EntryPoint","urlTemplate":"https:\/\/inti.hr\/bs\/?s={search_term_string}"},"query-input":{"@type":"PropertyValueSpecification","valueRequired":true,"valueName":"search_term_string"}}],"inLanguage":"bs-BA"}]}},"jetpack_sharing_enabled":true,"jetpack-related-posts":[],"_links":{"self":[{"href":"https:\/\/inti.hr\/bs\/wp-json\/wp\/v2\/product\/32155"}],"collection":[{"href":"https:\/\/inti.hr\/bs\/wp-json\/wp\/v2\/product"}],"about":[{"href":"https:\/\/inti.hr\/bs\/wp-json\/wp\/v2\/types\/product"}],"wp:featuredmedia":[{"embeddable":true,"href":"https:\/\/inti.hr\/bs\/wp-json\/wp\/v2\/media\/32156"}],"wp:attachment":[{"href":"https:\/\/inti.hr\/bs\/wp-json\/wp\/v2\/media?parent=32155"}],"wp:term":[{"taxonomy":"product_cat","embeddable":true,"href":"https:\/\/inti.hr\/bs\/wp-json\/wp\/v2\/product_cat?post=32155"},{"taxonomy":"product_tag","embeddable":true,"href":"https:\/\/inti.hr\/bs\/wp-json\/wp\/v2\/product_tag?post=32155"}],"curies":[{"name":"wp","href":"https:\/\/api.w.org\/{rel}","templated":true}]}}