{"id":32171,"date":"2024-08-07T16:28:42","date_gmt":"2024-08-07T15:28:42","guid":{"rendered":"https:\/\/inti.hr\/product\/wc-polica-s-podesivim-policama\/"},"modified":"2024-08-07T16:28:42","modified_gmt":"2024-08-07T15:28:42","slug":"wc-polica-s-podesivim-policama","status":"publish","type":"product","link":"https:\/\/inti.hr\/bs\/proizvod\/wc-polica-s-podesivim-policama\/","title":{"rendered":"WC polica s podesivim policama"},"content":{"rendered":"<p>Detalji o proizvodu:<br \/>\nBoja: oblak bijela, be\u017e<br \/>\nMaterijal: Bambus<br \/>\nVeli\u010dina: 26 x 63 x 185 cm (D x \u0160 x V)<br \/>\nTe\u017eina: 7,8 kg<br \/>\nMaksimalna stati\u010dka nosivost po polici: 10 kg<br \/>\nMaksimalna stati\u010dka nosivost: 40 kg<\/p>\n","protected":false},"excerpt":{"rendered":"<p>S 4 police za toaletne potrep\u0161tine, 4 kuke za \u010detke i &#8230; <\/p>\n","protected":false},"featured_media":32173,"template":"","meta":[],"product_cat":[2392],"product_tag":[2520,3242],"yoast_head":"<!-- This site is optimized with the Yoast SEO plugin v23.7 - https:\/\/yoast.com\/wordpress\/plugins\/seo\/ -->\n<title>WC polica s podesivim policama - Inti<\/title>\n<meta name=\"description\" content=\"\u00a0S 4 police za toaletne potrep\u0161tine, 4 kuke za \u010detke i dr\u017ea\u010d toaletnog papira, kupaonska polica dr\u017ei sve nadohvat ruke. Tako\u0111er zauzima vrlo malo prostora i optimalno iskori\u0161tava prostor u kupaonici. Zahvaljuju\u0107i jednostavnoj strukturi, jasnim uputama, ozna\u010denim dijelovima i prilo\u017eenom inbus klju\u010du, mo\u017eete sastaviti ovu WC policu u tren oka. Bilo iznad perilice rublja u praonici ili iznad kante za sme\u0107e u kuhinji - ova polica dimenzija 26 x 63 x 185 cm i ukupne nosivosti do 40 kg savr\u0161eno je mjesto za pohranu bilo gdje. Gornje 3 police podesive su po visini tako da na njih mo\u017eete staviti \u0161ampone na razli\u010ditim visinama. \u0160ipka na dnu mo\u017ee se pri\u010dvrstiti 10 cm ili 16 cm od poda kako bi odgovarala razli\u010ditim toaletima. Izra\u0111en od prirodnog bambusa s letvicama, ovaj elegantni okvir unijet \u0107e da\u0161ak svje\u017eeg zraka u va\u0161u kupaonicu; Bambus je tako\u0111er robustan i izdr\u017eljiv - ova kupaonska polica pratit \u0107e vas dugi niz godina.\u00a0\" \/>\n<meta name=\"robots\" content=\"index, follow, max-snippet:-1, max-image-preview:large, max-video-preview:-1\" \/>\n<link rel=\"canonical\" href=\"https:\/\/inti.hr\/bs\/proizvod\/wc-polica-s-podesivim-policama\/\" \/>\n<meta property=\"og:locale\" content=\"bs_BA\" \/>\n<meta property=\"og:type\" content=\"article\" \/>\n<meta property=\"og:title\" content=\"WC polica s podesivim policama - Inti\" \/>\n<meta property=\"og:description\" content=\"\u00a0S 4 police za toaletne potrep\u0161tine, 4 kuke za \u010detke i dr\u017ea\u010d toaletnog papira, kupaonska polica dr\u017ei sve nadohvat ruke. Tako\u0111er zauzima vrlo malo prostora i optimalno iskori\u0161tava prostor u kupaonici. Zahvaljuju\u0107i jednostavnoj strukturi, jasnim uputama, ozna\u010denim dijelovima i prilo\u017eenom inbus klju\u010du, mo\u017eete sastaviti ovu WC policu u tren oka. Bilo iznad perilice rublja u praonici ili iznad kante za sme\u0107e u kuhinji - ova polica dimenzija 26 x 63 x 185 cm i ukupne nosivosti do 40 kg savr\u0161eno je mjesto za pohranu bilo gdje. Gornje 3 police podesive su po visini tako da na njih mo\u017eete staviti \u0161ampone na razli\u010ditim visinama. \u0160ipka na dnu mo\u017ee se pri\u010dvrstiti 10 cm ili 16 cm od poda kako bi odgovarala razli\u010ditim toaletima. Izra\u0111en od prirodnog bambusa s letvicama, ovaj elegantni okvir unijet \u0107e da\u0161ak svje\u017eeg zraka u va\u0161u kupaonicu; Bambus je tako\u0111er robustan i izdr\u017eljiv - ova kupaonska polica pratit \u0107e vas dugi niz godina.\u00a0\" \/>\n<meta property=\"og:url\" content=\"https:\/\/inti.hr\/bs\/proizvod\/wc-polica-s-podesivim-policama\/\" \/>\n<meta property=\"og:site_name\" content=\"Inti\" \/>\n<meta property=\"og:image\" content=\"https:\/\/i0.wp.com\/inti.hr\/wp-content\/uploads\/2024\/08\/BTS041N01-1.jpg?fit=1000%2C1000&ssl=1\" \/>\n\t<meta property=\"og:image:width\" content=\"1000\" \/>\n\t<meta property=\"og:image:height\" content=\"1000\" \/>\n\t<meta property=\"og:image:type\" content=\"image\/jpeg\" \/>\n<meta name=\"twitter:card\" content=\"summary_large_image\" \/>\n<script type=\"application\/ld+json\" class=\"yoast-schema-graph\">{\"@context\":\"https:\/\/schema.org\",\"@graph\":[{\"@type\":\"WebPage\",\"@id\":\"https:\/\/inti.hr\/bs\/proizvod\/wc-polica-s-podesivim-policama\/\",\"url\":\"https:\/\/inti.hr\/bs\/proizvod\/wc-polica-s-podesivim-policama\/\",\"name\":\"WC polica s podesivim policama - Inti\",\"isPartOf\":{\"@id\":\"https:\/\/inti.hr\/bs\/#website\"},\"primaryImageOfPage\":{\"@id\":\"https:\/\/inti.hr\/bs\/proizvod\/wc-polica-s-podesivim-policama\/#primaryimage\"},\"image\":{\"@id\":\"https:\/\/inti.hr\/bs\/proizvod\/wc-polica-s-podesivim-policama\/#primaryimage\"},\"thumbnailUrl\":\"https:\/\/i0.wp.com\/inti.hr\/wp-content\/uploads\/2024\/08\/BTS041N01-1.jpg?fit=1000%2C1000&ssl=1\",\"datePublished\":\"2024-08-07T15:28:42+00:00\",\"dateModified\":\"2024-08-07T15:28:42+00:00\",\"description\":\"\u00a0S 4 police za toaletne potrep\u0161tine, 4 kuke za \u010detke i dr\u017ea\u010d toaletnog papira, kupaonska polica dr\u017ei sve nadohvat ruke. Tako\u0111er zauzima vrlo malo prostora i optimalno iskori\u0161tava prostor u kupaonici. Zahvaljuju\u0107i jednostavnoj strukturi, jasnim uputama, ozna\u010denim dijelovima i prilo\u017eenom inbus klju\u010du, mo\u017eete sastaviti ovu WC policu u tren oka. Bilo iznad perilice rublja u praonici ili iznad kante za sme\u0107e u kuhinji - ova polica dimenzija 26 x 63 x 185 cm i ukupne nosivosti do 40 kg savr\u0161eno je mjesto za pohranu bilo gdje. Gornje 3 police podesive su po visini tako da na njih mo\u017eete staviti \u0161ampone na razli\u010ditim visinama. \u0160ipka na dnu mo\u017ee se pri\u010dvrstiti 10 cm ili 16 cm od poda kako bi odgovarala razli\u010ditim toaletima. Izra\u0111en od prirodnog bambusa s letvicama, ovaj elegantni okvir unijet \u0107e da\u0161ak svje\u017eeg zraka u va\u0161u kupaonicu; Bambus je tako\u0111er robustan i izdr\u017eljiv - ova kupaonska polica pratit \u0107e vas dugi niz godina.\u00a0\",\"breadcrumb\":{\"@id\":\"https:\/\/inti.hr\/bs\/proizvod\/wc-polica-s-podesivim-policama\/#breadcrumb\"},\"inLanguage\":\"bs-BA\",\"potentialAction\":[{\"@type\":\"ReadAction\",\"target\":[\"https:\/\/inti.hr\/bs\/proizvod\/wc-polica-s-podesivim-policama\/\"]}]},{\"@type\":\"ImageObject\",\"inLanguage\":\"bs-BA\",\"@id\":\"https:\/\/inti.hr\/bs\/proizvod\/wc-polica-s-podesivim-policama\/#primaryimage\",\"url\":\"https:\/\/i0.wp.com\/inti.hr\/wp-content\/uploads\/2024\/08\/BTS041N01-1.jpg?fit=1000%2C1000&ssl=1\",\"contentUrl\":\"https:\/\/i0.wp.com\/inti.hr\/wp-content\/uploads\/2024\/08\/BTS041N01-1.jpg?fit=1000%2C1000&ssl=1\",\"width\":1000,\"height\":1000,\"caption\":\"SONGMICS toaletna polica s podesivim policama, oblak bijela\"},{\"@type\":\"BreadcrumbList\",\"@id\":\"https:\/\/inti.hr\/bs\/proizvod\/wc-polica-s-podesivim-policama\/#breadcrumb\",\"itemListElement\":[{\"@type\":\"ListItem\",\"position\":1,\"name\":\"Po\u010detna stranica\",\"item\":\"https:\/\/inti.hr\/bs\/\"},{\"@type\":\"ListItem\",\"position\":2,\"name\":\"Trgovina\",\"item\":\"https:\/\/inti.hr\/bs\/trgovina\/\"},{\"@type\":\"ListItem\",\"position\":3,\"name\":\"WC polica s podesivim policama\"}]},{\"@type\":\"WebSite\",\"@id\":\"https:\/\/inti.hr\/bs\/#website\",\"url\":\"https:\/\/inti.hr\/bs\/\",\"name\":\"Inti\",\"description\":\"trgovina\",\"potentialAction\":[{\"@type\":\"SearchAction\",\"target\":{\"@type\":\"EntryPoint\",\"urlTemplate\":\"https:\/\/inti.hr\/bs\/?s={search_term_string}\"},\"query-input\":{\"@type\":\"PropertyValueSpecification\",\"valueRequired\":true,\"valueName\":\"search_term_string\"}}],\"inLanguage\":\"bs-BA\"}]}<\/script>\n<!-- \/ Yoast SEO plugin. -->","yoast_head_json":{"title":"WC polica s podesivim policama - Inti","description":"\u00a0S 4 police za toaletne potrep\u0161tine, 4 kuke za \u010detke i dr\u017ea\u010d toaletnog papira, kupaonska polica dr\u017ei sve nadohvat ruke. Tako\u0111er zauzima vrlo malo prostora i optimalno iskori\u0161tava prostor u kupaonici. Zahvaljuju\u0107i jednostavnoj strukturi, jasnim uputama, ozna\u010denim dijelovima i prilo\u017eenom inbus klju\u010du, mo\u017eete sastaviti ovu WC policu u tren oka. Bilo iznad perilice rublja u praonici ili iznad kante za sme\u0107e u kuhinji - ova polica dimenzija 26 x 63 x 185 cm i ukupne nosivosti do 40 kg savr\u0161eno je mjesto za pohranu bilo gdje. Gornje 3 police podesive su po visini tako da na njih mo\u017eete staviti \u0161ampone na razli\u010ditim visinama. \u0160ipka na dnu mo\u017ee se pri\u010dvrstiti 10 cm ili 16 cm od poda kako bi odgovarala razli\u010ditim toaletima. Izra\u0111en od prirodnog bambusa s letvicama, ovaj elegantni okvir unijet \u0107e da\u0161ak svje\u017eeg zraka u va\u0161u kupaonicu; Bambus je tako\u0111er robustan i izdr\u017eljiv - ova kupaonska polica pratit \u0107e vas dugi niz godina.\u00a0","robots":{"index":"index","follow":"follow","max-snippet":"max-snippet:-1","max-image-preview":"max-image-preview:large","max-video-preview":"max-video-preview:-1"},"canonical":"https:\/\/inti.hr\/bs\/proizvod\/wc-polica-s-podesivim-policama\/","og_locale":"bs_BA","og_type":"article","og_title":"WC polica s podesivim policama - Inti","og_description":"\u00a0S 4 police za toaletne potrep\u0161tine, 4 kuke za \u010detke i dr\u017ea\u010d toaletnog papira, kupaonska polica dr\u017ei sve nadohvat ruke. Tako\u0111er zauzima vrlo malo prostora i optimalno iskori\u0161tava prostor u kupaonici. Zahvaljuju\u0107i jednostavnoj strukturi, jasnim uputama, ozna\u010denim dijelovima i prilo\u017eenom inbus klju\u010du, mo\u017eete sastaviti ovu WC policu u tren oka. Bilo iznad perilice rublja u praonici ili iznad kante za sme\u0107e u kuhinji - ova polica dimenzija 26 x 63 x 185 cm i ukupne nosivosti do 40 kg savr\u0161eno je mjesto za pohranu bilo gdje. Gornje 3 police podesive su po visini tako da na njih mo\u017eete staviti \u0161ampone na razli\u010ditim visinama. \u0160ipka na dnu mo\u017ee se pri\u010dvrstiti 10 cm ili 16 cm od poda kako bi odgovarala razli\u010ditim toaletima. Izra\u0111en od prirodnog bambusa s letvicama, ovaj elegantni okvir unijet \u0107e da\u0161ak svje\u017eeg zraka u va\u0161u kupaonicu; Bambus je tako\u0111er robustan i izdr\u017eljiv - ova kupaonska polica pratit \u0107e vas dugi niz godina.\u00a0","og_url":"https:\/\/inti.hr\/bs\/proizvod\/wc-polica-s-podesivim-policama\/","og_site_name":"Inti","og_image":[{"width":1000,"height":1000,"url":"https:\/\/i0.wp.com\/inti.hr\/wp-content\/uploads\/2024\/08\/BTS041N01-1.jpg?fit=1000%2C1000&ssl=1","type":"image\/jpeg"}],"twitter_card":"summary_large_image","schema":{"@context":"https:\/\/schema.org","@graph":[{"@type":"WebPage","@id":"https:\/\/inti.hr\/bs\/proizvod\/wc-polica-s-podesivim-policama\/","url":"https:\/\/inti.hr\/bs\/proizvod\/wc-polica-s-podesivim-policama\/","name":"WC polica s podesivim policama - Inti","isPartOf":{"@id":"https:\/\/inti.hr\/bs\/#website"},"primaryImageOfPage":{"@id":"https:\/\/inti.hr\/bs\/proizvod\/wc-polica-s-podesivim-policama\/#primaryimage"},"image":{"@id":"https:\/\/inti.hr\/bs\/proizvod\/wc-polica-s-podesivim-policama\/#primaryimage"},"thumbnailUrl":"https:\/\/i0.wp.com\/inti.hr\/wp-content\/uploads\/2024\/08\/BTS041N01-1.jpg?fit=1000%2C1000&ssl=1","datePublished":"2024-08-07T15:28:42+00:00","dateModified":"2024-08-07T15:28:42+00:00","description":"\u00a0S 4 police za toaletne potrep\u0161tine, 4 kuke za \u010detke i dr\u017ea\u010d toaletnog papira, kupaonska polica dr\u017ei sve nadohvat ruke. Tako\u0111er zauzima vrlo malo prostora i optimalno iskori\u0161tava prostor u kupaonici. Zahvaljuju\u0107i jednostavnoj strukturi, jasnim uputama, ozna\u010denim dijelovima i prilo\u017eenom inbus klju\u010du, mo\u017eete sastaviti ovu WC policu u tren oka. Bilo iznad perilice rublja u praonici ili iznad kante za sme\u0107e u kuhinji - ova polica dimenzija 26 x 63 x 185 cm i ukupne nosivosti do 40 kg savr\u0161eno je mjesto za pohranu bilo gdje. Gornje 3 police podesive su po visini tako da na njih mo\u017eete staviti \u0161ampone na razli\u010ditim visinama. \u0160ipka na dnu mo\u017ee se pri\u010dvrstiti 10 cm ili 16 cm od poda kako bi odgovarala razli\u010ditim toaletima. Izra\u0111en od prirodnog bambusa s letvicama, ovaj elegantni okvir unijet \u0107e da\u0161ak svje\u017eeg zraka u va\u0161u kupaonicu; Bambus je tako\u0111er robustan i izdr\u017eljiv - ova kupaonska polica pratit \u0107e vas dugi niz godina.\u00a0","breadcrumb":{"@id":"https:\/\/inti.hr\/bs\/proizvod\/wc-polica-s-podesivim-policama\/#breadcrumb"},"inLanguage":"bs-BA","potentialAction":[{"@type":"ReadAction","target":["https:\/\/inti.hr\/bs\/proizvod\/wc-polica-s-podesivim-policama\/"]}]},{"@type":"ImageObject","inLanguage":"bs-BA","@id":"https:\/\/inti.hr\/bs\/proizvod\/wc-polica-s-podesivim-policama\/#primaryimage","url":"https:\/\/i0.wp.com\/inti.hr\/wp-content\/uploads\/2024\/08\/BTS041N01-1.jpg?fit=1000%2C1000&ssl=1","contentUrl":"https:\/\/i0.wp.com\/inti.hr\/wp-content\/uploads\/2024\/08\/BTS041N01-1.jpg?fit=1000%2C1000&ssl=1","width":1000,"height":1000,"caption":"SONGMICS toaletna polica s podesivim policama, oblak bijela"},{"@type":"BreadcrumbList","@id":"https:\/\/inti.hr\/bs\/proizvod\/wc-polica-s-podesivim-policama\/#breadcrumb","itemListElement":[{"@type":"ListItem","position":1,"name":"Po\u010detna stranica","item":"https:\/\/inti.hr\/bs\/"},{"@type":"ListItem","position":2,"name":"Trgovina","item":"https:\/\/inti.hr\/bs\/trgovina\/"},{"@type":"ListItem","position":3,"name":"WC polica s podesivim policama"}]},{"@type":"WebSite","@id":"https:\/\/inti.hr\/bs\/#website","url":"https:\/\/inti.hr\/bs\/","name":"Inti","description":"trgovina","potentialAction":[{"@type":"SearchAction","target":{"@type":"EntryPoint","urlTemplate":"https:\/\/inti.hr\/bs\/?s={search_term_string}"},"query-input":{"@type":"PropertyValueSpecification","valueRequired":true,"valueName":"search_term_string"}}],"inLanguage":"bs-BA"}]}},"jetpack_sharing_enabled":true,"jetpack-related-posts":[],"_links":{"self":[{"href":"https:\/\/inti.hr\/bs\/wp-json\/wp\/v2\/product\/32171"}],"collection":[{"href":"https:\/\/inti.hr\/bs\/wp-json\/wp\/v2\/product"}],"about":[{"href":"https:\/\/inti.hr\/bs\/wp-json\/wp\/v2\/types\/product"}],"wp:featuredmedia":[{"embeddable":true,"href":"https:\/\/inti.hr\/bs\/wp-json\/wp\/v2\/media\/32173"}],"wp:attachment":[{"href":"https:\/\/inti.hr\/bs\/wp-json\/wp\/v2\/media?parent=32171"}],"wp:term":[{"taxonomy":"product_cat","embeddable":true,"href":"https:\/\/inti.hr\/bs\/wp-json\/wp\/v2\/product_cat?post=32171"},{"taxonomy":"product_tag","embeddable":true,"href":"https:\/\/inti.hr\/bs\/wp-json\/wp\/v2\/product_tag?post=32171"}],"curies":[{"name":"wp","href":"https:\/\/api.w.org\/{rel}","templated":true}]}}