{"id":32181,"date":"2024-08-07T11:00:19","date_gmt":"2024-08-07T10:00:19","guid":{"rendered":"https:\/\/inti.hr\/product\/kupaonski-ormaric-s-krilnim-vratima-u-skandinavskom-stilu\/"},"modified":"2024-08-07T11:00:19","modified_gmt":"2024-08-07T10:00:19","slug":"kupaonski-ormaric-s-krilnim-vratima-u-skandinavskom-stilu","status":"publish","type":"product","link":"https:\/\/inti.hr\/bs\/proizvod\/kupaonski-ormaric-s-krilnim-vratima-u-skandinavskom-stilu\/","title":{"rendered":"Kupaonski ormari\u0107 s krilnim vratima u skandinavskom stilu"},"content":{"rendered":"<p>Detalji o proizvodu:<br \/>\nBoja bijela<br \/>\nMaterijal: MDF razreda E1 (vlaknasta plo\u010da srednje gusto\u0107e)<br \/>\nVeli\u010dina: 32 x 30 x 170 cm (D x \u0160 x V)<br \/>\nTe\u017eina: 15,9 kg<br \/>\nMaksimalna stati\u010dka nosivost: 20 kg<\/p>\n","protected":false},"excerpt":{"rendered":"<p>Letvi\u010dasta vrata ovog kupaonskog ormari\u0107a izra\u0111ena od MDF-a klase E1 osiguravaju &#8230; <\/p>\n","protected":false},"featured_media":32182,"template":"","meta":[],"product_cat":[2392],"product_tag":[2520,3246],"yoast_head":"<!-- This site is optimized with the Yoast SEO plugin v23.7 - https:\/\/yoast.com\/wordpress\/plugins\/seo\/ -->\n<title>Kupaonski ormari\u0107 s krilnim vratima u skandinavskom stilu - Inti<\/title>\n<meta name=\"description\" content=\"Letvi\u010dasta vrata ovog kupaonskog ormari\u0107a izra\u0111ena od MDF-a klase E1 osiguravaju optimalnu cirkulaciju zraka tako da posu\u0111e pohranjeno u ormari\u0107u mo\u017ee slobodno disati dok \u010deka na sljede\u0107u upotrebu. \u017delite maksimalno iskoristiti vertikalni prostor? Onda je sada vrijeme za ovaj visoki ormar! Mo\u017eete ga koristiti ne samo u kupaonici, ve\u0107 iu hodniku ili dnevnoj sobi - dobro se sla\u017ee s razli\u010ditim namje\u0161tajem. Jasne upute na 5 jezika i numerirani pojedina\u010dni dijelovi olak\u0161avaju sastavljanje ovog ormari\u0107a. Osim toga, za\u0161tita od prevrtanja osigurava sigurno okru\u017eenje za va\u0161u obitelj. Postavite ovaj kupaonski ormari\u0107 pored umivaonika i pohranite svoje kozmeti\u010dke proizvode iza 2 vrata ormari\u0107a. Ostali sitni predmeti stanu u ladicu - tako da imate sve nadohvat ruke! Iza\u0111ite iz kade, zamotajte mokru kosu u ru\u010dnik, obucite ku\u0107ni ogrta\u010d, uzmite bocu vina s police u obliku slova X i nato\u010dite veliki gutljaj dobrog vina u \u010da\u0161u...\" \/>\n<meta name=\"robots\" content=\"index, follow, max-snippet:-1, max-image-preview:large, max-video-preview:-1\" \/>\n<link rel=\"canonical\" href=\"https:\/\/inti.hr\/bs\/proizvod\/kupaonski-ormaric-s-krilnim-vratima-u-skandinavskom-stilu\/\" \/>\n<meta property=\"og:locale\" content=\"bs_BA\" \/>\n<meta property=\"og:type\" content=\"article\" \/>\n<meta property=\"og:title\" content=\"Kupaonski ormari\u0107 s krilnim vratima u skandinavskom stilu - Inti\" \/>\n<meta property=\"og:description\" content=\"Letvi\u010dasta vrata ovog kupaonskog ormari\u0107a izra\u0111ena od MDF-a klase E1 osiguravaju optimalnu cirkulaciju zraka tako da posu\u0111e pohranjeno u ormari\u0107u mo\u017ee slobodno disati dok \u010deka na sljede\u0107u upotrebu. \u017delite maksimalno iskoristiti vertikalni prostor? Onda je sada vrijeme za ovaj visoki ormar! Mo\u017eete ga koristiti ne samo u kupaonici, ve\u0107 iu hodniku ili dnevnoj sobi - dobro se sla\u017ee s razli\u010ditim namje\u0161tajem. Jasne upute na 5 jezika i numerirani pojedina\u010dni dijelovi olak\u0161avaju sastavljanje ovog ormari\u0107a. Osim toga, za\u0161tita od prevrtanja osigurava sigurno okru\u017eenje za va\u0161u obitelj. Postavite ovaj kupaonski ormari\u0107 pored umivaonika i pohranite svoje kozmeti\u010dke proizvode iza 2 vrata ormari\u0107a. Ostali sitni predmeti stanu u ladicu - tako da imate sve nadohvat ruke! Iza\u0111ite iz kade, zamotajte mokru kosu u ru\u010dnik, obucite ku\u0107ni ogrta\u010d, uzmite bocu vina s police u obliku slova X i nato\u010dite veliki gutljaj dobrog vina u \u010da\u0161u...\" \/>\n<meta property=\"og:url\" content=\"https:\/\/inti.hr\/bs\/proizvod\/kupaonski-ormaric-s-krilnim-vratima-u-skandinavskom-stilu\/\" \/>\n<meta property=\"og:site_name\" content=\"Inti\" \/>\n<meta property=\"og:image\" content=\"https:\/\/i0.wp.com\/inti.hr\/wp-content\/uploads\/2024\/08\/BBC69WT-1.jpg?fit=1000%2C1000&ssl=1\" \/>\n\t<meta property=\"og:image:width\" content=\"1000\" \/>\n\t<meta property=\"og:image:height\" content=\"1000\" \/>\n\t<meta property=\"og:image:type\" content=\"image\/jpeg\" \/>\n<meta name=\"twitter:card\" content=\"summary_large_image\" \/>\n<script type=\"application\/ld+json\" class=\"yoast-schema-graph\">{\"@context\":\"https:\/\/schema.org\",\"@graph\":[{\"@type\":\"WebPage\",\"@id\":\"https:\/\/inti.hr\/bs\/proizvod\/kupaonski-ormaric-s-krilnim-vratima-u-skandinavskom-stilu\/\",\"url\":\"https:\/\/inti.hr\/bs\/proizvod\/kupaonski-ormaric-s-krilnim-vratima-u-skandinavskom-stilu\/\",\"name\":\"Kupaonski ormari\u0107 s krilnim vratima u skandinavskom stilu - Inti\",\"isPartOf\":{\"@id\":\"https:\/\/inti.hr\/bs\/#website\"},\"primaryImageOfPage\":{\"@id\":\"https:\/\/inti.hr\/bs\/proizvod\/kupaonski-ormaric-s-krilnim-vratima-u-skandinavskom-stilu\/#primaryimage\"},\"image\":{\"@id\":\"https:\/\/inti.hr\/bs\/proizvod\/kupaonski-ormaric-s-krilnim-vratima-u-skandinavskom-stilu\/#primaryimage\"},\"thumbnailUrl\":\"https:\/\/i0.wp.com\/inti.hr\/wp-content\/uploads\/2024\/08\/BBC69WT-1.jpg?fit=1000%2C1000&ssl=1\",\"datePublished\":\"2024-08-07T10:00:19+00:00\",\"dateModified\":\"2024-08-07T10:00:19+00:00\",\"description\":\"Letvi\u010dasta vrata ovog kupaonskog ormari\u0107a izra\u0111ena od MDF-a klase E1 osiguravaju optimalnu cirkulaciju zraka tako da posu\u0111e pohranjeno u ormari\u0107u mo\u017ee slobodno disati dok \u010deka na sljede\u0107u upotrebu. \u017delite maksimalno iskoristiti vertikalni prostor? Onda je sada vrijeme za ovaj visoki ormar! Mo\u017eete ga koristiti ne samo u kupaonici, ve\u0107 iu hodniku ili dnevnoj sobi - dobro se sla\u017ee s razli\u010ditim namje\u0161tajem. Jasne upute na 5 jezika i numerirani pojedina\u010dni dijelovi olak\u0161avaju sastavljanje ovog ormari\u0107a. Osim toga, za\u0161tita od prevrtanja osigurava sigurno okru\u017eenje za va\u0161u obitelj. Postavite ovaj kupaonski ormari\u0107 pored umivaonika i pohranite svoje kozmeti\u010dke proizvode iza 2 vrata ormari\u0107a. Ostali sitni predmeti stanu u ladicu - tako da imate sve nadohvat ruke! Iza\u0111ite iz kade, zamotajte mokru kosu u ru\u010dnik, obucite ku\u0107ni ogrta\u010d, uzmite bocu vina s police u obliku slova X i nato\u010dite veliki gutljaj dobrog vina u \u010da\u0161u...\",\"breadcrumb\":{\"@id\":\"https:\/\/inti.hr\/bs\/proizvod\/kupaonski-ormaric-s-krilnim-vratima-u-skandinavskom-stilu\/#breadcrumb\"},\"inLanguage\":\"bs-BA\",\"potentialAction\":[{\"@type\":\"ReadAction\",\"target\":[\"https:\/\/inti.hr\/bs\/proizvod\/kupaonski-ormaric-s-krilnim-vratima-u-skandinavskom-stilu\/\"]}]},{\"@type\":\"ImageObject\",\"inLanguage\":\"bs-BA\",\"@id\":\"https:\/\/inti.hr\/bs\/proizvod\/kupaonski-ormaric-s-krilnim-vratima-u-skandinavskom-stilu\/#primaryimage\",\"url\":\"https:\/\/i0.wp.com\/inti.hr\/wp-content\/uploads\/2024\/08\/BBC69WT-1.jpg?fit=1000%2C1000&ssl=1\",\"contentUrl\":\"https:\/\/i0.wp.com\/inti.hr\/wp-content\/uploads\/2024\/08\/BBC69WT-1.jpg?fit=1000%2C1000&ssl=1\",\"width\":1000,\"height\":1000,\"caption\":\"VASAGLE kupaonski ormari\u0107 s krilnim vratima u skandinavskom stilu\"},{\"@type\":\"BreadcrumbList\",\"@id\":\"https:\/\/inti.hr\/bs\/proizvod\/kupaonski-ormaric-s-krilnim-vratima-u-skandinavskom-stilu\/#breadcrumb\",\"itemListElement\":[{\"@type\":\"ListItem\",\"position\":1,\"name\":\"Po\u010detna stranica\",\"item\":\"https:\/\/inti.hr\/bs\/\"},{\"@type\":\"ListItem\",\"position\":2,\"name\":\"Trgovina\",\"item\":\"https:\/\/inti.hr\/bs\/trgovina\/\"},{\"@type\":\"ListItem\",\"position\":3,\"name\":\"Kupaonski ormari\u0107 s krilnim vratima u skandinavskom stilu\"}]},{\"@type\":\"WebSite\",\"@id\":\"https:\/\/inti.hr\/bs\/#website\",\"url\":\"https:\/\/inti.hr\/bs\/\",\"name\":\"Inti\",\"description\":\"trgovina\",\"potentialAction\":[{\"@type\":\"SearchAction\",\"target\":{\"@type\":\"EntryPoint\",\"urlTemplate\":\"https:\/\/inti.hr\/bs\/?s={search_term_string}\"},\"query-input\":{\"@type\":\"PropertyValueSpecification\",\"valueRequired\":true,\"valueName\":\"search_term_string\"}}],\"inLanguage\":\"bs-BA\"}]}<\/script>\n<!-- \/ Yoast SEO plugin. -->","yoast_head_json":{"title":"Kupaonski ormari\u0107 s krilnim vratima u skandinavskom stilu - Inti","description":"Letvi\u010dasta vrata ovog kupaonskog ormari\u0107a izra\u0111ena od MDF-a klase E1 osiguravaju optimalnu cirkulaciju zraka tako da posu\u0111e pohranjeno u ormari\u0107u mo\u017ee slobodno disati dok \u010deka na sljede\u0107u upotrebu. \u017delite maksimalno iskoristiti vertikalni prostor? Onda je sada vrijeme za ovaj visoki ormar! Mo\u017eete ga koristiti ne samo u kupaonici, ve\u0107 iu hodniku ili dnevnoj sobi - dobro se sla\u017ee s razli\u010ditim namje\u0161tajem. Jasne upute na 5 jezika i numerirani pojedina\u010dni dijelovi olak\u0161avaju sastavljanje ovog ormari\u0107a. Osim toga, za\u0161tita od prevrtanja osigurava sigurno okru\u017eenje za va\u0161u obitelj. Postavite ovaj kupaonski ormari\u0107 pored umivaonika i pohranite svoje kozmeti\u010dke proizvode iza 2 vrata ormari\u0107a. Ostali sitni predmeti stanu u ladicu - tako da imate sve nadohvat ruke! Iza\u0111ite iz kade, zamotajte mokru kosu u ru\u010dnik, obucite ku\u0107ni ogrta\u010d, uzmite bocu vina s police u obliku slova X i nato\u010dite veliki gutljaj dobrog vina u \u010da\u0161u...","robots":{"index":"index","follow":"follow","max-snippet":"max-snippet:-1","max-image-preview":"max-image-preview:large","max-video-preview":"max-video-preview:-1"},"canonical":"https:\/\/inti.hr\/bs\/proizvod\/kupaonski-ormaric-s-krilnim-vratima-u-skandinavskom-stilu\/","og_locale":"bs_BA","og_type":"article","og_title":"Kupaonski ormari\u0107 s krilnim vratima u skandinavskom stilu - Inti","og_description":"Letvi\u010dasta vrata ovog kupaonskog ormari\u0107a izra\u0111ena od MDF-a klase E1 osiguravaju optimalnu cirkulaciju zraka tako da posu\u0111e pohranjeno u ormari\u0107u mo\u017ee slobodno disati dok \u010deka na sljede\u0107u upotrebu. \u017delite maksimalno iskoristiti vertikalni prostor? Onda je sada vrijeme za ovaj visoki ormar! Mo\u017eete ga koristiti ne samo u kupaonici, ve\u0107 iu hodniku ili dnevnoj sobi - dobro se sla\u017ee s razli\u010ditim namje\u0161tajem. Jasne upute na 5 jezika i numerirani pojedina\u010dni dijelovi olak\u0161avaju sastavljanje ovog ormari\u0107a. Osim toga, za\u0161tita od prevrtanja osigurava sigurno okru\u017eenje za va\u0161u obitelj. Postavite ovaj kupaonski ormari\u0107 pored umivaonika i pohranite svoje kozmeti\u010dke proizvode iza 2 vrata ormari\u0107a. Ostali sitni predmeti stanu u ladicu - tako da imate sve nadohvat ruke! Iza\u0111ite iz kade, zamotajte mokru kosu u ru\u010dnik, obucite ku\u0107ni ogrta\u010d, uzmite bocu vina s police u obliku slova X i nato\u010dite veliki gutljaj dobrog vina u \u010da\u0161u...","og_url":"https:\/\/inti.hr\/bs\/proizvod\/kupaonski-ormaric-s-krilnim-vratima-u-skandinavskom-stilu\/","og_site_name":"Inti","og_image":[{"width":1000,"height":1000,"url":"https:\/\/i0.wp.com\/inti.hr\/wp-content\/uploads\/2024\/08\/BBC69WT-1.jpg?fit=1000%2C1000&ssl=1","type":"image\/jpeg"}],"twitter_card":"summary_large_image","schema":{"@context":"https:\/\/schema.org","@graph":[{"@type":"WebPage","@id":"https:\/\/inti.hr\/bs\/proizvod\/kupaonski-ormaric-s-krilnim-vratima-u-skandinavskom-stilu\/","url":"https:\/\/inti.hr\/bs\/proizvod\/kupaonski-ormaric-s-krilnim-vratima-u-skandinavskom-stilu\/","name":"Kupaonski ormari\u0107 s krilnim vratima u skandinavskom stilu - Inti","isPartOf":{"@id":"https:\/\/inti.hr\/bs\/#website"},"primaryImageOfPage":{"@id":"https:\/\/inti.hr\/bs\/proizvod\/kupaonski-ormaric-s-krilnim-vratima-u-skandinavskom-stilu\/#primaryimage"},"image":{"@id":"https:\/\/inti.hr\/bs\/proizvod\/kupaonski-ormaric-s-krilnim-vratima-u-skandinavskom-stilu\/#primaryimage"},"thumbnailUrl":"https:\/\/i0.wp.com\/inti.hr\/wp-content\/uploads\/2024\/08\/BBC69WT-1.jpg?fit=1000%2C1000&ssl=1","datePublished":"2024-08-07T10:00:19+00:00","dateModified":"2024-08-07T10:00:19+00:00","description":"Letvi\u010dasta vrata ovog kupaonskog ormari\u0107a izra\u0111ena od MDF-a klase E1 osiguravaju optimalnu cirkulaciju zraka tako da posu\u0111e pohranjeno u ormari\u0107u mo\u017ee slobodno disati dok \u010deka na sljede\u0107u upotrebu. \u017delite maksimalno iskoristiti vertikalni prostor? Onda je sada vrijeme za ovaj visoki ormar! Mo\u017eete ga koristiti ne samo u kupaonici, ve\u0107 iu hodniku ili dnevnoj sobi - dobro se sla\u017ee s razli\u010ditim namje\u0161tajem. Jasne upute na 5 jezika i numerirani pojedina\u010dni dijelovi olak\u0161avaju sastavljanje ovog ormari\u0107a. Osim toga, za\u0161tita od prevrtanja osigurava sigurno okru\u017eenje za va\u0161u obitelj. Postavite ovaj kupaonski ormari\u0107 pored umivaonika i pohranite svoje kozmeti\u010dke proizvode iza 2 vrata ormari\u0107a. Ostali sitni predmeti stanu u ladicu - tako da imate sve nadohvat ruke! Iza\u0111ite iz kade, zamotajte mokru kosu u ru\u010dnik, obucite ku\u0107ni ogrta\u010d, uzmite bocu vina s police u obliku slova X i nato\u010dite veliki gutljaj dobrog vina u \u010da\u0161u...","breadcrumb":{"@id":"https:\/\/inti.hr\/bs\/proizvod\/kupaonski-ormaric-s-krilnim-vratima-u-skandinavskom-stilu\/#breadcrumb"},"inLanguage":"bs-BA","potentialAction":[{"@type":"ReadAction","target":["https:\/\/inti.hr\/bs\/proizvod\/kupaonski-ormaric-s-krilnim-vratima-u-skandinavskom-stilu\/"]}]},{"@type":"ImageObject","inLanguage":"bs-BA","@id":"https:\/\/inti.hr\/bs\/proizvod\/kupaonski-ormaric-s-krilnim-vratima-u-skandinavskom-stilu\/#primaryimage","url":"https:\/\/i0.wp.com\/inti.hr\/wp-content\/uploads\/2024\/08\/BBC69WT-1.jpg?fit=1000%2C1000&ssl=1","contentUrl":"https:\/\/i0.wp.com\/inti.hr\/wp-content\/uploads\/2024\/08\/BBC69WT-1.jpg?fit=1000%2C1000&ssl=1","width":1000,"height":1000,"caption":"VASAGLE kupaonski ormari\u0107 s krilnim vratima u skandinavskom stilu"},{"@type":"BreadcrumbList","@id":"https:\/\/inti.hr\/bs\/proizvod\/kupaonski-ormaric-s-krilnim-vratima-u-skandinavskom-stilu\/#breadcrumb","itemListElement":[{"@type":"ListItem","position":1,"name":"Po\u010detna stranica","item":"https:\/\/inti.hr\/bs\/"},{"@type":"ListItem","position":2,"name":"Trgovina","item":"https:\/\/inti.hr\/bs\/trgovina\/"},{"@type":"ListItem","position":3,"name":"Kupaonski ormari\u0107 s krilnim vratima u skandinavskom stilu"}]},{"@type":"WebSite","@id":"https:\/\/inti.hr\/bs\/#website","url":"https:\/\/inti.hr\/bs\/","name":"Inti","description":"trgovina","potentialAction":[{"@type":"SearchAction","target":{"@type":"EntryPoint","urlTemplate":"https:\/\/inti.hr\/bs\/?s={search_term_string}"},"query-input":{"@type":"PropertyValueSpecification","valueRequired":true,"valueName":"search_term_string"}}],"inLanguage":"bs-BA"}]}},"jetpack_sharing_enabled":true,"jetpack-related-posts":[],"_links":{"self":[{"href":"https:\/\/inti.hr\/bs\/wp-json\/wp\/v2\/product\/32181"}],"collection":[{"href":"https:\/\/inti.hr\/bs\/wp-json\/wp\/v2\/product"}],"about":[{"href":"https:\/\/inti.hr\/bs\/wp-json\/wp\/v2\/types\/product"}],"wp:featuredmedia":[{"embeddable":true,"href":"https:\/\/inti.hr\/bs\/wp-json\/wp\/v2\/media\/32182"}],"wp:attachment":[{"href":"https:\/\/inti.hr\/bs\/wp-json\/wp\/v2\/media?parent=32181"}],"wp:term":[{"taxonomy":"product_cat","embeddable":true,"href":"https:\/\/inti.hr\/bs\/wp-json\/wp\/v2\/product_cat?post=32181"},{"taxonomy":"product_tag","embeddable":true,"href":"https:\/\/inti.hr\/bs\/wp-json\/wp\/v2\/product_tag?post=32181"}],"curies":[{"name":"wp","href":"https:\/\/api.w.org\/{rel}","templated":true}]}}