{"id":32197,"date":"2024-08-06T11:43:34","date_gmt":"2024-08-06T10:43:34","guid":{"rendered":"https:\/\/inti.hr\/product\/moderne-blagovaonske-stolice-set-od-2-s-naslonima-za-ruke\/"},"modified":"2024-08-06T11:43:34","modified_gmt":"2024-08-06T10:43:34","slug":"moderne-blagovaonske-stolice-set-od-2-s-naslonima-za-ruke","status":"publish","type":"product","link":"https:\/\/inti.hr\/bs\/proizvod\/moderne-blagovaonske-stolice-set-od-2-s-naslonima-za-ruke\/","title":{"rendered":"Moderne blagovaonske stolice set od 2 s naslonima za ruke"},"content":{"rendered":"<p>Detalji o proizvodu:<br \/>\nBoja: Tamno siva<br \/>\nMaterijal: \u010delik, mje\u0161avina pamuka i lana, pjena, PU<br \/>\nVeli\u010dina po stolcu: 56,4 x 58 x 81 cm (D x \u0160 x V)<br \/>\nVeli\u010dina sjedala po stolcu: 44,5 x 50 cm (D x \u0160)<br \/>\nVisina sjedala: 47,5 cm<br \/>\nTe\u017eina po stolici: 8,5 kg<br \/>\nMaksimalna stati\u010dka nosivost po stolici: 120 kg<\/p>\n","protected":false},"excerpt":{"rendered":"<p>Sjedalo 44,5 x 50 cm, visoki naslon za le\u0111a i ruke &#8230; <\/p>\n","protected":false},"featured_media":32198,"template":"","meta":[],"product_cat":[2570],"product_tag":[2571,3256],"yoast_head":"<!-- This site is optimized with the Yoast SEO plugin v23.7 - https:\/\/yoast.com\/wordpress\/plugins\/seo\/ -->\n<title>Moderne blagovaonske stolice set od 2 s naslonima za ruke - Inti<\/title>\n<meta name=\"description\" content=\"Sjedalo 44,5 x 50 cm, visoki naslon za le\u0111a i ruke poput zagrljaja od ljubavi, jastuk debljine 8 cm i prozra\u010dna tkanina - sve to osigurava visoku udobnost sjedenja. Noge stolice izra\u0111ene su od metala, \u0161to osigurava \u010dvrsto\u0107u i izdr\u017eljivost; sjedalo izra\u0111eno od prozra\u010dne mje\u0161avine pamuka i lana, stra\u017enja povr\u0161ina naslona izra\u0111ena od PU glatka je i laka za \u010di\u0161\u0107enje. Zahvaljuju\u0107i jednostavnoj strukturi, monta\u017ea se odvija u samo 2 koraka. Jednostavno zategnite 5 vijaka i stolac je spreman za upotrebu. Vrijeme je za u\u017eivanje u opu\u0161taju\u0107im trenucima! \u00a0\u010ciste linije, crne noge stolca i zaobljeni rubovi - kombinacija ovih elemenata daje ovim blagovaonskim stolcima atraktivan dodir i \u010dini da o\u010di va\u0161ih gostiju sjaje! Podesive nogice dr\u017ee kuhinjske stolice stabilne \u010dak i na blago neravnim podovima dok istovremeno \u0161tite va\u0161 pod od ogrebotina.\" \/>\n<meta name=\"robots\" content=\"index, follow, max-snippet:-1, max-image-preview:large, max-video-preview:-1\" \/>\n<link rel=\"canonical\" href=\"https:\/\/inti.hr\/bs\/proizvod\/moderne-blagovaonske-stolice-set-od-2-s-naslonima-za-ruke\/\" \/>\n<meta property=\"og:locale\" content=\"bs_BA\" \/>\n<meta property=\"og:type\" content=\"article\" \/>\n<meta property=\"og:title\" content=\"Moderne blagovaonske stolice set od 2 s naslonima za ruke - Inti\" \/>\n<meta property=\"og:description\" content=\"Sjedalo 44,5 x 50 cm, visoki naslon za le\u0111a i ruke poput zagrljaja od ljubavi, jastuk debljine 8 cm i prozra\u010dna tkanina - sve to osigurava visoku udobnost sjedenja. Noge stolice izra\u0111ene su od metala, \u0161to osigurava \u010dvrsto\u0107u i izdr\u017eljivost; sjedalo izra\u0111eno od prozra\u010dne mje\u0161avine pamuka i lana, stra\u017enja povr\u0161ina naslona izra\u0111ena od PU glatka je i laka za \u010di\u0161\u0107enje. Zahvaljuju\u0107i jednostavnoj strukturi, monta\u017ea se odvija u samo 2 koraka. Jednostavno zategnite 5 vijaka i stolac je spreman za upotrebu. Vrijeme je za u\u017eivanje u opu\u0161taju\u0107im trenucima! \u00a0\u010ciste linije, crne noge stolca i zaobljeni rubovi - kombinacija ovih elemenata daje ovim blagovaonskim stolcima atraktivan dodir i \u010dini da o\u010di va\u0161ih gostiju sjaje! Podesive nogice dr\u017ee kuhinjske stolice stabilne \u010dak i na blago neravnim podovima dok istovremeno \u0161tite va\u0161 pod od ogrebotina.\" \/>\n<meta property=\"og:url\" content=\"https:\/\/inti.hr\/bs\/proizvod\/moderne-blagovaonske-stolice-set-od-2-s-naslonima-za-ruke\/\" \/>\n<meta property=\"og:site_name\" content=\"Inti\" \/>\n<meta property=\"og:image\" content=\"https:\/\/i0.wp.com\/inti.hr\/wp-content\/uploads\/2024\/08\/LDC102G01-1.jpg?fit=1000%2C1000&ssl=1\" \/>\n\t<meta property=\"og:image:width\" content=\"1000\" \/>\n\t<meta property=\"og:image:height\" content=\"1000\" \/>\n\t<meta property=\"og:image:type\" content=\"image\/jpeg\" \/>\n<meta name=\"twitter:card\" content=\"summary_large_image\" \/>\n<meta name=\"twitter:label1\" content=\"Est. reading time\" \/>\n\t<meta name=\"twitter:data1\" content=\"1 minuta\" \/>\n<script type=\"application\/ld+json\" class=\"yoast-schema-graph\">{\"@context\":\"https:\/\/schema.org\",\"@graph\":[{\"@type\":\"WebPage\",\"@id\":\"https:\/\/inti.hr\/bs\/proizvod\/moderne-blagovaonske-stolice-set-od-2-s-naslonima-za-ruke\/\",\"url\":\"https:\/\/inti.hr\/bs\/proizvod\/moderne-blagovaonske-stolice-set-od-2-s-naslonima-za-ruke\/\",\"name\":\"Moderne blagovaonske stolice set od 2 s naslonima za ruke - Inti\",\"isPartOf\":{\"@id\":\"https:\/\/inti.hr\/bs\/#website\"},\"primaryImageOfPage\":{\"@id\":\"https:\/\/inti.hr\/bs\/proizvod\/moderne-blagovaonske-stolice-set-od-2-s-naslonima-za-ruke\/#primaryimage\"},\"image\":{\"@id\":\"https:\/\/inti.hr\/bs\/proizvod\/moderne-blagovaonske-stolice-set-od-2-s-naslonima-za-ruke\/#primaryimage\"},\"thumbnailUrl\":\"https:\/\/i0.wp.com\/inti.hr\/wp-content\/uploads\/2024\/08\/LDC102G01-1.jpg?fit=1000%2C1000&ssl=1\",\"datePublished\":\"2024-08-06T10:43:34+00:00\",\"dateModified\":\"2024-08-06T10:43:34+00:00\",\"description\":\"Sjedalo 44,5 x 50 cm, visoki naslon za le\u0111a i ruke poput zagrljaja od ljubavi, jastuk debljine 8 cm i prozra\u010dna tkanina - sve to osigurava visoku udobnost sjedenja. Noge stolice izra\u0111ene su od metala, \u0161to osigurava \u010dvrsto\u0107u i izdr\u017eljivost; sjedalo izra\u0111eno od prozra\u010dne mje\u0161avine pamuka i lana, stra\u017enja povr\u0161ina naslona izra\u0111ena od PU glatka je i laka za \u010di\u0161\u0107enje. Zahvaljuju\u0107i jednostavnoj strukturi, monta\u017ea se odvija u samo 2 koraka. Jednostavno zategnite 5 vijaka i stolac je spreman za upotrebu. Vrijeme je za u\u017eivanje u opu\u0161taju\u0107im trenucima! \u00a0\u010ciste linije, crne noge stolca i zaobljeni rubovi - kombinacija ovih elemenata daje ovim blagovaonskim stolcima atraktivan dodir i \u010dini da o\u010di va\u0161ih gostiju sjaje! Podesive nogice dr\u017ee kuhinjske stolice stabilne \u010dak i na blago neravnim podovima dok istovremeno \u0161tite va\u0161 pod od ogrebotina.\",\"breadcrumb\":{\"@id\":\"https:\/\/inti.hr\/bs\/proizvod\/moderne-blagovaonske-stolice-set-od-2-s-naslonima-za-ruke\/#breadcrumb\"},\"inLanguage\":\"bs-BA\",\"potentialAction\":[{\"@type\":\"ReadAction\",\"target\":[\"https:\/\/inti.hr\/bs\/proizvod\/moderne-blagovaonske-stolice-set-od-2-s-naslonima-za-ruke\/\"]}]},{\"@type\":\"ImageObject\",\"inLanguage\":\"bs-BA\",\"@id\":\"https:\/\/inti.hr\/bs\/proizvod\/moderne-blagovaonske-stolice-set-od-2-s-naslonima-za-ruke\/#primaryimage\",\"url\":\"https:\/\/i0.wp.com\/inti.hr\/wp-content\/uploads\/2024\/08\/LDC102G01-1.jpg?fit=1000%2C1000&ssl=1\",\"contentUrl\":\"https:\/\/i0.wp.com\/inti.hr\/wp-content\/uploads\/2024\/08\/LDC102G01-1.jpg?fit=1000%2C1000&ssl=1\",\"width\":1000,\"height\":1000,\"caption\":\"moderne blagovaonske stolice set od 2 s naslonima za ruke\"},{\"@type\":\"BreadcrumbList\",\"@id\":\"https:\/\/inti.hr\/bs\/proizvod\/moderne-blagovaonske-stolice-set-od-2-s-naslonima-za-ruke\/#breadcrumb\",\"itemListElement\":[{\"@type\":\"ListItem\",\"position\":1,\"name\":\"Po\u010detna stranica\",\"item\":\"https:\/\/inti.hr\/bs\/\"},{\"@type\":\"ListItem\",\"position\":2,\"name\":\"Trgovina\",\"item\":\"https:\/\/inti.hr\/bs\/trgovina\/\"},{\"@type\":\"ListItem\",\"position\":3,\"name\":\"Moderne blagovaonske stolice set od 2 s naslonima za ruke\"}]},{\"@type\":\"WebSite\",\"@id\":\"https:\/\/inti.hr\/bs\/#website\",\"url\":\"https:\/\/inti.hr\/bs\/\",\"name\":\"Inti\",\"description\":\"trgovina\",\"potentialAction\":[{\"@type\":\"SearchAction\",\"target\":{\"@type\":\"EntryPoint\",\"urlTemplate\":\"https:\/\/inti.hr\/bs\/?s={search_term_string}\"},\"query-input\":{\"@type\":\"PropertyValueSpecification\",\"valueRequired\":true,\"valueName\":\"search_term_string\"}}],\"inLanguage\":\"bs-BA\"}]}<\/script>\n<!-- \/ Yoast SEO plugin. -->","yoast_head_json":{"title":"Moderne blagovaonske stolice set od 2 s naslonima za ruke - Inti","description":"Sjedalo 44,5 x 50 cm, visoki naslon za le\u0111a i ruke poput zagrljaja od ljubavi, jastuk debljine 8 cm i prozra\u010dna tkanina - sve to osigurava visoku udobnost sjedenja. Noge stolice izra\u0111ene su od metala, \u0161to osigurava \u010dvrsto\u0107u i izdr\u017eljivost; sjedalo izra\u0111eno od prozra\u010dne mje\u0161avine pamuka i lana, stra\u017enja povr\u0161ina naslona izra\u0111ena od PU glatka je i laka za \u010di\u0161\u0107enje. Zahvaljuju\u0107i jednostavnoj strukturi, monta\u017ea se odvija u samo 2 koraka. Jednostavno zategnite 5 vijaka i stolac je spreman za upotrebu. Vrijeme je za u\u017eivanje u opu\u0161taju\u0107im trenucima! \u00a0\u010ciste linije, crne noge stolca i zaobljeni rubovi - kombinacija ovih elemenata daje ovim blagovaonskim stolcima atraktivan dodir i \u010dini da o\u010di va\u0161ih gostiju sjaje! Podesive nogice dr\u017ee kuhinjske stolice stabilne \u010dak i na blago neravnim podovima dok istovremeno \u0161tite va\u0161 pod od ogrebotina.","robots":{"index":"index","follow":"follow","max-snippet":"max-snippet:-1","max-image-preview":"max-image-preview:large","max-video-preview":"max-video-preview:-1"},"canonical":"https:\/\/inti.hr\/bs\/proizvod\/moderne-blagovaonske-stolice-set-od-2-s-naslonima-za-ruke\/","og_locale":"bs_BA","og_type":"article","og_title":"Moderne blagovaonske stolice set od 2 s naslonima za ruke - Inti","og_description":"Sjedalo 44,5 x 50 cm, visoki naslon za le\u0111a i ruke poput zagrljaja od ljubavi, jastuk debljine 8 cm i prozra\u010dna tkanina - sve to osigurava visoku udobnost sjedenja. Noge stolice izra\u0111ene su od metala, \u0161to osigurava \u010dvrsto\u0107u i izdr\u017eljivost; sjedalo izra\u0111eno od prozra\u010dne mje\u0161avine pamuka i lana, stra\u017enja povr\u0161ina naslona izra\u0111ena od PU glatka je i laka za \u010di\u0161\u0107enje. Zahvaljuju\u0107i jednostavnoj strukturi, monta\u017ea se odvija u samo 2 koraka. Jednostavno zategnite 5 vijaka i stolac je spreman za upotrebu. Vrijeme je za u\u017eivanje u opu\u0161taju\u0107im trenucima! \u00a0\u010ciste linije, crne noge stolca i zaobljeni rubovi - kombinacija ovih elemenata daje ovim blagovaonskim stolcima atraktivan dodir i \u010dini da o\u010di va\u0161ih gostiju sjaje! Podesive nogice dr\u017ee kuhinjske stolice stabilne \u010dak i na blago neravnim podovima dok istovremeno \u0161tite va\u0161 pod od ogrebotina.","og_url":"https:\/\/inti.hr\/bs\/proizvod\/moderne-blagovaonske-stolice-set-od-2-s-naslonima-za-ruke\/","og_site_name":"Inti","og_image":[{"width":1000,"height":1000,"url":"https:\/\/i0.wp.com\/inti.hr\/wp-content\/uploads\/2024\/08\/LDC102G01-1.jpg?fit=1000%2C1000&ssl=1","type":"image\/jpeg"}],"twitter_card":"summary_large_image","twitter_misc":{"Est. reading time":"1 minuta"},"schema":{"@context":"https:\/\/schema.org","@graph":[{"@type":"WebPage","@id":"https:\/\/inti.hr\/bs\/proizvod\/moderne-blagovaonske-stolice-set-od-2-s-naslonima-za-ruke\/","url":"https:\/\/inti.hr\/bs\/proizvod\/moderne-blagovaonske-stolice-set-od-2-s-naslonima-za-ruke\/","name":"Moderne blagovaonske stolice set od 2 s naslonima za ruke - Inti","isPartOf":{"@id":"https:\/\/inti.hr\/bs\/#website"},"primaryImageOfPage":{"@id":"https:\/\/inti.hr\/bs\/proizvod\/moderne-blagovaonske-stolice-set-od-2-s-naslonima-za-ruke\/#primaryimage"},"image":{"@id":"https:\/\/inti.hr\/bs\/proizvod\/moderne-blagovaonske-stolice-set-od-2-s-naslonima-za-ruke\/#primaryimage"},"thumbnailUrl":"https:\/\/i0.wp.com\/inti.hr\/wp-content\/uploads\/2024\/08\/LDC102G01-1.jpg?fit=1000%2C1000&ssl=1","datePublished":"2024-08-06T10:43:34+00:00","dateModified":"2024-08-06T10:43:34+00:00","description":"Sjedalo 44,5 x 50 cm, visoki naslon za le\u0111a i ruke poput zagrljaja od ljubavi, jastuk debljine 8 cm i prozra\u010dna tkanina - sve to osigurava visoku udobnost sjedenja. Noge stolice izra\u0111ene su od metala, \u0161to osigurava \u010dvrsto\u0107u i izdr\u017eljivost; sjedalo izra\u0111eno od prozra\u010dne mje\u0161avine pamuka i lana, stra\u017enja povr\u0161ina naslona izra\u0111ena od PU glatka je i laka za \u010di\u0161\u0107enje. Zahvaljuju\u0107i jednostavnoj strukturi, monta\u017ea se odvija u samo 2 koraka. Jednostavno zategnite 5 vijaka i stolac je spreman za upotrebu. Vrijeme je za u\u017eivanje u opu\u0161taju\u0107im trenucima! \u00a0\u010ciste linije, crne noge stolca i zaobljeni rubovi - kombinacija ovih elemenata daje ovim blagovaonskim stolcima atraktivan dodir i \u010dini da o\u010di va\u0161ih gostiju sjaje! Podesive nogice dr\u017ee kuhinjske stolice stabilne \u010dak i na blago neravnim podovima dok istovremeno \u0161tite va\u0161 pod od ogrebotina.","breadcrumb":{"@id":"https:\/\/inti.hr\/bs\/proizvod\/moderne-blagovaonske-stolice-set-od-2-s-naslonima-za-ruke\/#breadcrumb"},"inLanguage":"bs-BA","potentialAction":[{"@type":"ReadAction","target":["https:\/\/inti.hr\/bs\/proizvod\/moderne-blagovaonske-stolice-set-od-2-s-naslonima-za-ruke\/"]}]},{"@type":"ImageObject","inLanguage":"bs-BA","@id":"https:\/\/inti.hr\/bs\/proizvod\/moderne-blagovaonske-stolice-set-od-2-s-naslonima-za-ruke\/#primaryimage","url":"https:\/\/i0.wp.com\/inti.hr\/wp-content\/uploads\/2024\/08\/LDC102G01-1.jpg?fit=1000%2C1000&ssl=1","contentUrl":"https:\/\/i0.wp.com\/inti.hr\/wp-content\/uploads\/2024\/08\/LDC102G01-1.jpg?fit=1000%2C1000&ssl=1","width":1000,"height":1000,"caption":"moderne blagovaonske stolice set od 2 s naslonima za ruke"},{"@type":"BreadcrumbList","@id":"https:\/\/inti.hr\/bs\/proizvod\/moderne-blagovaonske-stolice-set-od-2-s-naslonima-za-ruke\/#breadcrumb","itemListElement":[{"@type":"ListItem","position":1,"name":"Po\u010detna stranica","item":"https:\/\/inti.hr\/bs\/"},{"@type":"ListItem","position":2,"name":"Trgovina","item":"https:\/\/inti.hr\/bs\/trgovina\/"},{"@type":"ListItem","position":3,"name":"Moderne blagovaonske stolice set od 2 s naslonima za ruke"}]},{"@type":"WebSite","@id":"https:\/\/inti.hr\/bs\/#website","url":"https:\/\/inti.hr\/bs\/","name":"Inti","description":"trgovina","potentialAction":[{"@type":"SearchAction","target":{"@type":"EntryPoint","urlTemplate":"https:\/\/inti.hr\/bs\/?s={search_term_string}"},"query-input":{"@type":"PropertyValueSpecification","valueRequired":true,"valueName":"search_term_string"}}],"inLanguage":"bs-BA"}]}},"jetpack_sharing_enabled":true,"jetpack-related-posts":[],"_links":{"self":[{"href":"https:\/\/inti.hr\/bs\/wp-json\/wp\/v2\/product\/32197"}],"collection":[{"href":"https:\/\/inti.hr\/bs\/wp-json\/wp\/v2\/product"}],"about":[{"href":"https:\/\/inti.hr\/bs\/wp-json\/wp\/v2\/types\/product"}],"wp:featuredmedia":[{"embeddable":true,"href":"https:\/\/inti.hr\/bs\/wp-json\/wp\/v2\/media\/32198"}],"wp:attachment":[{"href":"https:\/\/inti.hr\/bs\/wp-json\/wp\/v2\/media?parent=32197"}],"wp:term":[{"taxonomy":"product_cat","embeddable":true,"href":"https:\/\/inti.hr\/bs\/wp-json\/wp\/v2\/product_cat?post=32197"},{"taxonomy":"product_tag","embeddable":true,"href":"https:\/\/inti.hr\/bs\/wp-json\/wp\/v2\/product_tag?post=32197"}],"curies":[{"name":"wp","href":"https:\/\/api.w.org\/{rel}","templated":true}]}}