{"id":32243,"date":"2024-07-31T15:03:37","date_gmt":"2024-07-31T14:03:37","guid":{"rendered":"https:\/\/inti.hr\/product\/toaletni-stol-s-osvjetljenjem-i-hollywood-ogledalom\/"},"modified":"2024-07-31T15:03:37","modified_gmt":"2024-07-31T14:03:37","slug":"toaletni-stol-s-osvjetljenjem-i-hollywood-ogledalom","status":"publish","type":"product","link":"https:\/\/inti.hr\/bs\/proizvod\/toaletni-stol-s-osvjetljenjem-i-hollywood-ogledalom\/","title":{"rendered":"Toaletni stol s osvjetljenjem i Hollywood ogledalom"},"content":{"rendered":"<h4><strong><span>Tehni\u010dki detalji<\/span><\/strong><\/h4>\n<ul>\n<li><span>Materijali: Toaletni stoli\u0107 &#8211; materijal drvo + staklo; Tabure &#8211; umjetna ko\u017ea + metal<\/span><\/li>\n<li><span>Boja bijela<\/span><\/li>\n<li><span>Dimenzije &#8211; stol: 75 x 136 x 40 cm (\u0160 x V x D)<\/span><\/li>\n<li><span>Dimenzije &#8211; Stolica: 38 x (43-58) cm (\u00d8 x V)<\/span><\/li>\n<li><span>Dimenzije &#8211; ogledalo: 40 x 60 cm (\u0160 x V)<\/span><\/li>\n<li><span>Nosivost &#8211; stol: 50 kg<\/span><\/li>\n<li><span>Nosivost &#8211; tabure: 130 kg<\/span><\/li>\n<\/ul>\n","protected":false},"excerpt":{"rendered":"<p>1 ladica s uklonjivom popre\u010dnom pregradom ispod plo\u010de stola 75&#215;40 cm &#8230; <\/p>\n","protected":false},"featured_media":32244,"template":"","meta":[],"product_cat":[2414],"product_tag":[3280,2673,3281],"yoast_head":"<!-- This site is optimized with the Yoast SEO plugin v23.7 - https:\/\/yoast.com\/wordpress\/plugins\/seo\/ -->\n<title>Toaletni stol s osvjetljenjem i Hollywood ogledalom - Inti<\/title>\n<meta name=\"description\" content=\"1 ladica s uklonjivom popre\u010dnom pregradom ispod plo\u010de stola 75x40 cm i 2 otvorene police iznad plo\u010de stola nude dovoljno prostora za pohranu proizvoda za njegu, kozmetike, nakita itd. Svjetle\u0107i lanac s 10 LED \u017earulja i USB priklju\u010dkom je podesiv u 3 temperature boje i 10 razina svjetline. Nakon pri\u010dvr\u0161\u0107ivanja lan\u010di\u0107a na ogledalo 40x60 cm moderan i prakti\u010dan toaletni stoli\u0107 s ogledalom i rasvjetom spreman je za kori\u0161tenje. Okretni tabure mo\u017ee se podesiti po visini izme\u0111u 43 i 58 cm pomo\u0107u plinske tla\u010dne opruge. Sjedalo je mekano i udobno zahvaljuju\u0107i podstavi od elasti\u010dne pjene i mekanoj PVC presvlaci. Nosivost: 130 kg. Stol za \u0161minkanje izra\u0111en je od visokokvalitetnog drvenog materijala debljine 15 mm s melaminskim furnirom te je stabilan, otporan na abraziju, vodoodbojan i jednostavan za \u010di\u0161\u0107enje. Donja \u0161ipka i za\u0161tita od prevrtanja dodatno pove\u0107avaju stabilnost. Jastu\u010di\u0107i protiv klizanja \u0161tite pod od ogrebotina. Nosivost: 50 kg. Toaletni stoli\u0107 s ogledalom i tabureom dobro je upakiran za sigurnu dostavu. Pomo\u0107u ilustriranih uputa za sastavljanje, numeriranog pribora i alata za sastavljanje, toaletni stoli\u0107 se mo\u017ee brzo sastaviti. Mo\u017ee se pri\u010dvrstiti na zid pomo\u0107u ure\u0111aja protiv prevrtanja.\" \/>\n<meta name=\"robots\" content=\"index, follow, max-snippet:-1, max-image-preview:large, max-video-preview:-1\" \/>\n<link rel=\"canonical\" href=\"https:\/\/inti.hr\/bs\/proizvod\/toaletni-stol-s-osvjetljenjem-i-hollywood-ogledalom\/\" \/>\n<meta property=\"og:locale\" content=\"bs_BA\" \/>\n<meta property=\"og:type\" content=\"article\" \/>\n<meta property=\"og:title\" content=\"Toaletni stol s osvjetljenjem i Hollywood ogledalom - Inti\" \/>\n<meta property=\"og:description\" content=\"1 ladica s uklonjivom popre\u010dnom pregradom ispod plo\u010de stola 75x40 cm i 2 otvorene police iznad plo\u010de stola nude dovoljno prostora za pohranu proizvoda za njegu, kozmetike, nakita itd. Svjetle\u0107i lanac s 10 LED \u017earulja i USB priklju\u010dkom je podesiv u 3 temperature boje i 10 razina svjetline. Nakon pri\u010dvr\u0161\u0107ivanja lan\u010di\u0107a na ogledalo 40x60 cm moderan i prakti\u010dan toaletni stoli\u0107 s ogledalom i rasvjetom spreman je za kori\u0161tenje. Okretni tabure mo\u017ee se podesiti po visini izme\u0111u 43 i 58 cm pomo\u0107u plinske tla\u010dne opruge. Sjedalo je mekano i udobno zahvaljuju\u0107i podstavi od elasti\u010dne pjene i mekanoj PVC presvlaci. Nosivost: 130 kg. Stol za \u0161minkanje izra\u0111en je od visokokvalitetnog drvenog materijala debljine 15 mm s melaminskim furnirom te je stabilan, otporan na abraziju, vodoodbojan i jednostavan za \u010di\u0161\u0107enje. Donja \u0161ipka i za\u0161tita od prevrtanja dodatno pove\u0107avaju stabilnost. Jastu\u010di\u0107i protiv klizanja \u0161tite pod od ogrebotina. Nosivost: 50 kg. Toaletni stoli\u0107 s ogledalom i tabureom dobro je upakiran za sigurnu dostavu. Pomo\u0107u ilustriranih uputa za sastavljanje, numeriranog pribora i alata za sastavljanje, toaletni stoli\u0107 se mo\u017ee brzo sastaviti. Mo\u017ee se pri\u010dvrstiti na zid pomo\u0107u ure\u0111aja protiv prevrtanja.\" \/>\n<meta property=\"og:url\" content=\"https:\/\/inti.hr\/bs\/proizvod\/toaletni-stol-s-osvjetljenjem-i-hollywood-ogledalom\/\" \/>\n<meta property=\"og:site_name\" content=\"Inti\" \/>\n<meta property=\"og:image\" content=\"https:\/\/i0.wp.com\/inti.hr\/wp-content\/uploads\/2024\/07\/Schminktisch-Beleuchtung-Spiegel-Hollywood-Schminkhocker-W0ETT0259-Weiss2_600x600.jpg?fit=600%2C600&ssl=1\" \/>\n\t<meta property=\"og:image:width\" content=\"600\" \/>\n\t<meta property=\"og:image:height\" content=\"600\" \/>\n\t<meta property=\"og:image:type\" content=\"image\/jpeg\" \/>\n<meta name=\"twitter:card\" content=\"summary_large_image\" \/>\n<script type=\"application\/ld+json\" class=\"yoast-schema-graph\">{\"@context\":\"https:\/\/schema.org\",\"@graph\":[{\"@type\":\"WebPage\",\"@id\":\"https:\/\/inti.hr\/bs\/proizvod\/toaletni-stol-s-osvjetljenjem-i-hollywood-ogledalom\/\",\"url\":\"https:\/\/inti.hr\/bs\/proizvod\/toaletni-stol-s-osvjetljenjem-i-hollywood-ogledalom\/\",\"name\":\"Toaletni stol s osvjetljenjem i Hollywood ogledalom - Inti\",\"isPartOf\":{\"@id\":\"https:\/\/inti.hr\/bs\/#website\"},\"primaryImageOfPage\":{\"@id\":\"https:\/\/inti.hr\/bs\/proizvod\/toaletni-stol-s-osvjetljenjem-i-hollywood-ogledalom\/#primaryimage\"},\"image\":{\"@id\":\"https:\/\/inti.hr\/bs\/proizvod\/toaletni-stol-s-osvjetljenjem-i-hollywood-ogledalom\/#primaryimage\"},\"thumbnailUrl\":\"https:\/\/i0.wp.com\/inti.hr\/wp-content\/uploads\/2024\/07\/Schminktisch-Beleuchtung-Spiegel-Hollywood-Schminkhocker-W0ETT0259-Weiss2_600x600.jpg?fit=600%2C600&ssl=1\",\"datePublished\":\"2024-07-31T14:03:37+00:00\",\"dateModified\":\"2024-07-31T14:03:37+00:00\",\"description\":\"1 ladica s uklonjivom popre\u010dnom pregradom ispod plo\u010de stola 75x40 cm i 2 otvorene police iznad plo\u010de stola nude dovoljno prostora za pohranu proizvoda za njegu, kozmetike, nakita itd. Svjetle\u0107i lanac s 10 LED \u017earulja i USB priklju\u010dkom je podesiv u 3 temperature boje i 10 razina svjetline. Nakon pri\u010dvr\u0161\u0107ivanja lan\u010di\u0107a na ogledalo 40x60 cm moderan i prakti\u010dan toaletni stoli\u0107 s ogledalom i rasvjetom spreman je za kori\u0161tenje. Okretni tabure mo\u017ee se podesiti po visini izme\u0111u 43 i 58 cm pomo\u0107u plinske tla\u010dne opruge. Sjedalo je mekano i udobno zahvaljuju\u0107i podstavi od elasti\u010dne pjene i mekanoj PVC presvlaci. Nosivost: 130 kg. Stol za \u0161minkanje izra\u0111en je od visokokvalitetnog drvenog materijala debljine 15 mm s melaminskim furnirom te je stabilan, otporan na abraziju, vodoodbojan i jednostavan za \u010di\u0161\u0107enje. Donja \u0161ipka i za\u0161tita od prevrtanja dodatno pove\u0107avaju stabilnost. Jastu\u010di\u0107i protiv klizanja \u0161tite pod od ogrebotina. Nosivost: 50 kg. Toaletni stoli\u0107 s ogledalom i tabureom dobro je upakiran za sigurnu dostavu. Pomo\u0107u ilustriranih uputa za sastavljanje, numeriranog pribora i alata za sastavljanje, toaletni stoli\u0107 se mo\u017ee brzo sastaviti. Mo\u017ee se pri\u010dvrstiti na zid pomo\u0107u ure\u0111aja protiv prevrtanja.\",\"breadcrumb\":{\"@id\":\"https:\/\/inti.hr\/bs\/proizvod\/toaletni-stol-s-osvjetljenjem-i-hollywood-ogledalom\/#breadcrumb\"},\"inLanguage\":\"bs-BA\",\"potentialAction\":[{\"@type\":\"ReadAction\",\"target\":[\"https:\/\/inti.hr\/bs\/proizvod\/toaletni-stol-s-osvjetljenjem-i-hollywood-ogledalom\/\"]}]},{\"@type\":\"ImageObject\",\"inLanguage\":\"bs-BA\",\"@id\":\"https:\/\/inti.hr\/bs\/proizvod\/toaletni-stol-s-osvjetljenjem-i-hollywood-ogledalom\/#primaryimage\",\"url\":\"https:\/\/i0.wp.com\/inti.hr\/wp-content\/uploads\/2024\/07\/Schminktisch-Beleuchtung-Spiegel-Hollywood-Schminkhocker-W0ETT0259-Weiss2_600x600.jpg?fit=600%2C600&ssl=1\",\"contentUrl\":\"https:\/\/i0.wp.com\/inti.hr\/wp-content\/uploads\/2024\/07\/Schminktisch-Beleuchtung-Spiegel-Hollywood-Schminkhocker-W0ETT0259-Weiss2_600x600.jpg?fit=600%2C600&ssl=1\",\"width\":600,\"height\":600,\"caption\":\"toaletni stol s osvjetljenjem i Hollywood ogledalom\"},{\"@type\":\"BreadcrumbList\",\"@id\":\"https:\/\/inti.hr\/bs\/proizvod\/toaletni-stol-s-osvjetljenjem-i-hollywood-ogledalom\/#breadcrumb\",\"itemListElement\":[{\"@type\":\"ListItem\",\"position\":1,\"name\":\"Po\u010detna stranica\",\"item\":\"https:\/\/inti.hr\/bs\/\"},{\"@type\":\"ListItem\",\"position\":2,\"name\":\"Trgovina\",\"item\":\"https:\/\/inti.hr\/bs\/trgovina\/\"},{\"@type\":\"ListItem\",\"position\":3,\"name\":\"Toaletni stol s osvjetljenjem i Hollywood ogledalom\"}]},{\"@type\":\"WebSite\",\"@id\":\"https:\/\/inti.hr\/bs\/#website\",\"url\":\"https:\/\/inti.hr\/bs\/\",\"name\":\"Inti\",\"description\":\"trgovina\",\"potentialAction\":[{\"@type\":\"SearchAction\",\"target\":{\"@type\":\"EntryPoint\",\"urlTemplate\":\"https:\/\/inti.hr\/bs\/?s={search_term_string}\"},\"query-input\":{\"@type\":\"PropertyValueSpecification\",\"valueRequired\":true,\"valueName\":\"search_term_string\"}}],\"inLanguage\":\"bs-BA\"}]}<\/script>\n<!-- \/ Yoast SEO plugin. -->","yoast_head_json":{"title":"Toaletni stol s osvjetljenjem i Hollywood ogledalom - Inti","description":"1 ladica s uklonjivom popre\u010dnom pregradom ispod plo\u010de stola 75x40 cm i 2 otvorene police iznad plo\u010de stola nude dovoljno prostora za pohranu proizvoda za njegu, kozmetike, nakita itd. Svjetle\u0107i lanac s 10 LED \u017earulja i USB priklju\u010dkom je podesiv u 3 temperature boje i 10 razina svjetline. Nakon pri\u010dvr\u0161\u0107ivanja lan\u010di\u0107a na ogledalo 40x60 cm moderan i prakti\u010dan toaletni stoli\u0107 s ogledalom i rasvjetom spreman je za kori\u0161tenje. Okretni tabure mo\u017ee se podesiti po visini izme\u0111u 43 i 58 cm pomo\u0107u plinske tla\u010dne opruge. Sjedalo je mekano i udobno zahvaljuju\u0107i podstavi od elasti\u010dne pjene i mekanoj PVC presvlaci. Nosivost: 130 kg. Stol za \u0161minkanje izra\u0111en je od visokokvalitetnog drvenog materijala debljine 15 mm s melaminskim furnirom te je stabilan, otporan na abraziju, vodoodbojan i jednostavan za \u010di\u0161\u0107enje. Donja \u0161ipka i za\u0161tita od prevrtanja dodatno pove\u0107avaju stabilnost. Jastu\u010di\u0107i protiv klizanja \u0161tite pod od ogrebotina. Nosivost: 50 kg. Toaletni stoli\u0107 s ogledalom i tabureom dobro je upakiran za sigurnu dostavu. Pomo\u0107u ilustriranih uputa za sastavljanje, numeriranog pribora i alata za sastavljanje, toaletni stoli\u0107 se mo\u017ee brzo sastaviti. Mo\u017ee se pri\u010dvrstiti na zid pomo\u0107u ure\u0111aja protiv prevrtanja.","robots":{"index":"index","follow":"follow","max-snippet":"max-snippet:-1","max-image-preview":"max-image-preview:large","max-video-preview":"max-video-preview:-1"},"canonical":"https:\/\/inti.hr\/bs\/proizvod\/toaletni-stol-s-osvjetljenjem-i-hollywood-ogledalom\/","og_locale":"bs_BA","og_type":"article","og_title":"Toaletni stol s osvjetljenjem i Hollywood ogledalom - Inti","og_description":"1 ladica s uklonjivom popre\u010dnom pregradom ispod plo\u010de stola 75x40 cm i 2 otvorene police iznad plo\u010de stola nude dovoljno prostora za pohranu proizvoda za njegu, kozmetike, nakita itd. Svjetle\u0107i lanac s 10 LED \u017earulja i USB priklju\u010dkom je podesiv u 3 temperature boje i 10 razina svjetline. Nakon pri\u010dvr\u0161\u0107ivanja lan\u010di\u0107a na ogledalo 40x60 cm moderan i prakti\u010dan toaletni stoli\u0107 s ogledalom i rasvjetom spreman je za kori\u0161tenje. Okretni tabure mo\u017ee se podesiti po visini izme\u0111u 43 i 58 cm pomo\u0107u plinske tla\u010dne opruge. Sjedalo je mekano i udobno zahvaljuju\u0107i podstavi od elasti\u010dne pjene i mekanoj PVC presvlaci. Nosivost: 130 kg. Stol za \u0161minkanje izra\u0111en je od visokokvalitetnog drvenog materijala debljine 15 mm s melaminskim furnirom te je stabilan, otporan na abraziju, vodoodbojan i jednostavan za \u010di\u0161\u0107enje. Donja \u0161ipka i za\u0161tita od prevrtanja dodatno pove\u0107avaju stabilnost. Jastu\u010di\u0107i protiv klizanja \u0161tite pod od ogrebotina. Nosivost: 50 kg. Toaletni stoli\u0107 s ogledalom i tabureom dobro je upakiran za sigurnu dostavu. Pomo\u0107u ilustriranih uputa za sastavljanje, numeriranog pribora i alata za sastavljanje, toaletni stoli\u0107 se mo\u017ee brzo sastaviti. Mo\u017ee se pri\u010dvrstiti na zid pomo\u0107u ure\u0111aja protiv prevrtanja.","og_url":"https:\/\/inti.hr\/bs\/proizvod\/toaletni-stol-s-osvjetljenjem-i-hollywood-ogledalom\/","og_site_name":"Inti","og_image":[{"width":600,"height":600,"url":"https:\/\/i0.wp.com\/inti.hr\/wp-content\/uploads\/2024\/07\/Schminktisch-Beleuchtung-Spiegel-Hollywood-Schminkhocker-W0ETT0259-Weiss2_600x600.jpg?fit=600%2C600&ssl=1","type":"image\/jpeg"}],"twitter_card":"summary_large_image","schema":{"@context":"https:\/\/schema.org","@graph":[{"@type":"WebPage","@id":"https:\/\/inti.hr\/bs\/proizvod\/toaletni-stol-s-osvjetljenjem-i-hollywood-ogledalom\/","url":"https:\/\/inti.hr\/bs\/proizvod\/toaletni-stol-s-osvjetljenjem-i-hollywood-ogledalom\/","name":"Toaletni stol s osvjetljenjem i Hollywood ogledalom - Inti","isPartOf":{"@id":"https:\/\/inti.hr\/bs\/#website"},"primaryImageOfPage":{"@id":"https:\/\/inti.hr\/bs\/proizvod\/toaletni-stol-s-osvjetljenjem-i-hollywood-ogledalom\/#primaryimage"},"image":{"@id":"https:\/\/inti.hr\/bs\/proizvod\/toaletni-stol-s-osvjetljenjem-i-hollywood-ogledalom\/#primaryimage"},"thumbnailUrl":"https:\/\/i0.wp.com\/inti.hr\/wp-content\/uploads\/2024\/07\/Schminktisch-Beleuchtung-Spiegel-Hollywood-Schminkhocker-W0ETT0259-Weiss2_600x600.jpg?fit=600%2C600&ssl=1","datePublished":"2024-07-31T14:03:37+00:00","dateModified":"2024-07-31T14:03:37+00:00","description":"1 ladica s uklonjivom popre\u010dnom pregradom ispod plo\u010de stola 75x40 cm i 2 otvorene police iznad plo\u010de stola nude dovoljno prostora za pohranu proizvoda za njegu, kozmetike, nakita itd. Svjetle\u0107i lanac s 10 LED \u017earulja i USB priklju\u010dkom je podesiv u 3 temperature boje i 10 razina svjetline. Nakon pri\u010dvr\u0161\u0107ivanja lan\u010di\u0107a na ogledalo 40x60 cm moderan i prakti\u010dan toaletni stoli\u0107 s ogledalom i rasvjetom spreman je za kori\u0161tenje. Okretni tabure mo\u017ee se podesiti po visini izme\u0111u 43 i 58 cm pomo\u0107u plinske tla\u010dne opruge. Sjedalo je mekano i udobno zahvaljuju\u0107i podstavi od elasti\u010dne pjene i mekanoj PVC presvlaci. Nosivost: 130 kg. Stol za \u0161minkanje izra\u0111en je od visokokvalitetnog drvenog materijala debljine 15 mm s melaminskim furnirom te je stabilan, otporan na abraziju, vodoodbojan i jednostavan za \u010di\u0161\u0107enje. Donja \u0161ipka i za\u0161tita od prevrtanja dodatno pove\u0107avaju stabilnost. Jastu\u010di\u0107i protiv klizanja \u0161tite pod od ogrebotina. Nosivost: 50 kg. Toaletni stoli\u0107 s ogledalom i tabureom dobro je upakiran za sigurnu dostavu. Pomo\u0107u ilustriranih uputa za sastavljanje, numeriranog pribora i alata za sastavljanje, toaletni stoli\u0107 se mo\u017ee brzo sastaviti. Mo\u017ee se pri\u010dvrstiti na zid pomo\u0107u ure\u0111aja protiv prevrtanja.","breadcrumb":{"@id":"https:\/\/inti.hr\/bs\/proizvod\/toaletni-stol-s-osvjetljenjem-i-hollywood-ogledalom\/#breadcrumb"},"inLanguage":"bs-BA","potentialAction":[{"@type":"ReadAction","target":["https:\/\/inti.hr\/bs\/proizvod\/toaletni-stol-s-osvjetljenjem-i-hollywood-ogledalom\/"]}]},{"@type":"ImageObject","inLanguage":"bs-BA","@id":"https:\/\/inti.hr\/bs\/proizvod\/toaletni-stol-s-osvjetljenjem-i-hollywood-ogledalom\/#primaryimage","url":"https:\/\/i0.wp.com\/inti.hr\/wp-content\/uploads\/2024\/07\/Schminktisch-Beleuchtung-Spiegel-Hollywood-Schminkhocker-W0ETT0259-Weiss2_600x600.jpg?fit=600%2C600&ssl=1","contentUrl":"https:\/\/i0.wp.com\/inti.hr\/wp-content\/uploads\/2024\/07\/Schminktisch-Beleuchtung-Spiegel-Hollywood-Schminkhocker-W0ETT0259-Weiss2_600x600.jpg?fit=600%2C600&ssl=1","width":600,"height":600,"caption":"toaletni stol s osvjetljenjem i Hollywood ogledalom"},{"@type":"BreadcrumbList","@id":"https:\/\/inti.hr\/bs\/proizvod\/toaletni-stol-s-osvjetljenjem-i-hollywood-ogledalom\/#breadcrumb","itemListElement":[{"@type":"ListItem","position":1,"name":"Po\u010detna stranica","item":"https:\/\/inti.hr\/bs\/"},{"@type":"ListItem","position":2,"name":"Trgovina","item":"https:\/\/inti.hr\/bs\/trgovina\/"},{"@type":"ListItem","position":3,"name":"Toaletni stol s osvjetljenjem i Hollywood ogledalom"}]},{"@type":"WebSite","@id":"https:\/\/inti.hr\/bs\/#website","url":"https:\/\/inti.hr\/bs\/","name":"Inti","description":"trgovina","potentialAction":[{"@type":"SearchAction","target":{"@type":"EntryPoint","urlTemplate":"https:\/\/inti.hr\/bs\/?s={search_term_string}"},"query-input":{"@type":"PropertyValueSpecification","valueRequired":true,"valueName":"search_term_string"}}],"inLanguage":"bs-BA"}]}},"jetpack_sharing_enabled":true,"jetpack-related-posts":[],"_links":{"self":[{"href":"https:\/\/inti.hr\/bs\/wp-json\/wp\/v2\/product\/32243"}],"collection":[{"href":"https:\/\/inti.hr\/bs\/wp-json\/wp\/v2\/product"}],"about":[{"href":"https:\/\/inti.hr\/bs\/wp-json\/wp\/v2\/types\/product"}],"wp:featuredmedia":[{"embeddable":true,"href":"https:\/\/inti.hr\/bs\/wp-json\/wp\/v2\/media\/32244"}],"wp:attachment":[{"href":"https:\/\/inti.hr\/bs\/wp-json\/wp\/v2\/media?parent=32243"}],"wp:term":[{"taxonomy":"product_cat","embeddable":true,"href":"https:\/\/inti.hr\/bs\/wp-json\/wp\/v2\/product_cat?post=32243"},{"taxonomy":"product_tag","embeddable":true,"href":"https:\/\/inti.hr\/bs\/wp-json\/wp\/v2\/product_tag?post=32243"}],"curies":[{"name":"wp","href":"https:\/\/api.w.org\/{rel}","templated":true}]}}