{"id":32335,"date":"2024-06-10T15:10:53","date_gmt":"2024-06-10T14:10:53","guid":{"rendered":"https:\/\/inti.hr\/product\/moderan-nocni-ormaric-s-ladicom-i-otvorenim-pretincem\/"},"modified":"2024-06-10T15:10:53","modified_gmt":"2024-06-10T14:10:53","slug":"moderan-nocni-ormaric-s-ladicom-i-otvorenim-pretincem","status":"publish","type":"product","link":"https:\/\/inti.hr\/bs\/proizvod\/moderan-nocni-ormaric-s-ladicom-i-otvorenim-pretincem\/","title":{"rendered":"Moderan no\u0107ni ormari\u0107 s ladicom i otvorenim pretincem"},"content":{"rendered":"<p>Detalji proizvoda:<\/p>\n<p>moderan no\u0107ni ormari\u0107 s ladicom i otvorenim pretincem<\/p>\n<ul>\n<li>Materijal: iverica<\/li>\n<li>Veli\u010dina: 40 x 103,5 x 85 cm (D x \u0160 x V)<\/li>\n<li>Te\u017eina: 36,4 kg<\/li>\n<\/ul>\n","protected":false},"excerpt":{"rendered":"<p>Sa svojom elegantnom prirodnom bojom i plasti\u010dnom prednjom stranom ladice koja &#8230; <\/p>\n","protected":false},"featured_media":32336,"template":"","meta":[],"product_cat":[2414],"product_tag":[3312,2673],"yoast_head":"<!-- This site is optimized with the Yoast SEO plugin v23.7 - https:\/\/yoast.com\/wordpress\/plugins\/seo\/ -->\n<title>Moderan no\u0107ni ormari\u0107 s ladicom i otvorenim pretincem - Inti<\/title>\n<meta name=\"description\" content=\"Sa svojom elegantnom prirodnom bojom i plasti\u010dnom prednjom stranom ladice koja izgleda kao ratan, ovaj no\u0107ni ormari\u0107 odi\u0161e boho dodirom koji \u0107e va\u0161oj spava\u0107oj sobi dati opu\u0161tenu atmosferu. Zahvaljuju\u0107i kombinaciji visokokvalitetne iverice, vrhunske plastike u izgledu ratana i sna\u017ene pre\u010dke, ovaj no\u0107ni ormari\u0107 mo\u017ee izdr\u017eati do 90,7 kg i ostat \u0107e uz vas dugi niz godina. Poslu\u017eite grickalice i pi\u0107a u dnevnoj sobi, pohranite osnovne stvari koje su vam potrebne prije spavanja ili kad se probudite ili postavite svoj mali pisa\u010d u ured. Koristite ovu tablicu kako god \u017eelite! S veli\u010dinom od 40 x 45 x 60 cm, no\u0107ni ormari\u0107 nudi dovoljno mjesta za sve \u0161to trebate u krevetu - gornju policu za \u010desto kori\u0161tene predmete, ladicu za sitnice i otvoreni pretinac na dnu za va\u0161e omiljene romani. Zaobljeni uglovi sprje\u010davaju nepotrebne ozljede kada legnete u krevet; Udaljenost od donje police do poda je 16 cm, tako da se robot usisava\u010d mo\u017ee lako pomaknuti ispod kako bi o\u010distio pod.\" \/>\n<meta name=\"robots\" content=\"index, follow, max-snippet:-1, max-image-preview:large, max-video-preview:-1\" \/>\n<link rel=\"canonical\" href=\"https:\/\/inti.hr\/bs\/proizvod\/moderan-nocni-ormaric-s-ladicom-i-otvorenim-pretincem\/\" \/>\n<meta property=\"og:locale\" content=\"bs_BA\" \/>\n<meta property=\"og:type\" content=\"article\" \/>\n<meta property=\"og:title\" content=\"Moderan no\u0107ni ormari\u0107 s ladicom i otvorenim pretincem - Inti\" \/>\n<meta property=\"og:description\" content=\"Sa svojom elegantnom prirodnom bojom i plasti\u010dnom prednjom stranom ladice koja izgleda kao ratan, ovaj no\u0107ni ormari\u0107 odi\u0161e boho dodirom koji \u0107e va\u0161oj spava\u0107oj sobi dati opu\u0161tenu atmosferu. Zahvaljuju\u0107i kombinaciji visokokvalitetne iverice, vrhunske plastike u izgledu ratana i sna\u017ene pre\u010dke, ovaj no\u0107ni ormari\u0107 mo\u017ee izdr\u017eati do 90,7 kg i ostat \u0107e uz vas dugi niz godina. Poslu\u017eite grickalice i pi\u0107a u dnevnoj sobi, pohranite osnovne stvari koje su vam potrebne prije spavanja ili kad se probudite ili postavite svoj mali pisa\u010d u ured. Koristite ovu tablicu kako god \u017eelite! S veli\u010dinom od 40 x 45 x 60 cm, no\u0107ni ormari\u0107 nudi dovoljno mjesta za sve \u0161to trebate u krevetu - gornju policu za \u010desto kori\u0161tene predmete, ladicu za sitnice i otvoreni pretinac na dnu za va\u0161e omiljene romani. Zaobljeni uglovi sprje\u010davaju nepotrebne ozljede kada legnete u krevet; Udaljenost od donje police do poda je 16 cm, tako da se robot usisava\u010d mo\u017ee lako pomaknuti ispod kako bi o\u010distio pod.\" \/>\n<meta property=\"og:url\" content=\"https:\/\/inti.hr\/bs\/proizvod\/moderan-nocni-ormaric-s-ladicom-i-otvorenim-pretincem\/\" \/>\n<meta property=\"og:site_name\" content=\"Inti\" \/>\n<meta property=\"og:image\" content=\"https:\/\/i0.wp.com\/inti.hr\/wp-content\/uploads\/2024\/06\/LET616T57-2.jpg?fit=800%2C1000&ssl=1\" \/>\n\t<meta property=\"og:image:width\" content=\"800\" \/>\n\t<meta property=\"og:image:height\" content=\"1000\" \/>\n\t<meta property=\"og:image:type\" content=\"image\/jpeg\" \/>\n<meta name=\"twitter:card\" content=\"summary_large_image\" \/>\n<script type=\"application\/ld+json\" class=\"yoast-schema-graph\">{\"@context\":\"https:\/\/schema.org\",\"@graph\":[{\"@type\":\"WebPage\",\"@id\":\"https:\/\/inti.hr\/bs\/proizvod\/moderan-nocni-ormaric-s-ladicom-i-otvorenim-pretincem\/\",\"url\":\"https:\/\/inti.hr\/bs\/proizvod\/moderan-nocni-ormaric-s-ladicom-i-otvorenim-pretincem\/\",\"name\":\"Moderan no\u0107ni ormari\u0107 s ladicom i otvorenim pretincem - Inti\",\"isPartOf\":{\"@id\":\"https:\/\/inti.hr\/bs\/#website\"},\"primaryImageOfPage\":{\"@id\":\"https:\/\/inti.hr\/bs\/proizvod\/moderan-nocni-ormaric-s-ladicom-i-otvorenim-pretincem\/#primaryimage\"},\"image\":{\"@id\":\"https:\/\/inti.hr\/bs\/proizvod\/moderan-nocni-ormaric-s-ladicom-i-otvorenim-pretincem\/#primaryimage\"},\"thumbnailUrl\":\"https:\/\/i0.wp.com\/inti.hr\/wp-content\/uploads\/2024\/06\/LET616T57-2.jpg?fit=800%2C1000&ssl=1\",\"datePublished\":\"2024-06-10T14:10:53+00:00\",\"dateModified\":\"2024-06-10T14:10:53+00:00\",\"description\":\"Sa svojom elegantnom prirodnom bojom i plasti\u010dnom prednjom stranom ladice koja izgleda kao ratan, ovaj no\u0107ni ormari\u0107 odi\u0161e boho dodirom koji \u0107e va\u0161oj spava\u0107oj sobi dati opu\u0161tenu atmosferu. Zahvaljuju\u0107i kombinaciji visokokvalitetne iverice, vrhunske plastike u izgledu ratana i sna\u017ene pre\u010dke, ovaj no\u0107ni ormari\u0107 mo\u017ee izdr\u017eati do 90,7 kg i ostat \u0107e uz vas dugi niz godina. Poslu\u017eite grickalice i pi\u0107a u dnevnoj sobi, pohranite osnovne stvari koje su vam potrebne prije spavanja ili kad se probudite ili postavite svoj mali pisa\u010d u ured. Koristite ovu tablicu kako god \u017eelite! S veli\u010dinom od 40 x 45 x 60 cm, no\u0107ni ormari\u0107 nudi dovoljno mjesta za sve \u0161to trebate u krevetu - gornju policu za \u010desto kori\u0161tene predmete, ladicu za sitnice i otvoreni pretinac na dnu za va\u0161e omiljene romani. Zaobljeni uglovi sprje\u010davaju nepotrebne ozljede kada legnete u krevet; Udaljenost od donje police do poda je 16 cm, tako da se robot usisava\u010d mo\u017ee lako pomaknuti ispod kako bi o\u010distio pod.\",\"breadcrumb\":{\"@id\":\"https:\/\/inti.hr\/bs\/proizvod\/moderan-nocni-ormaric-s-ladicom-i-otvorenim-pretincem\/#breadcrumb\"},\"inLanguage\":\"bs-BA\",\"potentialAction\":[{\"@type\":\"ReadAction\",\"target\":[\"https:\/\/inti.hr\/bs\/proizvod\/moderan-nocni-ormaric-s-ladicom-i-otvorenim-pretincem\/\"]}]},{\"@type\":\"ImageObject\",\"inLanguage\":\"bs-BA\",\"@id\":\"https:\/\/inti.hr\/bs\/proizvod\/moderan-nocni-ormaric-s-ladicom-i-otvorenim-pretincem\/#primaryimage\",\"url\":\"https:\/\/i0.wp.com\/inti.hr\/wp-content\/uploads\/2024\/06\/LET616T57-2.jpg?fit=800%2C1000&ssl=1\",\"contentUrl\":\"https:\/\/i0.wp.com\/inti.hr\/wp-content\/uploads\/2024\/06\/LET616T57-2.jpg?fit=800%2C1000&ssl=1\",\"width\":800,\"height\":1000,\"caption\":\"moderan no\u0107ni ormari\u0107 s ladicom i otvorenim pretincem\"},{\"@type\":\"BreadcrumbList\",\"@id\":\"https:\/\/inti.hr\/bs\/proizvod\/moderan-nocni-ormaric-s-ladicom-i-otvorenim-pretincem\/#breadcrumb\",\"itemListElement\":[{\"@type\":\"ListItem\",\"position\":1,\"name\":\"Po\u010detna stranica\",\"item\":\"https:\/\/inti.hr\/bs\/\"},{\"@type\":\"ListItem\",\"position\":2,\"name\":\"Trgovina\",\"item\":\"https:\/\/inti.hr\/bs\/trgovina\/\"},{\"@type\":\"ListItem\",\"position\":3,\"name\":\"Moderan no\u0107ni ormari\u0107 s ladicom i otvorenim pretincem\"}]},{\"@type\":\"WebSite\",\"@id\":\"https:\/\/inti.hr\/bs\/#website\",\"url\":\"https:\/\/inti.hr\/bs\/\",\"name\":\"Inti\",\"description\":\"trgovina\",\"potentialAction\":[{\"@type\":\"SearchAction\",\"target\":{\"@type\":\"EntryPoint\",\"urlTemplate\":\"https:\/\/inti.hr\/bs\/?s={search_term_string}\"},\"query-input\":{\"@type\":\"PropertyValueSpecification\",\"valueRequired\":true,\"valueName\":\"search_term_string\"}}],\"inLanguage\":\"bs-BA\"}]}<\/script>\n<!-- \/ Yoast SEO plugin. -->","yoast_head_json":{"title":"Moderan no\u0107ni ormari\u0107 s ladicom i otvorenim pretincem - Inti","description":"Sa svojom elegantnom prirodnom bojom i plasti\u010dnom prednjom stranom ladice koja izgleda kao ratan, ovaj no\u0107ni ormari\u0107 odi\u0161e boho dodirom koji \u0107e va\u0161oj spava\u0107oj sobi dati opu\u0161tenu atmosferu. Zahvaljuju\u0107i kombinaciji visokokvalitetne iverice, vrhunske plastike u izgledu ratana i sna\u017ene pre\u010dke, ovaj no\u0107ni ormari\u0107 mo\u017ee izdr\u017eati do 90,7 kg i ostat \u0107e uz vas dugi niz godina. Poslu\u017eite grickalice i pi\u0107a u dnevnoj sobi, pohranite osnovne stvari koje su vam potrebne prije spavanja ili kad se probudite ili postavite svoj mali pisa\u010d u ured. Koristite ovu tablicu kako god \u017eelite! S veli\u010dinom od 40 x 45 x 60 cm, no\u0107ni ormari\u0107 nudi dovoljno mjesta za sve \u0161to trebate u krevetu - gornju policu za \u010desto kori\u0161tene predmete, ladicu za sitnice i otvoreni pretinac na dnu za va\u0161e omiljene romani. Zaobljeni uglovi sprje\u010davaju nepotrebne ozljede kada legnete u krevet; Udaljenost od donje police do poda je 16 cm, tako da se robot usisava\u010d mo\u017ee lako pomaknuti ispod kako bi o\u010distio pod.","robots":{"index":"index","follow":"follow","max-snippet":"max-snippet:-1","max-image-preview":"max-image-preview:large","max-video-preview":"max-video-preview:-1"},"canonical":"https:\/\/inti.hr\/bs\/proizvod\/moderan-nocni-ormaric-s-ladicom-i-otvorenim-pretincem\/","og_locale":"bs_BA","og_type":"article","og_title":"Moderan no\u0107ni ormari\u0107 s ladicom i otvorenim pretincem - Inti","og_description":"Sa svojom elegantnom prirodnom bojom i plasti\u010dnom prednjom stranom ladice koja izgleda kao ratan, ovaj no\u0107ni ormari\u0107 odi\u0161e boho dodirom koji \u0107e va\u0161oj spava\u0107oj sobi dati opu\u0161tenu atmosferu. Zahvaljuju\u0107i kombinaciji visokokvalitetne iverice, vrhunske plastike u izgledu ratana i sna\u017ene pre\u010dke, ovaj no\u0107ni ormari\u0107 mo\u017ee izdr\u017eati do 90,7 kg i ostat \u0107e uz vas dugi niz godina. Poslu\u017eite grickalice i pi\u0107a u dnevnoj sobi, pohranite osnovne stvari koje su vam potrebne prije spavanja ili kad se probudite ili postavite svoj mali pisa\u010d u ured. Koristite ovu tablicu kako god \u017eelite! S veli\u010dinom od 40 x 45 x 60 cm, no\u0107ni ormari\u0107 nudi dovoljno mjesta za sve \u0161to trebate u krevetu - gornju policu za \u010desto kori\u0161tene predmete, ladicu za sitnice i otvoreni pretinac na dnu za va\u0161e omiljene romani. Zaobljeni uglovi sprje\u010davaju nepotrebne ozljede kada legnete u krevet; Udaljenost od donje police do poda je 16 cm, tako da se robot usisava\u010d mo\u017ee lako pomaknuti ispod kako bi o\u010distio pod.","og_url":"https:\/\/inti.hr\/bs\/proizvod\/moderan-nocni-ormaric-s-ladicom-i-otvorenim-pretincem\/","og_site_name":"Inti","og_image":[{"width":800,"height":1000,"url":"https:\/\/i0.wp.com\/inti.hr\/wp-content\/uploads\/2024\/06\/LET616T57-2.jpg?fit=800%2C1000&ssl=1","type":"image\/jpeg"}],"twitter_card":"summary_large_image","schema":{"@context":"https:\/\/schema.org","@graph":[{"@type":"WebPage","@id":"https:\/\/inti.hr\/bs\/proizvod\/moderan-nocni-ormaric-s-ladicom-i-otvorenim-pretincem\/","url":"https:\/\/inti.hr\/bs\/proizvod\/moderan-nocni-ormaric-s-ladicom-i-otvorenim-pretincem\/","name":"Moderan no\u0107ni ormari\u0107 s ladicom i otvorenim pretincem - Inti","isPartOf":{"@id":"https:\/\/inti.hr\/bs\/#website"},"primaryImageOfPage":{"@id":"https:\/\/inti.hr\/bs\/proizvod\/moderan-nocni-ormaric-s-ladicom-i-otvorenim-pretincem\/#primaryimage"},"image":{"@id":"https:\/\/inti.hr\/bs\/proizvod\/moderan-nocni-ormaric-s-ladicom-i-otvorenim-pretincem\/#primaryimage"},"thumbnailUrl":"https:\/\/i0.wp.com\/inti.hr\/wp-content\/uploads\/2024\/06\/LET616T57-2.jpg?fit=800%2C1000&ssl=1","datePublished":"2024-06-10T14:10:53+00:00","dateModified":"2024-06-10T14:10:53+00:00","description":"Sa svojom elegantnom prirodnom bojom i plasti\u010dnom prednjom stranom ladice koja izgleda kao ratan, ovaj no\u0107ni ormari\u0107 odi\u0161e boho dodirom koji \u0107e va\u0161oj spava\u0107oj sobi dati opu\u0161tenu atmosferu. Zahvaljuju\u0107i kombinaciji visokokvalitetne iverice, vrhunske plastike u izgledu ratana i sna\u017ene pre\u010dke, ovaj no\u0107ni ormari\u0107 mo\u017ee izdr\u017eati do 90,7 kg i ostat \u0107e uz vas dugi niz godina. Poslu\u017eite grickalice i pi\u0107a u dnevnoj sobi, pohranite osnovne stvari koje su vam potrebne prije spavanja ili kad se probudite ili postavite svoj mali pisa\u010d u ured. Koristite ovu tablicu kako god \u017eelite! S veli\u010dinom od 40 x 45 x 60 cm, no\u0107ni ormari\u0107 nudi dovoljno mjesta za sve \u0161to trebate u krevetu - gornju policu za \u010desto kori\u0161tene predmete, ladicu za sitnice i otvoreni pretinac na dnu za va\u0161e omiljene romani. Zaobljeni uglovi sprje\u010davaju nepotrebne ozljede kada legnete u krevet; Udaljenost od donje police do poda je 16 cm, tako da se robot usisava\u010d mo\u017ee lako pomaknuti ispod kako bi o\u010distio pod.","breadcrumb":{"@id":"https:\/\/inti.hr\/bs\/proizvod\/moderan-nocni-ormaric-s-ladicom-i-otvorenim-pretincem\/#breadcrumb"},"inLanguage":"bs-BA","potentialAction":[{"@type":"ReadAction","target":["https:\/\/inti.hr\/bs\/proizvod\/moderan-nocni-ormaric-s-ladicom-i-otvorenim-pretincem\/"]}]},{"@type":"ImageObject","inLanguage":"bs-BA","@id":"https:\/\/inti.hr\/bs\/proizvod\/moderan-nocni-ormaric-s-ladicom-i-otvorenim-pretincem\/#primaryimage","url":"https:\/\/i0.wp.com\/inti.hr\/wp-content\/uploads\/2024\/06\/LET616T57-2.jpg?fit=800%2C1000&ssl=1","contentUrl":"https:\/\/i0.wp.com\/inti.hr\/wp-content\/uploads\/2024\/06\/LET616T57-2.jpg?fit=800%2C1000&ssl=1","width":800,"height":1000,"caption":"moderan no\u0107ni ormari\u0107 s ladicom i otvorenim pretincem"},{"@type":"BreadcrumbList","@id":"https:\/\/inti.hr\/bs\/proizvod\/moderan-nocni-ormaric-s-ladicom-i-otvorenim-pretincem\/#breadcrumb","itemListElement":[{"@type":"ListItem","position":1,"name":"Po\u010detna stranica","item":"https:\/\/inti.hr\/bs\/"},{"@type":"ListItem","position":2,"name":"Trgovina","item":"https:\/\/inti.hr\/bs\/trgovina\/"},{"@type":"ListItem","position":3,"name":"Moderan no\u0107ni ormari\u0107 s ladicom i otvorenim pretincem"}]},{"@type":"WebSite","@id":"https:\/\/inti.hr\/bs\/#website","url":"https:\/\/inti.hr\/bs\/","name":"Inti","description":"trgovina","potentialAction":[{"@type":"SearchAction","target":{"@type":"EntryPoint","urlTemplate":"https:\/\/inti.hr\/bs\/?s={search_term_string}"},"query-input":{"@type":"PropertyValueSpecification","valueRequired":true,"valueName":"search_term_string"}}],"inLanguage":"bs-BA"}]}},"jetpack_sharing_enabled":true,"jetpack-related-posts":[],"_links":{"self":[{"href":"https:\/\/inti.hr\/bs\/wp-json\/wp\/v2\/product\/32335"}],"collection":[{"href":"https:\/\/inti.hr\/bs\/wp-json\/wp\/v2\/product"}],"about":[{"href":"https:\/\/inti.hr\/bs\/wp-json\/wp\/v2\/types\/product"}],"wp:featuredmedia":[{"embeddable":true,"href":"https:\/\/inti.hr\/bs\/wp-json\/wp\/v2\/media\/32336"}],"wp:attachment":[{"href":"https:\/\/inti.hr\/bs\/wp-json\/wp\/v2\/media?parent=32335"}],"wp:term":[{"taxonomy":"product_cat","embeddable":true,"href":"https:\/\/inti.hr\/bs\/wp-json\/wp\/v2\/product_cat?post=32335"},{"taxonomy":"product_tag","embeddable":true,"href":"https:\/\/inti.hr\/bs\/wp-json\/wp\/v2\/product_tag?post=32335"}],"curies":[{"name":"wp","href":"https:\/\/api.w.org\/{rel}","templated":true}]}}