{"id":32339,"date":"2024-06-07T08:13:41","date_gmt":"2024-06-07T07:13:41","guid":{"rendered":"https:\/\/inti.hr\/product\/otvoreni-ormar-sa-sipkom-za-odjecu\/"},"modified":"2024-06-07T08:13:41","modified_gmt":"2024-06-07T07:13:41","slug":"otvoreni-ormar-sa-sipkom-za-odjecu","status":"publish","type":"product","link":"https:\/\/inti.hr\/bs\/proizvod\/otvoreni-ormar-sa-sipkom-za-odjecu\/","title":{"rendered":"Otvoreni ormar sa \u0161ipkom za odje\u0107u"},"content":{"rendered":"<p>Detalji proizvoda:<\/p>\n<p>Materijal: \u010delik, iverica<br \/>\nVeli\u010dina: 40 x 141 x 180 cm (D x \u0160 x V), 40 x 94,5 x 180 cm (D x \u0160 x V)<br \/>\nTe\u017eina: 21 kg, 14,8kg<br \/>\nMaksimalna stati\u010dka nosivost: 194 kg<\/p>\n","protected":false},"excerpt":{"rendered":"<p>Ovaj ormar nudi u\u010dinkovito organizacijsko rje\u0161enje. Gornja polica, veliki prostor za &#8230; <\/p>\n","protected":false},"featured_media":32340,"template":"","meta":[],"product_cat":[2414],"product_tag":[3314,3315,2673],"yoast_head":"<!-- This site is optimized with the Yoast SEO plugin v23.7 - https:\/\/yoast.com\/wordpress\/plugins\/seo\/ -->\n<title>Otvoreni ormar sa \u0161ipkom za odje\u0107u - Inti<\/title>\n<meta name=\"description\" content=\"Ovaj ormar nudi u\u010dinkovito organizacijsko rje\u0161enje. Gornja polica, veliki prostor za vje\u0161anje i donje police pru\u017eaju prostor za pohranu odje\u0107e, torbi, kov\u010dega i vi\u0161e. Ovaj otvoreni ormar ima podesive no\u017eice za kompenzaciju neravnih podova i dijelove protiv prevrtanja za dodatnu sigurnost. To ga \u010dini robusnim i pouzdanim rje\u0161enjem za pohranu va\u0161e odje\u0107e. Sastavite ovaj ormar za spava\u0107u sobu u tren oka s jasnim uputama i prilo\u017eenim inbus klju\u010dem. U\u017eivajte u jednostavnoj monta\u017ei i u\u0161tedite dragocjeno vrijeme i trud. Izra\u0111en od \u010dvrstog metalnog okvira i debele iverice te oja\u010dan X-naramenicama na stra\u017enjoj strani, ovaj stalak za odje\u0107u mo\u017ee lako izdr\u017eati do 196 kg. Na njega slobodno objesite i svoje te\u0161ke zimske jakne! Moderan dizajn ove vje\u0161alice za kapute omogu\u0107uje da se postavi bilo gdje, od praonice do spava\u0107e sobe, pru\u017eaju\u0107i maksimalnu fleksibilnost pri postavljanju.\u00a0\" \/>\n<meta name=\"robots\" content=\"index, follow, max-snippet:-1, max-image-preview:large, max-video-preview:-1\" \/>\n<link rel=\"canonical\" href=\"https:\/\/inti.hr\/bs\/proizvod\/otvoreni-ormar-sa-sipkom-za-odjecu\/\" \/>\n<meta property=\"og:locale\" content=\"bs_BA\" \/>\n<meta property=\"og:type\" content=\"article\" \/>\n<meta property=\"og:title\" content=\"Otvoreni ormar sa \u0161ipkom za odje\u0107u - Inti\" \/>\n<meta property=\"og:description\" content=\"Ovaj ormar nudi u\u010dinkovito organizacijsko rje\u0161enje. Gornja polica, veliki prostor za vje\u0161anje i donje police pru\u017eaju prostor za pohranu odje\u0107e, torbi, kov\u010dega i vi\u0161e. Ovaj otvoreni ormar ima podesive no\u017eice za kompenzaciju neravnih podova i dijelove protiv prevrtanja za dodatnu sigurnost. To ga \u010dini robusnim i pouzdanim rje\u0161enjem za pohranu va\u0161e odje\u0107e. Sastavite ovaj ormar za spava\u0107u sobu u tren oka s jasnim uputama i prilo\u017eenim inbus klju\u010dem. U\u017eivajte u jednostavnoj monta\u017ei i u\u0161tedite dragocjeno vrijeme i trud. Izra\u0111en od \u010dvrstog metalnog okvira i debele iverice te oja\u010dan X-naramenicama na stra\u017enjoj strani, ovaj stalak za odje\u0107u mo\u017ee lako izdr\u017eati do 196 kg. Na njega slobodno objesite i svoje te\u0161ke zimske jakne! Moderan dizajn ove vje\u0161alice za kapute omogu\u0107uje da se postavi bilo gdje, od praonice do spava\u0107e sobe, pru\u017eaju\u0107i maksimalnu fleksibilnost pri postavljanju.\u00a0\" \/>\n<meta property=\"og:url\" content=\"https:\/\/inti.hr\/bs\/proizvod\/otvoreni-ormar-sa-sipkom-za-odjecu\/\" \/>\n<meta property=\"og:site_name\" content=\"Inti\" \/>\n<meta property=\"og:image\" content=\"https:\/\/i0.wp.com\/inti.hr\/wp-content\/uploads\/2024\/06\/RGR005B01-2.jpg?fit=800%2C1000&ssl=1\" \/>\n\t<meta property=\"og:image:width\" content=\"800\" \/>\n\t<meta property=\"og:image:height\" content=\"1000\" \/>\n\t<meta property=\"og:image:type\" content=\"image\/jpeg\" \/>\n<meta name=\"twitter:card\" content=\"summary_large_image\" \/>\n<script type=\"application\/ld+json\" class=\"yoast-schema-graph\">{\"@context\":\"https:\/\/schema.org\",\"@graph\":[{\"@type\":\"WebPage\",\"@id\":\"https:\/\/inti.hr\/bs\/proizvod\/otvoreni-ormar-sa-sipkom-za-odjecu\/\",\"url\":\"https:\/\/inti.hr\/bs\/proizvod\/otvoreni-ormar-sa-sipkom-za-odjecu\/\",\"name\":\"Otvoreni ormar sa \u0161ipkom za odje\u0107u - Inti\",\"isPartOf\":{\"@id\":\"https:\/\/inti.hr\/bs\/#website\"},\"primaryImageOfPage\":{\"@id\":\"https:\/\/inti.hr\/bs\/proizvod\/otvoreni-ormar-sa-sipkom-za-odjecu\/#primaryimage\"},\"image\":{\"@id\":\"https:\/\/inti.hr\/bs\/proizvod\/otvoreni-ormar-sa-sipkom-za-odjecu\/#primaryimage\"},\"thumbnailUrl\":\"https:\/\/i0.wp.com\/inti.hr\/wp-content\/uploads\/2024\/06\/RGR005B01-2.jpg?fit=800%2C1000&ssl=1\",\"datePublished\":\"2024-06-07T07:13:41+00:00\",\"dateModified\":\"2024-06-07T07:13:41+00:00\",\"description\":\"Ovaj ormar nudi u\u010dinkovito organizacijsko rje\u0161enje. Gornja polica, veliki prostor za vje\u0161anje i donje police pru\u017eaju prostor za pohranu odje\u0107e, torbi, kov\u010dega i vi\u0161e. Ovaj otvoreni ormar ima podesive no\u017eice za kompenzaciju neravnih podova i dijelove protiv prevrtanja za dodatnu sigurnost. To ga \u010dini robusnim i pouzdanim rje\u0161enjem za pohranu va\u0161e odje\u0107e. Sastavite ovaj ormar za spava\u0107u sobu u tren oka s jasnim uputama i prilo\u017eenim inbus klju\u010dem. U\u017eivajte u jednostavnoj monta\u017ei i u\u0161tedite dragocjeno vrijeme i trud. Izra\u0111en od \u010dvrstog metalnog okvira i debele iverice te oja\u010dan X-naramenicama na stra\u017enjoj strani, ovaj stalak za odje\u0107u mo\u017ee lako izdr\u017eati do 196 kg. Na njega slobodno objesite i svoje te\u0161ke zimske jakne! Moderan dizajn ove vje\u0161alice za kapute omogu\u0107uje da se postavi bilo gdje, od praonice do spava\u0107e sobe, pru\u017eaju\u0107i maksimalnu fleksibilnost pri postavljanju.\u00a0\",\"breadcrumb\":{\"@id\":\"https:\/\/inti.hr\/bs\/proizvod\/otvoreni-ormar-sa-sipkom-za-odjecu\/#breadcrumb\"},\"inLanguage\":\"bs-BA\",\"potentialAction\":[{\"@type\":\"ReadAction\",\"target\":[\"https:\/\/inti.hr\/bs\/proizvod\/otvoreni-ormar-sa-sipkom-za-odjecu\/\"]}]},{\"@type\":\"ImageObject\",\"inLanguage\":\"bs-BA\",\"@id\":\"https:\/\/inti.hr\/bs\/proizvod\/otvoreni-ormar-sa-sipkom-za-odjecu\/#primaryimage\",\"url\":\"https:\/\/i0.wp.com\/inti.hr\/wp-content\/uploads\/2024\/06\/RGR005B01-2.jpg?fit=800%2C1000&ssl=1\",\"contentUrl\":\"https:\/\/i0.wp.com\/inti.hr\/wp-content\/uploads\/2024\/06\/RGR005B01-2.jpg?fit=800%2C1000&ssl=1\",\"width\":800,\"height\":1000,\"caption\":\"otvoreni ormar sa \u0161ipkom za odje\u0107u u prirodnoj be\u017e boji\"},{\"@type\":\"BreadcrumbList\",\"@id\":\"https:\/\/inti.hr\/bs\/proizvod\/otvoreni-ormar-sa-sipkom-za-odjecu\/#breadcrumb\",\"itemListElement\":[{\"@type\":\"ListItem\",\"position\":1,\"name\":\"Po\u010detna stranica\",\"item\":\"https:\/\/inti.hr\/bs\/\"},{\"@type\":\"ListItem\",\"position\":2,\"name\":\"Trgovina\",\"item\":\"https:\/\/inti.hr\/bs\/trgovina\/\"},{\"@type\":\"ListItem\",\"position\":3,\"name\":\"Otvoreni ormar sa \u0161ipkom za odje\u0107u\"}]},{\"@type\":\"WebSite\",\"@id\":\"https:\/\/inti.hr\/bs\/#website\",\"url\":\"https:\/\/inti.hr\/bs\/\",\"name\":\"Inti\",\"description\":\"trgovina\",\"potentialAction\":[{\"@type\":\"SearchAction\",\"target\":{\"@type\":\"EntryPoint\",\"urlTemplate\":\"https:\/\/inti.hr\/bs\/?s={search_term_string}\"},\"query-input\":{\"@type\":\"PropertyValueSpecification\",\"valueRequired\":true,\"valueName\":\"search_term_string\"}}],\"inLanguage\":\"bs-BA\"}]}<\/script>\n<!-- \/ Yoast SEO plugin. -->","yoast_head_json":{"title":"Otvoreni ormar sa \u0161ipkom za odje\u0107u - Inti","description":"Ovaj ormar nudi u\u010dinkovito organizacijsko rje\u0161enje. Gornja polica, veliki prostor za vje\u0161anje i donje police pru\u017eaju prostor za pohranu odje\u0107e, torbi, kov\u010dega i vi\u0161e. Ovaj otvoreni ormar ima podesive no\u017eice za kompenzaciju neravnih podova i dijelove protiv prevrtanja za dodatnu sigurnost. To ga \u010dini robusnim i pouzdanim rje\u0161enjem za pohranu va\u0161e odje\u0107e. Sastavite ovaj ormar za spava\u0107u sobu u tren oka s jasnim uputama i prilo\u017eenim inbus klju\u010dem. U\u017eivajte u jednostavnoj monta\u017ei i u\u0161tedite dragocjeno vrijeme i trud. Izra\u0111en od \u010dvrstog metalnog okvira i debele iverice te oja\u010dan X-naramenicama na stra\u017enjoj strani, ovaj stalak za odje\u0107u mo\u017ee lako izdr\u017eati do 196 kg. Na njega slobodno objesite i svoje te\u0161ke zimske jakne! Moderan dizajn ove vje\u0161alice za kapute omogu\u0107uje da se postavi bilo gdje, od praonice do spava\u0107e sobe, pru\u017eaju\u0107i maksimalnu fleksibilnost pri postavljanju.\u00a0","robots":{"index":"index","follow":"follow","max-snippet":"max-snippet:-1","max-image-preview":"max-image-preview:large","max-video-preview":"max-video-preview:-1"},"canonical":"https:\/\/inti.hr\/bs\/proizvod\/otvoreni-ormar-sa-sipkom-za-odjecu\/","og_locale":"bs_BA","og_type":"article","og_title":"Otvoreni ormar sa \u0161ipkom za odje\u0107u - Inti","og_description":"Ovaj ormar nudi u\u010dinkovito organizacijsko rje\u0161enje. Gornja polica, veliki prostor za vje\u0161anje i donje police pru\u017eaju prostor za pohranu odje\u0107e, torbi, kov\u010dega i vi\u0161e. Ovaj otvoreni ormar ima podesive no\u017eice za kompenzaciju neravnih podova i dijelove protiv prevrtanja za dodatnu sigurnost. To ga \u010dini robusnim i pouzdanim rje\u0161enjem za pohranu va\u0161e odje\u0107e. Sastavite ovaj ormar za spava\u0107u sobu u tren oka s jasnim uputama i prilo\u017eenim inbus klju\u010dem. U\u017eivajte u jednostavnoj monta\u017ei i u\u0161tedite dragocjeno vrijeme i trud. Izra\u0111en od \u010dvrstog metalnog okvira i debele iverice te oja\u010dan X-naramenicama na stra\u017enjoj strani, ovaj stalak za odje\u0107u mo\u017ee lako izdr\u017eati do 196 kg. Na njega slobodno objesite i svoje te\u0161ke zimske jakne! Moderan dizajn ove vje\u0161alice za kapute omogu\u0107uje da se postavi bilo gdje, od praonice do spava\u0107e sobe, pru\u017eaju\u0107i maksimalnu fleksibilnost pri postavljanju.\u00a0","og_url":"https:\/\/inti.hr\/bs\/proizvod\/otvoreni-ormar-sa-sipkom-za-odjecu\/","og_site_name":"Inti","og_image":[{"width":800,"height":1000,"url":"https:\/\/i0.wp.com\/inti.hr\/wp-content\/uploads\/2024\/06\/RGR005B01-2.jpg?fit=800%2C1000&ssl=1","type":"image\/jpeg"}],"twitter_card":"summary_large_image","schema":{"@context":"https:\/\/schema.org","@graph":[{"@type":"WebPage","@id":"https:\/\/inti.hr\/bs\/proizvod\/otvoreni-ormar-sa-sipkom-za-odjecu\/","url":"https:\/\/inti.hr\/bs\/proizvod\/otvoreni-ormar-sa-sipkom-za-odjecu\/","name":"Otvoreni ormar sa \u0161ipkom za odje\u0107u - Inti","isPartOf":{"@id":"https:\/\/inti.hr\/bs\/#website"},"primaryImageOfPage":{"@id":"https:\/\/inti.hr\/bs\/proizvod\/otvoreni-ormar-sa-sipkom-za-odjecu\/#primaryimage"},"image":{"@id":"https:\/\/inti.hr\/bs\/proizvod\/otvoreni-ormar-sa-sipkom-za-odjecu\/#primaryimage"},"thumbnailUrl":"https:\/\/i0.wp.com\/inti.hr\/wp-content\/uploads\/2024\/06\/RGR005B01-2.jpg?fit=800%2C1000&ssl=1","datePublished":"2024-06-07T07:13:41+00:00","dateModified":"2024-06-07T07:13:41+00:00","description":"Ovaj ormar nudi u\u010dinkovito organizacijsko rje\u0161enje. Gornja polica, veliki prostor za vje\u0161anje i donje police pru\u017eaju prostor za pohranu odje\u0107e, torbi, kov\u010dega i vi\u0161e. Ovaj otvoreni ormar ima podesive no\u017eice za kompenzaciju neravnih podova i dijelove protiv prevrtanja za dodatnu sigurnost. To ga \u010dini robusnim i pouzdanim rje\u0161enjem za pohranu va\u0161e odje\u0107e. Sastavite ovaj ormar za spava\u0107u sobu u tren oka s jasnim uputama i prilo\u017eenim inbus klju\u010dem. U\u017eivajte u jednostavnoj monta\u017ei i u\u0161tedite dragocjeno vrijeme i trud. Izra\u0111en od \u010dvrstog metalnog okvira i debele iverice te oja\u010dan X-naramenicama na stra\u017enjoj strani, ovaj stalak za odje\u0107u mo\u017ee lako izdr\u017eati do 196 kg. Na njega slobodno objesite i svoje te\u0161ke zimske jakne! Moderan dizajn ove vje\u0161alice za kapute omogu\u0107uje da se postavi bilo gdje, od praonice do spava\u0107e sobe, pru\u017eaju\u0107i maksimalnu fleksibilnost pri postavljanju.\u00a0","breadcrumb":{"@id":"https:\/\/inti.hr\/bs\/proizvod\/otvoreni-ormar-sa-sipkom-za-odjecu\/#breadcrumb"},"inLanguage":"bs-BA","potentialAction":[{"@type":"ReadAction","target":["https:\/\/inti.hr\/bs\/proizvod\/otvoreni-ormar-sa-sipkom-za-odjecu\/"]}]},{"@type":"ImageObject","inLanguage":"bs-BA","@id":"https:\/\/inti.hr\/bs\/proizvod\/otvoreni-ormar-sa-sipkom-za-odjecu\/#primaryimage","url":"https:\/\/i0.wp.com\/inti.hr\/wp-content\/uploads\/2024\/06\/RGR005B01-2.jpg?fit=800%2C1000&ssl=1","contentUrl":"https:\/\/i0.wp.com\/inti.hr\/wp-content\/uploads\/2024\/06\/RGR005B01-2.jpg?fit=800%2C1000&ssl=1","width":800,"height":1000,"caption":"otvoreni ormar sa \u0161ipkom za odje\u0107u u prirodnoj be\u017e boji"},{"@type":"BreadcrumbList","@id":"https:\/\/inti.hr\/bs\/proizvod\/otvoreni-ormar-sa-sipkom-za-odjecu\/#breadcrumb","itemListElement":[{"@type":"ListItem","position":1,"name":"Po\u010detna stranica","item":"https:\/\/inti.hr\/bs\/"},{"@type":"ListItem","position":2,"name":"Trgovina","item":"https:\/\/inti.hr\/bs\/trgovina\/"},{"@type":"ListItem","position":3,"name":"Otvoreni ormar sa \u0161ipkom za odje\u0107u"}]},{"@type":"WebSite","@id":"https:\/\/inti.hr\/bs\/#website","url":"https:\/\/inti.hr\/bs\/","name":"Inti","description":"trgovina","potentialAction":[{"@type":"SearchAction","target":{"@type":"EntryPoint","urlTemplate":"https:\/\/inti.hr\/bs\/?s={search_term_string}"},"query-input":{"@type":"PropertyValueSpecification","valueRequired":true,"valueName":"search_term_string"}}],"inLanguage":"bs-BA"}]}},"jetpack_sharing_enabled":true,"jetpack-related-posts":[],"_links":{"self":[{"href":"https:\/\/inti.hr\/bs\/wp-json\/wp\/v2\/product\/32339"}],"collection":[{"href":"https:\/\/inti.hr\/bs\/wp-json\/wp\/v2\/product"}],"about":[{"href":"https:\/\/inti.hr\/bs\/wp-json\/wp\/v2\/types\/product"}],"wp:featuredmedia":[{"embeddable":true,"href":"https:\/\/inti.hr\/bs\/wp-json\/wp\/v2\/media\/32340"}],"wp:attachment":[{"href":"https:\/\/inti.hr\/bs\/wp-json\/wp\/v2\/media?parent=32339"}],"wp:term":[{"taxonomy":"product_cat","embeddable":true,"href":"https:\/\/inti.hr\/bs\/wp-json\/wp\/v2\/product_cat?post=32339"},{"taxonomy":"product_tag","embeddable":true,"href":"https:\/\/inti.hr\/bs\/wp-json\/wp\/v2\/product_tag?post=32339"}],"curies":[{"name":"wp","href":"https:\/\/api.w.org\/{rel}","templated":true}]}}