{"id":32517,"date":"2024-03-28T14:34:56","date_gmt":"2024-03-28T13:34:56","guid":{"rendered":"https:\/\/inti.hr\/product\/kosara-za-rublje-60-litara\/"},"modified":"2024-03-28T14:34:56","modified_gmt":"2024-03-28T13:34:56","slug":"kosara-za-rublje-60-litara","status":"publish","type":"product","link":"https:\/\/inti.hr\/bs\/proizvod\/kosara-za-rublje-60-litara\/","title":{"rendered":"Ko\u0161ara za rublje 60 litara"},"content":{"rendered":"<p>Detalji proizvoda:<\/p>\n<p>Materijal: 600D Oxford tkanina, bambus, stakloplastike, karton<br \/>\nVeli\u010dina: 42 x 22,5 x 70,5 cm (D x \u0160 x V), veli\u010dina: 42 x 32 x 70,5 cm (D x \u0160 x V)<br \/>\nTe\u017eina: 1,3 kg<br \/>\nMaksimalna stati\u010dka nosivost: 5 kg<\/p>\n","protected":false},"excerpt":{"rendered":"<p>Ova tanka ko\u0161ara za rublje kapaciteta 65 L i dimenzija 42 &#8230; <\/p>\n","protected":false},"featured_media":32518,"template":"","meta":[],"product_cat":[2392],"product_tag":[2424,2520],"yoast_head":"<!-- This site is optimized with the Yoast SEO plugin v23.7 - https:\/\/yoast.com\/wordpress\/plugins\/seo\/ -->\n<title>Ko\u0161ara za rublje 60 litara - Inti<\/title>\n<meta name=\"description\" content=\"Ova tanka ko\u0161ara za rublje kapaciteta 65 L i dimenzija 42 x 22,5 x 70,5 cm dizajnirana je za posebno uklapanje u uske ni\u0161e, \u0161to je \u010dini idealnim izborom za male prostorije ili kompaktne praonice, tako\u0111er ko\u0161ara za rublje od 90 L, dimenzija 42 x 32 x 70,5 cm, nudi dovoljno prostora za tjedno pranje rublja od jedne osobe i pojednostavljuje va\u0161u rutinu pranja rublja. U\u010dvr\u0161\u0107ena \u010di\u010dak kop\u010dama, vre\u0107a se lako uklanja. Uzice slu\u017ee kao ru\u010dke za lak\u0161i transport. Zahvaljuju\u0107i mre\u017eastom dizajnu, prikladna je i kao torba za pranje za sortirano pranje u stroju. Jasne upute i alati nisu potrebni - mo\u017eete sastaviti ovu ko\u0161aru za rublje u samo 5 minuta. Poklopac \u0161titi od pra\u0161ine i \u0161titi va\u0161u privatnost. Logo od umjetne ko\u017ee na poklopcu slu\u017ei kao ru\u010dka za jednostavno otvaranje i dodaje da\u0161ak elegancije. Korpa za rublje izra\u0111ena je od Oxford tkanine debljine 600D, koja je vodoodbojna, otporna na trganje i jednostavna za \u010di\u0161\u0107enje. Njegova unutarnja struktura poduprta je \u0161ipkama od stakloplastike za ve\u0107u stabilnost.\u00a0\" \/>\n<meta name=\"robots\" content=\"index, follow, max-snippet:-1, max-image-preview:large, max-video-preview:-1\" \/>\n<link rel=\"canonical\" href=\"https:\/\/inti.hr\/bs\/proizvod\/kosara-za-rublje-60-litara\/\" \/>\n<meta property=\"og:locale\" content=\"bs_BA\" \/>\n<meta property=\"og:type\" content=\"article\" \/>\n<meta property=\"og:title\" content=\"Ko\u0161ara za rublje 60 litara - Inti\" \/>\n<meta property=\"og:description\" content=\"Ova tanka ko\u0161ara za rublje kapaciteta 65 L i dimenzija 42 x 22,5 x 70,5 cm dizajnirana je za posebno uklapanje u uske ni\u0161e, \u0161to je \u010dini idealnim izborom za male prostorije ili kompaktne praonice, tako\u0111er ko\u0161ara za rublje od 90 L, dimenzija 42 x 32 x 70,5 cm, nudi dovoljno prostora za tjedno pranje rublja od jedne osobe i pojednostavljuje va\u0161u rutinu pranja rublja. U\u010dvr\u0161\u0107ena \u010di\u010dak kop\u010dama, vre\u0107a se lako uklanja. Uzice slu\u017ee kao ru\u010dke za lak\u0161i transport. Zahvaljuju\u0107i mre\u017eastom dizajnu, prikladna je i kao torba za pranje za sortirano pranje u stroju. Jasne upute i alati nisu potrebni - mo\u017eete sastaviti ovu ko\u0161aru za rublje u samo 5 minuta. Poklopac \u0161titi od pra\u0161ine i \u0161titi va\u0161u privatnost. Logo od umjetne ko\u017ee na poklopcu slu\u017ei kao ru\u010dka za jednostavno otvaranje i dodaje da\u0161ak elegancije. Korpa za rublje izra\u0111ena je od Oxford tkanine debljine 600D, koja je vodoodbojna, otporna na trganje i jednostavna za \u010di\u0161\u0107enje. Njegova unutarnja struktura poduprta je \u0161ipkama od stakloplastike za ve\u0107u stabilnost.\u00a0\" \/>\n<meta property=\"og:url\" content=\"https:\/\/inti.hr\/bs\/proizvod\/kosara-za-rublje-60-litara\/\" \/>\n<meta property=\"og:site_name\" content=\"Inti\" \/>\n<meta property=\"og:image\" content=\"https:\/\/i0.wp.com\/inti.hr\/wp-content\/uploads\/2024\/03\/LCB506G01-2-e1711632826726.jpg?fit=800%2C866&ssl=1\" \/>\n\t<meta property=\"og:image:width\" content=\"800\" \/>\n\t<meta property=\"og:image:height\" content=\"866\" \/>\n\t<meta property=\"og:image:type\" content=\"image\/jpeg\" \/>\n<meta name=\"twitter:card\" content=\"summary_large_image\" \/>\n<script type=\"application\/ld+json\" class=\"yoast-schema-graph\">{\"@context\":\"https:\/\/schema.org\",\"@graph\":[{\"@type\":\"WebPage\",\"@id\":\"https:\/\/inti.hr\/bs\/proizvod\/kosara-za-rublje-60-litara\/\",\"url\":\"https:\/\/inti.hr\/bs\/proizvod\/kosara-za-rublje-60-litara\/\",\"name\":\"Ko\u0161ara za rublje 60 litara - Inti\",\"isPartOf\":{\"@id\":\"https:\/\/inti.hr\/bs\/#website\"},\"primaryImageOfPage\":{\"@id\":\"https:\/\/inti.hr\/bs\/proizvod\/kosara-za-rublje-60-litara\/#primaryimage\"},\"image\":{\"@id\":\"https:\/\/inti.hr\/bs\/proizvod\/kosara-za-rublje-60-litara\/#primaryimage\"},\"thumbnailUrl\":\"https:\/\/i0.wp.com\/inti.hr\/wp-content\/uploads\/2024\/03\/LCB506G01-2-e1711632826726.jpg?fit=800%2C866&ssl=1\",\"datePublished\":\"2024-03-28T13:34:56+00:00\",\"dateModified\":\"2024-03-28T13:34:56+00:00\",\"description\":\"Ova tanka ko\u0161ara za rublje kapaciteta 65 L i dimenzija 42 x 22,5 x 70,5 cm dizajnirana je za posebno uklapanje u uske ni\u0161e, \u0161to je \u010dini idealnim izborom za male prostorije ili kompaktne praonice, tako\u0111er ko\u0161ara za rublje od 90 L, dimenzija 42 x 32 x 70,5 cm, nudi dovoljno prostora za tjedno pranje rublja od jedne osobe i pojednostavljuje va\u0161u rutinu pranja rublja. U\u010dvr\u0161\u0107ena \u010di\u010dak kop\u010dama, vre\u0107a se lako uklanja. Uzice slu\u017ee kao ru\u010dke za lak\u0161i transport. Zahvaljuju\u0107i mre\u017eastom dizajnu, prikladna je i kao torba za pranje za sortirano pranje u stroju. Jasne upute i alati nisu potrebni - mo\u017eete sastaviti ovu ko\u0161aru za rublje u samo 5 minuta. Poklopac \u0161titi od pra\u0161ine i \u0161titi va\u0161u privatnost. Logo od umjetne ko\u017ee na poklopcu slu\u017ei kao ru\u010dka za jednostavno otvaranje i dodaje da\u0161ak elegancije. Korpa za rublje izra\u0111ena je od Oxford tkanine debljine 600D, koja je vodoodbojna, otporna na trganje i jednostavna za \u010di\u0161\u0107enje. Njegova unutarnja struktura poduprta je \u0161ipkama od stakloplastike za ve\u0107u stabilnost.\u00a0\",\"breadcrumb\":{\"@id\":\"https:\/\/inti.hr\/bs\/proizvod\/kosara-za-rublje-60-litara\/#breadcrumb\"},\"inLanguage\":\"bs-BA\",\"potentialAction\":[{\"@type\":\"ReadAction\",\"target\":[\"https:\/\/inti.hr\/bs\/proizvod\/kosara-za-rublje-60-litara\/\"]}]},{\"@type\":\"ImageObject\",\"inLanguage\":\"bs-BA\",\"@id\":\"https:\/\/inti.hr\/bs\/proizvod\/kosara-za-rublje-60-litara\/#primaryimage\",\"url\":\"https:\/\/i0.wp.com\/inti.hr\/wp-content\/uploads\/2024\/03\/LCB506G01-2-e1711632826726.jpg?fit=800%2C866&ssl=1\",\"contentUrl\":\"https:\/\/i0.wp.com\/inti.hr\/wp-content\/uploads\/2024\/03\/LCB506G01-2-e1711632826726.jpg?fit=800%2C866&ssl=1\",\"width\":800,\"height\":866,\"caption\":\"ko\u0161ara za rublje\"},{\"@type\":\"BreadcrumbList\",\"@id\":\"https:\/\/inti.hr\/bs\/proizvod\/kosara-za-rublje-60-litara\/#breadcrumb\",\"itemListElement\":[{\"@type\":\"ListItem\",\"position\":1,\"name\":\"Po\u010detna stranica\",\"item\":\"https:\/\/inti.hr\/bs\/\"},{\"@type\":\"ListItem\",\"position\":2,\"name\":\"Trgovina\",\"item\":\"https:\/\/inti.hr\/bs\/trgovina\/\"},{\"@type\":\"ListItem\",\"position\":3,\"name\":\"Ko\u0161ara za rublje 60 litara\"}]},{\"@type\":\"WebSite\",\"@id\":\"https:\/\/inti.hr\/bs\/#website\",\"url\":\"https:\/\/inti.hr\/bs\/\",\"name\":\"Inti\",\"description\":\"trgovina\",\"potentialAction\":[{\"@type\":\"SearchAction\",\"target\":{\"@type\":\"EntryPoint\",\"urlTemplate\":\"https:\/\/inti.hr\/bs\/?s={search_term_string}\"},\"query-input\":{\"@type\":\"PropertyValueSpecification\",\"valueRequired\":true,\"valueName\":\"search_term_string\"}}],\"inLanguage\":\"bs-BA\"}]}<\/script>\n<!-- \/ Yoast SEO plugin. -->","yoast_head_json":{"title":"Ko\u0161ara za rublje 60 litara - Inti","description":"Ova tanka ko\u0161ara za rublje kapaciteta 65 L i dimenzija 42 x 22,5 x 70,5 cm dizajnirana je za posebno uklapanje u uske ni\u0161e, \u0161to je \u010dini idealnim izborom za male prostorije ili kompaktne praonice, tako\u0111er ko\u0161ara za rublje od 90 L, dimenzija 42 x 32 x 70,5 cm, nudi dovoljno prostora za tjedno pranje rublja od jedne osobe i pojednostavljuje va\u0161u rutinu pranja rublja. U\u010dvr\u0161\u0107ena \u010di\u010dak kop\u010dama, vre\u0107a se lako uklanja. Uzice slu\u017ee kao ru\u010dke za lak\u0161i transport. Zahvaljuju\u0107i mre\u017eastom dizajnu, prikladna je i kao torba za pranje za sortirano pranje u stroju. Jasne upute i alati nisu potrebni - mo\u017eete sastaviti ovu ko\u0161aru za rublje u samo 5 minuta. Poklopac \u0161titi od pra\u0161ine i \u0161titi va\u0161u privatnost. Logo od umjetne ko\u017ee na poklopcu slu\u017ei kao ru\u010dka za jednostavno otvaranje i dodaje da\u0161ak elegancije. Korpa za rublje izra\u0111ena je od Oxford tkanine debljine 600D, koja je vodoodbojna, otporna na trganje i jednostavna za \u010di\u0161\u0107enje. Njegova unutarnja struktura poduprta je \u0161ipkama od stakloplastike za ve\u0107u stabilnost.\u00a0","robots":{"index":"index","follow":"follow","max-snippet":"max-snippet:-1","max-image-preview":"max-image-preview:large","max-video-preview":"max-video-preview:-1"},"canonical":"https:\/\/inti.hr\/bs\/proizvod\/kosara-za-rublje-60-litara\/","og_locale":"bs_BA","og_type":"article","og_title":"Ko\u0161ara za rublje 60 litara - Inti","og_description":"Ova tanka ko\u0161ara za rublje kapaciteta 65 L i dimenzija 42 x 22,5 x 70,5 cm dizajnirana je za posebno uklapanje u uske ni\u0161e, \u0161to je \u010dini idealnim izborom za male prostorije ili kompaktne praonice, tako\u0111er ko\u0161ara za rublje od 90 L, dimenzija 42 x 32 x 70,5 cm, nudi dovoljno prostora za tjedno pranje rublja od jedne osobe i pojednostavljuje va\u0161u rutinu pranja rublja. U\u010dvr\u0161\u0107ena \u010di\u010dak kop\u010dama, vre\u0107a se lako uklanja. Uzice slu\u017ee kao ru\u010dke za lak\u0161i transport. Zahvaljuju\u0107i mre\u017eastom dizajnu, prikladna je i kao torba za pranje za sortirano pranje u stroju. Jasne upute i alati nisu potrebni - mo\u017eete sastaviti ovu ko\u0161aru za rublje u samo 5 minuta. Poklopac \u0161titi od pra\u0161ine i \u0161titi va\u0161u privatnost. Logo od umjetne ko\u017ee na poklopcu slu\u017ei kao ru\u010dka za jednostavno otvaranje i dodaje da\u0161ak elegancije. Korpa za rublje izra\u0111ena je od Oxford tkanine debljine 600D, koja je vodoodbojna, otporna na trganje i jednostavna za \u010di\u0161\u0107enje. Njegova unutarnja struktura poduprta je \u0161ipkama od stakloplastike za ve\u0107u stabilnost.\u00a0","og_url":"https:\/\/inti.hr\/bs\/proizvod\/kosara-za-rublje-60-litara\/","og_site_name":"Inti","og_image":[{"width":800,"height":866,"url":"https:\/\/i0.wp.com\/inti.hr\/wp-content\/uploads\/2024\/03\/LCB506G01-2-e1711632826726.jpg?fit=800%2C866&ssl=1","type":"image\/jpeg"}],"twitter_card":"summary_large_image","schema":{"@context":"https:\/\/schema.org","@graph":[{"@type":"WebPage","@id":"https:\/\/inti.hr\/bs\/proizvod\/kosara-za-rublje-60-litara\/","url":"https:\/\/inti.hr\/bs\/proizvod\/kosara-za-rublje-60-litara\/","name":"Ko\u0161ara za rublje 60 litara - Inti","isPartOf":{"@id":"https:\/\/inti.hr\/bs\/#website"},"primaryImageOfPage":{"@id":"https:\/\/inti.hr\/bs\/proizvod\/kosara-za-rublje-60-litara\/#primaryimage"},"image":{"@id":"https:\/\/inti.hr\/bs\/proizvod\/kosara-za-rublje-60-litara\/#primaryimage"},"thumbnailUrl":"https:\/\/i0.wp.com\/inti.hr\/wp-content\/uploads\/2024\/03\/LCB506G01-2-e1711632826726.jpg?fit=800%2C866&ssl=1","datePublished":"2024-03-28T13:34:56+00:00","dateModified":"2024-03-28T13:34:56+00:00","description":"Ova tanka ko\u0161ara za rublje kapaciteta 65 L i dimenzija 42 x 22,5 x 70,5 cm dizajnirana je za posebno uklapanje u uske ni\u0161e, \u0161to je \u010dini idealnim izborom za male prostorije ili kompaktne praonice, tako\u0111er ko\u0161ara za rublje od 90 L, dimenzija 42 x 32 x 70,5 cm, nudi dovoljno prostora za tjedno pranje rublja od jedne osobe i pojednostavljuje va\u0161u rutinu pranja rublja. U\u010dvr\u0161\u0107ena \u010di\u010dak kop\u010dama, vre\u0107a se lako uklanja. Uzice slu\u017ee kao ru\u010dke za lak\u0161i transport. Zahvaljuju\u0107i mre\u017eastom dizajnu, prikladna je i kao torba za pranje za sortirano pranje u stroju. Jasne upute i alati nisu potrebni - mo\u017eete sastaviti ovu ko\u0161aru za rublje u samo 5 minuta. Poklopac \u0161titi od pra\u0161ine i \u0161titi va\u0161u privatnost. Logo od umjetne ko\u017ee na poklopcu slu\u017ei kao ru\u010dka za jednostavno otvaranje i dodaje da\u0161ak elegancije. Korpa za rublje izra\u0111ena je od Oxford tkanine debljine 600D, koja je vodoodbojna, otporna na trganje i jednostavna za \u010di\u0161\u0107enje. Njegova unutarnja struktura poduprta je \u0161ipkama od stakloplastike za ve\u0107u stabilnost.\u00a0","breadcrumb":{"@id":"https:\/\/inti.hr\/bs\/proizvod\/kosara-za-rublje-60-litara\/#breadcrumb"},"inLanguage":"bs-BA","potentialAction":[{"@type":"ReadAction","target":["https:\/\/inti.hr\/bs\/proizvod\/kosara-za-rublje-60-litara\/"]}]},{"@type":"ImageObject","inLanguage":"bs-BA","@id":"https:\/\/inti.hr\/bs\/proizvod\/kosara-za-rublje-60-litara\/#primaryimage","url":"https:\/\/i0.wp.com\/inti.hr\/wp-content\/uploads\/2024\/03\/LCB506G01-2-e1711632826726.jpg?fit=800%2C866&ssl=1","contentUrl":"https:\/\/i0.wp.com\/inti.hr\/wp-content\/uploads\/2024\/03\/LCB506G01-2-e1711632826726.jpg?fit=800%2C866&ssl=1","width":800,"height":866,"caption":"ko\u0161ara za rublje"},{"@type":"BreadcrumbList","@id":"https:\/\/inti.hr\/bs\/proizvod\/kosara-za-rublje-60-litara\/#breadcrumb","itemListElement":[{"@type":"ListItem","position":1,"name":"Po\u010detna stranica","item":"https:\/\/inti.hr\/bs\/"},{"@type":"ListItem","position":2,"name":"Trgovina","item":"https:\/\/inti.hr\/bs\/trgovina\/"},{"@type":"ListItem","position":3,"name":"Ko\u0161ara za rublje 60 litara"}]},{"@type":"WebSite","@id":"https:\/\/inti.hr\/bs\/#website","url":"https:\/\/inti.hr\/bs\/","name":"Inti","description":"trgovina","potentialAction":[{"@type":"SearchAction","target":{"@type":"EntryPoint","urlTemplate":"https:\/\/inti.hr\/bs\/?s={search_term_string}"},"query-input":{"@type":"PropertyValueSpecification","valueRequired":true,"valueName":"search_term_string"}}],"inLanguage":"bs-BA"}]}},"jetpack_sharing_enabled":true,"jetpack-related-posts":[],"_links":{"self":[{"href":"https:\/\/inti.hr\/bs\/wp-json\/wp\/v2\/product\/32517"}],"collection":[{"href":"https:\/\/inti.hr\/bs\/wp-json\/wp\/v2\/product"}],"about":[{"href":"https:\/\/inti.hr\/bs\/wp-json\/wp\/v2\/types\/product"}],"wp:featuredmedia":[{"embeddable":true,"href":"https:\/\/inti.hr\/bs\/wp-json\/wp\/v2\/media\/32518"}],"wp:attachment":[{"href":"https:\/\/inti.hr\/bs\/wp-json\/wp\/v2\/media?parent=32517"}],"wp:term":[{"taxonomy":"product_cat","embeddable":true,"href":"https:\/\/inti.hr\/bs\/wp-json\/wp\/v2\/product_cat?post=32517"},{"taxonomy":"product_tag","embeddable":true,"href":"https:\/\/inti.hr\/bs\/wp-json\/wp\/v2\/product_tag?post=32517"}],"curies":[{"name":"wp","href":"https:\/\/api.w.org\/{rel}","templated":true}]}}