{"id":32573,"date":"2024-03-19T15:58:45","date_gmt":"2024-03-19T14:58:45","guid":{"rendered":"https:\/\/inti.hr\/product\/nocni-ormaric-40x40x63cm\/"},"modified":"2024-03-19T15:58:45","modified_gmt":"2024-03-19T14:58:45","slug":"nocni-ormaric-40x40x63cm","status":"publish","type":"product","link":"https:\/\/inti.hr\/bs\/proizvod\/nocni-ormaric-40x40x63cm\/","title":{"rendered":"No\u0107ni ormari\u0107 40x40x63cm"},"content":{"rendered":"<p>Detalji proizvoda:<\/p>\n<p>Te\u017eina: oko 15 kg<br \/>\nNosivost: do 33 kg,<br \/>\nMaterijal: PB(E1), metal;<br \/>\nDimenzije proizvoda: 40x40x63cm (vidi sliku)<br \/>\nDimenzije paketa: 61x48x19cm.<br \/>\nS uputama za sastavljanje i vijcima. Jednostavna instalacija.<\/p>\n","protected":false},"excerpt":{"rendered":"<p>Na no\u0107nom ormari\u0107u \u010duvaju se sve va\u017ene stvari koje koristimo zadnji &#8230; <\/p>\n","protected":false},"featured_media":32575,"template":"","meta":[],"product_cat":[2414],"product_tag":[2672,2673],"yoast_head":"<!-- This site is optimized with the Yoast SEO plugin v23.7 - https:\/\/yoast.com\/wordpress\/plugins\/seo\/ -->\n<title>No\u0107ni ormari\u0107 40x40x63cm - Inti<\/title>\n<meta name=\"description\" content=\"Na no\u0107nom ormari\u0107u \u010duvaju se sve va\u017ene stvari koje koristimo zadnji ili prvi dan u danu, poput \u0161alice za \u010daj, knjige, budilice ili pametnog telefona.Zahvaljuju\u0107i maloj povr\u0161ini, no\u0107ni ormari\u0107 \u0161tedi prostor i pristaje \u010dak iu uskim kutovima i ni\u0161ama. Idealan je i kao pomo\u0107ni ormari\u0107 u dnevnoj sobi ili kao telefonski ormari\u0107 u hodniku.Zlatne metalne ru\u010dke i bijele plo\u010de daju stolu moderan izgled, a spava\u0107oj sobi daju prozra\u010dan i svje\u017e izgled.Uklju\u010duju\u0107i za\u0161titu poda. Nema vi\u0161e straha od izgrebanih podova!\" \/>\n<meta name=\"robots\" content=\"index, follow, max-snippet:-1, max-image-preview:large, max-video-preview:-1\" \/>\n<link rel=\"canonical\" href=\"https:\/\/inti.hr\/bs\/proizvod\/nocni-ormaric-40x40x63cm\/\" \/>\n<meta property=\"og:locale\" content=\"bs_BA\" \/>\n<meta property=\"og:type\" content=\"article\" \/>\n<meta property=\"og:title\" content=\"No\u0107ni ormari\u0107 40x40x63cm - Inti\" \/>\n<meta property=\"og:description\" content=\"Na no\u0107nom ormari\u0107u \u010duvaju se sve va\u017ene stvari koje koristimo zadnji ili prvi dan u danu, poput \u0161alice za \u010daj, knjige, budilice ili pametnog telefona.Zahvaljuju\u0107i maloj povr\u0161ini, no\u0107ni ormari\u0107 \u0161tedi prostor i pristaje \u010dak iu uskim kutovima i ni\u0161ama. Idealan je i kao pomo\u0107ni ormari\u0107 u dnevnoj sobi ili kao telefonski ormari\u0107 u hodniku.Zlatne metalne ru\u010dke i bijele plo\u010de daju stolu moderan izgled, a spava\u0107oj sobi daju prozra\u010dan i svje\u017e izgled.Uklju\u010duju\u0107i za\u0161titu poda. Nema vi\u0161e straha od izgrebanih podova!\" \/>\n<meta property=\"og:url\" content=\"https:\/\/inti.hr\/bs\/proizvod\/nocni-ormaric-40x40x63cm\/\" \/>\n<meta property=\"og:site_name\" content=\"Inti\" \/>\n<meta property=\"og:image\" content=\"https:\/\/i0.wp.com\/inti.hr\/wp-content\/uploads\/2024\/03\/FBT115-L-SCH-Y005_670x.webp?fit=670%2C670&ssl=1\" \/>\n\t<meta property=\"og:image:width\" content=\"670\" \/>\n\t<meta property=\"og:image:height\" content=\"670\" \/>\n\t<meta property=\"og:image:type\" content=\"image\/webp\" \/>\n<meta name=\"twitter:card\" content=\"summary_large_image\" \/>\n<script type=\"application\/ld+json\" class=\"yoast-schema-graph\">{\"@context\":\"https:\/\/schema.org\",\"@graph\":[{\"@type\":\"WebPage\",\"@id\":\"https:\/\/inti.hr\/bs\/proizvod\/nocni-ormaric-40x40x63cm\/\",\"url\":\"https:\/\/inti.hr\/bs\/proizvod\/nocni-ormaric-40x40x63cm\/\",\"name\":\"No\u0107ni ormari\u0107 40x40x63cm - Inti\",\"isPartOf\":{\"@id\":\"https:\/\/inti.hr\/bs\/#website\"},\"primaryImageOfPage\":{\"@id\":\"https:\/\/inti.hr\/bs\/proizvod\/nocni-ormaric-40x40x63cm\/#primaryimage\"},\"image\":{\"@id\":\"https:\/\/inti.hr\/bs\/proizvod\/nocni-ormaric-40x40x63cm\/#primaryimage\"},\"thumbnailUrl\":\"https:\/\/i0.wp.com\/inti.hr\/wp-content\/uploads\/2024\/03\/FBT115-L-SCH-Y005_670x.webp?fit=670%2C670&ssl=1\",\"datePublished\":\"2024-03-19T14:58:45+00:00\",\"dateModified\":\"2024-03-19T14:58:45+00:00\",\"description\":\"Na no\u0107nom ormari\u0107u \u010duvaju se sve va\u017ene stvari koje koristimo zadnji ili prvi dan u danu, poput \u0161alice za \u010daj, knjige, budilice ili pametnog telefona.Zahvaljuju\u0107i maloj povr\u0161ini, no\u0107ni ormari\u0107 \u0161tedi prostor i pristaje \u010dak iu uskim kutovima i ni\u0161ama. Idealan je i kao pomo\u0107ni ormari\u0107 u dnevnoj sobi ili kao telefonski ormari\u0107 u hodniku.Zlatne metalne ru\u010dke i bijele plo\u010de daju stolu moderan izgled, a spava\u0107oj sobi daju prozra\u010dan i svje\u017e izgled.Uklju\u010duju\u0107i za\u0161titu poda. Nema vi\u0161e straha od izgrebanih podova!\",\"breadcrumb\":{\"@id\":\"https:\/\/inti.hr\/bs\/proizvod\/nocni-ormaric-40x40x63cm\/#breadcrumb\"},\"inLanguage\":\"bs-BA\",\"potentialAction\":[{\"@type\":\"ReadAction\",\"target\":[\"https:\/\/inti.hr\/bs\/proizvod\/nocni-ormaric-40x40x63cm\/\"]}]},{\"@type\":\"ImageObject\",\"inLanguage\":\"bs-BA\",\"@id\":\"https:\/\/inti.hr\/bs\/proizvod\/nocni-ormaric-40x40x63cm\/#primaryimage\",\"url\":\"https:\/\/i0.wp.com\/inti.hr\/wp-content\/uploads\/2024\/03\/FBT115-L-SCH-Y005_670x.webp?fit=670%2C670&ssl=1\",\"contentUrl\":\"https:\/\/i0.wp.com\/inti.hr\/wp-content\/uploads\/2024\/03\/FBT115-L-SCH-Y005_670x.webp?fit=670%2C670&ssl=1\",\"width\":670,\"height\":670},{\"@type\":\"BreadcrumbList\",\"@id\":\"https:\/\/inti.hr\/bs\/proizvod\/nocni-ormaric-40x40x63cm\/#breadcrumb\",\"itemListElement\":[{\"@type\":\"ListItem\",\"position\":1,\"name\":\"Po\u010detna stranica\",\"item\":\"https:\/\/inti.hr\/bs\/\"},{\"@type\":\"ListItem\",\"position\":2,\"name\":\"Trgovina\",\"item\":\"https:\/\/inti.hr\/bs\/trgovina\/\"},{\"@type\":\"ListItem\",\"position\":3,\"name\":\"No\u0107ni ormari\u0107 40x40x63cm\"}]},{\"@type\":\"WebSite\",\"@id\":\"https:\/\/inti.hr\/bs\/#website\",\"url\":\"https:\/\/inti.hr\/bs\/\",\"name\":\"Inti\",\"description\":\"trgovina\",\"potentialAction\":[{\"@type\":\"SearchAction\",\"target\":{\"@type\":\"EntryPoint\",\"urlTemplate\":\"https:\/\/inti.hr\/bs\/?s={search_term_string}\"},\"query-input\":{\"@type\":\"PropertyValueSpecification\",\"valueRequired\":true,\"valueName\":\"search_term_string\"}}],\"inLanguage\":\"bs-BA\"}]}<\/script>\n<!-- \/ Yoast SEO plugin. -->","yoast_head_json":{"title":"No\u0107ni ormari\u0107 40x40x63cm - Inti","description":"Na no\u0107nom ormari\u0107u \u010duvaju se sve va\u017ene stvari koje koristimo zadnji ili prvi dan u danu, poput \u0161alice za \u010daj, knjige, budilice ili pametnog telefona.Zahvaljuju\u0107i maloj povr\u0161ini, no\u0107ni ormari\u0107 \u0161tedi prostor i pristaje \u010dak iu uskim kutovima i ni\u0161ama. Idealan je i kao pomo\u0107ni ormari\u0107 u dnevnoj sobi ili kao telefonski ormari\u0107 u hodniku.Zlatne metalne ru\u010dke i bijele plo\u010de daju stolu moderan izgled, a spava\u0107oj sobi daju prozra\u010dan i svje\u017e izgled.Uklju\u010duju\u0107i za\u0161titu poda. Nema vi\u0161e straha od izgrebanih podova!","robots":{"index":"index","follow":"follow","max-snippet":"max-snippet:-1","max-image-preview":"max-image-preview:large","max-video-preview":"max-video-preview:-1"},"canonical":"https:\/\/inti.hr\/bs\/proizvod\/nocni-ormaric-40x40x63cm\/","og_locale":"bs_BA","og_type":"article","og_title":"No\u0107ni ormari\u0107 40x40x63cm - Inti","og_description":"Na no\u0107nom ormari\u0107u \u010duvaju se sve va\u017ene stvari koje koristimo zadnji ili prvi dan u danu, poput \u0161alice za \u010daj, knjige, budilice ili pametnog telefona.Zahvaljuju\u0107i maloj povr\u0161ini, no\u0107ni ormari\u0107 \u0161tedi prostor i pristaje \u010dak iu uskim kutovima i ni\u0161ama. Idealan je i kao pomo\u0107ni ormari\u0107 u dnevnoj sobi ili kao telefonski ormari\u0107 u hodniku.Zlatne metalne ru\u010dke i bijele plo\u010de daju stolu moderan izgled, a spava\u0107oj sobi daju prozra\u010dan i svje\u017e izgled.Uklju\u010duju\u0107i za\u0161titu poda. Nema vi\u0161e straha od izgrebanih podova!","og_url":"https:\/\/inti.hr\/bs\/proizvod\/nocni-ormaric-40x40x63cm\/","og_site_name":"Inti","og_image":[{"width":670,"height":670,"url":"https:\/\/i0.wp.com\/inti.hr\/wp-content\/uploads\/2024\/03\/FBT115-L-SCH-Y005_670x.webp?fit=670%2C670&ssl=1","type":"image\/webp"}],"twitter_card":"summary_large_image","schema":{"@context":"https:\/\/schema.org","@graph":[{"@type":"WebPage","@id":"https:\/\/inti.hr\/bs\/proizvod\/nocni-ormaric-40x40x63cm\/","url":"https:\/\/inti.hr\/bs\/proizvod\/nocni-ormaric-40x40x63cm\/","name":"No\u0107ni ormari\u0107 40x40x63cm - Inti","isPartOf":{"@id":"https:\/\/inti.hr\/bs\/#website"},"primaryImageOfPage":{"@id":"https:\/\/inti.hr\/bs\/proizvod\/nocni-ormaric-40x40x63cm\/#primaryimage"},"image":{"@id":"https:\/\/inti.hr\/bs\/proizvod\/nocni-ormaric-40x40x63cm\/#primaryimage"},"thumbnailUrl":"https:\/\/i0.wp.com\/inti.hr\/wp-content\/uploads\/2024\/03\/FBT115-L-SCH-Y005_670x.webp?fit=670%2C670&ssl=1","datePublished":"2024-03-19T14:58:45+00:00","dateModified":"2024-03-19T14:58:45+00:00","description":"Na no\u0107nom ormari\u0107u \u010duvaju se sve va\u017ene stvari koje koristimo zadnji ili prvi dan u danu, poput \u0161alice za \u010daj, knjige, budilice ili pametnog telefona.Zahvaljuju\u0107i maloj povr\u0161ini, no\u0107ni ormari\u0107 \u0161tedi prostor i pristaje \u010dak iu uskim kutovima i ni\u0161ama. Idealan je i kao pomo\u0107ni ormari\u0107 u dnevnoj sobi ili kao telefonski ormari\u0107 u hodniku.Zlatne metalne ru\u010dke i bijele plo\u010de daju stolu moderan izgled, a spava\u0107oj sobi daju prozra\u010dan i svje\u017e izgled.Uklju\u010duju\u0107i za\u0161titu poda. Nema vi\u0161e straha od izgrebanih podova!","breadcrumb":{"@id":"https:\/\/inti.hr\/bs\/proizvod\/nocni-ormaric-40x40x63cm\/#breadcrumb"},"inLanguage":"bs-BA","potentialAction":[{"@type":"ReadAction","target":["https:\/\/inti.hr\/bs\/proizvod\/nocni-ormaric-40x40x63cm\/"]}]},{"@type":"ImageObject","inLanguage":"bs-BA","@id":"https:\/\/inti.hr\/bs\/proizvod\/nocni-ormaric-40x40x63cm\/#primaryimage","url":"https:\/\/i0.wp.com\/inti.hr\/wp-content\/uploads\/2024\/03\/FBT115-L-SCH-Y005_670x.webp?fit=670%2C670&ssl=1","contentUrl":"https:\/\/i0.wp.com\/inti.hr\/wp-content\/uploads\/2024\/03\/FBT115-L-SCH-Y005_670x.webp?fit=670%2C670&ssl=1","width":670,"height":670},{"@type":"BreadcrumbList","@id":"https:\/\/inti.hr\/bs\/proizvod\/nocni-ormaric-40x40x63cm\/#breadcrumb","itemListElement":[{"@type":"ListItem","position":1,"name":"Po\u010detna stranica","item":"https:\/\/inti.hr\/bs\/"},{"@type":"ListItem","position":2,"name":"Trgovina","item":"https:\/\/inti.hr\/bs\/trgovina\/"},{"@type":"ListItem","position":3,"name":"No\u0107ni ormari\u0107 40x40x63cm"}]},{"@type":"WebSite","@id":"https:\/\/inti.hr\/bs\/#website","url":"https:\/\/inti.hr\/bs\/","name":"Inti","description":"trgovina","potentialAction":[{"@type":"SearchAction","target":{"@type":"EntryPoint","urlTemplate":"https:\/\/inti.hr\/bs\/?s={search_term_string}"},"query-input":{"@type":"PropertyValueSpecification","valueRequired":true,"valueName":"search_term_string"}}],"inLanguage":"bs-BA"}]}},"jetpack_sharing_enabled":true,"jetpack-related-posts":[],"_links":{"self":[{"href":"https:\/\/inti.hr\/bs\/wp-json\/wp\/v2\/product\/32573"}],"collection":[{"href":"https:\/\/inti.hr\/bs\/wp-json\/wp\/v2\/product"}],"about":[{"href":"https:\/\/inti.hr\/bs\/wp-json\/wp\/v2\/types\/product"}],"wp:featuredmedia":[{"embeddable":true,"href":"https:\/\/inti.hr\/bs\/wp-json\/wp\/v2\/media\/32575"}],"wp:attachment":[{"href":"https:\/\/inti.hr\/bs\/wp-json\/wp\/v2\/media?parent=32573"}],"wp:term":[{"taxonomy":"product_cat","embeddable":true,"href":"https:\/\/inti.hr\/bs\/wp-json\/wp\/v2\/product_cat?post=32573"},{"taxonomy":"product_tag","embeddable":true,"href":"https:\/\/inti.hr\/bs\/wp-json\/wp\/v2\/product_tag?post=32573"}],"curies":[{"name":"wp","href":"https:\/\/api.w.org\/{rel}","templated":true}]}}