{"id":32579,"date":"2024-03-19T14:21:45","date_gmt":"2024-03-19T13:21:45","guid":{"rendered":"https:\/\/inti.hr\/product\/kupaonska-kolica-l23d65h82cm\/"},"modified":"2024-03-19T14:21:45","modified_gmt":"2024-03-19T13:21:45","slug":"kupaonska-kolica-l23d65h82cm","status":"publish","type":"product","link":"https:\/\/inti.hr\/bs\/proizvod\/kupaonska-kolica-l23d65h82cm\/","title":{"rendered":"Kupaonska kolica L23*D65*H82cm"},"content":{"rendered":"<p>Detalji proizvoda:<\/p>\n<p>Materijal: MDF, akrilna boja<br \/>\nTe\u017eina: 21,8 kg. Nosivost do 40kg.<br \/>\nMjere paketa i te\u017eina: 86.00*72.00*14.00cm, 24.1kg.<br \/>\nDimenzije proizvoda: L23*D65*H82cm (vidi sliku).<br \/>\nS uputama za monta\u017eu i vijcima, jednostavna monta\u017ea<br \/>\nSigurnost i sukladnost: Ovaj je proizvod razvijen i ispitan za ku\u0107nu upotrebu.<\/p>\n","protected":false},"excerpt":{"rendered":"<p>Super kolica koja \u0161tede prostor idealna za kuhinju ili kupaonicu. Lako &#8230; <\/p>\n","protected":false},"featured_media":32580,"template":"","meta":[],"product_cat":[2392],"product_tag":[],"yoast_head":"<!-- This site is optimized with the Yoast SEO plugin v23.7 - https:\/\/yoast.com\/wordpress\/plugins\/seo\/ -->\n<title>Kupaonska kolica L23*D65*H82cm - Inti<\/title>\n<meta name=\"description\" content=\"Super kolica koja \u0161tede prostor idealna za kuhinju ili kupaonicu. Lako se postavlja izme\u0111u dva komada namje\u0161taja, to\u010dno tamo gdje imate neiskori\u0161ten prostor. Sa svojih 23 cm \u0161irine mo\u017ee se koristiti bilo gdje .Unutra, ovaj ormari\u0107 nudi dovoljno prostora za pohranjivanje pra\u0161ka za pranje rublja, deterd\u017eenata, pribora i ostalog kupaonskog pribora.4 ladice nude vrlo prakti\u010dan prostor za pohranu. Nje\u017ena bijela boja i drveni uzorak daju ovom komadu namje\u0161taja posebnu eleganciju. Bijeli namje\u0161taj zra\u010di svje\u017einom i mirom. \u010ciste linije i jednostavna silueta dodaju eleganciju; pa se ovaj komad namje\u0161taja u cjelini savr\u0161eno sla\u017ee sa stilom seoske ku\u0107e ili kupaonice s maritimnim elementima.\" \/>\n<meta name=\"robots\" content=\"index, follow, max-snippet:-1, max-image-preview:large, max-video-preview:-1\" \/>\n<link rel=\"canonical\" href=\"https:\/\/inti.hr\/bs\/proizvod\/kupaonska-kolica-l23d65h82cm\/\" \/>\n<meta property=\"og:locale\" content=\"bs_BA\" \/>\n<meta property=\"og:type\" content=\"article\" \/>\n<meta property=\"og:title\" content=\"Kupaonska kolica L23*D65*H82cm - Inti\" \/>\n<meta property=\"og:description\" content=\"Super kolica koja \u0161tede prostor idealna za kuhinju ili kupaonicu. Lako se postavlja izme\u0111u dva komada namje\u0161taja, to\u010dno tamo gdje imate neiskori\u0161ten prostor. Sa svojih 23 cm \u0161irine mo\u017ee se koristiti bilo gdje .Unutra, ovaj ormari\u0107 nudi dovoljno prostora za pohranjivanje pra\u0161ka za pranje rublja, deterd\u017eenata, pribora i ostalog kupaonskog pribora.4 ladice nude vrlo prakti\u010dan prostor za pohranu. Nje\u017ena bijela boja i drveni uzorak daju ovom komadu namje\u0161taja posebnu eleganciju. Bijeli namje\u0161taj zra\u010di svje\u017einom i mirom. \u010ciste linije i jednostavna silueta dodaju eleganciju; pa se ovaj komad namje\u0161taja u cjelini savr\u0161eno sla\u017ee sa stilom seoske ku\u0107e ili kupaonice s maritimnim elementima.\" \/>\n<meta property=\"og:url\" content=\"https:\/\/inti.hr\/bs\/proizvod\/kupaonska-kolica-l23d65h82cm\/\" \/>\n<meta property=\"og:site_name\" content=\"Inti\" \/>\n<meta property=\"og:image\" content=\"https:\/\/i0.wp.com\/inti.hr\/wp-content\/uploads\/2024\/03\/BZR54-WN-Y002_670x.webp?fit=670%2C670&ssl=1\" \/>\n\t<meta property=\"og:image:width\" content=\"670\" \/>\n\t<meta property=\"og:image:height\" content=\"670\" \/>\n\t<meta property=\"og:image:type\" content=\"image\/webp\" \/>\n<meta name=\"twitter:card\" content=\"summary_large_image\" \/>\n<script type=\"application\/ld+json\" class=\"yoast-schema-graph\">{\"@context\":\"https:\/\/schema.org\",\"@graph\":[{\"@type\":\"WebPage\",\"@id\":\"https:\/\/inti.hr\/bs\/proizvod\/kupaonska-kolica-l23d65h82cm\/\",\"url\":\"https:\/\/inti.hr\/bs\/proizvod\/kupaonska-kolica-l23d65h82cm\/\",\"name\":\"Kupaonska kolica L23*D65*H82cm - Inti\",\"isPartOf\":{\"@id\":\"https:\/\/inti.hr\/bs\/#website\"},\"primaryImageOfPage\":{\"@id\":\"https:\/\/inti.hr\/bs\/proizvod\/kupaonska-kolica-l23d65h82cm\/#primaryimage\"},\"image\":{\"@id\":\"https:\/\/inti.hr\/bs\/proizvod\/kupaonska-kolica-l23d65h82cm\/#primaryimage\"},\"thumbnailUrl\":\"https:\/\/i0.wp.com\/inti.hr\/wp-content\/uploads\/2024\/03\/BZR54-WN-Y002_670x.webp?fit=670%2C670&ssl=1\",\"datePublished\":\"2024-03-19T13:21:45+00:00\",\"dateModified\":\"2024-03-19T13:21:45+00:00\",\"description\":\"Super kolica koja \u0161tede prostor idealna za kuhinju ili kupaonicu. Lako se postavlja izme\u0111u dva komada namje\u0161taja, to\u010dno tamo gdje imate neiskori\u0161ten prostor. Sa svojih 23 cm \u0161irine mo\u017ee se koristiti bilo gdje .Unutra, ovaj ormari\u0107 nudi dovoljno prostora za pohranjivanje pra\u0161ka za pranje rublja, deterd\u017eenata, pribora i ostalog kupaonskog pribora.4 ladice nude vrlo prakti\u010dan prostor za pohranu. Nje\u017ena bijela boja i drveni uzorak daju ovom komadu namje\u0161taja posebnu eleganciju. Bijeli namje\u0161taj zra\u010di svje\u017einom i mirom. \u010ciste linije i jednostavna silueta dodaju eleganciju; pa se ovaj komad namje\u0161taja u cjelini savr\u0161eno sla\u017ee sa stilom seoske ku\u0107e ili kupaonice s maritimnim elementima.\",\"breadcrumb\":{\"@id\":\"https:\/\/inti.hr\/bs\/proizvod\/kupaonska-kolica-l23d65h82cm\/#breadcrumb\"},\"inLanguage\":\"bs-BA\",\"potentialAction\":[{\"@type\":\"ReadAction\",\"target\":[\"https:\/\/inti.hr\/bs\/proizvod\/kupaonska-kolica-l23d65h82cm\/\"]}]},{\"@type\":\"ImageObject\",\"inLanguage\":\"bs-BA\",\"@id\":\"https:\/\/inti.hr\/bs\/proizvod\/kupaonska-kolica-l23d65h82cm\/#primaryimage\",\"url\":\"https:\/\/i0.wp.com\/inti.hr\/wp-content\/uploads\/2024\/03\/BZR54-WN-Y002_670x.webp?fit=670%2C670&ssl=1\",\"contentUrl\":\"https:\/\/i0.wp.com\/inti.hr\/wp-content\/uploads\/2024\/03\/BZR54-WN-Y002_670x.webp?fit=670%2C670&ssl=1\",\"width\":670,\"height\":670,\"caption\":\"kupaonska kolica koja \u0161tede prostor\"},{\"@type\":\"BreadcrumbList\",\"@id\":\"https:\/\/inti.hr\/bs\/proizvod\/kupaonska-kolica-l23d65h82cm\/#breadcrumb\",\"itemListElement\":[{\"@type\":\"ListItem\",\"position\":1,\"name\":\"Po\u010detna stranica\",\"item\":\"https:\/\/inti.hr\/bs\/\"},{\"@type\":\"ListItem\",\"position\":2,\"name\":\"Trgovina\",\"item\":\"https:\/\/inti.hr\/bs\/trgovina\/\"},{\"@type\":\"ListItem\",\"position\":3,\"name\":\"Kupaonska kolica L23*D65*H82cm\"}]},{\"@type\":\"WebSite\",\"@id\":\"https:\/\/inti.hr\/bs\/#website\",\"url\":\"https:\/\/inti.hr\/bs\/\",\"name\":\"Inti\",\"description\":\"trgovina\",\"potentialAction\":[{\"@type\":\"SearchAction\",\"target\":{\"@type\":\"EntryPoint\",\"urlTemplate\":\"https:\/\/inti.hr\/bs\/?s={search_term_string}\"},\"query-input\":{\"@type\":\"PropertyValueSpecification\",\"valueRequired\":true,\"valueName\":\"search_term_string\"}}],\"inLanguage\":\"bs-BA\"}]}<\/script>\n<!-- \/ Yoast SEO plugin. -->","yoast_head_json":{"title":"Kupaonska kolica L23*D65*H82cm - Inti","description":"Super kolica koja \u0161tede prostor idealna za kuhinju ili kupaonicu. Lako se postavlja izme\u0111u dva komada namje\u0161taja, to\u010dno tamo gdje imate neiskori\u0161ten prostor. Sa svojih 23 cm \u0161irine mo\u017ee se koristiti bilo gdje .Unutra, ovaj ormari\u0107 nudi dovoljno prostora za pohranjivanje pra\u0161ka za pranje rublja, deterd\u017eenata, pribora i ostalog kupaonskog pribora.4 ladice nude vrlo prakti\u010dan prostor za pohranu. Nje\u017ena bijela boja i drveni uzorak daju ovom komadu namje\u0161taja posebnu eleganciju. Bijeli namje\u0161taj zra\u010di svje\u017einom i mirom. \u010ciste linije i jednostavna silueta dodaju eleganciju; pa se ovaj komad namje\u0161taja u cjelini savr\u0161eno sla\u017ee sa stilom seoske ku\u0107e ili kupaonice s maritimnim elementima.","robots":{"index":"index","follow":"follow","max-snippet":"max-snippet:-1","max-image-preview":"max-image-preview:large","max-video-preview":"max-video-preview:-1"},"canonical":"https:\/\/inti.hr\/bs\/proizvod\/kupaonska-kolica-l23d65h82cm\/","og_locale":"bs_BA","og_type":"article","og_title":"Kupaonska kolica L23*D65*H82cm - Inti","og_description":"Super kolica koja \u0161tede prostor idealna za kuhinju ili kupaonicu. Lako se postavlja izme\u0111u dva komada namje\u0161taja, to\u010dno tamo gdje imate neiskori\u0161ten prostor. Sa svojih 23 cm \u0161irine mo\u017ee se koristiti bilo gdje .Unutra, ovaj ormari\u0107 nudi dovoljno prostora za pohranjivanje pra\u0161ka za pranje rublja, deterd\u017eenata, pribora i ostalog kupaonskog pribora.4 ladice nude vrlo prakti\u010dan prostor za pohranu. Nje\u017ena bijela boja i drveni uzorak daju ovom komadu namje\u0161taja posebnu eleganciju. Bijeli namje\u0161taj zra\u010di svje\u017einom i mirom. \u010ciste linije i jednostavna silueta dodaju eleganciju; pa se ovaj komad namje\u0161taja u cjelini savr\u0161eno sla\u017ee sa stilom seoske ku\u0107e ili kupaonice s maritimnim elementima.","og_url":"https:\/\/inti.hr\/bs\/proizvod\/kupaonska-kolica-l23d65h82cm\/","og_site_name":"Inti","og_image":[{"width":670,"height":670,"url":"https:\/\/i0.wp.com\/inti.hr\/wp-content\/uploads\/2024\/03\/BZR54-WN-Y002_670x.webp?fit=670%2C670&ssl=1","type":"image\/webp"}],"twitter_card":"summary_large_image","schema":{"@context":"https:\/\/schema.org","@graph":[{"@type":"WebPage","@id":"https:\/\/inti.hr\/bs\/proizvod\/kupaonska-kolica-l23d65h82cm\/","url":"https:\/\/inti.hr\/bs\/proizvod\/kupaonska-kolica-l23d65h82cm\/","name":"Kupaonska kolica L23*D65*H82cm - Inti","isPartOf":{"@id":"https:\/\/inti.hr\/bs\/#website"},"primaryImageOfPage":{"@id":"https:\/\/inti.hr\/bs\/proizvod\/kupaonska-kolica-l23d65h82cm\/#primaryimage"},"image":{"@id":"https:\/\/inti.hr\/bs\/proizvod\/kupaonska-kolica-l23d65h82cm\/#primaryimage"},"thumbnailUrl":"https:\/\/i0.wp.com\/inti.hr\/wp-content\/uploads\/2024\/03\/BZR54-WN-Y002_670x.webp?fit=670%2C670&ssl=1","datePublished":"2024-03-19T13:21:45+00:00","dateModified":"2024-03-19T13:21:45+00:00","description":"Super kolica koja \u0161tede prostor idealna za kuhinju ili kupaonicu. Lako se postavlja izme\u0111u dva komada namje\u0161taja, to\u010dno tamo gdje imate neiskori\u0161ten prostor. Sa svojih 23 cm \u0161irine mo\u017ee se koristiti bilo gdje .Unutra, ovaj ormari\u0107 nudi dovoljno prostora za pohranjivanje pra\u0161ka za pranje rublja, deterd\u017eenata, pribora i ostalog kupaonskog pribora.4 ladice nude vrlo prakti\u010dan prostor za pohranu. Nje\u017ena bijela boja i drveni uzorak daju ovom komadu namje\u0161taja posebnu eleganciju. Bijeli namje\u0161taj zra\u010di svje\u017einom i mirom. \u010ciste linije i jednostavna silueta dodaju eleganciju; pa se ovaj komad namje\u0161taja u cjelini savr\u0161eno sla\u017ee sa stilom seoske ku\u0107e ili kupaonice s maritimnim elementima.","breadcrumb":{"@id":"https:\/\/inti.hr\/bs\/proizvod\/kupaonska-kolica-l23d65h82cm\/#breadcrumb"},"inLanguage":"bs-BA","potentialAction":[{"@type":"ReadAction","target":["https:\/\/inti.hr\/bs\/proizvod\/kupaonska-kolica-l23d65h82cm\/"]}]},{"@type":"ImageObject","inLanguage":"bs-BA","@id":"https:\/\/inti.hr\/bs\/proizvod\/kupaonska-kolica-l23d65h82cm\/#primaryimage","url":"https:\/\/i0.wp.com\/inti.hr\/wp-content\/uploads\/2024\/03\/BZR54-WN-Y002_670x.webp?fit=670%2C670&ssl=1","contentUrl":"https:\/\/i0.wp.com\/inti.hr\/wp-content\/uploads\/2024\/03\/BZR54-WN-Y002_670x.webp?fit=670%2C670&ssl=1","width":670,"height":670,"caption":"kupaonska kolica koja \u0161tede prostor"},{"@type":"BreadcrumbList","@id":"https:\/\/inti.hr\/bs\/proizvod\/kupaonska-kolica-l23d65h82cm\/#breadcrumb","itemListElement":[{"@type":"ListItem","position":1,"name":"Po\u010detna stranica","item":"https:\/\/inti.hr\/bs\/"},{"@type":"ListItem","position":2,"name":"Trgovina","item":"https:\/\/inti.hr\/bs\/trgovina\/"},{"@type":"ListItem","position":3,"name":"Kupaonska kolica L23*D65*H82cm"}]},{"@type":"WebSite","@id":"https:\/\/inti.hr\/bs\/#website","url":"https:\/\/inti.hr\/bs\/","name":"Inti","description":"trgovina","potentialAction":[{"@type":"SearchAction","target":{"@type":"EntryPoint","urlTemplate":"https:\/\/inti.hr\/bs\/?s={search_term_string}"},"query-input":{"@type":"PropertyValueSpecification","valueRequired":true,"valueName":"search_term_string"}}],"inLanguage":"bs-BA"}]}},"jetpack_sharing_enabled":true,"jetpack-related-posts":[],"_links":{"self":[{"href":"https:\/\/inti.hr\/bs\/wp-json\/wp\/v2\/product\/32579"}],"collection":[{"href":"https:\/\/inti.hr\/bs\/wp-json\/wp\/v2\/product"}],"about":[{"href":"https:\/\/inti.hr\/bs\/wp-json\/wp\/v2\/types\/product"}],"wp:featuredmedia":[{"embeddable":true,"href":"https:\/\/inti.hr\/bs\/wp-json\/wp\/v2\/media\/32580"}],"wp:attachment":[{"href":"https:\/\/inti.hr\/bs\/wp-json\/wp\/v2\/media?parent=32579"}],"wp:term":[{"taxonomy":"product_cat","embeddable":true,"href":"https:\/\/inti.hr\/bs\/wp-json\/wp\/v2\/product_cat?post=32579"},{"taxonomy":"product_tag","embeddable":true,"href":"https:\/\/inti.hr\/bs\/wp-json\/wp\/v2\/product_tag?post=32579"}],"curies":[{"name":"wp","href":"https:\/\/api.w.org\/{rel}","templated":true}]}}