{"id":32595,"date":"2024-03-06T10:38:33","date_gmt":"2024-03-06T09:38:33","guid":{"rendered":"https:\/\/inti.hr\/product\/zidna-polica-s-bocnim-stranicama-ratan\/"},"modified":"2024-03-06T10:38:33","modified_gmt":"2024-03-06T09:38:33","slug":"zidna-polica-s-bocnim-stranicama-ratan","status":"publish","type":"product","link":"https:\/\/inti.hr\/bs\/proizvod\/zidna-polica-s-bocnim-stranicama-ratan\/","title":{"rendered":"Zidna polica s bo\u010dnim stranicama ratan"},"content":{"rendered":"<p>Detalji proizvoda:<\/p>\n<ul>\n<li>Boja: hrast be\u017e<\/li>\n<li>Materijal: iverica, PVC plastika (polivinil klorid)<\/li>\n<li>Veli\u010dina: 20 x 20 x 126 cm (D x \u0160 x V)<\/li>\n<li>Te\u017eina: 3,2 kg<\/li>\n<li>Maksimalna ukupna stati\u010dka nosivost: 15 kg<\/li>\n<\/ul>\n","protected":false},"excerpt":{"rendered":"<p>Polica do\u010darava da\u0161ak elegancije u va\u0161em domu. Njegov zemljani ton u &#8230; <\/p>\n","protected":false},"featured_media":32596,"template":"","meta":[],"product_cat":[2418],"product_tag":[2444,2748],"yoast_head":"<!-- This site is optimized with the Yoast SEO plugin v23.7 - https:\/\/yoast.com\/wordpress\/plugins\/seo\/ -->\n<title>Zidna polica s bo\u010dnim stranicama ratan - Inti<\/title>\n<meta name=\"description\" content=\"Polica do\u010darava da\u0161ak elegancije u va\u0161em domu. Njegov zemljani ton u skladu je s prirodnim elementima, a bo\u010dne stranice od PVC ratana oboga\u0107uju raznolikost tekstura. Modernije, vi\u0161e boho stila. Ova polica udahnut \u0107e novi \u017eivot va\u0161im praznim zidovima i stvoriti oazu za va\u0161e ukrase. Zahvaljuju\u0107i svom tankom obliku (20 x 20 x 126 cm), zauzima malo prostora, ne zauzima prostor na podu i jo\u0161 uvijek nudi puno prostora za pohranu. Furnirane plo\u010de i plasti\u010dni ratan \u010dine \u010di\u0161\u0107enje lakim kako bi va\u0161a lebde\u0107a polica uvijek izgledala besprijekorno. Sastavljanje je jednostavno zahvaljuju\u0107i ozna\u010denim dijelovima i jasnim uputama. Zahvaljuju\u0107i visokokvalitetnoj iverali u kombinaciji s bo\u010dnim stranicama od PVC ratana, zidna polica je robusna i mo\u017ee izdr\u017eati vrijeme. Mo\u017ee izdr\u017eati do 15 kg - bezbri\u017eno postavite svoje knjige, biljke i okvire za slike na njega. Vise\u0107a polica svojim jedinstvenim cik-cak dizajnom pretvara neiskori\u0161tene kutove u \u0161ik izlo\u017ebenu pozornicu. Svaki centimetar je bitan, bilo za dekoracije u dnevnoj i spava\u0107oj sobi ili za knjige i biljke u ku\u0107nom uredu.\" \/>\n<meta name=\"robots\" content=\"index, follow, max-snippet:-1, max-image-preview:large, max-video-preview:-1\" \/>\n<link rel=\"canonical\" href=\"https:\/\/inti.hr\/bs\/proizvod\/zidna-polica-s-bocnim-stranicama-ratan\/\" \/>\n<meta property=\"og:locale\" content=\"bs_BA\" \/>\n<meta property=\"og:type\" content=\"article\" \/>\n<meta property=\"og:title\" content=\"Zidna polica s bo\u010dnim stranicama ratan - Inti\" \/>\n<meta property=\"og:description\" content=\"Polica do\u010darava da\u0161ak elegancije u va\u0161em domu. Njegov zemljani ton u skladu je s prirodnim elementima, a bo\u010dne stranice od PVC ratana oboga\u0107uju raznolikost tekstura. Modernije, vi\u0161e boho stila. Ova polica udahnut \u0107e novi \u017eivot va\u0161im praznim zidovima i stvoriti oazu za va\u0161e ukrase. Zahvaljuju\u0107i svom tankom obliku (20 x 20 x 126 cm), zauzima malo prostora, ne zauzima prostor na podu i jo\u0161 uvijek nudi puno prostora za pohranu. Furnirane plo\u010de i plasti\u010dni ratan \u010dine \u010di\u0161\u0107enje lakim kako bi va\u0161a lebde\u0107a polica uvijek izgledala besprijekorno. Sastavljanje je jednostavno zahvaljuju\u0107i ozna\u010denim dijelovima i jasnim uputama. Zahvaljuju\u0107i visokokvalitetnoj iverali u kombinaciji s bo\u010dnim stranicama od PVC ratana, zidna polica je robusna i mo\u017ee izdr\u017eati vrijeme. Mo\u017ee izdr\u017eati do 15 kg - bezbri\u017eno postavite svoje knjige, biljke i okvire za slike na njega. Vise\u0107a polica svojim jedinstvenim cik-cak dizajnom pretvara neiskori\u0161tene kutove u \u0161ik izlo\u017ebenu pozornicu. Svaki centimetar je bitan, bilo za dekoracije u dnevnoj i spava\u0107oj sobi ili za knjige i biljke u ku\u0107nom uredu.\" \/>\n<meta property=\"og:url\" content=\"https:\/\/inti.hr\/bs\/proizvod\/zidna-polica-s-bocnim-stranicama-ratan\/\" \/>\n<meta property=\"og:site_name\" content=\"Inti\" \/>\n<meta property=\"og:image\" content=\"https:\/\/i0.wp.com\/inti.hr\/wp-content\/uploads\/2024\/03\/LLS582Y57-2.jpg?fit=800%2C1000&ssl=1\" \/>\n\t<meta property=\"og:image:width\" content=\"800\" \/>\n\t<meta property=\"og:image:height\" content=\"1000\" \/>\n\t<meta property=\"og:image:type\" content=\"image\/jpeg\" \/>\n<meta name=\"twitter:card\" content=\"summary_large_image\" \/>\n<script type=\"application\/ld+json\" class=\"yoast-schema-graph\">{\"@context\":\"https:\/\/schema.org\",\"@graph\":[{\"@type\":\"WebPage\",\"@id\":\"https:\/\/inti.hr\/bs\/proizvod\/zidna-polica-s-bocnim-stranicama-ratan\/\",\"url\":\"https:\/\/inti.hr\/bs\/proizvod\/zidna-polica-s-bocnim-stranicama-ratan\/\",\"name\":\"Zidna polica s bo\u010dnim stranicama ratan - Inti\",\"isPartOf\":{\"@id\":\"https:\/\/inti.hr\/bs\/#website\"},\"primaryImageOfPage\":{\"@id\":\"https:\/\/inti.hr\/bs\/proizvod\/zidna-polica-s-bocnim-stranicama-ratan\/#primaryimage\"},\"image\":{\"@id\":\"https:\/\/inti.hr\/bs\/proizvod\/zidna-polica-s-bocnim-stranicama-ratan\/#primaryimage\"},\"thumbnailUrl\":\"https:\/\/i0.wp.com\/inti.hr\/wp-content\/uploads\/2024\/03\/LLS582Y57-2.jpg?fit=800%2C1000&ssl=1\",\"datePublished\":\"2024-03-06T09:38:33+00:00\",\"dateModified\":\"2024-03-06T09:38:33+00:00\",\"description\":\"Polica do\u010darava da\u0161ak elegancije u va\u0161em domu. Njegov zemljani ton u skladu je s prirodnim elementima, a bo\u010dne stranice od PVC ratana oboga\u0107uju raznolikost tekstura. Modernije, vi\u0161e boho stila. Ova polica udahnut \u0107e novi \u017eivot va\u0161im praznim zidovima i stvoriti oazu za va\u0161e ukrase. Zahvaljuju\u0107i svom tankom obliku (20 x 20 x 126 cm), zauzima malo prostora, ne zauzima prostor na podu i jo\u0161 uvijek nudi puno prostora za pohranu. Furnirane plo\u010de i plasti\u010dni ratan \u010dine \u010di\u0161\u0107enje lakim kako bi va\u0161a lebde\u0107a polica uvijek izgledala besprijekorno. Sastavljanje je jednostavno zahvaljuju\u0107i ozna\u010denim dijelovima i jasnim uputama. Zahvaljuju\u0107i visokokvalitetnoj iverali u kombinaciji s bo\u010dnim stranicama od PVC ratana, zidna polica je robusna i mo\u017ee izdr\u017eati vrijeme. Mo\u017ee izdr\u017eati do 15 kg - bezbri\u017eno postavite svoje knjige, biljke i okvire za slike na njega. Vise\u0107a polica svojim jedinstvenim cik-cak dizajnom pretvara neiskori\u0161tene kutove u \u0161ik izlo\u017ebenu pozornicu. Svaki centimetar je bitan, bilo za dekoracije u dnevnoj i spava\u0107oj sobi ili za knjige i biljke u ku\u0107nom uredu.\",\"breadcrumb\":{\"@id\":\"https:\/\/inti.hr\/bs\/proizvod\/zidna-polica-s-bocnim-stranicama-ratan\/#breadcrumb\"},\"inLanguage\":\"bs-BA\",\"potentialAction\":[{\"@type\":\"ReadAction\",\"target\":[\"https:\/\/inti.hr\/bs\/proizvod\/zidna-polica-s-bocnim-stranicama-ratan\/\"]}]},{\"@type\":\"ImageObject\",\"inLanguage\":\"bs-BA\",\"@id\":\"https:\/\/inti.hr\/bs\/proizvod\/zidna-polica-s-bocnim-stranicama-ratan\/#primaryimage\",\"url\":\"https:\/\/i0.wp.com\/inti.hr\/wp-content\/uploads\/2024\/03\/LLS582Y57-2.jpg?fit=800%2C1000&ssl=1\",\"contentUrl\":\"https:\/\/i0.wp.com\/inti.hr\/wp-content\/uploads\/2024\/03\/LLS582Y57-2.jpg?fit=800%2C1000&ssl=1\",\"width\":800,\"height\":1000},{\"@type\":\"BreadcrumbList\",\"@id\":\"https:\/\/inti.hr\/bs\/proizvod\/zidna-polica-s-bocnim-stranicama-ratan\/#breadcrumb\",\"itemListElement\":[{\"@type\":\"ListItem\",\"position\":1,\"name\":\"Po\u010detna stranica\",\"item\":\"https:\/\/inti.hr\/bs\/\"},{\"@type\":\"ListItem\",\"position\":2,\"name\":\"Trgovina\",\"item\":\"https:\/\/inti.hr\/bs\/trgovina\/\"},{\"@type\":\"ListItem\",\"position\":3,\"name\":\"Zidna polica s bo\u010dnim stranicama ratan\"}]},{\"@type\":\"WebSite\",\"@id\":\"https:\/\/inti.hr\/bs\/#website\",\"url\":\"https:\/\/inti.hr\/bs\/\",\"name\":\"Inti\",\"description\":\"trgovina\",\"potentialAction\":[{\"@type\":\"SearchAction\",\"target\":{\"@type\":\"EntryPoint\",\"urlTemplate\":\"https:\/\/inti.hr\/bs\/?s={search_term_string}\"},\"query-input\":{\"@type\":\"PropertyValueSpecification\",\"valueRequired\":true,\"valueName\":\"search_term_string\"}}],\"inLanguage\":\"bs-BA\"}]}<\/script>\n<!-- \/ Yoast SEO plugin. -->","yoast_head_json":{"title":"Zidna polica s bo\u010dnim stranicama ratan - Inti","description":"Polica do\u010darava da\u0161ak elegancije u va\u0161em domu. Njegov zemljani ton u skladu je s prirodnim elementima, a bo\u010dne stranice od PVC ratana oboga\u0107uju raznolikost tekstura. Modernije, vi\u0161e boho stila. Ova polica udahnut \u0107e novi \u017eivot va\u0161im praznim zidovima i stvoriti oazu za va\u0161e ukrase. Zahvaljuju\u0107i svom tankom obliku (20 x 20 x 126 cm), zauzima malo prostora, ne zauzima prostor na podu i jo\u0161 uvijek nudi puno prostora za pohranu. Furnirane plo\u010de i plasti\u010dni ratan \u010dine \u010di\u0161\u0107enje lakim kako bi va\u0161a lebde\u0107a polica uvijek izgledala besprijekorno. Sastavljanje je jednostavno zahvaljuju\u0107i ozna\u010denim dijelovima i jasnim uputama. Zahvaljuju\u0107i visokokvalitetnoj iverali u kombinaciji s bo\u010dnim stranicama od PVC ratana, zidna polica je robusna i mo\u017ee izdr\u017eati vrijeme. Mo\u017ee izdr\u017eati do 15 kg - bezbri\u017eno postavite svoje knjige, biljke i okvire za slike na njega. Vise\u0107a polica svojim jedinstvenim cik-cak dizajnom pretvara neiskori\u0161tene kutove u \u0161ik izlo\u017ebenu pozornicu. Svaki centimetar je bitan, bilo za dekoracije u dnevnoj i spava\u0107oj sobi ili za knjige i biljke u ku\u0107nom uredu.","robots":{"index":"index","follow":"follow","max-snippet":"max-snippet:-1","max-image-preview":"max-image-preview:large","max-video-preview":"max-video-preview:-1"},"canonical":"https:\/\/inti.hr\/bs\/proizvod\/zidna-polica-s-bocnim-stranicama-ratan\/","og_locale":"bs_BA","og_type":"article","og_title":"Zidna polica s bo\u010dnim stranicama ratan - Inti","og_description":"Polica do\u010darava da\u0161ak elegancije u va\u0161em domu. Njegov zemljani ton u skladu je s prirodnim elementima, a bo\u010dne stranice od PVC ratana oboga\u0107uju raznolikost tekstura. Modernije, vi\u0161e boho stila. Ova polica udahnut \u0107e novi \u017eivot va\u0161im praznim zidovima i stvoriti oazu za va\u0161e ukrase. Zahvaljuju\u0107i svom tankom obliku (20 x 20 x 126 cm), zauzima malo prostora, ne zauzima prostor na podu i jo\u0161 uvijek nudi puno prostora za pohranu. Furnirane plo\u010de i plasti\u010dni ratan \u010dine \u010di\u0161\u0107enje lakim kako bi va\u0161a lebde\u0107a polica uvijek izgledala besprijekorno. Sastavljanje je jednostavno zahvaljuju\u0107i ozna\u010denim dijelovima i jasnim uputama. Zahvaljuju\u0107i visokokvalitetnoj iverali u kombinaciji s bo\u010dnim stranicama od PVC ratana, zidna polica je robusna i mo\u017ee izdr\u017eati vrijeme. Mo\u017ee izdr\u017eati do 15 kg - bezbri\u017eno postavite svoje knjige, biljke i okvire za slike na njega. Vise\u0107a polica svojim jedinstvenim cik-cak dizajnom pretvara neiskori\u0161tene kutove u \u0161ik izlo\u017ebenu pozornicu. Svaki centimetar je bitan, bilo za dekoracije u dnevnoj i spava\u0107oj sobi ili za knjige i biljke u ku\u0107nom uredu.","og_url":"https:\/\/inti.hr\/bs\/proizvod\/zidna-polica-s-bocnim-stranicama-ratan\/","og_site_name":"Inti","og_image":[{"width":800,"height":1000,"url":"https:\/\/i0.wp.com\/inti.hr\/wp-content\/uploads\/2024\/03\/LLS582Y57-2.jpg?fit=800%2C1000&ssl=1","type":"image\/jpeg"}],"twitter_card":"summary_large_image","schema":{"@context":"https:\/\/schema.org","@graph":[{"@type":"WebPage","@id":"https:\/\/inti.hr\/bs\/proizvod\/zidna-polica-s-bocnim-stranicama-ratan\/","url":"https:\/\/inti.hr\/bs\/proizvod\/zidna-polica-s-bocnim-stranicama-ratan\/","name":"Zidna polica s bo\u010dnim stranicama ratan - Inti","isPartOf":{"@id":"https:\/\/inti.hr\/bs\/#website"},"primaryImageOfPage":{"@id":"https:\/\/inti.hr\/bs\/proizvod\/zidna-polica-s-bocnim-stranicama-ratan\/#primaryimage"},"image":{"@id":"https:\/\/inti.hr\/bs\/proizvod\/zidna-polica-s-bocnim-stranicama-ratan\/#primaryimage"},"thumbnailUrl":"https:\/\/i0.wp.com\/inti.hr\/wp-content\/uploads\/2024\/03\/LLS582Y57-2.jpg?fit=800%2C1000&ssl=1","datePublished":"2024-03-06T09:38:33+00:00","dateModified":"2024-03-06T09:38:33+00:00","description":"Polica do\u010darava da\u0161ak elegancije u va\u0161em domu. Njegov zemljani ton u skladu je s prirodnim elementima, a bo\u010dne stranice od PVC ratana oboga\u0107uju raznolikost tekstura. Modernije, vi\u0161e boho stila. Ova polica udahnut \u0107e novi \u017eivot va\u0161im praznim zidovima i stvoriti oazu za va\u0161e ukrase. Zahvaljuju\u0107i svom tankom obliku (20 x 20 x 126 cm), zauzima malo prostora, ne zauzima prostor na podu i jo\u0161 uvijek nudi puno prostora za pohranu. Furnirane plo\u010de i plasti\u010dni ratan \u010dine \u010di\u0161\u0107enje lakim kako bi va\u0161a lebde\u0107a polica uvijek izgledala besprijekorno. Sastavljanje je jednostavno zahvaljuju\u0107i ozna\u010denim dijelovima i jasnim uputama. Zahvaljuju\u0107i visokokvalitetnoj iverali u kombinaciji s bo\u010dnim stranicama od PVC ratana, zidna polica je robusna i mo\u017ee izdr\u017eati vrijeme. Mo\u017ee izdr\u017eati do 15 kg - bezbri\u017eno postavite svoje knjige, biljke i okvire za slike na njega. Vise\u0107a polica svojim jedinstvenim cik-cak dizajnom pretvara neiskori\u0161tene kutove u \u0161ik izlo\u017ebenu pozornicu. Svaki centimetar je bitan, bilo za dekoracije u dnevnoj i spava\u0107oj sobi ili za knjige i biljke u ku\u0107nom uredu.","breadcrumb":{"@id":"https:\/\/inti.hr\/bs\/proizvod\/zidna-polica-s-bocnim-stranicama-ratan\/#breadcrumb"},"inLanguage":"bs-BA","potentialAction":[{"@type":"ReadAction","target":["https:\/\/inti.hr\/bs\/proizvod\/zidna-polica-s-bocnim-stranicama-ratan\/"]}]},{"@type":"ImageObject","inLanguage":"bs-BA","@id":"https:\/\/inti.hr\/bs\/proizvod\/zidna-polica-s-bocnim-stranicama-ratan\/#primaryimage","url":"https:\/\/i0.wp.com\/inti.hr\/wp-content\/uploads\/2024\/03\/LLS582Y57-2.jpg?fit=800%2C1000&ssl=1","contentUrl":"https:\/\/i0.wp.com\/inti.hr\/wp-content\/uploads\/2024\/03\/LLS582Y57-2.jpg?fit=800%2C1000&ssl=1","width":800,"height":1000},{"@type":"BreadcrumbList","@id":"https:\/\/inti.hr\/bs\/proizvod\/zidna-polica-s-bocnim-stranicama-ratan\/#breadcrumb","itemListElement":[{"@type":"ListItem","position":1,"name":"Po\u010detna stranica","item":"https:\/\/inti.hr\/bs\/"},{"@type":"ListItem","position":2,"name":"Trgovina","item":"https:\/\/inti.hr\/bs\/trgovina\/"},{"@type":"ListItem","position":3,"name":"Zidna polica s bo\u010dnim stranicama ratan"}]},{"@type":"WebSite","@id":"https:\/\/inti.hr\/bs\/#website","url":"https:\/\/inti.hr\/bs\/","name":"Inti","description":"trgovina","potentialAction":[{"@type":"SearchAction","target":{"@type":"EntryPoint","urlTemplate":"https:\/\/inti.hr\/bs\/?s={search_term_string}"},"query-input":{"@type":"PropertyValueSpecification","valueRequired":true,"valueName":"search_term_string"}}],"inLanguage":"bs-BA"}]}},"jetpack_sharing_enabled":true,"jetpack-related-posts":[],"_links":{"self":[{"href":"https:\/\/inti.hr\/bs\/wp-json\/wp\/v2\/product\/32595"}],"collection":[{"href":"https:\/\/inti.hr\/bs\/wp-json\/wp\/v2\/product"}],"about":[{"href":"https:\/\/inti.hr\/bs\/wp-json\/wp\/v2\/types\/product"}],"wp:featuredmedia":[{"embeddable":true,"href":"https:\/\/inti.hr\/bs\/wp-json\/wp\/v2\/media\/32596"}],"wp:attachment":[{"href":"https:\/\/inti.hr\/bs\/wp-json\/wp\/v2\/media?parent=32595"}],"wp:term":[{"taxonomy":"product_cat","embeddable":true,"href":"https:\/\/inti.hr\/bs\/wp-json\/wp\/v2\/product_cat?post=32595"},{"taxonomy":"product_tag","embeddable":true,"href":"https:\/\/inti.hr\/bs\/wp-json\/wp\/v2\/product_tag?post=32595"}],"curies":[{"name":"wp","href":"https:\/\/api.w.org\/{rel}","templated":true}]}}