{"id":32623,"date":"2024-03-04T17:28:57","date_gmt":"2024-03-04T16:28:57","guid":{"rendered":"https:\/\/inti.hr\/product\/zidno-ogledalo-enonkoski-90x60-cm\/"},"modified":"2024-03-04T17:28:57","modified_gmt":"2024-03-04T16:28:57","slug":"zidno-ogledalo-enonkoski-90x60-cm","status":"publish","type":"product","link":"https:\/\/inti.hr\/bs\/proizvod\/zidno-ogledalo-enonkoski-90x60-cm\/","title":{"rendered":"Zidno ogledalo Enonkoski 90&#215;60 cm"},"content":{"rendered":"<p>Detalji proizvodi:<\/p>\n<p>&#8211; Idealan dodatak za kupaonicu, hodnik, dnevni boravak ili spava\u0107u sobu<br \/>\n&#8211; Jasan, neizobli\u010den odraz za savr\u0161en pogled<br \/>\n&#8211; Jednostavna, brza monta\u017ea na zid bez stru\u010dnog znanja<br \/>\n&#8211; Uklju\u010duje materijal za monta\u017eu i kuke za pri\u010dvr\u0161\u0107ivanje na stra\u017enjoj strani<br \/>\n&#8211; Lako se \u010disti, mo\u017ee se obrisati krpom za \u010disto\u0107u i sjaj<br \/>\n&#8211; bezvremenski i elegantan dizajn za svaki dom<\/p>\n<p>Dimenzije:<\/p>\n<p>&#8211; Ogledalo (Vx\u0160): 90 x 60 cm<br \/>\n&#8211; Debljina okvira: 2 cm<\/p>\n<p>Materijal okvira:<\/p>\n<p>MDF<\/p>\n<p>Boja okvira:<\/p>\n<p>Crno<\/p>\n","protected":false},"excerpt":{"rendered":"<p>Ovo elegantno zidno ogledalo spaja funkcionalnost s estetskim dizajnom, \u0161to ga &#8230; <\/p>\n","protected":false},"featured_media":32624,"template":"","meta":[],"product_cat":[2392],"product_tag":[2638,3210],"yoast_head":"<!-- This site is optimized with the Yoast SEO plugin v23.7 - https:\/\/yoast.com\/wordpress\/plugins\/seo\/ -->\n<title>Zidno ogledalo Enonkoski 90x60 cm - Inti<\/title>\n<meta name=\"description\" content=\"Ovo elegantno zidno ogledalo spaja funkcionalnost s estetskim dizajnom, \u0161to ga \u010dini nezamjenjivim i bezvremenskim dodatkom u svakom domu. Njegov jednostavan, ali moderan okvir besprijekorno se uklapa u svaki dizajn interijera.Ogledalo nije samo prakti\u010dan alat za provjeru vlastitog izgleda, ve\u0107 poma\u017ee da prostorije izgledaju ve\u0107e i svjetlije. Zrcalno staklo osigurava jasan i neiskrivljen odraz.Postavljanje ogledala na zid je brzo i jednostavno. S prilo\u017eenim materijalom za monta\u017eu, mo\u017ee se sigurno i stabilno pri\u010dvrstiti na gotovo svaki zid bez potrebe za posebnim stru\u010dnim znanjem.Tako\u0111er je svestran i savr\u0161en je za kona\u010dnu provjeru u hodniku, kao moderan ukrasni element u dnevnoj sobi ili za svakodnevnu njegu u kupaonici. Idealan je dodatak svakom dizajnu interijera i bez problema se prilago\u0111ava razli\u010ditim prostorima.Osim toga, ovo zidno ogledalo odlikuje se jednostavno\u0161\u0107u odr\u017eavanja. Za odr\u017eavanje \u010disto\u0107e i sjaja dovoljno je jednostavno brisanje mekom, suhom krpom.\" \/>\n<meta name=\"robots\" content=\"index, follow, max-snippet:-1, max-image-preview:large, max-video-preview:-1\" \/>\n<link rel=\"canonical\" href=\"https:\/\/inti.hr\/bs\/proizvod\/zidno-ogledalo-enonkoski-90x60-cm\/\" \/>\n<meta property=\"og:locale\" content=\"bs_BA\" \/>\n<meta property=\"og:type\" content=\"article\" \/>\n<meta property=\"og:title\" content=\"Zidno ogledalo Enonkoski 90x60 cm - Inti\" \/>\n<meta property=\"og:description\" content=\"Ovo elegantno zidno ogledalo spaja funkcionalnost s estetskim dizajnom, \u0161to ga \u010dini nezamjenjivim i bezvremenskim dodatkom u svakom domu. Njegov jednostavan, ali moderan okvir besprijekorno se uklapa u svaki dizajn interijera.Ogledalo nije samo prakti\u010dan alat za provjeru vlastitog izgleda, ve\u0107 poma\u017ee da prostorije izgledaju ve\u0107e i svjetlije. Zrcalno staklo osigurava jasan i neiskrivljen odraz.Postavljanje ogledala na zid je brzo i jednostavno. S prilo\u017eenim materijalom za monta\u017eu, mo\u017ee se sigurno i stabilno pri\u010dvrstiti na gotovo svaki zid bez potrebe za posebnim stru\u010dnim znanjem.Tako\u0111er je svestran i savr\u0161en je za kona\u010dnu provjeru u hodniku, kao moderan ukrasni element u dnevnoj sobi ili za svakodnevnu njegu u kupaonici. Idealan je dodatak svakom dizajnu interijera i bez problema se prilago\u0111ava razli\u010ditim prostorima.Osim toga, ovo zidno ogledalo odlikuje se jednostavno\u0161\u0107u odr\u017eavanja. Za odr\u017eavanje \u010disto\u0107e i sjaja dovoljno je jednostavno brisanje mekom, suhom krpom.\" \/>\n<meta property=\"og:url\" content=\"https:\/\/inti.hr\/bs\/proizvod\/zidno-ogledalo-enonkoski-90x60-cm\/\" \/>\n<meta property=\"og:site_name\" content=\"Inti\" \/>\n<meta property=\"og:image\" content=\"https:\/\/i0.wp.com\/inti.hr\/wp-content\/uploads\/2024\/03\/ebf7e9419f4c015948fbd7808a0c9c2f-1.jpg?fit=1400%2C1400&ssl=1\" \/>\n\t<meta property=\"og:image:width\" content=\"1400\" \/>\n\t<meta property=\"og:image:height\" content=\"1400\" \/>\n\t<meta property=\"og:image:type\" content=\"image\/jpeg\" \/>\n<meta name=\"twitter:card\" content=\"summary_large_image\" \/>\n<script type=\"application\/ld+json\" class=\"yoast-schema-graph\">{\"@context\":\"https:\/\/schema.org\",\"@graph\":[{\"@type\":\"WebPage\",\"@id\":\"https:\/\/inti.hr\/bs\/proizvod\/zidno-ogledalo-enonkoski-90x60-cm\/\",\"url\":\"https:\/\/inti.hr\/bs\/proizvod\/zidno-ogledalo-enonkoski-90x60-cm\/\",\"name\":\"Zidno ogledalo Enonkoski 90x60 cm - Inti\",\"isPartOf\":{\"@id\":\"https:\/\/inti.hr\/bs\/#website\"},\"primaryImageOfPage\":{\"@id\":\"https:\/\/inti.hr\/bs\/proizvod\/zidno-ogledalo-enonkoski-90x60-cm\/#primaryimage\"},\"image\":{\"@id\":\"https:\/\/inti.hr\/bs\/proizvod\/zidno-ogledalo-enonkoski-90x60-cm\/#primaryimage\"},\"thumbnailUrl\":\"https:\/\/i0.wp.com\/inti.hr\/wp-content\/uploads\/2024\/03\/ebf7e9419f4c015948fbd7808a0c9c2f-1.jpg?fit=1400%2C1400&ssl=1\",\"datePublished\":\"2024-03-04T16:28:57+00:00\",\"dateModified\":\"2024-03-04T16:28:57+00:00\",\"description\":\"Ovo elegantno zidno ogledalo spaja funkcionalnost s estetskim dizajnom, \u0161to ga \u010dini nezamjenjivim i bezvremenskim dodatkom u svakom domu. Njegov jednostavan, ali moderan okvir besprijekorno se uklapa u svaki dizajn interijera.Ogledalo nije samo prakti\u010dan alat za provjeru vlastitog izgleda, ve\u0107 poma\u017ee da prostorije izgledaju ve\u0107e i svjetlije. Zrcalno staklo osigurava jasan i neiskrivljen odraz.Postavljanje ogledala na zid je brzo i jednostavno. S prilo\u017eenim materijalom za monta\u017eu, mo\u017ee se sigurno i stabilno pri\u010dvrstiti na gotovo svaki zid bez potrebe za posebnim stru\u010dnim znanjem.Tako\u0111er je svestran i savr\u0161en je za kona\u010dnu provjeru u hodniku, kao moderan ukrasni element u dnevnoj sobi ili za svakodnevnu njegu u kupaonici. Idealan je dodatak svakom dizajnu interijera i bez problema se prilago\u0111ava razli\u010ditim prostorima.Osim toga, ovo zidno ogledalo odlikuje se jednostavno\u0161\u0107u odr\u017eavanja. Za odr\u017eavanje \u010disto\u0107e i sjaja dovoljno je jednostavno brisanje mekom, suhom krpom.\",\"breadcrumb\":{\"@id\":\"https:\/\/inti.hr\/bs\/proizvod\/zidno-ogledalo-enonkoski-90x60-cm\/#breadcrumb\"},\"inLanguage\":\"bs-BA\",\"potentialAction\":[{\"@type\":\"ReadAction\",\"target\":[\"https:\/\/inti.hr\/bs\/proizvod\/zidno-ogledalo-enonkoski-90x60-cm\/\"]}]},{\"@type\":\"ImageObject\",\"inLanguage\":\"bs-BA\",\"@id\":\"https:\/\/inti.hr\/bs\/proizvod\/zidno-ogledalo-enonkoski-90x60-cm\/#primaryimage\",\"url\":\"https:\/\/i0.wp.com\/inti.hr\/wp-content\/uploads\/2024\/03\/ebf7e9419f4c015948fbd7808a0c9c2f-1.jpg?fit=1400%2C1400&ssl=1\",\"contentUrl\":\"https:\/\/i0.wp.com\/inti.hr\/wp-content\/uploads\/2024\/03\/ebf7e9419f4c015948fbd7808a0c9c2f-1.jpg?fit=1400%2C1400&ssl=1\",\"width\":1400,\"height\":1400,\"caption\":\"zidno ukrasno ogledalo\"},{\"@type\":\"BreadcrumbList\",\"@id\":\"https:\/\/inti.hr\/bs\/proizvod\/zidno-ogledalo-enonkoski-90x60-cm\/#breadcrumb\",\"itemListElement\":[{\"@type\":\"ListItem\",\"position\":1,\"name\":\"Po\u010detna stranica\",\"item\":\"https:\/\/inti.hr\/bs\/\"},{\"@type\":\"ListItem\",\"position\":2,\"name\":\"Trgovina\",\"item\":\"https:\/\/inti.hr\/bs\/trgovina\/\"},{\"@type\":\"ListItem\",\"position\":3,\"name\":\"Zidno ogledalo Enonkoski 90&#215;60 cm\"}]},{\"@type\":\"WebSite\",\"@id\":\"https:\/\/inti.hr\/bs\/#website\",\"url\":\"https:\/\/inti.hr\/bs\/\",\"name\":\"Inti\",\"description\":\"trgovina\",\"potentialAction\":[{\"@type\":\"SearchAction\",\"target\":{\"@type\":\"EntryPoint\",\"urlTemplate\":\"https:\/\/inti.hr\/bs\/?s={search_term_string}\"},\"query-input\":{\"@type\":\"PropertyValueSpecification\",\"valueRequired\":true,\"valueName\":\"search_term_string\"}}],\"inLanguage\":\"bs-BA\"}]}<\/script>\n<!-- \/ Yoast SEO plugin. -->","yoast_head_json":{"title":"Zidno ogledalo Enonkoski 90x60 cm - Inti","description":"Ovo elegantno zidno ogledalo spaja funkcionalnost s estetskim dizajnom, \u0161to ga \u010dini nezamjenjivim i bezvremenskim dodatkom u svakom domu. Njegov jednostavan, ali moderan okvir besprijekorno se uklapa u svaki dizajn interijera.Ogledalo nije samo prakti\u010dan alat za provjeru vlastitog izgleda, ve\u0107 poma\u017ee da prostorije izgledaju ve\u0107e i svjetlije. Zrcalno staklo osigurava jasan i neiskrivljen odraz.Postavljanje ogledala na zid je brzo i jednostavno. S prilo\u017eenim materijalom za monta\u017eu, mo\u017ee se sigurno i stabilno pri\u010dvrstiti na gotovo svaki zid bez potrebe za posebnim stru\u010dnim znanjem.Tako\u0111er je svestran i savr\u0161en je za kona\u010dnu provjeru u hodniku, kao moderan ukrasni element u dnevnoj sobi ili za svakodnevnu njegu u kupaonici. Idealan je dodatak svakom dizajnu interijera i bez problema se prilago\u0111ava razli\u010ditim prostorima.Osim toga, ovo zidno ogledalo odlikuje se jednostavno\u0161\u0107u odr\u017eavanja. Za odr\u017eavanje \u010disto\u0107e i sjaja dovoljno je jednostavno brisanje mekom, suhom krpom.","robots":{"index":"index","follow":"follow","max-snippet":"max-snippet:-1","max-image-preview":"max-image-preview:large","max-video-preview":"max-video-preview:-1"},"canonical":"https:\/\/inti.hr\/bs\/proizvod\/zidno-ogledalo-enonkoski-90x60-cm\/","og_locale":"bs_BA","og_type":"article","og_title":"Zidno ogledalo Enonkoski 90x60 cm - Inti","og_description":"Ovo elegantno zidno ogledalo spaja funkcionalnost s estetskim dizajnom, \u0161to ga \u010dini nezamjenjivim i bezvremenskim dodatkom u svakom domu. Njegov jednostavan, ali moderan okvir besprijekorno se uklapa u svaki dizajn interijera.Ogledalo nije samo prakti\u010dan alat za provjeru vlastitog izgleda, ve\u0107 poma\u017ee da prostorije izgledaju ve\u0107e i svjetlije. Zrcalno staklo osigurava jasan i neiskrivljen odraz.Postavljanje ogledala na zid je brzo i jednostavno. S prilo\u017eenim materijalom za monta\u017eu, mo\u017ee se sigurno i stabilno pri\u010dvrstiti na gotovo svaki zid bez potrebe za posebnim stru\u010dnim znanjem.Tako\u0111er je svestran i savr\u0161en je za kona\u010dnu provjeru u hodniku, kao moderan ukrasni element u dnevnoj sobi ili za svakodnevnu njegu u kupaonici. Idealan je dodatak svakom dizajnu interijera i bez problema se prilago\u0111ava razli\u010ditim prostorima.Osim toga, ovo zidno ogledalo odlikuje se jednostavno\u0161\u0107u odr\u017eavanja. Za odr\u017eavanje \u010disto\u0107e i sjaja dovoljno je jednostavno brisanje mekom, suhom krpom.","og_url":"https:\/\/inti.hr\/bs\/proizvod\/zidno-ogledalo-enonkoski-90x60-cm\/","og_site_name":"Inti","og_image":[{"width":1400,"height":1400,"url":"https:\/\/i0.wp.com\/inti.hr\/wp-content\/uploads\/2024\/03\/ebf7e9419f4c015948fbd7808a0c9c2f-1.jpg?fit=1400%2C1400&ssl=1","type":"image\/jpeg"}],"twitter_card":"summary_large_image","schema":{"@context":"https:\/\/schema.org","@graph":[{"@type":"WebPage","@id":"https:\/\/inti.hr\/bs\/proizvod\/zidno-ogledalo-enonkoski-90x60-cm\/","url":"https:\/\/inti.hr\/bs\/proizvod\/zidno-ogledalo-enonkoski-90x60-cm\/","name":"Zidno ogledalo Enonkoski 90x60 cm - Inti","isPartOf":{"@id":"https:\/\/inti.hr\/bs\/#website"},"primaryImageOfPage":{"@id":"https:\/\/inti.hr\/bs\/proizvod\/zidno-ogledalo-enonkoski-90x60-cm\/#primaryimage"},"image":{"@id":"https:\/\/inti.hr\/bs\/proizvod\/zidno-ogledalo-enonkoski-90x60-cm\/#primaryimage"},"thumbnailUrl":"https:\/\/i0.wp.com\/inti.hr\/wp-content\/uploads\/2024\/03\/ebf7e9419f4c015948fbd7808a0c9c2f-1.jpg?fit=1400%2C1400&ssl=1","datePublished":"2024-03-04T16:28:57+00:00","dateModified":"2024-03-04T16:28:57+00:00","description":"Ovo elegantno zidno ogledalo spaja funkcionalnost s estetskim dizajnom, \u0161to ga \u010dini nezamjenjivim i bezvremenskim dodatkom u svakom domu. Njegov jednostavan, ali moderan okvir besprijekorno se uklapa u svaki dizajn interijera.Ogledalo nije samo prakti\u010dan alat za provjeru vlastitog izgleda, ve\u0107 poma\u017ee da prostorije izgledaju ve\u0107e i svjetlije. Zrcalno staklo osigurava jasan i neiskrivljen odraz.Postavljanje ogledala na zid je brzo i jednostavno. S prilo\u017eenim materijalom za monta\u017eu, mo\u017ee se sigurno i stabilno pri\u010dvrstiti na gotovo svaki zid bez potrebe za posebnim stru\u010dnim znanjem.Tako\u0111er je svestran i savr\u0161en je za kona\u010dnu provjeru u hodniku, kao moderan ukrasni element u dnevnoj sobi ili za svakodnevnu njegu u kupaonici. Idealan je dodatak svakom dizajnu interijera i bez problema se prilago\u0111ava razli\u010ditim prostorima.Osim toga, ovo zidno ogledalo odlikuje se jednostavno\u0161\u0107u odr\u017eavanja. Za odr\u017eavanje \u010disto\u0107e i sjaja dovoljno je jednostavno brisanje mekom, suhom krpom.","breadcrumb":{"@id":"https:\/\/inti.hr\/bs\/proizvod\/zidno-ogledalo-enonkoski-90x60-cm\/#breadcrumb"},"inLanguage":"bs-BA","potentialAction":[{"@type":"ReadAction","target":["https:\/\/inti.hr\/bs\/proizvod\/zidno-ogledalo-enonkoski-90x60-cm\/"]}]},{"@type":"ImageObject","inLanguage":"bs-BA","@id":"https:\/\/inti.hr\/bs\/proizvod\/zidno-ogledalo-enonkoski-90x60-cm\/#primaryimage","url":"https:\/\/i0.wp.com\/inti.hr\/wp-content\/uploads\/2024\/03\/ebf7e9419f4c015948fbd7808a0c9c2f-1.jpg?fit=1400%2C1400&ssl=1","contentUrl":"https:\/\/i0.wp.com\/inti.hr\/wp-content\/uploads\/2024\/03\/ebf7e9419f4c015948fbd7808a0c9c2f-1.jpg?fit=1400%2C1400&ssl=1","width":1400,"height":1400,"caption":"zidno ukrasno ogledalo"},{"@type":"BreadcrumbList","@id":"https:\/\/inti.hr\/bs\/proizvod\/zidno-ogledalo-enonkoski-90x60-cm\/#breadcrumb","itemListElement":[{"@type":"ListItem","position":1,"name":"Po\u010detna stranica","item":"https:\/\/inti.hr\/bs\/"},{"@type":"ListItem","position":2,"name":"Trgovina","item":"https:\/\/inti.hr\/bs\/trgovina\/"},{"@type":"ListItem","position":3,"name":"Zidno ogledalo Enonkoski 90&#215;60 cm"}]},{"@type":"WebSite","@id":"https:\/\/inti.hr\/bs\/#website","url":"https:\/\/inti.hr\/bs\/","name":"Inti","description":"trgovina","potentialAction":[{"@type":"SearchAction","target":{"@type":"EntryPoint","urlTemplate":"https:\/\/inti.hr\/bs\/?s={search_term_string}"},"query-input":{"@type":"PropertyValueSpecification","valueRequired":true,"valueName":"search_term_string"}}],"inLanguage":"bs-BA"}]}},"jetpack_sharing_enabled":true,"jetpack-related-posts":[],"_links":{"self":[{"href":"https:\/\/inti.hr\/bs\/wp-json\/wp\/v2\/product\/32623"}],"collection":[{"href":"https:\/\/inti.hr\/bs\/wp-json\/wp\/v2\/product"}],"about":[{"href":"https:\/\/inti.hr\/bs\/wp-json\/wp\/v2\/types\/product"}],"wp:featuredmedia":[{"embeddable":true,"href":"https:\/\/inti.hr\/bs\/wp-json\/wp\/v2\/media\/32624"}],"wp:attachment":[{"href":"https:\/\/inti.hr\/bs\/wp-json\/wp\/v2\/media?parent=32623"}],"wp:term":[{"taxonomy":"product_cat","embeddable":true,"href":"https:\/\/inti.hr\/bs\/wp-json\/wp\/v2\/product_cat?post=32623"},{"taxonomy":"product_tag","embeddable":true,"href":"https:\/\/inti.hr\/bs\/wp-json\/wp\/v2\/product_tag?post=32623"}],"curies":[{"name":"wp","href":"https:\/\/api.w.org\/{rel}","templated":true}]}}