{"id":32635,"date":"2024-02-29T18:38:54","date_gmt":"2024-02-29T17:38:54","guid":{"rendered":"https:\/\/inti.hr\/product\/djecja-polica-s-2-kutije-za-igracke-i-knjige\/"},"modified":"2024-02-29T18:38:54","modified_gmt":"2024-02-29T17:38:54","slug":"djecja-polica-s-2-kutije-za-igracke-i-knjige","status":"publish","type":"product","link":"https:\/\/inti.hr\/bs\/proizvod\/djecja-polica-s-2-kutije-za-igracke-i-knjige\/","title":{"rendered":"Dje\u010dja polica s 2 kutije za igra\u010dke i knjige"},"content":{"rendered":"<p>Detalji proizvoda:<\/p>\n<p>Boja: golubije siva, bijela<br \/>\nMaterijal: iverica, netkani materijal<br \/>\nVeli\u010dina: 30 x 93 x 100 cm (D x \u0160 x V)<br \/>\nTe\u017eina: 20,2 kg<br \/>\nMaksimalna ukupna stati\u010dka nosivost: 45 kg<\/p>\n","protected":false},"excerpt":{"rendered":"<p>Pomo\u0107u police mo\u017eete napraviti red u dje\u010djoj sobi. 3 utora za &#8230; <\/p>\n","protected":false},"featured_media":32636,"template":"","meta":[],"product_cat":[2408],"product_tag":[3006,2410],"yoast_head":"<!-- This site is optimized with the Yoast SEO plugin v23.7 - https:\/\/yoast.com\/wordpress\/plugins\/seo\/ -->\n<title>Dje\u010dja polica s 2 kutije za igra\u010dke i knjige - Inti<\/title>\n<meta name=\"description\" content=\"Pomo\u0107u police mo\u017eete napraviti red u dje\u010djoj sobi. 3 utora za knjige, 5 polica za igra\u010dke i gra\u0111evne blokove, 2 uklonjive kutije za mazne igra\u010dke - pospremanje nikada nije bilo tako zabavno! Zaobljeni kutovi \u0161tite va\u0161u djecu od neugodnih udaraca. Uklju\u010dena je i za\u0161tita od vrha kako bi dje\u010dja polica bila sigurno pri\u010dvr\u0161\u0107ena. Tako da mo\u017eete biti mirni kada djeca u\u017eivaju u \u010ditanju i igri. Provedite manje vremena na postavljanje, a vi\u0161e vremena sa svojom djecom! Igra\u010dka i polica za knjige dolaze s jasno ozna\u010denim dijelovima i ilustriranim uputama, \u0161to \u010dini sastavljanje brzim i lakim. Zahvaljuju\u0107i visokokvalitetnom furniranom iveralu, igra\u010dka i polica za djecu stabilna je i izdr\u017eljiva. Glatka povr\u0161ina je jednostavna za \u010di\u0161\u0107enje i laka za ruke - prakti\u010dan izbor za zaposlene roditelje. Polica za knjige za igra\u010dke nije prikladna samo za dje\u010dju sobu. Bilo u igraonici, spava\u0107oj sobi, dnevnom boravku ili hodniku, savr\u0161eno se uklapa i mo\u017ee uredno pohraniti stvari mali\u0161ana.\u00a0\" \/>\n<meta name=\"robots\" content=\"index, follow, max-snippet:-1, max-image-preview:large, max-video-preview:-1\" \/>\n<link rel=\"canonical\" href=\"https:\/\/inti.hr\/bs\/proizvod\/djecja-polica-s-2-kutije-za-igracke-i-knjige\/\" \/>\n<meta property=\"og:locale\" content=\"bs_BA\" \/>\n<meta property=\"og:type\" content=\"article\" \/>\n<meta property=\"og:title\" content=\"Dje\u010dja polica s 2 kutije za igra\u010dke i knjige - Inti\" \/>\n<meta property=\"og:description\" content=\"Pomo\u0107u police mo\u017eete napraviti red u dje\u010djoj sobi. 3 utora za knjige, 5 polica za igra\u010dke i gra\u0111evne blokove, 2 uklonjive kutije za mazne igra\u010dke - pospremanje nikada nije bilo tako zabavno! Zaobljeni kutovi \u0161tite va\u0161u djecu od neugodnih udaraca. Uklju\u010dena je i za\u0161tita od vrha kako bi dje\u010dja polica bila sigurno pri\u010dvr\u0161\u0107ena. Tako da mo\u017eete biti mirni kada djeca u\u017eivaju u \u010ditanju i igri. Provedite manje vremena na postavljanje, a vi\u0161e vremena sa svojom djecom! Igra\u010dka i polica za knjige dolaze s jasno ozna\u010denim dijelovima i ilustriranim uputama, \u0161to \u010dini sastavljanje brzim i lakim. Zahvaljuju\u0107i visokokvalitetnom furniranom iveralu, igra\u010dka i polica za djecu stabilna je i izdr\u017eljiva. Glatka povr\u0161ina je jednostavna za \u010di\u0161\u0107enje i laka za ruke - prakti\u010dan izbor za zaposlene roditelje. Polica za knjige za igra\u010dke nije prikladna samo za dje\u010dju sobu. Bilo u igraonici, spava\u0107oj sobi, dnevnom boravku ili hodniku, savr\u0161eno se uklapa i mo\u017ee uredno pohraniti stvari mali\u0161ana.\u00a0\" \/>\n<meta property=\"og:url\" content=\"https:\/\/inti.hr\/bs\/proizvod\/djecja-polica-s-2-kutije-za-igracke-i-knjige\/\" \/>\n<meta property=\"og:site_name\" content=\"Inti\" \/>\n<meta property=\"og:image\" content=\"https:\/\/i0.wp.com\/inti.hr\/wp-content\/uploads\/2024\/02\/GKR042G01-2.jpg?fit=800%2C1000&ssl=1\" \/>\n\t<meta property=\"og:image:width\" content=\"800\" \/>\n\t<meta property=\"og:image:height\" content=\"1000\" \/>\n\t<meta property=\"og:image:type\" content=\"image\/jpeg\" \/>\n<meta name=\"twitter:card\" content=\"summary_large_image\" \/>\n<script type=\"application\/ld+json\" class=\"yoast-schema-graph\">{\"@context\":\"https:\/\/schema.org\",\"@graph\":[{\"@type\":\"WebPage\",\"@id\":\"https:\/\/inti.hr\/bs\/proizvod\/djecja-polica-s-2-kutije-za-igracke-i-knjige\/\",\"url\":\"https:\/\/inti.hr\/bs\/proizvod\/djecja-polica-s-2-kutije-za-igracke-i-knjige\/\",\"name\":\"Dje\u010dja polica s 2 kutije za igra\u010dke i knjige - Inti\",\"isPartOf\":{\"@id\":\"https:\/\/inti.hr\/bs\/#website\"},\"primaryImageOfPage\":{\"@id\":\"https:\/\/inti.hr\/bs\/proizvod\/djecja-polica-s-2-kutije-za-igracke-i-knjige\/#primaryimage\"},\"image\":{\"@id\":\"https:\/\/inti.hr\/bs\/proizvod\/djecja-polica-s-2-kutije-za-igracke-i-knjige\/#primaryimage\"},\"thumbnailUrl\":\"https:\/\/i0.wp.com\/inti.hr\/wp-content\/uploads\/2024\/02\/GKR042G01-2.jpg?fit=800%2C1000&ssl=1\",\"datePublished\":\"2024-02-29T17:38:54+00:00\",\"dateModified\":\"2024-02-29T17:38:54+00:00\",\"description\":\"Pomo\u0107u police mo\u017eete napraviti red u dje\u010djoj sobi. 3 utora za knjige, 5 polica za igra\u010dke i gra\u0111evne blokove, 2 uklonjive kutije za mazne igra\u010dke - pospremanje nikada nije bilo tako zabavno! Zaobljeni kutovi \u0161tite va\u0161u djecu od neugodnih udaraca. Uklju\u010dena je i za\u0161tita od vrha kako bi dje\u010dja polica bila sigurno pri\u010dvr\u0161\u0107ena. Tako da mo\u017eete biti mirni kada djeca u\u017eivaju u \u010ditanju i igri. Provedite manje vremena na postavljanje, a vi\u0161e vremena sa svojom djecom! Igra\u010dka i polica za knjige dolaze s jasno ozna\u010denim dijelovima i ilustriranim uputama, \u0161to \u010dini sastavljanje brzim i lakim. Zahvaljuju\u0107i visokokvalitetnom furniranom iveralu, igra\u010dka i polica za djecu stabilna je i izdr\u017eljiva. Glatka povr\u0161ina je jednostavna za \u010di\u0161\u0107enje i laka za ruke - prakti\u010dan izbor za zaposlene roditelje. Polica za knjige za igra\u010dke nije prikladna samo za dje\u010dju sobu. Bilo u igraonici, spava\u0107oj sobi, dnevnom boravku ili hodniku, savr\u0161eno se uklapa i mo\u017ee uredno pohraniti stvari mali\u0161ana.\u00a0\",\"breadcrumb\":{\"@id\":\"https:\/\/inti.hr\/bs\/proizvod\/djecja-polica-s-2-kutije-za-igracke-i-knjige\/#breadcrumb\"},\"inLanguage\":\"bs-BA\",\"potentialAction\":[{\"@type\":\"ReadAction\",\"target\":[\"https:\/\/inti.hr\/bs\/proizvod\/djecja-polica-s-2-kutije-za-igracke-i-knjige\/\"]}]},{\"@type\":\"ImageObject\",\"inLanguage\":\"bs-BA\",\"@id\":\"https:\/\/inti.hr\/bs\/proizvod\/djecja-polica-s-2-kutije-za-igracke-i-knjige\/#primaryimage\",\"url\":\"https:\/\/i0.wp.com\/inti.hr\/wp-content\/uploads\/2024\/02\/GKR042G01-2.jpg?fit=800%2C1000&ssl=1\",\"contentUrl\":\"https:\/\/i0.wp.com\/inti.hr\/wp-content\/uploads\/2024\/02\/GKR042G01-2.jpg?fit=800%2C1000&ssl=1\",\"width\":800,\"height\":1000,\"caption\":\"Dje\u010dja polica s 2 kutije za igra\u010dke i knjige\"},{\"@type\":\"BreadcrumbList\",\"@id\":\"https:\/\/inti.hr\/bs\/proizvod\/djecja-polica-s-2-kutije-za-igracke-i-knjige\/#breadcrumb\",\"itemListElement\":[{\"@type\":\"ListItem\",\"position\":1,\"name\":\"Po\u010detna stranica\",\"item\":\"https:\/\/inti.hr\/bs\/\"},{\"@type\":\"ListItem\",\"position\":2,\"name\":\"Trgovina\",\"item\":\"https:\/\/inti.hr\/bs\/trgovina\/\"},{\"@type\":\"ListItem\",\"position\":3,\"name\":\"Dje\u010dja polica s 2 kutije za igra\u010dke i knjige\"}]},{\"@type\":\"WebSite\",\"@id\":\"https:\/\/inti.hr\/bs\/#website\",\"url\":\"https:\/\/inti.hr\/bs\/\",\"name\":\"Inti\",\"description\":\"trgovina\",\"potentialAction\":[{\"@type\":\"SearchAction\",\"target\":{\"@type\":\"EntryPoint\",\"urlTemplate\":\"https:\/\/inti.hr\/bs\/?s={search_term_string}\"},\"query-input\":{\"@type\":\"PropertyValueSpecification\",\"valueRequired\":true,\"valueName\":\"search_term_string\"}}],\"inLanguage\":\"bs-BA\"}]}<\/script>\n<!-- \/ Yoast SEO plugin. -->","yoast_head_json":{"title":"Dje\u010dja polica s 2 kutije za igra\u010dke i knjige - Inti","description":"Pomo\u0107u police mo\u017eete napraviti red u dje\u010djoj sobi. 3 utora za knjige, 5 polica za igra\u010dke i gra\u0111evne blokove, 2 uklonjive kutije za mazne igra\u010dke - pospremanje nikada nije bilo tako zabavno! Zaobljeni kutovi \u0161tite va\u0161u djecu od neugodnih udaraca. Uklju\u010dena je i za\u0161tita od vrha kako bi dje\u010dja polica bila sigurno pri\u010dvr\u0161\u0107ena. Tako da mo\u017eete biti mirni kada djeca u\u017eivaju u \u010ditanju i igri. Provedite manje vremena na postavljanje, a vi\u0161e vremena sa svojom djecom! Igra\u010dka i polica za knjige dolaze s jasno ozna\u010denim dijelovima i ilustriranim uputama, \u0161to \u010dini sastavljanje brzim i lakim. Zahvaljuju\u0107i visokokvalitetnom furniranom iveralu, igra\u010dka i polica za djecu stabilna je i izdr\u017eljiva. Glatka povr\u0161ina je jednostavna za \u010di\u0161\u0107enje i laka za ruke - prakti\u010dan izbor za zaposlene roditelje. Polica za knjige za igra\u010dke nije prikladna samo za dje\u010dju sobu. Bilo u igraonici, spava\u0107oj sobi, dnevnom boravku ili hodniku, savr\u0161eno se uklapa i mo\u017ee uredno pohraniti stvari mali\u0161ana.\u00a0","robots":{"index":"index","follow":"follow","max-snippet":"max-snippet:-1","max-image-preview":"max-image-preview:large","max-video-preview":"max-video-preview:-1"},"canonical":"https:\/\/inti.hr\/bs\/proizvod\/djecja-polica-s-2-kutije-za-igracke-i-knjige\/","og_locale":"bs_BA","og_type":"article","og_title":"Dje\u010dja polica s 2 kutije za igra\u010dke i knjige - Inti","og_description":"Pomo\u0107u police mo\u017eete napraviti red u dje\u010djoj sobi. 3 utora za knjige, 5 polica za igra\u010dke i gra\u0111evne blokove, 2 uklonjive kutije za mazne igra\u010dke - pospremanje nikada nije bilo tako zabavno! Zaobljeni kutovi \u0161tite va\u0161u djecu od neugodnih udaraca. Uklju\u010dena je i za\u0161tita od vrha kako bi dje\u010dja polica bila sigurno pri\u010dvr\u0161\u0107ena. Tako da mo\u017eete biti mirni kada djeca u\u017eivaju u \u010ditanju i igri. Provedite manje vremena na postavljanje, a vi\u0161e vremena sa svojom djecom! Igra\u010dka i polica za knjige dolaze s jasno ozna\u010denim dijelovima i ilustriranim uputama, \u0161to \u010dini sastavljanje brzim i lakim. Zahvaljuju\u0107i visokokvalitetnom furniranom iveralu, igra\u010dka i polica za djecu stabilna je i izdr\u017eljiva. Glatka povr\u0161ina je jednostavna za \u010di\u0161\u0107enje i laka za ruke - prakti\u010dan izbor za zaposlene roditelje. Polica za knjige za igra\u010dke nije prikladna samo za dje\u010dju sobu. Bilo u igraonici, spava\u0107oj sobi, dnevnom boravku ili hodniku, savr\u0161eno se uklapa i mo\u017ee uredno pohraniti stvari mali\u0161ana.\u00a0","og_url":"https:\/\/inti.hr\/bs\/proizvod\/djecja-polica-s-2-kutije-za-igracke-i-knjige\/","og_site_name":"Inti","og_image":[{"width":800,"height":1000,"url":"https:\/\/i0.wp.com\/inti.hr\/wp-content\/uploads\/2024\/02\/GKR042G01-2.jpg?fit=800%2C1000&ssl=1","type":"image\/jpeg"}],"twitter_card":"summary_large_image","schema":{"@context":"https:\/\/schema.org","@graph":[{"@type":"WebPage","@id":"https:\/\/inti.hr\/bs\/proizvod\/djecja-polica-s-2-kutije-za-igracke-i-knjige\/","url":"https:\/\/inti.hr\/bs\/proizvod\/djecja-polica-s-2-kutije-za-igracke-i-knjige\/","name":"Dje\u010dja polica s 2 kutije za igra\u010dke i knjige - Inti","isPartOf":{"@id":"https:\/\/inti.hr\/bs\/#website"},"primaryImageOfPage":{"@id":"https:\/\/inti.hr\/bs\/proizvod\/djecja-polica-s-2-kutije-za-igracke-i-knjige\/#primaryimage"},"image":{"@id":"https:\/\/inti.hr\/bs\/proizvod\/djecja-polica-s-2-kutije-za-igracke-i-knjige\/#primaryimage"},"thumbnailUrl":"https:\/\/i0.wp.com\/inti.hr\/wp-content\/uploads\/2024\/02\/GKR042G01-2.jpg?fit=800%2C1000&ssl=1","datePublished":"2024-02-29T17:38:54+00:00","dateModified":"2024-02-29T17:38:54+00:00","description":"Pomo\u0107u police mo\u017eete napraviti red u dje\u010djoj sobi. 3 utora za knjige, 5 polica za igra\u010dke i gra\u0111evne blokove, 2 uklonjive kutije za mazne igra\u010dke - pospremanje nikada nije bilo tako zabavno! Zaobljeni kutovi \u0161tite va\u0161u djecu od neugodnih udaraca. Uklju\u010dena je i za\u0161tita od vrha kako bi dje\u010dja polica bila sigurno pri\u010dvr\u0161\u0107ena. Tako da mo\u017eete biti mirni kada djeca u\u017eivaju u \u010ditanju i igri. Provedite manje vremena na postavljanje, a vi\u0161e vremena sa svojom djecom! Igra\u010dka i polica za knjige dolaze s jasno ozna\u010denim dijelovima i ilustriranim uputama, \u0161to \u010dini sastavljanje brzim i lakim. Zahvaljuju\u0107i visokokvalitetnom furniranom iveralu, igra\u010dka i polica za djecu stabilna je i izdr\u017eljiva. Glatka povr\u0161ina je jednostavna za \u010di\u0161\u0107enje i laka za ruke - prakti\u010dan izbor za zaposlene roditelje. Polica za knjige za igra\u010dke nije prikladna samo za dje\u010dju sobu. Bilo u igraonici, spava\u0107oj sobi, dnevnom boravku ili hodniku, savr\u0161eno se uklapa i mo\u017ee uredno pohraniti stvari mali\u0161ana.\u00a0","breadcrumb":{"@id":"https:\/\/inti.hr\/bs\/proizvod\/djecja-polica-s-2-kutije-za-igracke-i-knjige\/#breadcrumb"},"inLanguage":"bs-BA","potentialAction":[{"@type":"ReadAction","target":["https:\/\/inti.hr\/bs\/proizvod\/djecja-polica-s-2-kutije-za-igracke-i-knjige\/"]}]},{"@type":"ImageObject","inLanguage":"bs-BA","@id":"https:\/\/inti.hr\/bs\/proizvod\/djecja-polica-s-2-kutije-za-igracke-i-knjige\/#primaryimage","url":"https:\/\/i0.wp.com\/inti.hr\/wp-content\/uploads\/2024\/02\/GKR042G01-2.jpg?fit=800%2C1000&ssl=1","contentUrl":"https:\/\/i0.wp.com\/inti.hr\/wp-content\/uploads\/2024\/02\/GKR042G01-2.jpg?fit=800%2C1000&ssl=1","width":800,"height":1000,"caption":"Dje\u010dja polica s 2 kutije za igra\u010dke i knjige"},{"@type":"BreadcrumbList","@id":"https:\/\/inti.hr\/bs\/proizvod\/djecja-polica-s-2-kutije-za-igracke-i-knjige\/#breadcrumb","itemListElement":[{"@type":"ListItem","position":1,"name":"Po\u010detna stranica","item":"https:\/\/inti.hr\/bs\/"},{"@type":"ListItem","position":2,"name":"Trgovina","item":"https:\/\/inti.hr\/bs\/trgovina\/"},{"@type":"ListItem","position":3,"name":"Dje\u010dja polica s 2 kutije za igra\u010dke i knjige"}]},{"@type":"WebSite","@id":"https:\/\/inti.hr\/bs\/#website","url":"https:\/\/inti.hr\/bs\/","name":"Inti","description":"trgovina","potentialAction":[{"@type":"SearchAction","target":{"@type":"EntryPoint","urlTemplate":"https:\/\/inti.hr\/bs\/?s={search_term_string}"},"query-input":{"@type":"PropertyValueSpecification","valueRequired":true,"valueName":"search_term_string"}}],"inLanguage":"bs-BA"}]}},"jetpack_sharing_enabled":true,"jetpack-related-posts":[],"_links":{"self":[{"href":"https:\/\/inti.hr\/bs\/wp-json\/wp\/v2\/product\/32635"}],"collection":[{"href":"https:\/\/inti.hr\/bs\/wp-json\/wp\/v2\/product"}],"about":[{"href":"https:\/\/inti.hr\/bs\/wp-json\/wp\/v2\/types\/product"}],"wp:featuredmedia":[{"embeddable":true,"href":"https:\/\/inti.hr\/bs\/wp-json\/wp\/v2\/media\/32636"}],"wp:attachment":[{"href":"https:\/\/inti.hr\/bs\/wp-json\/wp\/v2\/media?parent=32635"}],"wp:term":[{"taxonomy":"product_cat","embeddable":true,"href":"https:\/\/inti.hr\/bs\/wp-json\/wp\/v2\/product_cat?post=32635"},{"taxonomy":"product_tag","embeddable":true,"href":"https:\/\/inti.hr\/bs\/wp-json\/wp\/v2\/product_tag?post=32635"}],"curies":[{"name":"wp","href":"https:\/\/api.w.org\/{rel}","templated":true}]}}