{"id":32661,"date":"2024-02-29T17:44:29","date_gmt":"2024-02-29T16:44:29","guid":{"rendered":"https:\/\/inti.hr\/product\/uski-kupaonski-ormaric-s-ladicama\/"},"modified":"2024-02-29T17:44:29","modified_gmt":"2024-02-29T16:44:29","slug":"uski-kupaonski-ormaric-s-ladicama","status":"publish","type":"product","link":"https:\/\/inti.hr\/bs\/proizvod\/uski-kupaonski-ormaric-s-ladicama\/","title":{"rendered":"Uski kupaonski ormari\u0107 s ladicama"},"content":{"rendered":"<p>Detalji proizvoda:<\/p>\n<p>Boja: golubije siva<br \/>\nMaterijal: MDF (vlaknasta plo\u010da srednje gusto\u0107e)<br \/>\nVeli\u010dina: 40 x 18 x 70 cm (D x \u0160 x V)<br \/>\nTe\u017eina: 8,6 kg<br \/>\nMaksimalna ukupna stati\u010dka nosivost: 10 kg<\/p>\n","protected":false},"excerpt":{"rendered":"<p>Donja ladica ima unutra 2 police &#8211; gornja za toaletni papir, &#8230; <\/p>\n","protected":false},"featured_media":32662,"template":"","meta":[],"product_cat":[2392],"product_tag":[3430,3431],"yoast_head":"<!-- This site is optimized with the Yoast SEO plugin v23.7 - https:\/\/yoast.com\/wordpress\/plugins\/seo\/ -->\n<title>Uski kupaonski ormari\u0107 s ladicama - Inti<\/title>\n<meta name=\"description\" content=\"Donja ladica ima unutra 2 police - gornja za toaletni papir, donja za posu\u0111e; gornja ladica je pogodna za male predmete; Va\u0161 mobitel mo\u017eete staviti na dohvat ruke na gornjoj razini police. Ovaj ormari\u0107 za pohranu 40 x 18 x 70 cm stane u ni\u0161u izme\u0111u WC \u0161koljke i zida u kupaonici ili izme\u0111u ormari\u0107a u kuhinji kako bi se stvorio dodatni prostor za pohranu. Zahvaljuju\u0107i jasnim uputama i ozna\u010denim dijelovima, ovaj mali kupaonski ormari\u0107 mo\u017ee se sastaviti u tren oka. Donja ladica kupaonskog ormari\u0107a opremljena je kota\u010di\u0107ima i glatko se izvla\u010di za lak\u0161i pristup \u017eeljenim predmetima. Plo\u010da na dnu sprje\u010dava ispadanje donje ladice. Ormari\u0107 u ni\u0161i izra\u0111en je od visokokvalitetnog MDF-a te je \u010dvrst i izdr\u017eljiv. Uklju\u010dena za\u0161tita od prevrtanja sprje\u010dava prevrtanje uskog ormari\u0107a i osigurava sigurno okru\u017eenje - pouzdan vi\u0161enamjenski ormari\u0107!\" \/>\n<meta name=\"robots\" content=\"index, follow, max-snippet:-1, max-image-preview:large, max-video-preview:-1\" \/>\n<link rel=\"canonical\" href=\"https:\/\/inti.hr\/bs\/proizvod\/uski-kupaonski-ormaric-s-ladicama\/\" \/>\n<meta property=\"og:locale\" content=\"bs_BA\" \/>\n<meta property=\"og:type\" content=\"article\" \/>\n<meta property=\"og:title\" content=\"Uski kupaonski ormari\u0107 s ladicama - Inti\" \/>\n<meta property=\"og:description\" content=\"Donja ladica ima unutra 2 police - gornja za toaletni papir, donja za posu\u0111e; gornja ladica je pogodna za male predmete; Va\u0161 mobitel mo\u017eete staviti na dohvat ruke na gornjoj razini police. Ovaj ormari\u0107 za pohranu 40 x 18 x 70 cm stane u ni\u0161u izme\u0111u WC \u0161koljke i zida u kupaonici ili izme\u0111u ormari\u0107a u kuhinji kako bi se stvorio dodatni prostor za pohranu. Zahvaljuju\u0107i jasnim uputama i ozna\u010denim dijelovima, ovaj mali kupaonski ormari\u0107 mo\u017ee se sastaviti u tren oka. Donja ladica kupaonskog ormari\u0107a opremljena je kota\u010di\u0107ima i glatko se izvla\u010di za lak\u0161i pristup \u017eeljenim predmetima. Plo\u010da na dnu sprje\u010dava ispadanje donje ladice. Ormari\u0107 u ni\u0161i izra\u0111en je od visokokvalitetnog MDF-a te je \u010dvrst i izdr\u017eljiv. Uklju\u010dena za\u0161tita od prevrtanja sprje\u010dava prevrtanje uskog ormari\u0107a i osigurava sigurno okru\u017eenje - pouzdan vi\u0161enamjenski ormari\u0107!\" \/>\n<meta property=\"og:url\" content=\"https:\/\/inti.hr\/bs\/proizvod\/uski-kupaonski-ormaric-s-ladicama\/\" \/>\n<meta property=\"og:site_name\" content=\"Inti\" \/>\n<meta property=\"og:image\" content=\"https:\/\/i0.wp.com\/inti.hr\/wp-content\/uploads\/2024\/02\/BBC847G02-2-e1709224879976.jpg?fit=800%2C868&ssl=1\" \/>\n\t<meta property=\"og:image:width\" content=\"800\" \/>\n\t<meta property=\"og:image:height\" content=\"868\" \/>\n\t<meta property=\"og:image:type\" content=\"image\/jpeg\" \/>\n<meta name=\"twitter:card\" content=\"summary_large_image\" \/>\n<script type=\"application\/ld+json\" class=\"yoast-schema-graph\">{\"@context\":\"https:\/\/schema.org\",\"@graph\":[{\"@type\":\"WebPage\",\"@id\":\"https:\/\/inti.hr\/bs\/proizvod\/uski-kupaonski-ormaric-s-ladicama\/\",\"url\":\"https:\/\/inti.hr\/bs\/proizvod\/uski-kupaonski-ormaric-s-ladicama\/\",\"name\":\"Uski kupaonski ormari\u0107 s ladicama - Inti\",\"isPartOf\":{\"@id\":\"https:\/\/inti.hr\/bs\/#website\"},\"primaryImageOfPage\":{\"@id\":\"https:\/\/inti.hr\/bs\/proizvod\/uski-kupaonski-ormaric-s-ladicama\/#primaryimage\"},\"image\":{\"@id\":\"https:\/\/inti.hr\/bs\/proizvod\/uski-kupaonski-ormaric-s-ladicama\/#primaryimage\"},\"thumbnailUrl\":\"https:\/\/i0.wp.com\/inti.hr\/wp-content\/uploads\/2024\/02\/BBC847G02-2-e1709224879976.jpg?fit=800%2C868&ssl=1\",\"datePublished\":\"2024-02-29T16:44:29+00:00\",\"dateModified\":\"2024-02-29T16:44:29+00:00\",\"description\":\"Donja ladica ima unutra 2 police - gornja za toaletni papir, donja za posu\u0111e; gornja ladica je pogodna za male predmete; Va\u0161 mobitel mo\u017eete staviti na dohvat ruke na gornjoj razini police. Ovaj ormari\u0107 za pohranu 40 x 18 x 70 cm stane u ni\u0161u izme\u0111u WC \u0161koljke i zida u kupaonici ili izme\u0111u ormari\u0107a u kuhinji kako bi se stvorio dodatni prostor za pohranu. Zahvaljuju\u0107i jasnim uputama i ozna\u010denim dijelovima, ovaj mali kupaonski ormari\u0107 mo\u017ee se sastaviti u tren oka. Donja ladica kupaonskog ormari\u0107a opremljena je kota\u010di\u0107ima i glatko se izvla\u010di za lak\u0161i pristup \u017eeljenim predmetima. Plo\u010da na dnu sprje\u010dava ispadanje donje ladice. Ormari\u0107 u ni\u0161i izra\u0111en je od visokokvalitetnog MDF-a te je \u010dvrst i izdr\u017eljiv. Uklju\u010dena za\u0161tita od prevrtanja sprje\u010dava prevrtanje uskog ormari\u0107a i osigurava sigurno okru\u017eenje - pouzdan vi\u0161enamjenski ormari\u0107!\",\"breadcrumb\":{\"@id\":\"https:\/\/inti.hr\/bs\/proizvod\/uski-kupaonski-ormaric-s-ladicama\/#breadcrumb\"},\"inLanguage\":\"bs-BA\",\"potentialAction\":[{\"@type\":\"ReadAction\",\"target\":[\"https:\/\/inti.hr\/bs\/proizvod\/uski-kupaonski-ormaric-s-ladicama\/\"]}]},{\"@type\":\"ImageObject\",\"inLanguage\":\"bs-BA\",\"@id\":\"https:\/\/inti.hr\/bs\/proizvod\/uski-kupaonski-ormaric-s-ladicama\/#primaryimage\",\"url\":\"https:\/\/i0.wp.com\/inti.hr\/wp-content\/uploads\/2024\/02\/BBC847G02-2-e1709224879976.jpg?fit=800%2C868&ssl=1\",\"contentUrl\":\"https:\/\/i0.wp.com\/inti.hr\/wp-content\/uploads\/2024\/02\/BBC847G02-2-e1709224879976.jpg?fit=800%2C868&ssl=1\",\"width\":800,\"height\":868},{\"@type\":\"BreadcrumbList\",\"@id\":\"https:\/\/inti.hr\/bs\/proizvod\/uski-kupaonski-ormaric-s-ladicama\/#breadcrumb\",\"itemListElement\":[{\"@type\":\"ListItem\",\"position\":1,\"name\":\"Po\u010detna stranica\",\"item\":\"https:\/\/inti.hr\/bs\/\"},{\"@type\":\"ListItem\",\"position\":2,\"name\":\"Trgovina\",\"item\":\"https:\/\/inti.hr\/bs\/trgovina\/\"},{\"@type\":\"ListItem\",\"position\":3,\"name\":\"Uski kupaonski ormari\u0107 s ladicama\"}]},{\"@type\":\"WebSite\",\"@id\":\"https:\/\/inti.hr\/bs\/#website\",\"url\":\"https:\/\/inti.hr\/bs\/\",\"name\":\"Inti\",\"description\":\"trgovina\",\"potentialAction\":[{\"@type\":\"SearchAction\",\"target\":{\"@type\":\"EntryPoint\",\"urlTemplate\":\"https:\/\/inti.hr\/bs\/?s={search_term_string}\"},\"query-input\":{\"@type\":\"PropertyValueSpecification\",\"valueRequired\":true,\"valueName\":\"search_term_string\"}}],\"inLanguage\":\"bs-BA\"}]}<\/script>\n<!-- \/ Yoast SEO plugin. -->","yoast_head_json":{"title":"Uski kupaonski ormari\u0107 s ladicama - Inti","description":"Donja ladica ima unutra 2 police - gornja za toaletni papir, donja za posu\u0111e; gornja ladica je pogodna za male predmete; Va\u0161 mobitel mo\u017eete staviti na dohvat ruke na gornjoj razini police. Ovaj ormari\u0107 za pohranu 40 x 18 x 70 cm stane u ni\u0161u izme\u0111u WC \u0161koljke i zida u kupaonici ili izme\u0111u ormari\u0107a u kuhinji kako bi se stvorio dodatni prostor za pohranu. Zahvaljuju\u0107i jasnim uputama i ozna\u010denim dijelovima, ovaj mali kupaonski ormari\u0107 mo\u017ee se sastaviti u tren oka. Donja ladica kupaonskog ormari\u0107a opremljena je kota\u010di\u0107ima i glatko se izvla\u010di za lak\u0161i pristup \u017eeljenim predmetima. Plo\u010da na dnu sprje\u010dava ispadanje donje ladice. Ormari\u0107 u ni\u0161i izra\u0111en je od visokokvalitetnog MDF-a te je \u010dvrst i izdr\u017eljiv. Uklju\u010dena za\u0161tita od prevrtanja sprje\u010dava prevrtanje uskog ormari\u0107a i osigurava sigurno okru\u017eenje - pouzdan vi\u0161enamjenski ormari\u0107!","robots":{"index":"index","follow":"follow","max-snippet":"max-snippet:-1","max-image-preview":"max-image-preview:large","max-video-preview":"max-video-preview:-1"},"canonical":"https:\/\/inti.hr\/bs\/proizvod\/uski-kupaonski-ormaric-s-ladicama\/","og_locale":"bs_BA","og_type":"article","og_title":"Uski kupaonski ormari\u0107 s ladicama - Inti","og_description":"Donja ladica ima unutra 2 police - gornja za toaletni papir, donja za posu\u0111e; gornja ladica je pogodna za male predmete; Va\u0161 mobitel mo\u017eete staviti na dohvat ruke na gornjoj razini police. Ovaj ormari\u0107 za pohranu 40 x 18 x 70 cm stane u ni\u0161u izme\u0111u WC \u0161koljke i zida u kupaonici ili izme\u0111u ormari\u0107a u kuhinji kako bi se stvorio dodatni prostor za pohranu. Zahvaljuju\u0107i jasnim uputama i ozna\u010denim dijelovima, ovaj mali kupaonski ormari\u0107 mo\u017ee se sastaviti u tren oka. Donja ladica kupaonskog ormari\u0107a opremljena je kota\u010di\u0107ima i glatko se izvla\u010di za lak\u0161i pristup \u017eeljenim predmetima. Plo\u010da na dnu sprje\u010dava ispadanje donje ladice. Ormari\u0107 u ni\u0161i izra\u0111en je od visokokvalitetnog MDF-a te je \u010dvrst i izdr\u017eljiv. Uklju\u010dena za\u0161tita od prevrtanja sprje\u010dava prevrtanje uskog ormari\u0107a i osigurava sigurno okru\u017eenje - pouzdan vi\u0161enamjenski ormari\u0107!","og_url":"https:\/\/inti.hr\/bs\/proizvod\/uski-kupaonski-ormaric-s-ladicama\/","og_site_name":"Inti","og_image":[{"width":800,"height":868,"url":"https:\/\/i0.wp.com\/inti.hr\/wp-content\/uploads\/2024\/02\/BBC847G02-2-e1709224879976.jpg?fit=800%2C868&ssl=1","type":"image\/jpeg"}],"twitter_card":"summary_large_image","schema":{"@context":"https:\/\/schema.org","@graph":[{"@type":"WebPage","@id":"https:\/\/inti.hr\/bs\/proizvod\/uski-kupaonski-ormaric-s-ladicama\/","url":"https:\/\/inti.hr\/bs\/proizvod\/uski-kupaonski-ormaric-s-ladicama\/","name":"Uski kupaonski ormari\u0107 s ladicama - Inti","isPartOf":{"@id":"https:\/\/inti.hr\/bs\/#website"},"primaryImageOfPage":{"@id":"https:\/\/inti.hr\/bs\/proizvod\/uski-kupaonski-ormaric-s-ladicama\/#primaryimage"},"image":{"@id":"https:\/\/inti.hr\/bs\/proizvod\/uski-kupaonski-ormaric-s-ladicama\/#primaryimage"},"thumbnailUrl":"https:\/\/i0.wp.com\/inti.hr\/wp-content\/uploads\/2024\/02\/BBC847G02-2-e1709224879976.jpg?fit=800%2C868&ssl=1","datePublished":"2024-02-29T16:44:29+00:00","dateModified":"2024-02-29T16:44:29+00:00","description":"Donja ladica ima unutra 2 police - gornja za toaletni papir, donja za posu\u0111e; gornja ladica je pogodna za male predmete; Va\u0161 mobitel mo\u017eete staviti na dohvat ruke na gornjoj razini police. Ovaj ormari\u0107 za pohranu 40 x 18 x 70 cm stane u ni\u0161u izme\u0111u WC \u0161koljke i zida u kupaonici ili izme\u0111u ormari\u0107a u kuhinji kako bi se stvorio dodatni prostor za pohranu. Zahvaljuju\u0107i jasnim uputama i ozna\u010denim dijelovima, ovaj mali kupaonski ormari\u0107 mo\u017ee se sastaviti u tren oka. Donja ladica kupaonskog ormari\u0107a opremljena je kota\u010di\u0107ima i glatko se izvla\u010di za lak\u0161i pristup \u017eeljenim predmetima. Plo\u010da na dnu sprje\u010dava ispadanje donje ladice. Ormari\u0107 u ni\u0161i izra\u0111en je od visokokvalitetnog MDF-a te je \u010dvrst i izdr\u017eljiv. Uklju\u010dena za\u0161tita od prevrtanja sprje\u010dava prevrtanje uskog ormari\u0107a i osigurava sigurno okru\u017eenje - pouzdan vi\u0161enamjenski ormari\u0107!","breadcrumb":{"@id":"https:\/\/inti.hr\/bs\/proizvod\/uski-kupaonski-ormaric-s-ladicama\/#breadcrumb"},"inLanguage":"bs-BA","potentialAction":[{"@type":"ReadAction","target":["https:\/\/inti.hr\/bs\/proizvod\/uski-kupaonski-ormaric-s-ladicama\/"]}]},{"@type":"ImageObject","inLanguage":"bs-BA","@id":"https:\/\/inti.hr\/bs\/proizvod\/uski-kupaonski-ormaric-s-ladicama\/#primaryimage","url":"https:\/\/i0.wp.com\/inti.hr\/wp-content\/uploads\/2024\/02\/BBC847G02-2-e1709224879976.jpg?fit=800%2C868&ssl=1","contentUrl":"https:\/\/i0.wp.com\/inti.hr\/wp-content\/uploads\/2024\/02\/BBC847G02-2-e1709224879976.jpg?fit=800%2C868&ssl=1","width":800,"height":868},{"@type":"BreadcrumbList","@id":"https:\/\/inti.hr\/bs\/proizvod\/uski-kupaonski-ormaric-s-ladicama\/#breadcrumb","itemListElement":[{"@type":"ListItem","position":1,"name":"Po\u010detna stranica","item":"https:\/\/inti.hr\/bs\/"},{"@type":"ListItem","position":2,"name":"Trgovina","item":"https:\/\/inti.hr\/bs\/trgovina\/"},{"@type":"ListItem","position":3,"name":"Uski kupaonski ormari\u0107 s ladicama"}]},{"@type":"WebSite","@id":"https:\/\/inti.hr\/bs\/#website","url":"https:\/\/inti.hr\/bs\/","name":"Inti","description":"trgovina","potentialAction":[{"@type":"SearchAction","target":{"@type":"EntryPoint","urlTemplate":"https:\/\/inti.hr\/bs\/?s={search_term_string}"},"query-input":{"@type":"PropertyValueSpecification","valueRequired":true,"valueName":"search_term_string"}}],"inLanguage":"bs-BA"}]}},"jetpack_sharing_enabled":true,"jetpack-related-posts":[],"_links":{"self":[{"href":"https:\/\/inti.hr\/bs\/wp-json\/wp\/v2\/product\/32661"}],"collection":[{"href":"https:\/\/inti.hr\/bs\/wp-json\/wp\/v2\/product"}],"about":[{"href":"https:\/\/inti.hr\/bs\/wp-json\/wp\/v2\/types\/product"}],"wp:featuredmedia":[{"embeddable":true,"href":"https:\/\/inti.hr\/bs\/wp-json\/wp\/v2\/media\/32662"}],"wp:attachment":[{"href":"https:\/\/inti.hr\/bs\/wp-json\/wp\/v2\/media?parent=32661"}],"wp:term":[{"taxonomy":"product_cat","embeddable":true,"href":"https:\/\/inti.hr\/bs\/wp-json\/wp\/v2\/product_cat?post=32661"},{"taxonomy":"product_tag","embeddable":true,"href":"https:\/\/inti.hr\/bs\/wp-json\/wp\/v2\/product_tag?post=32661"}],"curies":[{"name":"wp","href":"https:\/\/api.w.org\/{rel}","templated":true}]}}