{"id":32685,"date":"2024-02-29T15:43:23","date_gmt":"2024-02-29T14:43:23","guid":{"rendered":"https:\/\/inti.hr\/product\/ormar-puumala-180x80x45cm-ormar-za-pohranu-odjece\/"},"modified":"2024-02-29T15:43:23","modified_gmt":"2024-02-29T14:43:23","slug":"ormar-puumala-180x80x45cm-ormar-za-pohranu-odjece","status":"publish","type":"product","link":"https:\/\/inti.hr\/bs\/proizvod\/ormar-puumala-180x80x45cm-ormar-za-pohranu-odjece\/","title":{"rendered":"Ormar Puumala 180x80x45cm"},"content":{"rendered":"<p>Detalji proizvoda:<\/p>\n<p>&#8211; Bezvremenski ormar s zra\u010dno propusnim vratima ormari\u0107a<br \/>\n&#8211; Bogate mogu\u0107nosti pohranjivanja odje\u0107e i modnih dodataka<br \/>\n&#8211; Prakti\u010dna \u0161ipka za odje\u0107u za vje\u0161anje va\u0161ih jakni, kaputa i ko\u0161ulja<br \/>\n&#8211; \u010cetiri pretinca za pohranu unutar ormari\u0107a za dodatni prostor za pohranu<br \/>\n&#8211; Donja polica za cipele, torbe ili ruksake<br \/>\n&#8211; Uklapa se u razli\u010dite stilove interijera<br \/>\n&#8211; Br\u017ea i jednostavna konstrukcija<br \/>\n&#8211; Povr\u0161ina koja se lako odr\u017eava<br \/>\n&#8211; Stabilno postolje zahvaljuju\u0107i 4 noge<\/p>\n<p><b>Materijal:<\/b><\/p>\n<p>metal<\/p>\n<p><b>Dimenzije:<\/b><\/p>\n<p>&#8211; Ukupno (Vx\u0160xD): 180 x 80 x 45 cm<br \/>\n&#8211; Unutarnji pretinac za odlaganje (Vx\u0160xD): 39 x 37 x 40,5 cm svaki<br \/>\n&#8211; Duljina pre\u010dke ormara: 37 cm<br \/>\n&#8211; Visina stopala: 15 cm<\/p>\n","protected":false},"excerpt":{"rendered":"<p>Moderan i elegantan ormar savr\u0161eno je rje\u0161enje za pohranu va\u0161e odje\u0107e &#8230; <\/p>\n","protected":false},"featured_media":32686,"template":"","meta":[],"product_cat":[2632],"product_tag":[2633,3444],"yoast_head":"<!-- This site is optimized with the Yoast SEO plugin v23.7 - https:\/\/yoast.com\/wordpress\/plugins\/seo\/ -->\n<title>Ormar Puumala 180x80x45cm - Inti<\/title>\n<meta name=\"description\" content=\"Moderan i elegantan ormar savr\u0161eno je rje\u0161enje za pohranu va\u0161e odje\u0107e i modnih dodataka. Svojim bezvremenskim dizajnom lako se uklapa u razli\u010dite stilove interijera i stvara organiziranu i elegantnu atmosferu u va\u0161oj spava\u0107oj ili garderobnoj sobi.Povr\u0161ine ormara lako se \u010diste i odr\u017eavaju, \u0161to osigurava da uvijek izgleda besprijekorno. Zahvaljuju\u0107i detaljnim uputama i prilo\u017eenom materijalu za monta\u017eu, sastavljanje ormari\u0107a je jednostavno i bez stresa Ormar ima vrata i prostran prostor za vje\u0161anje sa \u0161ipkom za odje\u0107u, idealan za jakne, kapute i ko\u0161ulje. Osim toga, donja polica nudi dodatni prostor za pohranu koji se mo\u017ee koristiti za primjerice cipele, torbe ili ruksake. Unutar ormara nalaze se \u010detiri pretinca za pohranu koji su savr\u0161eni za majice, \u010darape i druge odjevne predmete. Ovo vam nudi organizirano i organizirano skladi\u0161tenje.Prednja strana vrata s rupama osigurava dobru cirkulaciju zraka, \u0161to omogu\u0107ava zra\u010dno skladi\u0161tenje i time osigurava svje\u017einu odje\u0107e.\" \/>\n<meta name=\"robots\" content=\"index, follow, max-snippet:-1, max-image-preview:large, max-video-preview:-1\" \/>\n<link rel=\"canonical\" href=\"https:\/\/inti.hr\/bs\/proizvod\/ormar-puumala-180x80x45cm-ormar-za-pohranu-odjece\/\" \/>\n<meta property=\"og:locale\" content=\"bs_BA\" \/>\n<meta property=\"og:type\" content=\"article\" \/>\n<meta property=\"og:title\" content=\"Ormar Puumala 180x80x45cm - Inti\" \/>\n<meta property=\"og:description\" content=\"Moderan i elegantan ormar savr\u0161eno je rje\u0161enje za pohranu va\u0161e odje\u0107e i modnih dodataka. Svojim bezvremenskim dizajnom lako se uklapa u razli\u010dite stilove interijera i stvara organiziranu i elegantnu atmosferu u va\u0161oj spava\u0107oj ili garderobnoj sobi.Povr\u0161ine ormara lako se \u010diste i odr\u017eavaju, \u0161to osigurava da uvijek izgleda besprijekorno. Zahvaljuju\u0107i detaljnim uputama i prilo\u017eenom materijalu za monta\u017eu, sastavljanje ormari\u0107a je jednostavno i bez stresa Ormar ima vrata i prostran prostor za vje\u0161anje sa \u0161ipkom za odje\u0107u, idealan za jakne, kapute i ko\u0161ulje. Osim toga, donja polica nudi dodatni prostor za pohranu koji se mo\u017ee koristiti za primjerice cipele, torbe ili ruksake. Unutar ormara nalaze se \u010detiri pretinca za pohranu koji su savr\u0161eni za majice, \u010darape i druge odjevne predmete. Ovo vam nudi organizirano i organizirano skladi\u0161tenje.Prednja strana vrata s rupama osigurava dobru cirkulaciju zraka, \u0161to omogu\u0107ava zra\u010dno skladi\u0161tenje i time osigurava svje\u017einu odje\u0107e.\" \/>\n<meta property=\"og:url\" content=\"https:\/\/inti.hr\/bs\/proizvod\/ormar-puumala-180x80x45cm-ormar-za-pohranu-odjece\/\" \/>\n<meta property=\"og:site_name\" content=\"Inti\" \/>\n<meta property=\"og:image\" content=\"https:\/\/i0.wp.com\/inti.hr\/wp-content\/uploads\/2024\/02\/b12c507bc72bd7f36a87aa16a970882d.jpg?fit=1400%2C1400&ssl=1\" \/>\n\t<meta property=\"og:image:width\" content=\"1400\" \/>\n\t<meta property=\"og:image:height\" content=\"1400\" \/>\n\t<meta property=\"og:image:type\" content=\"image\/jpeg\" \/>\n<meta name=\"twitter:card\" content=\"summary_large_image\" \/>\n<meta name=\"twitter:label1\" content=\"Est. reading time\" \/>\n\t<meta name=\"twitter:data1\" content=\"1 minuta\" \/>\n<script type=\"application\/ld+json\" class=\"yoast-schema-graph\">{\"@context\":\"https:\/\/schema.org\",\"@graph\":[{\"@type\":\"WebPage\",\"@id\":\"https:\/\/inti.hr\/bs\/proizvod\/ormar-puumala-180x80x45cm-ormar-za-pohranu-odjece\/\",\"url\":\"https:\/\/inti.hr\/bs\/proizvod\/ormar-puumala-180x80x45cm-ormar-za-pohranu-odjece\/\",\"name\":\"Ormar Puumala 180x80x45cm - Inti\",\"isPartOf\":{\"@id\":\"https:\/\/inti.hr\/bs\/#website\"},\"primaryImageOfPage\":{\"@id\":\"https:\/\/inti.hr\/bs\/proizvod\/ormar-puumala-180x80x45cm-ormar-za-pohranu-odjece\/#primaryimage\"},\"image\":{\"@id\":\"https:\/\/inti.hr\/bs\/proizvod\/ormar-puumala-180x80x45cm-ormar-za-pohranu-odjece\/#primaryimage\"},\"thumbnailUrl\":\"https:\/\/i0.wp.com\/inti.hr\/wp-content\/uploads\/2024\/02\/b12c507bc72bd7f36a87aa16a970882d.jpg?fit=1400%2C1400&ssl=1\",\"datePublished\":\"2024-02-29T14:43:23+00:00\",\"dateModified\":\"2024-02-29T14:43:23+00:00\",\"description\":\"Moderan i elegantan ormar savr\u0161eno je rje\u0161enje za pohranu va\u0161e odje\u0107e i modnih dodataka. Svojim bezvremenskim dizajnom lako se uklapa u razli\u010dite stilove interijera i stvara organiziranu i elegantnu atmosferu u va\u0161oj spava\u0107oj ili garderobnoj sobi.Povr\u0161ine ormara lako se \u010diste i odr\u017eavaju, \u0161to osigurava da uvijek izgleda besprijekorno. Zahvaljuju\u0107i detaljnim uputama i prilo\u017eenom materijalu za monta\u017eu, sastavljanje ormari\u0107a je jednostavno i bez stresa Ormar ima vrata i prostran prostor za vje\u0161anje sa \u0161ipkom za odje\u0107u, idealan za jakne, kapute i ko\u0161ulje. Osim toga, donja polica nudi dodatni prostor za pohranu koji se mo\u017ee koristiti za primjerice cipele, torbe ili ruksake. Unutar ormara nalaze se \u010detiri pretinca za pohranu koji su savr\u0161eni za majice, \u010darape i druge odjevne predmete. Ovo vam nudi organizirano i organizirano skladi\u0161tenje.Prednja strana vrata s rupama osigurava dobru cirkulaciju zraka, \u0161to omogu\u0107ava zra\u010dno skladi\u0161tenje i time osigurava svje\u017einu odje\u0107e.\",\"breadcrumb\":{\"@id\":\"https:\/\/inti.hr\/bs\/proizvod\/ormar-puumala-180x80x45cm-ormar-za-pohranu-odjece\/#breadcrumb\"},\"inLanguage\":\"bs-BA\",\"potentialAction\":[{\"@type\":\"ReadAction\",\"target\":[\"https:\/\/inti.hr\/bs\/proizvod\/ormar-puumala-180x80x45cm-ormar-za-pohranu-odjece\/\"]}]},{\"@type\":\"ImageObject\",\"inLanguage\":\"bs-BA\",\"@id\":\"https:\/\/inti.hr\/bs\/proizvod\/ormar-puumala-180x80x45cm-ormar-za-pohranu-odjece\/#primaryimage\",\"url\":\"https:\/\/i0.wp.com\/inti.hr\/wp-content\/uploads\/2024\/02\/b12c507bc72bd7f36a87aa16a970882d.jpg?fit=1400%2C1400&ssl=1\",\"contentUrl\":\"https:\/\/i0.wp.com\/inti.hr\/wp-content\/uploads\/2024\/02\/b12c507bc72bd7f36a87aa16a970882d.jpg?fit=1400%2C1400&ssl=1\",\"width\":1400,\"height\":1400,\"caption\":\"ormar za pohranu odje\u0107e ulaznog prostora\"},{\"@type\":\"BreadcrumbList\",\"@id\":\"https:\/\/inti.hr\/bs\/proizvod\/ormar-puumala-180x80x45cm-ormar-za-pohranu-odjece\/#breadcrumb\",\"itemListElement\":[{\"@type\":\"ListItem\",\"position\":1,\"name\":\"Po\u010detna stranica\",\"item\":\"https:\/\/inti.hr\/bs\/\"},{\"@type\":\"ListItem\",\"position\":2,\"name\":\"Trgovina\",\"item\":\"https:\/\/inti.hr\/bs\/trgovina\/\"},{\"@type\":\"ListItem\",\"position\":3,\"name\":\"Ormar Puumala 180x80x45cm\"}]},{\"@type\":\"WebSite\",\"@id\":\"https:\/\/inti.hr\/bs\/#website\",\"url\":\"https:\/\/inti.hr\/bs\/\",\"name\":\"Inti\",\"description\":\"trgovina\",\"potentialAction\":[{\"@type\":\"SearchAction\",\"target\":{\"@type\":\"EntryPoint\",\"urlTemplate\":\"https:\/\/inti.hr\/bs\/?s={search_term_string}\"},\"query-input\":{\"@type\":\"PropertyValueSpecification\",\"valueRequired\":true,\"valueName\":\"search_term_string\"}}],\"inLanguage\":\"bs-BA\"}]}<\/script>\n<!-- \/ Yoast SEO plugin. -->","yoast_head_json":{"title":"Ormar Puumala 180x80x45cm - Inti","description":"Moderan i elegantan ormar savr\u0161eno je rje\u0161enje za pohranu va\u0161e odje\u0107e i modnih dodataka. Svojim bezvremenskim dizajnom lako se uklapa u razli\u010dite stilove interijera i stvara organiziranu i elegantnu atmosferu u va\u0161oj spava\u0107oj ili garderobnoj sobi.Povr\u0161ine ormara lako se \u010diste i odr\u017eavaju, \u0161to osigurava da uvijek izgleda besprijekorno. Zahvaljuju\u0107i detaljnim uputama i prilo\u017eenom materijalu za monta\u017eu, sastavljanje ormari\u0107a je jednostavno i bez stresa Ormar ima vrata i prostran prostor za vje\u0161anje sa \u0161ipkom za odje\u0107u, idealan za jakne, kapute i ko\u0161ulje. Osim toga, donja polica nudi dodatni prostor za pohranu koji se mo\u017ee koristiti za primjerice cipele, torbe ili ruksake. Unutar ormara nalaze se \u010detiri pretinca za pohranu koji su savr\u0161eni za majice, \u010darape i druge odjevne predmete. Ovo vam nudi organizirano i organizirano skladi\u0161tenje.Prednja strana vrata s rupama osigurava dobru cirkulaciju zraka, \u0161to omogu\u0107ava zra\u010dno skladi\u0161tenje i time osigurava svje\u017einu odje\u0107e.","robots":{"index":"index","follow":"follow","max-snippet":"max-snippet:-1","max-image-preview":"max-image-preview:large","max-video-preview":"max-video-preview:-1"},"canonical":"https:\/\/inti.hr\/bs\/proizvod\/ormar-puumala-180x80x45cm-ormar-za-pohranu-odjece\/","og_locale":"bs_BA","og_type":"article","og_title":"Ormar Puumala 180x80x45cm - Inti","og_description":"Moderan i elegantan ormar savr\u0161eno je rje\u0161enje za pohranu va\u0161e odje\u0107e i modnih dodataka. Svojim bezvremenskim dizajnom lako se uklapa u razli\u010dite stilove interijera i stvara organiziranu i elegantnu atmosferu u va\u0161oj spava\u0107oj ili garderobnoj sobi.Povr\u0161ine ormara lako se \u010diste i odr\u017eavaju, \u0161to osigurava da uvijek izgleda besprijekorno. Zahvaljuju\u0107i detaljnim uputama i prilo\u017eenom materijalu za monta\u017eu, sastavljanje ormari\u0107a je jednostavno i bez stresa Ormar ima vrata i prostran prostor za vje\u0161anje sa \u0161ipkom za odje\u0107u, idealan za jakne, kapute i ko\u0161ulje. Osim toga, donja polica nudi dodatni prostor za pohranu koji se mo\u017ee koristiti za primjerice cipele, torbe ili ruksake. Unutar ormara nalaze se \u010detiri pretinca za pohranu koji su savr\u0161eni za majice, \u010darape i druge odjevne predmete. Ovo vam nudi organizirano i organizirano skladi\u0161tenje.Prednja strana vrata s rupama osigurava dobru cirkulaciju zraka, \u0161to omogu\u0107ava zra\u010dno skladi\u0161tenje i time osigurava svje\u017einu odje\u0107e.","og_url":"https:\/\/inti.hr\/bs\/proizvod\/ormar-puumala-180x80x45cm-ormar-za-pohranu-odjece\/","og_site_name":"Inti","og_image":[{"width":1400,"height":1400,"url":"https:\/\/i0.wp.com\/inti.hr\/wp-content\/uploads\/2024\/02\/b12c507bc72bd7f36a87aa16a970882d.jpg?fit=1400%2C1400&ssl=1","type":"image\/jpeg"}],"twitter_card":"summary_large_image","twitter_misc":{"Est. reading time":"1 minuta"},"schema":{"@context":"https:\/\/schema.org","@graph":[{"@type":"WebPage","@id":"https:\/\/inti.hr\/bs\/proizvod\/ormar-puumala-180x80x45cm-ormar-za-pohranu-odjece\/","url":"https:\/\/inti.hr\/bs\/proizvod\/ormar-puumala-180x80x45cm-ormar-za-pohranu-odjece\/","name":"Ormar Puumala 180x80x45cm - Inti","isPartOf":{"@id":"https:\/\/inti.hr\/bs\/#website"},"primaryImageOfPage":{"@id":"https:\/\/inti.hr\/bs\/proizvod\/ormar-puumala-180x80x45cm-ormar-za-pohranu-odjece\/#primaryimage"},"image":{"@id":"https:\/\/inti.hr\/bs\/proizvod\/ormar-puumala-180x80x45cm-ormar-za-pohranu-odjece\/#primaryimage"},"thumbnailUrl":"https:\/\/i0.wp.com\/inti.hr\/wp-content\/uploads\/2024\/02\/b12c507bc72bd7f36a87aa16a970882d.jpg?fit=1400%2C1400&ssl=1","datePublished":"2024-02-29T14:43:23+00:00","dateModified":"2024-02-29T14:43:23+00:00","description":"Moderan i elegantan ormar savr\u0161eno je rje\u0161enje za pohranu va\u0161e odje\u0107e i modnih dodataka. Svojim bezvremenskim dizajnom lako se uklapa u razli\u010dite stilove interijera i stvara organiziranu i elegantnu atmosferu u va\u0161oj spava\u0107oj ili garderobnoj sobi.Povr\u0161ine ormara lako se \u010diste i odr\u017eavaju, \u0161to osigurava da uvijek izgleda besprijekorno. Zahvaljuju\u0107i detaljnim uputama i prilo\u017eenom materijalu za monta\u017eu, sastavljanje ormari\u0107a je jednostavno i bez stresa Ormar ima vrata i prostran prostor za vje\u0161anje sa \u0161ipkom za odje\u0107u, idealan za jakne, kapute i ko\u0161ulje. Osim toga, donja polica nudi dodatni prostor za pohranu koji se mo\u017ee koristiti za primjerice cipele, torbe ili ruksake. Unutar ormara nalaze se \u010detiri pretinca za pohranu koji su savr\u0161eni za majice, \u010darape i druge odjevne predmete. Ovo vam nudi organizirano i organizirano skladi\u0161tenje.Prednja strana vrata s rupama osigurava dobru cirkulaciju zraka, \u0161to omogu\u0107ava zra\u010dno skladi\u0161tenje i time osigurava svje\u017einu odje\u0107e.","breadcrumb":{"@id":"https:\/\/inti.hr\/bs\/proizvod\/ormar-puumala-180x80x45cm-ormar-za-pohranu-odjece\/#breadcrumb"},"inLanguage":"bs-BA","potentialAction":[{"@type":"ReadAction","target":["https:\/\/inti.hr\/bs\/proizvod\/ormar-puumala-180x80x45cm-ormar-za-pohranu-odjece\/"]}]},{"@type":"ImageObject","inLanguage":"bs-BA","@id":"https:\/\/inti.hr\/bs\/proizvod\/ormar-puumala-180x80x45cm-ormar-za-pohranu-odjece\/#primaryimage","url":"https:\/\/i0.wp.com\/inti.hr\/wp-content\/uploads\/2024\/02\/b12c507bc72bd7f36a87aa16a970882d.jpg?fit=1400%2C1400&ssl=1","contentUrl":"https:\/\/i0.wp.com\/inti.hr\/wp-content\/uploads\/2024\/02\/b12c507bc72bd7f36a87aa16a970882d.jpg?fit=1400%2C1400&ssl=1","width":1400,"height":1400,"caption":"ormar za pohranu odje\u0107e ulaznog prostora"},{"@type":"BreadcrumbList","@id":"https:\/\/inti.hr\/bs\/proizvod\/ormar-puumala-180x80x45cm-ormar-za-pohranu-odjece\/#breadcrumb","itemListElement":[{"@type":"ListItem","position":1,"name":"Po\u010detna stranica","item":"https:\/\/inti.hr\/bs\/"},{"@type":"ListItem","position":2,"name":"Trgovina","item":"https:\/\/inti.hr\/bs\/trgovina\/"},{"@type":"ListItem","position":3,"name":"Ormar Puumala 180x80x45cm"}]},{"@type":"WebSite","@id":"https:\/\/inti.hr\/bs\/#website","url":"https:\/\/inti.hr\/bs\/","name":"Inti","description":"trgovina","potentialAction":[{"@type":"SearchAction","target":{"@type":"EntryPoint","urlTemplate":"https:\/\/inti.hr\/bs\/?s={search_term_string}"},"query-input":{"@type":"PropertyValueSpecification","valueRequired":true,"valueName":"search_term_string"}}],"inLanguage":"bs-BA"}]}},"jetpack_sharing_enabled":true,"jetpack-related-posts":[],"_links":{"self":[{"href":"https:\/\/inti.hr\/bs\/wp-json\/wp\/v2\/product\/32685"}],"collection":[{"href":"https:\/\/inti.hr\/bs\/wp-json\/wp\/v2\/product"}],"about":[{"href":"https:\/\/inti.hr\/bs\/wp-json\/wp\/v2\/types\/product"}],"wp:featuredmedia":[{"embeddable":true,"href":"https:\/\/inti.hr\/bs\/wp-json\/wp\/v2\/media\/32686"}],"wp:attachment":[{"href":"https:\/\/inti.hr\/bs\/wp-json\/wp\/v2\/media?parent=32685"}],"wp:term":[{"taxonomy":"product_cat","embeddable":true,"href":"https:\/\/inti.hr\/bs\/wp-json\/wp\/v2\/product_cat?post=32685"},{"taxonomy":"product_tag","embeddable":true,"href":"https:\/\/inti.hr\/bs\/wp-json\/wp\/v2\/product_tag?post=32685"}],"curies":[{"name":"wp","href":"https:\/\/api.w.org\/{rel}","templated":true}]}}