{"id":32697,"date":"2024-02-26T17:48:19","date_gmt":"2024-02-26T16:48:19","guid":{"rendered":"https:\/\/inti.hr\/product\/nocni-ormaric-visoki-sjaj\/"},"modified":"2024-02-26T17:48:19","modified_gmt":"2024-02-26T16:48:19","slug":"nocni-ormaric-visoki-sjaj","status":"publish","type":"product","link":"https:\/\/inti.hr\/bs\/proizvod\/nocni-ormaric-visoki-sjaj\/","title":{"rendered":"No\u0107ni ormari\u0107 visoki sjaj"},"content":{"rendered":"<p>Detalji proizvoda:<\/p>\n<p>Materijali: MDF + puno drvo + PVC + metal<br \/>\nBoja: siva + zlatna, bijela + zlatna<br \/>\nVeli\u010dina: 25 x 51 x 40 cm \/ 30 x 51 x 40 cm \/ 35 x 51 x 40 cm (\u0160 x V x D)<br \/>\nVeli\u010dina svake ladice: 17,5 x 28 x 9,7 cm \/ 22,5 x 28 x 9,7 cm \/ 27,5 x 28 x 9,7 cm (\u0160 x V x D)<br \/>\nNeto te\u017eina: cca 8\/8,7\/9,6 kg<br \/>\nNosivost: plo\u010da stola &#8211; 30 kg \/ svaka ladica &#8211; 10 kg<\/p>\n","protected":false},"excerpt":{"rendered":"<p>S 1 \u0161irokom plo\u010dom stola i 2 velike ladice od punog &#8230; <\/p>\n","protected":false},"featured_media":32698,"template":"","meta":[],"product_cat":[2414],"product_tag":[2672,2673],"yoast_head":"<!-- This site is optimized with the Yoast SEO plugin v23.7 - https:\/\/yoast.com\/wordpress\/plugins\/seo\/ -->\n<title>No\u0107ni ormari\u0107 visoki sjaj - Inti<\/title>\n<meta name=\"description\" content=\"S 1 \u0161irokom plo\u010dom stola i 2 velike ladice od punog drva, koje su opremljene trodijelnim metalnim vodilicama za lagano i tiho otvaranje i zatvaranje, no\u0107ni ormari\u0107 nudi obilje prostora za pohranu svakodnevnih stvari. Pomo\u0107ni stoli\u0107 izra\u0111en od E1 MDF-a ima metalne noge s podesivim kliza\u010dima za noge, stabilan je i mo\u017ee izdr\u017eati do 30 kg. Plo\u010da stola visokog sjaja i bo\u010dne obloge od mekog PVC-a elegantne su i lako se \u010diste. Visoki rubovi plo\u010de stola \u0161tite od padova, zaobljeni kutovi sprje\u010davaju slu\u010dajne udarce, a noge dr\u017ee ormari\u0107 od poda, \u0161tite ga od vlage i olak\u0161avaju \u010di\u0161\u0107enje poda.\u00a0 Zahvaljuju\u0107i finim bojama i modernom dizajnu, privla\u010dan komad namje\u0161taja pristaje na mnoga mjesta: kao pomo\u0107ni stoli\u0107, stoli\u0107 za kavu, stoli\u0107 na kau\u010d u dnevnoj sobi, kao no\u0107ni ormari\u0107 u spava\u0107oj sobi, kao kartoteka kabinet u radnoj sobi ili ku\u0107nom uredu. Tijelo ormari\u0107a je unaprijed sastavljeno, sve \u0161to trebate u\u010diniti je pri\u010dvrstiti noge pomo\u0107u isporu\u010denih vijaka. Dostupno je vi\u0161e veli\u010dina tako da mo\u017eete prona\u0107i pravi model za svoj prostor.\" \/>\n<meta name=\"robots\" content=\"index, follow, max-snippet:-1, max-image-preview:large, max-video-preview:-1\" \/>\n<link rel=\"canonical\" href=\"https:\/\/inti.hr\/bs\/proizvod\/nocni-ormaric-visoki-sjaj\/\" \/>\n<meta property=\"og:locale\" content=\"bs_BA\" \/>\n<meta property=\"og:type\" content=\"article\" \/>\n<meta property=\"og:title\" content=\"No\u0107ni ormari\u0107 visoki sjaj - Inti\" \/>\n<meta property=\"og:description\" content=\"S 1 \u0161irokom plo\u010dom stola i 2 velike ladice od punog drva, koje su opremljene trodijelnim metalnim vodilicama za lagano i tiho otvaranje i zatvaranje, no\u0107ni ormari\u0107 nudi obilje prostora za pohranu svakodnevnih stvari. Pomo\u0107ni stoli\u0107 izra\u0111en od E1 MDF-a ima metalne noge s podesivim kliza\u010dima za noge, stabilan je i mo\u017ee izdr\u017eati do 30 kg. Plo\u010da stola visokog sjaja i bo\u010dne obloge od mekog PVC-a elegantne su i lako se \u010diste. Visoki rubovi plo\u010de stola \u0161tite od padova, zaobljeni kutovi sprje\u010davaju slu\u010dajne udarce, a noge dr\u017ee ormari\u0107 od poda, \u0161tite ga od vlage i olak\u0161avaju \u010di\u0161\u0107enje poda.\u00a0 Zahvaljuju\u0107i finim bojama i modernom dizajnu, privla\u010dan komad namje\u0161taja pristaje na mnoga mjesta: kao pomo\u0107ni stoli\u0107, stoli\u0107 za kavu, stoli\u0107 na kau\u010d u dnevnoj sobi, kao no\u0107ni ormari\u0107 u spava\u0107oj sobi, kao kartoteka kabinet u radnoj sobi ili ku\u0107nom uredu. Tijelo ormari\u0107a je unaprijed sastavljeno, sve \u0161to trebate u\u010diniti je pri\u010dvrstiti noge pomo\u0107u isporu\u010denih vijaka. Dostupno je vi\u0161e veli\u010dina tako da mo\u017eete prona\u0107i pravi model za svoj prostor.\" \/>\n<meta property=\"og:url\" content=\"https:\/\/inti.hr\/bs\/proizvod\/nocni-ormaric-visoki-sjaj\/\" \/>\n<meta property=\"og:site_name\" content=\"Inti\" \/>\n<meta property=\"og:image\" content=\"https:\/\/i0.wp.com\/inti.hr\/wp-content\/uploads\/2024\/02\/Nachttisch-mit-2-Schubladen-Hochglanz-Holz-PVC-Metall-W0ETT0144-25cm-Grau-Golden3_600x600.jpg?fit=600%2C600&ssl=1\" \/>\n\t<meta property=\"og:image:width\" content=\"600\" \/>\n\t<meta property=\"og:image:height\" content=\"600\" \/>\n\t<meta property=\"og:image:type\" content=\"image\/jpeg\" \/>\n<meta name=\"twitter:card\" content=\"summary_large_image\" \/>\n<script type=\"application\/ld+json\" class=\"yoast-schema-graph\">{\"@context\":\"https:\/\/schema.org\",\"@graph\":[{\"@type\":\"WebPage\",\"@id\":\"https:\/\/inti.hr\/bs\/proizvod\/nocni-ormaric-visoki-sjaj\/\",\"url\":\"https:\/\/inti.hr\/bs\/proizvod\/nocni-ormaric-visoki-sjaj\/\",\"name\":\"No\u0107ni ormari\u0107 visoki sjaj - Inti\",\"isPartOf\":{\"@id\":\"https:\/\/inti.hr\/bs\/#website\"},\"primaryImageOfPage\":{\"@id\":\"https:\/\/inti.hr\/bs\/proizvod\/nocni-ormaric-visoki-sjaj\/#primaryimage\"},\"image\":{\"@id\":\"https:\/\/inti.hr\/bs\/proizvod\/nocni-ormaric-visoki-sjaj\/#primaryimage\"},\"thumbnailUrl\":\"https:\/\/i0.wp.com\/inti.hr\/wp-content\/uploads\/2024\/02\/Nachttisch-mit-2-Schubladen-Hochglanz-Holz-PVC-Metall-W0ETT0144-25cm-Grau-Golden3_600x600.jpg?fit=600%2C600&ssl=1\",\"datePublished\":\"2024-02-26T16:48:19+00:00\",\"dateModified\":\"2024-02-26T16:48:19+00:00\",\"description\":\"S 1 \u0161irokom plo\u010dom stola i 2 velike ladice od punog drva, koje su opremljene trodijelnim metalnim vodilicama za lagano i tiho otvaranje i zatvaranje, no\u0107ni ormari\u0107 nudi obilje prostora za pohranu svakodnevnih stvari. Pomo\u0107ni stoli\u0107 izra\u0111en od E1 MDF-a ima metalne noge s podesivim kliza\u010dima za noge, stabilan je i mo\u017ee izdr\u017eati do 30 kg. Plo\u010da stola visokog sjaja i bo\u010dne obloge od mekog PVC-a elegantne su i lako se \u010diste. Visoki rubovi plo\u010de stola \u0161tite od padova, zaobljeni kutovi sprje\u010davaju slu\u010dajne udarce, a noge dr\u017ee ormari\u0107 od poda, \u0161tite ga od vlage i olak\u0161avaju \u010di\u0161\u0107enje poda.\u00a0 Zahvaljuju\u0107i finim bojama i modernom dizajnu, privla\u010dan komad namje\u0161taja pristaje na mnoga mjesta: kao pomo\u0107ni stoli\u0107, stoli\u0107 za kavu, stoli\u0107 na kau\u010d u dnevnoj sobi, kao no\u0107ni ormari\u0107 u spava\u0107oj sobi, kao kartoteka kabinet u radnoj sobi ili ku\u0107nom uredu. Tijelo ormari\u0107a je unaprijed sastavljeno, sve \u0161to trebate u\u010diniti je pri\u010dvrstiti noge pomo\u0107u isporu\u010denih vijaka. Dostupno je vi\u0161e veli\u010dina tako da mo\u017eete prona\u0107i pravi model za svoj prostor.\",\"breadcrumb\":{\"@id\":\"https:\/\/inti.hr\/bs\/proizvod\/nocni-ormaric-visoki-sjaj\/#breadcrumb\"},\"inLanguage\":\"bs-BA\",\"potentialAction\":[{\"@type\":\"ReadAction\",\"target\":[\"https:\/\/inti.hr\/bs\/proizvod\/nocni-ormaric-visoki-sjaj\/\"]}]},{\"@type\":\"ImageObject\",\"inLanguage\":\"bs-BA\",\"@id\":\"https:\/\/inti.hr\/bs\/proizvod\/nocni-ormaric-visoki-sjaj\/#primaryimage\",\"url\":\"https:\/\/i0.wp.com\/inti.hr\/wp-content\/uploads\/2024\/02\/Nachttisch-mit-2-Schubladen-Hochglanz-Holz-PVC-Metall-W0ETT0144-25cm-Grau-Golden3_600x600.jpg?fit=600%2C600&ssl=1\",\"contentUrl\":\"https:\/\/i0.wp.com\/inti.hr\/wp-content\/uploads\/2024\/02\/Nachttisch-mit-2-Schubladen-Hochglanz-Holz-PVC-Metall-W0ETT0144-25cm-Grau-Golden3_600x600.jpg?fit=600%2C600&ssl=1\",\"width\":600,\"height\":600,\"caption\":\"No\u0107ni ormari\u0107 visoki sjaj\"},{\"@type\":\"BreadcrumbList\",\"@id\":\"https:\/\/inti.hr\/bs\/proizvod\/nocni-ormaric-visoki-sjaj\/#breadcrumb\",\"itemListElement\":[{\"@type\":\"ListItem\",\"position\":1,\"name\":\"Po\u010detna stranica\",\"item\":\"https:\/\/inti.hr\/bs\/\"},{\"@type\":\"ListItem\",\"position\":2,\"name\":\"Trgovina\",\"item\":\"https:\/\/inti.hr\/bs\/trgovina\/\"},{\"@type\":\"ListItem\",\"position\":3,\"name\":\"No\u0107ni ormari\u0107 visoki sjaj\"}]},{\"@type\":\"WebSite\",\"@id\":\"https:\/\/inti.hr\/bs\/#website\",\"url\":\"https:\/\/inti.hr\/bs\/\",\"name\":\"Inti\",\"description\":\"trgovina\",\"potentialAction\":[{\"@type\":\"SearchAction\",\"target\":{\"@type\":\"EntryPoint\",\"urlTemplate\":\"https:\/\/inti.hr\/bs\/?s={search_term_string}\"},\"query-input\":{\"@type\":\"PropertyValueSpecification\",\"valueRequired\":true,\"valueName\":\"search_term_string\"}}],\"inLanguage\":\"bs-BA\"}]}<\/script>\n<!-- \/ Yoast SEO plugin. -->","yoast_head_json":{"title":"No\u0107ni ormari\u0107 visoki sjaj - Inti","description":"S 1 \u0161irokom plo\u010dom stola i 2 velike ladice od punog drva, koje su opremljene trodijelnim metalnim vodilicama za lagano i tiho otvaranje i zatvaranje, no\u0107ni ormari\u0107 nudi obilje prostora za pohranu svakodnevnih stvari. Pomo\u0107ni stoli\u0107 izra\u0111en od E1 MDF-a ima metalne noge s podesivim kliza\u010dima za noge, stabilan je i mo\u017ee izdr\u017eati do 30 kg. Plo\u010da stola visokog sjaja i bo\u010dne obloge od mekog PVC-a elegantne su i lako se \u010diste. Visoki rubovi plo\u010de stola \u0161tite od padova, zaobljeni kutovi sprje\u010davaju slu\u010dajne udarce, a noge dr\u017ee ormari\u0107 od poda, \u0161tite ga od vlage i olak\u0161avaju \u010di\u0161\u0107enje poda.\u00a0 Zahvaljuju\u0107i finim bojama i modernom dizajnu, privla\u010dan komad namje\u0161taja pristaje na mnoga mjesta: kao pomo\u0107ni stoli\u0107, stoli\u0107 za kavu, stoli\u0107 na kau\u010d u dnevnoj sobi, kao no\u0107ni ormari\u0107 u spava\u0107oj sobi, kao kartoteka kabinet u radnoj sobi ili ku\u0107nom uredu. Tijelo ormari\u0107a je unaprijed sastavljeno, sve \u0161to trebate u\u010diniti je pri\u010dvrstiti noge pomo\u0107u isporu\u010denih vijaka. Dostupno je vi\u0161e veli\u010dina tako da mo\u017eete prona\u0107i pravi model za svoj prostor.","robots":{"index":"index","follow":"follow","max-snippet":"max-snippet:-1","max-image-preview":"max-image-preview:large","max-video-preview":"max-video-preview:-1"},"canonical":"https:\/\/inti.hr\/bs\/proizvod\/nocni-ormaric-visoki-sjaj\/","og_locale":"bs_BA","og_type":"article","og_title":"No\u0107ni ormari\u0107 visoki sjaj - Inti","og_description":"S 1 \u0161irokom plo\u010dom stola i 2 velike ladice od punog drva, koje su opremljene trodijelnim metalnim vodilicama za lagano i tiho otvaranje i zatvaranje, no\u0107ni ormari\u0107 nudi obilje prostora za pohranu svakodnevnih stvari. Pomo\u0107ni stoli\u0107 izra\u0111en od E1 MDF-a ima metalne noge s podesivim kliza\u010dima za noge, stabilan je i mo\u017ee izdr\u017eati do 30 kg. Plo\u010da stola visokog sjaja i bo\u010dne obloge od mekog PVC-a elegantne su i lako se \u010diste. Visoki rubovi plo\u010de stola \u0161tite od padova, zaobljeni kutovi sprje\u010davaju slu\u010dajne udarce, a noge dr\u017ee ormari\u0107 od poda, \u0161tite ga od vlage i olak\u0161avaju \u010di\u0161\u0107enje poda.\u00a0 Zahvaljuju\u0107i finim bojama i modernom dizajnu, privla\u010dan komad namje\u0161taja pristaje na mnoga mjesta: kao pomo\u0107ni stoli\u0107, stoli\u0107 za kavu, stoli\u0107 na kau\u010d u dnevnoj sobi, kao no\u0107ni ormari\u0107 u spava\u0107oj sobi, kao kartoteka kabinet u radnoj sobi ili ku\u0107nom uredu. Tijelo ormari\u0107a je unaprijed sastavljeno, sve \u0161to trebate u\u010diniti je pri\u010dvrstiti noge pomo\u0107u isporu\u010denih vijaka. Dostupno je vi\u0161e veli\u010dina tako da mo\u017eete prona\u0107i pravi model za svoj prostor.","og_url":"https:\/\/inti.hr\/bs\/proizvod\/nocni-ormaric-visoki-sjaj\/","og_site_name":"Inti","og_image":[{"width":600,"height":600,"url":"https:\/\/i0.wp.com\/inti.hr\/wp-content\/uploads\/2024\/02\/Nachttisch-mit-2-Schubladen-Hochglanz-Holz-PVC-Metall-W0ETT0144-25cm-Grau-Golden3_600x600.jpg?fit=600%2C600&ssl=1","type":"image\/jpeg"}],"twitter_card":"summary_large_image","schema":{"@context":"https:\/\/schema.org","@graph":[{"@type":"WebPage","@id":"https:\/\/inti.hr\/bs\/proizvod\/nocni-ormaric-visoki-sjaj\/","url":"https:\/\/inti.hr\/bs\/proizvod\/nocni-ormaric-visoki-sjaj\/","name":"No\u0107ni ormari\u0107 visoki sjaj - Inti","isPartOf":{"@id":"https:\/\/inti.hr\/bs\/#website"},"primaryImageOfPage":{"@id":"https:\/\/inti.hr\/bs\/proizvod\/nocni-ormaric-visoki-sjaj\/#primaryimage"},"image":{"@id":"https:\/\/inti.hr\/bs\/proizvod\/nocni-ormaric-visoki-sjaj\/#primaryimage"},"thumbnailUrl":"https:\/\/i0.wp.com\/inti.hr\/wp-content\/uploads\/2024\/02\/Nachttisch-mit-2-Schubladen-Hochglanz-Holz-PVC-Metall-W0ETT0144-25cm-Grau-Golden3_600x600.jpg?fit=600%2C600&ssl=1","datePublished":"2024-02-26T16:48:19+00:00","dateModified":"2024-02-26T16:48:19+00:00","description":"S 1 \u0161irokom plo\u010dom stola i 2 velike ladice od punog drva, koje su opremljene trodijelnim metalnim vodilicama za lagano i tiho otvaranje i zatvaranje, no\u0107ni ormari\u0107 nudi obilje prostora za pohranu svakodnevnih stvari. Pomo\u0107ni stoli\u0107 izra\u0111en od E1 MDF-a ima metalne noge s podesivim kliza\u010dima za noge, stabilan je i mo\u017ee izdr\u017eati do 30 kg. Plo\u010da stola visokog sjaja i bo\u010dne obloge od mekog PVC-a elegantne su i lako se \u010diste. Visoki rubovi plo\u010de stola \u0161tite od padova, zaobljeni kutovi sprje\u010davaju slu\u010dajne udarce, a noge dr\u017ee ormari\u0107 od poda, \u0161tite ga od vlage i olak\u0161avaju \u010di\u0161\u0107enje poda.\u00a0 Zahvaljuju\u0107i finim bojama i modernom dizajnu, privla\u010dan komad namje\u0161taja pristaje na mnoga mjesta: kao pomo\u0107ni stoli\u0107, stoli\u0107 za kavu, stoli\u0107 na kau\u010d u dnevnoj sobi, kao no\u0107ni ormari\u0107 u spava\u0107oj sobi, kao kartoteka kabinet u radnoj sobi ili ku\u0107nom uredu. Tijelo ormari\u0107a je unaprijed sastavljeno, sve \u0161to trebate u\u010diniti je pri\u010dvrstiti noge pomo\u0107u isporu\u010denih vijaka. Dostupno je vi\u0161e veli\u010dina tako da mo\u017eete prona\u0107i pravi model za svoj prostor.","breadcrumb":{"@id":"https:\/\/inti.hr\/bs\/proizvod\/nocni-ormaric-visoki-sjaj\/#breadcrumb"},"inLanguage":"bs-BA","potentialAction":[{"@type":"ReadAction","target":["https:\/\/inti.hr\/bs\/proizvod\/nocni-ormaric-visoki-sjaj\/"]}]},{"@type":"ImageObject","inLanguage":"bs-BA","@id":"https:\/\/inti.hr\/bs\/proizvod\/nocni-ormaric-visoki-sjaj\/#primaryimage","url":"https:\/\/i0.wp.com\/inti.hr\/wp-content\/uploads\/2024\/02\/Nachttisch-mit-2-Schubladen-Hochglanz-Holz-PVC-Metall-W0ETT0144-25cm-Grau-Golden3_600x600.jpg?fit=600%2C600&ssl=1","contentUrl":"https:\/\/i0.wp.com\/inti.hr\/wp-content\/uploads\/2024\/02\/Nachttisch-mit-2-Schubladen-Hochglanz-Holz-PVC-Metall-W0ETT0144-25cm-Grau-Golden3_600x600.jpg?fit=600%2C600&ssl=1","width":600,"height":600,"caption":"No\u0107ni ormari\u0107 visoki sjaj"},{"@type":"BreadcrumbList","@id":"https:\/\/inti.hr\/bs\/proizvod\/nocni-ormaric-visoki-sjaj\/#breadcrumb","itemListElement":[{"@type":"ListItem","position":1,"name":"Po\u010detna stranica","item":"https:\/\/inti.hr\/bs\/"},{"@type":"ListItem","position":2,"name":"Trgovina","item":"https:\/\/inti.hr\/bs\/trgovina\/"},{"@type":"ListItem","position":3,"name":"No\u0107ni ormari\u0107 visoki sjaj"}]},{"@type":"WebSite","@id":"https:\/\/inti.hr\/bs\/#website","url":"https:\/\/inti.hr\/bs\/","name":"Inti","description":"trgovina","potentialAction":[{"@type":"SearchAction","target":{"@type":"EntryPoint","urlTemplate":"https:\/\/inti.hr\/bs\/?s={search_term_string}"},"query-input":{"@type":"PropertyValueSpecification","valueRequired":true,"valueName":"search_term_string"}}],"inLanguage":"bs-BA"}]}},"jetpack_sharing_enabled":true,"jetpack-related-posts":[],"_links":{"self":[{"href":"https:\/\/inti.hr\/bs\/wp-json\/wp\/v2\/product\/32697"}],"collection":[{"href":"https:\/\/inti.hr\/bs\/wp-json\/wp\/v2\/product"}],"about":[{"href":"https:\/\/inti.hr\/bs\/wp-json\/wp\/v2\/types\/product"}],"wp:featuredmedia":[{"embeddable":true,"href":"https:\/\/inti.hr\/bs\/wp-json\/wp\/v2\/media\/32698"}],"wp:attachment":[{"href":"https:\/\/inti.hr\/bs\/wp-json\/wp\/v2\/media?parent=32697"}],"wp:term":[{"taxonomy":"product_cat","embeddable":true,"href":"https:\/\/inti.hr\/bs\/wp-json\/wp\/v2\/product_cat?post=32697"},{"taxonomy":"product_tag","embeddable":true,"href":"https:\/\/inti.hr\/bs\/wp-json\/wp\/v2\/product_tag?post=32697"}],"curies":[{"name":"wp","href":"https:\/\/api.w.org\/{rel}","templated":true}]}}