{"id":32731,"date":"2024-02-22T08:46:42","date_gmt":"2024-02-22T07:46:42","guid":{"rendered":"https:\/\/inti.hr\/product\/kupaonski-ormaric-s-2-vrata-60x30x60-cm\/"},"modified":"2024-02-22T08:46:42","modified_gmt":"2024-02-22T07:46:42","slug":"kupaonski-ormaric-s-2-vrata-60x30x60-cm","status":"publish","type":"product","link":"https:\/\/inti.hr\/bs\/proizvod\/kupaonski-ormaric-s-2-vrata-60x30x60-cm\/","title":{"rendered":"Kupaonski ormari\u0107 s 2 vrata 60x30x60 Cm"},"content":{"rendered":"<p>Detalji proizvoda:<\/p>\n<p>Te\u017eina: 10,1 kg<br \/>\nTestirano za: 30 kg<br \/>\nMaterijal: MDF(E1), PB(E1), akrilna boja<br \/>\nMjere proizvoda: 60x30x60 cm (vidi sliku)<br \/>\nDostava: u 1 paketu<br \/>\nDimenzije paketa: 73x37x13 cm<br \/>\nS uputama za sastavljanje i vijcima. Jednostavna instalacija<\/p>\n","protected":false},"excerpt":{"rendered":"<p>Kupaonica je va\u017eno okru\u017eenje u kojem svakodnevno provodite mnogo vremena: od &#8230; <\/p>\n","protected":false},"featured_media":32732,"template":"","meta":[],"product_cat":[2392],"product_tag":[2520,2521],"yoast_head":"<!-- This site is optimized with the Yoast SEO plugin v23.7 - https:\/\/yoast.com\/wordpress\/plugins\/seo\/ -->\n<title>Kupaonski ormari\u0107 s 2 vrata 60x30x60 Cm - Inti<\/title>\n<meta name=\"description\" content=\"Kupaonica je va\u017eno okru\u017eenje u kojem svakodnevno provodite mnogo vremena: od tu\u0161iranja do bu\u0111enja, od pranja zubi do opu\u0161taju\u0107e rutine njege tijela.S prakti\u010dnim i jednostavnim ormari\u0107em za umivaonik kona\u010dno \u0107ete imati idealan prostor za odr\u017eavanje uredne kupaonice.Unutra, ovaj ormari\u0107 nudi dovoljno prostora za pohranjivanje pra\u0161ka za pranje rublja, deterd\u017eenata, pribora i ostalih kupaonskih potrep\u0161tina.Umivaonik je savr\u0161eno rje\u0161enje za pove\u0107anje prostora u va\u0161oj kupaonici. Izrez u obliku slova U omogu\u0107uje vam da ga postavite ispod sudopera, tako da mo\u017eete imati dodatni prostor za pohranu svojih proizvoda. Otvorena polica i dizajn ormari\u0107a s 2 vrata omogu\u0107uju vam da sve bolje organizirate.Drveni nosa\u010di olak\u0161avaju \u010di\u0161\u0107enje donjeg dijela i savr\u0161eno se uklapaju u sofisticirani stil ove linije. Donji odjeljak je za \u010desto kori\u0161tene predmete kao \u0161to su deterd\u017eenti, sredstva za \u010di\u0161\u0107enje kupaonice ili druge sitnice.\" \/>\n<meta name=\"robots\" content=\"index, follow, max-snippet:-1, max-image-preview:large, max-video-preview:-1\" \/>\n<link rel=\"canonical\" href=\"https:\/\/inti.hr\/bs\/proizvod\/kupaonski-ormaric-s-2-vrata-60x30x60-cm\/\" \/>\n<meta property=\"og:locale\" content=\"bs_BA\" \/>\n<meta property=\"og:type\" content=\"article\" \/>\n<meta property=\"og:title\" content=\"Kupaonski ormari\u0107 s 2 vrata 60x30x60 Cm - Inti\" \/>\n<meta property=\"og:description\" content=\"Kupaonica je va\u017eno okru\u017eenje u kojem svakodnevno provodite mnogo vremena: od tu\u0161iranja do bu\u0111enja, od pranja zubi do opu\u0161taju\u0107e rutine njege tijela.S prakti\u010dnim i jednostavnim ormari\u0107em za umivaonik kona\u010dno \u0107ete imati idealan prostor za odr\u017eavanje uredne kupaonice.Unutra, ovaj ormari\u0107 nudi dovoljno prostora za pohranjivanje pra\u0161ka za pranje rublja, deterd\u017eenata, pribora i ostalih kupaonskih potrep\u0161tina.Umivaonik je savr\u0161eno rje\u0161enje za pove\u0107anje prostora u va\u0161oj kupaonici. Izrez u obliku slova U omogu\u0107uje vam da ga postavite ispod sudopera, tako da mo\u017eete imati dodatni prostor za pohranu svojih proizvoda. Otvorena polica i dizajn ormari\u0107a s 2 vrata omogu\u0107uju vam da sve bolje organizirate.Drveni nosa\u010di olak\u0161avaju \u010di\u0161\u0107enje donjeg dijela i savr\u0161eno se uklapaju u sofisticirani stil ove linije. Donji odjeljak je za \u010desto kori\u0161tene predmete kao \u0161to su deterd\u017eenti, sredstva za \u010di\u0161\u0107enje kupaonice ili druge sitnice.\" \/>\n<meta property=\"og:url\" content=\"https:\/\/inti.hr\/bs\/proizvod\/kupaonski-ormaric-s-2-vrata-60x30x60-cm\/\" \/>\n<meta property=\"og:site_name\" content=\"Inti\" \/>\n<meta property=\"og:image\" content=\"https:\/\/i0.wp.com\/inti.hr\/wp-content\/uploads\/2024\/02\/BZR139-GR-Y003_670x.webp?fit=670%2C670&ssl=1\" \/>\n\t<meta property=\"og:image:width\" content=\"670\" \/>\n\t<meta property=\"og:image:height\" content=\"670\" \/>\n\t<meta property=\"og:image:type\" content=\"image\/webp\" \/>\n<meta name=\"twitter:card\" content=\"summary_large_image\" \/>\n<script type=\"application\/ld+json\" class=\"yoast-schema-graph\">{\"@context\":\"https:\/\/schema.org\",\"@graph\":[{\"@type\":\"WebPage\",\"@id\":\"https:\/\/inti.hr\/bs\/proizvod\/kupaonski-ormaric-s-2-vrata-60x30x60-cm\/\",\"url\":\"https:\/\/inti.hr\/bs\/proizvod\/kupaonski-ormaric-s-2-vrata-60x30x60-cm\/\",\"name\":\"Kupaonski ormari\u0107 s 2 vrata 60x30x60 Cm - Inti\",\"isPartOf\":{\"@id\":\"https:\/\/inti.hr\/bs\/#website\"},\"primaryImageOfPage\":{\"@id\":\"https:\/\/inti.hr\/bs\/proizvod\/kupaonski-ormaric-s-2-vrata-60x30x60-cm\/#primaryimage\"},\"image\":{\"@id\":\"https:\/\/inti.hr\/bs\/proizvod\/kupaonski-ormaric-s-2-vrata-60x30x60-cm\/#primaryimage\"},\"thumbnailUrl\":\"https:\/\/i0.wp.com\/inti.hr\/wp-content\/uploads\/2024\/02\/BZR139-GR-Y003_670x.webp?fit=670%2C670&ssl=1\",\"datePublished\":\"2024-02-22T07:46:42+00:00\",\"dateModified\":\"2024-02-22T07:46:42+00:00\",\"description\":\"Kupaonica je va\u017eno okru\u017eenje u kojem svakodnevno provodite mnogo vremena: od tu\u0161iranja do bu\u0111enja, od pranja zubi do opu\u0161taju\u0107e rutine njege tijela.S prakti\u010dnim i jednostavnim ormari\u0107em za umivaonik kona\u010dno \u0107ete imati idealan prostor za odr\u017eavanje uredne kupaonice.Unutra, ovaj ormari\u0107 nudi dovoljno prostora za pohranjivanje pra\u0161ka za pranje rublja, deterd\u017eenata, pribora i ostalih kupaonskih potrep\u0161tina.Umivaonik je savr\u0161eno rje\u0161enje za pove\u0107anje prostora u va\u0161oj kupaonici. Izrez u obliku slova U omogu\u0107uje vam da ga postavite ispod sudopera, tako da mo\u017eete imati dodatni prostor za pohranu svojih proizvoda. Otvorena polica i dizajn ormari\u0107a s 2 vrata omogu\u0107uju vam da sve bolje organizirate.Drveni nosa\u010di olak\u0161avaju \u010di\u0161\u0107enje donjeg dijela i savr\u0161eno se uklapaju u sofisticirani stil ove linije. Donji odjeljak je za \u010desto kori\u0161tene predmete kao \u0161to su deterd\u017eenti, sredstva za \u010di\u0161\u0107enje kupaonice ili druge sitnice.\",\"breadcrumb\":{\"@id\":\"https:\/\/inti.hr\/bs\/proizvod\/kupaonski-ormaric-s-2-vrata-60x30x60-cm\/#breadcrumb\"},\"inLanguage\":\"bs-BA\",\"potentialAction\":[{\"@type\":\"ReadAction\",\"target\":[\"https:\/\/inti.hr\/bs\/proizvod\/kupaonski-ormaric-s-2-vrata-60x30x60-cm\/\"]}]},{\"@type\":\"ImageObject\",\"inLanguage\":\"bs-BA\",\"@id\":\"https:\/\/inti.hr\/bs\/proizvod\/kupaonski-ormaric-s-2-vrata-60x30x60-cm\/#primaryimage\",\"url\":\"https:\/\/i0.wp.com\/inti.hr\/wp-content\/uploads\/2024\/02\/BZR139-GR-Y003_670x.webp?fit=670%2C670&ssl=1\",\"contentUrl\":\"https:\/\/i0.wp.com\/inti.hr\/wp-content\/uploads\/2024\/02\/BZR139-GR-Y003_670x.webp?fit=670%2C670&ssl=1\",\"width\":670,\"height\":670},{\"@type\":\"BreadcrumbList\",\"@id\":\"https:\/\/inti.hr\/bs\/proizvod\/kupaonski-ormaric-s-2-vrata-60x30x60-cm\/#breadcrumb\",\"itemListElement\":[{\"@type\":\"ListItem\",\"position\":1,\"name\":\"Po\u010detna stranica\",\"item\":\"https:\/\/inti.hr\/bs\/\"},{\"@type\":\"ListItem\",\"position\":2,\"name\":\"Trgovina\",\"item\":\"https:\/\/inti.hr\/bs\/trgovina\/\"},{\"@type\":\"ListItem\",\"position\":3,\"name\":\"Kupaonski ormari\u0107 s 2 vrata 60x30x60 Cm\"}]},{\"@type\":\"WebSite\",\"@id\":\"https:\/\/inti.hr\/bs\/#website\",\"url\":\"https:\/\/inti.hr\/bs\/\",\"name\":\"Inti\",\"description\":\"trgovina\",\"potentialAction\":[{\"@type\":\"SearchAction\",\"target\":{\"@type\":\"EntryPoint\",\"urlTemplate\":\"https:\/\/inti.hr\/bs\/?s={search_term_string}\"},\"query-input\":{\"@type\":\"PropertyValueSpecification\",\"valueRequired\":true,\"valueName\":\"search_term_string\"}}],\"inLanguage\":\"bs-BA\"}]}<\/script>\n<!-- \/ Yoast SEO plugin. -->","yoast_head_json":{"title":"Kupaonski ormari\u0107 s 2 vrata 60x30x60 Cm - Inti","description":"Kupaonica je va\u017eno okru\u017eenje u kojem svakodnevno provodite mnogo vremena: od tu\u0161iranja do bu\u0111enja, od pranja zubi do opu\u0161taju\u0107e rutine njege tijela.S prakti\u010dnim i jednostavnim ormari\u0107em za umivaonik kona\u010dno \u0107ete imati idealan prostor za odr\u017eavanje uredne kupaonice.Unutra, ovaj ormari\u0107 nudi dovoljno prostora za pohranjivanje pra\u0161ka za pranje rublja, deterd\u017eenata, pribora i ostalih kupaonskih potrep\u0161tina.Umivaonik je savr\u0161eno rje\u0161enje za pove\u0107anje prostora u va\u0161oj kupaonici. Izrez u obliku slova U omogu\u0107uje vam da ga postavite ispod sudopera, tako da mo\u017eete imati dodatni prostor za pohranu svojih proizvoda. Otvorena polica i dizajn ormari\u0107a s 2 vrata omogu\u0107uju vam da sve bolje organizirate.Drveni nosa\u010di olak\u0161avaju \u010di\u0161\u0107enje donjeg dijela i savr\u0161eno se uklapaju u sofisticirani stil ove linije. Donji odjeljak je za \u010desto kori\u0161tene predmete kao \u0161to su deterd\u017eenti, sredstva za \u010di\u0161\u0107enje kupaonice ili druge sitnice.","robots":{"index":"index","follow":"follow","max-snippet":"max-snippet:-1","max-image-preview":"max-image-preview:large","max-video-preview":"max-video-preview:-1"},"canonical":"https:\/\/inti.hr\/bs\/proizvod\/kupaonski-ormaric-s-2-vrata-60x30x60-cm\/","og_locale":"bs_BA","og_type":"article","og_title":"Kupaonski ormari\u0107 s 2 vrata 60x30x60 Cm - Inti","og_description":"Kupaonica je va\u017eno okru\u017eenje u kojem svakodnevno provodite mnogo vremena: od tu\u0161iranja do bu\u0111enja, od pranja zubi do opu\u0161taju\u0107e rutine njege tijela.S prakti\u010dnim i jednostavnim ormari\u0107em za umivaonik kona\u010dno \u0107ete imati idealan prostor za odr\u017eavanje uredne kupaonice.Unutra, ovaj ormari\u0107 nudi dovoljno prostora za pohranjivanje pra\u0161ka za pranje rublja, deterd\u017eenata, pribora i ostalih kupaonskih potrep\u0161tina.Umivaonik je savr\u0161eno rje\u0161enje za pove\u0107anje prostora u va\u0161oj kupaonici. Izrez u obliku slova U omogu\u0107uje vam da ga postavite ispod sudopera, tako da mo\u017eete imati dodatni prostor za pohranu svojih proizvoda. Otvorena polica i dizajn ormari\u0107a s 2 vrata omogu\u0107uju vam da sve bolje organizirate.Drveni nosa\u010di olak\u0161avaju \u010di\u0161\u0107enje donjeg dijela i savr\u0161eno se uklapaju u sofisticirani stil ove linije. Donji odjeljak je za \u010desto kori\u0161tene predmete kao \u0161to su deterd\u017eenti, sredstva za \u010di\u0161\u0107enje kupaonice ili druge sitnice.","og_url":"https:\/\/inti.hr\/bs\/proizvod\/kupaonski-ormaric-s-2-vrata-60x30x60-cm\/","og_site_name":"Inti","og_image":[{"width":670,"height":670,"url":"https:\/\/i0.wp.com\/inti.hr\/wp-content\/uploads\/2024\/02\/BZR139-GR-Y003_670x.webp?fit=670%2C670&ssl=1","type":"image\/webp"}],"twitter_card":"summary_large_image","schema":{"@context":"https:\/\/schema.org","@graph":[{"@type":"WebPage","@id":"https:\/\/inti.hr\/bs\/proizvod\/kupaonski-ormaric-s-2-vrata-60x30x60-cm\/","url":"https:\/\/inti.hr\/bs\/proizvod\/kupaonski-ormaric-s-2-vrata-60x30x60-cm\/","name":"Kupaonski ormari\u0107 s 2 vrata 60x30x60 Cm - Inti","isPartOf":{"@id":"https:\/\/inti.hr\/bs\/#website"},"primaryImageOfPage":{"@id":"https:\/\/inti.hr\/bs\/proizvod\/kupaonski-ormaric-s-2-vrata-60x30x60-cm\/#primaryimage"},"image":{"@id":"https:\/\/inti.hr\/bs\/proizvod\/kupaonski-ormaric-s-2-vrata-60x30x60-cm\/#primaryimage"},"thumbnailUrl":"https:\/\/i0.wp.com\/inti.hr\/wp-content\/uploads\/2024\/02\/BZR139-GR-Y003_670x.webp?fit=670%2C670&ssl=1","datePublished":"2024-02-22T07:46:42+00:00","dateModified":"2024-02-22T07:46:42+00:00","description":"Kupaonica je va\u017eno okru\u017eenje u kojem svakodnevno provodite mnogo vremena: od tu\u0161iranja do bu\u0111enja, od pranja zubi do opu\u0161taju\u0107e rutine njege tijela.S prakti\u010dnim i jednostavnim ormari\u0107em za umivaonik kona\u010dno \u0107ete imati idealan prostor za odr\u017eavanje uredne kupaonice.Unutra, ovaj ormari\u0107 nudi dovoljno prostora za pohranjivanje pra\u0161ka za pranje rublja, deterd\u017eenata, pribora i ostalih kupaonskih potrep\u0161tina.Umivaonik je savr\u0161eno rje\u0161enje za pove\u0107anje prostora u va\u0161oj kupaonici. Izrez u obliku slova U omogu\u0107uje vam da ga postavite ispod sudopera, tako da mo\u017eete imati dodatni prostor za pohranu svojih proizvoda. Otvorena polica i dizajn ormari\u0107a s 2 vrata omogu\u0107uju vam da sve bolje organizirate.Drveni nosa\u010di olak\u0161avaju \u010di\u0161\u0107enje donjeg dijela i savr\u0161eno se uklapaju u sofisticirani stil ove linije. Donji odjeljak je za \u010desto kori\u0161tene predmete kao \u0161to su deterd\u017eenti, sredstva za \u010di\u0161\u0107enje kupaonice ili druge sitnice.","breadcrumb":{"@id":"https:\/\/inti.hr\/bs\/proizvod\/kupaonski-ormaric-s-2-vrata-60x30x60-cm\/#breadcrumb"},"inLanguage":"bs-BA","potentialAction":[{"@type":"ReadAction","target":["https:\/\/inti.hr\/bs\/proizvod\/kupaonski-ormaric-s-2-vrata-60x30x60-cm\/"]}]},{"@type":"ImageObject","inLanguage":"bs-BA","@id":"https:\/\/inti.hr\/bs\/proizvod\/kupaonski-ormaric-s-2-vrata-60x30x60-cm\/#primaryimage","url":"https:\/\/i0.wp.com\/inti.hr\/wp-content\/uploads\/2024\/02\/BZR139-GR-Y003_670x.webp?fit=670%2C670&ssl=1","contentUrl":"https:\/\/i0.wp.com\/inti.hr\/wp-content\/uploads\/2024\/02\/BZR139-GR-Y003_670x.webp?fit=670%2C670&ssl=1","width":670,"height":670},{"@type":"BreadcrumbList","@id":"https:\/\/inti.hr\/bs\/proizvod\/kupaonski-ormaric-s-2-vrata-60x30x60-cm\/#breadcrumb","itemListElement":[{"@type":"ListItem","position":1,"name":"Po\u010detna stranica","item":"https:\/\/inti.hr\/bs\/"},{"@type":"ListItem","position":2,"name":"Trgovina","item":"https:\/\/inti.hr\/bs\/trgovina\/"},{"@type":"ListItem","position":3,"name":"Kupaonski ormari\u0107 s 2 vrata 60x30x60 Cm"}]},{"@type":"WebSite","@id":"https:\/\/inti.hr\/bs\/#website","url":"https:\/\/inti.hr\/bs\/","name":"Inti","description":"trgovina","potentialAction":[{"@type":"SearchAction","target":{"@type":"EntryPoint","urlTemplate":"https:\/\/inti.hr\/bs\/?s={search_term_string}"},"query-input":{"@type":"PropertyValueSpecification","valueRequired":true,"valueName":"search_term_string"}}],"inLanguage":"bs-BA"}]}},"jetpack_sharing_enabled":true,"jetpack-related-posts":[],"_links":{"self":[{"href":"https:\/\/inti.hr\/bs\/wp-json\/wp\/v2\/product\/32731"}],"collection":[{"href":"https:\/\/inti.hr\/bs\/wp-json\/wp\/v2\/product"}],"about":[{"href":"https:\/\/inti.hr\/bs\/wp-json\/wp\/v2\/types\/product"}],"wp:featuredmedia":[{"embeddable":true,"href":"https:\/\/inti.hr\/bs\/wp-json\/wp\/v2\/media\/32732"}],"wp:attachment":[{"href":"https:\/\/inti.hr\/bs\/wp-json\/wp\/v2\/media?parent=32731"}],"wp:term":[{"taxonomy":"product_cat","embeddable":true,"href":"https:\/\/inti.hr\/bs\/wp-json\/wp\/v2\/product_cat?post=32731"},{"taxonomy":"product_tag","embeddable":true,"href":"https:\/\/inti.hr\/bs\/wp-json\/wp\/v2\/product_tag?post=32731"}],"curies":[{"name":"wp","href":"https:\/\/api.w.org\/{rel}","templated":true}]}}