{"id":32783,"date":"2024-02-07T11:37:47","date_gmt":"2024-02-07T10:37:47","guid":{"rendered":"https:\/\/inti.hr\/product\/susilo-za-ruke-elektricno-1800-w\/"},"modified":"2024-02-07T11:37:47","modified_gmt":"2024-02-07T10:37:47","slug":"susilo-za-ruke-elektricno-1800-w","status":"publish","type":"product","link":"https:\/\/inti.hr\/bs\/proizvod\/susilo-za-ruke-elektricno-1800-w\/","title":{"rendered":"Su\u0161ilo za ruke &#8211; elektri\u010dno &#8211; 1800 W"},"content":{"rendered":"<p>Detalji proizvoda:<\/p>\n<p>Temeljito pranje ruku nikada nije bilo va\u017enije nego danas! To pogoduje higijeni svih budu\u0107i da se su\u0161ilo za ruke ne mora dirati. Integrirani senzor automatski detektira kada su ruke ispod zra\u010dne mlaznice i aktivira puhalo. Mlaznica presvu\u010dena cinkom mo\u017ee se rotirati za 360 stupnjeva. Elektri\u010dno su\u0161ilo za ruke nema prekida\u010d za uklju\u010divanje\/isklju\u010divanje, \u0161to ga \u010dini posebno jednostavnim za kori\u0161tenje i higijenskim. Osim toga, robusni lakirani ure\u0111aj od nehr\u0111aju\u0107eg \u010delika manje je osjetljiv na o\u0161te\u0107enja.<\/p>\n<p>Zahvaljuju\u0107i snazi od 1800 W, su\u0161ilica stvara do 45 \u00b0C vru\u0107eg zraka za brzo i u\u010dinkovito su\u0161enje ruku u samo 40 sekundi uz protok zraka od 80 m\/s. Ure\u0111aj daje ukupno 412 m 3 \/ h. Su\u0161ilo za ruke osvaja bodove zbog svoje ekolo\u0161ke prihvatljivosti, jer nisu potrebni dodatni ru\u010dnici ili papiri.<\/p>\n<p>Su\u0161ilo za ruke ima 50 dB i vrlo je tiho u usporedbi s ostalim proizvodima na tr\u017ei\u0161tu te stoga pru\u017ea bolje korisni\u010dko iskustvo. Ure\u0111aj je u skladu sa standardima IP za\u0161tite klase X1 i stoga se mo\u017ee sigurno koristiti u bilo kojem trenutku. Elektri\u010dne komponente su za\u0161ti\u0107ene od prskanja vodom. Za\u0161titne \u0161ipke u mlaznici sprje\u010davaju nenamjerni fizi\u010dki kontakt s grija\u0107im elementom, kao i o\u0161te\u0107enje su\u0161ila za ruke predmetima koji su namjerno umetnuti u mlaznicu. Konstrukcija tako\u0111er impresionira svojim izdr\u017eljivim materijalima koji se lako odr\u017eavaju.<\/p>\n<p>&nbsp;<\/p>\n<p>Brzina zraka [m\/s]: 80<\/p>\n<p>Na\u010din rada za u\u0161tedu energije: da, nakon 60-ih<\/p>\n<p>Temperatura zraka [\u00b0C]: 45<\/p>\n<p>Napon [V]: 230<\/p>\n<p>Vrijeme su\u0161enja ruku [s]: 40-50<\/p>\n<p>Mlaznica za rotaciju od 360\u00b0: da<\/p>\n<p>Maks. protok zraka [m\u00b3\/h]: 412.4 m\u00b3\/h<\/p>\n<p>Nazivna struja [A]: 11.4<\/p>\n<p>Zvu\u010dna snaga [dB]: 50dB<\/p>\n","protected":false},"excerpt":{"rendered":"<p>sna\u017ean \u2013 motor od 1800 W za protok zraka od 80 &#8230; <\/p>\n","protected":false},"featured_media":32784,"template":"","meta":[],"product_cat":[3464],"product_tag":[3465,3472],"yoast_head":"<!-- This site is optimized with the Yoast SEO plugin v23.7 - https:\/\/yoast.com\/wordpress\/plugins\/seo\/ -->\n<title>Su\u0161ilo za ruke - elektri\u010dno - 1800 W - Inti<\/title>\n<meta name=\"description\" content=\"sna\u017ean \u2013 motor od 1800 W za protok zraka od 80 m\/shigijenski - beskontaktna uporaba s automatskim senzorombrzo \u2013 visoka temperatura zraka do 45 \u00b0C za su\u0161enje ruku za 40 - 50 ssigurno \u2013 klasa IP za\u0161tite X1 i sigurnosno isklju\u010divanje nakon 60 sjednostavan - kompaktan ure\u0111aj za ugradnju bez napora \u010dak i na tanke zidove\" \/>\n<meta name=\"robots\" content=\"index, follow, max-snippet:-1, max-image-preview:large, max-video-preview:-1\" \/>\n<link rel=\"canonical\" href=\"https:\/\/inti.hr\/bs\/proizvod\/susilo-za-ruke-elektricno-1800-w\/\" \/>\n<meta property=\"og:locale\" content=\"bs_BA\" \/>\n<meta property=\"og:type\" content=\"article\" \/>\n<meta property=\"og:title\" content=\"Su\u0161ilo za ruke - elektri\u010dno - 1800 W - Inti\" \/>\n<meta property=\"og:description\" content=\"sna\u017ean \u2013 motor od 1800 W za protok zraka od 80 m\/shigijenski - beskontaktna uporaba s automatskim senzorombrzo \u2013 visoka temperatura zraka do 45 \u00b0C za su\u0161enje ruku za 40 - 50 ssigurno \u2013 klasa IP za\u0161tite X1 i sigurnosno isklju\u010divanje nakon 60 sjednostavan - kompaktan ure\u0111aj za ugradnju bez napora \u010dak i na tanke zidove\" \/>\n<meta property=\"og:url\" content=\"https:\/\/inti.hr\/bs\/proizvod\/susilo-za-ruke-elektricno-1800-w\/\" \/>\n<meta property=\"og:site_name\" content=\"Inti\" \/>\n<meta property=\"og:image\" content=\"https:\/\/i0.wp.com\/inti.hr\/wp-content\/uploads\/2024\/02\/10250160_photo_1.webp?fit=1600%2C1600&ssl=1\" \/>\n\t<meta property=\"og:image:width\" content=\"1600\" \/>\n\t<meta property=\"og:image:height\" content=\"1600\" \/>\n\t<meta property=\"og:image:type\" content=\"image\/webp\" \/>\n<meta name=\"twitter:card\" content=\"summary_large_image\" \/>\n<meta name=\"twitter:label1\" content=\"Est. reading time\" \/>\n\t<meta name=\"twitter:data1\" content=\"1 minuta\" \/>\n<script type=\"application\/ld+json\" class=\"yoast-schema-graph\">{\"@context\":\"https:\/\/schema.org\",\"@graph\":[{\"@type\":\"WebPage\",\"@id\":\"https:\/\/inti.hr\/bs\/proizvod\/susilo-za-ruke-elektricno-1800-w\/\",\"url\":\"https:\/\/inti.hr\/bs\/proizvod\/susilo-za-ruke-elektricno-1800-w\/\",\"name\":\"Su\u0161ilo za ruke - elektri\u010dno - 1800 W - Inti\",\"isPartOf\":{\"@id\":\"https:\/\/inti.hr\/bs\/#website\"},\"primaryImageOfPage\":{\"@id\":\"https:\/\/inti.hr\/bs\/proizvod\/susilo-za-ruke-elektricno-1800-w\/#primaryimage\"},\"image\":{\"@id\":\"https:\/\/inti.hr\/bs\/proizvod\/susilo-za-ruke-elektricno-1800-w\/#primaryimage\"},\"thumbnailUrl\":\"https:\/\/i0.wp.com\/inti.hr\/wp-content\/uploads\/2024\/02\/10250160_photo_1.webp?fit=1600%2C1600&ssl=1\",\"datePublished\":\"2024-02-07T10:37:47+00:00\",\"dateModified\":\"2024-02-07T10:37:47+00:00\",\"description\":\"sna\u017ean \u2013 motor od 1800 W za protok zraka od 80 m\/shigijenski - beskontaktna uporaba s automatskim senzorombrzo \u2013 visoka temperatura zraka do 45 \u00b0C za su\u0161enje ruku za 40 - 50 ssigurno \u2013 klasa IP za\u0161tite X1 i sigurnosno isklju\u010divanje nakon 60 sjednostavan - kompaktan ure\u0111aj za ugradnju bez napora \u010dak i na tanke zidove\",\"breadcrumb\":{\"@id\":\"https:\/\/inti.hr\/bs\/proizvod\/susilo-za-ruke-elektricno-1800-w\/#breadcrumb\"},\"inLanguage\":\"bs-BA\",\"potentialAction\":[{\"@type\":\"ReadAction\",\"target\":[\"https:\/\/inti.hr\/bs\/proizvod\/susilo-za-ruke-elektricno-1800-w\/\"]}]},{\"@type\":\"ImageObject\",\"inLanguage\":\"bs-BA\",\"@id\":\"https:\/\/inti.hr\/bs\/proizvod\/susilo-za-ruke-elektricno-1800-w\/#primaryimage\",\"url\":\"https:\/\/i0.wp.com\/inti.hr\/wp-content\/uploads\/2024\/02\/10250160_photo_1.webp?fit=1600%2C1600&ssl=1\",\"contentUrl\":\"https:\/\/i0.wp.com\/inti.hr\/wp-content\/uploads\/2024\/02\/10250160_photo_1.webp?fit=1600%2C1600&ssl=1\",\"width\":1600,\"height\":1600},{\"@type\":\"BreadcrumbList\",\"@id\":\"https:\/\/inti.hr\/bs\/proizvod\/susilo-za-ruke-elektricno-1800-w\/#breadcrumb\",\"itemListElement\":[{\"@type\":\"ListItem\",\"position\":1,\"name\":\"Po\u010detna stranica\",\"item\":\"https:\/\/inti.hr\/bs\/\"},{\"@type\":\"ListItem\",\"position\":2,\"name\":\"Trgovina\",\"item\":\"https:\/\/inti.hr\/bs\/trgovina\/\"},{\"@type\":\"ListItem\",\"position\":3,\"name\":\"Su\u0161ilo za ruke &#8211; elektri\u010dno &#8211; 1800 W\"}]},{\"@type\":\"WebSite\",\"@id\":\"https:\/\/inti.hr\/bs\/#website\",\"url\":\"https:\/\/inti.hr\/bs\/\",\"name\":\"Inti\",\"description\":\"trgovina\",\"potentialAction\":[{\"@type\":\"SearchAction\",\"target\":{\"@type\":\"EntryPoint\",\"urlTemplate\":\"https:\/\/inti.hr\/bs\/?s={search_term_string}\"},\"query-input\":{\"@type\":\"PropertyValueSpecification\",\"valueRequired\":true,\"valueName\":\"search_term_string\"}}],\"inLanguage\":\"bs-BA\"}]}<\/script>\n<!-- \/ Yoast SEO plugin. -->","yoast_head_json":{"title":"Su\u0161ilo za ruke - elektri\u010dno - 1800 W - Inti","description":"sna\u017ean \u2013 motor od 1800 W za protok zraka od 80 m\/shigijenski - beskontaktna uporaba s automatskim senzorombrzo \u2013 visoka temperatura zraka do 45 \u00b0C za su\u0161enje ruku za 40 - 50 ssigurno \u2013 klasa IP za\u0161tite X1 i sigurnosno isklju\u010divanje nakon 60 sjednostavan - kompaktan ure\u0111aj za ugradnju bez napora \u010dak i na tanke zidove","robots":{"index":"index","follow":"follow","max-snippet":"max-snippet:-1","max-image-preview":"max-image-preview:large","max-video-preview":"max-video-preview:-1"},"canonical":"https:\/\/inti.hr\/bs\/proizvod\/susilo-za-ruke-elektricno-1800-w\/","og_locale":"bs_BA","og_type":"article","og_title":"Su\u0161ilo za ruke - elektri\u010dno - 1800 W - Inti","og_description":"sna\u017ean \u2013 motor od 1800 W za protok zraka od 80 m\/shigijenski - beskontaktna uporaba s automatskim senzorombrzo \u2013 visoka temperatura zraka do 45 \u00b0C za su\u0161enje ruku za 40 - 50 ssigurno \u2013 klasa IP za\u0161tite X1 i sigurnosno isklju\u010divanje nakon 60 sjednostavan - kompaktan ure\u0111aj za ugradnju bez napora \u010dak i na tanke zidove","og_url":"https:\/\/inti.hr\/bs\/proizvod\/susilo-za-ruke-elektricno-1800-w\/","og_site_name":"Inti","og_image":[{"width":1600,"height":1600,"url":"https:\/\/i0.wp.com\/inti.hr\/wp-content\/uploads\/2024\/02\/10250160_photo_1.webp?fit=1600%2C1600&ssl=1","type":"image\/webp"}],"twitter_card":"summary_large_image","twitter_misc":{"Est. reading time":"1 minuta"},"schema":{"@context":"https:\/\/schema.org","@graph":[{"@type":"WebPage","@id":"https:\/\/inti.hr\/bs\/proizvod\/susilo-za-ruke-elektricno-1800-w\/","url":"https:\/\/inti.hr\/bs\/proizvod\/susilo-za-ruke-elektricno-1800-w\/","name":"Su\u0161ilo za ruke - elektri\u010dno - 1800 W - Inti","isPartOf":{"@id":"https:\/\/inti.hr\/bs\/#website"},"primaryImageOfPage":{"@id":"https:\/\/inti.hr\/bs\/proizvod\/susilo-za-ruke-elektricno-1800-w\/#primaryimage"},"image":{"@id":"https:\/\/inti.hr\/bs\/proizvod\/susilo-za-ruke-elektricno-1800-w\/#primaryimage"},"thumbnailUrl":"https:\/\/i0.wp.com\/inti.hr\/wp-content\/uploads\/2024\/02\/10250160_photo_1.webp?fit=1600%2C1600&ssl=1","datePublished":"2024-02-07T10:37:47+00:00","dateModified":"2024-02-07T10:37:47+00:00","description":"sna\u017ean \u2013 motor od 1800 W za protok zraka od 80 m\/shigijenski - beskontaktna uporaba s automatskim senzorombrzo \u2013 visoka temperatura zraka do 45 \u00b0C za su\u0161enje ruku za 40 - 50 ssigurno \u2013 klasa IP za\u0161tite X1 i sigurnosno isklju\u010divanje nakon 60 sjednostavan - kompaktan ure\u0111aj za ugradnju bez napora \u010dak i na tanke zidove","breadcrumb":{"@id":"https:\/\/inti.hr\/bs\/proizvod\/susilo-za-ruke-elektricno-1800-w\/#breadcrumb"},"inLanguage":"bs-BA","potentialAction":[{"@type":"ReadAction","target":["https:\/\/inti.hr\/bs\/proizvod\/susilo-za-ruke-elektricno-1800-w\/"]}]},{"@type":"ImageObject","inLanguage":"bs-BA","@id":"https:\/\/inti.hr\/bs\/proizvod\/susilo-za-ruke-elektricno-1800-w\/#primaryimage","url":"https:\/\/i0.wp.com\/inti.hr\/wp-content\/uploads\/2024\/02\/10250160_photo_1.webp?fit=1600%2C1600&ssl=1","contentUrl":"https:\/\/i0.wp.com\/inti.hr\/wp-content\/uploads\/2024\/02\/10250160_photo_1.webp?fit=1600%2C1600&ssl=1","width":1600,"height":1600},{"@type":"BreadcrumbList","@id":"https:\/\/inti.hr\/bs\/proizvod\/susilo-za-ruke-elektricno-1800-w\/#breadcrumb","itemListElement":[{"@type":"ListItem","position":1,"name":"Po\u010detna stranica","item":"https:\/\/inti.hr\/bs\/"},{"@type":"ListItem","position":2,"name":"Trgovina","item":"https:\/\/inti.hr\/bs\/trgovina\/"},{"@type":"ListItem","position":3,"name":"Su\u0161ilo za ruke &#8211; elektri\u010dno &#8211; 1800 W"}]},{"@type":"WebSite","@id":"https:\/\/inti.hr\/bs\/#website","url":"https:\/\/inti.hr\/bs\/","name":"Inti","description":"trgovina","potentialAction":[{"@type":"SearchAction","target":{"@type":"EntryPoint","urlTemplate":"https:\/\/inti.hr\/bs\/?s={search_term_string}"},"query-input":{"@type":"PropertyValueSpecification","valueRequired":true,"valueName":"search_term_string"}}],"inLanguage":"bs-BA"}]}},"jetpack_sharing_enabled":true,"jetpack-related-posts":[],"_links":{"self":[{"href":"https:\/\/inti.hr\/bs\/wp-json\/wp\/v2\/product\/32783"}],"collection":[{"href":"https:\/\/inti.hr\/bs\/wp-json\/wp\/v2\/product"}],"about":[{"href":"https:\/\/inti.hr\/bs\/wp-json\/wp\/v2\/types\/product"}],"wp:featuredmedia":[{"embeddable":true,"href":"https:\/\/inti.hr\/bs\/wp-json\/wp\/v2\/media\/32784"}],"wp:attachment":[{"href":"https:\/\/inti.hr\/bs\/wp-json\/wp\/v2\/media?parent=32783"}],"wp:term":[{"taxonomy":"product_cat","embeddable":true,"href":"https:\/\/inti.hr\/bs\/wp-json\/wp\/v2\/product_cat?post=32783"},{"taxonomy":"product_tag","embeddable":true,"href":"https:\/\/inti.hr\/bs\/wp-json\/wp\/v2\/product_tag?post=32783"}],"curies":[{"name":"wp","href":"https:\/\/api.w.org\/{rel}","templated":true}]}}