{"id":32787,"date":"2024-02-07T08:58:09","date_gmt":"2024-02-07T07:58:09","guid":{"rendered":"https:\/\/inti.hr\/product\/komercijalni-drzac-toaletnog-papira\/"},"modified":"2024-02-07T08:58:09","modified_gmt":"2024-02-07T07:58:09","slug":"komercijalni-drzac-toaletnog-papira","status":"publish","type":"product","link":"https:\/\/inti.hr\/bs\/proizvod\/komercijalni-drzac-toaletnog-papira\/","title":{"rendered":"Komercijalni dr\u017ea\u010d toaletnog papira"},"content":{"rendered":"<p>Detalji proizvoda:<\/p>\n<p>Dr\u017ea\u010d toaletnog papira FOGGIA SILVER tvrtke Physa prakti\u010dan je dodatak za kupaonicu i toalet za u\u010dinkovito pohranjivanje velikih rola toaletnog papira. S ovim dozatorom mo\u017eete sigurno pohraniti i jednostavno ukloniti \u017eeljenu koli\u010dinu toaletnog papira. U skladu s tim, ovaj je proizvod idealan izbor za sve \u010desto posje\u0107ene ili javno dostupne zahode, kao \u0161to su hoteli, kina, restorani, bolnice ili \u010dak \u0161kole.<\/p>\n<p>S dozatorom FOGGIA SILVER odlu\u010dujete se za visokokvalitetni toaletni dodatak koji se mo\u017ee pohvaliti izuzetno elegantnim i minimalisti\u010dkim dizajnom: Ku\u0107i\u0161te je izra\u0111eno od visokokvalitetnog nehr\u0111aju\u0107eg \u010delika i jam\u010di ne samo visoku otpornost na fizi\u010dke i kemijske utjecaje, ve\u0107 i robustan materijal odr\u017eava \u010distu i sjajnu povr\u0161inu dulje vrijeme. Osim toga, glatka povr\u0161ina s finim porama osigurava dugotrajnu higijenu.<\/p>\n<p>Opremljen posebnim mehanizmom za zaklju\u010davanje, dozator se mo\u017ee otvoriti i zatvoriti samo isporu\u010denim klju\u010dem. Na taj na\u010din mo\u017eete sprije\u010diti neovla\u0161teni pristup dr\u017ea\u010du toaletnog papira, a istovremeno za\u0161tititi toaletni papir od vanjskih utjecaja.<\/p>\n<p>Zahvaljuju\u0107i ugra\u0111enom prakti\u010dnom okomitom prozoru, mo\u017eete procijeniti trenutnu koli\u010dinu toaletnog papira u roku od nekoliko sekundi. To vam omogu\u0107uje ugodnu i brzu kontrolu koli\u010dine toaletnog papira, \u010dine\u0107i njegovo obnavljanje bez napora.<\/p>\n<p>Zahvaljuju\u0107i svojim kompaktnim dimenzijama, dr\u017ea\u010d toaletnog papira izuzetno \u0161tedi prostor, \u0161to zna\u010di da se mo\u017ee koristiti iu prili\u010dno sku\u010denim prostorima. Osim toga, s njegovom malom te\u017einom od samo 1,4 kg, mo\u017eete ga bez napora montirati na bilo koji zid, \u010dak i na iznimno tanke.<\/p>\n<p>Kori\u0161tenje dozatora je posebno udobno i jednostavno: jednostavno uhvatite papir, povucite koliko god je potrebno kroz donji otvor i zatim ga udobno otkinite prakti\u010dnim nazubljenim rubom. Nazubljeni rub dovoljno je o\u0161tar da mo\u017eete otrgnuti toaletni papir, a istovremeno je siguran za dodir prstima. Ovaj prakti\u010dno jednostavan sustav upravljanja \u010dini dodirivanje dozatora nepotrebnim, \u010dime se osigurava da \u0107e proizvod ostati higijenski \u010dak i nakon vi\u0161estruke uporabe.<\/p>\n<p>Dr\u017ea\u010d toaletnog papira mo\u017eete napuniti bilo kojom komercijalno dostupnom jumbo rolom promjera od najmanje 70 mm i vanjskog promjera od najvi\u0161e 260 mm. Uz tako veliki kapacitet, ne\u0107ete morati pre\u010desto mijenjati rolu toaletnog papira.<\/p>\n","protected":false},"excerpt":{"rendered":"<p>-prakti\u010dni prozor za kontrolu koli\u010dine<br \/>\n-ku\u0107i\u0161te na zaklju\u010davanje s klju\u010dem<br \/>\n-visokokvalitetno ku\u0107i\u0161te od &#8230; <\/p>\n","protected":false},"featured_media":32788,"template":"","meta":[],"product_cat":[3464],"product_tag":[3484,3465,3485],"yoast_head":"<!-- This site is optimized with the Yoast SEO plugin v23.7 - https:\/\/yoast.com\/wordpress\/plugins\/seo\/ -->\n<title>Komercijalni dr\u017ea\u010d toaletnog papira - Inti<\/title>\n<meta name=\"description\" content=\"prakti\u010dni prozor za kontrolu koli\u010dineku\u0107i\u0161te na zaklju\u010davanje s klju\u010demvisokokvalitetno ku\u0107i\u0161te od nehr\u0111aju\u0107eg \u010delika s minimalisti\u010dkim modernim dizajnomkompaktan i lagan - stane \u010dak iu najmanje WC \u0161koljkenazubljeni rubovi za jednostavno uklanjanje papira\" \/>\n<meta name=\"robots\" content=\"index, follow, max-snippet:-1, max-image-preview:large, max-video-preview:-1\" \/>\n<link rel=\"canonical\" href=\"https:\/\/inti.hr\/bs\/proizvod\/komercijalni-drzac-toaletnog-papira\/\" \/>\n<meta property=\"og:locale\" content=\"bs_BA\" \/>\n<meta property=\"og:type\" content=\"article\" \/>\n<meta property=\"og:title\" content=\"Komercijalni dr\u017ea\u010d toaletnog papira - Inti\" \/>\n<meta property=\"og:description\" content=\"prakti\u010dni prozor za kontrolu koli\u010dineku\u0107i\u0161te na zaklju\u010davanje s klju\u010demvisokokvalitetno ku\u0107i\u0161te od nehr\u0111aju\u0107eg \u010delika s minimalisti\u010dkim modernim dizajnomkompaktan i lagan - stane \u010dak iu najmanje WC \u0161koljkenazubljeni rubovi za jednostavno uklanjanje papira\" \/>\n<meta property=\"og:url\" content=\"https:\/\/inti.hr\/bs\/proizvod\/komercijalni-drzac-toaletnog-papira\/\" \/>\n<meta property=\"og:site_name\" content=\"Inti\" \/>\n<meta property=\"og:image\" content=\"https:\/\/i0.wp.com\/inti.hr\/wp-content\/uploads\/2024\/02\/10040160_photo_1.webp?fit=1600%2C1600&ssl=1\" \/>\n\t<meta property=\"og:image:width\" content=\"1600\" \/>\n\t<meta property=\"og:image:height\" content=\"1600\" \/>\n\t<meta property=\"og:image:type\" content=\"image\/webp\" \/>\n<meta name=\"twitter:card\" content=\"summary_large_image\" \/>\n<meta name=\"twitter:label1\" content=\"Est. reading time\" \/>\n\t<meta name=\"twitter:data1\" content=\"2 minute\" \/>\n<script type=\"application\/ld+json\" class=\"yoast-schema-graph\">{\"@context\":\"https:\/\/schema.org\",\"@graph\":[{\"@type\":\"WebPage\",\"@id\":\"https:\/\/inti.hr\/bs\/proizvod\/komercijalni-drzac-toaletnog-papira\/\",\"url\":\"https:\/\/inti.hr\/bs\/proizvod\/komercijalni-drzac-toaletnog-papira\/\",\"name\":\"Komercijalni dr\u017ea\u010d toaletnog papira - Inti\",\"isPartOf\":{\"@id\":\"https:\/\/inti.hr\/bs\/#website\"},\"primaryImageOfPage\":{\"@id\":\"https:\/\/inti.hr\/bs\/proizvod\/komercijalni-drzac-toaletnog-papira\/#primaryimage\"},\"image\":{\"@id\":\"https:\/\/inti.hr\/bs\/proizvod\/komercijalni-drzac-toaletnog-papira\/#primaryimage\"},\"thumbnailUrl\":\"https:\/\/i0.wp.com\/inti.hr\/wp-content\/uploads\/2024\/02\/10040160_photo_1.webp?fit=1600%2C1600&ssl=1\",\"datePublished\":\"2024-02-07T07:58:09+00:00\",\"dateModified\":\"2024-02-07T07:58:09+00:00\",\"description\":\"prakti\u010dni prozor za kontrolu koli\u010dineku\u0107i\u0161te na zaklju\u010davanje s klju\u010demvisokokvalitetno ku\u0107i\u0161te od nehr\u0111aju\u0107eg \u010delika s minimalisti\u010dkim modernim dizajnomkompaktan i lagan - stane \u010dak iu najmanje WC \u0161koljkenazubljeni rubovi za jednostavno uklanjanje papira\",\"breadcrumb\":{\"@id\":\"https:\/\/inti.hr\/bs\/proizvod\/komercijalni-drzac-toaletnog-papira\/#breadcrumb\"},\"inLanguage\":\"bs-BA\",\"potentialAction\":[{\"@type\":\"ReadAction\",\"target\":[\"https:\/\/inti.hr\/bs\/proizvod\/komercijalni-drzac-toaletnog-papira\/\"]}]},{\"@type\":\"ImageObject\",\"inLanguage\":\"bs-BA\",\"@id\":\"https:\/\/inti.hr\/bs\/proizvod\/komercijalni-drzac-toaletnog-papira\/#primaryimage\",\"url\":\"https:\/\/i0.wp.com\/inti.hr\/wp-content\/uploads\/2024\/02\/10040160_photo_1.webp?fit=1600%2C1600&ssl=1\",\"contentUrl\":\"https:\/\/i0.wp.com\/inti.hr\/wp-content\/uploads\/2024\/02\/10040160_photo_1.webp?fit=1600%2C1600&ssl=1\",\"width\":1600,\"height\":1600},{\"@type\":\"BreadcrumbList\",\"@id\":\"https:\/\/inti.hr\/bs\/proizvod\/komercijalni-drzac-toaletnog-papira\/#breadcrumb\",\"itemListElement\":[{\"@type\":\"ListItem\",\"position\":1,\"name\":\"Po\u010detna stranica\",\"item\":\"https:\/\/inti.hr\/bs\/\"},{\"@type\":\"ListItem\",\"position\":2,\"name\":\"Trgovina\",\"item\":\"https:\/\/inti.hr\/bs\/trgovina\/\"},{\"@type\":\"ListItem\",\"position\":3,\"name\":\"Komercijalni dr\u017ea\u010d toaletnog papira\"}]},{\"@type\":\"WebSite\",\"@id\":\"https:\/\/inti.hr\/bs\/#website\",\"url\":\"https:\/\/inti.hr\/bs\/\",\"name\":\"Inti\",\"description\":\"trgovina\",\"potentialAction\":[{\"@type\":\"SearchAction\",\"target\":{\"@type\":\"EntryPoint\",\"urlTemplate\":\"https:\/\/inti.hr\/bs\/?s={search_term_string}\"},\"query-input\":{\"@type\":\"PropertyValueSpecification\",\"valueRequired\":true,\"valueName\":\"search_term_string\"}}],\"inLanguage\":\"bs-BA\"}]}<\/script>\n<!-- \/ Yoast SEO plugin. -->","yoast_head_json":{"title":"Komercijalni dr\u017ea\u010d toaletnog papira - Inti","description":"prakti\u010dni prozor za kontrolu koli\u010dineku\u0107i\u0161te na zaklju\u010davanje s klju\u010demvisokokvalitetno ku\u0107i\u0161te od nehr\u0111aju\u0107eg \u010delika s minimalisti\u010dkim modernim dizajnomkompaktan i lagan - stane \u010dak iu najmanje WC \u0161koljkenazubljeni rubovi za jednostavno uklanjanje papira","robots":{"index":"index","follow":"follow","max-snippet":"max-snippet:-1","max-image-preview":"max-image-preview:large","max-video-preview":"max-video-preview:-1"},"canonical":"https:\/\/inti.hr\/bs\/proizvod\/komercijalni-drzac-toaletnog-papira\/","og_locale":"bs_BA","og_type":"article","og_title":"Komercijalni dr\u017ea\u010d toaletnog papira - Inti","og_description":"prakti\u010dni prozor za kontrolu koli\u010dineku\u0107i\u0161te na zaklju\u010davanje s klju\u010demvisokokvalitetno ku\u0107i\u0161te od nehr\u0111aju\u0107eg \u010delika s minimalisti\u010dkim modernim dizajnomkompaktan i lagan - stane \u010dak iu najmanje WC \u0161koljkenazubljeni rubovi za jednostavno uklanjanje papira","og_url":"https:\/\/inti.hr\/bs\/proizvod\/komercijalni-drzac-toaletnog-papira\/","og_site_name":"Inti","og_image":[{"width":1600,"height":1600,"url":"https:\/\/i0.wp.com\/inti.hr\/wp-content\/uploads\/2024\/02\/10040160_photo_1.webp?fit=1600%2C1600&ssl=1","type":"image\/webp"}],"twitter_card":"summary_large_image","twitter_misc":{"Est. reading time":"2 minute"},"schema":{"@context":"https:\/\/schema.org","@graph":[{"@type":"WebPage","@id":"https:\/\/inti.hr\/bs\/proizvod\/komercijalni-drzac-toaletnog-papira\/","url":"https:\/\/inti.hr\/bs\/proizvod\/komercijalni-drzac-toaletnog-papira\/","name":"Komercijalni dr\u017ea\u010d toaletnog papira - Inti","isPartOf":{"@id":"https:\/\/inti.hr\/bs\/#website"},"primaryImageOfPage":{"@id":"https:\/\/inti.hr\/bs\/proizvod\/komercijalni-drzac-toaletnog-papira\/#primaryimage"},"image":{"@id":"https:\/\/inti.hr\/bs\/proizvod\/komercijalni-drzac-toaletnog-papira\/#primaryimage"},"thumbnailUrl":"https:\/\/i0.wp.com\/inti.hr\/wp-content\/uploads\/2024\/02\/10040160_photo_1.webp?fit=1600%2C1600&ssl=1","datePublished":"2024-02-07T07:58:09+00:00","dateModified":"2024-02-07T07:58:09+00:00","description":"prakti\u010dni prozor za kontrolu koli\u010dineku\u0107i\u0161te na zaklju\u010davanje s klju\u010demvisokokvalitetno ku\u0107i\u0161te od nehr\u0111aju\u0107eg \u010delika s minimalisti\u010dkim modernim dizajnomkompaktan i lagan - stane \u010dak iu najmanje WC \u0161koljkenazubljeni rubovi za jednostavno uklanjanje papira","breadcrumb":{"@id":"https:\/\/inti.hr\/bs\/proizvod\/komercijalni-drzac-toaletnog-papira\/#breadcrumb"},"inLanguage":"bs-BA","potentialAction":[{"@type":"ReadAction","target":["https:\/\/inti.hr\/bs\/proizvod\/komercijalni-drzac-toaletnog-papira\/"]}]},{"@type":"ImageObject","inLanguage":"bs-BA","@id":"https:\/\/inti.hr\/bs\/proizvod\/komercijalni-drzac-toaletnog-papira\/#primaryimage","url":"https:\/\/i0.wp.com\/inti.hr\/wp-content\/uploads\/2024\/02\/10040160_photo_1.webp?fit=1600%2C1600&ssl=1","contentUrl":"https:\/\/i0.wp.com\/inti.hr\/wp-content\/uploads\/2024\/02\/10040160_photo_1.webp?fit=1600%2C1600&ssl=1","width":1600,"height":1600},{"@type":"BreadcrumbList","@id":"https:\/\/inti.hr\/bs\/proizvod\/komercijalni-drzac-toaletnog-papira\/#breadcrumb","itemListElement":[{"@type":"ListItem","position":1,"name":"Po\u010detna stranica","item":"https:\/\/inti.hr\/bs\/"},{"@type":"ListItem","position":2,"name":"Trgovina","item":"https:\/\/inti.hr\/bs\/trgovina\/"},{"@type":"ListItem","position":3,"name":"Komercijalni dr\u017ea\u010d toaletnog papira"}]},{"@type":"WebSite","@id":"https:\/\/inti.hr\/bs\/#website","url":"https:\/\/inti.hr\/bs\/","name":"Inti","description":"trgovina","potentialAction":[{"@type":"SearchAction","target":{"@type":"EntryPoint","urlTemplate":"https:\/\/inti.hr\/bs\/?s={search_term_string}"},"query-input":{"@type":"PropertyValueSpecification","valueRequired":true,"valueName":"search_term_string"}}],"inLanguage":"bs-BA"}]}},"jetpack_sharing_enabled":true,"jetpack-related-posts":[],"_links":{"self":[{"href":"https:\/\/inti.hr\/bs\/wp-json\/wp\/v2\/product\/32787"}],"collection":[{"href":"https:\/\/inti.hr\/bs\/wp-json\/wp\/v2\/product"}],"about":[{"href":"https:\/\/inti.hr\/bs\/wp-json\/wp\/v2\/types\/product"}],"wp:featuredmedia":[{"embeddable":true,"href":"https:\/\/inti.hr\/bs\/wp-json\/wp\/v2\/media\/32788"}],"wp:attachment":[{"href":"https:\/\/inti.hr\/bs\/wp-json\/wp\/v2\/media?parent=32787"}],"wp:term":[{"taxonomy":"product_cat","embeddable":true,"href":"https:\/\/inti.hr\/bs\/wp-json\/wp\/v2\/product_cat?post=32787"},{"taxonomy":"product_tag","embeddable":true,"href":"https:\/\/inti.hr\/bs\/wp-json\/wp\/v2\/product_tag?post=32787"}],"curies":[{"name":"wp","href":"https:\/\/api.w.org\/{rel}","templated":true}]}}