{"id":32811,"date":"2024-02-06T16:41:28","date_gmt":"2024-02-06T15:41:28","guid":{"rendered":"https:\/\/inti.hr\/product\/samostojeca-polica-kristiansand\/"},"modified":"2024-02-06T16:41:28","modified_gmt":"2024-02-06T15:41:28","slug":"samostojeca-polica-kristiansand","status":"publish","type":"product","link":"https:\/\/inti.hr\/bs\/proizvod\/samostojeca-polica-kristiansand\/","title":{"rendered":"Samostoje\u0107a polica Kristiansand"},"content":{"rendered":"<p>Detalji proizvoda:<\/p>\n<p>&#8211; Elegantna i bezvremenska stoje\u0107a polica<br \/>\n&#8211; S dva velika i \u010detiri mala prostora za odlaganje<br \/>\n&#8211; Idealno za biljke, knjige, ukrase i druge predmete<br \/>\n&#8211; Svestrana za kori\u0161tenje u razli\u010ditim \u017eivotnim prostorima<br \/>\n&#8211; Stabilno postolje zahvaljuju\u0107i \u010detiri noge<br \/>\n&#8211; Brzo i jednostavno postavljanje<\/p>\n<p>Dimenzije:<\/p>\n<p>&#8211; Ukupno (Vx\u0160xD): 101 x 80 x 30 cm<br \/>\n&#8211; Visina stopala: 7 cm<\/p>\n<p>Materijal:<\/p>\n<p>&#8211; Okvir: metal<br \/>\n&#8211; Police: MDF<\/p>\n<p>Boja:<\/p>\n<p>Izgled crno\/hrast<\/p>\n","protected":false},"excerpt":{"rendered":"<p>Ova elegantna i prakti\u010dna polica za knjige ima ukupno \u0161est polica &#8230; <\/p>\n","protected":false},"featured_media":32812,"template":"","meta":[],"product_cat":[2418],"product_tag":[2598,3498],"yoast_head":"<!-- This site is optimized with the Yoast SEO plugin v23.7 - https:\/\/yoast.com\/wordpress\/plugins\/seo\/ -->\n<title>Samostoje\u0107a polica Kristiansand - Inti<\/title>\n<meta name=\"description\" content=\"Ova elegantna i prakti\u010dna polica za knjige ima ukupno \u0161est polica i idealna je za izlaganje svih predmeta. Svestran je i savr\u0161eno se uklapa u razli\u010dite prostorije, bilo da se radi o dnevnoj sobi, spava\u0107oj sobi ili uredu.Pretvorite svoju dnevnu sobu u zelenu oazu koriste\u0107i policu za omiljene biljke ili ukrasne predmete. U isto vrijeme, fleksibilan dizajn nudi mogu\u0107nost kori\u0161tenja ove police kao prezentacijskog prostora za knjige, umjetni\u010dka djela ili suvenire.Zahvaljuju\u0107i prilo\u017eenim uputama za sastavljanje, sastavljanje ove police je brzo i jednostavno, tako da je mo\u017eete sastaviti s lako\u0107om. Elegantne noge osiguravaju stabilan stalak i doprinose uspje\u0161nom dizajnu.\" \/>\n<meta name=\"robots\" content=\"index, follow, max-snippet:-1, max-image-preview:large, max-video-preview:-1\" \/>\n<link rel=\"canonical\" href=\"https:\/\/inti.hr\/bs\/proizvod\/samostojeca-polica-kristiansand\/\" \/>\n<meta property=\"og:locale\" content=\"bs_BA\" \/>\n<meta property=\"og:type\" content=\"article\" \/>\n<meta property=\"og:title\" content=\"Samostoje\u0107a polica Kristiansand - Inti\" \/>\n<meta property=\"og:description\" content=\"Ova elegantna i prakti\u010dna polica za knjige ima ukupno \u0161est polica i idealna je za izlaganje svih predmeta. Svestran je i savr\u0161eno se uklapa u razli\u010dite prostorije, bilo da se radi o dnevnoj sobi, spava\u0107oj sobi ili uredu.Pretvorite svoju dnevnu sobu u zelenu oazu koriste\u0107i policu za omiljene biljke ili ukrasne predmete. U isto vrijeme, fleksibilan dizajn nudi mogu\u0107nost kori\u0161tenja ove police kao prezentacijskog prostora za knjige, umjetni\u010dka djela ili suvenire.Zahvaljuju\u0107i prilo\u017eenim uputama za sastavljanje, sastavljanje ove police je brzo i jednostavno, tako da je mo\u017eete sastaviti s lako\u0107om. Elegantne noge osiguravaju stabilan stalak i doprinose uspje\u0161nom dizajnu.\" \/>\n<meta property=\"og:url\" content=\"https:\/\/inti.hr\/bs\/proizvod\/samostojeca-polica-kristiansand\/\" \/>\n<meta property=\"og:site_name\" content=\"Inti\" \/>\n<meta property=\"og:image\" content=\"https:\/\/i0.wp.com\/inti.hr\/wp-content\/uploads\/2024\/02\/b3e93aba6dac5b64749c859e75234055.jpg?fit=1400%2C1400&ssl=1\" \/>\n\t<meta property=\"og:image:width\" content=\"1400\" \/>\n\t<meta property=\"og:image:height\" content=\"1400\" \/>\n\t<meta property=\"og:image:type\" content=\"image\/jpeg\" \/>\n<meta name=\"twitter:card\" content=\"summary_large_image\" \/>\n<script type=\"application\/ld+json\" class=\"yoast-schema-graph\">{\"@context\":\"https:\/\/schema.org\",\"@graph\":[{\"@type\":\"WebPage\",\"@id\":\"https:\/\/inti.hr\/bs\/proizvod\/samostojeca-polica-kristiansand\/\",\"url\":\"https:\/\/inti.hr\/bs\/proizvod\/samostojeca-polica-kristiansand\/\",\"name\":\"Samostoje\u0107a polica Kristiansand - Inti\",\"isPartOf\":{\"@id\":\"https:\/\/inti.hr\/bs\/#website\"},\"primaryImageOfPage\":{\"@id\":\"https:\/\/inti.hr\/bs\/proizvod\/samostojeca-polica-kristiansand\/#primaryimage\"},\"image\":{\"@id\":\"https:\/\/inti.hr\/bs\/proizvod\/samostojeca-polica-kristiansand\/#primaryimage\"},\"thumbnailUrl\":\"https:\/\/i0.wp.com\/inti.hr\/wp-content\/uploads\/2024\/02\/b3e93aba6dac5b64749c859e75234055.jpg?fit=1400%2C1400&ssl=1\",\"datePublished\":\"2024-02-06T15:41:28+00:00\",\"dateModified\":\"2024-02-06T15:41:28+00:00\",\"description\":\"Ova elegantna i prakti\u010dna polica za knjige ima ukupno \u0161est polica i idealna je za izlaganje svih predmeta. Svestran je i savr\u0161eno se uklapa u razli\u010dite prostorije, bilo da se radi o dnevnoj sobi, spava\u0107oj sobi ili uredu.Pretvorite svoju dnevnu sobu u zelenu oazu koriste\u0107i policu za omiljene biljke ili ukrasne predmete. U isto vrijeme, fleksibilan dizajn nudi mogu\u0107nost kori\u0161tenja ove police kao prezentacijskog prostora za knjige, umjetni\u010dka djela ili suvenire.Zahvaljuju\u0107i prilo\u017eenim uputama za sastavljanje, sastavljanje ove police je brzo i jednostavno, tako da je mo\u017eete sastaviti s lako\u0107om. Elegantne noge osiguravaju stabilan stalak i doprinose uspje\u0161nom dizajnu.\",\"breadcrumb\":{\"@id\":\"https:\/\/inti.hr\/bs\/proizvod\/samostojeca-polica-kristiansand\/#breadcrumb\"},\"inLanguage\":\"bs-BA\",\"potentialAction\":[{\"@type\":\"ReadAction\",\"target\":[\"https:\/\/inti.hr\/bs\/proizvod\/samostojeca-polica-kristiansand\/\"]}]},{\"@type\":\"ImageObject\",\"inLanguage\":\"bs-BA\",\"@id\":\"https:\/\/inti.hr\/bs\/proizvod\/samostojeca-polica-kristiansand\/#primaryimage\",\"url\":\"https:\/\/i0.wp.com\/inti.hr\/wp-content\/uploads\/2024\/02\/b3e93aba6dac5b64749c859e75234055.jpg?fit=1400%2C1400&ssl=1\",\"contentUrl\":\"https:\/\/i0.wp.com\/inti.hr\/wp-content\/uploads\/2024\/02\/b3e93aba6dac5b64749c859e75234055.jpg?fit=1400%2C1400&ssl=1\",\"width\":1400,\"height\":1400,\"caption\":\"samostoje\u0107a polica\"},{\"@type\":\"BreadcrumbList\",\"@id\":\"https:\/\/inti.hr\/bs\/proizvod\/samostojeca-polica-kristiansand\/#breadcrumb\",\"itemListElement\":[{\"@type\":\"ListItem\",\"position\":1,\"name\":\"Po\u010detna stranica\",\"item\":\"https:\/\/inti.hr\/bs\/\"},{\"@type\":\"ListItem\",\"position\":2,\"name\":\"Trgovina\",\"item\":\"https:\/\/inti.hr\/bs\/trgovina\/\"},{\"@type\":\"ListItem\",\"position\":3,\"name\":\"Samostoje\u0107a polica Kristiansand\"}]},{\"@type\":\"WebSite\",\"@id\":\"https:\/\/inti.hr\/bs\/#website\",\"url\":\"https:\/\/inti.hr\/bs\/\",\"name\":\"Inti\",\"description\":\"trgovina\",\"potentialAction\":[{\"@type\":\"SearchAction\",\"target\":{\"@type\":\"EntryPoint\",\"urlTemplate\":\"https:\/\/inti.hr\/bs\/?s={search_term_string}\"},\"query-input\":{\"@type\":\"PropertyValueSpecification\",\"valueRequired\":true,\"valueName\":\"search_term_string\"}}],\"inLanguage\":\"bs-BA\"}]}<\/script>\n<!-- \/ Yoast SEO plugin. -->","yoast_head_json":{"title":"Samostoje\u0107a polica Kristiansand - Inti","description":"Ova elegantna i prakti\u010dna polica za knjige ima ukupno \u0161est polica i idealna je za izlaganje svih predmeta. Svestran je i savr\u0161eno se uklapa u razli\u010dite prostorije, bilo da se radi o dnevnoj sobi, spava\u0107oj sobi ili uredu.Pretvorite svoju dnevnu sobu u zelenu oazu koriste\u0107i policu za omiljene biljke ili ukrasne predmete. U isto vrijeme, fleksibilan dizajn nudi mogu\u0107nost kori\u0161tenja ove police kao prezentacijskog prostora za knjige, umjetni\u010dka djela ili suvenire.Zahvaljuju\u0107i prilo\u017eenim uputama za sastavljanje, sastavljanje ove police je brzo i jednostavno, tako da je mo\u017eete sastaviti s lako\u0107om. Elegantne noge osiguravaju stabilan stalak i doprinose uspje\u0161nom dizajnu.","robots":{"index":"index","follow":"follow","max-snippet":"max-snippet:-1","max-image-preview":"max-image-preview:large","max-video-preview":"max-video-preview:-1"},"canonical":"https:\/\/inti.hr\/bs\/proizvod\/samostojeca-polica-kristiansand\/","og_locale":"bs_BA","og_type":"article","og_title":"Samostoje\u0107a polica Kristiansand - Inti","og_description":"Ova elegantna i prakti\u010dna polica za knjige ima ukupno \u0161est polica i idealna je za izlaganje svih predmeta. Svestran je i savr\u0161eno se uklapa u razli\u010dite prostorije, bilo da se radi o dnevnoj sobi, spava\u0107oj sobi ili uredu.Pretvorite svoju dnevnu sobu u zelenu oazu koriste\u0107i policu za omiljene biljke ili ukrasne predmete. U isto vrijeme, fleksibilan dizajn nudi mogu\u0107nost kori\u0161tenja ove police kao prezentacijskog prostora za knjige, umjetni\u010dka djela ili suvenire.Zahvaljuju\u0107i prilo\u017eenim uputama za sastavljanje, sastavljanje ove police je brzo i jednostavno, tako da je mo\u017eete sastaviti s lako\u0107om. Elegantne noge osiguravaju stabilan stalak i doprinose uspje\u0161nom dizajnu.","og_url":"https:\/\/inti.hr\/bs\/proizvod\/samostojeca-polica-kristiansand\/","og_site_name":"Inti","og_image":[{"width":1400,"height":1400,"url":"https:\/\/i0.wp.com\/inti.hr\/wp-content\/uploads\/2024\/02\/b3e93aba6dac5b64749c859e75234055.jpg?fit=1400%2C1400&ssl=1","type":"image\/jpeg"}],"twitter_card":"summary_large_image","schema":{"@context":"https:\/\/schema.org","@graph":[{"@type":"WebPage","@id":"https:\/\/inti.hr\/bs\/proizvod\/samostojeca-polica-kristiansand\/","url":"https:\/\/inti.hr\/bs\/proizvod\/samostojeca-polica-kristiansand\/","name":"Samostoje\u0107a polica Kristiansand - Inti","isPartOf":{"@id":"https:\/\/inti.hr\/bs\/#website"},"primaryImageOfPage":{"@id":"https:\/\/inti.hr\/bs\/proizvod\/samostojeca-polica-kristiansand\/#primaryimage"},"image":{"@id":"https:\/\/inti.hr\/bs\/proizvod\/samostojeca-polica-kristiansand\/#primaryimage"},"thumbnailUrl":"https:\/\/i0.wp.com\/inti.hr\/wp-content\/uploads\/2024\/02\/b3e93aba6dac5b64749c859e75234055.jpg?fit=1400%2C1400&ssl=1","datePublished":"2024-02-06T15:41:28+00:00","dateModified":"2024-02-06T15:41:28+00:00","description":"Ova elegantna i prakti\u010dna polica za knjige ima ukupno \u0161est polica i idealna je za izlaganje svih predmeta. Svestran je i savr\u0161eno se uklapa u razli\u010dite prostorije, bilo da se radi o dnevnoj sobi, spava\u0107oj sobi ili uredu.Pretvorite svoju dnevnu sobu u zelenu oazu koriste\u0107i policu za omiljene biljke ili ukrasne predmete. U isto vrijeme, fleksibilan dizajn nudi mogu\u0107nost kori\u0161tenja ove police kao prezentacijskog prostora za knjige, umjetni\u010dka djela ili suvenire.Zahvaljuju\u0107i prilo\u017eenim uputama za sastavljanje, sastavljanje ove police je brzo i jednostavno, tako da je mo\u017eete sastaviti s lako\u0107om. Elegantne noge osiguravaju stabilan stalak i doprinose uspje\u0161nom dizajnu.","breadcrumb":{"@id":"https:\/\/inti.hr\/bs\/proizvod\/samostojeca-polica-kristiansand\/#breadcrumb"},"inLanguage":"bs-BA","potentialAction":[{"@type":"ReadAction","target":["https:\/\/inti.hr\/bs\/proizvod\/samostojeca-polica-kristiansand\/"]}]},{"@type":"ImageObject","inLanguage":"bs-BA","@id":"https:\/\/inti.hr\/bs\/proizvod\/samostojeca-polica-kristiansand\/#primaryimage","url":"https:\/\/i0.wp.com\/inti.hr\/wp-content\/uploads\/2024\/02\/b3e93aba6dac5b64749c859e75234055.jpg?fit=1400%2C1400&ssl=1","contentUrl":"https:\/\/i0.wp.com\/inti.hr\/wp-content\/uploads\/2024\/02\/b3e93aba6dac5b64749c859e75234055.jpg?fit=1400%2C1400&ssl=1","width":1400,"height":1400,"caption":"samostoje\u0107a polica"},{"@type":"BreadcrumbList","@id":"https:\/\/inti.hr\/bs\/proizvod\/samostojeca-polica-kristiansand\/#breadcrumb","itemListElement":[{"@type":"ListItem","position":1,"name":"Po\u010detna stranica","item":"https:\/\/inti.hr\/bs\/"},{"@type":"ListItem","position":2,"name":"Trgovina","item":"https:\/\/inti.hr\/bs\/trgovina\/"},{"@type":"ListItem","position":3,"name":"Samostoje\u0107a polica Kristiansand"}]},{"@type":"WebSite","@id":"https:\/\/inti.hr\/bs\/#website","url":"https:\/\/inti.hr\/bs\/","name":"Inti","description":"trgovina","potentialAction":[{"@type":"SearchAction","target":{"@type":"EntryPoint","urlTemplate":"https:\/\/inti.hr\/bs\/?s={search_term_string}"},"query-input":{"@type":"PropertyValueSpecification","valueRequired":true,"valueName":"search_term_string"}}],"inLanguage":"bs-BA"}]}},"jetpack_sharing_enabled":true,"jetpack-related-posts":[],"_links":{"self":[{"href":"https:\/\/inti.hr\/bs\/wp-json\/wp\/v2\/product\/32811"}],"collection":[{"href":"https:\/\/inti.hr\/bs\/wp-json\/wp\/v2\/product"}],"about":[{"href":"https:\/\/inti.hr\/bs\/wp-json\/wp\/v2\/types\/product"}],"wp:featuredmedia":[{"embeddable":true,"href":"https:\/\/inti.hr\/bs\/wp-json\/wp\/v2\/media\/32812"}],"wp:attachment":[{"href":"https:\/\/inti.hr\/bs\/wp-json\/wp\/v2\/media?parent=32811"}],"wp:term":[{"taxonomy":"product_cat","embeddable":true,"href":"https:\/\/inti.hr\/bs\/wp-json\/wp\/v2\/product_cat?post=32811"},{"taxonomy":"product_tag","embeddable":true,"href":"https:\/\/inti.hr\/bs\/wp-json\/wp\/v2\/product_tag?post=32811"}],"curies":[{"name":"wp","href":"https:\/\/api.w.org\/{rel}","templated":true}]}}