{"id":32839,"date":"2024-01-29T09:05:39","date_gmt":"2024-01-29T09:05:39","guid":{"rendered":"https:\/\/inti.hr\/product\/sklopivi-radni-stol-120x60cm\/"},"modified":"2024-01-29T09:05:39","modified_gmt":"2024-01-29T09:05:39","slug":"sklopivi-radni-stol-120x60cm","status":"publish","type":"product","link":"https:\/\/inti.hr\/bs\/proizvod\/sklopivi-radni-stol-120x60cm\/","title":{"rendered":"Sklopivi radni stol 120x60cm"},"content":{"rendered":"<p>Detalji proizvoda:<\/p>\n<p>Sklopivi radni stol izra\u0111en od visokokvalitetnog i robusnog nehr\u0111aju\u0107eg \u010delika odlikuje se univerzalnom mogu\u0107no\u0161\u0107u primjene. Nudi posebno veliku radnu povr\u0161inu i prakti\u010dnu funkciju preklapanja \u0161to stol \u010dini posebno prikladnim za mobilnu upotrebu. Savr\u0161en je izbor za catering usluge, \u0161tandove s hranom, kao iu hotelima, barovima ili restoranima. Posebno na vanjskim doga\u0111ajima, mo\u017ee se u trenu postaviti kao stol za ro\u0161tiljanje na otvorenom zahvaljuju\u0107i svom sklopivom dizajnu.<\/p>\n<p>&nbsp;<\/p>\n<p>Tehni\u010dke pojedinosti:<\/p>\n<p>Boja: srebro<\/p>\n<p>Broj polica: 1<\/p>\n<p>Dimenzije (Dx\u0160xV): 60 x 120 x 90.5 cm<\/p>\n<p>Pode\u0161avanje no\u017eica [mm]: 10<\/p>\n<p>Debljina materijala [mm]: 1.35 mm<\/p>\n<p>Te\u017eina: 18.15kg<\/p>\n<p>Dimenzije gornje police [cm]: 120 x 60 x 5<\/p>\n<p>Ukupna nosivost [kg]: 120kg<\/p>\n<p>&nbsp;<\/p>\n","protected":false},"excerpt":{"rendered":"<p>Visoka mobilnost zahvaljuju\u0107i svom sklopivom dizajnu.<br \/>\nVelika radna povr\u0161ina od 120 x &#8230; <\/p>\n","protected":false},"featured_media":32840,"template":"","meta":[],"product_cat":[3502],"product_tag":[3503,3504],"yoast_head":"<!-- This site is optimized with the Yoast SEO plugin v23.7 - https:\/\/yoast.com\/wordpress\/plugins\/seo\/ -->\n<title>Sklopivi radni stol 120x60cm - Inti<\/title>\n<meta name=\"description\" content=\"visoka mobilnost zahvaljuju\u0107i svom sklopivom dizajnuvelika radna povr\u0161ina od 120 x 60 cmlaka i brza monta\u017ea i demonta\u017eavelika nosivost do 120 kgoptimalna, podesiva radna visina\u010dvrsta konstrukcija od nehr\u0111aju\u0107eg \u010delika.\" \/>\n<meta name=\"robots\" content=\"index, follow, max-snippet:-1, max-image-preview:large, max-video-preview:-1\" \/>\n<link rel=\"canonical\" href=\"https:\/\/inti.hr\/bs\/proizvod\/sklopivi-radni-stol-120x60cm\/\" \/>\n<meta property=\"og:locale\" content=\"bs_BA\" \/>\n<meta property=\"og:type\" content=\"article\" \/>\n<meta property=\"og:title\" content=\"Sklopivi radni stol 120x60cm - Inti\" \/>\n<meta property=\"og:description\" content=\"visoka mobilnost zahvaljuju\u0107i svom sklopivom dizajnuvelika radna povr\u0161ina od 120 x 60 cmlaka i brza monta\u017ea i demonta\u017eavelika nosivost do 120 kgoptimalna, podesiva radna visina\u010dvrsta konstrukcija od nehr\u0111aju\u0107eg \u010delika.\" \/>\n<meta property=\"og:url\" content=\"https:\/\/inti.hr\/bs\/proizvod\/sklopivi-radni-stol-120x60cm\/\" \/>\n<meta property=\"og:site_name\" content=\"Inti\" \/>\n<meta property=\"og:image\" content=\"https:\/\/i0.wp.com\/inti.hr\/wp-content\/uploads\/2024\/01\/10010738_photo_1.webp?fit=1600%2C1600&ssl=1\" \/>\n\t<meta property=\"og:image:width\" content=\"1600\" \/>\n\t<meta property=\"og:image:height\" content=\"1600\" \/>\n\t<meta property=\"og:image:type\" content=\"image\/webp\" \/>\n<meta name=\"twitter:card\" content=\"summary_large_image\" \/>\n<meta name=\"twitter:label1\" content=\"Est. reading time\" \/>\n\t<meta name=\"twitter:data1\" content=\"1 minuta\" \/>\n<script type=\"application\/ld+json\" class=\"yoast-schema-graph\">{\"@context\":\"https:\/\/schema.org\",\"@graph\":[{\"@type\":\"WebPage\",\"@id\":\"https:\/\/inti.hr\/bs\/proizvod\/sklopivi-radni-stol-120x60cm\/\",\"url\":\"https:\/\/inti.hr\/bs\/proizvod\/sklopivi-radni-stol-120x60cm\/\",\"name\":\"Sklopivi radni stol 120x60cm - Inti\",\"isPartOf\":{\"@id\":\"https:\/\/inti.hr\/bs\/#website\"},\"primaryImageOfPage\":{\"@id\":\"https:\/\/inti.hr\/bs\/proizvod\/sklopivi-radni-stol-120x60cm\/#primaryimage\"},\"image\":{\"@id\":\"https:\/\/inti.hr\/bs\/proizvod\/sklopivi-radni-stol-120x60cm\/#primaryimage\"},\"thumbnailUrl\":\"https:\/\/i0.wp.com\/inti.hr\/wp-content\/uploads\/2024\/01\/10010738_photo_1.webp?fit=1600%2C1600&ssl=1\",\"datePublished\":\"2024-01-29T09:05:39+00:00\",\"dateModified\":\"2024-01-29T09:05:39+00:00\",\"description\":\"visoka mobilnost zahvaljuju\u0107i svom sklopivom dizajnuvelika radna povr\u0161ina od 120 x 60 cmlaka i brza monta\u017ea i demonta\u017eavelika nosivost do 120 kgoptimalna, podesiva radna visina\u010dvrsta konstrukcija od nehr\u0111aju\u0107eg \u010delika.\",\"breadcrumb\":{\"@id\":\"https:\/\/inti.hr\/bs\/proizvod\/sklopivi-radni-stol-120x60cm\/#breadcrumb\"},\"inLanguage\":\"bs-BA\",\"potentialAction\":[{\"@type\":\"ReadAction\",\"target\":[\"https:\/\/inti.hr\/bs\/proizvod\/sklopivi-radni-stol-120x60cm\/\"]}]},{\"@type\":\"ImageObject\",\"inLanguage\":\"bs-BA\",\"@id\":\"https:\/\/inti.hr\/bs\/proizvod\/sklopivi-radni-stol-120x60cm\/#primaryimage\",\"url\":\"https:\/\/i0.wp.com\/inti.hr\/wp-content\/uploads\/2024\/01\/10010738_photo_1.webp?fit=1600%2C1600&ssl=1\",\"contentUrl\":\"https:\/\/i0.wp.com\/inti.hr\/wp-content\/uploads\/2024\/01\/10010738_photo_1.webp?fit=1600%2C1600&ssl=1\",\"width\":1600,\"height\":1600},{\"@type\":\"BreadcrumbList\",\"@id\":\"https:\/\/inti.hr\/bs\/proizvod\/sklopivi-radni-stol-120x60cm\/#breadcrumb\",\"itemListElement\":[{\"@type\":\"ListItem\",\"position\":1,\"name\":\"Po\u010detna stranica\",\"item\":\"https:\/\/inti.hr\/bs\/\"},{\"@type\":\"ListItem\",\"position\":2,\"name\":\"Trgovina\",\"item\":\"https:\/\/inti.hr\/bs\/trgovina\/\"},{\"@type\":\"ListItem\",\"position\":3,\"name\":\"Sklopivi radni stol 120x60cm\"}]},{\"@type\":\"WebSite\",\"@id\":\"https:\/\/inti.hr\/bs\/#website\",\"url\":\"https:\/\/inti.hr\/bs\/\",\"name\":\"Inti\",\"description\":\"trgovina\",\"potentialAction\":[{\"@type\":\"SearchAction\",\"target\":{\"@type\":\"EntryPoint\",\"urlTemplate\":\"https:\/\/inti.hr\/bs\/?s={search_term_string}\"},\"query-input\":{\"@type\":\"PropertyValueSpecification\",\"valueRequired\":true,\"valueName\":\"search_term_string\"}}],\"inLanguage\":\"bs-BA\"}]}<\/script>\n<!-- \/ Yoast SEO plugin. -->","yoast_head_json":{"title":"Sklopivi radni stol 120x60cm - Inti","description":"visoka mobilnost zahvaljuju\u0107i svom sklopivom dizajnuvelika radna povr\u0161ina od 120 x 60 cmlaka i brza monta\u017ea i demonta\u017eavelika nosivost do 120 kgoptimalna, podesiva radna visina\u010dvrsta konstrukcija od nehr\u0111aju\u0107eg \u010delika.","robots":{"index":"index","follow":"follow","max-snippet":"max-snippet:-1","max-image-preview":"max-image-preview:large","max-video-preview":"max-video-preview:-1"},"canonical":"https:\/\/inti.hr\/bs\/proizvod\/sklopivi-radni-stol-120x60cm\/","og_locale":"bs_BA","og_type":"article","og_title":"Sklopivi radni stol 120x60cm - Inti","og_description":"visoka mobilnost zahvaljuju\u0107i svom sklopivom dizajnuvelika radna povr\u0161ina od 120 x 60 cmlaka i brza monta\u017ea i demonta\u017eavelika nosivost do 120 kgoptimalna, podesiva radna visina\u010dvrsta konstrukcija od nehr\u0111aju\u0107eg \u010delika.","og_url":"https:\/\/inti.hr\/bs\/proizvod\/sklopivi-radni-stol-120x60cm\/","og_site_name":"Inti","og_image":[{"width":1600,"height":1600,"url":"https:\/\/i0.wp.com\/inti.hr\/wp-content\/uploads\/2024\/01\/10010738_photo_1.webp?fit=1600%2C1600&ssl=1","type":"image\/webp"}],"twitter_card":"summary_large_image","twitter_misc":{"Est. reading time":"1 minuta"},"schema":{"@context":"https:\/\/schema.org","@graph":[{"@type":"WebPage","@id":"https:\/\/inti.hr\/bs\/proizvod\/sklopivi-radni-stol-120x60cm\/","url":"https:\/\/inti.hr\/bs\/proizvod\/sklopivi-radni-stol-120x60cm\/","name":"Sklopivi radni stol 120x60cm - Inti","isPartOf":{"@id":"https:\/\/inti.hr\/bs\/#website"},"primaryImageOfPage":{"@id":"https:\/\/inti.hr\/bs\/proizvod\/sklopivi-radni-stol-120x60cm\/#primaryimage"},"image":{"@id":"https:\/\/inti.hr\/bs\/proizvod\/sklopivi-radni-stol-120x60cm\/#primaryimage"},"thumbnailUrl":"https:\/\/i0.wp.com\/inti.hr\/wp-content\/uploads\/2024\/01\/10010738_photo_1.webp?fit=1600%2C1600&ssl=1","datePublished":"2024-01-29T09:05:39+00:00","dateModified":"2024-01-29T09:05:39+00:00","description":"visoka mobilnost zahvaljuju\u0107i svom sklopivom dizajnuvelika radna povr\u0161ina od 120 x 60 cmlaka i brza monta\u017ea i demonta\u017eavelika nosivost do 120 kgoptimalna, podesiva radna visina\u010dvrsta konstrukcija od nehr\u0111aju\u0107eg \u010delika.","breadcrumb":{"@id":"https:\/\/inti.hr\/bs\/proizvod\/sklopivi-radni-stol-120x60cm\/#breadcrumb"},"inLanguage":"bs-BA","potentialAction":[{"@type":"ReadAction","target":["https:\/\/inti.hr\/bs\/proizvod\/sklopivi-radni-stol-120x60cm\/"]}]},{"@type":"ImageObject","inLanguage":"bs-BA","@id":"https:\/\/inti.hr\/bs\/proizvod\/sklopivi-radni-stol-120x60cm\/#primaryimage","url":"https:\/\/i0.wp.com\/inti.hr\/wp-content\/uploads\/2024\/01\/10010738_photo_1.webp?fit=1600%2C1600&ssl=1","contentUrl":"https:\/\/i0.wp.com\/inti.hr\/wp-content\/uploads\/2024\/01\/10010738_photo_1.webp?fit=1600%2C1600&ssl=1","width":1600,"height":1600},{"@type":"BreadcrumbList","@id":"https:\/\/inti.hr\/bs\/proizvod\/sklopivi-radni-stol-120x60cm\/#breadcrumb","itemListElement":[{"@type":"ListItem","position":1,"name":"Po\u010detna stranica","item":"https:\/\/inti.hr\/bs\/"},{"@type":"ListItem","position":2,"name":"Trgovina","item":"https:\/\/inti.hr\/bs\/trgovina\/"},{"@type":"ListItem","position":3,"name":"Sklopivi radni stol 120x60cm"}]},{"@type":"WebSite","@id":"https:\/\/inti.hr\/bs\/#website","url":"https:\/\/inti.hr\/bs\/","name":"Inti","description":"trgovina","potentialAction":[{"@type":"SearchAction","target":{"@type":"EntryPoint","urlTemplate":"https:\/\/inti.hr\/bs\/?s={search_term_string}"},"query-input":{"@type":"PropertyValueSpecification","valueRequired":true,"valueName":"search_term_string"}}],"inLanguage":"bs-BA"}]}},"jetpack_sharing_enabled":true,"jetpack-related-posts":[],"_links":{"self":[{"href":"https:\/\/inti.hr\/bs\/wp-json\/wp\/v2\/product\/32839"}],"collection":[{"href":"https:\/\/inti.hr\/bs\/wp-json\/wp\/v2\/product"}],"about":[{"href":"https:\/\/inti.hr\/bs\/wp-json\/wp\/v2\/types\/product"}],"wp:featuredmedia":[{"embeddable":true,"href":"https:\/\/inti.hr\/bs\/wp-json\/wp\/v2\/media\/32840"}],"wp:attachment":[{"href":"https:\/\/inti.hr\/bs\/wp-json\/wp\/v2\/media?parent=32839"}],"wp:term":[{"taxonomy":"product_cat","embeddable":true,"href":"https:\/\/inti.hr\/bs\/wp-json\/wp\/v2\/product_cat?post=32839"},{"taxonomy":"product_tag","embeddable":true,"href":"https:\/\/inti.hr\/bs\/wp-json\/wp\/v2\/product_tag?post=32839"}],"curies":[{"name":"wp","href":"https:\/\/api.w.org\/{rel}","templated":true}]}}