{"id":32887,"date":"2024-01-26T13:36:23","date_gmt":"2024-01-26T13:36:23","guid":{"rendered":"https:\/\/inti.hr\/product\/kupaonski-stupni-ormaric-315x30x162cm\/"},"modified":"2024-01-26T13:36:23","modified_gmt":"2024-01-26T13:36:23","slug":"kupaonski-stupni-ormaric-315x30x162cm","status":"publish","type":"product","link":"https:\/\/inti.hr\/bs\/proizvod\/kupaonski-stupni-ormaric-315x30x162cm\/","title":{"rendered":"Kupaonski stupni ormari\u0107 31,5x30x162cm"},"content":{"rendered":"<p>Detalji proizvoda:<\/p>\n<p>Te\u017eina: pribli\u017eno 17,75 kg<br \/>\nTestirano za: 60 kg<br \/>\nMaterijal: MDF, PB(E1), melaminska folija, \u017eeljezo<br \/>\nMjere proizvoda: 31,5x30x162 cm (vidi sliku)<br \/>\nDostava: u 1 paketu<br \/>\nDimenzije pakiranja: 90&#215;38,5&#215;17 cm<br \/>\nS uputama za sastavljanje i vijcima. Jednostavna instalacija.<\/p>\n","protected":false},"excerpt":{"rendered":"<p>Ormar koji \u0161tedi prostor, idealan za kuhinju ili kupaonicu. Lako se &#8230; <\/p>\n","protected":false},"featured_media":32888,"template":"","meta":[],"product_cat":[2392],"product_tag":[2520,3520],"yoast_head":"<!-- This site is optimized with the Yoast SEO plugin v23.7 - https:\/\/yoast.com\/wordpress\/plugins\/seo\/ -->\n<title>Kupaonski stupni ormari\u0107 31,5x30x162cm - Inti<\/title>\n<meta name=\"description\" content=\"Ormar koji \u0161tedi prostor, idealan za kuhinju ili kupaonicu. Lako se postavlja izme\u0111u dva komada namje\u0161taja, to\u010dno tamo gdje imate neiskori\u0161ten prostor. Sa svojih 30 cm \u0161irine mo\u017ee se koristiti bilo gdje. Njegov elegantan i funkcionalan izgled \u010dini ga savr\u0161enim za kupaonicu, dnevni boravak ili spava\u0107u sobu.S visokim i jednostavnim ormari\u0107em kona\u010dno \u0107ete imati dovoljno prostora za odlaganje stvari u kupaonici i odr\u017eavanje urednog izgleda.Ovaj kupaonski stup ne samo da stvara dovoljno prostora za pohranjivanje stvari koje su vam potrebne za svakodnevnu njegu, ve\u0107 i svojim atraktivnim dizajnom prenosi doma\u0107u atmosferu u va\u0161u kupaonicu.Opremljen s dva otvorena odjeljka za pohranu i dva ormari\u0107a s vratima. Njegov elegantan i funkcionalan izgled \u010dini ga savr\u0161enim za kupaonicu, dnevni boravak ili spava\u0107u sobu.\" \/>\n<meta name=\"robots\" content=\"index, follow, max-snippet:-1, max-image-preview:large, max-video-preview:-1\" \/>\n<link rel=\"canonical\" href=\"https:\/\/inti.hr\/bs\/proizvod\/kupaonski-stupni-ormaric-315x30x162cm\/\" \/>\n<meta property=\"og:locale\" content=\"bs_BA\" \/>\n<meta property=\"og:type\" content=\"article\" \/>\n<meta property=\"og:title\" content=\"Kupaonski stupni ormari\u0107 31,5x30x162cm - Inti\" \/>\n<meta property=\"og:description\" content=\"Ormar koji \u0161tedi prostor, idealan za kuhinju ili kupaonicu. Lako se postavlja izme\u0111u dva komada namje\u0161taja, to\u010dno tamo gdje imate neiskori\u0161ten prostor. Sa svojih 30 cm \u0161irine mo\u017ee se koristiti bilo gdje. Njegov elegantan i funkcionalan izgled \u010dini ga savr\u0161enim za kupaonicu, dnevni boravak ili spava\u0107u sobu.S visokim i jednostavnim ormari\u0107em kona\u010dno \u0107ete imati dovoljno prostora za odlaganje stvari u kupaonici i odr\u017eavanje urednog izgleda.Ovaj kupaonski stup ne samo da stvara dovoljno prostora za pohranjivanje stvari koje su vam potrebne za svakodnevnu njegu, ve\u0107 i svojim atraktivnim dizajnom prenosi doma\u0107u atmosferu u va\u0161u kupaonicu.Opremljen s dva otvorena odjeljka za pohranu i dva ormari\u0107a s vratima. Njegov elegantan i funkcionalan izgled \u010dini ga savr\u0161enim za kupaonicu, dnevni boravak ili spava\u0107u sobu.\" \/>\n<meta property=\"og:url\" content=\"https:\/\/inti.hr\/bs\/proizvod\/kupaonski-stupni-ormaric-315x30x162cm\/\" \/>\n<meta property=\"og:site_name\" content=\"Inti\" \/>\n<meta property=\"og:image\" content=\"https:\/\/i0.wp.com\/inti.hr\/wp-content\/uploads\/2024\/01\/BZR131-NG-S001_1800x1800.webp?fit=1600%2C1600&ssl=1\" \/>\n\t<meta property=\"og:image:width\" content=\"1600\" \/>\n\t<meta property=\"og:image:height\" content=\"1600\" \/>\n\t<meta property=\"og:image:type\" content=\"image\/webp\" \/>\n<meta name=\"twitter:card\" content=\"summary_large_image\" \/>\n<script type=\"application\/ld+json\" class=\"yoast-schema-graph\">{\"@context\":\"https:\/\/schema.org\",\"@graph\":[{\"@type\":\"WebPage\",\"@id\":\"https:\/\/inti.hr\/bs\/proizvod\/kupaonski-stupni-ormaric-315x30x162cm\/\",\"url\":\"https:\/\/inti.hr\/bs\/proizvod\/kupaonski-stupni-ormaric-315x30x162cm\/\",\"name\":\"Kupaonski stupni ormari\u0107 31,5x30x162cm - Inti\",\"isPartOf\":{\"@id\":\"https:\/\/inti.hr\/bs\/#website\"},\"primaryImageOfPage\":{\"@id\":\"https:\/\/inti.hr\/bs\/proizvod\/kupaonski-stupni-ormaric-315x30x162cm\/#primaryimage\"},\"image\":{\"@id\":\"https:\/\/inti.hr\/bs\/proizvod\/kupaonski-stupni-ormaric-315x30x162cm\/#primaryimage\"},\"thumbnailUrl\":\"https:\/\/i0.wp.com\/inti.hr\/wp-content\/uploads\/2024\/01\/BZR131-NG-S001_1800x1800.webp?fit=1600%2C1600&ssl=1\",\"datePublished\":\"2024-01-26T13:36:23+00:00\",\"dateModified\":\"2024-01-26T13:36:23+00:00\",\"description\":\"Ormar koji \u0161tedi prostor, idealan za kuhinju ili kupaonicu. Lako se postavlja izme\u0111u dva komada namje\u0161taja, to\u010dno tamo gdje imate neiskori\u0161ten prostor. Sa svojih 30 cm \u0161irine mo\u017ee se koristiti bilo gdje. Njegov elegantan i funkcionalan izgled \u010dini ga savr\u0161enim za kupaonicu, dnevni boravak ili spava\u0107u sobu.S visokim i jednostavnim ormari\u0107em kona\u010dno \u0107ete imati dovoljno prostora za odlaganje stvari u kupaonici i odr\u017eavanje urednog izgleda.Ovaj kupaonski stup ne samo da stvara dovoljno prostora za pohranjivanje stvari koje su vam potrebne za svakodnevnu njegu, ve\u0107 i svojim atraktivnim dizajnom prenosi doma\u0107u atmosferu u va\u0161u kupaonicu.Opremljen s dva otvorena odjeljka za pohranu i dva ormari\u0107a s vratima. Njegov elegantan i funkcionalan izgled \u010dini ga savr\u0161enim za kupaonicu, dnevni boravak ili spava\u0107u sobu.\",\"breadcrumb\":{\"@id\":\"https:\/\/inti.hr\/bs\/proizvod\/kupaonski-stupni-ormaric-315x30x162cm\/#breadcrumb\"},\"inLanguage\":\"bs-BA\",\"potentialAction\":[{\"@type\":\"ReadAction\",\"target\":[\"https:\/\/inti.hr\/bs\/proizvod\/kupaonski-stupni-ormaric-315x30x162cm\/\"]}]},{\"@type\":\"ImageObject\",\"inLanguage\":\"bs-BA\",\"@id\":\"https:\/\/inti.hr\/bs\/proizvod\/kupaonski-stupni-ormaric-315x30x162cm\/#primaryimage\",\"url\":\"https:\/\/i0.wp.com\/inti.hr\/wp-content\/uploads\/2024\/01\/BZR131-NG-S001_1800x1800.webp?fit=1600%2C1600&ssl=1\",\"contentUrl\":\"https:\/\/i0.wp.com\/inti.hr\/wp-content\/uploads\/2024\/01\/BZR131-NG-S001_1800x1800.webp?fit=1600%2C1600&ssl=1\",\"width\":1600,\"height\":1600},{\"@type\":\"BreadcrumbList\",\"@id\":\"https:\/\/inti.hr\/bs\/proizvod\/kupaonski-stupni-ormaric-315x30x162cm\/#breadcrumb\",\"itemListElement\":[{\"@type\":\"ListItem\",\"position\":1,\"name\":\"Po\u010detna stranica\",\"item\":\"https:\/\/inti.hr\/bs\/\"},{\"@type\":\"ListItem\",\"position\":2,\"name\":\"Trgovina\",\"item\":\"https:\/\/inti.hr\/bs\/trgovina\/\"},{\"@type\":\"ListItem\",\"position\":3,\"name\":\"Kupaonski stupni ormari\u0107 31,5x30x162cm\"}]},{\"@type\":\"WebSite\",\"@id\":\"https:\/\/inti.hr\/bs\/#website\",\"url\":\"https:\/\/inti.hr\/bs\/\",\"name\":\"Inti\",\"description\":\"trgovina\",\"potentialAction\":[{\"@type\":\"SearchAction\",\"target\":{\"@type\":\"EntryPoint\",\"urlTemplate\":\"https:\/\/inti.hr\/bs\/?s={search_term_string}\"},\"query-input\":{\"@type\":\"PropertyValueSpecification\",\"valueRequired\":true,\"valueName\":\"search_term_string\"}}],\"inLanguage\":\"bs-BA\"}]}<\/script>\n<!-- \/ Yoast SEO plugin. -->","yoast_head_json":{"title":"Kupaonski stupni ormari\u0107 31,5x30x162cm - Inti","description":"Ormar koji \u0161tedi prostor, idealan za kuhinju ili kupaonicu. Lako se postavlja izme\u0111u dva komada namje\u0161taja, to\u010dno tamo gdje imate neiskori\u0161ten prostor. Sa svojih 30 cm \u0161irine mo\u017ee se koristiti bilo gdje. Njegov elegantan i funkcionalan izgled \u010dini ga savr\u0161enim za kupaonicu, dnevni boravak ili spava\u0107u sobu.S visokim i jednostavnim ormari\u0107em kona\u010dno \u0107ete imati dovoljno prostora za odlaganje stvari u kupaonici i odr\u017eavanje urednog izgleda.Ovaj kupaonski stup ne samo da stvara dovoljno prostora za pohranjivanje stvari koje su vam potrebne za svakodnevnu njegu, ve\u0107 i svojim atraktivnim dizajnom prenosi doma\u0107u atmosferu u va\u0161u kupaonicu.Opremljen s dva otvorena odjeljka za pohranu i dva ormari\u0107a s vratima. Njegov elegantan i funkcionalan izgled \u010dini ga savr\u0161enim za kupaonicu, dnevni boravak ili spava\u0107u sobu.","robots":{"index":"index","follow":"follow","max-snippet":"max-snippet:-1","max-image-preview":"max-image-preview:large","max-video-preview":"max-video-preview:-1"},"canonical":"https:\/\/inti.hr\/bs\/proizvod\/kupaonski-stupni-ormaric-315x30x162cm\/","og_locale":"bs_BA","og_type":"article","og_title":"Kupaonski stupni ormari\u0107 31,5x30x162cm - Inti","og_description":"Ormar koji \u0161tedi prostor, idealan za kuhinju ili kupaonicu. Lako se postavlja izme\u0111u dva komada namje\u0161taja, to\u010dno tamo gdje imate neiskori\u0161ten prostor. Sa svojih 30 cm \u0161irine mo\u017ee se koristiti bilo gdje. Njegov elegantan i funkcionalan izgled \u010dini ga savr\u0161enim za kupaonicu, dnevni boravak ili spava\u0107u sobu.S visokim i jednostavnim ormari\u0107em kona\u010dno \u0107ete imati dovoljno prostora za odlaganje stvari u kupaonici i odr\u017eavanje urednog izgleda.Ovaj kupaonski stup ne samo da stvara dovoljno prostora za pohranjivanje stvari koje su vam potrebne za svakodnevnu njegu, ve\u0107 i svojim atraktivnim dizajnom prenosi doma\u0107u atmosferu u va\u0161u kupaonicu.Opremljen s dva otvorena odjeljka za pohranu i dva ormari\u0107a s vratima. Njegov elegantan i funkcionalan izgled \u010dini ga savr\u0161enim za kupaonicu, dnevni boravak ili spava\u0107u sobu.","og_url":"https:\/\/inti.hr\/bs\/proizvod\/kupaonski-stupni-ormaric-315x30x162cm\/","og_site_name":"Inti","og_image":[{"width":1600,"height":1600,"url":"https:\/\/i0.wp.com\/inti.hr\/wp-content\/uploads\/2024\/01\/BZR131-NG-S001_1800x1800.webp?fit=1600%2C1600&ssl=1","type":"image\/webp"}],"twitter_card":"summary_large_image","schema":{"@context":"https:\/\/schema.org","@graph":[{"@type":"WebPage","@id":"https:\/\/inti.hr\/bs\/proizvod\/kupaonski-stupni-ormaric-315x30x162cm\/","url":"https:\/\/inti.hr\/bs\/proizvod\/kupaonski-stupni-ormaric-315x30x162cm\/","name":"Kupaonski stupni ormari\u0107 31,5x30x162cm - Inti","isPartOf":{"@id":"https:\/\/inti.hr\/bs\/#website"},"primaryImageOfPage":{"@id":"https:\/\/inti.hr\/bs\/proizvod\/kupaonski-stupni-ormaric-315x30x162cm\/#primaryimage"},"image":{"@id":"https:\/\/inti.hr\/bs\/proizvod\/kupaonski-stupni-ormaric-315x30x162cm\/#primaryimage"},"thumbnailUrl":"https:\/\/i0.wp.com\/inti.hr\/wp-content\/uploads\/2024\/01\/BZR131-NG-S001_1800x1800.webp?fit=1600%2C1600&ssl=1","datePublished":"2024-01-26T13:36:23+00:00","dateModified":"2024-01-26T13:36:23+00:00","description":"Ormar koji \u0161tedi prostor, idealan za kuhinju ili kupaonicu. Lako se postavlja izme\u0111u dva komada namje\u0161taja, to\u010dno tamo gdje imate neiskori\u0161ten prostor. Sa svojih 30 cm \u0161irine mo\u017ee se koristiti bilo gdje. Njegov elegantan i funkcionalan izgled \u010dini ga savr\u0161enim za kupaonicu, dnevni boravak ili spava\u0107u sobu.S visokim i jednostavnim ormari\u0107em kona\u010dno \u0107ete imati dovoljno prostora za odlaganje stvari u kupaonici i odr\u017eavanje urednog izgleda.Ovaj kupaonski stup ne samo da stvara dovoljno prostora za pohranjivanje stvari koje su vam potrebne za svakodnevnu njegu, ve\u0107 i svojim atraktivnim dizajnom prenosi doma\u0107u atmosferu u va\u0161u kupaonicu.Opremljen s dva otvorena odjeljka za pohranu i dva ormari\u0107a s vratima. Njegov elegantan i funkcionalan izgled \u010dini ga savr\u0161enim za kupaonicu, dnevni boravak ili spava\u0107u sobu.","breadcrumb":{"@id":"https:\/\/inti.hr\/bs\/proizvod\/kupaonski-stupni-ormaric-315x30x162cm\/#breadcrumb"},"inLanguage":"bs-BA","potentialAction":[{"@type":"ReadAction","target":["https:\/\/inti.hr\/bs\/proizvod\/kupaonski-stupni-ormaric-315x30x162cm\/"]}]},{"@type":"ImageObject","inLanguage":"bs-BA","@id":"https:\/\/inti.hr\/bs\/proizvod\/kupaonski-stupni-ormaric-315x30x162cm\/#primaryimage","url":"https:\/\/i0.wp.com\/inti.hr\/wp-content\/uploads\/2024\/01\/BZR131-NG-S001_1800x1800.webp?fit=1600%2C1600&ssl=1","contentUrl":"https:\/\/i0.wp.com\/inti.hr\/wp-content\/uploads\/2024\/01\/BZR131-NG-S001_1800x1800.webp?fit=1600%2C1600&ssl=1","width":1600,"height":1600},{"@type":"BreadcrumbList","@id":"https:\/\/inti.hr\/bs\/proizvod\/kupaonski-stupni-ormaric-315x30x162cm\/#breadcrumb","itemListElement":[{"@type":"ListItem","position":1,"name":"Po\u010detna stranica","item":"https:\/\/inti.hr\/bs\/"},{"@type":"ListItem","position":2,"name":"Trgovina","item":"https:\/\/inti.hr\/bs\/trgovina\/"},{"@type":"ListItem","position":3,"name":"Kupaonski stupni ormari\u0107 31,5x30x162cm"}]},{"@type":"WebSite","@id":"https:\/\/inti.hr\/bs\/#website","url":"https:\/\/inti.hr\/bs\/","name":"Inti","description":"trgovina","potentialAction":[{"@type":"SearchAction","target":{"@type":"EntryPoint","urlTemplate":"https:\/\/inti.hr\/bs\/?s={search_term_string}"},"query-input":{"@type":"PropertyValueSpecification","valueRequired":true,"valueName":"search_term_string"}}],"inLanguage":"bs-BA"}]}},"jetpack_sharing_enabled":true,"jetpack-related-posts":[],"_links":{"self":[{"href":"https:\/\/inti.hr\/bs\/wp-json\/wp\/v2\/product\/32887"}],"collection":[{"href":"https:\/\/inti.hr\/bs\/wp-json\/wp\/v2\/product"}],"about":[{"href":"https:\/\/inti.hr\/bs\/wp-json\/wp\/v2\/types\/product"}],"wp:featuredmedia":[{"embeddable":true,"href":"https:\/\/inti.hr\/bs\/wp-json\/wp\/v2\/media\/32888"}],"wp:attachment":[{"href":"https:\/\/inti.hr\/bs\/wp-json\/wp\/v2\/media?parent=32887"}],"wp:term":[{"taxonomy":"product_cat","embeddable":true,"href":"https:\/\/inti.hr\/bs\/wp-json\/wp\/v2\/product_cat?post=32887"},{"taxonomy":"product_tag","embeddable":true,"href":"https:\/\/inti.hr\/bs\/wp-json\/wp\/v2\/product_tag?post=32887"}],"curies":[{"name":"wp","href":"https:\/\/api.w.org\/{rel}","templated":true}]}}