{"id":32907,"date":"2024-01-26T13:19:00","date_gmt":"2024-01-26T13:19:00","guid":{"rendered":"https:\/\/inti.hr\/product\/djecji-stol-s-2-stolice\/"},"modified":"2024-01-26T13:19:00","modified_gmt":"2024-01-26T13:19:00","slug":"djecji-stol-s-2-stolice","status":"publish","type":"product","link":"https:\/\/inti.hr\/bs\/proizvod\/djecji-stol-s-2-stolice\/","title":{"rendered":"Dje\u010dji stol s 2 stolice"},"content":{"rendered":"<p>Detalji proizvoda:<\/p>\n<p>Te\u017eina: pribli\u017eno 12,85 kg<br \/>\nTestirano za: 75 kg\/stolica, 28 kg\/stol<br \/>\nMaterijal: MDF(E1), akrilna boja, borovina<br \/>\nMjere stola: 80x48x51 cm<br \/>\nMjere stolice: 30x30x26,5 cm (vidi sliku)<br \/>\nDostava: u 1 paketu<br \/>\nDimenzije pakiranja: 93&#215;54,5&#215;12 cm<br \/>\nS uputama za sastavljanje i vijcima. Jednostavna instalacija.<\/p>\n","protected":false},"excerpt":{"rendered":"<p>Ovaj stol i stolica savr\u0161eni su za stvaranje kutka posve\u0107enog crtanju &#8230; <\/p>\n","protected":false},"featured_media":32908,"template":"","meta":[],"product_cat":[2408],"product_tag":[2410,3524],"yoast_head":"<!-- This site is optimized with the Yoast SEO plugin v23.7 - https:\/\/yoast.com\/wordpress\/plugins\/seo\/ -->\n<title>Dje\u010dji stol s 2 stolice - Inti<\/title>\n<meta name=\"description\" content=\"Ovaj stol i stolica savr\u0161eni su za stvaranje kutka posve\u0107enog crtanju i umjetni\u010dkim aktivnostima va\u0161eg djeteta.Zahvaljuju\u0107i skandinavskom dizajnu, kojeg karakteriziraju jednostavne linije, lako ga je uskladiti s namje\u0161tajem razli\u010ditih stilova.Svi uglovi su zaobljeni, ne ozlje\u0111uju nje\u017enu bebinu ko\u017eu i smanjuju mogu\u0107nost nezgode.Stol i stol izra\u0111eni su od visokokvalitetnog medijapana (E1), laki za odr\u017eavanje, \u010dvrsti, stabilni i dovoljno lagani da se po potrebi pomi\u010du\" \/>\n<meta name=\"robots\" content=\"index, follow, max-snippet:-1, max-image-preview:large, max-video-preview:-1\" \/>\n<link rel=\"canonical\" href=\"https:\/\/inti.hr\/bs\/proizvod\/djecji-stol-s-2-stolice\/\" \/>\n<meta property=\"og:locale\" content=\"bs_BA\" \/>\n<meta property=\"og:type\" content=\"article\" \/>\n<meta property=\"og:title\" content=\"Dje\u010dji stol s 2 stolice - Inti\" \/>\n<meta property=\"og:description\" content=\"Ovaj stol i stolica savr\u0161eni su za stvaranje kutka posve\u0107enog crtanju i umjetni\u010dkim aktivnostima va\u0161eg djeteta.Zahvaljuju\u0107i skandinavskom dizajnu, kojeg karakteriziraju jednostavne linije, lako ga je uskladiti s namje\u0161tajem razli\u010ditih stilova.Svi uglovi su zaobljeni, ne ozlje\u0111uju nje\u017enu bebinu ko\u017eu i smanjuju mogu\u0107nost nezgode.Stol i stol izra\u0111eni su od visokokvalitetnog medijapana (E1), laki za odr\u017eavanje, \u010dvrsti, stabilni i dovoljno lagani da se po potrebi pomi\u010du\" \/>\n<meta property=\"og:url\" content=\"https:\/\/inti.hr\/bs\/proizvod\/djecji-stol-s-2-stolice\/\" \/>\n<meta property=\"og:site_name\" content=\"Inti\" \/>\n<meta property=\"og:image\" content=\"https:\/\/i0.wp.com\/inti.hr\/wp-content\/uploads\/2024\/01\/KMB92-GR-Y003_670x.webp?fit=670%2C670&ssl=1\" \/>\n\t<meta property=\"og:image:width\" content=\"670\" \/>\n\t<meta property=\"og:image:height\" content=\"670\" \/>\n\t<meta property=\"og:image:type\" content=\"image\/webp\" \/>\n<meta name=\"twitter:card\" content=\"summary_large_image\" \/>\n<script type=\"application\/ld+json\" class=\"yoast-schema-graph\">{\"@context\":\"https:\/\/schema.org\",\"@graph\":[{\"@type\":\"WebPage\",\"@id\":\"https:\/\/inti.hr\/bs\/proizvod\/djecji-stol-s-2-stolice\/\",\"url\":\"https:\/\/inti.hr\/bs\/proizvod\/djecji-stol-s-2-stolice\/\",\"name\":\"Dje\u010dji stol s 2 stolice - Inti\",\"isPartOf\":{\"@id\":\"https:\/\/inti.hr\/bs\/#website\"},\"primaryImageOfPage\":{\"@id\":\"https:\/\/inti.hr\/bs\/proizvod\/djecji-stol-s-2-stolice\/#primaryimage\"},\"image\":{\"@id\":\"https:\/\/inti.hr\/bs\/proizvod\/djecji-stol-s-2-stolice\/#primaryimage\"},\"thumbnailUrl\":\"https:\/\/i0.wp.com\/inti.hr\/wp-content\/uploads\/2024\/01\/KMB92-GR-Y003_670x.webp?fit=670%2C670&ssl=1\",\"datePublished\":\"2024-01-26T13:19:00+00:00\",\"dateModified\":\"2024-01-26T13:19:00+00:00\",\"description\":\"Ovaj stol i stolica savr\u0161eni su za stvaranje kutka posve\u0107enog crtanju i umjetni\u010dkim aktivnostima va\u0161eg djeteta.Zahvaljuju\u0107i skandinavskom dizajnu, kojeg karakteriziraju jednostavne linije, lako ga je uskladiti s namje\u0161tajem razli\u010ditih stilova.Svi uglovi su zaobljeni, ne ozlje\u0111uju nje\u017enu bebinu ko\u017eu i smanjuju mogu\u0107nost nezgode.Stol i stol izra\u0111eni su od visokokvalitetnog medijapana (E1), laki za odr\u017eavanje, \u010dvrsti, stabilni i dovoljno lagani da se po potrebi pomi\u010du\",\"breadcrumb\":{\"@id\":\"https:\/\/inti.hr\/bs\/proizvod\/djecji-stol-s-2-stolice\/#breadcrumb\"},\"inLanguage\":\"bs-BA\",\"potentialAction\":[{\"@type\":\"ReadAction\",\"target\":[\"https:\/\/inti.hr\/bs\/proizvod\/djecji-stol-s-2-stolice\/\"]}]},{\"@type\":\"ImageObject\",\"inLanguage\":\"bs-BA\",\"@id\":\"https:\/\/inti.hr\/bs\/proizvod\/djecji-stol-s-2-stolice\/#primaryimage\",\"url\":\"https:\/\/i0.wp.com\/inti.hr\/wp-content\/uploads\/2024\/01\/KMB92-GR-Y003_670x.webp?fit=670%2C670&ssl=1\",\"contentUrl\":\"https:\/\/i0.wp.com\/inti.hr\/wp-content\/uploads\/2024\/01\/KMB92-GR-Y003_670x.webp?fit=670%2C670&ssl=1\",\"width\":670,\"height\":670},{\"@type\":\"BreadcrumbList\",\"@id\":\"https:\/\/inti.hr\/bs\/proizvod\/djecji-stol-s-2-stolice\/#breadcrumb\",\"itemListElement\":[{\"@type\":\"ListItem\",\"position\":1,\"name\":\"Po\u010detna stranica\",\"item\":\"https:\/\/inti.hr\/bs\/\"},{\"@type\":\"ListItem\",\"position\":2,\"name\":\"Trgovina\",\"item\":\"https:\/\/inti.hr\/bs\/trgovina\/\"},{\"@type\":\"ListItem\",\"position\":3,\"name\":\"Dje\u010dji stol s 2 stolice\"}]},{\"@type\":\"WebSite\",\"@id\":\"https:\/\/inti.hr\/bs\/#website\",\"url\":\"https:\/\/inti.hr\/bs\/\",\"name\":\"Inti\",\"description\":\"trgovina\",\"potentialAction\":[{\"@type\":\"SearchAction\",\"target\":{\"@type\":\"EntryPoint\",\"urlTemplate\":\"https:\/\/inti.hr\/bs\/?s={search_term_string}\"},\"query-input\":{\"@type\":\"PropertyValueSpecification\",\"valueRequired\":true,\"valueName\":\"search_term_string\"}}],\"inLanguage\":\"bs-BA\"}]}<\/script>\n<!-- \/ Yoast SEO plugin. -->","yoast_head_json":{"title":"Dje\u010dji stol s 2 stolice - Inti","description":"Ovaj stol i stolica savr\u0161eni su za stvaranje kutka posve\u0107enog crtanju i umjetni\u010dkim aktivnostima va\u0161eg djeteta.Zahvaljuju\u0107i skandinavskom dizajnu, kojeg karakteriziraju jednostavne linije, lako ga je uskladiti s namje\u0161tajem razli\u010ditih stilova.Svi uglovi su zaobljeni, ne ozlje\u0111uju nje\u017enu bebinu ko\u017eu i smanjuju mogu\u0107nost nezgode.Stol i stol izra\u0111eni su od visokokvalitetnog medijapana (E1), laki za odr\u017eavanje, \u010dvrsti, stabilni i dovoljno lagani da se po potrebi pomi\u010du","robots":{"index":"index","follow":"follow","max-snippet":"max-snippet:-1","max-image-preview":"max-image-preview:large","max-video-preview":"max-video-preview:-1"},"canonical":"https:\/\/inti.hr\/bs\/proizvod\/djecji-stol-s-2-stolice\/","og_locale":"bs_BA","og_type":"article","og_title":"Dje\u010dji stol s 2 stolice - Inti","og_description":"Ovaj stol i stolica savr\u0161eni su za stvaranje kutka posve\u0107enog crtanju i umjetni\u010dkim aktivnostima va\u0161eg djeteta.Zahvaljuju\u0107i skandinavskom dizajnu, kojeg karakteriziraju jednostavne linije, lako ga je uskladiti s namje\u0161tajem razli\u010ditih stilova.Svi uglovi su zaobljeni, ne ozlje\u0111uju nje\u017enu bebinu ko\u017eu i smanjuju mogu\u0107nost nezgode.Stol i stol izra\u0111eni su od visokokvalitetnog medijapana (E1), laki za odr\u017eavanje, \u010dvrsti, stabilni i dovoljno lagani da se po potrebi pomi\u010du","og_url":"https:\/\/inti.hr\/bs\/proizvod\/djecji-stol-s-2-stolice\/","og_site_name":"Inti","og_image":[{"width":670,"height":670,"url":"https:\/\/i0.wp.com\/inti.hr\/wp-content\/uploads\/2024\/01\/KMB92-GR-Y003_670x.webp?fit=670%2C670&ssl=1","type":"image\/webp"}],"twitter_card":"summary_large_image","schema":{"@context":"https:\/\/schema.org","@graph":[{"@type":"WebPage","@id":"https:\/\/inti.hr\/bs\/proizvod\/djecji-stol-s-2-stolice\/","url":"https:\/\/inti.hr\/bs\/proizvod\/djecji-stol-s-2-stolice\/","name":"Dje\u010dji stol s 2 stolice - Inti","isPartOf":{"@id":"https:\/\/inti.hr\/bs\/#website"},"primaryImageOfPage":{"@id":"https:\/\/inti.hr\/bs\/proizvod\/djecji-stol-s-2-stolice\/#primaryimage"},"image":{"@id":"https:\/\/inti.hr\/bs\/proizvod\/djecji-stol-s-2-stolice\/#primaryimage"},"thumbnailUrl":"https:\/\/i0.wp.com\/inti.hr\/wp-content\/uploads\/2024\/01\/KMB92-GR-Y003_670x.webp?fit=670%2C670&ssl=1","datePublished":"2024-01-26T13:19:00+00:00","dateModified":"2024-01-26T13:19:00+00:00","description":"Ovaj stol i stolica savr\u0161eni su za stvaranje kutka posve\u0107enog crtanju i umjetni\u010dkim aktivnostima va\u0161eg djeteta.Zahvaljuju\u0107i skandinavskom dizajnu, kojeg karakteriziraju jednostavne linije, lako ga je uskladiti s namje\u0161tajem razli\u010ditih stilova.Svi uglovi su zaobljeni, ne ozlje\u0111uju nje\u017enu bebinu ko\u017eu i smanjuju mogu\u0107nost nezgode.Stol i stol izra\u0111eni su od visokokvalitetnog medijapana (E1), laki za odr\u017eavanje, \u010dvrsti, stabilni i dovoljno lagani da se po potrebi pomi\u010du","breadcrumb":{"@id":"https:\/\/inti.hr\/bs\/proizvod\/djecji-stol-s-2-stolice\/#breadcrumb"},"inLanguage":"bs-BA","potentialAction":[{"@type":"ReadAction","target":["https:\/\/inti.hr\/bs\/proizvod\/djecji-stol-s-2-stolice\/"]}]},{"@type":"ImageObject","inLanguage":"bs-BA","@id":"https:\/\/inti.hr\/bs\/proizvod\/djecji-stol-s-2-stolice\/#primaryimage","url":"https:\/\/i0.wp.com\/inti.hr\/wp-content\/uploads\/2024\/01\/KMB92-GR-Y003_670x.webp?fit=670%2C670&ssl=1","contentUrl":"https:\/\/i0.wp.com\/inti.hr\/wp-content\/uploads\/2024\/01\/KMB92-GR-Y003_670x.webp?fit=670%2C670&ssl=1","width":670,"height":670},{"@type":"BreadcrumbList","@id":"https:\/\/inti.hr\/bs\/proizvod\/djecji-stol-s-2-stolice\/#breadcrumb","itemListElement":[{"@type":"ListItem","position":1,"name":"Po\u010detna stranica","item":"https:\/\/inti.hr\/bs\/"},{"@type":"ListItem","position":2,"name":"Trgovina","item":"https:\/\/inti.hr\/bs\/trgovina\/"},{"@type":"ListItem","position":3,"name":"Dje\u010dji stol s 2 stolice"}]},{"@type":"WebSite","@id":"https:\/\/inti.hr\/bs\/#website","url":"https:\/\/inti.hr\/bs\/","name":"Inti","description":"trgovina","potentialAction":[{"@type":"SearchAction","target":{"@type":"EntryPoint","urlTemplate":"https:\/\/inti.hr\/bs\/?s={search_term_string}"},"query-input":{"@type":"PropertyValueSpecification","valueRequired":true,"valueName":"search_term_string"}}],"inLanguage":"bs-BA"}]}},"jetpack_sharing_enabled":true,"jetpack-related-posts":[],"_links":{"self":[{"href":"https:\/\/inti.hr\/bs\/wp-json\/wp\/v2\/product\/32907"}],"collection":[{"href":"https:\/\/inti.hr\/bs\/wp-json\/wp\/v2\/product"}],"about":[{"href":"https:\/\/inti.hr\/bs\/wp-json\/wp\/v2\/types\/product"}],"wp:featuredmedia":[{"embeddable":true,"href":"https:\/\/inti.hr\/bs\/wp-json\/wp\/v2\/media\/32908"}],"wp:attachment":[{"href":"https:\/\/inti.hr\/bs\/wp-json\/wp\/v2\/media?parent=32907"}],"wp:term":[{"taxonomy":"product_cat","embeddable":true,"href":"https:\/\/inti.hr\/bs\/wp-json\/wp\/v2\/product_cat?post=32907"},{"taxonomy":"product_tag","embeddable":true,"href":"https:\/\/inti.hr\/bs\/wp-json\/wp\/v2\/product_tag?post=32907"}],"curies":[{"name":"wp","href":"https:\/\/api.w.org\/{rel}","templated":true}]}}