{"id":32921,"date":"2024-01-26T07:56:49","date_gmt":"2024-01-26T07:56:49","guid":{"rendered":"https:\/\/inti.hr\/product\/metalni-regal-120-x-45-x-180-1000\/"},"modified":"2024-01-26T07:56:49","modified_gmt":"2024-01-26T07:56:49","slug":"metalni-regal-120-x-45-x-180-1000","status":"publish","type":"product","link":"https:\/\/inti.hr\/bs\/proizvod\/metalni-regal-120-x-45-x-180-1000\/","title":{"rendered":"Metalni regal &#8211; 120 x 45 x 180 &#8211; 1000"},"content":{"rendered":"<p>Detalji proizvoda:<\/p>\n<p class=\"product-description__text\" data-v-29c780c7=\"\">Prostrani metalni regal izra\u0111en od kromiranog \u010delika ima \u010detiri police 120 x 45 cm i jam\u010di obilje prostora za pohranu, bilo u hotelu, radionici, restoranu ili supermarketu, ili \u010dak kod ku\u0107e u va\u0161oj gara\u017ei, kuhinji ili podrumu. Svaka polica mo\u017ee izdr\u017eati do 250 kg, za maksimalno ukupno optere\u0107enje od 1000 kg. Mre\u017ea polica idealna je za odlaganje kutija ili ve\u0107ih predmeta na suhom i prozra\u010dnom mjestu. Otvoreni dizajn \u017ei\u010dane police omogu\u0107uje vam jednostavan pristup sa svih strana.<\/p>\n<p class=\"product-description__text\" data-v-29c780c7=\"\">Ne trebaju vam nikakvi alati za sastavljanje jedinice u nekoliko minuta\u2014pojedine komponente samo moraju biti zaka\u010dene i zaklju\u010dane na mjestu. Sa svojim stupovima debljine 25 mm, ovaj metalni stalak za pohranjivanje bez vijaka barem je stabilan kao dizajni s konvencionalnim vij\u010danim spojevima. Zahvaljuju\u0107i \u010detirima podesivim no\u017eicama za izravnavanje, mo\u017eete kompenzirati neravnine na podu i osigurati da polica uvijek stoji ravno.<\/p>\n<p class=\"product-description__text\" data-v-29c780c7=\"\">\u017di\u010dani regal ima elegantnu i za\u0161titnu kromiranu presvlaku. Svojstva ove povr\u0161inske obrade \u010dine ovaj model idealnim za kori\u0161tenje u suhim ili grijanim okru\u017eenjima. Materijal je otporan na koroziju i naslage. Glatka povr\u0161ina tako\u0111er se lako \u010disti i dezinficira zahvaljuju\u0107i otvorenom dizajnu.<\/p>\n<p data-v-29c780c7=\"\">\n<p data-v-29c780c7=\"\">Tehni\u010dke pojedinosti:<\/p>\n<p data-v-29c780c7=\"\">Boja: sivo<\/p>\n<p data-v-29c780c7=\"\">Maks. nosivost po polici [kg]: 250<\/p>\n<p data-v-29c780c7=\"\">Broj umetaka [kom]: 4pc<\/p>\n<p data-v-29c780c7=\"\">Duljina police [mm]: 1200<\/p>\n<p data-v-29c780c7=\"\">\u0160irina police [mm]: 450mm<\/p>\n<p data-v-29c780c7=\"\">Dimenzije (Dx\u0160xV): 45 x 119 x 180 cm<\/p>\n<p data-v-29c780c7=\"\">Promjer pola [mm]: 25<\/p>\n<p data-v-29c780c7=\"\">Nosivost &#8211; kapacitet max. [Kg]: 1000kg<\/p>\n<p data-v-29c780c7=\"\">\nTe\u017eina: 21kg<\/p>\n","protected":false},"excerpt":{"rendered":"<p>Otporno\u2014velika ukupna nosivost od 1000 kg<br \/>\nProstrano\u2014svaka \u010detiri police 120 x 45 &#8230; <\/p>\n","protected":false},"featured_media":32922,"template":"","meta":[],"product_cat":[3502],"product_tag":[3503,3527],"yoast_head":"<!-- This site is optimized with the Yoast SEO plugin v23.7 - https:\/\/yoast.com\/wordpress\/plugins\/seo\/ -->\n<title>Metalni regal - 120 x 45 x 180 - 1000 - Inti<\/title>\n<meta name=\"description\" content=\"Otporno\u2014velika ukupna nosivost od 1000 kgProstrano\u2014svaka \u010detiri police 120 x 45 cm mogu primiti do 250 kgPodesiva po visini\u2014podno\u017eja \u010detiri stupa stalka su podesive po visini kako bi se kompenzirale neravne podoveJednostavno\u2014brza monta\u017ea bez alata zahvaljuju\u0107i pametnom sustavu bez vijakaIzdr\u017eljiv\u2014kromirani \u010delik za dug radni vijek u suhim prostorima\" \/>\n<meta name=\"robots\" content=\"index, follow, max-snippet:-1, max-image-preview:large, max-video-preview:-1\" \/>\n<link rel=\"canonical\" href=\"https:\/\/inti.hr\/bs\/proizvod\/metalni-regal-120-x-45-x-180-1000\/\" \/>\n<meta property=\"og:locale\" content=\"bs_BA\" \/>\n<meta property=\"og:type\" content=\"article\" \/>\n<meta property=\"og:title\" content=\"Metalni regal - 120 x 45 x 180 - 1000 - Inti\" \/>\n<meta property=\"og:description\" content=\"Otporno\u2014velika ukupna nosivost od 1000 kgProstrano\u2014svaka \u010detiri police 120 x 45 cm mogu primiti do 250 kgPodesiva po visini\u2014podno\u017eja \u010detiri stupa stalka su podesive po visini kako bi se kompenzirale neravne podoveJednostavno\u2014brza monta\u017ea bez alata zahvaljuju\u0107i pametnom sustavu bez vijakaIzdr\u017eljiv\u2014kromirani \u010delik za dug radni vijek u suhim prostorima\" \/>\n<meta property=\"og:url\" content=\"https:\/\/inti.hr\/bs\/proizvod\/metalni-regal-120-x-45-x-180-1000\/\" \/>\n<meta property=\"og:site_name\" content=\"Inti\" \/>\n<meta property=\"og:image\" content=\"https:\/\/i0.wp.com\/inti.hr\/wp-content\/uploads\/2024\/01\/10011856_photo_1.webp?fit=1600%2C1600&ssl=1\" \/>\n\t<meta property=\"og:image:width\" content=\"1600\" \/>\n\t<meta property=\"og:image:height\" content=\"1600\" \/>\n\t<meta property=\"og:image:type\" content=\"image\/webp\" \/>\n<meta name=\"twitter:card\" content=\"summary_large_image\" \/>\n<meta name=\"twitter:label1\" content=\"Est. reading time\" \/>\n\t<meta name=\"twitter:data1\" content=\"2 minute\" \/>\n<script type=\"application\/ld+json\" class=\"yoast-schema-graph\">{\"@context\":\"https:\/\/schema.org\",\"@graph\":[{\"@type\":\"WebPage\",\"@id\":\"https:\/\/inti.hr\/bs\/proizvod\/metalni-regal-120-x-45-x-180-1000\/\",\"url\":\"https:\/\/inti.hr\/bs\/proizvod\/metalni-regal-120-x-45-x-180-1000\/\",\"name\":\"Metalni regal - 120 x 45 x 180 - 1000 - Inti\",\"isPartOf\":{\"@id\":\"https:\/\/inti.hr\/bs\/#website\"},\"primaryImageOfPage\":{\"@id\":\"https:\/\/inti.hr\/bs\/proizvod\/metalni-regal-120-x-45-x-180-1000\/#primaryimage\"},\"image\":{\"@id\":\"https:\/\/inti.hr\/bs\/proizvod\/metalni-regal-120-x-45-x-180-1000\/#primaryimage\"},\"thumbnailUrl\":\"https:\/\/i0.wp.com\/inti.hr\/wp-content\/uploads\/2024\/01\/10011856_photo_1.webp?fit=1600%2C1600&ssl=1\",\"datePublished\":\"2024-01-26T07:56:49+00:00\",\"dateModified\":\"2024-01-26T07:56:49+00:00\",\"description\":\"Otporno\u2014velika ukupna nosivost od 1000 kgProstrano\u2014svaka \u010detiri police 120 x 45 cm mogu primiti do 250 kgPodesiva po visini\u2014podno\u017eja \u010detiri stupa stalka su podesive po visini kako bi se kompenzirale neravne podoveJednostavno\u2014brza monta\u017ea bez alata zahvaljuju\u0107i pametnom sustavu bez vijakaIzdr\u017eljiv\u2014kromirani \u010delik za dug radni vijek u suhim prostorima\",\"breadcrumb\":{\"@id\":\"https:\/\/inti.hr\/bs\/proizvod\/metalni-regal-120-x-45-x-180-1000\/#breadcrumb\"},\"inLanguage\":\"bs-BA\",\"potentialAction\":[{\"@type\":\"ReadAction\",\"target\":[\"https:\/\/inti.hr\/bs\/proizvod\/metalni-regal-120-x-45-x-180-1000\/\"]}]},{\"@type\":\"ImageObject\",\"inLanguage\":\"bs-BA\",\"@id\":\"https:\/\/inti.hr\/bs\/proizvod\/metalni-regal-120-x-45-x-180-1000\/#primaryimage\",\"url\":\"https:\/\/i0.wp.com\/inti.hr\/wp-content\/uploads\/2024\/01\/10011856_photo_1.webp?fit=1600%2C1600&ssl=1\",\"contentUrl\":\"https:\/\/i0.wp.com\/inti.hr\/wp-content\/uploads\/2024\/01\/10011856_photo_1.webp?fit=1600%2C1600&ssl=1\",\"width\":1600,\"height\":1600},{\"@type\":\"BreadcrumbList\",\"@id\":\"https:\/\/inti.hr\/bs\/proizvod\/metalni-regal-120-x-45-x-180-1000\/#breadcrumb\",\"itemListElement\":[{\"@type\":\"ListItem\",\"position\":1,\"name\":\"Po\u010detna stranica\",\"item\":\"https:\/\/inti.hr\/bs\/\"},{\"@type\":\"ListItem\",\"position\":2,\"name\":\"Trgovina\",\"item\":\"https:\/\/inti.hr\/bs\/trgovina\/\"},{\"@type\":\"ListItem\",\"position\":3,\"name\":\"Metalni regal &#8211; 120 x 45 x 180 &#8211; 1000\"}]},{\"@type\":\"WebSite\",\"@id\":\"https:\/\/inti.hr\/bs\/#website\",\"url\":\"https:\/\/inti.hr\/bs\/\",\"name\":\"Inti\",\"description\":\"trgovina\",\"potentialAction\":[{\"@type\":\"SearchAction\",\"target\":{\"@type\":\"EntryPoint\",\"urlTemplate\":\"https:\/\/inti.hr\/bs\/?s={search_term_string}\"},\"query-input\":{\"@type\":\"PropertyValueSpecification\",\"valueRequired\":true,\"valueName\":\"search_term_string\"}}],\"inLanguage\":\"bs-BA\"}]}<\/script>\n<!-- \/ Yoast SEO plugin. -->","yoast_head_json":{"title":"Metalni regal - 120 x 45 x 180 - 1000 - Inti","description":"Otporno\u2014velika ukupna nosivost od 1000 kgProstrano\u2014svaka \u010detiri police 120 x 45 cm mogu primiti do 250 kgPodesiva po visini\u2014podno\u017eja \u010detiri stupa stalka su podesive po visini kako bi se kompenzirale neravne podoveJednostavno\u2014brza monta\u017ea bez alata zahvaljuju\u0107i pametnom sustavu bez vijakaIzdr\u017eljiv\u2014kromirani \u010delik za dug radni vijek u suhim prostorima","robots":{"index":"index","follow":"follow","max-snippet":"max-snippet:-1","max-image-preview":"max-image-preview:large","max-video-preview":"max-video-preview:-1"},"canonical":"https:\/\/inti.hr\/bs\/proizvod\/metalni-regal-120-x-45-x-180-1000\/","og_locale":"bs_BA","og_type":"article","og_title":"Metalni regal - 120 x 45 x 180 - 1000 - Inti","og_description":"Otporno\u2014velika ukupna nosivost od 1000 kgProstrano\u2014svaka \u010detiri police 120 x 45 cm mogu primiti do 250 kgPodesiva po visini\u2014podno\u017eja \u010detiri stupa stalka su podesive po visini kako bi se kompenzirale neravne podoveJednostavno\u2014brza monta\u017ea bez alata zahvaljuju\u0107i pametnom sustavu bez vijakaIzdr\u017eljiv\u2014kromirani \u010delik za dug radni vijek u suhim prostorima","og_url":"https:\/\/inti.hr\/bs\/proizvod\/metalni-regal-120-x-45-x-180-1000\/","og_site_name":"Inti","og_image":[{"width":1600,"height":1600,"url":"https:\/\/i0.wp.com\/inti.hr\/wp-content\/uploads\/2024\/01\/10011856_photo_1.webp?fit=1600%2C1600&ssl=1","type":"image\/webp"}],"twitter_card":"summary_large_image","twitter_misc":{"Est. reading time":"2 minute"},"schema":{"@context":"https:\/\/schema.org","@graph":[{"@type":"WebPage","@id":"https:\/\/inti.hr\/bs\/proizvod\/metalni-regal-120-x-45-x-180-1000\/","url":"https:\/\/inti.hr\/bs\/proizvod\/metalni-regal-120-x-45-x-180-1000\/","name":"Metalni regal - 120 x 45 x 180 - 1000 - Inti","isPartOf":{"@id":"https:\/\/inti.hr\/bs\/#website"},"primaryImageOfPage":{"@id":"https:\/\/inti.hr\/bs\/proizvod\/metalni-regal-120-x-45-x-180-1000\/#primaryimage"},"image":{"@id":"https:\/\/inti.hr\/bs\/proizvod\/metalni-regal-120-x-45-x-180-1000\/#primaryimage"},"thumbnailUrl":"https:\/\/i0.wp.com\/inti.hr\/wp-content\/uploads\/2024\/01\/10011856_photo_1.webp?fit=1600%2C1600&ssl=1","datePublished":"2024-01-26T07:56:49+00:00","dateModified":"2024-01-26T07:56:49+00:00","description":"Otporno\u2014velika ukupna nosivost od 1000 kgProstrano\u2014svaka \u010detiri police 120 x 45 cm mogu primiti do 250 kgPodesiva po visini\u2014podno\u017eja \u010detiri stupa stalka su podesive po visini kako bi se kompenzirale neravne podoveJednostavno\u2014brza monta\u017ea bez alata zahvaljuju\u0107i pametnom sustavu bez vijakaIzdr\u017eljiv\u2014kromirani \u010delik za dug radni vijek u suhim prostorima","breadcrumb":{"@id":"https:\/\/inti.hr\/bs\/proizvod\/metalni-regal-120-x-45-x-180-1000\/#breadcrumb"},"inLanguage":"bs-BA","potentialAction":[{"@type":"ReadAction","target":["https:\/\/inti.hr\/bs\/proizvod\/metalni-regal-120-x-45-x-180-1000\/"]}]},{"@type":"ImageObject","inLanguage":"bs-BA","@id":"https:\/\/inti.hr\/bs\/proizvod\/metalni-regal-120-x-45-x-180-1000\/#primaryimage","url":"https:\/\/i0.wp.com\/inti.hr\/wp-content\/uploads\/2024\/01\/10011856_photo_1.webp?fit=1600%2C1600&ssl=1","contentUrl":"https:\/\/i0.wp.com\/inti.hr\/wp-content\/uploads\/2024\/01\/10011856_photo_1.webp?fit=1600%2C1600&ssl=1","width":1600,"height":1600},{"@type":"BreadcrumbList","@id":"https:\/\/inti.hr\/bs\/proizvod\/metalni-regal-120-x-45-x-180-1000\/#breadcrumb","itemListElement":[{"@type":"ListItem","position":1,"name":"Po\u010detna stranica","item":"https:\/\/inti.hr\/bs\/"},{"@type":"ListItem","position":2,"name":"Trgovina","item":"https:\/\/inti.hr\/bs\/trgovina\/"},{"@type":"ListItem","position":3,"name":"Metalni regal &#8211; 120 x 45 x 180 &#8211; 1000"}]},{"@type":"WebSite","@id":"https:\/\/inti.hr\/bs\/#website","url":"https:\/\/inti.hr\/bs\/","name":"Inti","description":"trgovina","potentialAction":[{"@type":"SearchAction","target":{"@type":"EntryPoint","urlTemplate":"https:\/\/inti.hr\/bs\/?s={search_term_string}"},"query-input":{"@type":"PropertyValueSpecification","valueRequired":true,"valueName":"search_term_string"}}],"inLanguage":"bs-BA"}]}},"jetpack_sharing_enabled":true,"jetpack-related-posts":[],"_links":{"self":[{"href":"https:\/\/inti.hr\/bs\/wp-json\/wp\/v2\/product\/32921"}],"collection":[{"href":"https:\/\/inti.hr\/bs\/wp-json\/wp\/v2\/product"}],"about":[{"href":"https:\/\/inti.hr\/bs\/wp-json\/wp\/v2\/types\/product"}],"wp:featuredmedia":[{"embeddable":true,"href":"https:\/\/inti.hr\/bs\/wp-json\/wp\/v2\/media\/32922"}],"wp:attachment":[{"href":"https:\/\/inti.hr\/bs\/wp-json\/wp\/v2\/media?parent=32921"}],"wp:term":[{"taxonomy":"product_cat","embeddable":true,"href":"https:\/\/inti.hr\/bs\/wp-json\/wp\/v2\/product_cat?post=32921"},{"taxonomy":"product_tag","embeddable":true,"href":"https:\/\/inti.hr\/bs\/wp-json\/wp\/v2\/product_tag?post=32921"}],"curies":[{"name":"wp","href":"https:\/\/api.w.org\/{rel}","templated":true}]}}