{"id":32957,"date":"2024-01-24T09:31:20","date_gmt":"2024-01-24T09:31:20","guid":{"rendered":"https:\/\/inti.hr\/product\/kupaonski-ormaric-mora-135x32x32-cm\/"},"modified":"2024-01-24T09:31:20","modified_gmt":"2024-01-24T09:31:20","slug":"kupaonski-ormaric-mora-135x32x32-cm","status":"publish","type":"product","link":"https:\/\/inti.hr\/bs\/proizvod\/kupaonski-ormaric-mora-135x32x32-cm\/","title":{"rendered":"Kupaonski ormari\u0107 Mora 135x32x32 cm"},"content":{"rendered":"<p>Dimenzije:<\/p>\n<p>&#8211; Ukupne (Vx\u0160xD): 135 x 32 x 32 cm<br \/>\n&#8211; Vrata ormari\u0107a (Vx\u0160): 37,5 x 27,3 cm svaka<br \/>\n&#8211; Unutarnje dimenzije ormari\u0107a (Vx\u0160xD): 37,8 x 27,6 x 28,7 cm svaka<br \/>\n&#8211; Gornja polica (Vx\u0160xD): 14,5 x 27,6 x 28,7 cm<br \/>\n&#8211; Pretinac za pohranu (Vx\u0160xD): 18 x 27,6 x 28,7 cm svaki<\/p>\n<p>Boja: bijela, siva<\/p>\n<p>Materijal : WPC<\/p>\n","protected":false},"excerpt":{"rendered":"<p>Moderan i prakti\u010dan kupaonski ormari\u0107 nudi prekrasan izgled va\u0161oj kupaonici.<\/p>\n<p><b>Detalji o &#8230; <\/p>\n","protected":false},"featured_media":32958,"template":"","meta":[],"product_cat":[2392],"product_tag":[2520,2521],"yoast_head":"<!-- This site is optimized with the Yoast SEO plugin v23.7 - https:\/\/yoast.com\/wordpress\/plugins\/seo\/ -->\n<title>Kupaonski ormari\u0107 Mora 135x32x32 cm - Inti<\/title>\n<meta name=\"description\" content=\"Moderan i prakti\u010dan kupaonski ormari\u0107 nudi prekrasan izgled va\u0161oj kupaonici.Detalji o proizvodu:- S vratima ormari\u0107a i dvije police- Brzo i jednostavno sastavljanje- Jednostavno \u010di\u0161\u0107enje\" \/>\n<meta name=\"robots\" content=\"index, follow, max-snippet:-1, max-image-preview:large, max-video-preview:-1\" \/>\n<link rel=\"canonical\" href=\"https:\/\/inti.hr\/bs\/proizvod\/kupaonski-ormaric-mora-135x32x32-cm\/\" \/>\n<meta property=\"og:locale\" content=\"bs_BA\" \/>\n<meta property=\"og:type\" content=\"article\" \/>\n<meta property=\"og:title\" content=\"Kupaonski ormari\u0107 Mora 135x32x32 cm - Inti\" \/>\n<meta property=\"og:description\" content=\"Moderan i prakti\u010dan kupaonski ormari\u0107 nudi prekrasan izgled va\u0161oj kupaonici.Detalji o proizvodu:- S vratima ormari\u0107a i dvije police- Brzo i jednostavno sastavljanje- Jednostavno \u010di\u0161\u0107enje\" \/>\n<meta property=\"og:url\" content=\"https:\/\/inti.hr\/bs\/proizvod\/kupaonski-ormaric-mora-135x32x32-cm\/\" \/>\n<meta property=\"og:site_name\" content=\"Inti\" \/>\n<meta property=\"og:image\" content=\"https:\/\/i0.wp.com\/inti.hr\/wp-content\/uploads\/2024\/01\/bdeed992b2b5525c14d2ec71ab63f95d.jpg?fit=1400%2C1400&ssl=1\" \/>\n\t<meta property=\"og:image:width\" content=\"1400\" \/>\n\t<meta property=\"og:image:height\" content=\"1400\" \/>\n\t<meta property=\"og:image:type\" content=\"image\/jpeg\" \/>\n<meta name=\"twitter:card\" content=\"summary_large_image\" \/>\n<script type=\"application\/ld+json\" class=\"yoast-schema-graph\">{\"@context\":\"https:\/\/schema.org\",\"@graph\":[{\"@type\":\"WebPage\",\"@id\":\"https:\/\/inti.hr\/bs\/proizvod\/kupaonski-ormaric-mora-135x32x32-cm\/\",\"url\":\"https:\/\/inti.hr\/bs\/proizvod\/kupaonski-ormaric-mora-135x32x32-cm\/\",\"name\":\"Kupaonski ormari\u0107 Mora 135x32x32 cm - Inti\",\"isPartOf\":{\"@id\":\"https:\/\/inti.hr\/bs\/#website\"},\"primaryImageOfPage\":{\"@id\":\"https:\/\/inti.hr\/bs\/proizvod\/kupaonski-ormaric-mora-135x32x32-cm\/#primaryimage\"},\"image\":{\"@id\":\"https:\/\/inti.hr\/bs\/proizvod\/kupaonski-ormaric-mora-135x32x32-cm\/#primaryimage\"},\"thumbnailUrl\":\"https:\/\/i0.wp.com\/inti.hr\/wp-content\/uploads\/2024\/01\/bdeed992b2b5525c14d2ec71ab63f95d.jpg?fit=1400%2C1400&ssl=1\",\"datePublished\":\"2024-01-24T09:31:20+00:00\",\"dateModified\":\"2024-01-24T09:31:20+00:00\",\"description\":\"Moderan i prakti\u010dan kupaonski ormari\u0107 nudi prekrasan izgled va\u0161oj kupaonici.Detalji o proizvodu:- S vratima ormari\u0107a i dvije police- Brzo i jednostavno sastavljanje- Jednostavno \u010di\u0161\u0107enje\",\"breadcrumb\":{\"@id\":\"https:\/\/inti.hr\/bs\/proizvod\/kupaonski-ormaric-mora-135x32x32-cm\/#breadcrumb\"},\"inLanguage\":\"bs-BA\",\"potentialAction\":[{\"@type\":\"ReadAction\",\"target\":[\"https:\/\/inti.hr\/bs\/proizvod\/kupaonski-ormaric-mora-135x32x32-cm\/\"]}]},{\"@type\":\"ImageObject\",\"inLanguage\":\"bs-BA\",\"@id\":\"https:\/\/inti.hr\/bs\/proizvod\/kupaonski-ormaric-mora-135x32x32-cm\/#primaryimage\",\"url\":\"https:\/\/i0.wp.com\/inti.hr\/wp-content\/uploads\/2024\/01\/bdeed992b2b5525c14d2ec71ab63f95d.jpg?fit=1400%2C1400&ssl=1\",\"contentUrl\":\"https:\/\/i0.wp.com\/inti.hr\/wp-content\/uploads\/2024\/01\/bdeed992b2b5525c14d2ec71ab63f95d.jpg?fit=1400%2C1400&ssl=1\",\"width\":1400,\"height\":1400},{\"@type\":\"BreadcrumbList\",\"@id\":\"https:\/\/inti.hr\/bs\/proizvod\/kupaonski-ormaric-mora-135x32x32-cm\/#breadcrumb\",\"itemListElement\":[{\"@type\":\"ListItem\",\"position\":1,\"name\":\"Po\u010detna stranica\",\"item\":\"https:\/\/inti.hr\/bs\/\"},{\"@type\":\"ListItem\",\"position\":2,\"name\":\"Trgovina\",\"item\":\"https:\/\/inti.hr\/bs\/trgovina\/\"},{\"@type\":\"ListItem\",\"position\":3,\"name\":\"Kupaonski ormari\u0107 Mora 135x32x32 cm\"}]},{\"@type\":\"WebSite\",\"@id\":\"https:\/\/inti.hr\/bs\/#website\",\"url\":\"https:\/\/inti.hr\/bs\/\",\"name\":\"Inti\",\"description\":\"trgovina\",\"potentialAction\":[{\"@type\":\"SearchAction\",\"target\":{\"@type\":\"EntryPoint\",\"urlTemplate\":\"https:\/\/inti.hr\/bs\/?s={search_term_string}\"},\"query-input\":{\"@type\":\"PropertyValueSpecification\",\"valueRequired\":true,\"valueName\":\"search_term_string\"}}],\"inLanguage\":\"bs-BA\"}]}<\/script>\n<!-- \/ Yoast SEO plugin. -->","yoast_head_json":{"title":"Kupaonski ormari\u0107 Mora 135x32x32 cm - Inti","description":"Moderan i prakti\u010dan kupaonski ormari\u0107 nudi prekrasan izgled va\u0161oj kupaonici.Detalji o proizvodu:- S vratima ormari\u0107a i dvije police- Brzo i jednostavno sastavljanje- Jednostavno \u010di\u0161\u0107enje","robots":{"index":"index","follow":"follow","max-snippet":"max-snippet:-1","max-image-preview":"max-image-preview:large","max-video-preview":"max-video-preview:-1"},"canonical":"https:\/\/inti.hr\/bs\/proizvod\/kupaonski-ormaric-mora-135x32x32-cm\/","og_locale":"bs_BA","og_type":"article","og_title":"Kupaonski ormari\u0107 Mora 135x32x32 cm - Inti","og_description":"Moderan i prakti\u010dan kupaonski ormari\u0107 nudi prekrasan izgled va\u0161oj kupaonici.Detalji o proizvodu:- S vratima ormari\u0107a i dvije police- Brzo i jednostavno sastavljanje- Jednostavno \u010di\u0161\u0107enje","og_url":"https:\/\/inti.hr\/bs\/proizvod\/kupaonski-ormaric-mora-135x32x32-cm\/","og_site_name":"Inti","og_image":[{"width":1400,"height":1400,"url":"https:\/\/i0.wp.com\/inti.hr\/wp-content\/uploads\/2024\/01\/bdeed992b2b5525c14d2ec71ab63f95d.jpg?fit=1400%2C1400&ssl=1","type":"image\/jpeg"}],"twitter_card":"summary_large_image","schema":{"@context":"https:\/\/schema.org","@graph":[{"@type":"WebPage","@id":"https:\/\/inti.hr\/bs\/proizvod\/kupaonski-ormaric-mora-135x32x32-cm\/","url":"https:\/\/inti.hr\/bs\/proizvod\/kupaonski-ormaric-mora-135x32x32-cm\/","name":"Kupaonski ormari\u0107 Mora 135x32x32 cm - Inti","isPartOf":{"@id":"https:\/\/inti.hr\/bs\/#website"},"primaryImageOfPage":{"@id":"https:\/\/inti.hr\/bs\/proizvod\/kupaonski-ormaric-mora-135x32x32-cm\/#primaryimage"},"image":{"@id":"https:\/\/inti.hr\/bs\/proizvod\/kupaonski-ormaric-mora-135x32x32-cm\/#primaryimage"},"thumbnailUrl":"https:\/\/i0.wp.com\/inti.hr\/wp-content\/uploads\/2024\/01\/bdeed992b2b5525c14d2ec71ab63f95d.jpg?fit=1400%2C1400&ssl=1","datePublished":"2024-01-24T09:31:20+00:00","dateModified":"2024-01-24T09:31:20+00:00","description":"Moderan i prakti\u010dan kupaonski ormari\u0107 nudi prekrasan izgled va\u0161oj kupaonici.Detalji o proizvodu:- S vratima ormari\u0107a i dvije police- Brzo i jednostavno sastavljanje- Jednostavno \u010di\u0161\u0107enje","breadcrumb":{"@id":"https:\/\/inti.hr\/bs\/proizvod\/kupaonski-ormaric-mora-135x32x32-cm\/#breadcrumb"},"inLanguage":"bs-BA","potentialAction":[{"@type":"ReadAction","target":["https:\/\/inti.hr\/bs\/proizvod\/kupaonski-ormaric-mora-135x32x32-cm\/"]}]},{"@type":"ImageObject","inLanguage":"bs-BA","@id":"https:\/\/inti.hr\/bs\/proizvod\/kupaonski-ormaric-mora-135x32x32-cm\/#primaryimage","url":"https:\/\/i0.wp.com\/inti.hr\/wp-content\/uploads\/2024\/01\/bdeed992b2b5525c14d2ec71ab63f95d.jpg?fit=1400%2C1400&ssl=1","contentUrl":"https:\/\/i0.wp.com\/inti.hr\/wp-content\/uploads\/2024\/01\/bdeed992b2b5525c14d2ec71ab63f95d.jpg?fit=1400%2C1400&ssl=1","width":1400,"height":1400},{"@type":"BreadcrumbList","@id":"https:\/\/inti.hr\/bs\/proizvod\/kupaonski-ormaric-mora-135x32x32-cm\/#breadcrumb","itemListElement":[{"@type":"ListItem","position":1,"name":"Po\u010detna stranica","item":"https:\/\/inti.hr\/bs\/"},{"@type":"ListItem","position":2,"name":"Trgovina","item":"https:\/\/inti.hr\/bs\/trgovina\/"},{"@type":"ListItem","position":3,"name":"Kupaonski ormari\u0107 Mora 135x32x32 cm"}]},{"@type":"WebSite","@id":"https:\/\/inti.hr\/bs\/#website","url":"https:\/\/inti.hr\/bs\/","name":"Inti","description":"trgovina","potentialAction":[{"@type":"SearchAction","target":{"@type":"EntryPoint","urlTemplate":"https:\/\/inti.hr\/bs\/?s={search_term_string}"},"query-input":{"@type":"PropertyValueSpecification","valueRequired":true,"valueName":"search_term_string"}}],"inLanguage":"bs-BA"}]}},"jetpack_sharing_enabled":true,"jetpack-related-posts":[],"_links":{"self":[{"href":"https:\/\/inti.hr\/bs\/wp-json\/wp\/v2\/product\/32957"}],"collection":[{"href":"https:\/\/inti.hr\/bs\/wp-json\/wp\/v2\/product"}],"about":[{"href":"https:\/\/inti.hr\/bs\/wp-json\/wp\/v2\/types\/product"}],"wp:featuredmedia":[{"embeddable":true,"href":"https:\/\/inti.hr\/bs\/wp-json\/wp\/v2\/media\/32958"}],"wp:attachment":[{"href":"https:\/\/inti.hr\/bs\/wp-json\/wp\/v2\/media?parent=32957"}],"wp:term":[{"taxonomy":"product_cat","embeddable":true,"href":"https:\/\/inti.hr\/bs\/wp-json\/wp\/v2\/product_cat?post=32957"},{"taxonomy":"product_tag","embeddable":true,"href":"https:\/\/inti.hr\/bs\/wp-json\/wp\/v2\/product_tag?post=32957"}],"curies":[{"name":"wp","href":"https:\/\/api.w.org\/{rel}","templated":true}]}}