{"id":32969,"date":"2024-01-24T09:17:17","date_gmt":"2024-01-24T09:17:17","guid":{"rendered":"https:\/\/inti.hr\/product\/baza-perilice-rublja-s-ladicom\/"},"modified":"2024-01-24T09:17:17","modified_gmt":"2024-01-24T09:17:17","slug":"baza-perilice-rublja-s-ladicom","status":"publish","type":"product","link":"https:\/\/inti.hr\/bs\/proizvod\/baza-perilice-rublja-s-ladicom\/","title":{"rendered":"Baza perilice rublja s ladicom"},"content":{"rendered":"<p>Detalji o proizvodu:<\/p>\n<p>&#8211; Prikladno za sve standardne perilice<br \/>\n&#8211; Stabilan polo\u017eaj perilice zahvaljuju\u0107i protukliznim jastu\u010di\u0107ima.<br \/>\n&#8211; Gumirane noge<br \/>\n&#8211; Maksimalna nosivost: 150 kg<br \/>\n&#8211; Uklj. ladicu za odlaganje rublja i deterd\u017eenata<br \/>\n&#8211; Pobolj\u0161ana verzija s dodatnim bo\u010dnim oja\u010danjem<\/p>\n<p>Materijal:<\/p>\n<p>&#8211; Okvir: \u010delik<br \/>\n&#8211; Ru\u010dka ladice: aluminij<\/p>\n<p>Boja:<\/p>\n<p>Bijela, crna<\/p>\n<p>Dimenzije (Dx\u0160xV):<\/p>\n<p>63x54x31 cm<\/p>\n","protected":false},"excerpt":{"rendered":"<p>Stabilna i robusna baza osigurava pove\u0107ani polo\u017eaj za sve standardne perilice &#8230; <\/p>\n","protected":false},"featured_media":32970,"template":"","meta":[],"product_cat":[2392],"product_tag":[3536,2520,3537],"yoast_head":"<!-- This site is optimized with the Yoast SEO plugin v23.7 - https:\/\/yoast.com\/wordpress\/plugins\/seo\/ -->\n<title>Baza perilice rublja s ladicom - Inti<\/title>\n<meta name=\"description\" content=\"Stabilna i robusna baza osigurava pove\u0107ani polo\u017eaj za sve standardne perilice i su\u0161ilice rublja. To \u010dini punjenje i va\u0111enje rublja prakti\u010dnijim. Povi\u0161eni okvir sprje\u010dava pad ure\u0111aja s postolja. Gumirane noge tako\u0111er osiguravaju sigurno postolje. Na\u0161a nova i pobolj\u0161ana verzija postolja perilice rublja ima dodatno bo\u010dno poja\u010danje.\" \/>\n<meta name=\"robots\" content=\"index, follow, max-snippet:-1, max-image-preview:large, max-video-preview:-1\" \/>\n<link rel=\"canonical\" href=\"https:\/\/inti.hr\/bs\/proizvod\/baza-perilice-rublja-s-ladicom\/\" \/>\n<meta property=\"og:locale\" content=\"bs_BA\" \/>\n<meta property=\"og:type\" content=\"article\" \/>\n<meta property=\"og:title\" content=\"Baza perilice rublja s ladicom - Inti\" \/>\n<meta property=\"og:description\" content=\"Stabilna i robusna baza osigurava pove\u0107ani polo\u017eaj za sve standardne perilice i su\u0161ilice rublja. To \u010dini punjenje i va\u0111enje rublja prakti\u010dnijim. Povi\u0161eni okvir sprje\u010dava pad ure\u0111aja s postolja. Gumirane noge tako\u0111er osiguravaju sigurno postolje. Na\u0161a nova i pobolj\u0161ana verzija postolja perilice rublja ima dodatno bo\u010dno poja\u010danje.\" \/>\n<meta property=\"og:url\" content=\"https:\/\/inti.hr\/bs\/proizvod\/baza-perilice-rublja-s-ladicom\/\" \/>\n<meta property=\"og:site_name\" content=\"Inti\" \/>\n<meta property=\"og:image\" content=\"https:\/\/i0.wp.com\/inti.hr\/wp-content\/uploads\/2024\/01\/6fc7fb03ccd2a63a1d0336aceb131f99.jpg?fit=1400%2C1400&ssl=1\" \/>\n\t<meta property=\"og:image:width\" content=\"1400\" \/>\n\t<meta property=\"og:image:height\" content=\"1400\" \/>\n\t<meta property=\"og:image:type\" content=\"image\/jpeg\" \/>\n<meta name=\"twitter:card\" content=\"summary_large_image\" \/>\n<script type=\"application\/ld+json\" class=\"yoast-schema-graph\">{\"@context\":\"https:\/\/schema.org\",\"@graph\":[{\"@type\":\"WebPage\",\"@id\":\"https:\/\/inti.hr\/bs\/proizvod\/baza-perilice-rublja-s-ladicom\/\",\"url\":\"https:\/\/inti.hr\/bs\/proizvod\/baza-perilice-rublja-s-ladicom\/\",\"name\":\"Baza perilice rublja s ladicom - Inti\",\"isPartOf\":{\"@id\":\"https:\/\/inti.hr\/bs\/#website\"},\"primaryImageOfPage\":{\"@id\":\"https:\/\/inti.hr\/bs\/proizvod\/baza-perilice-rublja-s-ladicom\/#primaryimage\"},\"image\":{\"@id\":\"https:\/\/inti.hr\/bs\/proizvod\/baza-perilice-rublja-s-ladicom\/#primaryimage\"},\"thumbnailUrl\":\"https:\/\/i0.wp.com\/inti.hr\/wp-content\/uploads\/2024\/01\/6fc7fb03ccd2a63a1d0336aceb131f99.jpg?fit=1400%2C1400&ssl=1\",\"datePublished\":\"2024-01-24T09:17:17+00:00\",\"dateModified\":\"2024-01-24T09:17:17+00:00\",\"description\":\"Stabilna i robusna baza osigurava pove\u0107ani polo\u017eaj za sve standardne perilice i su\u0161ilice rublja. To \u010dini punjenje i va\u0111enje rublja prakti\u010dnijim. Povi\u0161eni okvir sprje\u010dava pad ure\u0111aja s postolja. Gumirane noge tako\u0111er osiguravaju sigurno postolje. Na\u0161a nova i pobolj\u0161ana verzija postolja perilice rublja ima dodatno bo\u010dno poja\u010danje.\",\"breadcrumb\":{\"@id\":\"https:\/\/inti.hr\/bs\/proizvod\/baza-perilice-rublja-s-ladicom\/#breadcrumb\"},\"inLanguage\":\"bs-BA\",\"potentialAction\":[{\"@type\":\"ReadAction\",\"target\":[\"https:\/\/inti.hr\/bs\/proizvod\/baza-perilice-rublja-s-ladicom\/\"]}]},{\"@type\":\"ImageObject\",\"inLanguage\":\"bs-BA\",\"@id\":\"https:\/\/inti.hr\/bs\/proizvod\/baza-perilice-rublja-s-ladicom\/#primaryimage\",\"url\":\"https:\/\/i0.wp.com\/inti.hr\/wp-content\/uploads\/2024\/01\/6fc7fb03ccd2a63a1d0336aceb131f99.jpg?fit=1400%2C1400&ssl=1\",\"contentUrl\":\"https:\/\/i0.wp.com\/inti.hr\/wp-content\/uploads\/2024\/01\/6fc7fb03ccd2a63a1d0336aceb131f99.jpg?fit=1400%2C1400&ssl=1\",\"width\":1400,\"height\":1400},{\"@type\":\"BreadcrumbList\",\"@id\":\"https:\/\/inti.hr\/bs\/proizvod\/baza-perilice-rublja-s-ladicom\/#breadcrumb\",\"itemListElement\":[{\"@type\":\"ListItem\",\"position\":1,\"name\":\"Po\u010detna stranica\",\"item\":\"https:\/\/inti.hr\/bs\/\"},{\"@type\":\"ListItem\",\"position\":2,\"name\":\"Trgovina\",\"item\":\"https:\/\/inti.hr\/bs\/trgovina\/\"},{\"@type\":\"ListItem\",\"position\":3,\"name\":\"Baza perilice rublja s ladicom\"}]},{\"@type\":\"WebSite\",\"@id\":\"https:\/\/inti.hr\/bs\/#website\",\"url\":\"https:\/\/inti.hr\/bs\/\",\"name\":\"Inti\",\"description\":\"trgovina\",\"potentialAction\":[{\"@type\":\"SearchAction\",\"target\":{\"@type\":\"EntryPoint\",\"urlTemplate\":\"https:\/\/inti.hr\/bs\/?s={search_term_string}\"},\"query-input\":{\"@type\":\"PropertyValueSpecification\",\"valueRequired\":true,\"valueName\":\"search_term_string\"}}],\"inLanguage\":\"bs-BA\"}]}<\/script>\n<!-- \/ Yoast SEO plugin. -->","yoast_head_json":{"title":"Baza perilice rublja s ladicom - Inti","description":"Stabilna i robusna baza osigurava pove\u0107ani polo\u017eaj za sve standardne perilice i su\u0161ilice rublja. To \u010dini punjenje i va\u0111enje rublja prakti\u010dnijim. Povi\u0161eni okvir sprje\u010dava pad ure\u0111aja s postolja. Gumirane noge tako\u0111er osiguravaju sigurno postolje. Na\u0161a nova i pobolj\u0161ana verzija postolja perilice rublja ima dodatno bo\u010dno poja\u010danje.","robots":{"index":"index","follow":"follow","max-snippet":"max-snippet:-1","max-image-preview":"max-image-preview:large","max-video-preview":"max-video-preview:-1"},"canonical":"https:\/\/inti.hr\/bs\/proizvod\/baza-perilice-rublja-s-ladicom\/","og_locale":"bs_BA","og_type":"article","og_title":"Baza perilice rublja s ladicom - Inti","og_description":"Stabilna i robusna baza osigurava pove\u0107ani polo\u017eaj za sve standardne perilice i su\u0161ilice rublja. To \u010dini punjenje i va\u0111enje rublja prakti\u010dnijim. Povi\u0161eni okvir sprje\u010dava pad ure\u0111aja s postolja. Gumirane noge tako\u0111er osiguravaju sigurno postolje. Na\u0161a nova i pobolj\u0161ana verzija postolja perilice rublja ima dodatno bo\u010dno poja\u010danje.","og_url":"https:\/\/inti.hr\/bs\/proizvod\/baza-perilice-rublja-s-ladicom\/","og_site_name":"Inti","og_image":[{"width":1400,"height":1400,"url":"https:\/\/i0.wp.com\/inti.hr\/wp-content\/uploads\/2024\/01\/6fc7fb03ccd2a63a1d0336aceb131f99.jpg?fit=1400%2C1400&ssl=1","type":"image\/jpeg"}],"twitter_card":"summary_large_image","schema":{"@context":"https:\/\/schema.org","@graph":[{"@type":"WebPage","@id":"https:\/\/inti.hr\/bs\/proizvod\/baza-perilice-rublja-s-ladicom\/","url":"https:\/\/inti.hr\/bs\/proizvod\/baza-perilice-rublja-s-ladicom\/","name":"Baza perilice rublja s ladicom - Inti","isPartOf":{"@id":"https:\/\/inti.hr\/bs\/#website"},"primaryImageOfPage":{"@id":"https:\/\/inti.hr\/bs\/proizvod\/baza-perilice-rublja-s-ladicom\/#primaryimage"},"image":{"@id":"https:\/\/inti.hr\/bs\/proizvod\/baza-perilice-rublja-s-ladicom\/#primaryimage"},"thumbnailUrl":"https:\/\/i0.wp.com\/inti.hr\/wp-content\/uploads\/2024\/01\/6fc7fb03ccd2a63a1d0336aceb131f99.jpg?fit=1400%2C1400&ssl=1","datePublished":"2024-01-24T09:17:17+00:00","dateModified":"2024-01-24T09:17:17+00:00","description":"Stabilna i robusna baza osigurava pove\u0107ani polo\u017eaj za sve standardne perilice i su\u0161ilice rublja. To \u010dini punjenje i va\u0111enje rublja prakti\u010dnijim. Povi\u0161eni okvir sprje\u010dava pad ure\u0111aja s postolja. Gumirane noge tako\u0111er osiguravaju sigurno postolje. Na\u0161a nova i pobolj\u0161ana verzija postolja perilice rublja ima dodatno bo\u010dno poja\u010danje.","breadcrumb":{"@id":"https:\/\/inti.hr\/bs\/proizvod\/baza-perilice-rublja-s-ladicom\/#breadcrumb"},"inLanguage":"bs-BA","potentialAction":[{"@type":"ReadAction","target":["https:\/\/inti.hr\/bs\/proizvod\/baza-perilice-rublja-s-ladicom\/"]}]},{"@type":"ImageObject","inLanguage":"bs-BA","@id":"https:\/\/inti.hr\/bs\/proizvod\/baza-perilice-rublja-s-ladicom\/#primaryimage","url":"https:\/\/i0.wp.com\/inti.hr\/wp-content\/uploads\/2024\/01\/6fc7fb03ccd2a63a1d0336aceb131f99.jpg?fit=1400%2C1400&ssl=1","contentUrl":"https:\/\/i0.wp.com\/inti.hr\/wp-content\/uploads\/2024\/01\/6fc7fb03ccd2a63a1d0336aceb131f99.jpg?fit=1400%2C1400&ssl=1","width":1400,"height":1400},{"@type":"BreadcrumbList","@id":"https:\/\/inti.hr\/bs\/proizvod\/baza-perilice-rublja-s-ladicom\/#breadcrumb","itemListElement":[{"@type":"ListItem","position":1,"name":"Po\u010detna stranica","item":"https:\/\/inti.hr\/bs\/"},{"@type":"ListItem","position":2,"name":"Trgovina","item":"https:\/\/inti.hr\/bs\/trgovina\/"},{"@type":"ListItem","position":3,"name":"Baza perilice rublja s ladicom"}]},{"@type":"WebSite","@id":"https:\/\/inti.hr\/bs\/#website","url":"https:\/\/inti.hr\/bs\/","name":"Inti","description":"trgovina","potentialAction":[{"@type":"SearchAction","target":{"@type":"EntryPoint","urlTemplate":"https:\/\/inti.hr\/bs\/?s={search_term_string}"},"query-input":{"@type":"PropertyValueSpecification","valueRequired":true,"valueName":"search_term_string"}}],"inLanguage":"bs-BA"}]}},"jetpack_sharing_enabled":true,"jetpack-related-posts":[],"_links":{"self":[{"href":"https:\/\/inti.hr\/bs\/wp-json\/wp\/v2\/product\/32969"}],"collection":[{"href":"https:\/\/inti.hr\/bs\/wp-json\/wp\/v2\/product"}],"about":[{"href":"https:\/\/inti.hr\/bs\/wp-json\/wp\/v2\/types\/product"}],"wp:featuredmedia":[{"embeddable":true,"href":"https:\/\/inti.hr\/bs\/wp-json\/wp\/v2\/media\/32970"}],"wp:attachment":[{"href":"https:\/\/inti.hr\/bs\/wp-json\/wp\/v2\/media?parent=32969"}],"wp:term":[{"taxonomy":"product_cat","embeddable":true,"href":"https:\/\/inti.hr\/bs\/wp-json\/wp\/v2\/product_cat?post=32969"},{"taxonomy":"product_tag","embeddable":true,"href":"https:\/\/inti.hr\/bs\/wp-json\/wp\/v2\/product_tag?post=32969"}],"curies":[{"name":"wp","href":"https:\/\/api.w.org\/{rel}","templated":true}]}}