{"id":32977,"date":"2024-01-24T09:10:15","date_gmt":"2024-01-24T09:10:15","guid":{"rendered":"https:\/\/inti.hr\/product\/kupaonska-polica-od-bambusa\/"},"modified":"2024-01-24T09:10:15","modified_gmt":"2024-01-24T09:10:15","slug":"kupaonska-polica-od-bambusa","status":"publish","type":"product","link":"https:\/\/inti.hr\/bs\/proizvod\/kupaonska-polica-od-bambusa\/","title":{"rendered":"Kupaonska polica od bambusa"},"content":{"rendered":"<p>Detalji o proizvodu:<\/p>\n<p>&#8211; Samostoje\u0107a polica s ljestvama s dr\u017ea\u010dima za ru\u010dnike<br \/>\n&#8211; 3 police za ko\u0161are ili predmete za tu\u0161iranje, na primjer<br \/>\n&#8211; Mo\u017ee se sklopiti radi u\u0161tede prostora<br \/>\n&#8211; Brzo i jednostavno sastavljanje<\/p>\n<p>Elasti\u010dnost:<\/p>\n<p>&#8211; Dr\u017ea\u010d za ru\u010dnike: max. 5 kg svaki<br \/>\n&#8211; Polica: max. 5 kg svaki<\/p>\n<p>Materijal:<\/p>\n<p>&#8211; Kupaonski stalak s dr\u017ea\u010dima za ru\u010dnike: Bambus<br \/>\n&#8211; Donje police: MDF<\/p>\n<p>Dimenzije:<\/p>\n<p>&#8211; Ukupno (Vx\u0160xD): 152 x 53 x 31 cm<br \/>\n&#8211; Udaljenost izme\u0111u \u0161ipki za ru\u010dnike: 24,5 cm<br \/>\n&#8211; Udaljenost izme\u0111u \u0161ipke za ru\u010dnike i gornje police: 36,5 cm<br \/>\n&#8211; Udaljenost izme\u0111u gornje i srednje police: 21,5 cm<br \/>\n&#8211; Udaljenost izme\u0111u srednje i donje police: 27 cm<br \/>\n&#8211; Gornja polica (\u0160xD): 46 x 16 cm<br \/>\n&#8211; Srednja polica (\u0160xD): 46 x 22 cm<br \/>\n&#8211; Donja polica (\u0160xD): 46 x 30 cm<\/p>\n","protected":false},"excerpt":{"rendered":"<p>Samostoje\u0107a i sklopiva polica s ljestvama idealna je za va\u0161u kupaonicu. &#8230; <\/p>\n","protected":false},"featured_media":32978,"template":"","meta":[],"product_cat":[2392],"product_tag":[],"yoast_head":"<!-- This site is optimized with the Yoast SEO plugin v23.7 - https:\/\/yoast.com\/wordpress\/plugins\/seo\/ -->\n<title>Kupaonska polica od bambusa - Inti<\/title>\n<meta name=\"description\" content=\"Samostoje\u0107a i sklopiva polica s ljestvama idealna je za va\u0161u kupaonicu. Okrugle dr\u017ea\u010de za ru\u010dnike pru\u017eaju vam mogu\u0107nost da vam ru\u010dnici uvijek budu nadohvat ruke. Tako\u0111er mo\u017eete pohraniti sav svoj kupaonski pribor i kozmeti\u010dke artikle na donje police kako biste u\u0161tedjeli prostor.\" \/>\n<meta name=\"robots\" content=\"index, follow, max-snippet:-1, max-image-preview:large, max-video-preview:-1\" \/>\n<link rel=\"canonical\" href=\"https:\/\/inti.hr\/bs\/proizvod\/kupaonska-polica-od-bambusa\/\" \/>\n<meta property=\"og:locale\" content=\"bs_BA\" \/>\n<meta property=\"og:type\" content=\"article\" \/>\n<meta property=\"og:title\" content=\"Kupaonska polica od bambusa - Inti\" \/>\n<meta property=\"og:description\" content=\"Samostoje\u0107a i sklopiva polica s ljestvama idealna je za va\u0161u kupaonicu. Okrugle dr\u017ea\u010de za ru\u010dnike pru\u017eaju vam mogu\u0107nost da vam ru\u010dnici uvijek budu nadohvat ruke. Tako\u0111er mo\u017eete pohraniti sav svoj kupaonski pribor i kozmeti\u010dke artikle na donje police kako biste u\u0161tedjeli prostor.\" \/>\n<meta property=\"og:url\" content=\"https:\/\/inti.hr\/bs\/proizvod\/kupaonska-polica-od-bambusa\/\" \/>\n<meta property=\"og:site_name\" content=\"Inti\" \/>\n<meta property=\"og:image\" content=\"https:\/\/i0.wp.com\/inti.hr\/wp-content\/uploads\/2024\/01\/175190c7d33002340b8b331778a7dfdb.jpg?fit=1400%2C1400&ssl=1\" \/>\n\t<meta property=\"og:image:width\" content=\"1400\" \/>\n\t<meta property=\"og:image:height\" content=\"1400\" \/>\n\t<meta property=\"og:image:type\" content=\"image\/jpeg\" \/>\n<meta name=\"twitter:card\" content=\"summary_large_image\" \/>\n<meta name=\"twitter:label1\" content=\"Est. reading time\" \/>\n\t<meta name=\"twitter:data1\" content=\"1 minuta\" \/>\n<script type=\"application\/ld+json\" class=\"yoast-schema-graph\">{\"@context\":\"https:\/\/schema.org\",\"@graph\":[{\"@type\":\"WebPage\",\"@id\":\"https:\/\/inti.hr\/bs\/proizvod\/kupaonska-polica-od-bambusa\/\",\"url\":\"https:\/\/inti.hr\/bs\/proizvod\/kupaonska-polica-od-bambusa\/\",\"name\":\"Kupaonska polica od bambusa - Inti\",\"isPartOf\":{\"@id\":\"https:\/\/inti.hr\/bs\/#website\"},\"primaryImageOfPage\":{\"@id\":\"https:\/\/inti.hr\/bs\/proizvod\/kupaonska-polica-od-bambusa\/#primaryimage\"},\"image\":{\"@id\":\"https:\/\/inti.hr\/bs\/proizvod\/kupaonska-polica-od-bambusa\/#primaryimage\"},\"thumbnailUrl\":\"https:\/\/i0.wp.com\/inti.hr\/wp-content\/uploads\/2024\/01\/175190c7d33002340b8b331778a7dfdb.jpg?fit=1400%2C1400&ssl=1\",\"datePublished\":\"2024-01-24T09:10:15+00:00\",\"dateModified\":\"2024-01-24T09:10:15+00:00\",\"description\":\"Samostoje\u0107a i sklopiva polica s ljestvama idealna je za va\u0161u kupaonicu. Okrugle dr\u017ea\u010de za ru\u010dnike pru\u017eaju vam mogu\u0107nost da vam ru\u010dnici uvijek budu nadohvat ruke. Tako\u0111er mo\u017eete pohraniti sav svoj kupaonski pribor i kozmeti\u010dke artikle na donje police kako biste u\u0161tedjeli prostor.\",\"breadcrumb\":{\"@id\":\"https:\/\/inti.hr\/bs\/proizvod\/kupaonska-polica-od-bambusa\/#breadcrumb\"},\"inLanguage\":\"bs-BA\",\"potentialAction\":[{\"@type\":\"ReadAction\",\"target\":[\"https:\/\/inti.hr\/bs\/proizvod\/kupaonska-polica-od-bambusa\/\"]}]},{\"@type\":\"ImageObject\",\"inLanguage\":\"bs-BA\",\"@id\":\"https:\/\/inti.hr\/bs\/proizvod\/kupaonska-polica-od-bambusa\/#primaryimage\",\"url\":\"https:\/\/i0.wp.com\/inti.hr\/wp-content\/uploads\/2024\/01\/175190c7d33002340b8b331778a7dfdb.jpg?fit=1400%2C1400&ssl=1\",\"contentUrl\":\"https:\/\/i0.wp.com\/inti.hr\/wp-content\/uploads\/2024\/01\/175190c7d33002340b8b331778a7dfdb.jpg?fit=1400%2C1400&ssl=1\",\"width\":1400,\"height\":1400,\"caption\":\"Kupaonska polica od bambusa\"},{\"@type\":\"BreadcrumbList\",\"@id\":\"https:\/\/inti.hr\/bs\/proizvod\/kupaonska-polica-od-bambusa\/#breadcrumb\",\"itemListElement\":[{\"@type\":\"ListItem\",\"position\":1,\"name\":\"Po\u010detna stranica\",\"item\":\"https:\/\/inti.hr\/bs\/\"},{\"@type\":\"ListItem\",\"position\":2,\"name\":\"Trgovina\",\"item\":\"https:\/\/inti.hr\/bs\/trgovina\/\"},{\"@type\":\"ListItem\",\"position\":3,\"name\":\"Kupaonska polica od bambusa\"}]},{\"@type\":\"WebSite\",\"@id\":\"https:\/\/inti.hr\/bs\/#website\",\"url\":\"https:\/\/inti.hr\/bs\/\",\"name\":\"Inti\",\"description\":\"trgovina\",\"potentialAction\":[{\"@type\":\"SearchAction\",\"target\":{\"@type\":\"EntryPoint\",\"urlTemplate\":\"https:\/\/inti.hr\/bs\/?s={search_term_string}\"},\"query-input\":{\"@type\":\"PropertyValueSpecification\",\"valueRequired\":true,\"valueName\":\"search_term_string\"}}],\"inLanguage\":\"bs-BA\"}]}<\/script>\n<!-- \/ Yoast SEO plugin. -->","yoast_head_json":{"title":"Kupaonska polica od bambusa - Inti","description":"Samostoje\u0107a i sklopiva polica s ljestvama idealna je za va\u0161u kupaonicu. Okrugle dr\u017ea\u010de za ru\u010dnike pru\u017eaju vam mogu\u0107nost da vam ru\u010dnici uvijek budu nadohvat ruke. Tako\u0111er mo\u017eete pohraniti sav svoj kupaonski pribor i kozmeti\u010dke artikle na donje police kako biste u\u0161tedjeli prostor.","robots":{"index":"index","follow":"follow","max-snippet":"max-snippet:-1","max-image-preview":"max-image-preview:large","max-video-preview":"max-video-preview:-1"},"canonical":"https:\/\/inti.hr\/bs\/proizvod\/kupaonska-polica-od-bambusa\/","og_locale":"bs_BA","og_type":"article","og_title":"Kupaonska polica od bambusa - Inti","og_description":"Samostoje\u0107a i sklopiva polica s ljestvama idealna je za va\u0161u kupaonicu. Okrugle dr\u017ea\u010de za ru\u010dnike pru\u017eaju vam mogu\u0107nost da vam ru\u010dnici uvijek budu nadohvat ruke. Tako\u0111er mo\u017eete pohraniti sav svoj kupaonski pribor i kozmeti\u010dke artikle na donje police kako biste u\u0161tedjeli prostor.","og_url":"https:\/\/inti.hr\/bs\/proizvod\/kupaonska-polica-od-bambusa\/","og_site_name":"Inti","og_image":[{"width":1400,"height":1400,"url":"https:\/\/i0.wp.com\/inti.hr\/wp-content\/uploads\/2024\/01\/175190c7d33002340b8b331778a7dfdb.jpg?fit=1400%2C1400&ssl=1","type":"image\/jpeg"}],"twitter_card":"summary_large_image","twitter_misc":{"Est. reading time":"1 minuta"},"schema":{"@context":"https:\/\/schema.org","@graph":[{"@type":"WebPage","@id":"https:\/\/inti.hr\/bs\/proizvod\/kupaonska-polica-od-bambusa\/","url":"https:\/\/inti.hr\/bs\/proizvod\/kupaonska-polica-od-bambusa\/","name":"Kupaonska polica od bambusa - Inti","isPartOf":{"@id":"https:\/\/inti.hr\/bs\/#website"},"primaryImageOfPage":{"@id":"https:\/\/inti.hr\/bs\/proizvod\/kupaonska-polica-od-bambusa\/#primaryimage"},"image":{"@id":"https:\/\/inti.hr\/bs\/proizvod\/kupaonska-polica-od-bambusa\/#primaryimage"},"thumbnailUrl":"https:\/\/i0.wp.com\/inti.hr\/wp-content\/uploads\/2024\/01\/175190c7d33002340b8b331778a7dfdb.jpg?fit=1400%2C1400&ssl=1","datePublished":"2024-01-24T09:10:15+00:00","dateModified":"2024-01-24T09:10:15+00:00","description":"Samostoje\u0107a i sklopiva polica s ljestvama idealna je za va\u0161u kupaonicu. Okrugle dr\u017ea\u010de za ru\u010dnike pru\u017eaju vam mogu\u0107nost da vam ru\u010dnici uvijek budu nadohvat ruke. Tako\u0111er mo\u017eete pohraniti sav svoj kupaonski pribor i kozmeti\u010dke artikle na donje police kako biste u\u0161tedjeli prostor.","breadcrumb":{"@id":"https:\/\/inti.hr\/bs\/proizvod\/kupaonska-polica-od-bambusa\/#breadcrumb"},"inLanguage":"bs-BA","potentialAction":[{"@type":"ReadAction","target":["https:\/\/inti.hr\/bs\/proizvod\/kupaonska-polica-od-bambusa\/"]}]},{"@type":"ImageObject","inLanguage":"bs-BA","@id":"https:\/\/inti.hr\/bs\/proizvod\/kupaonska-polica-od-bambusa\/#primaryimage","url":"https:\/\/i0.wp.com\/inti.hr\/wp-content\/uploads\/2024\/01\/175190c7d33002340b8b331778a7dfdb.jpg?fit=1400%2C1400&ssl=1","contentUrl":"https:\/\/i0.wp.com\/inti.hr\/wp-content\/uploads\/2024\/01\/175190c7d33002340b8b331778a7dfdb.jpg?fit=1400%2C1400&ssl=1","width":1400,"height":1400,"caption":"Kupaonska polica od bambusa"},{"@type":"BreadcrumbList","@id":"https:\/\/inti.hr\/bs\/proizvod\/kupaonska-polica-od-bambusa\/#breadcrumb","itemListElement":[{"@type":"ListItem","position":1,"name":"Po\u010detna stranica","item":"https:\/\/inti.hr\/bs\/"},{"@type":"ListItem","position":2,"name":"Trgovina","item":"https:\/\/inti.hr\/bs\/trgovina\/"},{"@type":"ListItem","position":3,"name":"Kupaonska polica od bambusa"}]},{"@type":"WebSite","@id":"https:\/\/inti.hr\/bs\/#website","url":"https:\/\/inti.hr\/bs\/","name":"Inti","description":"trgovina","potentialAction":[{"@type":"SearchAction","target":{"@type":"EntryPoint","urlTemplate":"https:\/\/inti.hr\/bs\/?s={search_term_string}"},"query-input":{"@type":"PropertyValueSpecification","valueRequired":true,"valueName":"search_term_string"}}],"inLanguage":"bs-BA"}]}},"jetpack_sharing_enabled":true,"jetpack-related-posts":[],"_links":{"self":[{"href":"https:\/\/inti.hr\/bs\/wp-json\/wp\/v2\/product\/32977"}],"collection":[{"href":"https:\/\/inti.hr\/bs\/wp-json\/wp\/v2\/product"}],"about":[{"href":"https:\/\/inti.hr\/bs\/wp-json\/wp\/v2\/types\/product"}],"wp:featuredmedia":[{"embeddable":true,"href":"https:\/\/inti.hr\/bs\/wp-json\/wp\/v2\/media\/32978"}],"wp:attachment":[{"href":"https:\/\/inti.hr\/bs\/wp-json\/wp\/v2\/media?parent=32977"}],"wp:term":[{"taxonomy":"product_cat","embeddable":true,"href":"https:\/\/inti.hr\/bs\/wp-json\/wp\/v2\/product_cat?post=32977"},{"taxonomy":"product_tag","embeddable":true,"href":"https:\/\/inti.hr\/bs\/wp-json\/wp\/v2\/product_tag?post=32977"}],"curies":[{"name":"wp","href":"https:\/\/api.w.org\/{rel}","templated":true}]}}