{"id":32989,"date":"2024-01-24T08:41:30","date_gmt":"2024-01-24T08:41:30","guid":{"rendered":"https:\/\/inti.hr\/product\/organizator-za-igracke-i-knjige\/"},"modified":"2024-01-24T08:41:30","modified_gmt":"2024-01-24T08:41:30","slug":"organizator-za-igracke-i-knjige","status":"publish","type":"product","link":"https:\/\/inti.hr\/bs\/proizvod\/organizator-za-igracke-i-knjige\/","title":{"rendered":"Organizator za igra\u010dke i knjige"},"content":{"rendered":"<p>Detalji proizvoda:<\/p>\n<p>Boja bijela<br \/>\nMaterijal: karton, tekstilni kompozit, \u0161arene naljepnice<br \/>\nVeli\u010dina: 93 x 30 x 100 cm (D x \u0160 x V)<br \/>\nTe\u017eina: 18,8 kg<\/p>\n","protected":false},"excerpt":{"rendered":"<p>Objasnite svom djetetu da njegove igra\u010dke zaslu\u017euju uredan dom poput ove &#8230; <\/p>\n","protected":false},"featured_media":32990,"template":"","meta":[],"product_cat":[2408],"product_tag":[2410,3540],"yoast_head":"<!-- This site is optimized with the Yoast SEO plugin v23.7 - https:\/\/yoast.com\/wordpress\/plugins\/seo\/ -->\n<title>Organizator za igra\u010dke i knjige - Inti<\/title>\n<meta name=\"description\" content=\"Objasnite svom djetetu da njegove igra\u010dke zaslu\u017euju uredan dom poput ove police u dje\u010djoj sobi i potaknite njihov osje\u0107aj za red na razigran na\u010din. Kasnije \u0107e vam ova polica pomo\u0107i i pri organiziranju \u0161kolskog pribora. Ova dje\u010dja polica ima zaobljene kutove koji sprje\u010davaju neugodne udarce i modrice. Tako\u0111er preporu\u010dujemo da koristite protuprevrta\u010d. 3 pretinca za knjige, 3 male i jedna velika polica za pli\u0161ane igra\u010dke, 2 ladice od tkanine za gra\u0111evne kockice - uz ovaj organizator igra\u010daka mo\u017eete sve uredno pospremiti. Smije\u0161na polica za igra\u010dke \u010dini da svaka dje\u010dja soba zablista svojim \u201csvemirskim naljepnicama\u201d. Rakete, asteroidi, zvijezde, planeti - potaknite ma\u0161tu svoje djece!\u00a0\" \/>\n<meta name=\"robots\" content=\"index, follow, max-snippet:-1, max-image-preview:large, max-video-preview:-1\" \/>\n<link rel=\"canonical\" href=\"https:\/\/inti.hr\/bs\/proizvod\/organizator-za-igracke-i-knjige\/\" \/>\n<meta property=\"og:locale\" content=\"bs_BA\" \/>\n<meta property=\"og:type\" content=\"article\" \/>\n<meta property=\"og:title\" content=\"Organizator za igra\u010dke i knjige - Inti\" \/>\n<meta property=\"og:description\" content=\"Objasnite svom djetetu da njegove igra\u010dke zaslu\u017euju uredan dom poput ove police u dje\u010djoj sobi i potaknite njihov osje\u0107aj za red na razigran na\u010din. Kasnije \u0107e vam ova polica pomo\u0107i i pri organiziranju \u0161kolskog pribora. Ova dje\u010dja polica ima zaobljene kutove koji sprje\u010davaju neugodne udarce i modrice. Tako\u0111er preporu\u010dujemo da koristite protuprevrta\u010d. 3 pretinca za knjige, 3 male i jedna velika polica za pli\u0161ane igra\u010dke, 2 ladice od tkanine za gra\u0111evne kockice - uz ovaj organizator igra\u010daka mo\u017eete sve uredno pospremiti. Smije\u0161na polica za igra\u010dke \u010dini da svaka dje\u010dja soba zablista svojim \u201csvemirskim naljepnicama\u201d. Rakete, asteroidi, zvijezde, planeti - potaknite ma\u0161tu svoje djece!\u00a0\" \/>\n<meta property=\"og:url\" content=\"https:\/\/inti.hr\/bs\/proizvod\/organizator-za-igracke-i-knjige\/\" \/>\n<meta property=\"og:site_name\" content=\"Inti\" \/>\n<meta property=\"og:image\" content=\"https:\/\/i0.wp.com\/inti.hr\/wp-content\/uploads\/2024\/01\/Organizer-fuer-Spielzeug-und-Buecher-GKR42WT-3.jpg?fit=1000%2C1000&ssl=1\" \/>\n\t<meta property=\"og:image:width\" content=\"1000\" \/>\n\t<meta property=\"og:image:height\" content=\"1000\" \/>\n\t<meta property=\"og:image:type\" content=\"image\/jpeg\" \/>\n<meta name=\"twitter:card\" content=\"summary_large_image\" \/>\n<script type=\"application\/ld+json\" class=\"yoast-schema-graph\">{\"@context\":\"https:\/\/schema.org\",\"@graph\":[{\"@type\":\"WebPage\",\"@id\":\"https:\/\/inti.hr\/bs\/proizvod\/organizator-za-igracke-i-knjige\/\",\"url\":\"https:\/\/inti.hr\/bs\/proizvod\/organizator-za-igracke-i-knjige\/\",\"name\":\"Organizator za igra\u010dke i knjige - Inti\",\"isPartOf\":{\"@id\":\"https:\/\/inti.hr\/bs\/#website\"},\"primaryImageOfPage\":{\"@id\":\"https:\/\/inti.hr\/bs\/proizvod\/organizator-za-igracke-i-knjige\/#primaryimage\"},\"image\":{\"@id\":\"https:\/\/inti.hr\/bs\/proizvod\/organizator-za-igracke-i-knjige\/#primaryimage\"},\"thumbnailUrl\":\"https:\/\/i0.wp.com\/inti.hr\/wp-content\/uploads\/2024\/01\/Organizer-fuer-Spielzeug-und-Buecher-GKR42WT-3.jpg?fit=1000%2C1000&ssl=1\",\"datePublished\":\"2024-01-24T08:41:30+00:00\",\"dateModified\":\"2024-01-24T08:41:30+00:00\",\"description\":\"Objasnite svom djetetu da njegove igra\u010dke zaslu\u017euju uredan dom poput ove police u dje\u010djoj sobi i potaknite njihov osje\u0107aj za red na razigran na\u010din. Kasnije \u0107e vam ova polica pomo\u0107i i pri organiziranju \u0161kolskog pribora. Ova dje\u010dja polica ima zaobljene kutove koji sprje\u010davaju neugodne udarce i modrice. Tako\u0111er preporu\u010dujemo da koristite protuprevrta\u010d. 3 pretinca za knjige, 3 male i jedna velika polica za pli\u0161ane igra\u010dke, 2 ladice od tkanine za gra\u0111evne kockice - uz ovaj organizator igra\u010daka mo\u017eete sve uredno pospremiti. Smije\u0161na polica za igra\u010dke \u010dini da svaka dje\u010dja soba zablista svojim \u201csvemirskim naljepnicama\u201d. Rakete, asteroidi, zvijezde, planeti - potaknite ma\u0161tu svoje djece!\u00a0\",\"breadcrumb\":{\"@id\":\"https:\/\/inti.hr\/bs\/proizvod\/organizator-za-igracke-i-knjige\/#breadcrumb\"},\"inLanguage\":\"bs-BA\",\"potentialAction\":[{\"@type\":\"ReadAction\",\"target\":[\"https:\/\/inti.hr\/bs\/proizvod\/organizator-za-igracke-i-knjige\/\"]}]},{\"@type\":\"ImageObject\",\"inLanguage\":\"bs-BA\",\"@id\":\"https:\/\/inti.hr\/bs\/proizvod\/organizator-za-igracke-i-knjige\/#primaryimage\",\"url\":\"https:\/\/i0.wp.com\/inti.hr\/wp-content\/uploads\/2024\/01\/Organizer-fuer-Spielzeug-und-Buecher-GKR42WT-3.jpg?fit=1000%2C1000&ssl=1\",\"contentUrl\":\"https:\/\/i0.wp.com\/inti.hr\/wp-content\/uploads\/2024\/01\/Organizer-fuer-Spielzeug-und-Buecher-GKR42WT-3.jpg?fit=1000%2C1000&ssl=1\",\"width\":1000,\"height\":1000},{\"@type\":\"BreadcrumbList\",\"@id\":\"https:\/\/inti.hr\/bs\/proizvod\/organizator-za-igracke-i-knjige\/#breadcrumb\",\"itemListElement\":[{\"@type\":\"ListItem\",\"position\":1,\"name\":\"Po\u010detna stranica\",\"item\":\"https:\/\/inti.hr\/bs\/\"},{\"@type\":\"ListItem\",\"position\":2,\"name\":\"Trgovina\",\"item\":\"https:\/\/inti.hr\/bs\/trgovina\/\"},{\"@type\":\"ListItem\",\"position\":3,\"name\":\"Organizator za igra\u010dke i knjige\"}]},{\"@type\":\"WebSite\",\"@id\":\"https:\/\/inti.hr\/bs\/#website\",\"url\":\"https:\/\/inti.hr\/bs\/\",\"name\":\"Inti\",\"description\":\"trgovina\",\"potentialAction\":[{\"@type\":\"SearchAction\",\"target\":{\"@type\":\"EntryPoint\",\"urlTemplate\":\"https:\/\/inti.hr\/bs\/?s={search_term_string}\"},\"query-input\":{\"@type\":\"PropertyValueSpecification\",\"valueRequired\":true,\"valueName\":\"search_term_string\"}}],\"inLanguage\":\"bs-BA\"}]}<\/script>\n<!-- \/ Yoast SEO plugin. -->","yoast_head_json":{"title":"Organizator za igra\u010dke i knjige - Inti","description":"Objasnite svom djetetu da njegove igra\u010dke zaslu\u017euju uredan dom poput ove police u dje\u010djoj sobi i potaknite njihov osje\u0107aj za red na razigran na\u010din. Kasnije \u0107e vam ova polica pomo\u0107i i pri organiziranju \u0161kolskog pribora. Ova dje\u010dja polica ima zaobljene kutove koji sprje\u010davaju neugodne udarce i modrice. Tako\u0111er preporu\u010dujemo da koristite protuprevrta\u010d. 3 pretinca za knjige, 3 male i jedna velika polica za pli\u0161ane igra\u010dke, 2 ladice od tkanine za gra\u0111evne kockice - uz ovaj organizator igra\u010daka mo\u017eete sve uredno pospremiti. Smije\u0161na polica za igra\u010dke \u010dini da svaka dje\u010dja soba zablista svojim \u201csvemirskim naljepnicama\u201d. Rakete, asteroidi, zvijezde, planeti - potaknite ma\u0161tu svoje djece!\u00a0","robots":{"index":"index","follow":"follow","max-snippet":"max-snippet:-1","max-image-preview":"max-image-preview:large","max-video-preview":"max-video-preview:-1"},"canonical":"https:\/\/inti.hr\/bs\/proizvod\/organizator-za-igracke-i-knjige\/","og_locale":"bs_BA","og_type":"article","og_title":"Organizator za igra\u010dke i knjige - Inti","og_description":"Objasnite svom djetetu da njegove igra\u010dke zaslu\u017euju uredan dom poput ove police u dje\u010djoj sobi i potaknite njihov osje\u0107aj za red na razigran na\u010din. Kasnije \u0107e vam ova polica pomo\u0107i i pri organiziranju \u0161kolskog pribora. Ova dje\u010dja polica ima zaobljene kutove koji sprje\u010davaju neugodne udarce i modrice. Tako\u0111er preporu\u010dujemo da koristite protuprevrta\u010d. 3 pretinca za knjige, 3 male i jedna velika polica za pli\u0161ane igra\u010dke, 2 ladice od tkanine za gra\u0111evne kockice - uz ovaj organizator igra\u010daka mo\u017eete sve uredno pospremiti. Smije\u0161na polica za igra\u010dke \u010dini da svaka dje\u010dja soba zablista svojim \u201csvemirskim naljepnicama\u201d. Rakete, asteroidi, zvijezde, planeti - potaknite ma\u0161tu svoje djece!\u00a0","og_url":"https:\/\/inti.hr\/bs\/proizvod\/organizator-za-igracke-i-knjige\/","og_site_name":"Inti","og_image":[{"width":1000,"height":1000,"url":"https:\/\/i0.wp.com\/inti.hr\/wp-content\/uploads\/2024\/01\/Organizer-fuer-Spielzeug-und-Buecher-GKR42WT-3.jpg?fit=1000%2C1000&ssl=1","type":"image\/jpeg"}],"twitter_card":"summary_large_image","schema":{"@context":"https:\/\/schema.org","@graph":[{"@type":"WebPage","@id":"https:\/\/inti.hr\/bs\/proizvod\/organizator-za-igracke-i-knjige\/","url":"https:\/\/inti.hr\/bs\/proizvod\/organizator-za-igracke-i-knjige\/","name":"Organizator za igra\u010dke i knjige - Inti","isPartOf":{"@id":"https:\/\/inti.hr\/bs\/#website"},"primaryImageOfPage":{"@id":"https:\/\/inti.hr\/bs\/proizvod\/organizator-za-igracke-i-knjige\/#primaryimage"},"image":{"@id":"https:\/\/inti.hr\/bs\/proizvod\/organizator-za-igracke-i-knjige\/#primaryimage"},"thumbnailUrl":"https:\/\/i0.wp.com\/inti.hr\/wp-content\/uploads\/2024\/01\/Organizer-fuer-Spielzeug-und-Buecher-GKR42WT-3.jpg?fit=1000%2C1000&ssl=1","datePublished":"2024-01-24T08:41:30+00:00","dateModified":"2024-01-24T08:41:30+00:00","description":"Objasnite svom djetetu da njegove igra\u010dke zaslu\u017euju uredan dom poput ove police u dje\u010djoj sobi i potaknite njihov osje\u0107aj za red na razigran na\u010din. Kasnije \u0107e vam ova polica pomo\u0107i i pri organiziranju \u0161kolskog pribora. Ova dje\u010dja polica ima zaobljene kutove koji sprje\u010davaju neugodne udarce i modrice. Tako\u0111er preporu\u010dujemo da koristite protuprevrta\u010d. 3 pretinca za knjige, 3 male i jedna velika polica za pli\u0161ane igra\u010dke, 2 ladice od tkanine za gra\u0111evne kockice - uz ovaj organizator igra\u010daka mo\u017eete sve uredno pospremiti. Smije\u0161na polica za igra\u010dke \u010dini da svaka dje\u010dja soba zablista svojim \u201csvemirskim naljepnicama\u201d. Rakete, asteroidi, zvijezde, planeti - potaknite ma\u0161tu svoje djece!\u00a0","breadcrumb":{"@id":"https:\/\/inti.hr\/bs\/proizvod\/organizator-za-igracke-i-knjige\/#breadcrumb"},"inLanguage":"bs-BA","potentialAction":[{"@type":"ReadAction","target":["https:\/\/inti.hr\/bs\/proizvod\/organizator-za-igracke-i-knjige\/"]}]},{"@type":"ImageObject","inLanguage":"bs-BA","@id":"https:\/\/inti.hr\/bs\/proizvod\/organizator-za-igracke-i-knjige\/#primaryimage","url":"https:\/\/i0.wp.com\/inti.hr\/wp-content\/uploads\/2024\/01\/Organizer-fuer-Spielzeug-und-Buecher-GKR42WT-3.jpg?fit=1000%2C1000&ssl=1","contentUrl":"https:\/\/i0.wp.com\/inti.hr\/wp-content\/uploads\/2024\/01\/Organizer-fuer-Spielzeug-und-Buecher-GKR42WT-3.jpg?fit=1000%2C1000&ssl=1","width":1000,"height":1000},{"@type":"BreadcrumbList","@id":"https:\/\/inti.hr\/bs\/proizvod\/organizator-za-igracke-i-knjige\/#breadcrumb","itemListElement":[{"@type":"ListItem","position":1,"name":"Po\u010detna stranica","item":"https:\/\/inti.hr\/bs\/"},{"@type":"ListItem","position":2,"name":"Trgovina","item":"https:\/\/inti.hr\/bs\/trgovina\/"},{"@type":"ListItem","position":3,"name":"Organizator za igra\u010dke i knjige"}]},{"@type":"WebSite","@id":"https:\/\/inti.hr\/bs\/#website","url":"https:\/\/inti.hr\/bs\/","name":"Inti","description":"trgovina","potentialAction":[{"@type":"SearchAction","target":{"@type":"EntryPoint","urlTemplate":"https:\/\/inti.hr\/bs\/?s={search_term_string}"},"query-input":{"@type":"PropertyValueSpecification","valueRequired":true,"valueName":"search_term_string"}}],"inLanguage":"bs-BA"}]}},"jetpack_sharing_enabled":true,"jetpack-related-posts":[],"_links":{"self":[{"href":"https:\/\/inti.hr\/bs\/wp-json\/wp\/v2\/product\/32989"}],"collection":[{"href":"https:\/\/inti.hr\/bs\/wp-json\/wp\/v2\/product"}],"about":[{"href":"https:\/\/inti.hr\/bs\/wp-json\/wp\/v2\/types\/product"}],"wp:featuredmedia":[{"embeddable":true,"href":"https:\/\/inti.hr\/bs\/wp-json\/wp\/v2\/media\/32990"}],"wp:attachment":[{"href":"https:\/\/inti.hr\/bs\/wp-json\/wp\/v2\/media?parent=32989"}],"wp:term":[{"taxonomy":"product_cat","embeddable":true,"href":"https:\/\/inti.hr\/bs\/wp-json\/wp\/v2\/product_cat?post=32989"},{"taxonomy":"product_tag","embeddable":true,"href":"https:\/\/inti.hr\/bs\/wp-json\/wp\/v2\/product_tag?post=32989"}],"curies":[{"name":"wp","href":"https:\/\/api.w.org\/{rel}","templated":true}]}}