{"id":33003,"date":"2024-01-22T07:54:49","date_gmt":"2024-01-22T07:54:49","guid":{"rendered":"https:\/\/inti.hr\/product\/set-balkonskog-namjestaja-sivi-set-balkon-namjestaj\/"},"modified":"2024-01-22T07:54:49","modified_gmt":"2024-01-22T07:54:49","slug":"set-balkonskog-namjestaja-sivi-set-balkon-namjestaj","status":"publish","type":"product","link":"https:\/\/inti.hr\/bs\/proizvod\/set-balkonskog-namjestaja-sivi-set-balkon-namjestaj\/","title":{"rendered":"Set balkonskog namje\u0161taja sivi"},"content":{"rendered":"<p>Detalji proizvoda:<\/p>\n<p>Materijal: MDF, PVC folija, metal, poliester pra\u0161kasti premaz.<br \/>\nTe\u017eina: 26,6 kg. Nosivost do 75kg\/stol,150kg\/stolica.<br \/>\nDimenzije i te\u017eina paketa: 120,00*65,50*20,50cm, 29,5kg.<br \/>\nDimenzije proizvoda: stol: L110*D61*H97cm, tabure: L38*D30*H67.5cm (vidi sliku).<br \/>\nS uputama za monta\u017eu i vijcima, jednostavna monta\u017ea<br \/>\nSigurnost i sukladnost: Ovaj je proizvod razvijen i ispitan za ku\u0107nu upotrebu.<\/p>\n","protected":false},"excerpt":{"rendered":"<p>Povr\u0161ina nudi dovoljno mjesta za 2 osobe. Idealno za ugodan ru\u010dak &#8230; <\/p>\n","protected":false},"featured_media":33004,"template":"","meta":[],"product_cat":[2810],"product_tag":[3544,3359],"yoast_head":"<!-- This site is optimized with the Yoast SEO plugin v23.7 - https:\/\/yoast.com\/wordpress\/plugins\/seo\/ -->\n<title>Set balkonskog namje\u0161taja sivi - Inti<\/title>\n<meta name=\"description\" content=\"Povr\u0161ina nudi dovoljno mjesta za 2 osobe. Idealno za ugodan ru\u010dak s obitelji i prijateljima! Zahvaljuju\u0107i svestranom dizajnu, set je prikladan za razli\u010dita okru\u017eenja, na primjer u kuhinji ili blagovaonici, ali je tako\u0111er idealan za restorane, kafi\u0107e ili barove. Kombinirajte dizajn i udobnost, daju\u0107i svojoj kuhinji ili baru jedinstven industrijski izgled. Vrlo \u010dvrst i stabilan, stol nosi do 75 kg, a tabure do 150 kg.Uz sivo\/crnu kombinaciju boja, ovaj se stol skladno uklapa u va\u0161u kuhinju ili blagovaonicu.\" \/>\n<meta name=\"robots\" content=\"index, follow, max-snippet:-1, max-image-preview:large, max-video-preview:-1\" \/>\n<link rel=\"canonical\" href=\"https:\/\/inti.hr\/bs\/proizvod\/set-balkonskog-namjestaja-sivi-set-balkon-namjestaj\/\" \/>\n<meta property=\"og:locale\" content=\"bs_BA\" \/>\n<meta property=\"og:type\" content=\"article\" \/>\n<meta property=\"og:title\" content=\"Set balkonskog namje\u0161taja sivi - Inti\" \/>\n<meta property=\"og:description\" content=\"Povr\u0161ina nudi dovoljno mjesta za 2 osobe. Idealno za ugodan ru\u010dak s obitelji i prijateljima! Zahvaljuju\u0107i svestranom dizajnu, set je prikladan za razli\u010dita okru\u017eenja, na primjer u kuhinji ili blagovaonici, ali je tako\u0111er idealan za restorane, kafi\u0107e ili barove. Kombinirajte dizajn i udobnost, daju\u0107i svojoj kuhinji ili baru jedinstven industrijski izgled. Vrlo \u010dvrst i stabilan, stol nosi do 75 kg, a tabure do 150 kg.Uz sivo\/crnu kombinaciju boja, ovaj se stol skladno uklapa u va\u0161u kuhinju ili blagovaonicu.\" \/>\n<meta property=\"og:url\" content=\"https:\/\/inti.hr\/bs\/proizvod\/set-balkonskog-namjestaja-sivi-set-balkon-namjestaj\/\" \/>\n<meta property=\"og:site_name\" content=\"Inti\" \/>\n<meta property=\"og:image\" content=\"https:\/\/i0.wp.com\/inti.hr\/wp-content\/uploads\/2024\/01\/OGT43-HG-Y002_1800x1800.webp?fit=1600%2C1600&ssl=1\" \/>\n\t<meta property=\"og:image:width\" content=\"1600\" \/>\n\t<meta property=\"og:image:height\" content=\"1600\" \/>\n\t<meta property=\"og:image:type\" content=\"image\/webp\" \/>\n<meta name=\"twitter:card\" content=\"summary_large_image\" \/>\n<meta name=\"twitter:label1\" content=\"Est. reading time\" \/>\n\t<meta name=\"twitter:data1\" content=\"1 minuta\" \/>\n<script type=\"application\/ld+json\" class=\"yoast-schema-graph\">{\"@context\":\"https:\/\/schema.org\",\"@graph\":[{\"@type\":\"WebPage\",\"@id\":\"https:\/\/inti.hr\/bs\/proizvod\/set-balkonskog-namjestaja-sivi-set-balkon-namjestaj\/\",\"url\":\"https:\/\/inti.hr\/bs\/proizvod\/set-balkonskog-namjestaja-sivi-set-balkon-namjestaj\/\",\"name\":\"Set balkonskog namje\u0161taja sivi - Inti\",\"isPartOf\":{\"@id\":\"https:\/\/inti.hr\/bs\/#website\"},\"primaryImageOfPage\":{\"@id\":\"https:\/\/inti.hr\/bs\/proizvod\/set-balkonskog-namjestaja-sivi-set-balkon-namjestaj\/#primaryimage\"},\"image\":{\"@id\":\"https:\/\/inti.hr\/bs\/proizvod\/set-balkonskog-namjestaja-sivi-set-balkon-namjestaj\/#primaryimage\"},\"thumbnailUrl\":\"https:\/\/i0.wp.com\/inti.hr\/wp-content\/uploads\/2024\/01\/OGT43-HG-Y002_1800x1800.webp?fit=1600%2C1600&ssl=1\",\"datePublished\":\"2024-01-22T07:54:49+00:00\",\"dateModified\":\"2024-01-22T07:54:49+00:00\",\"description\":\"Povr\u0161ina nudi dovoljno mjesta za 2 osobe. Idealno za ugodan ru\u010dak s obitelji i prijateljima! Zahvaljuju\u0107i svestranom dizajnu, set je prikladan za razli\u010dita okru\u017eenja, na primjer u kuhinji ili blagovaonici, ali je tako\u0111er idealan za restorane, kafi\u0107e ili barove. Kombinirajte dizajn i udobnost, daju\u0107i svojoj kuhinji ili baru jedinstven industrijski izgled. Vrlo \u010dvrst i stabilan, stol nosi do 75 kg, a tabure do 150 kg.Uz sivo\/crnu kombinaciju boja, ovaj se stol skladno uklapa u va\u0161u kuhinju ili blagovaonicu.\",\"breadcrumb\":{\"@id\":\"https:\/\/inti.hr\/bs\/proizvod\/set-balkonskog-namjestaja-sivi-set-balkon-namjestaj\/#breadcrumb\"},\"inLanguage\":\"bs-BA\",\"potentialAction\":[{\"@type\":\"ReadAction\",\"target\":[\"https:\/\/inti.hr\/bs\/proizvod\/set-balkonskog-namjestaja-sivi-set-balkon-namjestaj\/\"]}]},{\"@type\":\"ImageObject\",\"inLanguage\":\"bs-BA\",\"@id\":\"https:\/\/inti.hr\/bs\/proizvod\/set-balkonskog-namjestaja-sivi-set-balkon-namjestaj\/#primaryimage\",\"url\":\"https:\/\/i0.wp.com\/inti.hr\/wp-content\/uploads\/2024\/01\/OGT43-HG-Y002_1800x1800.webp?fit=1600%2C1600&ssl=1\",\"contentUrl\":\"https:\/\/i0.wp.com\/inti.hr\/wp-content\/uploads\/2024\/01\/OGT43-HG-Y002_1800x1800.webp?fit=1600%2C1600&ssl=1\",\"width\":1600,\"height\":1600,\"caption\":\"Set balkonskog namje\u0161taja sivi\"},{\"@type\":\"BreadcrumbList\",\"@id\":\"https:\/\/inti.hr\/bs\/proizvod\/set-balkonskog-namjestaja-sivi-set-balkon-namjestaj\/#breadcrumb\",\"itemListElement\":[{\"@type\":\"ListItem\",\"position\":1,\"name\":\"Po\u010detna stranica\",\"item\":\"https:\/\/inti.hr\/bs\/\"},{\"@type\":\"ListItem\",\"position\":2,\"name\":\"Trgovina\",\"item\":\"https:\/\/inti.hr\/bs\/trgovina\/\"},{\"@type\":\"ListItem\",\"position\":3,\"name\":\"Set balkonskog namje\u0161taja sivi\"}]},{\"@type\":\"WebSite\",\"@id\":\"https:\/\/inti.hr\/bs\/#website\",\"url\":\"https:\/\/inti.hr\/bs\/\",\"name\":\"Inti\",\"description\":\"trgovina\",\"potentialAction\":[{\"@type\":\"SearchAction\",\"target\":{\"@type\":\"EntryPoint\",\"urlTemplate\":\"https:\/\/inti.hr\/bs\/?s={search_term_string}\"},\"query-input\":{\"@type\":\"PropertyValueSpecification\",\"valueRequired\":true,\"valueName\":\"search_term_string\"}}],\"inLanguage\":\"bs-BA\"}]}<\/script>\n<!-- \/ Yoast SEO plugin. -->","yoast_head_json":{"title":"Set balkonskog namje\u0161taja sivi - Inti","description":"Povr\u0161ina nudi dovoljno mjesta za 2 osobe. Idealno za ugodan ru\u010dak s obitelji i prijateljima! Zahvaljuju\u0107i svestranom dizajnu, set je prikladan za razli\u010dita okru\u017eenja, na primjer u kuhinji ili blagovaonici, ali je tako\u0111er idealan za restorane, kafi\u0107e ili barove. Kombinirajte dizajn i udobnost, daju\u0107i svojoj kuhinji ili baru jedinstven industrijski izgled. Vrlo \u010dvrst i stabilan, stol nosi do 75 kg, a tabure do 150 kg.Uz sivo\/crnu kombinaciju boja, ovaj se stol skladno uklapa u va\u0161u kuhinju ili blagovaonicu.","robots":{"index":"index","follow":"follow","max-snippet":"max-snippet:-1","max-image-preview":"max-image-preview:large","max-video-preview":"max-video-preview:-1"},"canonical":"https:\/\/inti.hr\/bs\/proizvod\/set-balkonskog-namjestaja-sivi-set-balkon-namjestaj\/","og_locale":"bs_BA","og_type":"article","og_title":"Set balkonskog namje\u0161taja sivi - Inti","og_description":"Povr\u0161ina nudi dovoljno mjesta za 2 osobe. Idealno za ugodan ru\u010dak s obitelji i prijateljima! Zahvaljuju\u0107i svestranom dizajnu, set je prikladan za razli\u010dita okru\u017eenja, na primjer u kuhinji ili blagovaonici, ali je tako\u0111er idealan za restorane, kafi\u0107e ili barove. Kombinirajte dizajn i udobnost, daju\u0107i svojoj kuhinji ili baru jedinstven industrijski izgled. Vrlo \u010dvrst i stabilan, stol nosi do 75 kg, a tabure do 150 kg.Uz sivo\/crnu kombinaciju boja, ovaj se stol skladno uklapa u va\u0161u kuhinju ili blagovaonicu.","og_url":"https:\/\/inti.hr\/bs\/proizvod\/set-balkonskog-namjestaja-sivi-set-balkon-namjestaj\/","og_site_name":"Inti","og_image":[{"width":1600,"height":1600,"url":"https:\/\/i0.wp.com\/inti.hr\/wp-content\/uploads\/2024\/01\/OGT43-HG-Y002_1800x1800.webp?fit=1600%2C1600&ssl=1","type":"image\/webp"}],"twitter_card":"summary_large_image","twitter_misc":{"Est. reading time":"1 minuta"},"schema":{"@context":"https:\/\/schema.org","@graph":[{"@type":"WebPage","@id":"https:\/\/inti.hr\/bs\/proizvod\/set-balkonskog-namjestaja-sivi-set-balkon-namjestaj\/","url":"https:\/\/inti.hr\/bs\/proizvod\/set-balkonskog-namjestaja-sivi-set-balkon-namjestaj\/","name":"Set balkonskog namje\u0161taja sivi - Inti","isPartOf":{"@id":"https:\/\/inti.hr\/bs\/#website"},"primaryImageOfPage":{"@id":"https:\/\/inti.hr\/bs\/proizvod\/set-balkonskog-namjestaja-sivi-set-balkon-namjestaj\/#primaryimage"},"image":{"@id":"https:\/\/inti.hr\/bs\/proizvod\/set-balkonskog-namjestaja-sivi-set-balkon-namjestaj\/#primaryimage"},"thumbnailUrl":"https:\/\/i0.wp.com\/inti.hr\/wp-content\/uploads\/2024\/01\/OGT43-HG-Y002_1800x1800.webp?fit=1600%2C1600&ssl=1","datePublished":"2024-01-22T07:54:49+00:00","dateModified":"2024-01-22T07:54:49+00:00","description":"Povr\u0161ina nudi dovoljno mjesta za 2 osobe. Idealno za ugodan ru\u010dak s obitelji i prijateljima! Zahvaljuju\u0107i svestranom dizajnu, set je prikladan za razli\u010dita okru\u017eenja, na primjer u kuhinji ili blagovaonici, ali je tako\u0111er idealan za restorane, kafi\u0107e ili barove. Kombinirajte dizajn i udobnost, daju\u0107i svojoj kuhinji ili baru jedinstven industrijski izgled. Vrlo \u010dvrst i stabilan, stol nosi do 75 kg, a tabure do 150 kg.Uz sivo\/crnu kombinaciju boja, ovaj se stol skladno uklapa u va\u0161u kuhinju ili blagovaonicu.","breadcrumb":{"@id":"https:\/\/inti.hr\/bs\/proizvod\/set-balkonskog-namjestaja-sivi-set-balkon-namjestaj\/#breadcrumb"},"inLanguage":"bs-BA","potentialAction":[{"@type":"ReadAction","target":["https:\/\/inti.hr\/bs\/proizvod\/set-balkonskog-namjestaja-sivi-set-balkon-namjestaj\/"]}]},{"@type":"ImageObject","inLanguage":"bs-BA","@id":"https:\/\/inti.hr\/bs\/proizvod\/set-balkonskog-namjestaja-sivi-set-balkon-namjestaj\/#primaryimage","url":"https:\/\/i0.wp.com\/inti.hr\/wp-content\/uploads\/2024\/01\/OGT43-HG-Y002_1800x1800.webp?fit=1600%2C1600&ssl=1","contentUrl":"https:\/\/i0.wp.com\/inti.hr\/wp-content\/uploads\/2024\/01\/OGT43-HG-Y002_1800x1800.webp?fit=1600%2C1600&ssl=1","width":1600,"height":1600,"caption":"Set balkonskog namje\u0161taja sivi"},{"@type":"BreadcrumbList","@id":"https:\/\/inti.hr\/bs\/proizvod\/set-balkonskog-namjestaja-sivi-set-balkon-namjestaj\/#breadcrumb","itemListElement":[{"@type":"ListItem","position":1,"name":"Po\u010detna stranica","item":"https:\/\/inti.hr\/bs\/"},{"@type":"ListItem","position":2,"name":"Trgovina","item":"https:\/\/inti.hr\/bs\/trgovina\/"},{"@type":"ListItem","position":3,"name":"Set balkonskog namje\u0161taja sivi"}]},{"@type":"WebSite","@id":"https:\/\/inti.hr\/bs\/#website","url":"https:\/\/inti.hr\/bs\/","name":"Inti","description":"trgovina","potentialAction":[{"@type":"SearchAction","target":{"@type":"EntryPoint","urlTemplate":"https:\/\/inti.hr\/bs\/?s={search_term_string}"},"query-input":{"@type":"PropertyValueSpecification","valueRequired":true,"valueName":"search_term_string"}}],"inLanguage":"bs-BA"}]}},"jetpack_sharing_enabled":true,"jetpack-related-posts":[],"_links":{"self":[{"href":"https:\/\/inti.hr\/bs\/wp-json\/wp\/v2\/product\/33003"}],"collection":[{"href":"https:\/\/inti.hr\/bs\/wp-json\/wp\/v2\/product"}],"about":[{"href":"https:\/\/inti.hr\/bs\/wp-json\/wp\/v2\/types\/product"}],"wp:featuredmedia":[{"embeddable":true,"href":"https:\/\/inti.hr\/bs\/wp-json\/wp\/v2\/media\/33004"}],"wp:attachment":[{"href":"https:\/\/inti.hr\/bs\/wp-json\/wp\/v2\/media?parent=33003"}],"wp:term":[{"taxonomy":"product_cat","embeddable":true,"href":"https:\/\/inti.hr\/bs\/wp-json\/wp\/v2\/product_cat?post=33003"},{"taxonomy":"product_tag","embeddable":true,"href":"https:\/\/inti.hr\/bs\/wp-json\/wp\/v2\/product_tag?post=33003"}],"curies":[{"name":"wp","href":"https:\/\/api.w.org\/{rel}","templated":true}]}}