{"id":33053,"date":"2024-01-16T07:29:49","date_gmt":"2024-01-16T07:29:49","guid":{"rendered":"https:\/\/inti.hr\/product\/visoka-komoda-za-kuhinju-75x40x175cm\/"},"modified":"2024-01-16T07:29:49","modified_gmt":"2024-01-16T07:29:49","slug":"visoka-komoda-za-kuhinju-75x40x175cm","status":"publish","type":"product","link":"https:\/\/inti.hr\/bs\/proizvod\/visoka-komoda-za-kuhinju-75x40x175cm\/","title":{"rendered":"Visoka komoda za kuhinju 75x40x175cm"},"content":{"rendered":"<p>Detalji proizvoda:<\/p>\n<p>Te\u017eina: oko 34,7 kg<br \/>\nTestirano za: 100kg;<br \/>\nMaterijal: MDF(E1), PB(E1), Hevea drvo.<br \/>\nMjere proizvoda: 76x40x175 cm (vidi sliku)<br \/>\nDostava: u 2 paketa.<br \/>\nDimenzije paketa A: 95x41x20 cm<br \/>\nMjere paketa B: 101x45x21 cm.<br \/>\nS uputama za sastavljanje i vijcima. Jednostavna instalacija.<\/p>\n","protected":false},"excerpt":{"rendered":"<p>Spremite svoje slatko posu\u0111e i prekrasne ukrase iza staklenih vrata kako &#8230; <\/p>\n","protected":false},"featured_media":33054,"template":"","meta":[],"product_cat":[2536],"product_tag":[2537,3554],"yoast_head":"<!-- This site is optimized with the Yoast SEO plugin v23.7 - https:\/\/yoast.com\/wordpress\/plugins\/seo\/ -->\n<title>Visoka komoda za kuhinju 75x40x175cm - Inti<\/title>\n<meta name=\"description\" content=\"Spremite svoje slatko posu\u0111e i prekrasne ukrase iza staklenih vrata kako biste izbjegli pra\u0161inu.Iza dvoja donja vrata nalaze se tri pretinca za odlaganje predmeta razli\u010ditih veli\u010dina. Dvije dodatne ladice za parfeme, stolnjake, nov\u010danike itd.Zahvaljuju\u0107i visokokvalitetnoj izradi, komoda je posebno izdr\u017eljiva i uspje\u0161no odolijeva svakodnevnom habanju te zadr\u017eava lijep izgled i nakon du\u017eeg vremena.Na\u0161 proizvod je opremljen s 2 ure\u0111aja protiv prevrtanja za pri\u010dvr\u0161\u0107ivanje ormara na zid.\" \/>\n<meta name=\"robots\" content=\"index, follow, max-snippet:-1, max-image-preview:large, max-video-preview:-1\" \/>\n<link rel=\"canonical\" href=\"https:\/\/inti.hr\/bs\/proizvod\/visoka-komoda-za-kuhinju-75x40x175cm\/\" \/>\n<meta property=\"og:locale\" content=\"bs_BA\" \/>\n<meta property=\"og:type\" content=\"article\" \/>\n<meta property=\"og:title\" content=\"Visoka komoda za kuhinju 75x40x175cm - Inti\" \/>\n<meta property=\"og:description\" content=\"Spremite svoje slatko posu\u0111e i prekrasne ukrase iza staklenih vrata kako biste izbjegli pra\u0161inu.Iza dvoja donja vrata nalaze se tri pretinca za odlaganje predmeta razli\u010ditih veli\u010dina. Dvije dodatne ladice za parfeme, stolnjake, nov\u010danike itd.Zahvaljuju\u0107i visokokvalitetnoj izradi, komoda je posebno izdr\u017eljiva i uspje\u0161no odolijeva svakodnevnom habanju te zadr\u017eava lijep izgled i nakon du\u017eeg vremena.Na\u0161 proizvod je opremljen s 2 ure\u0111aja protiv prevrtanja za pri\u010dvr\u0161\u0107ivanje ormara na zid.\" \/>\n<meta property=\"og:url\" content=\"https:\/\/inti.hr\/bs\/proizvod\/visoka-komoda-za-kuhinju-75x40x175cm\/\" \/>\n<meta property=\"og:site_name\" content=\"Inti\" \/>\n<meta property=\"og:image\" content=\"https:\/\/i0.wp.com\/inti.hr\/wp-content\/uploads\/2024\/01\/FSB76-W-Y003_800x.webp?fit=800%2C800&ssl=1\" \/>\n\t<meta property=\"og:image:width\" content=\"800\" \/>\n\t<meta property=\"og:image:height\" content=\"800\" \/>\n\t<meta property=\"og:image:type\" content=\"image\/webp\" \/>\n<meta name=\"twitter:card\" content=\"summary_large_image\" \/>\n<script type=\"application\/ld+json\" class=\"yoast-schema-graph\">{\"@context\":\"https:\/\/schema.org\",\"@graph\":[{\"@type\":\"WebPage\",\"@id\":\"https:\/\/inti.hr\/bs\/proizvod\/visoka-komoda-za-kuhinju-75x40x175cm\/\",\"url\":\"https:\/\/inti.hr\/bs\/proizvod\/visoka-komoda-za-kuhinju-75x40x175cm\/\",\"name\":\"Visoka komoda za kuhinju 75x40x175cm - Inti\",\"isPartOf\":{\"@id\":\"https:\/\/inti.hr\/bs\/#website\"},\"primaryImageOfPage\":{\"@id\":\"https:\/\/inti.hr\/bs\/proizvod\/visoka-komoda-za-kuhinju-75x40x175cm\/#primaryimage\"},\"image\":{\"@id\":\"https:\/\/inti.hr\/bs\/proizvod\/visoka-komoda-za-kuhinju-75x40x175cm\/#primaryimage\"},\"thumbnailUrl\":\"https:\/\/i0.wp.com\/inti.hr\/wp-content\/uploads\/2024\/01\/FSB76-W-Y003_800x.webp?fit=800%2C800&ssl=1\",\"datePublished\":\"2024-01-16T07:29:49+00:00\",\"dateModified\":\"2024-01-16T07:29:49+00:00\",\"description\":\"Spremite svoje slatko posu\u0111e i prekrasne ukrase iza staklenih vrata kako biste izbjegli pra\u0161inu.Iza dvoja donja vrata nalaze se tri pretinca za odlaganje predmeta razli\u010ditih veli\u010dina. Dvije dodatne ladice za parfeme, stolnjake, nov\u010danike itd.Zahvaljuju\u0107i visokokvalitetnoj izradi, komoda je posebno izdr\u017eljiva i uspje\u0161no odolijeva svakodnevnom habanju te zadr\u017eava lijep izgled i nakon du\u017eeg vremena.Na\u0161 proizvod je opremljen s 2 ure\u0111aja protiv prevrtanja za pri\u010dvr\u0161\u0107ivanje ormara na zid.\",\"breadcrumb\":{\"@id\":\"https:\/\/inti.hr\/bs\/proizvod\/visoka-komoda-za-kuhinju-75x40x175cm\/#breadcrumb\"},\"inLanguage\":\"bs-BA\",\"potentialAction\":[{\"@type\":\"ReadAction\",\"target\":[\"https:\/\/inti.hr\/bs\/proizvod\/visoka-komoda-za-kuhinju-75x40x175cm\/\"]}]},{\"@type\":\"ImageObject\",\"inLanguage\":\"bs-BA\",\"@id\":\"https:\/\/inti.hr\/bs\/proizvod\/visoka-komoda-za-kuhinju-75x40x175cm\/#primaryimage\",\"url\":\"https:\/\/i0.wp.com\/inti.hr\/wp-content\/uploads\/2024\/01\/FSB76-W-Y003_800x.webp?fit=800%2C800&ssl=1\",\"contentUrl\":\"https:\/\/i0.wp.com\/inti.hr\/wp-content\/uploads\/2024\/01\/FSB76-W-Y003_800x.webp?fit=800%2C800&ssl=1\",\"width\":800,\"height\":800},{\"@type\":\"BreadcrumbList\",\"@id\":\"https:\/\/inti.hr\/bs\/proizvod\/visoka-komoda-za-kuhinju-75x40x175cm\/#breadcrumb\",\"itemListElement\":[{\"@type\":\"ListItem\",\"position\":1,\"name\":\"Po\u010detna stranica\",\"item\":\"https:\/\/inti.hr\/bs\/\"},{\"@type\":\"ListItem\",\"position\":2,\"name\":\"Trgovina\",\"item\":\"https:\/\/inti.hr\/bs\/trgovina\/\"},{\"@type\":\"ListItem\",\"position\":3,\"name\":\"Visoka komoda za kuhinju 75x40x175cm\"}]},{\"@type\":\"WebSite\",\"@id\":\"https:\/\/inti.hr\/bs\/#website\",\"url\":\"https:\/\/inti.hr\/bs\/\",\"name\":\"Inti\",\"description\":\"trgovina\",\"potentialAction\":[{\"@type\":\"SearchAction\",\"target\":{\"@type\":\"EntryPoint\",\"urlTemplate\":\"https:\/\/inti.hr\/bs\/?s={search_term_string}\"},\"query-input\":{\"@type\":\"PropertyValueSpecification\",\"valueRequired\":true,\"valueName\":\"search_term_string\"}}],\"inLanguage\":\"bs-BA\"}]}<\/script>\n<!-- \/ Yoast SEO plugin. -->","yoast_head_json":{"title":"Visoka komoda za kuhinju 75x40x175cm - Inti","description":"Spremite svoje slatko posu\u0111e i prekrasne ukrase iza staklenih vrata kako biste izbjegli pra\u0161inu.Iza dvoja donja vrata nalaze se tri pretinca za odlaganje predmeta razli\u010ditih veli\u010dina. Dvije dodatne ladice za parfeme, stolnjake, nov\u010danike itd.Zahvaljuju\u0107i visokokvalitetnoj izradi, komoda je posebno izdr\u017eljiva i uspje\u0161no odolijeva svakodnevnom habanju te zadr\u017eava lijep izgled i nakon du\u017eeg vremena.Na\u0161 proizvod je opremljen s 2 ure\u0111aja protiv prevrtanja za pri\u010dvr\u0161\u0107ivanje ormara na zid.","robots":{"index":"index","follow":"follow","max-snippet":"max-snippet:-1","max-image-preview":"max-image-preview:large","max-video-preview":"max-video-preview:-1"},"canonical":"https:\/\/inti.hr\/bs\/proizvod\/visoka-komoda-za-kuhinju-75x40x175cm\/","og_locale":"bs_BA","og_type":"article","og_title":"Visoka komoda za kuhinju 75x40x175cm - Inti","og_description":"Spremite svoje slatko posu\u0111e i prekrasne ukrase iza staklenih vrata kako biste izbjegli pra\u0161inu.Iza dvoja donja vrata nalaze se tri pretinca za odlaganje predmeta razli\u010ditih veli\u010dina. Dvije dodatne ladice za parfeme, stolnjake, nov\u010danike itd.Zahvaljuju\u0107i visokokvalitetnoj izradi, komoda je posebno izdr\u017eljiva i uspje\u0161no odolijeva svakodnevnom habanju te zadr\u017eava lijep izgled i nakon du\u017eeg vremena.Na\u0161 proizvod je opremljen s 2 ure\u0111aja protiv prevrtanja za pri\u010dvr\u0161\u0107ivanje ormara na zid.","og_url":"https:\/\/inti.hr\/bs\/proizvod\/visoka-komoda-za-kuhinju-75x40x175cm\/","og_site_name":"Inti","og_image":[{"width":800,"height":800,"url":"https:\/\/i0.wp.com\/inti.hr\/wp-content\/uploads\/2024\/01\/FSB76-W-Y003_800x.webp?fit=800%2C800&ssl=1","type":"image\/webp"}],"twitter_card":"summary_large_image","schema":{"@context":"https:\/\/schema.org","@graph":[{"@type":"WebPage","@id":"https:\/\/inti.hr\/bs\/proizvod\/visoka-komoda-za-kuhinju-75x40x175cm\/","url":"https:\/\/inti.hr\/bs\/proizvod\/visoka-komoda-za-kuhinju-75x40x175cm\/","name":"Visoka komoda za kuhinju 75x40x175cm - Inti","isPartOf":{"@id":"https:\/\/inti.hr\/bs\/#website"},"primaryImageOfPage":{"@id":"https:\/\/inti.hr\/bs\/proizvod\/visoka-komoda-za-kuhinju-75x40x175cm\/#primaryimage"},"image":{"@id":"https:\/\/inti.hr\/bs\/proizvod\/visoka-komoda-za-kuhinju-75x40x175cm\/#primaryimage"},"thumbnailUrl":"https:\/\/i0.wp.com\/inti.hr\/wp-content\/uploads\/2024\/01\/FSB76-W-Y003_800x.webp?fit=800%2C800&ssl=1","datePublished":"2024-01-16T07:29:49+00:00","dateModified":"2024-01-16T07:29:49+00:00","description":"Spremite svoje slatko posu\u0111e i prekrasne ukrase iza staklenih vrata kako biste izbjegli pra\u0161inu.Iza dvoja donja vrata nalaze se tri pretinca za odlaganje predmeta razli\u010ditih veli\u010dina. Dvije dodatne ladice za parfeme, stolnjake, nov\u010danike itd.Zahvaljuju\u0107i visokokvalitetnoj izradi, komoda je posebno izdr\u017eljiva i uspje\u0161no odolijeva svakodnevnom habanju te zadr\u017eava lijep izgled i nakon du\u017eeg vremena.Na\u0161 proizvod je opremljen s 2 ure\u0111aja protiv prevrtanja za pri\u010dvr\u0161\u0107ivanje ormara na zid.","breadcrumb":{"@id":"https:\/\/inti.hr\/bs\/proizvod\/visoka-komoda-za-kuhinju-75x40x175cm\/#breadcrumb"},"inLanguage":"bs-BA","potentialAction":[{"@type":"ReadAction","target":["https:\/\/inti.hr\/bs\/proizvod\/visoka-komoda-za-kuhinju-75x40x175cm\/"]}]},{"@type":"ImageObject","inLanguage":"bs-BA","@id":"https:\/\/inti.hr\/bs\/proizvod\/visoka-komoda-za-kuhinju-75x40x175cm\/#primaryimage","url":"https:\/\/i0.wp.com\/inti.hr\/wp-content\/uploads\/2024\/01\/FSB76-W-Y003_800x.webp?fit=800%2C800&ssl=1","contentUrl":"https:\/\/i0.wp.com\/inti.hr\/wp-content\/uploads\/2024\/01\/FSB76-W-Y003_800x.webp?fit=800%2C800&ssl=1","width":800,"height":800},{"@type":"BreadcrumbList","@id":"https:\/\/inti.hr\/bs\/proizvod\/visoka-komoda-za-kuhinju-75x40x175cm\/#breadcrumb","itemListElement":[{"@type":"ListItem","position":1,"name":"Po\u010detna stranica","item":"https:\/\/inti.hr\/bs\/"},{"@type":"ListItem","position":2,"name":"Trgovina","item":"https:\/\/inti.hr\/bs\/trgovina\/"},{"@type":"ListItem","position":3,"name":"Visoka komoda za kuhinju 75x40x175cm"}]},{"@type":"WebSite","@id":"https:\/\/inti.hr\/bs\/#website","url":"https:\/\/inti.hr\/bs\/","name":"Inti","description":"trgovina","potentialAction":[{"@type":"SearchAction","target":{"@type":"EntryPoint","urlTemplate":"https:\/\/inti.hr\/bs\/?s={search_term_string}"},"query-input":{"@type":"PropertyValueSpecification","valueRequired":true,"valueName":"search_term_string"}}],"inLanguage":"bs-BA"}]}},"jetpack_sharing_enabled":true,"jetpack-related-posts":[],"_links":{"self":[{"href":"https:\/\/inti.hr\/bs\/wp-json\/wp\/v2\/product\/33053"}],"collection":[{"href":"https:\/\/inti.hr\/bs\/wp-json\/wp\/v2\/product"}],"about":[{"href":"https:\/\/inti.hr\/bs\/wp-json\/wp\/v2\/types\/product"}],"wp:featuredmedia":[{"embeddable":true,"href":"https:\/\/inti.hr\/bs\/wp-json\/wp\/v2\/media\/33054"}],"wp:attachment":[{"href":"https:\/\/inti.hr\/bs\/wp-json\/wp\/v2\/media?parent=33053"}],"wp:term":[{"taxonomy":"product_cat","embeddable":true,"href":"https:\/\/inti.hr\/bs\/wp-json\/wp\/v2\/product_cat?post=33053"},{"taxonomy":"product_tag","embeddable":true,"href":"https:\/\/inti.hr\/bs\/wp-json\/wp\/v2\/product_tag?post=33053"}],"curies":[{"name":"wp","href":"https:\/\/api.w.org\/{rel}","templated":true}]}}